{"id":56,"date":"2021-08-17T12:04:20","date_gmt":"2021-08-17T10:04:20","guid":{"rendered":"https:\/\/fundesplai.org\/eureka\/?page_id=56"},"modified":"2021-10-25T08:59:16","modified_gmt":"2021-10-25T06:59:16","slug":"lesforc-i-el-plaer","status":"publish","type":"page","link":"https:\/\/fundesplai.org\/eureka\/lesforc-i-el-plaer\/","title":{"rendered":"L&#8217;esfor\u00e7 i el plaer"},"content":{"rendered":"[et_pb_section fb_built=&#8221;1&#8243; _builder_version=&#8221;3.22&#8243; global_colors_info=&#8221;{}&#8221;][et_pb_row _builder_version=&#8221;3.25&#8243; background_size=&#8221;initial&#8221; background_position=&#8221;top_left&#8221; background_repeat=&#8221;repeat&#8221; global_colors_info=&#8221;{}&#8221;][et_pb_column type=&#8221;4_4&#8243; _builder_version=&#8221;3.25&#8243; custom_padding=&#8221;|||&#8221; global_colors_info=&#8221;{}&#8221; custom_padding__hover=&#8221;|||&#8221;][et_pb_post_title _builder_version=&#8221;4.10.5&#8243; _module_preset=&#8221;default&#8221; meta=&#8221;off&#8221; featured_image=&#8221;off&#8221; hover_enabled=&#8221;0&#8243; sticky_enabled=&#8221;0&#8243;][\/et_pb_post_title][et_pb_text _builder_version=&#8221;3.27.4&#8243; background_size=&#8221;initial&#8221; background_position=&#8221;top_left&#8221; background_repeat=&#8221;repeat&#8221; global_colors_info=&#8221;{}&#8221;]\r\n<p>La dial\u00e8ctica entre una moral espartana (l&#8217;esfor\u00e7, la const\u00e0ncia, la superaci\u00f3 de les dificultats..) i una moral hedonista (el plaer, l&#8217;alegria de la vida, la contemplaci\u00f3 est\u00e8tica de la vida&#8230;) no es pot resoldre avui sense una s\u00edntesi harm\u00f2nica entre esfor\u00e7 i plaer, una s\u00edntesi no excloent dels dos pols. A m\u00e9s a m\u00e9s, l&#8217;esfor\u00e7 i el plaer tenen una dimensi\u00f3 individual i una dimensi\u00f3 col\u00b7lectiva i altruista de gran potencial educatiu.<\/p>\r\n\r\n\r\n\r\n<p>L&#8217;esplai \u00e9s ple d&#8217;estones d&#8217;esfor\u00e7 i d&#8217;estones de plaer, i la frontera entre aquests dos moments no \u00e9s n\u00edtida ni estable.<br \/>Hi ha esfor\u00e7os absolutament barrejats amb el plaer, com per exemple, l&#8217;esfor\u00e7 de cantar b\u00e9 una can\u00e7\u00f3 i el plaer d&#8217;adonar-se que s&#8217;est\u00e0 aconseguint. Aquest tipus d&#8217;esfor\u00e7 amb gratificaci\u00f3 molt immediata s\u00f3n viscuts positivament gaireb\u00e9 sempre.<br \/>I tamb\u00e9 hi ha esfor\u00e7os poc gratificants a curt termini, per\u00f2 absolutament necessaris per a la conviv\u00e8ncia (com per exemple, rentar els plats d&#8217;un campament). Aquests esfor\u00e7os, per\u00f2, poden ser viscuts positivament si es troba el sentit i la justificaci\u00f3, i, fins i tot, poden ser una ocasi\u00f3 de retrobar el plaer amagat en els actes quotidians m\u00e9s senzills.<\/p>\r\n\r\n\r\n\r\n<p>Hi ha un esfor\u00e7 i un plaer que pertanyen i han de seguir pertanyent a l&#8217;esfera individual. \u00c9s tot el que te a veure amb l&#8217;autoconeixement i l&#8217;autoestima, i que posa a l&#8217;infant i a l&#8217;adolescent en la tensi\u00f3 de controlar-se, acceptar-se i, tamb\u00e9, mimar-se.<\/p>\r\n\r\n\r\n\r\n<p>D&#8217;altra banda, hi ha un esfor\u00e7 i un plaer que pertanyen a l&#8217;esfera del col\u00b7lectiu. \u00c9s tot el que t\u00e9 a veure amb els lligams, compromisos i relacions que s&#8217;estableixen en un grup.<\/p>\r\n\r\n\r\n\r\n<p>L&#8217;esplai \u00e9s un marc idoni per reinventar i redescobrir esfor\u00e7os i plaers individuals i col\u00b7lectius, a partir d&#8217;experi\u00e8ncies vitals que ens empenyen a exclamar: Eureka! Ho hem aconseguit!<\/p>\r\n\r\n\r\n\r\n<p><strong>&#8220;Com m\u00e9s f\u00e0cil i r\u00e0pid, millor&#8230;&#8221;<\/strong><\/p>\r\n\r\n\r\n\r\n<p>A les entitats no ens limitem a reflexionar i debatre l&#8217;educaci\u00f3 en valors, sin\u00f3 que ens basem en la viv\u00e8ncia directa, a fer que els infants es comprometin en fer les coses ben fetes i anar m\u00e9s enll\u00e0 de la satisfacci\u00f3 individual per passar a la satisfacci\u00f3 grupal. Aleshores, constantment treballem per combatre el consumisme i el plaer immediat per tal d&#8217;avan\u00e7ar en ser ciutadans de dret a ser ciutadans amb deures.<\/p>\r\n\r\n\r\n\r\n<p>La societat de consum proporciona satisfacci\u00f3 immediata sota la llei del m\u00ednim esfor\u00e7 a partir de l&#8217;oferta de bens de consum progressivament m\u00e9s sofisticats i innecessaris.<\/p>\r\n\r\n\r\n\r\n<p>Aquest clima cultural tendeix a retardar la maduraci\u00f3 intel\u00b7lectual i emocional dels infants pel que fa a la capacitat d&#8217;espera. Molts educadors es lamenten de la &#8220;immediatesa&#8221; dels infants i adolescents: els costa massa escoltar, els costa massa llegir, els costa massa acabar all\u00f2 que comencen. Per contra, tendeixen a interrompre, a distreure&#8217;s&#8230; a dispersar-se entre un munt d&#8217;est\u00edmuls ef\u00edmers i contradictoris.<\/p>\r\n\r\n\r\n\r\n<p><strong>De l&#8217;individu al col\u00b7lectiu, eduquem per a la ciutadania<\/strong><\/p>\r\n\r\n\r\n\r\n<p>&#8220;Bon ciutad\u00e0 \u00e9s aquell que coneix i defensa els seus drets,assumeix i acompleix els seus deures i , a m\u00e9s a m\u00e9s, procura que tots aquests drets i deures es facin extensius a aquells que encara no els tenen reconeguts o no poden exercir-los&#8221;<\/p>\r\n\r\n\r\n\r\n<p>Ser ciutad\u00e0, doncs, suposa pensar en clau de nosaltres en lloc de pensar i actuar en clau de jo. Passar del jo al nosaltres no \u00fanicament tindr\u00e0 uns benefici pels altres sin\u00f3 pel propi infant. Per fer-ho possible hem d&#8217;afavorir els espais i les viv\u00e8ncies per passar del &#8220;jo vull&#8221; per passar al &#8220;nosaltres volem&#8221;.<\/p>\r\n\r\n\r\n\r\n<p>La pr\u00e0ctica de la ciutadania \u00e9s el que fem quan oferim als nostres infants i joves activitats que les preparin i els donin les habilitats per convertir-se en ciutadans de dret i deure. Quan fem un taller on la base \u00e9s la reflexi\u00f3 i el debat els hi estem oferint l&#8217;oportunitat de posar en marxa h\u00e0bits de di\u00e0leg, escolta&#8230; Quan pactem les normes a les assemblees per regular la vida de grup, els estem oferint l&#8217;oportunitat d&#8217;experimentar els valors de la conviv\u00e8ncia. Quan plantegem projectes de cooperaci\u00f3 els estem facilitant el plaer de gaudir de l&#8217;\u00e8xit col\u00b7lectiu i fer quelcom pels dem\u00e9s.<\/p>\r\n\r[\/et_pb_text][\/et_pb_column][\/et_pb_row][\/et_pb_section]","protected":false},"excerpt":{"rendered":"<p>La dial\u00e8ctica entre una moral espartana (l&#8217;esfor\u00e7, la const\u00e0ncia, la superaci\u00f3 de les dificultats..) i una moral hedonista (el plaer, l&#8217;alegria de la vida, la contemplaci\u00f3 est\u00e8tica de la vida&#8230;) no es pot resoldre avui sense una s\u00edntesi harm\u00f2nica entre esfor\u00e7 i plaer, una s\u00edntesi no excloent dels dos pols. A m\u00e9s a m\u00e9s, l&#8217;esfor\u00e7 [&hellip;]<\/p>\n","protected":false},"author":4,"featured_media":0,"parent":0,"menu_order":0,"comment_status":"closed","ping_status":"closed","template":"","meta":{"_et_pb_use_builder":"on","_et_pb_old_content":"<!-- wp:paragraph -->\r\n<p>La dial\u00e8ctica entre una moral espartana (l'esfor\u00e7, la const\u00e0ncia, la superaci\u00f3 de les dificultats..) i una moral hedonista (el plaer, l'alegria de la vida, la contemplaci\u00f3 est\u00e8tica de la vida...) no es pot resoldre avui sense una s\u00edntesi harm\u00f2nica entre esfor\u00e7 i plaer, una s\u00edntesi no excloent dels dos pols. A m\u00e9s a m\u00e9s, l'esfor\u00e7 i el plaer tenen una dimensi\u00f3 individual i una dimensi\u00f3 col\u00b7lectiva i altruista de gran potencial educatiu.<\/p>\r\n<!-- \/wp:paragraph --><!-- wp:paragraph -->\r\n<p>L'esplai \u00e9s ple d'estones d'esfor\u00e7 i d'estones de plaer, i la frontera entre aquests dos moments no \u00e9s n\u00edtida ni estable.<br \/>Hi ha esfor\u00e7os absolutament barrejats amb el plaer, com per exemple, l'esfor\u00e7 de cantar b\u00e9 una can\u00e7\u00f3 i el plaer d'adonar-se que s'est\u00e0 aconseguint. Aquest tipus d'esfor\u00e7 amb gratificaci\u00f3 molt immediata s\u00f3n viscuts positivament gaireb\u00e9 sempre.<br \/>I tamb\u00e9 hi ha esfor\u00e7os poc gratificants a curt termini, per\u00f2 absolutament necessaris per a la conviv\u00e8ncia (com per exemple, rentar els plats d'un campament). Aquests esfor\u00e7os, per\u00f2, poden ser viscuts positivament si es troba el sentit i la justificaci\u00f3, i, fins i tot, poden ser una ocasi\u00f3 de retrobar el plaer amagat en els actes quotidians m\u00e9s senzills.<\/p>\r\n<!-- \/wp:paragraph --><!-- wp:paragraph -->\r\n<p>Hi ha un esfor\u00e7 i un plaer que pertanyen i han de seguir pertanyent a l'esfera individual. \u00c9s tot el que te a veure amb l'autoconeixement i l'autoestima, i que posa a l'infant i a l'adolescent en la tensi\u00f3 de controlar-se, acceptar-se i, tamb\u00e9, mimar-se.<\/p>\r\n<!-- \/wp:paragraph --><!-- wp:paragraph -->\r\n<p>D'altra banda, hi ha un esfor\u00e7 i un plaer que pertanyen a l'esfera del col\u00b7lectiu. \u00c9s tot el que t\u00e9 a veure amb els lligams, compromisos i relacions que s'estableixen en un grup.<\/p>\r\n<!-- \/wp:paragraph --><!-- wp:paragraph -->\r\n<p>L'esplai \u00e9s un marc idoni per reinventar i redescobrir esfor\u00e7os i plaers individuals i col\u00b7lectius, a partir d'experi\u00e8ncies vitals que ens empenyen a exclamar: Eureka! Ho hem aconseguit!<\/p>\r\n<!-- \/wp:paragraph --><!-- wp:paragraph -->\r\n<p><strong>\"Com m\u00e9s f\u00e0cil i r\u00e0pid, millor...\"<\/strong><\/p>\r\n<!-- \/wp:paragraph --><!-- wp:paragraph -->\r\n<p>A les entitats no ens limitem a reflexionar i debatre l'educaci\u00f3 en valors, sin\u00f3 que ens basem en la viv\u00e8ncia directa, a fer que els infants es comprometin en fer les coses ben fetes i anar m\u00e9s enll\u00e0 de la satisfacci\u00f3 individual per passar a la satisfacci\u00f3 grupal. Aleshores, constantment treballem per combatre el consumisme i el plaer immediat per tal d'avan\u00e7ar en ser ciutadans de dret a ser ciutadans amb deures.<\/p>\r\n<!-- \/wp:paragraph --><!-- wp:paragraph -->\r\n<p>La societat de consum proporciona satisfacci\u00f3 immediata sota la llei del m\u00ednim esfor\u00e7 a partir de l'oferta de bens de consum progressivament m\u00e9s sofisticats i innecessaris.<\/p>\r\n<!-- \/wp:paragraph --><!-- wp:paragraph -->\r\n<p>Aquest clima cultural tendeix a retardar la maduraci\u00f3 intel\u00b7lectual i emocional dels infants pel que fa a la capacitat d'espera. Molts educadors es lamenten de la \"immediatesa\" dels infants i adolescents: els costa massa escoltar, els costa massa llegir, els costa massa acabar all\u00f2 que comencen. Per contra, tendeixen a interrompre, a distreure's... a dispersar-se entre un munt d'est\u00edmuls ef\u00edmers i contradictoris.<\/p>\r\n<!-- \/wp:paragraph --><!-- wp:paragraph -->\r\n<p><strong>De l'individu al col\u00b7lectiu, eduquem per a la ciutadania<\/strong><\/p>\r\n<!-- \/wp:paragraph --><!-- wp:paragraph -->\r\n<p>\"Bon ciutad\u00e0 \u00e9s aquell que coneix i defensa els seus drets,assumeix i acompleix els seus deures i , a m\u00e9s a m\u00e9s, procura que tots aquests drets i deures es facin extensius a aquells que encara no els tenen reconeguts o no poden exercir-los\"<\/p>\r\n<!-- \/wp:paragraph --><!-- wp:paragraph -->\r\n<p>Ser ciutad\u00e0, doncs, suposa pensar en clau de nosaltres en lloc de pensar i actuar en clau de jo. Passar del jo al nosaltres no \u00fanicament tindr\u00e0 uns benefici pels altres sin\u00f3 pel propi infant. Per fer-ho possible hem d'afavorir els espais i les viv\u00e8ncies per passar del \"jo vull\" per passar al \"nosaltres volem\".<\/p>\r\n<!-- \/wp:paragraph --><!-- wp:paragraph -->\r\n<p>La pr\u00e0ctica de la ciutadania \u00e9s el que fem quan oferim als nostres infants i joves activitats que les preparin i els donin les habilitats per convertir-se en ciutadans de dret i deure. Quan fem un taller on la base \u00e9s la reflexi\u00f3 i el debat els hi estem oferint l'oportunitat de posar en marxa h\u00e0bits de di\u00e0leg, escolta... Quan pactem les normes a les assemblees per regular la vida de grup, els estem oferint l'oportunitat d'experimentar els valors de la conviv\u00e8ncia. Quan plantegem projectes de cooperaci\u00f3 els estem facilitant el plaer de gaudir de l'\u00e8xit col\u00b7lectiu i fer quelcom pels dem\u00e9s.<\/p>\r\n<!-- \/wp:paragraph -->","_et_gb_content_width":"1200","footnotes":""},"class_list":["post-56","page","type-page","status-publish","hentry"],"yoast_head":"<!-- This site is optimized with the Yoast SEO plugin v27.3 - https:\/\/yoast.com\/product\/yoast-seo-wordpress\/ -->\n<title>L&#039;esfor\u00e7 i el plaer - Eureka<\/title>\n<meta name=\"robots\" content=\"index, follow, max-snippet:-1, max-image-preview:large, max-video-preview:-1\" \/>\n<link rel=\"canonical\" href=\"https:\/\/fundesplai.org\/eureka\/lesforc-i-el-plaer\/\" \/>\n<meta property=\"og:locale\" content=\"ca_ES\" \/>\n<meta property=\"og:type\" content=\"article\" \/>\n<meta property=\"og:title\" content=\"L&#039;esfor\u00e7 i el plaer - Eureka\" \/>\n<meta property=\"og:description\" content=\"La dial\u00e8ctica entre una moral espartana (l&#039;esfor\u00e7, la const\u00e0ncia, la superaci\u00f3 de les dificultats..) i una moral hedonista (el plaer, l&#039;alegria de la vida, la contemplaci\u00f3 est\u00e8tica de la vida...) no es pot resoldre avui sense una s\u00edntesi harm\u00f2nica entre esfor\u00e7 i plaer, una s\u00edntesi no excloent dels dos pols. A m\u00e9s a m\u00e9s, l&#039;esfor\u00e7 [&hellip;]\" \/>\n<meta property=\"og:url\" content=\"https:\/\/fundesplai.org\/eureka\/lesforc-i-el-plaer\/\" \/>\n<meta property=\"og:site_name\" content=\"Eureka\" \/>\n<meta property=\"article:modified_time\" content=\"2021-10-25T06:59:16+00:00\" \/>\n<meta name=\"twitter:card\" content=\"summary_large_image\" \/>\n<meta name=\"twitter:label1\" content=\"Temps estimat de lectura\" \/>\n\t<meta name=\"twitter:data1\" content=\"3 minuts\" \/>\n<script type=\"application\/ld+json\" class=\"yoast-schema-graph\">{\"@context\":\"https:\\\/\\\/schema.org\",\"@graph\":[{\"@type\":\"WebPage\",\"@id\":\"https:\\\/\\\/fundesplai.org\\\/eureka\\\/lesforc-i-el-plaer\\\/\",\"url\":\"https:\\\/\\\/fundesplai.org\\\/eureka\\\/lesforc-i-el-plaer\\\/\",\"name\":\"L'esfor\u00e7 i el plaer - Eureka\",\"isPartOf\":{\"@id\":\"https:\\\/\\\/fundesplai.org\\\/eureka\\\/#website\"},\"datePublished\":\"2021-08-17T10:04:20+00:00\",\"dateModified\":\"2021-10-25T06:59:16+00:00\",\"breadcrumb\":{\"@id\":\"https:\\\/\\\/fundesplai.org\\\/eureka\\\/lesforc-i-el-plaer\\\/#breadcrumb\"},\"inLanguage\":\"ca\",\"potentialAction\":[{\"@type\":\"ReadAction\",\"target\":[\"https:\\\/\\\/fundesplai.org\\\/eureka\\\/lesforc-i-el-plaer\\\/\"]}]},{\"@type\":\"BreadcrumbList\",\"@id\":\"https:\\\/\\\/fundesplai.org\\\/eureka\\\/lesforc-i-el-plaer\\\/#breadcrumb\",\"itemListElement\":[{\"@type\":\"ListItem\",\"position\":1,\"name\":\"Inici\",\"item\":\"\\\/\"},{\"@type\":\"ListItem\",\"position\":2,\"name\":\"Eureka\",\"item\":\"https:\\\/\\\/fundesplai.org\\\/eureka\"},{\"@type\":\"ListItem\",\"position\":3,\"name\":\"L&#8217;esfor\u00e7 i el plaer\"}]},{\"@type\":\"WebSite\",\"@id\":\"https:\\\/\\\/fundesplai.org\\\/eureka\\\/#website\",\"url\":\"https:\\\/\\\/fundesplai.org\\\/eureka\\\/\",\"name\":\"Eureka\",\"description\":\"Proposta educativa de Fundesplai\",\"potentialAction\":[{\"@type\":\"SearchAction\",\"target\":{\"@type\":\"EntryPoint\",\"urlTemplate\":\"https:\\\/\\\/fundesplai.org\\\/eureka\\\/?s={search_term_string}\"},\"query-input\":{\"@type\":\"PropertyValueSpecification\",\"valueRequired\":true,\"valueName\":\"search_term_string\"}}],\"inLanguage\":\"ca\"}]}<\/script>\n<!-- \/ Yoast SEO plugin. -->","yoast_head_json":{"title":"L'esfor\u00e7 i el plaer - Eureka","robots":{"index":"index","follow":"follow","max-snippet":"max-snippet:-1","max-image-preview":"max-image-preview:large","max-video-preview":"max-video-preview:-1"},"canonical":"https:\/\/fundesplai.org\/eureka\/lesforc-i-el-plaer\/","og_locale":"ca_ES","og_type":"article","og_title":"L'esfor\u00e7 i el plaer - Eureka","og_description":"La dial\u00e8ctica entre una moral espartana (l'esfor\u00e7, la const\u00e0ncia, la superaci\u00f3 de les dificultats..) i una moral hedonista (el plaer, l'alegria de la vida, la contemplaci\u00f3 est\u00e8tica de la vida...) no es pot resoldre avui sense una s\u00edntesi harm\u00f2nica entre esfor\u00e7 i plaer, una s\u00edntesi no excloent dels dos pols. A m\u00e9s a m\u00e9s, l'esfor\u00e7 [&hellip;]","og_url":"https:\/\/fundesplai.org\/eureka\/lesforc-i-el-plaer\/","og_site_name":"Eureka","article_modified_time":"2021-10-25T06:59:16+00:00","twitter_card":"summary_large_image","twitter_misc":{"Temps estimat de lectura":"3 minuts"},"schema":{"@context":"https:\/\/schema.org","@graph":[{"@type":"WebPage","@id":"https:\/\/fundesplai.org\/eureka\/lesforc-i-el-plaer\/","url":"https:\/\/fundesplai.org\/eureka\/lesforc-i-el-plaer\/","name":"L'esfor\u00e7 i el plaer - Eureka","isPartOf":{"@id":"https:\/\/fundesplai.org\/eureka\/#website"},"datePublished":"2021-08-17T10:04:20+00:00","dateModified":"2021-10-25T06:59:16+00:00","breadcrumb":{"@id":"https:\/\/fundesplai.org\/eureka\/lesforc-i-el-plaer\/#breadcrumb"},"inLanguage":"ca","potentialAction":[{"@type":"ReadAction","target":["https:\/\/fundesplai.org\/eureka\/lesforc-i-el-plaer\/"]}]},{"@type":"BreadcrumbList","@id":"https:\/\/fundesplai.org\/eureka\/lesforc-i-el-plaer\/#breadcrumb","itemListElement":[{"@type":"ListItem","position":1,"name":"Inici","item":"\/"},{"@type":"ListItem","position":2,"name":"Eureka","item":"https:\/\/fundesplai.org\/eureka"},{"@type":"ListItem","position":3,"name":"L&#8217;esfor\u00e7 i el plaer"}]},{"@type":"WebSite","@id":"https:\/\/fundesplai.org\/eureka\/#website","url":"https:\/\/fundesplai.org\/eureka\/","name":"Eureka","description":"Proposta educativa de Fundesplai","potentialAction":[{"@type":"SearchAction","target":{"@type":"EntryPoint","urlTemplate":"https:\/\/fundesplai.org\/eureka\/?s={search_term_string}"},"query-input":{"@type":"PropertyValueSpecification","valueRequired":true,"valueName":"search_term_string"}}],"inLanguage":"ca"}]}},"_links":{"self":[{"href":"https:\/\/fundesplai.org\/eureka\/wp-json\/wp\/v2\/pages\/56","targetHints":{"allow":["GET"]}}],"collection":[{"href":"https:\/\/fundesplai.org\/eureka\/wp-json\/wp\/v2\/pages"}],"about":[{"href":"https:\/\/fundesplai.org\/eureka\/wp-json\/wp\/v2\/types\/page"}],"author":[{"embeddable":true,"href":"https:\/\/fundesplai.org\/eureka\/wp-json\/wp\/v2\/users\/4"}],"replies":[{"embeddable":true,"href":"https:\/\/fundesplai.org\/eureka\/wp-json\/wp\/v2\/comments?post=56"}],"version-history":[{"count":3,"href":"https:\/\/fundesplai.org\/eureka\/wp-json\/wp\/v2\/pages\/56\/revisions"}],"predecessor-version":[{"id":121,"href":"https:\/\/fundesplai.org\/eureka\/wp-json\/wp\/v2\/pages\/56\/revisions\/121"}],"wp:attachment":[{"href":"https:\/\/fundesplai.org\/eureka\/wp-json\/wp\/v2\/media?parent=56"}],"curies":[{"name":"wp","href":"https:\/\/api.w.org\/{rel}","templated":true}]}}