{"id":205,"date":"2023-10-23T13:00:44","date_gmt":"2023-10-23T11:00:44","guid":{"rendered":"https:\/\/fundesplai.org\/eureka\/?page_id=205"},"modified":"2023-10-23T13:00:48","modified_gmt":"2023-10-23T11:00:48","slug":"recursos","status":"publish","type":"page","link":"https:\/\/fundesplai.org\/eureka\/recursos\/","title":{"rendered":"Recursos"},"content":{"rendered":"<p>[et_pb_section fb_built=&#8221;1&#8243; theme_builder_area=&#8221;post_content&#8221; _builder_version=&#8221;4.21.0&#8243; _module_preset=&#8221;default&#8221;][et_pb_row _builder_version=&#8221;4.21.0&#8243; _module_preset=&#8221;default&#8221; theme_builder_area=&#8221;post_content&#8221;][et_pb_column _builder_version=&#8221;4.21.0&#8243; _module_preset=&#8221;default&#8221; type=&#8221;4_4&#8243; theme_builder_area=&#8221;post_content&#8221;][et_pb_post_title _builder_version=&#8221;4.21.0&#8243; _module_preset=&#8221;default&#8221; theme_builder_area=&#8221;post_content&#8221; author=&#8221;off&#8221; date=&#8221;off&#8221; hover_enabled=&#8221;0&#8243; sticky_enabled=&#8221;0&#8243;][\/et_pb_post_title][et_pb_text _builder_version=&#8221;4.21.0&#8243; _module_preset=&#8221;default&#8221; theme_builder_area=&#8221;post_content&#8221; custom_margin=&#8221;||50px||false|false&#8221; hover_enabled=&#8221;0&#8243; sticky_enabled=&#8221;0&#8243;]<\/p>\n<h3>BIBLIOGRAFIA<\/h3>\n<ul>\n<li>ASIMOV, I. Asimov s&#8217;explica. 100 preguntes b\u00e0siques sobre la ci\u00e8ncia. Barcelona: La Magrana, 1992.<\/li>\n<li>ASIMOV, I. Moments estel\u00b7lars de la ci\u00e8ncia. Barcelona: La Magrana, 1997.<\/li>\n<li>AAVV: Monogr\u00e0fic &#8220;Aprendizaje y servicio&#8221; a Cuadernos de Pedagog\u00eda, maig de 2006, 357, p. 56-87.<\/li>\n<li>BATLLE, R. (coord.) Eureka! L&#8217;esfor\u00e7 i plaer. Programa pedag\u00f2gic. Cornell\u00e0 de Llobregat: Centre d&#8217;Estudis de l&#8217;Esplai, 1998<\/li>\n<li>BATLLE, R. (COORD). EUREKA<\/li>\n<li>COLL, C\u00e8sar. Aprendizaje escolar y construci\u00f3n del conocimiento. Barcelona: CEAC, 1990.<\/li>\n<li>DUCKWORTH, E. C\u00f3mo tener ideas maravillosas. Madrid: MEC Visor, 1998.<\/li>\n<li>MANS, C. La truita cremada: 24 lli\u00e7ons de qu\u00edmica. Barcelona. Rubes Editorial. 2005<\/li>\n<li>MANS, C. Els secrets de les etiquetes: la qu\u00edmica dels productes de la llar. Barcelona Editorial Ariel. 2006.<\/li>\n<li>MART\u00cdN, X. i RUBIO, L. (coord.): Experi\u00e8ncies d&#8217;aprenentatge servei. Barcelona, Octaedro i Fundaci\u00f3 Jaume Bofill, 2006.<\/li>\n<li>PUIG, J. M. [et al.]. Cr\u00f2niques per a una educaci\u00f3 democr\u00e0tica. Vic: Eumo, 1998<\/li>\n<li>PUIG, J. M.; BATLLE, R.; BOSCH, C. i PALOS, J.: Aprenentatge servei. Educar per a la ciutadania. Barcelona, Octaedro i Fundaci\u00f3 Jaume Bofill, 2006.<\/li>\n<\/ul>\n<p>[\/et_pb_text][\/et_pb_column][\/et_pb_row][\/et_pb_section]<\/p>\n","protected":false},"excerpt":{"rendered":"<p>BIBLIOGRAFIA ASIMOV, I. Asimov s&#8217;explica. 100 preguntes b\u00e0siques sobre la ci\u00e8ncia. Barcelona: La Magrana, 1992. ASIMOV, I. Moments estel\u00b7lars de la ci\u00e8ncia. Barcelona: La Magrana, 1997. AAVV: Monogr\u00e0fic &#8220;Aprendizaje y servicio&#8221; a Cuadernos de Pedagog\u00eda, maig de 2006, 357, p. 56-87. BATLLE, R. (coord.) Eureka! L&#8217;esfor\u00e7 i plaer. Programa pedag\u00f2gic. Cornell\u00e0 de Llobregat: Centre d&#8217;Estudis [&hellip;]<\/p>\n","protected":false},"author":26,"featured_media":0,"parent":0,"menu_order":0,"comment_status":"closed","ping_status":"closed","template":"","meta":{"_et_pb_use_builder":"on","_et_pb_old_content":"","_et_gb_content_width":"","footnotes":""},"class_list":["post-205","page","type-page","status-publish","hentry"],"yoast_head":"<!-- This site is optimized with the Yoast SEO plugin v27.6 - https:\/\/yoast.com\/product\/yoast-seo-wordpress\/ -->\n<title>Recursos - Eureka<\/title>\n<meta name=\"robots\" content=\"index, follow, max-snippet:-1, max-image-preview:large, max-video-preview:-1\" \/>\n<link rel=\"canonical\" href=\"https:\/\/fundesplai.org\/eureka\/recursos\/\" \/>\n<meta property=\"og:locale\" content=\"ca_ES\" \/>\n<meta property=\"og:type\" content=\"article\" \/>\n<meta property=\"og:title\" content=\"Recursos - Eureka\" \/>\n<meta property=\"og:description\" content=\"BIBLIOGRAFIA ASIMOV, I. Asimov s&#039;explica. 100 preguntes b\u00e0siques sobre la ci\u00e8ncia. Barcelona: La Magrana, 1992. ASIMOV, I. Moments estel\u00b7lars de la ci\u00e8ncia. Barcelona: La Magrana, 1997. AAVV: Monogr\u00e0fic &quot;Aprendizaje y servicio&quot; a Cuadernos de Pedagog\u00eda, maig de 2006, 357, p. 56-87. BATLLE, R. (coord.) Eureka! L&#039;esfor\u00e7 i plaer. Programa pedag\u00f2gic. Cornell\u00e0 de Llobregat: Centre d&#039;Estudis [&hellip;]\" \/>\n<meta property=\"og:url\" content=\"https:\/\/fundesplai.org\/eureka\/recursos\/\" \/>\n<meta property=\"og:site_name\" content=\"Eureka\" \/>\n<meta property=\"article:modified_time\" content=\"2023-10-23T11:00:48+00:00\" \/>\n<meta name=\"twitter:card\" content=\"summary_large_image\" \/>\n<script type=\"application\/ld+json\" class=\"yoast-schema-graph\">{\"@context\":\"https:\\\/\\\/schema.org\",\"@graph\":[{\"@type\":\"WebPage\",\"@id\":\"https:\\\/\\\/fundesplai.org\\\/eureka\\\/recursos\\\/\",\"url\":\"https:\\\/\\\/fundesplai.org\\\/eureka\\\/recursos\\\/\",\"name\":\"Recursos - Eureka\",\"isPartOf\":{\"@id\":\"https:\\\/\\\/fundesplai.org\\\/eureka\\\/#website\"},\"datePublished\":\"2023-10-23T11:00:44+00:00\",\"dateModified\":\"2023-10-23T11:00:48+00:00\",\"breadcrumb\":{\"@id\":\"https:\\\/\\\/fundesplai.org\\\/eureka\\\/recursos\\\/#breadcrumb\"},\"inLanguage\":\"ca\",\"potentialAction\":[{\"@type\":\"ReadAction\",\"target\":[\"https:\\\/\\\/fundesplai.org\\\/eureka\\\/recursos\\\/\"]}]},{\"@type\":\"BreadcrumbList\",\"@id\":\"https:\\\/\\\/fundesplai.org\\\/eureka\\\/recursos\\\/#breadcrumb\",\"itemListElement\":[{\"@type\":\"ListItem\",\"position\":1,\"name\":\"Inici\",\"item\":\"\\\/\"},{\"@type\":\"ListItem\",\"position\":2,\"name\":\"Eureka\",\"item\":\"https:\\\/\\\/fundesplai.org\\\/eureka\"},{\"@type\":\"ListItem\",\"position\":3,\"name\":\"Recursos\"}]},{\"@type\":\"WebSite\",\"@id\":\"https:\\\/\\\/fundesplai.org\\\/eureka\\\/#website\",\"url\":\"https:\\\/\\\/fundesplai.org\\\/eureka\\\/\",\"name\":\"Eureka\",\"description\":\"Proposta educativa de Fundesplai\",\"potentialAction\":[{\"@type\":\"SearchAction\",\"target\":{\"@type\":\"EntryPoint\",\"urlTemplate\":\"https:\\\/\\\/fundesplai.org\\\/eureka\\\/?s={search_term_string}\"},\"query-input\":{\"@type\":\"PropertyValueSpecification\",\"valueRequired\":true,\"valueName\":\"search_term_string\"}}],\"inLanguage\":\"ca\"}]}<\/script>\n<!-- \/ Yoast SEO plugin. -->","yoast_head_json":{"title":"Recursos - Eureka","robots":{"index":"index","follow":"follow","max-snippet":"max-snippet:-1","max-image-preview":"max-image-preview:large","max-video-preview":"max-video-preview:-1"},"canonical":"https:\/\/fundesplai.org\/eureka\/recursos\/","og_locale":"ca_ES","og_type":"article","og_title":"Recursos - Eureka","og_description":"BIBLIOGRAFIA ASIMOV, I. Asimov s'explica. 100 preguntes b\u00e0siques sobre la ci\u00e8ncia. Barcelona: La Magrana, 1992. ASIMOV, I. Moments estel\u00b7lars de la ci\u00e8ncia. Barcelona: La Magrana, 1997. AAVV: Monogr\u00e0fic \"Aprendizaje y servicio\" a Cuadernos de Pedagog\u00eda, maig de 2006, 357, p. 56-87. BATLLE, R. (coord.) Eureka! L'esfor\u00e7 i plaer. Programa pedag\u00f2gic. Cornell\u00e0 de Llobregat: Centre d'Estudis [&hellip;]","og_url":"https:\/\/fundesplai.org\/eureka\/recursos\/","og_site_name":"Eureka","article_modified_time":"2023-10-23T11:00:48+00:00","twitter_card":"summary_large_image","schema":{"@context":"https:\/\/schema.org","@graph":[{"@type":"WebPage","@id":"https:\/\/fundesplai.org\/eureka\/recursos\/","url":"https:\/\/fundesplai.org\/eureka\/recursos\/","name":"Recursos - Eureka","isPartOf":{"@id":"https:\/\/fundesplai.org\/eureka\/#website"},"datePublished":"2023-10-23T11:00:44+00:00","dateModified":"2023-10-23T11:00:48+00:00","breadcrumb":{"@id":"https:\/\/fundesplai.org\/eureka\/recursos\/#breadcrumb"},"inLanguage":"ca","potentialAction":[{"@type":"ReadAction","target":["https:\/\/fundesplai.org\/eureka\/recursos\/"]}]},{"@type":"BreadcrumbList","@id":"https:\/\/fundesplai.org\/eureka\/recursos\/#breadcrumb","itemListElement":[{"@type":"ListItem","position":1,"name":"Inici","item":"\/"},{"@type":"ListItem","position":2,"name":"Eureka","item":"https:\/\/fundesplai.org\/eureka"},{"@type":"ListItem","position":3,"name":"Recursos"}]},{"@type":"WebSite","@id":"https:\/\/fundesplai.org\/eureka\/#website","url":"https:\/\/fundesplai.org\/eureka\/","name":"Eureka","description":"Proposta educativa de Fundesplai","potentialAction":[{"@type":"SearchAction","target":{"@type":"EntryPoint","urlTemplate":"https:\/\/fundesplai.org\/eureka\/?s={search_term_string}"},"query-input":{"@type":"PropertyValueSpecification","valueRequired":true,"valueName":"search_term_string"}}],"inLanguage":"ca"}]}},"_links":{"self":[{"href":"https:\/\/fundesplai.org\/eureka\/wp-json\/wp\/v2\/pages\/205","targetHints":{"allow":["GET"]}}],"collection":[{"href":"https:\/\/fundesplai.org\/eureka\/wp-json\/wp\/v2\/pages"}],"about":[{"href":"https:\/\/fundesplai.org\/eureka\/wp-json\/wp\/v2\/types\/page"}],"author":[{"embeddable":true,"href":"https:\/\/fundesplai.org\/eureka\/wp-json\/wp\/v2\/users\/26"}],"replies":[{"embeddable":true,"href":"https:\/\/fundesplai.org\/eureka\/wp-json\/wp\/v2\/comments?post=205"}],"version-history":[{"count":2,"href":"https:\/\/fundesplai.org\/eureka\/wp-json\/wp\/v2\/pages\/205\/revisions"}],"predecessor-version":[{"id":208,"href":"https:\/\/fundesplai.org\/eureka\/wp-json\/wp\/v2\/pages\/205\/revisions\/208"}],"wp:attachment":[{"href":"https:\/\/fundesplai.org\/eureka\/wp-json\/wp\/v2\/media?parent=205"}],"curies":[{"name":"wp","href":"https:\/\/api.w.org\/{rel}","templated":true}]}}