{"id":197,"date":"2023-10-11T09:34:27","date_gmt":"2023-10-11T07:34:27","guid":{"rendered":"https:\/\/fundesplai.org\/eureka\/?page_id=197"},"modified":"2023-10-11T09:34:31","modified_gmt":"2023-10-11T07:34:31","slug":"activitats-2","status":"publish","type":"page","link":"https:\/\/fundesplai.org\/eureka\/activitats-2\/","title":{"rendered":"Activitats"},"content":{"rendered":"<p>[et_pb_section fb_built=&#8221;1&#8243; _builder_version=&#8221;4.21.0&#8243; _module_preset=&#8221;default&#8221; global_colors_info=&#8221;{}&#8221;][et_pb_row _builder_version=&#8221;4.21.0&#8243; _module_preset=&#8221;default&#8221; global_colors_info=&#8221;{}&#8221;][et_pb_column type=&#8221;4_4&#8243; _builder_version=&#8221;4.21.0&#8243; _module_preset=&#8221;default&#8221; global_colors_info=&#8221;{}&#8221;][et_pb_text _builder_version=&#8221;4.21.0&#8243; _module_preset=&#8221;default&#8221; hover_enabled=&#8221;0&#8243; global_colors_info=&#8221;{}&#8221; sticky_enabled=&#8221;0&#8243;]<\/p>\n<h2 style=\"text-align: center\">ACTIVITATS<\/h2>\n<p>Les activitats de la proposta Eureka! s&#8217;organitzen per grups d&#8217;edat: Petits (3 a 8 anys), Mitjans (8 a 12 anys) i Joves (12 a 17 anys).<\/p>\n<p>[\/et_pb_text][et_pb_accordion _builder_version=&#8221;4.21.0&#8243; _module_preset=&#8221;default&#8221; custom_margin=&#8221;30px||50px||false|false&#8221; hover_enabled=&#8221;0&#8243; global_colors_info=&#8221;{}&#8221; sticky_enabled=&#8221;0&#8243;][et_pb_accordion_item title=&#8221;Activitats Petits (3-8 anys)&#8221; _builder_version=&#8221;4.21.0&#8243; _module_preset=&#8221;default&#8221; global_colors_info=&#8221;{}&#8221; open=&#8221;on&#8221;]<\/p>\n<ul>\n<li><a href=\"https:\/\/fundesplai.org\/banc-recursos\/recurs\/berenar-de-bojos\/\">Berenar de bojos<\/a><\/li>\n<li><a href=\"https:\/\/fundesplai.org\/banc-recursos\/recurs\/descoberta-dels-animals-domestics-del-barri\/\">Descoberta dels animals dom\u00e8stics del barri<\/a><\/li>\n<li><a href=\"https:\/\/fundesplai.org\/banc-recursos\/recurs\/les-cancons-de-lalicia\/\">Les can\u00e7ons de l&#8217;Al\u00edcia i la cerim\u00f2nia del te<\/a><\/li>\n<li><a href=\"https:\/\/fundesplai.org\/banc-recursos\/recurs\/el-jardi-de-lalicia\/\">El jard\u00ed de l&#8217;Al\u00edcia<\/a><\/li>\n<li><a href=\"https:\/\/fundesplai.org\/banc-recursos\/recurs\/la-foscor-i-la-llum\/\">La foscor i la llum<\/a><\/li>\n<li><a href=\"https:\/\/fundesplai.org\/banc-recursos\/recurs\/construim-un-vitrall-de-colors\/\">Constru\u00efm un vitrall de colors<\/a><\/li>\n<li><a href=\"https:\/\/fundesplai.org\/banc-recursos\/recurs\/museu-palanques-rodes-plans-inclinats\/\">Museu amb palanques, rodes i plans inclinats<\/a><\/li>\n<li><a href=\"https:\/\/fundesplai.org\/banc-recursos\/recurs\/fem-un-telefon-de-iogurt\/\">Fem un tel\u00e8fon de iogurt<\/a><\/li>\n<li><a href=\"https:\/\/fundesplai.org\/banc-recursos\/recurs\/construim-un-calidoscopi\/\">Constru\u00efm un calidoscopi<\/a><\/li>\n<\/ul>\n<p>[\/et_pb_accordion_item][et_pb_accordion_item title=&#8221;Activitats Mitjans (8-12 anys)&#8221; _builder_version=&#8221;4.21.0&#8243; _module_preset=&#8221;default&#8221; global_colors_info=&#8221;{}&#8221; open=&#8221;off&#8221;]<\/p>\n<ul>\n<li><a href=\"https:\/\/fundesplai.org\/banc-recursos\/recurs\/un-jardi-empiric\/\">Un jard\u00ed emp\u00edric<\/a><\/li>\n<li><a href=\"https:\/\/fundesplai.org\/banc-recursos\/recurs\/el-riu-de-xocolata\/\">El riu de xocolata<\/a><\/li>\n<li><a href=\"https:\/\/fundesplai.org\/banc-recursos\/recurs\/joc-de-laqueducte\/\">Joc de l&#8217;aq\u00fceducte<\/a><\/li>\n<li><a href=\"https:\/\/fundesplai.org\/banc-recursos\/recurs\/el-cicle-de-laigua\/\">El cicle de l&#8217;aigua<\/a><\/li>\n<li><a href=\"https:\/\/fundesplai.org\/banc-recursos\/recurs\/creem-les-nostres-fonts\/\">Creem les nostres fonts<\/a><\/li>\n<li><a href=\"https:\/\/fundesplai.org\/banc-recursos\/recurs\/la-sala-dels-invents\/\">La sala d&#8217;invents<\/a><\/li>\n<li><a href=\"https:\/\/fundesplai.org\/banc-recursos\/recurs\/un-vehicle-aeri\/\">Un vehicle aeri<\/a><\/li>\n<li><a href=\"https:\/\/fundesplai.org\/banc-recursos\/recurs\/una-politja-casolana\/\">Una politja casolana<\/a><\/li>\n<li><a href=\"https:\/\/fundesplai.org\/banc-recursos\/recurs\/la-catapulta-darquimedes\/\">Catapulta d&#8217;Arquimedes<\/a><\/li>\n<li><a href=\"https:\/\/fundesplai.org\/banc-recursos\/recurs\/vaixell-de-vapor-amb-una-espelma\/\">Vaixell de vapor amb una espelma<\/a><\/li>\n<li><a href=\"https:\/\/fundesplai.org\/banc-recursos\/recurs\/rebotador-de-so\/\">Rebotador de so<\/a><\/li>\n<li><a href=\"https:\/\/fundesplai.org\/banc-recursos\/recurs\/barometre-de-membrana\/\">Bar\u00f2metre de membrana<\/a><\/li>\n<li><a href=\"https:\/\/fundesplai.org\/banc-recursos\/recurs\/cuina-solar-amb-capses-de-cartro\/\">Cuina solar amb capses de cartr\u00f3<\/a><\/li>\n<li><a href=\"https:\/\/fundesplai.org\/banc-recursos\/recurs\/els-contes-viatgers\/\">Els contes viatgers<\/a><\/li>\n<li><a href=\"https:\/\/fundesplai.org\/banc-recursos\/recurs\/la-ludoteca-dels-videojocs\/\">Ludoteca dels videojocs<\/a><\/li>\n<li><a href=\"https:\/\/fundesplai.org\/banc-recursos\/recurs\/gimcana-de-la-llum-i-els-videojocs\/\">Gimcana de la llum i els videojocs<\/a><\/li>\n<\/ul>\n<p>[\/et_pb_accordion_item][et_pb_accordion_item title=&#8221;Activitats Joves (12-17 anys)&#8221; _builder_version=&#8221;4.21.0&#8243; _module_preset=&#8221;default&#8221; global_colors_info=&#8221;{}&#8221; open=&#8221;off&#8221;]<\/p>\n<ul>\n<li><a href=\"https:\/\/fundesplai.org\/banc-recursos\/recurs\/pren-consciencia\/\">Pren consci\u00e8ncia<\/a><\/li>\n<li><a href=\"https:\/\/fundesplai.org\/banc-recursos\/recurs\/les-veus-dun-poble\/\">Les veus d&#8217;un poble<\/a><\/li>\n<li><a href=\"https:\/\/fundesplai.org\/banc-recursos\/recurs\/exposicio-pop-art\/\">Exposici\u00f3 PopArt<\/a><\/li>\n<\/ul>\n<p>[\/et_pb_accordion_item][\/et_pb_accordion][\/et_pb_column][\/et_pb_row][\/et_pb_section]<\/p>\n","protected":false},"excerpt":{"rendered":"<p>ACTIVITATS Les activitats de la proposta Eureka! s&#8217;organitzen per grups d&#8217;edat: Petits (3 a 8 anys), Mitjans (8 a 12 anys) i Joves (12 a 17 anys). Berenar de bojos Descoberta dels animals dom\u00e8stics del barri Les can\u00e7ons de l&#8217;Al\u00edcia i la cerim\u00f2nia del te El jard\u00ed de l&#8217;Al\u00edcia La foscor i la llum Constru\u00efm [&hellip;]<\/p>\n","protected":false},"author":26,"featured_media":0,"parent":0,"menu_order":0,"comment_status":"closed","ping_status":"closed","template":"","meta":{"_et_pb_use_builder":"on","_et_pb_old_content":"","_et_gb_content_width":"","footnotes":""},"class_list":["post-197","page","type-page","status-publish","hentry"],"yoast_head":"<!-- This site is optimized with the Yoast SEO plugin v27.4 - https:\/\/yoast.com\/product\/yoast-seo-wordpress\/ -->\n<title>Activitats - Eureka<\/title>\n<meta name=\"robots\" content=\"index, follow, max-snippet:-1, max-image-preview:large, max-video-preview:-1\" \/>\n<link rel=\"canonical\" href=\"https:\/\/fundesplai.org\/eureka\/activitats-2\/\" \/>\n<meta property=\"og:locale\" content=\"ca_ES\" \/>\n<meta property=\"og:type\" content=\"article\" \/>\n<meta property=\"og:title\" content=\"Activitats - Eureka\" \/>\n<meta property=\"og:description\" content=\"ACTIVITATS Les activitats de la proposta Eureka! s&#039;organitzen per grups d&#039;edat: Petits (3 a 8 anys), Mitjans (8 a 12 anys) i Joves (12 a 17 anys). Berenar de bojos Descoberta dels animals dom\u00e8stics del barri Les can\u00e7ons de l&#039;Al\u00edcia i la cerim\u00f2nia del te El jard\u00ed de l&#039;Al\u00edcia La foscor i la llum Constru\u00efm [&hellip;]\" \/>\n<meta property=\"og:url\" content=\"https:\/\/fundesplai.org\/eureka\/activitats-2\/\" \/>\n<meta property=\"og:site_name\" content=\"Eureka\" \/>\n<meta property=\"article:modified_time\" content=\"2023-10-11T07:34:31+00:00\" \/>\n<meta name=\"twitter:card\" content=\"summary_large_image\" \/>\n<meta name=\"twitter:label1\" content=\"Temps estimat de lectura\" \/>\n\t<meta name=\"twitter:data1\" content=\"2 minuts\" \/>\n<script type=\"application\/ld+json\" class=\"yoast-schema-graph\">{\"@context\":\"https:\\\/\\\/schema.org\",\"@graph\":[{\"@type\":\"WebPage\",\"@id\":\"https:\\\/\\\/fundesplai.org\\\/eureka\\\/activitats-2\\\/\",\"url\":\"https:\\\/\\\/fundesplai.org\\\/eureka\\\/activitats-2\\\/\",\"name\":\"Activitats - Eureka\",\"isPartOf\":{\"@id\":\"https:\\\/\\\/fundesplai.org\\\/eureka\\\/#website\"},\"datePublished\":\"2023-10-11T07:34:27+00:00\",\"dateModified\":\"2023-10-11T07:34:31+00:00\",\"breadcrumb\":{\"@id\":\"https:\\\/\\\/fundesplai.org\\\/eureka\\\/activitats-2\\\/#breadcrumb\"},\"inLanguage\":\"ca\",\"potentialAction\":[{\"@type\":\"ReadAction\",\"target\":[\"https:\\\/\\\/fundesplai.org\\\/eureka\\\/activitats-2\\\/\"]}]},{\"@type\":\"BreadcrumbList\",\"@id\":\"https:\\\/\\\/fundesplai.org\\\/eureka\\\/activitats-2\\\/#breadcrumb\",\"itemListElement\":[{\"@type\":\"ListItem\",\"position\":1,\"name\":\"Inici\",\"item\":\"\\\/\"},{\"@type\":\"ListItem\",\"position\":2,\"name\":\"Eureka\",\"item\":\"https:\\\/\\\/fundesplai.org\\\/eureka\"},{\"@type\":\"ListItem\",\"position\":3,\"name\":\"Activitats\"}]},{\"@type\":\"WebSite\",\"@id\":\"https:\\\/\\\/fundesplai.org\\\/eureka\\\/#website\",\"url\":\"https:\\\/\\\/fundesplai.org\\\/eureka\\\/\",\"name\":\"Eureka\",\"description\":\"Proposta educativa de Fundesplai\",\"potentialAction\":[{\"@type\":\"SearchAction\",\"target\":{\"@type\":\"EntryPoint\",\"urlTemplate\":\"https:\\\/\\\/fundesplai.org\\\/eureka\\\/?s={search_term_string}\"},\"query-input\":{\"@type\":\"PropertyValueSpecification\",\"valueRequired\":true,\"valueName\":\"search_term_string\"}}],\"inLanguage\":\"ca\"}]}<\/script>\n<!-- \/ Yoast SEO plugin. -->","yoast_head_json":{"title":"Activitats - Eureka","robots":{"index":"index","follow":"follow","max-snippet":"max-snippet:-1","max-image-preview":"max-image-preview:large","max-video-preview":"max-video-preview:-1"},"canonical":"https:\/\/fundesplai.org\/eureka\/activitats-2\/","og_locale":"ca_ES","og_type":"article","og_title":"Activitats - Eureka","og_description":"ACTIVITATS Les activitats de la proposta Eureka! s'organitzen per grups d'edat: Petits (3 a 8 anys), Mitjans (8 a 12 anys) i Joves (12 a 17 anys). Berenar de bojos Descoberta dels animals dom\u00e8stics del barri Les can\u00e7ons de l'Al\u00edcia i la cerim\u00f2nia del te El jard\u00ed de l'Al\u00edcia La foscor i la llum Constru\u00efm [&hellip;]","og_url":"https:\/\/fundesplai.org\/eureka\/activitats-2\/","og_site_name":"Eureka","article_modified_time":"2023-10-11T07:34:31+00:00","twitter_card":"summary_large_image","twitter_misc":{"Temps estimat de lectura":"2 minuts"},"schema":{"@context":"https:\/\/schema.org","@graph":[{"@type":"WebPage","@id":"https:\/\/fundesplai.org\/eureka\/activitats-2\/","url":"https:\/\/fundesplai.org\/eureka\/activitats-2\/","name":"Activitats - Eureka","isPartOf":{"@id":"https:\/\/fundesplai.org\/eureka\/#website"},"datePublished":"2023-10-11T07:34:27+00:00","dateModified":"2023-10-11T07:34:31+00:00","breadcrumb":{"@id":"https:\/\/fundesplai.org\/eureka\/activitats-2\/#breadcrumb"},"inLanguage":"ca","potentialAction":[{"@type":"ReadAction","target":["https:\/\/fundesplai.org\/eureka\/activitats-2\/"]}]},{"@type":"BreadcrumbList","@id":"https:\/\/fundesplai.org\/eureka\/activitats-2\/#breadcrumb","itemListElement":[{"@type":"ListItem","position":1,"name":"Inici","item":"\/"},{"@type":"ListItem","position":2,"name":"Eureka","item":"https:\/\/fundesplai.org\/eureka"},{"@type":"ListItem","position":3,"name":"Activitats"}]},{"@type":"WebSite","@id":"https:\/\/fundesplai.org\/eureka\/#website","url":"https:\/\/fundesplai.org\/eureka\/","name":"Eureka","description":"Proposta educativa de Fundesplai","potentialAction":[{"@type":"SearchAction","target":{"@type":"EntryPoint","urlTemplate":"https:\/\/fundesplai.org\/eureka\/?s={search_term_string}"},"query-input":{"@type":"PropertyValueSpecification","valueRequired":true,"valueName":"search_term_string"}}],"inLanguage":"ca"}]}},"_links":{"self":[{"href":"https:\/\/fundesplai.org\/eureka\/wp-json\/wp\/v2\/pages\/197","targetHints":{"allow":["GET"]}}],"collection":[{"href":"https:\/\/fundesplai.org\/eureka\/wp-json\/wp\/v2\/pages"}],"about":[{"href":"https:\/\/fundesplai.org\/eureka\/wp-json\/wp\/v2\/types\/page"}],"author":[{"embeddable":true,"href":"https:\/\/fundesplai.org\/eureka\/wp-json\/wp\/v2\/users\/26"}],"replies":[{"embeddable":true,"href":"https:\/\/fundesplai.org\/eureka\/wp-json\/wp\/v2\/comments?post=197"}],"version-history":[{"count":3,"href":"https:\/\/fundesplai.org\/eureka\/wp-json\/wp\/v2\/pages\/197\/revisions"}],"predecessor-version":[{"id":202,"href":"https:\/\/fundesplai.org\/eureka\/wp-json\/wp\/v2\/pages\/197\/revisions\/202"}],"wp:attachment":[{"href":"https:\/\/fundesplai.org\/eureka\/wp-json\/wp\/v2\/media?parent=197"}],"curies":[{"name":"wp","href":"https:\/\/api.w.org\/{rel}","templated":true}]}}