{"id":81,"date":"2019-08-26T15:15:15","date_gmt":"2019-08-26T13:15:15","guid":{"rendered":"http:\/\/projectes.fundesplai.org\/nusos\/?page_id=81"},"modified":"2024-09-12T13:28:38","modified_gmt":"2024-09-12T11:28:38","slug":"home","status":"publish","type":"page","link":"https:\/\/fundesplai.org\/estima\/","title":{"rendered":"HOME"},"content":{"rendered":"<p>[et_pb_section fb_built=&#8221;1&#8243; _builder_version=&#8221;4.21.0&#8243; _module_preset=&#8221;default&#8221; background_color=&#8221;RGBA(255,255,255,0)&#8221; background_image=&#8221;https:\/\/fundesplai.org\/estima\/wp-content\/uploads\/sites\/30\/2023\/07\/NOU_fons_Def_home_Estima.png&#8221; locked=&#8221;off&#8221; global_colors_info=&#8221;{}&#8221;][et_pb_row column_structure=&#8221;1_5,3_5,1_5&#8243; _builder_version=&#8221;4.21.0&#8243; _module_preset=&#8221;default&#8221; global_colors_info=&#8221;{}&#8221;][et_pb_column type=&#8221;1_5&#8243; _builder_version=&#8221;4.21.0&#8243; _module_preset=&#8221;default&#8221; global_colors_info=&#8221;{}&#8221;][\/et_pb_column][et_pb_column type=&#8221;3_5&#8243; _builder_version=&#8221;4.16&#8243; _module_preset=&#8221;default&#8221; global_colors_info=&#8221;{}&#8221;][et_pb_image src=&#8221;https:\/\/fundesplai.org\/estima\/wp-content\/uploads\/sites\/30\/2023\/07\/Logo-rodo-ESTIMA-Fundesplai_BLANC.png&#8221; alt=&#8221;Logo rod\u00f3 ESTIMA Fundesplai&#8221; title_text=&#8221;Logo rod\u00f3 ESTIMA Fundesplai_BLANC&#8221; _builder_version=&#8221;4.21.0&#8243; _module_preset=&#8221;default&#8221; custom_margin_tablet=&#8221;&#8221; custom_margin_phone=&#8221;&#8221; custom_margin_last_edited=&#8221;on|tablet&#8221; custom_padding=&#8221;20px||20px||false|false&#8221; custom_padding_tablet=&#8221;10px||10px||false|false&#8221; custom_padding_phone=&#8221;&#8221; custom_padding_last_edited=&#8221;on|desktop&#8221; global_colors_info=&#8221;{}&#8221;][\/et_pb_image][\/et_pb_column][et_pb_column type=&#8221;1_5&#8243; _builder_version=&#8221;4.16&#8243; _module_preset=&#8221;default&#8221; global_colors_info=&#8221;{}&#8221;][\/et_pb_column][\/et_pb_row][\/et_pb_section][et_pb_section fb_built=&#8221;1&#8243; admin_label=&#8221;Section&#8221; _builder_version=&#8221;4.16&#8243; collapsed=&#8221;off&#8221; global_colors_info=&#8221;{}&#8221;][et_pb_row admin_label=&#8221;Row QU\u00c8 \u00c9S?&#8221; _builder_version=&#8221;4.16&#8243; custom_margin=&#8221;50px||50px||true|false&#8221; custom_margin_tablet=&#8221;20px||20px||true|false&#8221; custom_margin_phone=&#8221;10px||10px||true|false&#8221; custom_margin_last_edited=&#8221;on|desktop&#8221; global_colors_info=&#8221;{}&#8221;][et_pb_column type=&#8221;4_4&#8243; _builder_version=&#8221;4.16&#8243; global_colors_info=&#8221;{}&#8221;][et_pb_text _builder_version=&#8221;4.21.0&#8243; global_colors_info=&#8221;{}&#8221;]<\/p>\n<h2 style=\"text-align: center\">QU\u00c8 \u00c9S?<\/h2>\n<p style=\"text-align: center\"><strong>ESTIMA<\/strong> \u00e9s la proposta educativa de <strong><a href=\"https:\/\/fundesplai.org\/ca\/\">Fundesplai<\/a><\/strong> per als cursos 2023-2025. <strong>Una proposta educativa per celebrar la vida <\/strong>que planteja el repte de con\u00e8ixer-nos millor, de desenvolupar la fortalesa interior i el respecte i l\u2019afecte cap a nosaltres i cap als altres. Estima busca promoure un m\u00f3n on la pau interior i exterior s\u2019entrellacin, creant una base s\u00f2lida per a una conviv\u00e8ncia harmoniosa i una sostenibilitat global.<\/p>\n<p>[\/et_pb_text][et_pb_button button_url=&#8221;https:\/\/fundesplai.org\/estima\/quadern-pedagogic\/&#8221; button_text=&#8221;Accedeix al quadern pedag\u00f2gic&#8221; button_alignment=&#8221;center&#8221; admin_label=&#8221;Button FONAMENTACI\u00d3&#8221; _builder_version=&#8221;4.21.0&#8243; custom_margin=&#8221;30px||30px||true|false&#8221; custom_margin_tablet=&#8221;&#8221; custom_margin_phone=&#8221;&#8221; custom_margin_last_edited=&#8221;on|desktop&#8221; global_colors_info=&#8221;{}&#8221;][\/et_pb_button][et_pb_text admin_label=&#8221;Aterratge migdia i valor gratitud &#8221; _builder_version=&#8221;4.21.0&#8243; hover_enabled=&#8221;0&#8243; global_colors_info=&#8221;{}&#8221; sticky_enabled=&#8221;0&#8243;]<\/p>\n<p style=\"text-align: center\"><a href=\"https:\/\/fundesplai.org\/estima\/wp-content\/uploads\/sites\/30\/2024\/09\/El-valor-de-la-gratitud-.pdf\">&gt; Extensi\u00f3 del quadern pedag\u00f2gic &#8220;El valor de la gratitud&#8221; &#8211; curs 24\/25<\/a><\/p>\n<p style=\"text-align: center\"><a href=\"https:\/\/fundesplai.org\/estima\/eix-danimacio\/lombra-dun-gran-arbre\/\">&gt; L&#8217;ombra d&#8217;un gran arbre &#8211; eix d&#8217;animaci\u00f3 curs 24-25<\/a><\/p>\n<p>[\/et_pb_text][\/et_pb_column][\/et_pb_row][et_pb_row _builder_version=&#8221;4.18.0&#8243; width=&#8221;94%&#8221; max_width=&#8221;2560px&#8221; custom_margin=&#8221;30px||30px||true|false&#8221; custom_margin_last_edited=&#8221;off|desktop&#8221; global_colors_info=&#8221;{}&#8221;][et_pb_column type=&#8221;4_4&#8243; _builder_version=&#8221;4.16&#8243; global_colors_info=&#8221;{}&#8221;][et_pb_testimonial author=&#8221;Yayo Herrero&#8221; portrait_url=&#8221;https:\/\/fundesplai.org\/estima\/wp-content\/uploads\/sites\/30\/2023\/07\/Yayo_Herrero_by_Dani_Blanco_ArgiaEUS.jpg&#8221; _builder_version=&#8221;4.21.0&#8243; custom_margin=&#8221;||10px||false|false&#8221; global_colors_info=&#8221;{}&#8221;]<\/p>\n<p>Totes les persones han d\u2019aprendre a cuidar-se a elles mateixes, tamb\u00e9 a les altres persones i al planeta on la vida \u00e9s possible.<\/p>\n<p>[\/et_pb_testimonial][\/et_pb_column][\/et_pb_row][\/et_pb_section][et_pb_section fb_built=&#8221;1&#8243; admin_label=&#8221;Section&#8221; _builder_version=&#8221;4.16&#8243; collapsed=&#8221;off&#8221; global_colors_info=&#8221;{}&#8221;][et_pb_row _builder_version=&#8221;4.16&#8243; module_alignment=&#8221;center&#8221; custom_margin=&#8221;50px||50px||true|false&#8221; custom_margin_tablet=&#8221;&#8221; custom_margin_phone=&#8221;10px||10px||false|false&#8221; custom_margin_last_edited=&#8221;on|phone&#8221; locked=&#8221;off&#8221; global_colors_info=&#8221;{}&#8221;][et_pb_column type=&#8221;4_4&#8243; _builder_version=&#8221;4.16&#8243; global_colors_info=&#8221;{}&#8221;][et_pb_text admin_label=&#8221;ELEMENTS CLAU&#8221; _builder_version=&#8221;4.21.0&#8243; global_colors_info=&#8221;{}&#8221;]<\/p>\n<h2 style=\"text-align: center\">Elements clau<\/h2>\n<p>[\/et_pb_text][\/et_pb_column][\/et_pb_row][et_pb_row column_structure=&#8221;1_3,1_3,1_3&#8243; make_equal=&#8221;on&#8221; _builder_version=&#8221;4.21.0&#8243; background_image=&#8221;https:\/\/fundesplai.org\/mcm\/wp-content\/uploads\/sites\/25\/2021\/08\/eix-animacio-Fundesplai-proposta-alimentacio.jpg&#8221; width=&#8221;100%&#8221; max_width=&#8221;2559px&#8221; custom_margin=&#8221;50px||50px||true|false&#8221; custom_margin_tablet=&#8221;&#8221; custom_margin_phone=&#8221;||||true&#8221; custom_margin_last_edited=&#8221;on|phone&#8221; global_colors_info=&#8221;{}&#8221;][et_pb_column type=&#8221;1_3&#8243; _builder_version=&#8221;4.21.0&#8243; background_image=&#8221;https:\/\/fundesplai.org\/estima\/wp-content\/uploads\/sites\/30\/2023\/07\/Destacat_activitats_Estima_Fundesplai.jpg&#8221; global_colors_info=&#8221;{}&#8221;][et_pb_cta title=&#8221;Activitats&#8221; button_url=&#8221;https:\/\/fundesplai.org\/estima\/activitats\/&#8221; button_text=&#8221; +&#8221; admin_label=&#8221;ACTIVITATS&#8221; _builder_version=&#8221;4.21.0&#8243; header_level=&#8221;h1&#8243; header_font=&#8221;|600|||||||&#8221; header_text_align=&#8221;center&#8221; body_font=&#8221;|600|||||||&#8221; background_enable_color=&#8221;off&#8221; background_enable_image=&#8221;off&#8221; custom_button=&#8221;on&#8221; button_text_size=&#8221;17px&#8221; button_border_width=&#8221;0px&#8221; button_border_radius=&#8221;33px&#8221; button_use_icon=&#8221;off&#8221; button_alignment=&#8221;center&#8221; animation_style=&#8221;zoom&#8221; animation_direction=&#8221;bottom&#8221; animation_starting_opacity=&#8221;56%&#8221; link_option_url=&#8221;https:\/\/fundesplai.org\/estima\/activitats\/&#8221; header_text_shadow_style=&#8221;preset3&#8243; header_text_shadow_color=&#8221;#000000&#8243; text_shadow_style=&#8221;preset3&#8243; text_shadow_blur_strength=&#8221;0.02em&#8221; text_shadow_color=&#8221;#000000&#8243; global_colors_info=&#8221;{}&#8221;]<\/p>\n<p>Activitats de lleure per a totes les edats enfocades a aprofundir en la proposta educativa ESTIMA.<br \/>Educaci\u00f3 emocional per celebrar la vida!<\/p>\n<p>Descobreix-les!<\/p>\n<p>[\/et_pb_cta][\/et_pb_column][et_pb_column type=&#8221;1_3&#8243; _builder_version=&#8221;4.21.0&#8243; background_image=&#8221;https:\/\/fundesplai.org\/estima\/wp-content\/uploads\/sites\/30\/2023\/07\/Destacat_eix_Estima_Fundesplai.jpg&#8221; global_colors_info=&#8221;{}&#8221;][et_pb_cta title=&#8221;Eix d&#8217;animaci\u00f3&#8221; button_url=&#8221;https:\/\/fundesplai.org\/estima\/eix-danimacio\/&#8221; button_text=&#8221; +&#8221; admin_label=&#8221;EIX d&#8217;ANIMACI\u00d3&#8221; _builder_version=&#8221;4.21.0&#8243; header_level=&#8221;h1&#8243; header_font=&#8221;|600|||||||&#8221; header_text_align=&#8221;center&#8221; body_font=&#8221;|600|||||||&#8221; background_enable_color=&#8221;off&#8221; background_enable_image=&#8221;off&#8221; custom_button=&#8221;on&#8221; button_text_size=&#8221;17px&#8221; button_border_width=&#8221;0px&#8221; button_border_radius=&#8221;33px&#8221; button_use_icon=&#8221;off&#8221; button_alignment=&#8221;center&#8221; animation_style=&#8221;zoom&#8221; animation_direction=&#8221;bottom&#8221; animation_starting_opacity=&#8221;56%&#8221; link_option_url=&#8221;https:\/\/fundesplai.org\/estima\/eix-danimacio\/&#8221; header_text_shadow_style=&#8221;preset3&#8243; header_text_shadow_color=&#8221;#000000&#8243; text_shadow_style=&#8221;preset3&#8243; text_shadow_blur_strength=&#8221;0.02em&#8221; text_shadow_color=&#8221;#000000&#8243; global_colors_info=&#8221;{}&#8221;]<\/p>\n<p>La Lluna, la Rajae i en Roc faran de fil conductor de les activitats de 3 a 12 anys. Els grups de joves duran a terme la proposta <em>C3, em cuido, et cuido, ens cuidem.<\/em><\/p>\n<p>Ho vols descobrir?<\/p>\n<p>[\/et_pb_cta][\/et_pb_column][et_pb_column type=&#8221;1_3&#8243; _builder_version=&#8221;4.21.0&#8243; background_image=&#8221;https:\/\/fundesplai.org\/estima\/wp-content\/uploads\/sites\/30\/2023\/07\/Destacat_reptes_Estima_Fundesplai.jpg&#8221; global_colors_info=&#8221;{}&#8221;][et_pb_cta title=&#8221;Reptes col\u00b7lectius&#8221; button_url=&#8221;https:\/\/fundesplai.org\/estima\/reptes-collectius\/&#8221; button_text=&#8221; +&#8221; admin_label=&#8221;REPTES COL\u00b7LECTIUS&#8221; _builder_version=&#8221;4.21.0&#8243; header_level=&#8221;h1&#8243; header_font=&#8221;|600|||||||&#8221; header_text_align=&#8221;center&#8221; body_font=&#8221;|600|||||||&#8221; background_enable_color=&#8221;off&#8221; custom_button=&#8221;on&#8221; button_text_size=&#8221;17px&#8221; button_border_width=&#8221;0px&#8221; button_border_radius=&#8221;33px&#8221; button_use_icon=&#8221;off&#8221; button_alignment=&#8221;center&#8221; animation_style=&#8221;zoom&#8221; animation_direction=&#8221;bottom&#8221; animation_starting_opacity=&#8221;56%&#8221; link_option_url=&#8221;https:\/\/fundesplai.org\/estima\/reptes-collectius\/&#8221; header_text_shadow_style=&#8221;preset3&#8243; header_text_shadow_color=&#8221;#000000&#8243; text_shadow_style=&#8221;preset3&#8243; text_shadow_blur_strength=&#8221;0.02em&#8221; text_shadow_color=&#8221;#000000&#8243; global_colors_info=&#8221;{}&#8221;]<\/p>\n<p style=\"text-align: center\">Amb els reptes col\u00b7lectius ens mobilitzem en un moment puntual per refor\u00e7ar la incid\u00e8ncia p\u00fablica entorn a un tema concret. Amb ESTIMA posarem l&#8217;\u00e8mfasi en:<\/p>\n<p style=\"text-align: center\">El SILENCI i LA GRATITUD<\/p>\n<p>[\/et_pb_cta][\/et_pb_column][\/et_pb_row][et_pb_row _builder_version=&#8221;4.21.0&#8243; _module_preset=&#8221;default&#8221; global_colors_info=&#8221;{}&#8221;][et_pb_column type=&#8221;4_4&#8243; _builder_version=&#8221;4.21.0&#8243; _module_preset=&#8221;default&#8221; global_colors_info=&#8221;{}&#8221;][et_pb_button button_url=&#8221;https:\/\/fundesplai.org\/recursos\/propostes-educatives\/&#8221; button_text=&#8221;Coneix les propostes educatives de Fundesplai&#8221; button_alignment=&#8221;center&#8221; _builder_version=&#8221;4.21.0&#8243; _module_preset=&#8221;default&#8221; custom_margin=&#8221;30px||||false|false&#8221; global_colors_info=&#8221;{}&#8221;][\/et_pb_button][\/et_pb_column][\/et_pb_row][\/et_pb_section][et_pb_section fb_built=&#8221;1&#8243; admin_label=&#8221;Section&#8221; _builder_version=&#8221;4.16&#8243; collapsed=&#8221;off&#8221; global_colors_info=&#8221;{}&#8221;][et_pb_row disabled_on=&#8221;on|on|on&#8221; _builder_version=&#8221;4.16&#8243; module_alignment=&#8221;center&#8221; custom_margin=&#8221;50px||50px||true|false&#8221; custom_margin_tablet=&#8221;&#8221; custom_margin_phone=&#8221;10px||10px||false|false&#8221; custom_margin_last_edited=&#8221;on|phone&#8221; disabled=&#8221;on&#8221; locked=&#8221;off&#8221; global_colors_info=&#8221;{}&#8221;][et_pb_column type=&#8221;4_4&#8243; _builder_version=&#8221;4.16&#8243; global_colors_info=&#8221;{}&#8221;][et_pb_text admin_label=&#8221;RECURSOS DESTACATS&#8221; _builder_version=&#8221;4.21.0&#8243; global_colors_info=&#8221;{}&#8221;]<\/p>\n<h2 style=\"text-align: center\">Recursos destacats<\/h2>\n<p>[\/et_pb_text][\/et_pb_column][\/et_pb_row][et_pb_row column_structure=&#8221;1_4,3_4&#8243; disabled_on=&#8221;on|on|on&#8221; _builder_version=&#8221;4.16&#8243; _module_preset=&#8221;default&#8221; custom_margin=&#8221;20px||40px||false|false&#8221; disabled=&#8221;on&#8221; global_colors_info=&#8221;{}&#8221;][et_pb_column type=&#8221;1_4&#8243; _builder_version=&#8221;4.16&#8243; _module_preset=&#8221;default&#8221; global_colors_info=&#8221;{}&#8221;][et_pb_slider _builder_version=&#8221;4.20.2&#8243; _module_preset=&#8221;default&#8221; custom_margin=&#8221;|30px|||false|false&#8221; global_colors_info=&#8221;{}&#8221;][et_pb_slide button_link=&#8221;https:\/\/fundesplai.org\/mcm\/receptari\/&#8221; _builder_version=&#8221;4.20.2&#8243; _module_preset=&#8221;default&#8221; background_image=&#8221;https:\/\/fundesplai.org\/mcm\/wp-content\/uploads\/sites\/25\/2023\/05\/RECEPTARI_imatge.jpg&#8221; background_enable_image=&#8221;on&#8221; link_option_url=&#8221;https:\/\/fundesplai.org\/mcm\/receptari\/&#8221; text_shadow_style=&#8221;preset1&#8243; text_shadow_blur_strength=&#8221;0.21em&#8221; global_colors_info=&#8221;{}&#8221; sticky_transition=&#8221;on&#8221;][\/et_pb_slide][\/et_pb_slider][\/et_pb_column][et_pb_column type=&#8221;3_4&#8243; _builder_version=&#8221;4.16&#8243; _module_preset=&#8221;default&#8221; global_colors_info=&#8221;{}&#8221;][et_pb_text admin_label=&#8221;RECEPTARI&#8221; _builder_version=&#8221;4.20.2&#8243; _module_preset=&#8221;default&#8221; global_colors_info=&#8221;{}&#8221;]<\/p>\n<p><strong>EL RECEPTARI<br \/><\/strong><\/p>\n<p>Receptari amb 50 receptes f\u00e0cils, saludables, sostenibles i atractives per als infants per cuinar en fam\u00edlia, a l&#8217;escola o l&#8217;esplai. Receptes de les nostres cuines i dels infants de les escoles i esplais on estem presents. Descarregable en PDF!<\/p>\n<p>[\/et_pb_text][et_pb_button button_url=&#8221;https:\/\/fundesplai.org\/mcm\/receptari\/&#8221; button_text=&#8221;Descobreix el receptari!&#8221; admin_label=&#8221;Button&#8221; _builder_version=&#8221;4.20.2&#8243; _module_preset=&#8221;default&#8221; custom_margin=&#8221;20px||||false|false&#8221; global_colors_info=&#8221;{}&#8221;][\/et_pb_button][\/et_pb_column][\/et_pb_row][\/et_pb_section][et_pb_section fb_built=&#8221;1&#8243; admin_label=&#8221;Section&#8221; _builder_version=&#8221;4.16&#8243; global_module=&#8221;2343&#8243; locked=&#8221;off&#8221; collapsed=&#8221;off&#8221; global_colors_info=&#8221;{}&#8221;][et_pb_row _builder_version=&#8221;4.16&#8243; custom_margin=&#8221;50px||50px||true|false&#8221; custom_margin_tablet=&#8221;&#8221; custom_margin_phone=&#8221;30px||30px||true|false&#8221; custom_margin_last_edited=&#8221;on|desktop&#8221; global_colors_info=&#8221;{}&#8221;][et_pb_column type=&#8221;4_4&#8243; _builder_version=&#8221;4.16&#8243; global_colors_info=&#8221;{}&#8221;][et_pb_text admin_label=&#8221;AMB LA COL\u00b7LABORACI\u00f3 DE&#8221; _builder_version=&#8221;4.19.0&#8243; global_colors_info=&#8221;{}&#8221;]<\/p>\n<h2 style=\"text-align: center\">Amb la col\u00b7laboraci\u00f3 de<\/h2>\n<p>[\/et_pb_text][\/et_pb_column][\/et_pb_row][et_pb_row column_structure=&#8221;1_5,1_5,1_5,1_5,1_5&#8243; admin_label=&#8221;Row col\u00b7laboracions&#8221; _builder_version=&#8221;4.16&#8243; custom_margin=&#8221;50px||50px||true|false&#8221; custom_margin_tablet=&#8221;&#8221; custom_margin_phone=&#8221;30px||30px||true|false&#8221; custom_margin_last_edited=&#8221;on|phone&#8221; locked=&#8221;off&#8221; global_colors_info=&#8221;{}&#8221;][et_pb_column type=&#8221;1_5&#8243; _builder_version=&#8221;4.16&#8243; global_colors_info=&#8221;{}&#8221;][et_pb_image src=&#8221;https:\/\/fundesplai.org\/estima\/wp-content\/uploads\/sites\/30\/2023\/07\/Generalitat.jpg&#8221; title_text=&#8221;Generalitat&#8221; _builder_version=&#8221;4.21.0&#8243; custom_margin=&#8221;|30px||30px|false|true&#8221; global_colors_info=&#8221;{}&#8221;][\/et_pb_image][\/et_pb_column][et_pb_column type=&#8221;1_5&#8243; _builder_version=&#8221;4.16&#8243; global_colors_info=&#8221;{}&#8221;][et_pb_image src=&#8221;https:\/\/fundesplai.org\/estima\/wp-content\/uploads\/sites\/30\/2023\/07\/Diputacio-de-barcelona.jpg&#8221; title_text=&#8221;Diputacio-de-barcelona&#8221; _builder_version=&#8221;4.21.0&#8243; custom_margin=&#8221;|30px||30px|false|true&#8221; global_colors_info=&#8221;{}&#8221;][\/et_pb_image][\/et_pb_column][et_pb_column type=&#8221;1_5&#8243; _builder_version=&#8221;4.16&#8243; global_colors_info=&#8221;{}&#8221;][et_pb_image src=&#8221;https:\/\/fundesplai.org\/estima\/wp-content\/uploads\/sites\/30\/2023\/07\/Ajuntament-de-barcelona.jpg&#8221; title_text=&#8221;Ajuntament-de-barcelona&#8221; _builder_version=&#8221;4.21.0&#8243; custom_margin=&#8221;|30px||30px|false|true&#8221; global_colors_info=&#8221;{}&#8221;][\/et_pb_image][\/et_pb_column][et_pb_column type=&#8221;1_5&#8243; _builder_version=&#8221;4.16&#8243; global_colors_info=&#8221;{}&#8221;][et_pb_image src=&#8221;https:\/\/fundesplai.org\/estima\/wp-content\/uploads\/sites\/30\/2023\/07\/OTROS_FINES_I_S_GOB.jpg&#8221; title_text=&#8221;OTROS_FINES_I_S_GOB&#8221; _builder_version=&#8221;4.21.0&#8243; custom_margin=&#8221;|30px||30px|false|true&#8221; global_colors_info=&#8221;{}&#8221;][\/et_pb_image][\/et_pb_column][et_pb_column type=&#8221;1_5&#8243; _builder_version=&#8221;4.16&#8243; global_colors_info=&#8221;{}&#8221;][et_pb_image src=&#8221;https:\/\/fundesplai.org\/estima\/wp-content\/uploads\/sites\/30\/2023\/07\/agenda2030.jpg&#8221; title_text=&#8221;agenda2030&#8243; _builder_version=&#8221;4.21.0&#8243; custom_margin=&#8221;|30px||30px|false|true&#8221; global_colors_info=&#8221;{}&#8221;][\/et_pb_image][\/et_pb_column][\/et_pb_row][\/et_pb_section]<\/p>\n","protected":false},"excerpt":{"rendered":"<p>Proposta educativa per celebrar la vida amb activitats d&#8217;educaci\u00f3 emocional i reptes per a infants, joves i fam\u00edlies de 0 a 18 anys. Desenvolupament en esplais o altres entorns d&#8217;educaci\u00f3 en el lleure o en escoles. Infantil, Prim\u00e0ria, Secund\u00e0ria.<\/p>\n","protected":false},"author":4,"featured_media":2456,"parent":0,"menu_order":0,"comment_status":"closed","ping_status":"closed","template":"","meta":{"_et_pb_use_builder":"on","_et_pb_old_content":"","_et_gb_content_width":"","footnotes":""},"class_list":["post-81","page","type-page","status-publish","has-post-thumbnail","hentry"],"yoast_head":"<!-- This site is optimized with the Yoast SEO plugin v27.4 - https:\/\/yoast.com\/product\/yoast-seo-wordpress\/ -->\n<title>HOME - Estima<\/title>\n<meta name=\"robots\" content=\"index, follow, max-snippet:-1, max-image-preview:large, max-video-preview:-1\" \/>\n<link rel=\"canonical\" href=\"https:\/\/fundesplai.org\/estima\/\" \/>\n<meta property=\"og:locale\" content=\"ca_ES\" \/>\n<meta property=\"og:type\" content=\"article\" \/>\n<meta property=\"og:title\" content=\"HOME - Estima\" \/>\n<meta property=\"og:description\" content=\"Proposta educativa per celebrar la vida amb activitats d&#039;educaci\u00f3 emocional i reptes per a infants, joves i fam\u00edlies de 0 a 18 anys. Desenvolupament en esplais o altres entorns d&#039;educaci\u00f3 en el lleure o en escoles. Infantil, Prim\u00e0ria, Secund\u00e0ria.\" \/>\n<meta property=\"og:url\" content=\"https:\/\/fundesplai.org\/estima\/\" \/>\n<meta property=\"og:site_name\" content=\"Estima\" \/>\n<meta property=\"article:modified_time\" content=\"2024-09-12T11:28:38+00:00\" \/>\n<meta property=\"og:image\" content=\"https:\/\/fundesplai.org\/estima\/wp-content\/uploads\/sites\/30\/2023\/07\/Logo-rodo-ESTIMA-Fundesplai_BLANC.png\" \/>\n\t<meta property=\"og:image:width\" content=\"1700\" \/>\n\t<meta property=\"og:image:height\" content=\"1700\" \/>\n\t<meta property=\"og:image:type\" content=\"image\/png\" \/>\n<meta name=\"twitter:card\" content=\"summary_large_image\" \/>\n<meta name=\"twitter:label1\" content=\"Temps estimat de lectura\" \/>\n\t<meta name=\"twitter:data1\" content=\"7 minuts\" \/>\n<script type=\"application\/ld+json\" class=\"yoast-schema-graph\">{\"@context\":\"https:\\\/\\\/schema.org\",\"@graph\":[{\"@type\":\"WebPage\",\"@id\":\"https:\\\/\\\/fundesplai.org\\\/estima\\\/\",\"url\":\"https:\\\/\\\/fundesplai.org\\\/estima\\\/\",\"name\":\"HOME - Estima\",\"isPartOf\":{\"@id\":\"https:\\\/\\\/fundesplai.org\\\/estima\\\/#website\"},\"primaryImageOfPage\":{\"@id\":\"https:\\\/\\\/fundesplai.org\\\/estima\\\/#primaryimage\"},\"image\":{\"@id\":\"https:\\\/\\\/fundesplai.org\\\/estima\\\/#primaryimage\"},\"thumbnailUrl\":\"https:\\\/\\\/fundesplai.org\\\/estima\\\/wp-content\\\/uploads\\\/sites\\\/30\\\/2023\\\/07\\\/Logo-rodo-ESTIMA-Fundesplai_BLANC.png\",\"datePublished\":\"2019-08-26T13:15:15+00:00\",\"dateModified\":\"2024-09-12T11:28:38+00:00\",\"breadcrumb\":{\"@id\":\"https:\\\/\\\/fundesplai.org\\\/estima\\\/#breadcrumb\"},\"inLanguage\":\"ca\",\"potentialAction\":[{\"@type\":\"ReadAction\",\"target\":[\"https:\\\/\\\/fundesplai.org\\\/estima\\\/\"]}]},{\"@type\":\"ImageObject\",\"inLanguage\":\"ca\",\"@id\":\"https:\\\/\\\/fundesplai.org\\\/estima\\\/#primaryimage\",\"url\":\"https:\\\/\\\/fundesplai.org\\\/estima\\\/wp-content\\\/uploads\\\/sites\\\/30\\\/2023\\\/07\\\/Logo-rodo-ESTIMA-Fundesplai_BLANC.png\",\"contentUrl\":\"https:\\\/\\\/fundesplai.org\\\/estima\\\/wp-content\\\/uploads\\\/sites\\\/30\\\/2023\\\/07\\\/Logo-rodo-ESTIMA-Fundesplai_BLANC.png\",\"width\":1700,\"height\":1700},{\"@type\":\"BreadcrumbList\",\"@id\":\"https:\\\/\\\/fundesplai.org\\\/estima\\\/#breadcrumb\",\"itemListElement\":[{\"@type\":\"ListItem\",\"position\":1,\"name\":\"Inici\",\"item\":\"\\\/\"},{\"@type\":\"ListItem\",\"position\":2,\"name\":\"Estima\",\"item\":\"https:\\\/\\\/fundesplai.org\\\/estima\"},{\"@type\":\"ListItem\",\"position\":3,\"name\":\"HOME\"}]},{\"@type\":\"WebSite\",\"@id\":\"https:\\\/\\\/fundesplai.org\\\/estima\\\/#website\",\"url\":\"https:\\\/\\\/fundesplai.org\\\/estima\\\/\",\"name\":\"Estima\",\"description\":\"\",\"potentialAction\":[{\"@type\":\"SearchAction\",\"target\":{\"@type\":\"EntryPoint\",\"urlTemplate\":\"https:\\\/\\\/fundesplai.org\\\/estima\\\/?s={search_term_string}\"},\"query-input\":{\"@type\":\"PropertyValueSpecification\",\"valueRequired\":true,\"valueName\":\"search_term_string\"}}],\"inLanguage\":\"ca\"}]}<\/script>\n<!-- \/ Yoast SEO plugin. -->","yoast_head_json":{"title":"HOME - Estima","robots":{"index":"index","follow":"follow","max-snippet":"max-snippet:-1","max-image-preview":"max-image-preview:large","max-video-preview":"max-video-preview:-1"},"canonical":"https:\/\/fundesplai.org\/estima\/","og_locale":"ca_ES","og_type":"article","og_title":"HOME - Estima","og_description":"Proposta educativa per celebrar la vida amb activitats d'educaci\u00f3 emocional i reptes per a infants, joves i fam\u00edlies de 0 a 18 anys. Desenvolupament en esplais o altres entorns d'educaci\u00f3 en el lleure o en escoles. Infantil, Prim\u00e0ria, Secund\u00e0ria.","og_url":"https:\/\/fundesplai.org\/estima\/","og_site_name":"Estima","article_modified_time":"2024-09-12T11:28:38+00:00","og_image":[{"width":1700,"height":1700,"url":"https:\/\/fundesplai.org\/estima\/wp-content\/uploads\/sites\/30\/2023\/07\/Logo-rodo-ESTIMA-Fundesplai_BLANC.png","type":"image\/png"}],"twitter_card":"summary_large_image","twitter_misc":{"Temps estimat de lectura":"7 minuts"},"schema":{"@context":"https:\/\/schema.org","@graph":[{"@type":"WebPage","@id":"https:\/\/fundesplai.org\/estima\/","url":"https:\/\/fundesplai.org\/estima\/","name":"HOME - Estima","isPartOf":{"@id":"https:\/\/fundesplai.org\/estima\/#website"},"primaryImageOfPage":{"@id":"https:\/\/fundesplai.org\/estima\/#primaryimage"},"image":{"@id":"https:\/\/fundesplai.org\/estima\/#primaryimage"},"thumbnailUrl":"https:\/\/fundesplai.org\/estima\/wp-content\/uploads\/sites\/30\/2023\/07\/Logo-rodo-ESTIMA-Fundesplai_BLANC.png","datePublished":"2019-08-26T13:15:15+00:00","dateModified":"2024-09-12T11:28:38+00:00","breadcrumb":{"@id":"https:\/\/fundesplai.org\/estima\/#breadcrumb"},"inLanguage":"ca","potentialAction":[{"@type":"ReadAction","target":["https:\/\/fundesplai.org\/estima\/"]}]},{"@type":"ImageObject","inLanguage":"ca","@id":"https:\/\/fundesplai.org\/estima\/#primaryimage","url":"https:\/\/fundesplai.org\/estima\/wp-content\/uploads\/sites\/30\/2023\/07\/Logo-rodo-ESTIMA-Fundesplai_BLANC.png","contentUrl":"https:\/\/fundesplai.org\/estima\/wp-content\/uploads\/sites\/30\/2023\/07\/Logo-rodo-ESTIMA-Fundesplai_BLANC.png","width":1700,"height":1700},{"@type":"BreadcrumbList","@id":"https:\/\/fundesplai.org\/estima\/#breadcrumb","itemListElement":[{"@type":"ListItem","position":1,"name":"Inici","item":"\/"},{"@type":"ListItem","position":2,"name":"Estima","item":"https:\/\/fundesplai.org\/estima"},{"@type":"ListItem","position":3,"name":"HOME"}]},{"@type":"WebSite","@id":"https:\/\/fundesplai.org\/estima\/#website","url":"https:\/\/fundesplai.org\/estima\/","name":"Estima","description":"","potentialAction":[{"@type":"SearchAction","target":{"@type":"EntryPoint","urlTemplate":"https:\/\/fundesplai.org\/estima\/?s={search_term_string}"},"query-input":{"@type":"PropertyValueSpecification","valueRequired":true,"valueName":"search_term_string"}}],"inLanguage":"ca"}]}},"_links":{"self":[{"href":"https:\/\/fundesplai.org\/estima\/wp-json\/wp\/v2\/pages\/81","targetHints":{"allow":["GET"]}}],"collection":[{"href":"https:\/\/fundesplai.org\/estima\/wp-json\/wp\/v2\/pages"}],"about":[{"href":"https:\/\/fundesplai.org\/estima\/wp-json\/wp\/v2\/types\/page"}],"author":[{"embeddable":true,"href":"https:\/\/fundesplai.org\/estima\/wp-json\/wp\/v2\/users\/4"}],"replies":[{"embeddable":true,"href":"https:\/\/fundesplai.org\/estima\/wp-json\/wp\/v2\/comments?post=81"}],"version-history":[{"count":53,"href":"https:\/\/fundesplai.org\/estima\/wp-json\/wp\/v2\/pages\/81\/revisions"}],"predecessor-version":[{"id":2811,"href":"https:\/\/fundesplai.org\/estima\/wp-json\/wp\/v2\/pages\/81\/revisions\/2811"}],"wp:featuredmedia":[{"embeddable":true,"href":"https:\/\/fundesplai.org\/estima\/wp-json\/wp\/v2\/media\/2456"}],"wp:attachment":[{"href":"https:\/\/fundesplai.org\/estima\/wp-json\/wp\/v2\/media?parent=81"}],"curies":[{"name":"wp","href":"https:\/\/api.w.org\/{rel}","templated":true}]}}