{"id":604,"date":"2023-07-11T14:00:46","date_gmt":"2023-07-11T12:00:46","guid":{"rendered":"https:\/\/fundesplai.org\/esplaismessostenibles\/?page_id=604"},"modified":"2023-07-13T12:17:10","modified_gmt":"2023-07-13T10:17:10","slug":"activitats","status":"publish","type":"page","link":"https:\/\/fundesplai.org\/esplaismessostenibles\/activitats\/","title":{"rendered":"Activitats"},"content":{"rendered":"<p>[et_pb_section fb_built=&#8221;1&#8243; _builder_version=&#8221;4.21.0&#8243; _module_preset=&#8221;default&#8221; global_colors_info=&#8221;{}&#8221;][et_pb_row _builder_version=&#8221;4.21.0&#8243; _module_preset=&#8221;default&#8221; global_colors_info=&#8221;{}&#8221;][et_pb_column type=&#8221;4_4&#8243; _builder_version=&#8221;4.21.0&#8243; _module_preset=&#8221;default&#8221; global_colors_info=&#8221;{}&#8221;][et_pb_post_title meta=&#8221;off&#8221; featured_image=&#8221;off&#8221; _builder_version=&#8221;4.21.0&#8243; _module_preset=&#8221;default&#8221; global_colors_info=&#8221;{}&#8221;][\/et_pb_post_title][et_pb_accordion _builder_version=&#8221;4.21.0&#8243; _module_preset=&#8221;default&#8221; hover_enabled=&#8221;0&#8243; global_colors_info=&#8221;{}&#8221; sticky_enabled=&#8221;0&#8243;][et_pb_accordion_item title=&#8221;Embolcalls m\u00e9s sostenibles&#8221; open=&#8221;on&#8221; _builder_version=&#8221;4.21.0&#8243; _module_preset=&#8221;default&#8221; hover_enabled=&#8221;0&#8243; global_colors_info=&#8221;{}&#8221; sticky_enabled=&#8221;0&#8243;]<\/p>\n<h3>El millor residu \u00e9s el que no es genera!<\/h3>\n<h4>Recull d\u2019activitats per treballar la\u00a0prevenci\u00f3 dels residus<\/h4>\n<ol>\n<li><a href=\"https:\/\/fundesplai.org\/banc-recursos\/recurs\/investiguem-els-residus-que-generem\/\"><strong>Investiguem els residus que generem.<\/strong><\/a>\u00a0L\u2019activitat planteja fer una diagnosi sobre els residus que generem a l\u2019esplai a partir de l\u2019an\u00e0lisi dels embolcalls dels esmorzars i\/o berenars i d\u2019una reflexi\u00f3 sobre els nostres h\u00e0bits alimentaris.<\/li>\n<li><strong><a href=\"https:\/\/fundesplai.org\/banc-recursos\/recurs\/bola-dalumini\/\">Bola d\u2019Alumini!<\/a><\/strong><strong>\u00a0<\/strong>Descoberta de les propietats de l\u2019alumini i del seu impacte al medi ambient, per a prendre\u00a0consci\u00e8ncia sobre la necessitat de consumir-lo amb mesura i responsabilitat.<\/li>\n<li><a href=\"https:\/\/fundesplai.org\/banc-recursos\/recurs\/les-3-rs\/\"><strong>Les 3 R\u2019s.\u00a0<\/strong><\/a>Definir i aclarir qu\u00e8 s\u00f3n les 3 R\u2019s i com ho podem aplicar aquesta estrat\u00e8gia en\u00a0 la nostra vida quotidiana.\u00a0<a href=\"https:\/\/projectes.fundesplai.org\/esplaismessostenibles\/wp-content\/uploads\/sites\/13\/2014\/09\/Env%C3%A0s-on-vas_M%C3%A0gic_ES.pdf\"><strong>Joc env\u00e0s on vas? <\/strong><\/a>Basat\u00a0en el joc editat per la Generalitat, l\u2019activitat \u00e9s un divertit joc per aprendre a separar els residus.<\/li>\n<li><strong><a href=\"https:\/\/fundesplai.org\/banc-recursos\/recurs\/eureka\/\">Eureka!<\/a>\u00a0<\/strong>Vivim immersos en la cultura de l\u2019acumulaci\u00f3 i del \u201ccomprar \u2013 usar \u2013 llen\u00e7ar\u201d. L\u2019activitat ens convida a reflexionar sobre aquesta q\u00fcesti\u00f3 i a pensar creativament sobre quins altres usos poden tenir els residus i els objectes que llancem.<\/li>\n<li><a href=\"https:\/\/fundesplai.org\/banc-recursos\/wp-content\/uploads\/sites\/28\/2023\/07\/Ens-comprometem_Aigua_ES_Fundesplai.pdf\"><strong>Ens comprometem!<\/strong><\/a> Activitat\u00a0de tancament del bloc tem\u00e0tic. A qu\u00e8 ens comprometem? Com farem el seguiment de les accions? Qui i com les avaluarem?<\/li>\n<\/ol>\n<p>[\/et_pb_accordion_item][et_pb_accordion_item title=&#8221;Aigua, font de vida!&#8221; _builder_version=&#8221;4.21.0&#8243; _module_preset=&#8221;default&#8221; hover_enabled=&#8221;0&#8243; global_colors_info=&#8221;{}&#8221; open=&#8221;off&#8221; sticky_enabled=&#8221;0&#8243;]<\/p>\n<h3>L\u2019aigua \u00e9s un b\u00e9 com\u00fa imprescindible per a la vida, que cal preservar a partir de l\u2019estalvi i de reduir la brut\u00edcia que hi aboquem.<\/h3>\n<h4>Recull d\u2019activitats per treballar la gesti\u00f3 de l\u2019aigua<\/h4>\n<ol>\n<li><a href=\"https:\/\/fundesplai.org\/banc-recursos\/recurs\/laigua-un-gran-tresor\/\"><strong>L\u2019aigua un gran tresor!<\/strong>\u00a0<\/a>L\u2019activitat planteja una revisi\u00f3 dels nostres h\u00e0bits quotidians per adonar-nos de quant \u00e9s d\u2019important l\u2019aigua a les nostres vides.<\/li>\n<li><a href=\"https:\/\/fundesplai.org\/banc-recursos\/recurs\/gimcana-cuidem-laigua\/\"><strong>Gimcana Cuidem l\u2019aigua!<\/strong><\/a> Algunes de les q\u00fcestions que abordem a trav\u00e9s d\u2019aquesta gimcana s\u00f3n: el cicle de l\u2019aigua, subst\u00e0ncies que la contaminen, l\u2019acc\u00e9s a l\u2019aigua en un m\u00f3n desigual h\u00e0bits per fer-ne un \u00fas racional, etc.<\/li>\n<li><a href=\"https:\/\/fundesplai.org\/banc-recursos\/recurs\/aigua-magica\/\"><strong>Aigua m\u00e0gica<\/strong><\/a>. La finalitat d\u2019aquesta activitat \u00e9s apropar-nos a l\u2019aigua, con\u00e8ixer les seves propietats a trav\u00e9s de l\u2019experimentaci\u00f3 i despertar la curiositat dels nois i noies envers aquest element per aprendre a apreciar-lo i a valorar-lo.<\/li>\n<li><a href=\"https:\/\/fundesplai.org\/banc-recursos\/recurs\/ecoauditoria-de-laigua\/\"><strong>Eco- auditoria de l\u2019aigua.<\/strong><\/a> Activitat central que planteja fer una diagnosi sobre la gesti\u00f3 de l\u2019aigua a l\u2019esplai per comprendre les problem\u00e0tiques associades al malbaratament de l\u2019aigua i fer-ne un \u00fas m\u00e9s responsable. Ens comprometem! Activitat de tancament del bloc tem\u00e0tic.<\/li>\n<li><a href=\"https:\/\/fundesplai.org\/banc-recursos\/wp-content\/uploads\/sites\/28\/2023\/07\/Ens-comprometem_Aigua_ES_Fundesplai.pdf\"><strong>A qu\u00e8 ens comprometem? <\/strong><\/a>Com farem el seguiment de les accions? Qui i com les avaluarem?<\/li>\n<\/ol>\n<p>[\/et_pb_accordion_item][et_pb_accordion_item title=&#8221;Millorar l&#8217;entorn&#8221; _builder_version=&#8221;4.21.0&#8243; _module_preset=&#8221;default&#8221; global_colors_info=&#8221;{}&#8221; open=&#8221;off&#8221;]<\/p>\n<h3>La salut de l\u2019entorn \u00e9s la salut de tots i totes!<\/h3>\n<h4>Recull d\u2019activitats per treballar la millora de l\u2019entorn<\/h4>\n<p><strong>1. La<a href=\"https:\/\/fundesplai.org\/banc-recursos\/recurs\/la-natura-fantastica-del-barri\/\">\u00a0natura fant\u00e0stica del barri.\u00a0<\/a><\/strong>Observar<strong>\u00a0<\/strong>i experimentar els elements que conformen les zones verdes del barri i perqu\u00e8 els nois i noies puguin arribar a tenir un comprom\u00eds de millora i d\u2019estima pel seu entorn m\u00e9s proper.<\/p>\n<p><strong>2.\u00a0<a href=\"https:\/\/fundesplai.org\/banc-recursos\/recurs\/fauna-misteriosa-al-barri\/\">Fauna misteriosa al barri!<\/a>\u00a0<\/strong>Activitat art\u00edstica\u00a0amb\u00a0deixalles trobades\u00a0al barri per conscienciar el ve\u00efnat sobre la quantitat de residus que hi aboquem.<\/p>\n<p><strong>3.<a href=\"https:\/\/fundesplai.org\/banc-recursos\/recurs\/projecte-rius\/\">\u00a0Projecte Rius<\/a>.<\/strong> Iniciativa desenvolupada per Associaci\u00f3 H\u00e0bitats. Aquesta acci\u00f3 fomenta l\u2019apropament de les persones al riu i permet con\u00e8ixer com s\u00f3n i com funcionen els ecosistemes fluvials, els organismes que hi podem trobar, la seva import\u00e0ncia ambiental i social, aix\u00ed com els problemes que pateixen i qu\u00e8 podem fer per millorar-los.<\/p>\n<p>[\/et_pb_accordion_item][\/et_pb_accordion][\/et_pb_column][\/et_pb_row][et_pb_row column_structure=&#8221;1_3,1_3,1_3&#8243; module_class=&#8221; et_pb_row_fullwidth&#8221; _builder_version=&#8221;4.17.4&#8243; _module_preset=&#8221;default&#8221; width=&#8221;100%&#8221; max_width=&#8221;100%&#8221; custom_margin=&#8221;40px||||false|false&#8221; locked=&#8221;off&#8221; global_colors_info=&#8221;{}&#8221;][et_pb_column type=&#8221;1_3&#8243; _builder_version=&#8221;4.17.4&#8243; _module_preset=&#8221;default&#8221; global_colors_info=&#8221;{}&#8221;][et_pb_image src=&#8221;https:\/\/fundesplai.org\/esplaismessostenibles\/wp-content\/uploads\/sites\/12\/2023\/07\/Embolcalls-mes-sostenibles.jpg&#8221; alt=&#8221;Embolcalls m\u00e9s sostenibles&#8221; title_text=&#8221;Embolcalls m\u00e9s sostenibles&#8221; _builder_version=&#8221;4.21.0&#8243; _module_preset=&#8221;default&#8221; global_colors_info=&#8221;{}&#8221;][\/et_pb_image][\/et_pb_column][et_pb_column type=&#8221;1_3&#8243; _builder_version=&#8221;4.17.4&#8243; _module_preset=&#8221;default&#8221; global_colors_info=&#8221;{}&#8221;][et_pb_image src=&#8221;https:\/\/fundesplai.org\/esplaismessostenibles\/wp-content\/uploads\/sites\/12\/2023\/07\/Aigua-font-de-vida.jpg&#8221; alt=&#8221;Aigua font de vida&#8221; title_text=&#8221;Aigua font de vida&#8221; _builder_version=&#8221;4.21.0&#8243; _module_preset=&#8221;default&#8221; global_colors_info=&#8221;{}&#8221;][\/et_pb_image][\/et_pb_column][et_pb_column type=&#8221;1_3&#8243; _builder_version=&#8221;4.17.4&#8243; _module_preset=&#8221;default&#8221; global_colors_info=&#8221;{}&#8221;][et_pb_image src=&#8221;https:\/\/fundesplai.org\/esplaismessostenibles\/wp-content\/uploads\/sites\/12\/2023\/07\/Activitats-per-millorar-lentorn.jpg&#8221; alt=&#8221;Activitats per millorar l&#8217;entorn&#8221; title_text=&#8221;Activitats per millorar l&#8217;entorn&#8221; _builder_version=&#8221;4.21.0&#8243; _module_preset=&#8221;default&#8221; global_colors_info=&#8221;{}&#8221;][\/et_pb_image][\/et_pb_column][\/et_pb_row][\/et_pb_section]<\/p>\n","protected":false},"excerpt":{"rendered":"<p>El millor residu \u00e9s el que no es genera! Recull d\u2019activitats per treballar la\u00a0prevenci\u00f3 dels residus Investiguem els residus que generem.\u00a0L\u2019activitat planteja fer una diagnosi sobre els residus que generem a l\u2019esplai a partir de l\u2019an\u00e0lisi dels embolcalls dels esmorzars i\/o berenars i d\u2019una reflexi\u00f3 sobre els nostres h\u00e0bits alimentaris. Bola d\u2019Alumini!\u00a0Descoberta de les propietats [&hellip;]<\/p>\n","protected":false},"author":27,"featured_media":0,"parent":0,"menu_order":0,"comment_status":"closed","ping_status":"closed","template":"","meta":{"_et_pb_use_builder":"on","_et_pb_old_content":"","_et_gb_content_width":"","footnotes":""},"class_list":["post-604","page","type-page","status-publish","hentry"],"yoast_head":"<!-- This site is optimized with the Yoast SEO plugin v27.3 - https:\/\/yoast.com\/product\/yoast-seo-wordpress\/ -->\n<title>Activitats - Esplais M\u00e9s Sostenibles<\/title>\n<meta name=\"robots\" content=\"index, follow, max-snippet:-1, max-image-preview:large, max-video-preview:-1\" \/>\n<link rel=\"canonical\" href=\"https:\/\/fundesplai.org\/esplaismessostenibles\/activitats\/\" \/>\n<meta property=\"og:locale\" content=\"ca_ES\" \/>\n<meta property=\"og:type\" content=\"article\" \/>\n<meta property=\"og:title\" content=\"Activitats - Esplais M\u00e9s Sostenibles\" \/>\n<meta property=\"og:description\" content=\"El millor residu \u00e9s el que no es genera! Recull d\u2019activitats per treballar la\u00a0prevenci\u00f3 dels residus Investiguem els residus que generem.\u00a0L\u2019activitat planteja fer una diagnosi sobre els residus que generem a l\u2019esplai a partir de l\u2019an\u00e0lisi dels embolcalls dels esmorzars i\/o berenars i d\u2019una reflexi\u00f3 sobre els nostres h\u00e0bits alimentaris. Bola d\u2019Alumini!\u00a0Descoberta de les propietats [&hellip;]\" \/>\n<meta property=\"og:url\" content=\"https:\/\/fundesplai.org\/esplaismessostenibles\/activitats\/\" \/>\n<meta property=\"og:site_name\" content=\"Esplais M\u00e9s Sostenibles\" \/>\n<meta property=\"article:modified_time\" content=\"2023-07-13T10:17:10+00:00\" \/>\n<meta name=\"twitter:card\" content=\"summary_large_image\" \/>\n<meta name=\"twitter:label1\" content=\"Temps estimat de lectura\" \/>\n\t<meta name=\"twitter:data1\" content=\"4 minuts\" \/>\n<script type=\"application\/ld+json\" class=\"yoast-schema-graph\">{\"@context\":\"https:\\\/\\\/schema.org\",\"@graph\":[{\"@type\":\"WebPage\",\"@id\":\"https:\\\/\\\/fundesplai.org\\\/esplaismessostenibles\\\/activitats\\\/\",\"url\":\"https:\\\/\\\/fundesplai.org\\\/esplaismessostenibles\\\/activitats\\\/\",\"name\":\"Activitats - Esplais M\u00e9s Sostenibles\",\"isPartOf\":{\"@id\":\"https:\\\/\\\/fundesplai.org\\\/esplaismessostenibles\\\/#website\"},\"datePublished\":\"2023-07-11T12:00:46+00:00\",\"dateModified\":\"2023-07-13T10:17:10+00:00\",\"breadcrumb\":{\"@id\":\"https:\\\/\\\/fundesplai.org\\\/esplaismessostenibles\\\/activitats\\\/#breadcrumb\"},\"inLanguage\":\"ca\",\"potentialAction\":[{\"@type\":\"ReadAction\",\"target\":[\"https:\\\/\\\/fundesplai.org\\\/esplaismessostenibles\\\/activitats\\\/\"]}]},{\"@type\":\"BreadcrumbList\",\"@id\":\"https:\\\/\\\/fundesplai.org\\\/esplaismessostenibles\\\/activitats\\\/#breadcrumb\",\"itemListElement\":[{\"@type\":\"ListItem\",\"position\":1,\"name\":\"Inici\",\"item\":\"\\\/\"},{\"@type\":\"ListItem\",\"position\":2,\"name\":\"Esplais M\u00e9s Sostenibles\",\"item\":\"https:\\\/\\\/fundesplai.org\\\/esplaismessostenibles\"},{\"@type\":\"ListItem\",\"position\":3,\"name\":\"Activitats\"}]},{\"@type\":\"WebSite\",\"@id\":\"https:\\\/\\\/fundesplai.org\\\/esplaismessostenibles\\\/#website\",\"url\":\"https:\\\/\\\/fundesplai.org\\\/esplaismessostenibles\\\/\",\"name\":\"Esplais M\u00e9s Sostenibles\",\"description\":\"Proposta educativa de Fundesplai\",\"potentialAction\":[{\"@type\":\"SearchAction\",\"target\":{\"@type\":\"EntryPoint\",\"urlTemplate\":\"https:\\\/\\\/fundesplai.org\\\/esplaismessostenibles\\\/?s={search_term_string}\"},\"query-input\":{\"@type\":\"PropertyValueSpecification\",\"valueRequired\":true,\"valueName\":\"search_term_string\"}}],\"inLanguage\":\"ca\"}]}<\/script>\n<!-- \/ Yoast SEO plugin. -->","yoast_head_json":{"title":"Activitats - Esplais M\u00e9s Sostenibles","robots":{"index":"index","follow":"follow","max-snippet":"max-snippet:-1","max-image-preview":"max-image-preview:large","max-video-preview":"max-video-preview:-1"},"canonical":"https:\/\/fundesplai.org\/esplaismessostenibles\/activitats\/","og_locale":"ca_ES","og_type":"article","og_title":"Activitats - Esplais M\u00e9s Sostenibles","og_description":"El millor residu \u00e9s el que no es genera! Recull d\u2019activitats per treballar la\u00a0prevenci\u00f3 dels residus Investiguem els residus que generem.\u00a0L\u2019activitat planteja fer una diagnosi sobre els residus que generem a l\u2019esplai a partir de l\u2019an\u00e0lisi dels embolcalls dels esmorzars i\/o berenars i d\u2019una reflexi\u00f3 sobre els nostres h\u00e0bits alimentaris. Bola d\u2019Alumini!\u00a0Descoberta de les propietats [&hellip;]","og_url":"https:\/\/fundesplai.org\/esplaismessostenibles\/activitats\/","og_site_name":"Esplais M\u00e9s Sostenibles","article_modified_time":"2023-07-13T10:17:10+00:00","twitter_card":"summary_large_image","twitter_misc":{"Temps estimat de lectura":"4 minuts"},"schema":{"@context":"https:\/\/schema.org","@graph":[{"@type":"WebPage","@id":"https:\/\/fundesplai.org\/esplaismessostenibles\/activitats\/","url":"https:\/\/fundesplai.org\/esplaismessostenibles\/activitats\/","name":"Activitats - Esplais M\u00e9s Sostenibles","isPartOf":{"@id":"https:\/\/fundesplai.org\/esplaismessostenibles\/#website"},"datePublished":"2023-07-11T12:00:46+00:00","dateModified":"2023-07-13T10:17:10+00:00","breadcrumb":{"@id":"https:\/\/fundesplai.org\/esplaismessostenibles\/activitats\/#breadcrumb"},"inLanguage":"ca","potentialAction":[{"@type":"ReadAction","target":["https:\/\/fundesplai.org\/esplaismessostenibles\/activitats\/"]}]},{"@type":"BreadcrumbList","@id":"https:\/\/fundesplai.org\/esplaismessostenibles\/activitats\/#breadcrumb","itemListElement":[{"@type":"ListItem","position":1,"name":"Inici","item":"\/"},{"@type":"ListItem","position":2,"name":"Esplais M\u00e9s Sostenibles","item":"https:\/\/fundesplai.org\/esplaismessostenibles"},{"@type":"ListItem","position":3,"name":"Activitats"}]},{"@type":"WebSite","@id":"https:\/\/fundesplai.org\/esplaismessostenibles\/#website","url":"https:\/\/fundesplai.org\/esplaismessostenibles\/","name":"Esplais M\u00e9s Sostenibles","description":"Proposta educativa de Fundesplai","potentialAction":[{"@type":"SearchAction","target":{"@type":"EntryPoint","urlTemplate":"https:\/\/fundesplai.org\/esplaismessostenibles\/?s={search_term_string}"},"query-input":{"@type":"PropertyValueSpecification","valueRequired":true,"valueName":"search_term_string"}}],"inLanguage":"ca"}]}},"_links":{"self":[{"href":"https:\/\/fundesplai.org\/esplaismessostenibles\/wp-json\/wp\/v2\/pages\/604","targetHints":{"allow":["GET"]}}],"collection":[{"href":"https:\/\/fundesplai.org\/esplaismessostenibles\/wp-json\/wp\/v2\/pages"}],"about":[{"href":"https:\/\/fundesplai.org\/esplaismessostenibles\/wp-json\/wp\/v2\/types\/page"}],"author":[{"embeddable":true,"href":"https:\/\/fundesplai.org\/esplaismessostenibles\/wp-json\/wp\/v2\/users\/27"}],"replies":[{"embeddable":true,"href":"https:\/\/fundesplai.org\/esplaismessostenibles\/wp-json\/wp\/v2\/comments?post=604"}],"version-history":[{"count":8,"href":"https:\/\/fundesplai.org\/esplaismessostenibles\/wp-json\/wp\/v2\/pages\/604\/revisions"}],"predecessor-version":[{"id":669,"href":"https:\/\/fundesplai.org\/esplaismessostenibles\/wp-json\/wp\/v2\/pages\/604\/revisions\/669"}],"wp:attachment":[{"href":"https:\/\/fundesplai.org\/esplaismessostenibles\/wp-json\/wp\/v2\/media?parent=604"}],"curies":[{"name":"wp","href":"https:\/\/api.w.org\/{rel}","templated":true}]}}