{"id":34,"date":"2014-04-09T12:17:14","date_gmt":"2014-04-09T10:17:14","guid":{"rendered":"http:\/\/projectes.fundesplai.org\/esplaismessostenibles\/?page_id=34"},"modified":"2023-03-13T10:07:09","modified_gmt":"2023-03-13T08:07:09","slug":"objectius","status":"publish","type":"page","link":"https:\/\/fundesplai.org\/esplaismessostenibles\/","title":{"rendered":"Presentaci\u00f3"},"content":{"rendered":"<p>[et_pb_section fb_built=&#8221;1&#8243; fullwidth=&#8221;on&#8221; _builder_version=&#8221;4.19.0&#8243; _module_preset=&#8221;default&#8221; global_colors_info=&#8221;{}&#8221;][et_pb_fullwidth_image src=&#8221;https:\/\/fundesplai.org\/esplaismessostenibles\/wp-content\/uploads\/sites\/12\/2023\/03\/portada_esplais.jpg&#8221; title_text=&#8221;portada_esplais&#8221; _builder_version=&#8221;4.19.0&#8243; _module_preset=&#8221;default&#8221; global_colors_info=&#8221;{}&#8221;][\/et_pb_fullwidth_image][\/et_pb_section][et_pb_section fb_built=&#8221;1&#8243; _builder_version=&#8221;4.19.0&#8243; _module_preset=&#8221;default&#8221; global_colors_info=&#8221;{}&#8221;][et_pb_row _builder_version=&#8221;4.19.0&#8243; _module_preset=&#8221;default&#8221; global_colors_info=&#8221;{}&#8221;][et_pb_column type=&#8221;4_4&#8243; _builder_version=&#8221;4.19.0&#8243; _module_preset=&#8221;default&#8221; global_colors_info=&#8221;{}&#8221;][et_pb_text admin_label=&#8221;Qu\u00e8 \u00e9s?&#8221; _builder_version=&#8221;4.19.0&#8243; _module_preset=&#8221;default&#8221; custom_margin=&#8221;50px||||false|false&#8221; locked=&#8221;off&#8221; global_colors_info=&#8221;{}&#8221;]<\/p>\n<h2 style=\"text-align: center\">Qu\u00e8 \u00e9s?<\/h2>\n<p>[\/et_pb_text][et_pb_text _builder_version=&#8221;4.19.0&#8243; _module_preset=&#8221;default&#8221; text_text_color_last_edited=&#8221;off|desktop&#8221; locked=&#8221;off&#8221; global_colors_info=&#8221;{}&#8221;]<\/p>\n<p style=\"text-align: center\"><strong>Esplais m\u00e9s Sostenibles<\/strong> \u00e9s la segona campanya emmarcada en la <a href=\"https:\/\/projectes.fundesplai.org\/b612\/\">Proposta Educativa B612, per un consum conscient i sostenible\u00a0<\/a>que t\u00e9 per objectiu sensibilitzar sobre l\u2019impacte del nostre consum en el medi ambient. Tots els centres d\u2019esplai de la Federaci\u00f3 Catalana de l\u2019Esplai que s\u2019adhereixin a la campanya i assumeixin els <a href=\"https:\/\/projectes.fundesplai.org\/esplaismessostenibles\/esmorzars-i-berenars-sostenibles\/fases-de-la-campanya\/\">compromisos<\/a>\u00a0rebran el\u00a0<a href=\"https:\/\/projectes.fundesplai.org\/esplaismessostenibles\/esmorzars-i-berenars-sostenibles\/fases-de-la-campanya\/\">distintiu \u201cEsplais m\u00e9s Sostenibles\u201d<\/a>.\u00a0Un reconeixement a la seva tasca i un est\u00edmul per seguir treballant envers la sostenibilitat.\u00a0<\/p>\n<p>[\/et_pb_text][et_pb_button button_url=&#8221;https:\/\/fundesplai.org\/b612\/wp-content\/uploads\/sites\/20\/2014\/09\/Marc-Teoric-Prposta-Educativa-B612.pdf&#8221; url_new_window=&#8221;on&#8221; button_text=&#8221;Descarrega&#8217;t el quadern pedag\u00f2gic&#8221; button_alignment=&#8221;center&#8221; admin_label=&#8221;bot\u00f3 Descarrega&#8217;t el quadern pedag\u00f2gic&#8221; _builder_version=&#8221;4.19.0&#8243; _module_preset=&#8221;default&#8221; custom_margin=&#8221;30px||30px||false|false&#8221; hover_enabled=&#8221;0&#8243; locked=&#8221;off&#8221; global_colors_info=&#8221;{}&#8221; sticky_enabled=&#8221;0&#8243;][\/et_pb_button][\/et_pb_column][\/et_pb_row][\/et_pb_section][et_pb_section fb_built=&#8221;1&#8243; _builder_version=&#8221;4.17.4&#8243; _module_preset=&#8221;default&#8221; locked=&#8221;off&#8221; global_colors_info=&#8221;{}&#8221;][et_pb_row _builder_version=&#8221;4.17.4&#8243; _module_preset=&#8221;default&#8221; locked=&#8221;off&#8221; global_colors_info=&#8221;{}&#8221;][et_pb_column type=&#8221;4_4&#8243; _builder_version=&#8221;4.17.4&#8243; _module_preset=&#8221;default&#8221; global_colors_info=&#8221;{}&#8221;][et_pb_text admin_label=&#8221;Objectius&#8221; _builder_version=&#8221;4.19.0&#8243; _module_preset=&#8221;default&#8221; custom_margin=&#8221;40px||30px||false|false&#8221; global_colors_info=&#8221;{}&#8221;]<\/p>\n<h2>Objectius de la proposta<\/h2>\n<p>[\/et_pb_text][\/et_pb_column][\/et_pb_row][et_pb_row column_structure=&#8221;1_2,1_2&#8243; use_custom_gutter=&#8221;on&#8221; gutter_width=&#8221;4&#8243; module_class=&#8221;graella-icona-circular-giratoria&#8221; _builder_version=&#8221;4.17.4&#8243; locked=&#8221;off&#8221; global_colors_info=&#8221;{}&#8221;][et_pb_column type=&#8221;1_2&#8243; _builder_version=&#8221;4.16&#8243; custom_padding=&#8221;|||&#8221; global_colors_info=&#8221;{}&#8221; custom_padding__hover=&#8221;|||&#8221;][et_pb_blurb title=&#8221;Nous estils de vida&#8221; use_icon=&#8221;on&#8221; font_icon=&#8221;&#xf01e;||fa||900&#8243; icon_color=&#8221;#333333&#8243; icon_placement=&#8221;left&#8221; _builder_version=&#8221;4.19.0&#8243; custom_margin=&#8221;||0px|&#8221; z_index_tablet=&#8221;500&#8243; global_colors_info=&#8221;{}&#8221;]<\/p>\n<p><strong>Fomentar una opci\u00f3 de consum m\u00e9s respectuosa<\/strong> amb el medi i la nostra salut i fomentar nous estils de vida.<\/p>\n<p>\u200b<\/p>\n<p>[\/et_pb_blurb][\/et_pb_column][et_pb_column type=&#8221;1_2&#8243; _builder_version=&#8221;4.16&#8243; custom_padding=&#8221;|||&#8221; global_colors_info=&#8221;{}&#8221; custom_padding__hover=&#8221;|||&#8221;][et_pb_blurb title=&#8221;Conscienciaci\u00f3&#8221; use_icon=&#8221;on&#8221; font_icon=&#8221;&#xe08f;||fa||900&#8243; icon_color=&#8221;#333333&#8243; icon_placement=&#8221;left&#8221; _builder_version=&#8221;4.19.0&#8243; custom_margin=&#8221;||0px|&#8221; z_index_tablet=&#8221;500&#8243; global_colors_info=&#8221;{}&#8221;]<\/p>\n<p><strong>\u200bPromoure la conscienciaci\u00f3 envers la prevenci\u00f3 de residus<\/strong>: minimitzar-los, especialment envasos i embalatges i altres productes d&#8217;un sol \u00fas.<\/p>\n<p>[\/et_pb_blurb][\/et_pb_column][\/et_pb_row][et_pb_row column_structure=&#8221;1_2,1_2&#8243; use_custom_gutter=&#8221;on&#8221; gutter_width=&#8221;4&#8243; module_class=&#8221;graella-icona-circular-giratoria&#8221; _builder_version=&#8221;4.17.4&#8243; locked=&#8221;off&#8221; global_colors_info=&#8221;{}&#8221;][et_pb_column type=&#8221;1_2&#8243; _builder_version=&#8221;4.16&#8243; custom_padding=&#8221;|||&#8221; global_colors_info=&#8221;{}&#8221; custom_padding__hover=&#8221;|||&#8221;][et_pb_blurb title=&#8221;Reduir consum&#8221; use_icon=&#8221;on&#8221; font_icon=&#8221;&#xf4c1;||fa||900&#8243; icon_color=&#8221;#333333&#8243; icon_placement=&#8221;left&#8221; _builder_version=&#8221;4.19.0&#8243; custom_margin=&#8221;||0px|&#8221; z_index_tablet=&#8221;500&#8243; global_colors_info=&#8221;{}&#8221;]<\/p>\n<p><strong>Reflexionar sobre el valor de l\u2019aigua<\/strong>, reduir el seu consum i incrementar l\u2019efici\u00e8ncia en el seu \u00fas.<\/p>\n<p>\u200b<\/p>\n<p>[\/et_pb_blurb][\/et_pb_column][et_pb_column type=&#8221;1_2&#8243; _builder_version=&#8221;4.16&#8243; custom_padding=&#8221;|||&#8221; global_colors_info=&#8221;{}&#8221; custom_padding__hover=&#8221;|||&#8221;][et_pb_blurb title=&#8221;Accions de mobilitat ciutadana&#8221; use_icon=&#8221;on&#8221; font_icon=&#8221;&#xf6de;||fa||900&#8243; icon_color=&#8221;#333333&#8243; icon_placement=&#8221;left&#8221; _builder_version=&#8221;4.19.0&#8243; custom_margin=&#8221;||0px|&#8221; z_index_tablet=&#8221;500&#8243; global_colors_info=&#8221;{}&#8221;]<\/p>\n<p>Millorar la<strong> qualitat de l\u2019entorn proper<\/strong>, duent a terme accions de mobilitzaci\u00f3 ciutadana i de den\u00fancia per aconseguir espais m\u00e9s verds i saludables.<\/p>\n<p>[\/et_pb_blurb][\/et_pb_column][\/et_pb_row][\/et_pb_section][et_pb_section fb_built=&#8221;1&#8243; _builder_version=&#8221;4.16&#8243; global_colors_info=&#8221;{}&#8221;][et_pb_row _builder_version=&#8221;4.19.0&#8243; _module_preset=&#8221;default&#8221; custom_margin=&#8221;50px||40px||false|false&#8221; global_colors_info=&#8221;{}&#8221;][et_pb_column type=&#8221;4_4&#8243; _builder_version=&#8221;4.19.0&#8243; _module_preset=&#8221;default&#8221; global_colors_info=&#8221;{}&#8221;][et_pb_text _builder_version=&#8221;4.19.0&#8243; _module_preset=&#8221;default&#8221; global_colors_info=&#8221;{}&#8221;]<\/p>\n<h2 style=\"text-align: center\">5 Aspectes clau sobre la campanya<\/h2>\n<ol>\n<li>Esplais m\u00e9s sostenibles proposa un seguit d\u2019intervencions a partir de la revisi\u00f3 dels nostres h\u00e0bits en relaci\u00f3 amb <strong>tres temes:<\/strong>\u00a0<strong>els residus que generem a trav\u00e9s dels esmorzars i dels berenars, la gesti\u00f3 de l\u2019aigua al centre i l\u2019estat de l\u2019entorn proper.<\/strong><\/li>\n<li>Aquests tres \u00e0mbits d\u2019intervenci\u00f3 suposen\u00a0<strong>un punt de partida per millorar la sostenibilitat<\/strong> del centre, per\u00f2 en cap cas esgoten totes les possibilitats de treball.<\/li>\n<li>Endegar aquest proc\u00e9s implica un\u00a0<strong>comprom\u00eds de millora cont\u00ednua<\/strong>, per aix\u00f2, la implicaci\u00f3 dels infants, les fam\u00edlies, l\u2019equip, \u00e9s fonamental. La constituci\u00f3 de comissions o comit\u00e8s \u201cverds\u201d s\u00f3n mecanismes de participaci\u00f3 que funcionen molt b\u00e9 per assumir el treball amb responsabilitat.<\/li>\n<li>Tot el que fem a l\u2019esplai \u00e9s una\u00a0<strong>\u201cpr\u00e0ctica\u201d que pot transferir-se a altres \u00e0mbits:<\/strong> a casa, a l\u2019escola, al barri\u2026 Aprofitem-ho i posem-ho en valor.<\/li>\n<li>Sensibilitzar, denunciar i\u00a0<strong>donar visibilitat<\/strong>\u00a0a les accions que duem a terme \u00e9s necessari per difondre el qu\u00e8 hem fet i per\u00a0<strong>multiplicar el seu efecte transformador.<\/strong><\/li>\n<\/ol>\n<p>[\/et_pb_text][\/et_pb_column][\/et_pb_row][et_pb_row _builder_version=&#8221;4.19.0&#8243; background_size=&#8221;initial&#8221; background_position=&#8221;top_left&#8221; background_repeat=&#8221;repeat&#8221; custom_margin=&#8221;||50px||false|false&#8221; global_colors_info=&#8221;{}&#8221;][et_pb_column type=&#8221;4_4&#8243; _builder_version=&#8221;4.16&#8243; custom_padding=&#8221;|||&#8221; global_colors_info=&#8221;{}&#8221; custom_padding__hover=&#8221;|||&#8221;][et_pb_testimonial author=&#8221;Informe Brundtland, 1987&#8243; company_name=&#8221;Comissi\u00f3 Mundial sobre Medi Ambient i Desenvolupament de les Nacions Unides&#8221; _builder_version=&#8221;4.19.0&#8243; _module_preset=&#8221;default&#8221; global_colors_info=&#8221;{}&#8221;]<\/p>\n<p>El desenvolupament sostenible \u00e9s el desenvolupament que satisf\u00e0 les necessitats del present sense comprometre la capacitat de les generacions futures de satisfer les seves necessitats.<\/p>\n<p>[\/et_pb_testimonial][\/et_pb_column][\/et_pb_row][\/et_pb_section]<\/p>\n","protected":false},"excerpt":{"rendered":"<p>Qu\u00e8 \u00e9s?Esplais m\u00e9s Sostenibles \u00e9s la segona campanya emmarcada en la Proposta Educativa B612, per un consum conscient i sostenible\u00a0que t\u00e9 per objectiu sensibilitzar sobre l\u2019impacte del nostre consum en el medi ambient. Tots els centres d\u2019esplai de la Federaci\u00f3 Catalana de l\u2019Esplai que s\u2019adhereixin a la campanya i assumeixin els compromisos\u00a0rebran el\u00a0distintiu \u201cEsplais m\u00e9s [&hellip;]<\/p>\n","protected":false},"author":4,"featured_media":0,"parent":15,"menu_order":0,"comment_status":"open","ping_status":"open","template":"","meta":{"_et_pb_use_builder":"on","_et_pb_old_content":"<ol><li><h3><span style=\"color: #000000;\">Fomentar una opci\u00f3 de consum m\u00e9s respectuosa amb el medi i la nostra salut.<\/span><\/h3><\/li><li><h3><span style=\"color: #000000;\">Promoure la conscienciaci\u00f3 \u00a0envers la prevenci\u00f3 de residus: minimitzar-los, especialment envasos i embalatges i altres productes d\u2019usar i llen\u00e7ar.<\/span><\/h3><\/li><li><h3><span style=\"color: #000000;\">Reflexionar sobre el valor de l\u2019aigua, reduir el seu consum i incrementar l\u2019efici\u00e8ncia en el seu \u00fas.<\/span><\/h3><\/li><li><h3><span style=\"color: #000000;\">Millorar la qualitat de l\u2019entorn proper, duent a terme accions de mobilitzaci\u00f3 ciutadana i de den\u00fancia per aconseguir espais m\u00e9s verds i saludables.\u00a0<\/span><\/h3><\/li><li><h3><span style=\"color: #000000;\">Fomentar nous estils de vida.<\/span><\/h3><\/li><\/ol><p style=\"text-align: center;\"><a href=\"https:\/\/projectes.fundesplai.org\/esplaismessostenibles\/wp-content\/uploads\/sites\/13\/2014\/09\/plnaeta-terra.jpg\"><img class=\"size-full wp-image-321\" src=\"https:\/\/projectes.fundesplai.org\/esplaismessostenibles\/wp-content\/uploads\/sites\/13\/2014\/09\/plnaeta-terra.jpg\" alt=\"plnaeta terra\" width=\"300\" height=\"300\" \/><\/a><\/p>","_et_gb_content_width":"","footnotes":""},"class_list":["post-34","page","type-page","status-publish","hentry"],"yoast_head":"<!-- This site is optimized with the Yoast SEO plugin v27.4 - https:\/\/yoast.com\/product\/yoast-seo-wordpress\/ -->\n<title>Presentaci\u00f3 - Esplais M\u00e9s Sostenibles<\/title>\n<meta name=\"robots\" content=\"index, follow, max-snippet:-1, max-image-preview:large, max-video-preview:-1\" \/>\n<link rel=\"canonical\" href=\"https:\/\/fundesplai.org\/esplaismessostenibles\/\" \/>\n<meta property=\"og:locale\" content=\"ca_ES\" \/>\n<meta property=\"og:type\" content=\"article\" \/>\n<meta property=\"og:title\" content=\"Presentaci\u00f3 - Esplais M\u00e9s Sostenibles\" \/>\n<meta property=\"og:description\" content=\"Qu\u00e8 \u00e9s?Esplais m\u00e9s Sostenibles \u00e9s la segona campanya emmarcada en la Proposta Educativa B612, per un consum conscient i sostenible\u00a0que t\u00e9 per objectiu sensibilitzar sobre l\u2019impacte del nostre consum en el medi ambient. Tots els centres d\u2019esplai de la Federaci\u00f3 Catalana de l\u2019Esplai que s\u2019adhereixin a la campanya i assumeixin els compromisos\u00a0rebran el\u00a0distintiu \u201cEsplais m\u00e9s [&hellip;]\" \/>\n<meta property=\"og:url\" content=\"https:\/\/fundesplai.org\/esplaismessostenibles\/\" \/>\n<meta property=\"og:site_name\" content=\"Esplais M\u00e9s Sostenibles\" \/>\n<meta property=\"article:modified_time\" content=\"2023-03-13T08:07:09+00:00\" \/>\n<meta name=\"twitter:card\" content=\"summary_large_image\" \/>\n<meta name=\"twitter:label1\" content=\"Temps estimat de lectura\" \/>\n\t<meta name=\"twitter:data1\" content=\"5 minuts\" \/>\n<script type=\"application\/ld+json\" class=\"yoast-schema-graph\">{\"@context\":\"https:\\\/\\\/schema.org\",\"@graph\":[{\"@type\":\"WebPage\",\"@id\":\"https:\\\/\\\/fundesplai.org\\\/esplaismessostenibles\\\/\",\"url\":\"https:\\\/\\\/fundesplai.org\\\/esplaismessostenibles\\\/\",\"name\":\"Presentaci\u00f3 - Esplais M\u00e9s Sostenibles\",\"isPartOf\":{\"@id\":\"https:\\\/\\\/fundesplai.org\\\/esplaismessostenibles\\\/#website\"},\"datePublished\":\"2014-04-09T10:17:14+00:00\",\"dateModified\":\"2023-03-13T08:07:09+00:00\",\"breadcrumb\":{\"@id\":\"https:\\\/\\\/fundesplai.org\\\/esplaismessostenibles\\\/#breadcrumb\"},\"inLanguage\":\"ca\",\"potentialAction\":[{\"@type\":\"ReadAction\",\"target\":[\"https:\\\/\\\/fundesplai.org\\\/esplaismessostenibles\\\/\"]}]},{\"@type\":\"BreadcrumbList\",\"@id\":\"https:\\\/\\\/fundesplai.org\\\/esplaismessostenibles\\\/#breadcrumb\",\"itemListElement\":[{\"@type\":\"ListItem\",\"position\":1,\"name\":\"Inici\",\"item\":\"\\\/\"},{\"@type\":\"ListItem\",\"position\":2,\"name\":\"Esplais M\u00e9s Sostenibles\",\"item\":\"https:\\\/\\\/fundesplai.org\\\/esplaismessostenibles\"},{\"@type\":\"ListItem\",\"position\":3,\"name\":\"PARTICIPA!\",\"item\":\"https:\\\/\\\/fundesplai.org\\\/esplaismessostenibles\\\/esmorzars-i-berenars-sostenibles\\\/\"},{\"@type\":\"ListItem\",\"position\":4,\"name\":\"Presentaci\u00f3\"}]},{\"@type\":\"WebSite\",\"@id\":\"https:\\\/\\\/fundesplai.org\\\/esplaismessostenibles\\\/#website\",\"url\":\"https:\\\/\\\/fundesplai.org\\\/esplaismessostenibles\\\/\",\"name\":\"Esplais M\u00e9s Sostenibles\",\"description\":\"Proposta educativa de Fundesplai\",\"potentialAction\":[{\"@type\":\"SearchAction\",\"target\":{\"@type\":\"EntryPoint\",\"urlTemplate\":\"https:\\\/\\\/fundesplai.org\\\/esplaismessostenibles\\\/?s={search_term_string}\"},\"query-input\":{\"@type\":\"PropertyValueSpecification\",\"valueRequired\":true,\"valueName\":\"search_term_string\"}}],\"inLanguage\":\"ca\"}]}<\/script>\n<!-- \/ Yoast SEO plugin. -->","yoast_head_json":{"title":"Presentaci\u00f3 - Esplais M\u00e9s Sostenibles","robots":{"index":"index","follow":"follow","max-snippet":"max-snippet:-1","max-image-preview":"max-image-preview:large","max-video-preview":"max-video-preview:-1"},"canonical":"https:\/\/fundesplai.org\/esplaismessostenibles\/","og_locale":"ca_ES","og_type":"article","og_title":"Presentaci\u00f3 - Esplais M\u00e9s Sostenibles","og_description":"Qu\u00e8 \u00e9s?Esplais m\u00e9s Sostenibles \u00e9s la segona campanya emmarcada en la Proposta Educativa B612, per un consum conscient i sostenible\u00a0que t\u00e9 per objectiu sensibilitzar sobre l\u2019impacte del nostre consum en el medi ambient. Tots els centres d\u2019esplai de la Federaci\u00f3 Catalana de l\u2019Esplai que s\u2019adhereixin a la campanya i assumeixin els compromisos\u00a0rebran el\u00a0distintiu \u201cEsplais m\u00e9s [&hellip;]","og_url":"https:\/\/fundesplai.org\/esplaismessostenibles\/","og_site_name":"Esplais M\u00e9s Sostenibles","article_modified_time":"2023-03-13T08:07:09+00:00","twitter_card":"summary_large_image","twitter_misc":{"Temps estimat de lectura":"5 minuts"},"schema":{"@context":"https:\/\/schema.org","@graph":[{"@type":"WebPage","@id":"https:\/\/fundesplai.org\/esplaismessostenibles\/","url":"https:\/\/fundesplai.org\/esplaismessostenibles\/","name":"Presentaci\u00f3 - Esplais M\u00e9s Sostenibles","isPartOf":{"@id":"https:\/\/fundesplai.org\/esplaismessostenibles\/#website"},"datePublished":"2014-04-09T10:17:14+00:00","dateModified":"2023-03-13T08:07:09+00:00","breadcrumb":{"@id":"https:\/\/fundesplai.org\/esplaismessostenibles\/#breadcrumb"},"inLanguage":"ca","potentialAction":[{"@type":"ReadAction","target":["https:\/\/fundesplai.org\/esplaismessostenibles\/"]}]},{"@type":"BreadcrumbList","@id":"https:\/\/fundesplai.org\/esplaismessostenibles\/#breadcrumb","itemListElement":[{"@type":"ListItem","position":1,"name":"Inici","item":"\/"},{"@type":"ListItem","position":2,"name":"Esplais M\u00e9s Sostenibles","item":"https:\/\/fundesplai.org\/esplaismessostenibles"},{"@type":"ListItem","position":3,"name":"PARTICIPA!","item":"https:\/\/fundesplai.org\/esplaismessostenibles\/esmorzars-i-berenars-sostenibles\/"},{"@type":"ListItem","position":4,"name":"Presentaci\u00f3"}]},{"@type":"WebSite","@id":"https:\/\/fundesplai.org\/esplaismessostenibles\/#website","url":"https:\/\/fundesplai.org\/esplaismessostenibles\/","name":"Esplais M\u00e9s Sostenibles","description":"Proposta educativa de Fundesplai","potentialAction":[{"@type":"SearchAction","target":{"@type":"EntryPoint","urlTemplate":"https:\/\/fundesplai.org\/esplaismessostenibles\/?s={search_term_string}"},"query-input":{"@type":"PropertyValueSpecification","valueRequired":true,"valueName":"search_term_string"}}],"inLanguage":"ca"}]}},"_links":{"self":[{"href":"https:\/\/fundesplai.org\/esplaismessostenibles\/wp-json\/wp\/v2\/pages\/34","targetHints":{"allow":["GET"]}}],"collection":[{"href":"https:\/\/fundesplai.org\/esplaismessostenibles\/wp-json\/wp\/v2\/pages"}],"about":[{"href":"https:\/\/fundesplai.org\/esplaismessostenibles\/wp-json\/wp\/v2\/types\/page"}],"author":[{"embeddable":true,"href":"https:\/\/fundesplai.org\/esplaismessostenibles\/wp-json\/wp\/v2\/users\/4"}],"replies":[{"embeddable":true,"href":"https:\/\/fundesplai.org\/esplaismessostenibles\/wp-json\/wp\/v2\/comments?post=34"}],"version-history":[{"count":9,"href":"https:\/\/fundesplai.org\/esplaismessostenibles\/wp-json\/wp\/v2\/pages\/34\/revisions"}],"predecessor-version":[{"id":562,"href":"https:\/\/fundesplai.org\/esplaismessostenibles\/wp-json\/wp\/v2\/pages\/34\/revisions\/562"}],"up":[{"embeddable":true,"href":"https:\/\/fundesplai.org\/esplaismessostenibles\/wp-json\/wp\/v2\/pages\/15"}],"wp:attachment":[{"href":"https:\/\/fundesplai.org\/esplaismessostenibles\/wp-json\/wp\/v2\/media?parent=34"}],"curies":[{"name":"wp","href":"https:\/\/api.w.org\/{rel}","templated":true}]}}