{"id":47107,"date":"2021-05-12T18:49:47","date_gmt":"2021-05-12T16:49:47","guid":{"rendered":"https:\/\/fundesplai.org\/proyectos-y-servicios\/"},"modified":"2024-07-22T11:29:58","modified_gmt":"2024-07-22T09:29:58","slug":"proyectos-y-servicios","status":"publish","type":"page","link":"https:\/\/fundesplai.org\/es\/proyectos-y-servicios\/","title":{"rendered":"Proyectos y servicios"},"content":{"rendered":"<p>[et_pb_section fb_built=\u00bb1&#8243; _builder_version=\u00bb4.16&#8243; _module_preset=\u00bbdefault\u00bb global_colors_info=\u00bb{}\u00bb][et_pb_row _builder_version=\u00bb4.16&#8243; _module_preset=\u00bbdefault\u00bb global_colors_info=\u00bb{}\u00bb][et_pb_column type=\u00bb4_4&#8243; _builder_version=\u00bb4.16&#8243; _module_preset=\u00bbdefault\u00bb global_colors_info=\u00bb{}\u00bb][et_pb_post_title _builder_version=\u00bb4.16&#8243; global_colors_info=\u00bb{}\u00bb]<br \/>\n[\/et_pb_post_title][et_pb_text admin_label=\u00bbText\u00bb _builder_version=\u00bb4.21.0&#8243; _module_preset=\u00bbdefault\u00bb custom_margin=\u00bb||50px||false|false\u00bb hover_enabled=\u00bb0&#8243; global_colors_info=\u00bb{}\u00bb sticky_enabled=\u00bb0&#8243;]<\/p>\n<p style=\"text-align: center\">Todas nuestras acciones, proyectos y servicios son una manera de abordar <a href=\"https:\/\/fundesplai.org\/es\/conoce\/mision-y-valores\/\">nuestra misi\u00f3n<\/a> desde diferentes \u00e1ngulos y sumar iniciativas que transformen la sociedad para caminar hacia un mundo mejor, m\u00e1s justo y sostenible.<\/p>\n<p>[\/et_pb_text][\/et_pb_column][\/et_pb_row][\/et_pb_section][et_pb_section fb_built=\u00bb1&#8243; module_class=\u00bbgraella-moduls-grisa graella-ambits-projectes-i-serveis\u00bb _builder_version=\u00bb4.17.4&#8243; global_colors_info=\u00bb{}\u00bb][et_pb_row column_structure=\u00bb1_3,1_3,1_3&#8243; use_custom_gutter=\u00bbon\u00bb _builder_version=\u00bb4.16&#8243; width=\u00bb100%\u00bb max_width=\u00bb2560px\u00bb global_colors_info=\u00bb{}\u00bb][et_pb_column type=\u00bb1_3&#8243; _builder_version=\u00bb4.16&#8243; custom_padding=\u00bb|||\u00bb global_colors_info=\u00bb{}\u00bb custom_padding__hover=\u00bb|||\u00bb][et_pb_blurb title=\u00bbOcio educativo escolar\u00bb url=\u00bbhttps:\/\/escoles.fundesplai.org\/es\/\u00bb image=\u00bbhttps:\/\/fundesplai.org\/wp-content\/uploads\/2022\/04\/Temps-migdia-Fundesplai_menjador_salut_N.jpg\u00bb admin_label=\u00bbLleure educatiu escolar\u00bb _builder_version=\u00bb4.19.0&#8243; header_level=\u00bbh3&#8243; link_option_url=\u00bbhttps:\/\/escoles.fundesplai.org\/es\/\u00bb global_colors_info=\u00bb{}\u00bb]<\/p>\n<p style=\"text-align: center\">Tiempo educativo del mediod\u00eda, salidas, colonias, talleres, casales,&#8230;<\/p>\n<p>[\/et_pb_blurb][\/et_pb_column][et_pb_column type=\u00bb1_3&#8243; _builder_version=\u00bb4.16&#8243; custom_padding=\u00bb|||\u00bb global_colors_info=\u00bb{}\u00bb custom_padding__hover=\u00bb|||\u00bb][et_pb_blurb title=\u00bbCasas de colonias\u00bb url=\u00bbhttps:\/\/cases.fundesplai.org\/es\/\u00bb image=\u00bbhttps:\/\/fundesplai.org\/wp-content\/uploads\/2022\/04\/Mateu_exterior_1-1200&#215;675-1.jpg\u00bb admin_label=\u00bbCases de col\u00f2nies\u00bb _builder_version=\u00bb4.19.0&#8243; header_level=\u00bbh3&#8243; link_option_url=\u00bbhttps:\/\/cases.fundesplai.org\/es\/\u00bb global_colors_info=\u00bb{}\u00bb]<\/p>\n<p style=\"text-align: center\">Casas de colonias, albergues y terrenos de acampada en plena naturaleza<\/p>\n<p>[\/et_pb_blurb][\/et_pb_column][et_pb_column type=\u00bb1_3&#8243; _builder_version=\u00bb4.16&#8243; custom_padding=\u00bb|||\u00bb global_colors_info=\u00bb{}\u00bb custom_padding__hover=\u00bb|||\u00bb][et_pb_blurb title=\u00bbFormaci\u00f3n\u00bb url=\u00bbhttps:\/\/formacio.fundesplai.org\/\u00bb image=\u00bbhttps:\/\/fundesplai.org\/wp-content\/uploads\/2022\/04\/curs_monitora_Fundesplai_2.jpg\u00bb admin_label=\u00bbFormaci\u00f3\u00bb module_class=\u00bbsin-icono-enlace\u00bb _builder_version=\u00bb4.19.0&#8243; header_level=\u00bbh3&#8243; link_option_url=\u00bbhttps:\/\/formacio.fundesplai.org\/\u00bb z_index_tablet=\u00bb500&#8243; global_colors_info=\u00bb{}\u00bb]<\/p>\n<p style=\"text-align: center\">Cursos presenciales y online por el impulso de cambios sociales<\/p>\n<p>[\/et_pb_blurb][\/et_pb_column][\/et_pb_row][et_pb_row column_structure=\u00bb1_3,1_3,1_3&#8243; use_custom_gutter=\u00bbon\u00bb _builder_version=\u00bb4.16&#8243; width=\u00bb100%\u00bb max_width=\u00bb2560px\u00bb global_colors_info=\u00bb{}\u00bb][et_pb_column type=\u00bb1_3&#8243; _builder_version=\u00bb4.16&#8243; custom_padding=\u00bb|||\u00bb global_colors_info=\u00bb{}\u00bb custom_padding__hover=\u00bb|||\u00bb][et_pb_blurb title=\u00bbEsplais\u00bb url=\u00bbhttps:\/\/fundesplai.org\/es\/esplais\/\u00bb image=\u00bbhttps:\/\/fundesplai.org\/wp-content\/uploads\/2021\/07\/Igualtat-Com-treballem-Fundesplai.jpg\u00bb admin_label=\u00bbEsplais\u00bb module_class=\u00bbsin-icono-enlace\u00bb _builder_version=\u00bb4.19.0&#8243; header_level=\u00bbh3&#8243; link_option_url=\u00bbhttps:\/\/fundesplai.org\/es\/esplais\/\u00bb z_index_tablet=\u00bb500&#8243; global_colors_info=\u00bb{}\u00bb]<\/p>\n<p style=\"text-align: center\"><span class=\"percent-value\">133<\/span> Esplais y proyectos de ocio por toda Catalu\u00f1a<\/p>\n<p>[\/et_pb_blurb][\/et_pb_column][et_pb_column type=\u00bb1_3&#8243; _builder_version=\u00bb4.16&#8243; custom_padding=\u00bb|||\u00bb global_colors_info=\u00bb{}\u00bb custom_padding__hover=\u00bb|||\u00bb][et_pb_blurb title=\u00bbApoyo Tercer Sector\u00bb url=\u00bbhttps:\/\/suport.fundesplai.org\/es\/\u00bb image=\u00bbhttps:\/\/fundesplai.org\/wp-content\/uploads\/2022\/04\/GrupPortada-1200&#215;800-1.jpg\u00bb admin_label=\u00bbTercer Sector\u00bb _builder_version=\u00bb4.19.0&#8243; header_level=\u00bbh3&#8243; link_option_url=\u00bbhttps:\/\/suport.fundesplai.org\/es\/\u00bb global_colors_info=\u00bb{}\u00bb]<\/p>\n<p style=\"text-align: center\">Servicios para entidades: jur\u00eddico, econ\u00f3mico, inform\u00e1tico, laboral&#8230;<\/p>\n<p>[\/et_pb_blurb][\/et_pb_column][et_pb_column type=\u00bb1_3&#8243; _builder_version=\u00bb4.16&#8243; custom_padding=\u00bb|||\u00bb global_colors_info=\u00bb{}\u00bb custom_padding__hover=\u00bb|||\u00bb][et_pb_blurb title=\u00bbProgramas sociales y para j\u00f3venes\u00bb url=\u00bbhttps:\/\/fundesplai.org\/programes-socials-i-joves\/es\/\u00bb image=\u00bbhttps:\/\/fundesplai.org\/wp-content\/uploads\/2022\/04\/miniatura-accio-social-joves.jpg\u00bb admin_label=\u00bbAcci\u00f3 social i joves\u00bb _builder_version=\u00bb4.19.0&#8243; header_level=\u00bbh3&#8243; link_option_url=\u00bbhttps:\/\/fundesplai.org\/programes-socials-i-joves\/es\/\u00bb z_index_tablet=\u00bb500&#8243; global_colors_info=\u00bb{}\u00bb]<\/p>\n<p style=\"text-align: center\">Proyectos socioeducativos de capacitaci\u00f3n e inserci\u00f3n sociolaboral<\/p>\n<p>[\/et_pb_blurb][\/et_pb_column][\/et_pb_row][et_pb_row column_structure=\u00bb1_3,1_3,1_3&#8243; use_custom_gutter=\u00bbon\u00bb _builder_version=\u00bb4.16&#8243; width=\u00bb100%\u00bb max_width=\u00bb2560px\u00bb global_colors_info=\u00bb{}\u00bb][et_pb_column type=\u00bb1_3&#8243; _builder_version=\u00bb4.16&#8243; custom_padding=\u00bb|||\u00bb global_colors_info=\u00bb{}\u00bb custom_padding__hover=\u00bb|||\u00bb][et_pb_blurb title=\u00bbActividades de vacaciones\u00bb url=\u00bbhttps:\/\/estiu.fundesplai.org\/\u00bb image=\u00bbhttps:\/\/fundesplai.org\/wp-content\/uploads\/2023\/02\/Colonies_en_familia_web.jpg\u00bb alt=\u00bbEscola Bressol Fundesplai\u00bb admin_label=\u00bbActivitats de vacances\u00bb _builder_version=\u00bb4.19.0&#8243; header_level=\u00bbh3&#8243; link_option_url=\u00bbhttps:\/\/estiu.fundesplai.org\/\u00bb z_index_tablet=\u00bb500&#8243; global_colors_info=\u00bb{}\u00bb]<\/p>\n<p style=\"text-align: center\">Casales de verano, de invierno, colonias, campamentos, campos de trabajo,&#8230;<\/p>\n<p>[\/et_pb_blurb][\/et_pb_column][et_pb_column type=\u00bb1_3&#8243; _builder_version=\u00bb4.16&#8243; custom_padding=\u00bb|||\u00bb global_colors_info=\u00bb{}\u00bb custom_padding__hover=\u00bb|||\u00bb][et_pb_blurb title=\u00bbAlbergue Centre Esplai\u00bb url=\u00bbhttps:\/\/albergueesplaibarcelona.com\u00bb image=\u00bbhttps:\/\/fundesplai.org\/wp-content\/uploads\/2022\/04\/Jardi-Alberg-Centre-Esplai2.jpg\u00bb alt=\u00bbJardin Albergue Centre Esplai2&#8243; admin_label=\u00bbAlberg Centre Esplai\u00bb _builder_version=\u00bb4.19.0&#8243; header_level=\u00bbh3&#8243; link_option_url=\u00bbhttps:\/\/albergueesplaibarcelona.com\u00bb z_index_tablet=\u00bb500&#8243; global_colors_info=\u00bb{}\u00bb]<\/p>\n<p style=\"text-align: center\">Nuestro albergue sostenible en El Prat del Llobregat<\/p>\n<p>[\/et_pb_blurb][\/et_pb_column][et_pb_column type=\u00bb1_3&#8243; _builder_version=\u00bb4.16&#8243; custom_padding=\u00bb|||\u00bb global_colors_info=\u00bb{}\u00bb custom_padding__hover=\u00bb|||\u00bb][et_pb_blurb title=\u00bbExposici\u00f3n Menja, Actua, Impacta\u00bb url=\u00bbhttps:\/\/menjaactuaimpacta.org\/\u00bb image=\u00bbhttps:\/\/fundesplai.org\/wp-content\/uploads\/2022\/04\/menja-actua-impacta.jpg\u00bb disabled_on=\u00bboff|off|off\u00bb admin_label=\u00bbExposici\u00f3\u00bb module_class=\u00bbsin-icono-enlace\u00bb _builder_version=\u00bb4.19.0&#8243; header_level=\u00bbh3&#8243; link_option_url=\u00bbhttps:\/\/menjaactuaimpacta.org\/\u00bb z_index_tablet=\u00bb500&#8243; global_colors_info=\u00bb{}\u00bb]<\/p>\n<p style=\"text-align: center\">Exposici\u00f3n tem\u00e1tica sobre alimentaci\u00f3n saludable y sostenible<\/p>\n<p>[\/et_pb_blurb][\/et_pb_column][\/et_pb_row][\/et_pb_section][et_pb_section fb_built=\u00bb1&#8243; disabled_on=\u00bboff|off|off\u00bb module_class=\u00bbseccio-segueix-nos\u00bb _builder_version=\u00bb4.16&#8243; custom_margin=\u00bb100px||||false|false\u00bb custom_margin_tablet=\u00bb\u00bb custom_margin_phone=\u00bb50px||||false|false\u00bb custom_margin_last_edited=\u00bbon|phone\u00bb global_colors_info=\u00bb{}\u00bb][et_pb_row _builder_version=\u00bb4.16&#8243; background_size=\u00bbinitial\u00bb background_position=\u00bbtop_left\u00bb background_repeat=\u00bbrepeat\u00bb locked=\u00bboff\u00bb global_colors_info=\u00bb{}\u00bb][et_pb_column type=\u00bb4_4&#8243; _builder_version=\u00bb4.16&#8243; custom_padding=\u00bb|||\u00bb global_colors_info=\u00bb{}\u00bb custom_padding__hover=\u00bb|||\u00bb][et_pb_text admin_label=\u00bbAltres projectes destacats\u00bb module_id=\u00bbaltres\u00bb _builder_version=\u00bb4.19.0&#8243; text_orientation=\u00bbcenter\u00bb global_colors_info=\u00bb{}\u00bb]<\/p>\n<h2>Otros proyectos destacados<\/h2>\n<p>[\/et_pb_text][\/et_pb_column][\/et_pb_row][\/et_pb_section][et_pb_section fb_built=\u00bb1&#8243; _builder_version=\u00bb4.16&#8243; _module_preset=\u00bbdefault\u00bb locked=\u00bboff\u00bb global_colors_info=\u00bb{}\u00bb][et_pb_row _builder_version=\u00bb4.16&#8243; _module_preset=\u00bbdefault\u00bb global_colors_info=\u00bb{}\u00bb][et_pb_column type=\u00bb4_4&#8243; _builder_version=\u00bb4.16&#8243; _module_preset=\u00bbdefault\u00bb global_colors_info=\u00bb{}\u00bb][et_pb_code disabled_on=\u00bbon|on|on\u00bb admin_label=\u00bbFacet filtro proyectos\u00bb module_class=\u00bbmodul-filtres\u00bb _builder_version=\u00bb4.16&#8243; _module_preset=\u00bbdefault\u00bb disabled=\u00bbon\u00bb global_colors_info=\u00bb{}\u00bb]<\/p>\n<div class=\"filtres-principals modul-filtres barra-filtres\"><!-- [et_pb_line_break_holder] -->  <div class=\"facetwp-facet facetwp-facet-mbits_projectes facetwp-type-dropdown\" data-name=\"mbits_projectes\" data-type=\"dropdown\"><\/div><!-- [et_pb_line_break_holder] -->  <div class=\"facetwp-facet facetwp-facet-cercador_projectes facetwp-type-search\" data-name=\"cercador_projectes\" data-type=\"search\"><\/div><!-- [et_pb_line_break_holder] -->  <div class=\"facetwp-facet facetwp-facet-resultats facetwp-type-pager\" data-name=\"resultats\" data-type=\"pager\"><\/div><!-- [et_pb_line_break_holder] --><\/div>\n<p>[\/et_pb_code][et_pb_code admin_label=\u00bbFacet Template projectes\u00bb _builder_version=\u00bb4.19.0&#8243; _module_preset=\u00bbdefault\u00bb global_colors_info=\u00bb{}\u00bb]<div class=\"facetwp-template\" data-name=\"plantilla_projectes_i_serveis\">\n\t<div id=\"cercador-recurso-item\">\n\t\t<div class=\"recurso-img\">\n\t\t\t\t<img decoding=\"async\" class=\"img_projecte\" src=\"https:\/\/fundesplai.org\/wp-content\/uploads\/2022\/06\/DEMA-JOVE-fot.jpg\" alt=\"\" \/>\n\t\t<\/div>\n\t\t<div class=\"recurso-contenido\">\n\t\t\t<div class=\"recursos-titulo\">\n\t\t\t\t<h2>\n\t\t\t\t\t<a href=\"https:\/\/fundesplai.org\/accio-social-i-joves\/dema-jove\/\">\n\t\t\t\t\t\tDem\u00e0 Jove\t\t\t\t\t<\/a>\n\t\t\t\t<\/h2>\n\t\t\t<\/div>\n\t\t\t<div class=\"recurso-caracteristiques\">\n\t\t\t\t<ul>\n\t\t\t\t\t<li><i class=\"fas fa-line-columns recurso-coleccion\"><\/i> Acci\u00f3n social<\/li>\n\t\t\t\t<\/ul>\n\t\t\t<\/div>\n\t\t\t<div class=\"recursos-descripcion\">\n\t\t\t\t<p>El Dem\u00e0 Jove es un programa de formaci\u00f3n profesional y ocupacional dual que tiene el objetivo de ofrecer a las personas j\u00f3venes mejorar su empleabilidad mediante la formaci\u00f3n dual: un certificado de profesionalidad y un contrato de formaci\u00f3n y aprendizaje de un a\u00f1o.<\/p>\n\t\t\t\t<li><a class=\"et_pb_button et_pb_more_button\" href=\"https:\/\/fundesplai.org\/accio-social-i-joves\/dema-jove\/\" title=\"Web:Dem\u00e0 Jove\">Descobreix m\u00e9s<\/a><\/li>\n\t\t\t\t<\/br>\n\t\t\t<\/div>\n\t\t<\/div>\n\n\t\t<!-- if modul destacat -->\n\n\n\t\t<div class=\"curs-destacats\">\n\t\t\t\t\t\t\t<\/div>\n\n        \t<!-- \/ if modul destacat -->\n\n\t<\/div>\n\n\t\n\t<div id=\"cercador-recurso-item\">\n\t\t<div class=\"recurso-img\">\n\t\t\t\t<img decoding=\"async\" class=\"img_projecte\" src=\"https:\/\/fundesplai.org\/wp-content\/uploads\/2022\/04\/EscapFood.jpg\" alt=\"\" \/>\n\t\t<\/div>\n\t\t<div class=\"recurso-contenido\">\n\t\t\t<div class=\"recursos-titulo\">\n\t\t\t\t<h2>\n\t\t\t\t\t<a href=\"https:\/\/escapefood.com\/\">\n\t\t\t\t\t\tEscape Room &#8211; Escape Food 2050\t\t\t\t\t<\/a>\n\t\t\t\t<\/h2>\n\t\t\t<\/div>\n\t\t\t<div class=\"recurso-caracteristiques\">\n\t\t\t\t<ul>\n\t\t\t\t\t<li><i class=\"fas fa-line-columns recurso-coleccion\"><\/i> Educaci\u00f3n ambiental y Ocio en familia<\/li>\n\t\t\t\t<\/ul>\n\t\t\t<\/div>\n\t\t\t<div class=\"recursos-descripcion\">\n\t\t\t\t<p>Escape Food 2050 es un escape room de ciencia ficci\u00f3n en el que te adentrar\u00e1s en un supermercado del futuro, situado en las instalaciones de Centre Esplai . Una actividad l\u00fadica y con una vertiente educativa que se puede hacer en familia y con amigos. \u00a1Entra e inf\u00f3rmate!<\/p>\n\t\t\t\t<li><a class=\"et_pb_button et_pb_more_button\" href=\"https:\/\/escapefood.com\/\" title=\"Web:Escape Room &#8211; Escape Food 2050\">Descobreix m\u00e9s<\/a><\/li>\n\t\t\t\t<\/br>\n\t\t\t<\/div>\n\t\t<\/div>\n\n\t\t<!-- if modul destacat -->\n\n\n\t\t<div class=\"curs-destacats\">\n\t\t\t\t\t\t\t<\/div>\n\n        \t<!-- \/ if modul destacat -->\n\n\t<\/div>\n\n\t\n\t<div id=\"cercador-recurso-item\">\n\t\t<div class=\"recurso-img\">\n\t\t\t\t<img decoding=\"async\" class=\"img_projecte\" src=\"https:\/\/fundesplai.org\/wp-content\/uploads\/2022\/04\/MCM.jpg\" alt=\"\" \/>\n\t\t<\/div>\n\t\t<div class=\"recurso-contenido\">\n\t\t\t<div class=\"recursos-titulo\">\n\t\t\t\t<h2>\n\t\t\t\t\t<a href=\"https:\/\/projectes.fundesplai.org\/mcm\/\">\n\t\t\t\t\t\tPropuesta educativa ESTIMA\t\t\t\t\t<\/a>\n\t\t\t\t<\/h2>\n\t\t\t<\/div>\n\t\t\t<div class=\"recurso-caracteristiques\">\n\t\t\t\t<ul>\n\t\t\t\t\t<li><i class=\"fas fa-line-columns recurso-coleccion\"><\/i> Educaci\u00f3n emocional y Recursos pedag\u00f3gicos<\/li>\n\t\t\t\t<\/ul>\n\t\t\t<\/div>\n\t\t\t<div class=\"recursos-descripcion\">\n\t\t\t\t<p>Propuesta educativa para celebrar la vida con actividades de educaci\u00f3n emocional y retos para ni\u00f1os, j\u00f3venes y familias de 0 a 18 a\u00f1os. Desarrollo en esplais u otros entornos de educaci\u00f3n en el ocio o en escuelas. Infantil, Primaria, Secundaria.   \u00a1Descubre toda la propuesta!<\/p>\n\t\t\t\t<li><a class=\"et_pb_button et_pb_more_button\" href=\"https:\/\/projectes.fundesplai.org\/mcm\/\" title=\"Web:Propuesta educativa ESTIMA\">Descobreix m\u00e9s<\/a><\/li>\n\t\t\t\t<\/br>\n\t\t\t<\/div>\n\t\t<\/div>\n\n\t\t<!-- if modul destacat -->\n\n\n\t\t<div class=\"curs-destacats\">\n\t\t\t\t\t\t\t<\/div>\n\n        \t<!-- \/ if modul destacat -->\n\n\t<\/div>\n\n\t\n\t<div id=\"cercador-recurso-item\">\n\t\t<div class=\"recurso-img\">\n\t\t\t\t<img decoding=\"async\" class=\"img_projecte\" src=\"https:\/\/fundesplai.org\/wp-content\/uploads\/2022\/06\/life-reforest-programa-life.jpg\" alt=\"\" \/>\n\t\t<\/div>\n\t\t<div class=\"recurso-contenido\">\n\t\t\t<div class=\"recursos-titulo\">\n\t\t\t\t<h2>\n\t\t\t\t\t<a href=\"https:\/\/eat-life.fundesplai.org\/\">\n\t\t\t\t\t\tProyectos europeos\t\t\t\t\t<\/a>\n\t\t\t\t<\/h2>\n\t\t\t<\/div>\n\t\t\t<div class=\"recurso-caracteristiques\">\n\t\t\t\t<ul>\n\t\t\t\t\t<li><i class=\"fas fa-line-columns recurso-coleccion\"><\/i> Acci\u00f3n social, Charlas, congresos y jornadas, Educaci\u00f3n ambiental, y Recursos pedag\u00f3gicos<\/li>\n\t\t\t\t<\/ul>\n\t\t\t<\/div>\n\t\t\t<div class=\"recursos-descripcion\">\n\t\t\t\t<p>Hacemos proyectos europeos de diversos \u00e1mbitos de acci\u00f3n para llegar m\u00e1s lejos con nuestra misi\u00f3n de <em>educar a los ni\u00f1os y j\u00f3venes, fortalecer las entidades de ocio y el Tercer Sector, mejorar el medio ambiente y promover la ciudadan\u00eda y la inclusi\u00f3n social , con voluntad transformadora.<\/em><\/p>\n\t\t\t\t<li><a class=\"et_pb_button et_pb_more_button\" href=\"https:\/\/eat-life.fundesplai.org\/\" title=\"Web:Proyectos europeos\">Descobreix m\u00e9s<\/a><\/li>\n\t\t\t\t<\/br>\n\t\t\t<\/div>\n\t\t<\/div>\n\n\t\t<!-- if modul destacat -->\n\n\n\t\t<div class=\"curs-destacats\">\n\t\t\t\t\t\t\t<\/div>\n\n        \t<!-- \/ if modul destacat -->\n\n\t<\/div>\n\n\t<\/div>[\/et_pb_code][et_pb_code admin_label=\u00bbFacet paginaci\u00f3n\u00bb _builder_version=\u00bb4.16&#8243; _module_preset=\u00bbdefault\u00bb global_colors_info=\u00bb{}\u00bb]<div class=\"facetwp-facet facetwp-facet-paginaci facetwp-type-pager\" data-name=\"paginaci\" data-type=\"pager\"><\/div>[\/et_pb_code][\/et_pb_column][\/et_pb_row][\/et_pb_section]<\/p>\n","protected":false},"excerpt":{"rendered":"<p>Todos nuestros proyectos y servicios abordan nuestra misi\u00f3n desde diferentes \u00e1ngulos y suman iniciativas que transforman la sociedad.<\/p>\n","protected":false},"author":1,"featured_media":0,"parent":0,"menu_order":0,"comment_status":"closed","ping_status":"closed","template":"","meta":{"_et_pb_use_builder":"on","_et_pb_old_content":"","_et_gb_content_width":"","footnotes":""},"class_list":["post-47107","page","type-page","status-publish","hentry"],"yoast_head":"<!-- This site is optimized with the Yoast SEO plugin v27.4 - https:\/\/yoast.com\/product\/yoast-seo-wordpress\/ -->\n<title>Proyectos y servicios - Fundesplai<\/title>\n<meta name=\"description\" content=\"Todos nuestros proyectos y servicios abordan nuestra misi\u00f3n desde diferentes \u00e1ngulos y suman iniciativas que transforman la sociedad.\" \/>\n<meta name=\"robots\" content=\"index, follow, max-snippet:-1, max-image-preview:large, max-video-preview:-1\" \/>\n<link rel=\"canonical\" href=\"https:\/\/fundesplai.org\/es\/proyectos-y-servicios\/\" \/>\n<meta property=\"og:locale\" content=\"es_ES\" \/>\n<meta property=\"og:type\" content=\"article\" \/>\n<meta property=\"og:title\" content=\"Proyectos y servicios - Fundesplai\" \/>\n<meta property=\"og:description\" content=\"Todos nuestros proyectos y servicios abordan nuestra misi\u00f3n desde diferentes \u00e1ngulos y suman iniciativas que transforman la sociedad.\" \/>\n<meta property=\"og:url\" content=\"https:\/\/fundesplai.org\/es\/proyectos-y-servicios\/\" \/>\n<meta property=\"og:site_name\" content=\"Fundesplai\" \/>\n<meta property=\"article:modified_time\" content=\"2024-07-22T09:29:58+00:00\" \/>\n<meta name=\"twitter:card\" content=\"summary_large_image\" \/>\n<meta name=\"twitter:label1\" content=\"Tiempo de lectura\" \/>\n\t<meta name=\"twitter:data1\" content=\"6 minutos\" \/>\n<script type=\"application\/ld+json\" class=\"yoast-schema-graph\">{\"@context\":\"https:\\\/\\\/schema.org\",\"@graph\":[{\"@type\":\"WebPage\",\"@id\":\"https:\\\/\\\/fundesplai.org\\\/es\\\/proyectos-y-servicios\\\/\",\"url\":\"https:\\\/\\\/fundesplai.org\\\/es\\\/proyectos-y-servicios\\\/\",\"name\":\"Proyectos y servicios - Fundesplai\",\"isPartOf\":{\"@id\":\"https:\\\/\\\/fundesplai.org\\\/es\\\/#website\"},\"datePublished\":\"2021-05-12T16:49:47+00:00\",\"dateModified\":\"2024-07-22T09:29:58+00:00\",\"description\":\"Todos nuestros proyectos y servicios abordan nuestra misi\u00f3n desde diferentes \u00e1ngulos y suman iniciativas que transforman la sociedad.\",\"breadcrumb\":{\"@id\":\"https:\\\/\\\/fundesplai.org\\\/es\\\/proyectos-y-servicios\\\/#breadcrumb\"},\"inLanguage\":\"es\",\"potentialAction\":[{\"@type\":\"ReadAction\",\"target\":[\"https:\\\/\\\/fundesplai.org\\\/es\\\/proyectos-y-servicios\\\/\"]}]},{\"@type\":\"BreadcrumbList\",\"@id\":\"https:\\\/\\\/fundesplai.org\\\/es\\\/proyectos-y-servicios\\\/#breadcrumb\",\"itemListElement\":[{\"@type\":\"ListItem\",\"position\":1,\"name\":\"Inici\",\"item\":\"https:\\\/\\\/fundesplai.org\\\/es\\\/inicio\\\/\"},{\"@type\":\"ListItem\",\"position\":2,\"name\":\"Proyectos y servicios\"}]},{\"@type\":\"WebSite\",\"@id\":\"https:\\\/\\\/fundesplai.org\\\/es\\\/#website\",\"url\":\"https:\\\/\\\/fundesplai.org\\\/es\\\/\",\"name\":\"Fundesplai\",\"description\":\"Eduquem per la conviv\u00e8ncia i la sostenibilitat\",\"potentialAction\":[{\"@type\":\"SearchAction\",\"target\":{\"@type\":\"EntryPoint\",\"urlTemplate\":\"https:\\\/\\\/fundesplai.org\\\/es\\\/?s={search_term_string}\"},\"query-input\":{\"@type\":\"PropertyValueSpecification\",\"valueRequired\":true,\"valueName\":\"search_term_string\"}}],\"inLanguage\":\"es\"}]}<\/script>\n<!-- \/ Yoast SEO plugin. -->","yoast_head_json":{"title":"Proyectos y servicios - Fundesplai","description":"Todos nuestros proyectos y servicios abordan nuestra misi\u00f3n desde diferentes \u00e1ngulos y suman iniciativas que transforman la sociedad.","robots":{"index":"index","follow":"follow","max-snippet":"max-snippet:-1","max-image-preview":"max-image-preview:large","max-video-preview":"max-video-preview:-1"},"canonical":"https:\/\/fundesplai.org\/es\/proyectos-y-servicios\/","og_locale":"es_ES","og_type":"article","og_title":"Proyectos y servicios - Fundesplai","og_description":"Todos nuestros proyectos y servicios abordan nuestra misi\u00f3n desde diferentes \u00e1ngulos y suman iniciativas que transforman la sociedad.","og_url":"https:\/\/fundesplai.org\/es\/proyectos-y-servicios\/","og_site_name":"Fundesplai","article_modified_time":"2024-07-22T09:29:58+00:00","twitter_card":"summary_large_image","twitter_misc":{"Tiempo de lectura":"6 minutos"},"schema":{"@context":"https:\/\/schema.org","@graph":[{"@type":"WebPage","@id":"https:\/\/fundesplai.org\/es\/proyectos-y-servicios\/","url":"https:\/\/fundesplai.org\/es\/proyectos-y-servicios\/","name":"Proyectos y servicios - Fundesplai","isPartOf":{"@id":"https:\/\/fundesplai.org\/es\/#website"},"datePublished":"2021-05-12T16:49:47+00:00","dateModified":"2024-07-22T09:29:58+00:00","description":"Todos nuestros proyectos y servicios abordan nuestra misi\u00f3n desde diferentes \u00e1ngulos y suman iniciativas que transforman la sociedad.","breadcrumb":{"@id":"https:\/\/fundesplai.org\/es\/proyectos-y-servicios\/#breadcrumb"},"inLanguage":"es","potentialAction":[{"@type":"ReadAction","target":["https:\/\/fundesplai.org\/es\/proyectos-y-servicios\/"]}]},{"@type":"BreadcrumbList","@id":"https:\/\/fundesplai.org\/es\/proyectos-y-servicios\/#breadcrumb","itemListElement":[{"@type":"ListItem","position":1,"name":"Inici","item":"https:\/\/fundesplai.org\/es\/inicio\/"},{"@type":"ListItem","position":2,"name":"Proyectos y servicios"}]},{"@type":"WebSite","@id":"https:\/\/fundesplai.org\/es\/#website","url":"https:\/\/fundesplai.org\/es\/","name":"Fundesplai","description":"Eduquem per la conviv\u00e8ncia i la sostenibilitat","potentialAction":[{"@type":"SearchAction","target":{"@type":"EntryPoint","urlTemplate":"https:\/\/fundesplai.org\/es\/?s={search_term_string}"},"query-input":{"@type":"PropertyValueSpecification","valueRequired":true,"valueName":"search_term_string"}}],"inLanguage":"es"}]}},"_links":{"self":[{"href":"https:\/\/fundesplai.org\/es\/wp-json\/wp\/v2\/pages\/47107","targetHints":{"allow":["GET"]}}],"collection":[{"href":"https:\/\/fundesplai.org\/es\/wp-json\/wp\/v2\/pages"}],"about":[{"href":"https:\/\/fundesplai.org\/es\/wp-json\/wp\/v2\/types\/page"}],"author":[{"embeddable":true,"href":"https:\/\/fundesplai.org\/es\/wp-json\/wp\/v2\/users\/1"}],"replies":[{"embeddable":true,"href":"https:\/\/fundesplai.org\/es\/wp-json\/wp\/v2\/comments?post=47107"}],"version-history":[{"count":13,"href":"https:\/\/fundesplai.org\/es\/wp-json\/wp\/v2\/pages\/47107\/revisions"}],"predecessor-version":[{"id":67012,"href":"https:\/\/fundesplai.org\/es\/wp-json\/wp\/v2\/pages\/47107\/revisions\/67012"}],"wp:attachment":[{"href":"https:\/\/fundesplai.org\/es\/wp-json\/wp\/v2\/media?parent=47107"}],"curies":[{"name":"wp","href":"https:\/\/api.w.org\/{rel}","templated":true}]}}