{"id":47066,"date":"2023-07-21T12:10:16","date_gmt":"2023-07-21T10:10:16","guid":{"rendered":"https:\/\/fundesplai.org\/subvenciones-convenios-y-contratos\/"},"modified":"2025-05-30T08:21:47","modified_gmt":"2025-05-30T06:21:47","slug":"subvenciones-convenios-y-contratos","status":"publish","type":"page","link":"https:\/\/fundesplai.org\/es\/subvenciones-convenios-y-contratos\/","title":{"rendered":"Subvenciones, convenios y contratos"},"content":{"rendered":"<p>[et_pb_section fb_built=\u00bb1&#8243; _builder_version=\u00bb4.16&#8243; locked=\u00bboff\u00bb collapsed=\u00bboff\u00bb global_colors_info=\u00bb{}\u00bb][et_pb_row _builder_version=\u00bb4.16&#8243; background_size=\u00bbinitial\u00bb background_position=\u00bbtop_left\u00bb background_repeat=\u00bbrepeat\u00bb global_colors_info=\u00bb{}\u00bb][et_pb_column type=\u00bb4_4&#8243; _builder_version=\u00bb4.16&#8243; custom_padding=\u00bb|||\u00bb global_colors_info=\u00bb{}\u00bb custom_padding__hover=\u00bb|||\u00bb][et_pb_post_title admin_label=\u00bbT\u00edtol p\u00e0gina\u00bb _builder_version=\u00bb4.21.0&#8243; global_colors_info=\u00bb{}\u00bb][\/et_pb_post_title][et_pb_text admin_label=\u00bbAMB L&#8217;ADMINISTRACI\u00d3 P\u00daBLICA\u00bb _builder_version=\u00bb4.21.0&#8243; _module_preset=\u00bbdefault\u00bb global_colors_info=\u00bb{}\u00bb]<\/p>\n<h3 style=\"text-align: center\">con la administraci\u00f3n p\u00fablica<\/h3>\n<p>[\/et_pb_text][\/et_pb_column][\/et_pb_row][et_pb_row _builder_version=\u00bb4.21.0&#8243; _module_preset=\u00bbdefault\u00bb custom_margin=\u00bb40px||||false|false\u00bb global_colors_info=\u00bb{}\u00bb][et_pb_column type=\u00bb4_4&#8243; _builder_version=\u00bb4.21.0&#8243; _module_preset=\u00bbdefault\u00bb global_colors_info=\u00bb{}\u00bb][et_pb_text admin_label=\u00bbIntroducci\u00f3\u00bb _builder_version=\u00bb4.21.0&#8243; _module_preset=\u00bbdefault\u00bb global_colors_info=\u00bb{}\u00bb]<\/p>\n<p style=\"text-align: center\">Resumen de contratos adjudicados, convenios y subvenciones concedidas por la Administraci\u00f3n P\u00fablica en Fundesplai (Fundaci\u00f3n Catalana del Esplai). Para m\u00e1s informaci\u00f3n sobre las cuentas auditadas, visita la p\u00e1gina: <a href=\"https:\/\/fundesplai.org\/es\/conoce\/transparencia\/las-cuentas-claras\/\">las cuentas claras<\/a> o nuestro portal de <a href=\"https:\/\/fundesplai.org\/es\/conoce\/transparencia\/\">transparencia<\/a>.<\/p>\n<p>[\/et_pb_text][et_pb_text admin_label=\u00bbllista\u00bb _builder_version=\u00bb4.21.0&#8243; _module_preset=\u00bbdefault\u00bb custom_margin=\u00bb40px||||false|false\u00bb hover_enabled=\u00bb0&#8243; global_colors_info=\u00bb{}\u00bb sticky_enabled=\u00bb0&#8243;]<\/p>\n<p style=\"text-align: center\"><strong><a href=\"https:\/\/fundesplai.org\/wp-content\/uploads\/2025\/05\/Subvencions-i-convenis-2024.pdf\">&gt; Subvenciones, convenios y contratos 2024 (PDF)<\/a><br \/><\/strong><a href=\"https:\/\/fundesplai.org\/wp-content\/uploads\/2025\/05\/2024-Extensio-DETALL-subvencions-i-contractes.pdf\">&gt; Detalle 2024 (pdf)<\/a><\/p>\n<p style=\"text-align: center\"><strong><a href=\"https:\/\/fundesplai.org\/wp-content\/uploads\/2025\/03\/Subvencions-i-convenis-2023.pdf\">&gt; Subvenciones, convenios y contratos 2023 (PDF)<\/a><br \/><\/strong><a href=\"https:\/\/fundesplai.org\/wp-content\/uploads\/2025\/03\/Subvencions-2023-Fundesplai-detall.pdf\">&gt; Detalle 2023 (pdf)<\/a><\/p>\n<p style=\"text-align: center\"><strong><a href=\"https:\/\/fundesplai.org\/wp-content\/uploads\/2023\/06\/Subvencions-i-contractes-publics-2022_Fundesplai.pdf\">&gt; Subvenciones, convenios y contratos 2022 (PDF)<\/a><br \/><\/strong><a href=\"https:\/\/fundesplai.org\/wp-content\/uploads\/2024\/01\/Subvencions-2022-Fundesplai-detall.pdf\">&gt; Detalle 2022 (pdf)<\/a><\/p>\n<p style=\"text-align: center\"> <strong><a href=\"https:\/\/fundesplai.org\/wp-content\/uploads\/2023\/06\/Subvencions-i-contractes-publics-2021_Fundesplai.pdf\">&gt;Subvenciones, convenios y contratos 2021 (PDF)<\/a><\/strong><br \/><a href=\"https:\/\/fundesplai.org\/wp-content\/uploads\/2024\/01\/Subvencions-2021-Fundesplai-detall.pdf\">&gt;Detalle 2021 (pdf)<\/a><\/p>\n<p style=\"text-align: center\"><strong><a href=\"https:\/\/fundesplai.org\/wp-content\/uploads\/2023\/06\/Subvencions-i-contractes-publics-2020_Fundesplai.pdf\">&gt; Subvenciones, convenios y contratos 2020 (PDF)<\/a><br \/><\/strong><a href=\"https:\/\/fundesplai.org\/wp-content\/uploads\/2024\/01\/Subvencions-2020-Fundesplai-detall.pdf\">&gt; Detalle 2020 (pdf)<\/a><\/p>\n<p style=\"text-align: center\"> <strong><a href=\"https:\/\/fundesplai.org\/wp-content\/uploads\/2023\/06\/Subvencions-i-contractes-publics-2019_Fundesplai.pdf\">&gt;Subvenciones, convenios y contratos 2019 (PDF)<\/a><\/strong><br \/><a href=\"https:\/\/fundesplai.org\/wp-content\/uploads\/2024\/01\/Subvencions-2019-Fundesplai-detall.pdf\">&gt;Detalle 2019 (pdf)<\/a><\/p>\n<p style=\"text-align: center\"> <a href=\"https:\/\/fundesplai.org\/wp-content\/uploads\/2023\/06\/Subvencions-i-contractes-publics-2018_Fundesplai.pdf\"><strong>&gt;Subvenciones, convenios y contratos 2018 (PDF)<\/strong><\/a><br \/><a href=\"https:\/\/fundesplai.org\/wp-content\/uploads\/2024\/01\/Subvencions-2018-Fundesplai-detall.pdf\">&gt;Detalle 2018 (pdf)<\/a><\/p>\n<p>[\/et_pb_text][\/et_pb_column][\/et_pb_row][et_pb_row _builder_version=\u00bb4.19.0&#8243; _module_preset=\u00bbdefault\u00bb custom_margin=\u00bb40px||||false|false\u00bb locked=\u00bboff\u00bb global_colors_info=\u00bb{}\u00bb][et_pb_column type=\u00bb4_4&#8243; _builder_version=\u00bb4.19.0&#8243; _module_preset=\u00bbdefault\u00bb global_colors_info=\u00bb{}\u00bb][et_pb_button button_url=\u00bbhttps:\/\/fundesplai.org\/es\/conoce\/transparencia\/\u00bb button_text=\u00bbVisita el portal de transparencia para m\u00e1s detalles\u00bb button_alignment=\u00bbcenter\u00bb _builder_version=\u00bb4.21.0&#8243; _module_preset=\u00bbdefault\u00bb global_colors_info=\u00bb{}\u00bb][\/et_pb_button][\/et_pb_column][\/et_pb_row][\/et_pb_section]<\/p>\n","protected":false},"excerpt":{"rendered":"<p>Resumen de contratos adjudicados, convenios y subvenciones concedidas por la Administraci\u00f3n P\u00fablica a Fundesplai.<\/p>\n","protected":false},"author":3,"featured_media":0,"parent":0,"menu_order":0,"comment_status":"closed","ping_status":"closed","template":"","meta":{"_et_pb_use_builder":"on","_et_pb_old_content":"","_et_gb_content_width":"","footnotes":""},"class_list":["post-47066","page","type-page","status-publish","hentry"],"yoast_head":"<!-- This site is optimized with the Yoast SEO plugin v27.4 - https:\/\/yoast.com\/product\/yoast-seo-wordpress\/ -->\n<title>Subvenciones, convenios y contratos - Fundesplai<\/title>\n<meta name=\"description\" content=\"Resumen de contratos adjudicados, convenios y subvenciones concedidas por la Administraci\u00f3n P\u00fablica a Fundesplai.\" \/>\n<meta name=\"robots\" content=\"index, follow, max-snippet:-1, max-image-preview:large, max-video-preview:-1\" \/>\n<link rel=\"canonical\" href=\"https:\/\/fundesplai.org\/es\/subvenciones-convenios-y-contratos\/\" \/>\n<meta property=\"og:locale\" content=\"es_ES\" \/>\n<meta property=\"og:type\" content=\"article\" \/>\n<meta property=\"og:title\" content=\"Subvenciones, convenios y contratos - Fundesplai\" \/>\n<meta property=\"og:description\" content=\"Resumen de contratos adjudicados, convenios y subvenciones concedidas por la Administraci\u00f3n P\u00fablica a Fundesplai.\" \/>\n<meta property=\"og:url\" content=\"https:\/\/fundesplai.org\/es\/subvenciones-convenios-y-contratos\/\" \/>\n<meta property=\"og:site_name\" content=\"Fundesplai\" \/>\n<meta property=\"article:modified_time\" content=\"2025-05-30T06:21:47+00:00\" \/>\n<meta name=\"twitter:card\" content=\"summary_large_image\" \/>\n<meta name=\"twitter:label1\" content=\"Tiempo de lectura\" \/>\n\t<meta name=\"twitter:data1\" content=\"1 minuto\" \/>\n<script type=\"application\/ld+json\" class=\"yoast-schema-graph\">{\"@context\":\"https:\\\/\\\/schema.org\",\"@graph\":[{\"@type\":\"WebPage\",\"@id\":\"https:\\\/\\\/fundesplai.org\\\/es\\\/subvenciones-convenios-y-contratos\\\/\",\"url\":\"https:\\\/\\\/fundesplai.org\\\/es\\\/subvenciones-convenios-y-contratos\\\/\",\"name\":\"Subvenciones, convenios y contratos - Fundesplai\",\"isPartOf\":{\"@id\":\"https:\\\/\\\/fundesplai.org\\\/es\\\/#website\"},\"datePublished\":\"2023-07-21T10:10:16+00:00\",\"dateModified\":\"2025-05-30T06:21:47+00:00\",\"description\":\"Resumen de contratos adjudicados, convenios y subvenciones concedidas por la Administraci\u00f3n P\u00fablica a Fundesplai.\",\"breadcrumb\":{\"@id\":\"https:\\\/\\\/fundesplai.org\\\/es\\\/subvenciones-convenios-y-contratos\\\/#breadcrumb\"},\"inLanguage\":\"es\",\"potentialAction\":[{\"@type\":\"ReadAction\",\"target\":[\"https:\\\/\\\/fundesplai.org\\\/es\\\/subvenciones-convenios-y-contratos\\\/\"]}]},{\"@type\":\"BreadcrumbList\",\"@id\":\"https:\\\/\\\/fundesplai.org\\\/es\\\/subvenciones-convenios-y-contratos\\\/#breadcrumb\",\"itemListElement\":[{\"@type\":\"ListItem\",\"position\":1,\"name\":\"Inici\",\"item\":\"https:\\\/\\\/fundesplai.org\\\/es\\\/inicio\\\/\"},{\"@type\":\"ListItem\",\"position\":2,\"name\":\"Subvenciones, convenios y contratos\"}]},{\"@type\":\"WebSite\",\"@id\":\"https:\\\/\\\/fundesplai.org\\\/es\\\/#website\",\"url\":\"https:\\\/\\\/fundesplai.org\\\/es\\\/\",\"name\":\"Fundesplai\",\"description\":\"Eduquem per la conviv\u00e8ncia i la sostenibilitat\",\"potentialAction\":[{\"@type\":\"SearchAction\",\"target\":{\"@type\":\"EntryPoint\",\"urlTemplate\":\"https:\\\/\\\/fundesplai.org\\\/es\\\/?s={search_term_string}\"},\"query-input\":{\"@type\":\"PropertyValueSpecification\",\"valueRequired\":true,\"valueName\":\"search_term_string\"}}],\"inLanguage\":\"es\"}]}<\/script>\n<!-- \/ Yoast SEO plugin. -->","yoast_head_json":{"title":"Subvenciones, convenios y contratos - Fundesplai","description":"Resumen de contratos adjudicados, convenios y subvenciones concedidas por la Administraci\u00f3n P\u00fablica a Fundesplai.","robots":{"index":"index","follow":"follow","max-snippet":"max-snippet:-1","max-image-preview":"max-image-preview:large","max-video-preview":"max-video-preview:-1"},"canonical":"https:\/\/fundesplai.org\/es\/subvenciones-convenios-y-contratos\/","og_locale":"es_ES","og_type":"article","og_title":"Subvenciones, convenios y contratos - Fundesplai","og_description":"Resumen de contratos adjudicados, convenios y subvenciones concedidas por la Administraci\u00f3n P\u00fablica a Fundesplai.","og_url":"https:\/\/fundesplai.org\/es\/subvenciones-convenios-y-contratos\/","og_site_name":"Fundesplai","article_modified_time":"2025-05-30T06:21:47+00:00","twitter_card":"summary_large_image","twitter_misc":{"Tiempo de lectura":"1 minuto"},"schema":{"@context":"https:\/\/schema.org","@graph":[{"@type":"WebPage","@id":"https:\/\/fundesplai.org\/es\/subvenciones-convenios-y-contratos\/","url":"https:\/\/fundesplai.org\/es\/subvenciones-convenios-y-contratos\/","name":"Subvenciones, convenios y contratos - Fundesplai","isPartOf":{"@id":"https:\/\/fundesplai.org\/es\/#website"},"datePublished":"2023-07-21T10:10:16+00:00","dateModified":"2025-05-30T06:21:47+00:00","description":"Resumen de contratos adjudicados, convenios y subvenciones concedidas por la Administraci\u00f3n P\u00fablica a Fundesplai.","breadcrumb":{"@id":"https:\/\/fundesplai.org\/es\/subvenciones-convenios-y-contratos\/#breadcrumb"},"inLanguage":"es","potentialAction":[{"@type":"ReadAction","target":["https:\/\/fundesplai.org\/es\/subvenciones-convenios-y-contratos\/"]}]},{"@type":"BreadcrumbList","@id":"https:\/\/fundesplai.org\/es\/subvenciones-convenios-y-contratos\/#breadcrumb","itemListElement":[{"@type":"ListItem","position":1,"name":"Inici","item":"https:\/\/fundesplai.org\/es\/inicio\/"},{"@type":"ListItem","position":2,"name":"Subvenciones, convenios y contratos"}]},{"@type":"WebSite","@id":"https:\/\/fundesplai.org\/es\/#website","url":"https:\/\/fundesplai.org\/es\/","name":"Fundesplai","description":"Eduquem per la conviv\u00e8ncia i la sostenibilitat","potentialAction":[{"@type":"SearchAction","target":{"@type":"EntryPoint","urlTemplate":"https:\/\/fundesplai.org\/es\/?s={search_term_string}"},"query-input":{"@type":"PropertyValueSpecification","valueRequired":true,"valueName":"search_term_string"}}],"inLanguage":"es"}]}},"_links":{"self":[{"href":"https:\/\/fundesplai.org\/es\/wp-json\/wp\/v2\/pages\/47066","targetHints":{"allow":["GET"]}}],"collection":[{"href":"https:\/\/fundesplai.org\/es\/wp-json\/wp\/v2\/pages"}],"about":[{"href":"https:\/\/fundesplai.org\/es\/wp-json\/wp\/v2\/types\/page"}],"author":[{"embeddable":true,"href":"https:\/\/fundesplai.org\/es\/wp-json\/wp\/v2\/users\/3"}],"replies":[{"embeddable":true,"href":"https:\/\/fundesplai.org\/es\/wp-json\/wp\/v2\/comments?post=47066"}],"version-history":[{"count":20,"href":"https:\/\/fundesplai.org\/es\/wp-json\/wp\/v2\/pages\/47066\/revisions"}],"predecessor-version":[{"id":75240,"href":"https:\/\/fundesplai.org\/es\/wp-json\/wp\/v2\/pages\/47066\/revisions\/75240"}],"wp:attachment":[{"href":"https:\/\/fundesplai.org\/es\/wp-json\/wp\/v2\/media?parent=47066"}],"curies":[{"name":"wp","href":"https:\/\/api.w.org\/{rel}","templated":true}]}}