{"id":46976,"date":"2023-05-12T09:44:10","date_gmt":"2023-05-12T07:44:10","guid":{"rendered":"https:\/\/fundesplai.org\/oscar-camps-fundador-y-director-de-open-arms-visita-fundesplai\/"},"modified":"2023-09-28T11:39:06","modified_gmt":"2023-09-28T09:39:06","slug":"oscar-camps-fundador-y-director-de-open-arms-visita-fundesplai","status":"publish","type":"page","link":"https:\/\/fundesplai.org\/es\/oscar-camps-fundador-y-director-de-open-arms-visita-fundesplai\/","title":{"rendered":"\u00d2scar Camps, fundador y director de Open Arms, visita Fundesplai"},"content":{"rendered":"<p>[et_pb_section fb_built=\u00bb1&#8243; theme_builder_area=\u00bbpost_content\u00bb _builder_version=\u00bb4.20.2&#8243; _module_preset=\u00bbdefault\u00bb][et_pb_row _builder_version=\u00bb4.20.2&#8243; _module_preset=\u00bbdefault\u00bb theme_builder_area=\u00bbpost_content\u00bb column_structure=\u00bb1_4,1_2,1_4&#8243;][et_pb_column _builder_version=\u00bb4.20.2&#8243; _module_preset=\u00bbdefault\u00bb type=\u00bb1_4&#8243; theme_builder_area=\u00bbpost_content\u00bb][\/et_pb_column][et_pb_column _builder_version=\u00bb4.20.2&#8243; _module_preset=\u00bbdefault\u00bb type=\u00bb1_2&#8243; theme_builder_area=\u00bbpost_content\u00bb][et_pb_image _builder_version=\u00bb4.20.2&#8243; _module_preset=\u00bbdefault\u00bb theme_builder_area=\u00bbpost_content\u00bb title_text=\u00bbBanda-Fundesplaigif\u00bb src=\u00bbhttps:\/\/fundesplai.org\/wp-content\/uploads\/2023\/05\/Banda-Fundesplaigif.gif\u00bb hover_enabled=\u00bb0&#8243; sticky_enabled=\u00bb0&#8243; force_fullwidth=\u00bbon\u00bb][\/et_pb_image][et_pb_image _builder_version=\u00bb4.20.2&#8243; _module_preset=\u00bbdefault\u00bb theme_builder_area=\u00bbpost_content\u00bb title_text=\u00bbBanner-principal (1)\u00bb src=\u00bbhttps:\/\/fundesplai.org\/wp-content\/uploads\/2023\/05\/Banner-principal-1.png\u00bb hover_enabled=\u00bb0&#8243; sticky_enabled=\u00bb0&#8243;][\/et_pb_image][et_pb_image _builder_version=\u00bb4.20.2&#8243; _module_preset=\u00bbdefault\u00bb theme_builder_area=\u00bbpost_content\u00bb title_text=\u00bbBanda2-Canal-Esplai\u00bb src=\u00bbhttps:\/\/fundesplai.org\/wp-content\/uploads\/2023\/05\/Banda2-Canal-Esplai.gif\u00bb hover_enabled=\u00bb0&#8243; sticky_enabled=\u00bb0&#8243; force_fullwidth=\u00bbon\u00bb][\/et_pb_image][et_pb_text _builder_version=\u00bb4.20.2&#8243; _module_preset=\u00bbdefault\u00bb theme_builder_area=\u00bbpost_content\u00bb hover_enabled=\u00bb0&#8243; sticky_enabled=\u00bb0&#8243;]<\/p>\n<table width=\"100%\" cellpadding=\"0\">\n<tbody>\n<tr>\n<td class=\"mailpoet_paragraph\">\n<p>El fundador y director de <strong>Open Arms<\/strong>, <strong>\u00d2scar Camps<\/strong>, visit\u00f3 el 10 de mayo la sede de <strong>Fundesplai <\/strong>en El Prat de Llobregat. En el encuentro, Camps se reuni\u00f3 con <strong>Josep Gass\u00f3,<\/strong> presidente de Fundesplai, y otros miembros del patronato de la entidad.<\/p>\n<\/td>\n<\/tr>\n<\/tbody>\n<\/table>\n<table width=\"100%\" cellpadding=\"0\">\n<tbody>\n<tr>\n<td class=\"mailpoet_paragraph\">\n<p>Durante la visita, los representantes de las dos organizaciones <strong>pusieron en com\u00fan los retos de la humanidad<\/strong>, la convivencia y sostenibilidad del planeta, muestra de la necesidad de continuar trabajando por los derechos de las personas y para mejorar el medio ambiente.<\/p>\n<\/td>\n<\/tr>\n<\/tbody>\n<\/table>\n<table width=\"100%\" cellpadding=\"0\">\n<tbody>\n<tr>\n<td class=\"mailpoet_paragraph\">\n<p>Adem\u00e1s, los representantes de <strong><a href=\"https:\/\/fundesplai.org\/?mailpoet_router&amp;endpoint=track&amp;action=click&amp;data=WyIzIiwiN2ZiNWI2IiwiMTE1MCIsImQ5MjE5MzBiNjk0ZiIsZmFsc2Vd\" target=\"_blank\" rel=\"noopener\">Fundesplai <\/a><\/strong>pudieron explicar a Camps las principales l\u00edneas de actuaci\u00f3n que la entidad siempre lleva a cabo desde la solidaridad, la utop\u00eda y el activismo para <strong>hacer un mundo mejor<\/strong>. Se trata de valores que ambas entidades comparten y trabajan desde sus \u00e1mbitos. La visita tambi\u00e9n sirvi\u00f3 para la <strong>reflexi\u00f3n del futuro<\/strong> que queremos construir entre todas y qu\u00e9 papel pueden jugar las entidades del tercer sector, tambi\u00e9n para el fomento de personas activistas y comprometidas.<\/p>\n<\/td>\n<\/tr>\n<\/tbody>\n<\/table>\n<table width=\"100%\" cellpadding=\"0\">\n<tbody>\n<tr>\n<td class=\"mailpoet_paragraph\">\n<p>A lo largo de la visita a Centro Esplai, el fundador y director de Open Arms tambi\u00e9n pudo ver la exposici\u00f3n &#8216;<strong><a href=\"https:\/\/fundesplai.org\/?mailpoet_router&amp;endpoint=track&amp;action=click&amp;data=WyIzIiwiN2ZiNWI2IiwiMTE1MCIsIjAxZTJlMDQ0YThlNSIsZmFsc2Vd\" target=\"_blank\" rel=\"noopener\">Menja. Actua. Impacta<\/a><\/strong>&#8216;, sobre la alimentaci\u00f3n saludable y sostenible, y la ampliaci\u00f3n de las instalaciones que han permitido dar respuesta a las necesidades de personas en situaci\u00f3n de vulnerabilidad, como acoger a las familias refugiadas de la guerra en Ucrania.<\/p>\n<\/td>\n<\/tr>\n<\/tbody>\n<\/table>\n<table width=\"100%\" cellpadding=\"0\">\n<tbody>\n<tr>\n<td class=\"mailpoet_paragraph\">La visita de \u00d3scar Camps fue un encuentro muy enriquecedor que muy seguro comportar\u00e1 acciones conjuntas en el futuro. En este momento, Fundesplai apoya diferentes campa\u00f1as y actividades educativas de <strong><a href=\"https:\/\/fundesplai.org\/?mailpoet_router&amp;endpoint=track&amp;action=click&amp;data=WyIzIiwiN2ZiNWI2IiwiMTE1MCIsImE1ZGQ0NzllY2JmNyIsZmFsc2Vd\" target=\"_blank\" rel=\"noopener\">Open Arms<\/a><\/strong>, entidad que trabaja en la protecci\u00f3n en el mar de las personas migradas y refugiadas.<\/td>\n<\/tr>\n<\/tbody>\n<\/table>\n<p>[\/et_pb_text][et_pb_divider _builder_version=\u00bb4.20.2&#8243; _module_preset=\u00bbdefault\u00bb theme_builder_area=\u00bbpost_content\u00bb color=\u00bb#13a04e\u00bb hover_enabled=\u00bb0&#8243; sticky_enabled=\u00bb0&#8243;][\/et_pb_divider][et_pb_text _builder_version=\u00bb4.20.2&#8243; _module_preset=\u00bbdefault\u00bb theme_builder_area=\u00bbpost_content\u00bb text_font_size=\u00bb8px\u00bb hover_enabled=\u00bb0&#8243; sticky_enabled=\u00bb0&#8243;]<\/p>\n<p>Este mensaje de correo electr\u00f3nico est\u00e1 dirigido exclusivamente al destinatario o destinatarios indicados en el mismo. La informaci\u00f3n que contiene puede ser confidencial y\/o privada, por lo que est\u00e1 totalmente prohibida su difusi\u00f3n o reproducci\u00f3n. Si usted no es el destinatario de este mensaje, si usted lo devuelva inmediatamente a la direcci\u00f3n de env\u00edo y destruyalo. Le informamos que la recogida y el tratamiento de los datos personales por parte de la Fundaci\u00f3 Catalana del Esplai est\u00e1 sometida a nuestra pol\u00edtica de privacidad. Usted podr\u00e1 ejercitar los derechos de acceso, rectificaci\u00f3n, supresi\u00f3n, limitaci\u00f3n del tratamiento, portabilidad u oposici\u00f3n mediante un escrito, adjuntando el documento acreditativo de su identidad, dirigido a la Fundaci\u00f3n Catalana del Esplai, con domicilio en la C\/ Riu Anoia 42-54 \u2013 El Prat del Llobregat o a trav\u00e9s del correo electr\u00f3nico: dadespersonals@fundesplai.org.<\/p>\n<p>[\/et_pb_text][\/et_pb_column][et_pb_column _builder_version=\u00bb4.20.2&#8243; _module_preset=\u00bbdefault\u00bb type=\u00bb1_4&#8243; theme_builder_area=\u00bbpost_content\u00bb][\/et_pb_column][\/et_pb_row][\/et_pb_section]<\/p>\n","protected":false},"excerpt":{"rendered":"<p>El fundador y director de Open Arms, \u00d2scar Camps, visit\u00f3 el 10 de mayo la sede de Fundesplai en El Prat de Llobregat. En el encuentro, Camps se reuni\u00f3 con Josep Gass\u00f3, presidente de Fundesplai, y otros miembros del patronato de la entidad. Pudieron explicar a Camps las principales l\u00edneas de actuaci\u00f3n que la entidad siempre lleva a cabo desde la solidaridad, la utop\u00eda y el activismo para hacer un mundo mejor.<\/p>\n","protected":false},"author":9,"featured_media":46980,"parent":0,"menu_order":0,"comment_status":"closed","ping_status":"closed","template":"","meta":{"_et_pb_use_builder":"on","_et_pb_old_content":"","_et_gb_content_width":"","footnotes":""},"class_list":["post-46976","page","type-page","status-publish","has-post-thumbnail","hentry"],"yoast_head":"<!-- This site is optimized with the Yoast SEO plugin v27.3 - https:\/\/yoast.com\/product\/yoast-seo-wordpress\/ -->\n<title>\u00d2scar Camps, fundador y director de Open Arms, visita Fundesplai - Fundesplai<\/title>\n<meta name=\"description\" content=\"El fundador y director de Open Arms, \u00d2scar Camps, visit\u00f3 el 10 de mayo la sede de Fundesplai en El Prat de Llobregat. En el encuentro, Camps se reuni\u00f3 con Josep Gass\u00f3, presidente de Fundesplai, y otros miembros del patronato de la entidad. Pudieron explicar a Camps las principales l\u00edneas de actuaci\u00f3n que la entidad siempre lleva a cabo desde la solidaridad, la utop\u00eda y el activismo para hacer un mundo mejor.\" \/>\n<meta name=\"robots\" content=\"index, follow, max-snippet:-1, max-image-preview:large, max-video-preview:-1\" \/>\n<link rel=\"canonical\" href=\"https:\/\/fundesplai.org\/es\/oscar-camps-fundador-y-director-de-open-arms-visita-fundesplai\/\" \/>\n<meta property=\"og:locale\" content=\"es_ES\" \/>\n<meta property=\"og:type\" content=\"article\" \/>\n<meta property=\"og:title\" content=\"\u00d2scar Camps, fundador y director de Open Arms, visita Fundesplai\" \/>\n<meta property=\"og:description\" content=\"El fundador y director de Open Arms, \u00d2scar Camps, visit\u00f3 el 10 de mayo la sede de Fundesplai en El Prat de Llobregat. En el encuentro, Camps se reuni\u00f3 con Josep Gass\u00f3, presidente de Fundesplai, y otros miembros del patronato de la entidad.\" \/>\n<meta property=\"og:url\" content=\"https:\/\/fundesplai.org\/es\/oscar-camps-fundador-y-director-de-open-arms-visita-fundesplai\/\" \/>\n<meta property=\"og:site_name\" content=\"Fundesplai\" \/>\n<meta property=\"article:modified_time\" content=\"2023-09-28T09:39:06+00:00\" \/>\n<meta property=\"og:image\" content=\"https:\/\/fundesplai.org\/wp-content\/uploads\/2023\/05\/visita-oscar-camps-300x300.jpg\" \/>\n<meta name=\"twitter:card\" content=\"summary_large_image\" \/>\n<meta name=\"twitter:title\" content=\"\u00d2scar Camps, fundador y director de Open Arms, visita Fundesplai\" \/>\n<meta name=\"twitter:description\" content=\"El fundador y director de Open Arms, \u00d2scar Camps, visit\u00f3 el 10 de mayo la sede de Fundesplai en El Prat de Llobregat. En el encuentro, Camps se reuni\u00f3 con Josep Gass\u00f3, presidente de Fundesplai, y otros miembros del patronato de la entidad.\" \/>\n<meta name=\"twitter:image\" content=\"https:\/\/fundesplai.org\/wp-content\/uploads\/2023\/05\/visita-oscar-camps.jpg\" \/>\n<meta name=\"twitter:label1\" content=\"Tiempo de lectura\" \/>\n\t<meta name=\"twitter:data1\" content=\"3 minutos\" \/>\n<script type=\"application\/ld+json\" class=\"yoast-schema-graph\">{\"@context\":\"https:\\\/\\\/schema.org\",\"@graph\":[{\"@type\":\"WebPage\",\"@id\":\"https:\\\/\\\/fundesplai.org\\\/es\\\/oscar-camps-fundador-y-director-de-open-arms-visita-fundesplai\\\/\",\"url\":\"https:\\\/\\\/fundesplai.org\\\/es\\\/oscar-camps-fundador-y-director-de-open-arms-visita-fundesplai\\\/\",\"name\":\"\u00d2scar Camps, fundador y director de Open Arms, visita Fundesplai - Fundesplai\",\"isPartOf\":{\"@id\":\"https:\\\/\\\/fundesplai.org\\\/es\\\/#website\"},\"primaryImageOfPage\":{\"@id\":\"https:\\\/\\\/fundesplai.org\\\/es\\\/oscar-camps-fundador-y-director-de-open-arms-visita-fundesplai\\\/#primaryimage\"},\"image\":{\"@id\":\"https:\\\/\\\/fundesplai.org\\\/es\\\/oscar-camps-fundador-y-director-de-open-arms-visita-fundesplai\\\/#primaryimage\"},\"thumbnailUrl\":\"https:\\\/\\\/fundesplai.org\\\/wp-content\\\/uploads\\\/2023\\\/05\\\/visita-oscar-camps.jpg\",\"datePublished\":\"2023-05-12T07:44:10+00:00\",\"dateModified\":\"2023-09-28T09:39:06+00:00\",\"description\":\"El fundador y director de Open Arms, \u00d2scar Camps, visit\u00f3 el 10 de mayo la sede de Fundesplai en El Prat de Llobregat. En el encuentro, Camps se reuni\u00f3 con Josep Gass\u00f3, presidente de Fundesplai, y otros miembros del patronato de la entidad. Pudieron explicar a Camps las principales l\u00edneas de actuaci\u00f3n que la entidad siempre lleva a cabo desde la solidaridad, la utop\u00eda y el activismo para hacer un mundo mejor.\",\"breadcrumb\":{\"@id\":\"https:\\\/\\\/fundesplai.org\\\/es\\\/oscar-camps-fundador-y-director-de-open-arms-visita-fundesplai\\\/#breadcrumb\"},\"inLanguage\":\"es\",\"potentialAction\":[{\"@type\":\"ReadAction\",\"target\":[\"https:\\\/\\\/fundesplai.org\\\/es\\\/oscar-camps-fundador-y-director-de-open-arms-visita-fundesplai\\\/\"]}]},{\"@type\":\"ImageObject\",\"inLanguage\":\"es\",\"@id\":\"https:\\\/\\\/fundesplai.org\\\/es\\\/oscar-camps-fundador-y-director-de-open-arms-visita-fundesplai\\\/#primaryimage\",\"url\":\"https:\\\/\\\/fundesplai.org\\\/wp-content\\\/uploads\\\/2023\\\/05\\\/visita-oscar-camps.jpg\",\"contentUrl\":\"https:\\\/\\\/fundesplai.org\\\/wp-content\\\/uploads\\\/2023\\\/05\\\/visita-oscar-camps.jpg\",\"width\":500,\"height\":500},{\"@type\":\"BreadcrumbList\",\"@id\":\"https:\\\/\\\/fundesplai.org\\\/es\\\/oscar-camps-fundador-y-director-de-open-arms-visita-fundesplai\\\/#breadcrumb\",\"itemListElement\":[{\"@type\":\"ListItem\",\"position\":1,\"name\":\"Inici\",\"item\":\"https:\\\/\\\/fundesplai.org\\\/es\\\/inicio\\\/\"},{\"@type\":\"ListItem\",\"position\":2,\"name\":\"\u00d2scar Camps, fundador y director de Open Arms, visita Fundesplai\"}]},{\"@type\":\"WebSite\",\"@id\":\"https:\\\/\\\/fundesplai.org\\\/es\\\/#website\",\"url\":\"https:\\\/\\\/fundesplai.org\\\/es\\\/\",\"name\":\"Fundesplai\",\"description\":\"Eduquem per la conviv\u00e8ncia i la sostenibilitat\",\"potentialAction\":[{\"@type\":\"SearchAction\",\"target\":{\"@type\":\"EntryPoint\",\"urlTemplate\":\"https:\\\/\\\/fundesplai.org\\\/es\\\/?s={search_term_string}\"},\"query-input\":{\"@type\":\"PropertyValueSpecification\",\"valueRequired\":true,\"valueName\":\"search_term_string\"}}],\"inLanguage\":\"es\"}]}<\/script>\n<!-- \/ Yoast SEO plugin. -->","yoast_head_json":{"title":"\u00d2scar Camps, fundador y director de Open Arms, visita Fundesplai - Fundesplai","description":"El fundador y director de Open Arms, \u00d2scar Camps, visit\u00f3 el 10 de mayo la sede de Fundesplai en El Prat de Llobregat. En el encuentro, Camps se reuni\u00f3 con Josep Gass\u00f3, presidente de Fundesplai, y otros miembros del patronato de la entidad. Pudieron explicar a Camps las principales l\u00edneas de actuaci\u00f3n que la entidad siempre lleva a cabo desde la solidaridad, la utop\u00eda y el activismo para hacer un mundo mejor.","robots":{"index":"index","follow":"follow","max-snippet":"max-snippet:-1","max-image-preview":"max-image-preview:large","max-video-preview":"max-video-preview:-1"},"canonical":"https:\/\/fundesplai.org\/es\/oscar-camps-fundador-y-director-de-open-arms-visita-fundesplai\/","og_locale":"es_ES","og_type":"article","og_title":"\u00d2scar Camps, fundador y director de Open Arms, visita Fundesplai","og_description":"El fundador y director de Open Arms, \u00d2scar Camps, visit\u00f3 el 10 de mayo la sede de Fundesplai en El Prat de Llobregat. En el encuentro, Camps se reuni\u00f3 con Josep Gass\u00f3, presidente de Fundesplai, y otros miembros del patronato de la entidad.","og_url":"https:\/\/fundesplai.org\/es\/oscar-camps-fundador-y-director-de-open-arms-visita-fundesplai\/","og_site_name":"Fundesplai","article_modified_time":"2023-09-28T09:39:06+00:00","og_image":[{"url":"https:\/\/fundesplai.org\/wp-content\/uploads\/2023\/05\/visita-oscar-camps-300x300.jpg","type":"","width":"","height":""}],"twitter_card":"summary_large_image","twitter_title":"\u00d2scar Camps, fundador y director de Open Arms, visita Fundesplai","twitter_description":"El fundador y director de Open Arms, \u00d2scar Camps, visit\u00f3 el 10 de mayo la sede de Fundesplai en El Prat de Llobregat. En el encuentro, Camps se reuni\u00f3 con Josep Gass\u00f3, presidente de Fundesplai, y otros miembros del patronato de la entidad.","twitter_image":"https:\/\/fundesplai.org\/wp-content\/uploads\/2023\/05\/visita-oscar-camps.jpg","twitter_misc":{"Tiempo de lectura":"3 minutos"},"schema":{"@context":"https:\/\/schema.org","@graph":[{"@type":"WebPage","@id":"https:\/\/fundesplai.org\/es\/oscar-camps-fundador-y-director-de-open-arms-visita-fundesplai\/","url":"https:\/\/fundesplai.org\/es\/oscar-camps-fundador-y-director-de-open-arms-visita-fundesplai\/","name":"\u00d2scar Camps, fundador y director de Open Arms, visita Fundesplai - Fundesplai","isPartOf":{"@id":"https:\/\/fundesplai.org\/es\/#website"},"primaryImageOfPage":{"@id":"https:\/\/fundesplai.org\/es\/oscar-camps-fundador-y-director-de-open-arms-visita-fundesplai\/#primaryimage"},"image":{"@id":"https:\/\/fundesplai.org\/es\/oscar-camps-fundador-y-director-de-open-arms-visita-fundesplai\/#primaryimage"},"thumbnailUrl":"https:\/\/fundesplai.org\/wp-content\/uploads\/2023\/05\/visita-oscar-camps.jpg","datePublished":"2023-05-12T07:44:10+00:00","dateModified":"2023-09-28T09:39:06+00:00","description":"El fundador y director de Open Arms, \u00d2scar Camps, visit\u00f3 el 10 de mayo la sede de Fundesplai en El Prat de Llobregat. En el encuentro, Camps se reuni\u00f3 con Josep Gass\u00f3, presidente de Fundesplai, y otros miembros del patronato de la entidad. Pudieron explicar a Camps las principales l\u00edneas de actuaci\u00f3n que la entidad siempre lleva a cabo desde la solidaridad, la utop\u00eda y el activismo para hacer un mundo mejor.","breadcrumb":{"@id":"https:\/\/fundesplai.org\/es\/oscar-camps-fundador-y-director-de-open-arms-visita-fundesplai\/#breadcrumb"},"inLanguage":"es","potentialAction":[{"@type":"ReadAction","target":["https:\/\/fundesplai.org\/es\/oscar-camps-fundador-y-director-de-open-arms-visita-fundesplai\/"]}]},{"@type":"ImageObject","inLanguage":"es","@id":"https:\/\/fundesplai.org\/es\/oscar-camps-fundador-y-director-de-open-arms-visita-fundesplai\/#primaryimage","url":"https:\/\/fundesplai.org\/wp-content\/uploads\/2023\/05\/visita-oscar-camps.jpg","contentUrl":"https:\/\/fundesplai.org\/wp-content\/uploads\/2023\/05\/visita-oscar-camps.jpg","width":500,"height":500},{"@type":"BreadcrumbList","@id":"https:\/\/fundesplai.org\/es\/oscar-camps-fundador-y-director-de-open-arms-visita-fundesplai\/#breadcrumb","itemListElement":[{"@type":"ListItem","position":1,"name":"Inici","item":"https:\/\/fundesplai.org\/es\/inicio\/"},{"@type":"ListItem","position":2,"name":"\u00d2scar Camps, fundador y director de Open Arms, visita Fundesplai"}]},{"@type":"WebSite","@id":"https:\/\/fundesplai.org\/es\/#website","url":"https:\/\/fundesplai.org\/es\/","name":"Fundesplai","description":"Eduquem per la conviv\u00e8ncia i la sostenibilitat","potentialAction":[{"@type":"SearchAction","target":{"@type":"EntryPoint","urlTemplate":"https:\/\/fundesplai.org\/es\/?s={search_term_string}"},"query-input":{"@type":"PropertyValueSpecification","valueRequired":true,"valueName":"search_term_string"}}],"inLanguage":"es"}]}},"_links":{"self":[{"href":"https:\/\/fundesplai.org\/es\/wp-json\/wp\/v2\/pages\/46976","targetHints":{"allow":["GET"]}}],"collection":[{"href":"https:\/\/fundesplai.org\/es\/wp-json\/wp\/v2\/pages"}],"about":[{"href":"https:\/\/fundesplai.org\/es\/wp-json\/wp\/v2\/types\/page"}],"author":[{"embeddable":true,"href":"https:\/\/fundesplai.org\/es\/wp-json\/wp\/v2\/users\/9"}],"replies":[{"embeddable":true,"href":"https:\/\/fundesplai.org\/es\/wp-json\/wp\/v2\/comments?post=46976"}],"version-history":[{"count":8,"href":"https:\/\/fundesplai.org\/es\/wp-json\/wp\/v2\/pages\/46976\/revisions"}],"predecessor-version":[{"id":55395,"href":"https:\/\/fundesplai.org\/es\/wp-json\/wp\/v2\/pages\/46976\/revisions\/55395"}],"wp:featuredmedia":[{"embeddable":true,"href":"https:\/\/fundesplai.org\/es\/wp-json\/wp\/v2\/media\/46980"}],"wp:attachment":[{"href":"https:\/\/fundesplai.org\/es\/wp-json\/wp\/v2\/media?parent=46976"}],"curies":[{"name":"wp","href":"https:\/\/api.w.org\/{rel}","templated":true}]}}