{"id":46971,"date":"2022-11-08T15:41:21","date_gmt":"2022-11-08T14:41:21","guid":{"rendered":"https:\/\/fundesplai.org\/donde-trabajamos\/"},"modified":"2025-07-16T14:32:12","modified_gmt":"2025-07-16T12:32:12","slug":"donde-trabajamos","status":"publish","type":"page","link":"https:\/\/fundesplai.org\/es\/donde-trabajamos\/","title":{"rendered":"D\u00f3nde trabajamos"},"content":{"rendered":"<p>[et_pb_section fb_built=\u00bb1&#8243; module_class=\u00bbseccio-home-slider\u00bb _builder_version=\u00bb4.16&#8243; custom_margin=\u00bb30px|||\u00bb locked=\u00bboff\u00bb collapsed=\u00bboff\u00bb global_colors_info=\u00bb{}\u00bb][et_pb_row _builder_version=\u00bb4.16&#8243; custom_margin=\u00bb||50px|\u00bb custom_padding=\u00bb0px|0px|0|0px|false|false\u00bb global_colors_info=\u00bb{}\u00bb][et_pb_column type=\u00bb4_4&#8243; _builder_version=\u00bb4.16&#8243; custom_padding=\u00bb|||\u00bb global_colors_info=\u00bb{}\u00bb custom_padding__hover=\u00bb|||\u00bb][et_pb_text admin_label=\u00bbT\u00edtol Secci\u00f3\u00bb _builder_version=\u00bb4.19.0&#8243; z_index_tablet=\u00bb500&#8243; global_colors_info=\u00bb{}\u00bb]<\/p>\n<h2>D\u00f3nde trabajamos<\/h2>\n<p>[\/et_pb_text][et_pb_text _builder_version=\u00bb4.17.4&#8243; z_index_tablet=\u00bb500&#8243; global_colors_info=\u00bb{}\u00bb]<\/p>\n<p>Desarrollamos acciones, servicios y proyectos por<strong> toda Catalu\u00f1a<\/strong>. Pero la actividad de Fundesplai no s\u00f3lo se limita en el \u00e1mbito territorial catal\u00e1n, sino que tambi\u00e9n llega al <strong>resto de Espa\u00f1a y el Mundo<\/strong> a trav\u00e9s de la <em><a href=\"https:\/\/fundacionesplai.org\/\">Fundaci\u00f3n Esplai &#8211; Ciudadan\u00eda Comprometida<\/a> .<\/em><\/p>\n<p>[\/et_pb_text][et_pb_image src=\u00bbhttps:\/\/fundesplai.org\/wp-content\/uploads\/2025\/07\/Mapa-Fundesplai-Catalunya-2024.jpg\u00bb alt=\u00bbMapa Fundesplai Catalu\u00f1a-2024&#8243; title_text=\u00bbMapa Fundesplai Catalu\u00f1a-2024&#8243; align=\u00bbcenter\u00bb admin_label=\u00bbImage Catalunya\u00bb _builder_version=\u00bb4.21.0&#8243; transform_scale_last_edited=\u00bboff|desktop\u00bb transform_translate_last_edited=\u00bboff|desktop\u00bb transform_rotate_last_edited=\u00bboff|desktop\u00bb transform_skew_last_edited=\u00bboff|desktop\u00bb transform_origin_last_edited=\u00bboff|desktop\u00bb transform_styles_last_edited=\u00bboff|desktop\u00bb module_alignment=\u00bbcenter\u00bb custom_margin=\u00bb30px||||false|false\u00bb hover_enabled=\u00bb0&#8243; box_shadow_style=\u00bbpreset1&#8243; global_colors_info=\u00bb{}\u00bb transform_styles__hover_enabled=\u00bbon|desktop\u00bb transform_scale__hover_enabled=\u00bbon|desktop\u00bb transform_translate__hover_enabled=\u00bbon|desktop\u00bb transform_rotate__hover_enabled=\u00bbon|desktop\u00bb transform_skew__hover_enabled=\u00bbon|desktop\u00bb transform_origin__hover_enabled=\u00bbon|desktop\u00bb transform_scale__hover=\u00bb100%|100%\u00bb sticky_enabled=\u00bb0&#8243;][\/et_pb_image][et_pb_image src=\u00bbhttps:\/\/fundesplai.org\/wp-content\/uploads\/2025\/07\/Mapa-Fundesplai-Catalunya-2024-1.jpg\u00bb alt=\u00bbMapa Fundesplai Catalu\u00f1a-2024&#8243; title_text=\u00bbMapa Fundesplai Catalu\u00f1a-2024&#8243; align=\u00bbcenter\u00bb admin_label=\u00bbImage M\u00f3n\u00bb _builder_version=\u00bb4.21.0&#8243; transform_scale_last_edited=\u00bboff|desktop\u00bb transform_translate_last_edited=\u00bboff|desktop\u00bb transform_rotate_last_edited=\u00bboff|desktop\u00bb transform_skew_last_edited=\u00bboff|desktop\u00bb transform_origin_last_edited=\u00bboff|desktop\u00bb transform_styles_last_edited=\u00bboff|desktop\u00bb custom_margin=\u00bb30px||||false|false\u00bb hover_enabled=\u00bb0&#8243; box_shadow_style=\u00bbpreset1&#8243; global_colors_info=\u00bb{}\u00bb transform_styles__hover_enabled=\u00bbon|desktop\u00bb transform_scale__hover_enabled=\u00bbon|desktop\u00bb transform_translate__hover_enabled=\u00bbon|desktop\u00bb transform_rotate__hover_enabled=\u00bbon|desktop\u00bb transform_skew__hover_enabled=\u00bbon|desktop\u00bb transform_origin__hover_enabled=\u00bbon|desktop\u00bb transform_scale__hover=\u00bb100%|100%\u00bb sticky_enabled=\u00bb0&#8243;][\/et_pb_image][et_pb_button button_url=\u00bb@ET-DC@eyJkeW5hbWljIjp0cnVlLCJjb250ZW50IjoicG9zdF9saW5rX3VybF9wYWdlIiwic2V0dGluZ3MiOnsicG9zdF9pZCI6IjM3MzU0In19@\u00bb button_text=\u00bbDescubre m\u00e1s datos en la memoria de actividades\u00bb button_alignment=\u00bbcenter\u00bb _builder_version=\u00bb4.17.4&#8243; _dynamic_attributes=\u00bbbutton_url\u00bb _module_preset=\u00bbdefault\u00bb custom_margin=\u00bb40px||40px||false|false\u00bb global_colors_info=\u00bb{}\u00bb][\/et_pb_button][\/et_pb_column][\/et_pb_row][\/et_pb_section][et_pb_section fb_built=\u00bb1&#8243; _builder_version=\u00bb4.16&#8243; custom_padding=\u00bb|||0px||\u00bb locked=\u00bboff\u00bb collapsed=\u00bboff\u00bb global_colors_info=\u00bb{}\u00bb][et_pb_row module_class=\u00bb et_pb_row_fullwidth\u00bb _builder_version=\u00bb4.16&#8243; width=\u00bb100%\u00bb max_width=\u00bbnone\u00bb global_colors_info=\u00bb{}\u00bb][et_pb_column type=\u00bb4_4&#8243; _builder_version=\u00bb4.16&#8243; global_colors_info=\u00bb{}\u00bb][et_pb_cta title=\u00bbCentre Esplai, nuestra sede\u00bb button_url=\u00bbhttps:\/\/albergueesplaibarcelona.com\/ca\/la-nostra-seu\/\u00bb url_new_window=\u00bbon\u00bb button_text=\u00bbDescubre c\u00f3mo es nuestra sede\u00bb module_class=\u00bbcta-intersticial\u00bb _builder_version=\u00bb4.19.0&#8243; link_option_url_new_window=\u00bbon\u00bb global_colors_info=\u00bb{}\u00bb]<\/p>\n<p>Nuestras oficinas se sit\u00faan en el edificio de Centre Esplai , en El Prat del Llobregat, un equipamiento <strong>innovador, sostenible, elocuente, accesible e integrado<\/strong> en su entorno. Con las medidas de ahorro energ\u00e9tico y de agua se calcula que puede llegar a reducir las emisiones de CO2 al 50%.<\/p>\n<p>[\/et_pb_cta][\/et_pb_column][\/et_pb_row][\/et_pb_section]<\/p>\n","protected":false},"excerpt":{"rendered":"<p>En Fundesplai, no s\u00f3lo trabajamos en el \u00e1mbito territorial catal\u00e1n, sino que tambi\u00e9n lo hacemos en el resto de Espa\u00f1a y el Mundo.<\/p>\n","protected":false},"author":3,"featured_media":37997,"parent":0,"menu_order":0,"comment_status":"closed","ping_status":"closed","template":"","meta":{"_et_pb_use_builder":"on","_et_pb_old_content":"","_et_gb_content_width":"","footnotes":""},"class_list":["post-46971","page","type-page","status-publish","has-post-thumbnail","hentry"],"yoast_head":"<!-- This site is optimized with the Yoast SEO plugin v27.4 - https:\/\/yoast.com\/product\/yoast-seo-wordpress\/ -->\n<title>D\u00f3nde trabajamos - Fundesplai<\/title>\n<meta name=\"description\" content=\"En Fundesplai, no s\u00f3lo trabajamos en el \u00e1mbito territorial catal\u00e1n, sino que tambi\u00e9n lo hacemos en el resto de Espa\u00f1a y el Mundo.\" \/>\n<meta name=\"robots\" content=\"index, follow, max-snippet:-1, max-image-preview:large, max-video-preview:-1\" \/>\n<link rel=\"canonical\" href=\"https:\/\/fundesplai.org\/es\/donde-trabajamos\/\" \/>\n<meta property=\"og:locale\" content=\"es_ES\" \/>\n<meta property=\"og:type\" content=\"article\" \/>\n<meta property=\"og:title\" content=\"D\u00f3nde trabajamos - Fundesplai\" \/>\n<meta property=\"og:description\" content=\"En Fundesplai, no s\u00f3lo trabajamos en el \u00e1mbito territorial catal\u00e1n, sino que tambi\u00e9n lo hacemos en el resto de Espa\u00f1a y el Mundo.\" \/>\n<meta property=\"og:url\" content=\"https:\/\/fundesplai.org\/es\/donde-trabajamos\/\" \/>\n<meta property=\"og:site_name\" content=\"Fundesplai\" \/>\n<meta property=\"article:modified_time\" content=\"2025-07-16T12:32:12+00:00\" \/>\n<meta property=\"og:image\" content=\"https:\/\/fundesplai.org\/wp-content\/uploads\/2022\/07\/Centre-Esplai-2008.jpg\" \/>\n\t<meta property=\"og:image:width\" content=\"904\" \/>\n\t<meta property=\"og:image:height\" content=\"670\" \/>\n\t<meta property=\"og:image:type\" content=\"image\/jpeg\" \/>\n<meta name=\"twitter:card\" content=\"summary_large_image\" \/>\n<meta name=\"twitter:label1\" content=\"Tiempo de lectura\" \/>\n\t<meta name=\"twitter:data1\" content=\"2 minutos\" \/>\n<script type=\"application\/ld+json\" class=\"yoast-schema-graph\">{\"@context\":\"https:\\\/\\\/schema.org\",\"@graph\":[{\"@type\":\"WebPage\",\"@id\":\"https:\\\/\\\/fundesplai.org\\\/es\\\/donde-trabajamos\\\/\",\"url\":\"https:\\\/\\\/fundesplai.org\\\/es\\\/donde-trabajamos\\\/\",\"name\":\"D\u00f3nde trabajamos - Fundesplai\",\"isPartOf\":{\"@id\":\"https:\\\/\\\/fundesplai.org\\\/es\\\/#website\"},\"primaryImageOfPage\":{\"@id\":\"https:\\\/\\\/fundesplai.org\\\/es\\\/donde-trabajamos\\\/#primaryimage\"},\"image\":{\"@id\":\"https:\\\/\\\/fundesplai.org\\\/es\\\/donde-trabajamos\\\/#primaryimage\"},\"thumbnailUrl\":\"https:\\\/\\\/fundesplai.org\\\/wp-content\\\/uploads\\\/2022\\\/07\\\/Centre-Esplai-2008.jpg\",\"datePublished\":\"2022-11-08T14:41:21+00:00\",\"dateModified\":\"2025-07-16T12:32:12+00:00\",\"description\":\"En Fundesplai, no s\u00f3lo trabajamos en el \u00e1mbito territorial catal\u00e1n, sino que tambi\u00e9n lo hacemos en el resto de Espa\u00f1a y el Mundo.\",\"breadcrumb\":{\"@id\":\"https:\\\/\\\/fundesplai.org\\\/es\\\/donde-trabajamos\\\/#breadcrumb\"},\"inLanguage\":\"es\",\"potentialAction\":[{\"@type\":\"ReadAction\",\"target\":[\"https:\\\/\\\/fundesplai.org\\\/es\\\/donde-trabajamos\\\/\"]}]},{\"@type\":\"ImageObject\",\"inLanguage\":\"es\",\"@id\":\"https:\\\/\\\/fundesplai.org\\\/es\\\/donde-trabajamos\\\/#primaryimage\",\"url\":\"https:\\\/\\\/fundesplai.org\\\/wp-content\\\/uploads\\\/2022\\\/07\\\/Centre-Esplai-2008.jpg\",\"contentUrl\":\"https:\\\/\\\/fundesplai.org\\\/wp-content\\\/uploads\\\/2022\\\/07\\\/Centre-Esplai-2008.jpg\",\"width\":904,\"height\":670,\"caption\":\"Centre Esplai 2008\"},{\"@type\":\"BreadcrumbList\",\"@id\":\"https:\\\/\\\/fundesplai.org\\\/es\\\/donde-trabajamos\\\/#breadcrumb\",\"itemListElement\":[{\"@type\":\"ListItem\",\"position\":1,\"name\":\"Inici\",\"item\":\"https:\\\/\\\/fundesplai.org\\\/es\\\/inicio\\\/\"},{\"@type\":\"ListItem\",\"position\":2,\"name\":\"D\u00f3nde trabajamos\"}]},{\"@type\":\"WebSite\",\"@id\":\"https:\\\/\\\/fundesplai.org\\\/es\\\/#website\",\"url\":\"https:\\\/\\\/fundesplai.org\\\/es\\\/\",\"name\":\"Fundesplai\",\"description\":\"Eduquem per la conviv\u00e8ncia i la sostenibilitat\",\"potentialAction\":[{\"@type\":\"SearchAction\",\"target\":{\"@type\":\"EntryPoint\",\"urlTemplate\":\"https:\\\/\\\/fundesplai.org\\\/es\\\/?s={search_term_string}\"},\"query-input\":{\"@type\":\"PropertyValueSpecification\",\"valueRequired\":true,\"valueName\":\"search_term_string\"}}],\"inLanguage\":\"es\"}]}<\/script>\n<!-- \/ Yoast SEO plugin. -->","yoast_head_json":{"title":"D\u00f3nde trabajamos - Fundesplai","description":"En Fundesplai, no s\u00f3lo trabajamos en el \u00e1mbito territorial catal\u00e1n, sino que tambi\u00e9n lo hacemos en el resto de Espa\u00f1a y el Mundo.","robots":{"index":"index","follow":"follow","max-snippet":"max-snippet:-1","max-image-preview":"max-image-preview:large","max-video-preview":"max-video-preview:-1"},"canonical":"https:\/\/fundesplai.org\/es\/donde-trabajamos\/","og_locale":"es_ES","og_type":"article","og_title":"D\u00f3nde trabajamos - Fundesplai","og_description":"En Fundesplai, no s\u00f3lo trabajamos en el \u00e1mbito territorial catal\u00e1n, sino que tambi\u00e9n lo hacemos en el resto de Espa\u00f1a y el Mundo.","og_url":"https:\/\/fundesplai.org\/es\/donde-trabajamos\/","og_site_name":"Fundesplai","article_modified_time":"2025-07-16T12:32:12+00:00","og_image":[{"width":904,"height":670,"url":"https:\/\/fundesplai.org\/wp-content\/uploads\/2022\/07\/Centre-Esplai-2008.jpg","type":"image\/jpeg"}],"twitter_card":"summary_large_image","twitter_misc":{"Tiempo de lectura":"2 minutos"},"schema":{"@context":"https:\/\/schema.org","@graph":[{"@type":"WebPage","@id":"https:\/\/fundesplai.org\/es\/donde-trabajamos\/","url":"https:\/\/fundesplai.org\/es\/donde-trabajamos\/","name":"D\u00f3nde trabajamos - Fundesplai","isPartOf":{"@id":"https:\/\/fundesplai.org\/es\/#website"},"primaryImageOfPage":{"@id":"https:\/\/fundesplai.org\/es\/donde-trabajamos\/#primaryimage"},"image":{"@id":"https:\/\/fundesplai.org\/es\/donde-trabajamos\/#primaryimage"},"thumbnailUrl":"https:\/\/fundesplai.org\/wp-content\/uploads\/2022\/07\/Centre-Esplai-2008.jpg","datePublished":"2022-11-08T14:41:21+00:00","dateModified":"2025-07-16T12:32:12+00:00","description":"En Fundesplai, no s\u00f3lo trabajamos en el \u00e1mbito territorial catal\u00e1n, sino que tambi\u00e9n lo hacemos en el resto de Espa\u00f1a y el Mundo.","breadcrumb":{"@id":"https:\/\/fundesplai.org\/es\/donde-trabajamos\/#breadcrumb"},"inLanguage":"es","potentialAction":[{"@type":"ReadAction","target":["https:\/\/fundesplai.org\/es\/donde-trabajamos\/"]}]},{"@type":"ImageObject","inLanguage":"es","@id":"https:\/\/fundesplai.org\/es\/donde-trabajamos\/#primaryimage","url":"https:\/\/fundesplai.org\/wp-content\/uploads\/2022\/07\/Centre-Esplai-2008.jpg","contentUrl":"https:\/\/fundesplai.org\/wp-content\/uploads\/2022\/07\/Centre-Esplai-2008.jpg","width":904,"height":670,"caption":"Centre Esplai 2008"},{"@type":"BreadcrumbList","@id":"https:\/\/fundesplai.org\/es\/donde-trabajamos\/#breadcrumb","itemListElement":[{"@type":"ListItem","position":1,"name":"Inici","item":"https:\/\/fundesplai.org\/es\/inicio\/"},{"@type":"ListItem","position":2,"name":"D\u00f3nde trabajamos"}]},{"@type":"WebSite","@id":"https:\/\/fundesplai.org\/es\/#website","url":"https:\/\/fundesplai.org\/es\/","name":"Fundesplai","description":"Eduquem per la conviv\u00e8ncia i la sostenibilitat","potentialAction":[{"@type":"SearchAction","target":{"@type":"EntryPoint","urlTemplate":"https:\/\/fundesplai.org\/es\/?s={search_term_string}"},"query-input":{"@type":"PropertyValueSpecification","valueRequired":true,"valueName":"search_term_string"}}],"inLanguage":"es"}]}},"_links":{"self":[{"href":"https:\/\/fundesplai.org\/es\/wp-json\/wp\/v2\/pages\/46971","targetHints":{"allow":["GET"]}}],"collection":[{"href":"https:\/\/fundesplai.org\/es\/wp-json\/wp\/v2\/pages"}],"about":[{"href":"https:\/\/fundesplai.org\/es\/wp-json\/wp\/v2\/types\/page"}],"author":[{"embeddable":true,"href":"https:\/\/fundesplai.org\/es\/wp-json\/wp\/v2\/users\/3"}],"replies":[{"embeddable":true,"href":"https:\/\/fundesplai.org\/es\/wp-json\/wp\/v2\/comments?post=46971"}],"version-history":[{"count":14,"href":"https:\/\/fundesplai.org\/es\/wp-json\/wp\/v2\/pages\/46971\/revisions"}],"predecessor-version":[{"id":76412,"href":"https:\/\/fundesplai.org\/es\/wp-json\/wp\/v2\/pages\/46971\/revisions\/76412"}],"wp:featuredmedia":[{"embeddable":true,"href":"https:\/\/fundesplai.org\/es\/wp-json\/wp\/v2\/media\/37997"}],"wp:attachment":[{"href":"https:\/\/fundesplai.org\/es\/wp-json\/wp\/v2\/media?parent=46971"}],"curies":[{"name":"wp","href":"https:\/\/api.w.org\/{rel}","templated":true}]}}