{"id":46968,"date":"2022-07-11T12:48:25","date_gmt":"2022-07-11T10:48:25","guid":{"rendered":"https:\/\/fundesplai.org\/normativa-aplicable\/"},"modified":"2023-09-28T11:40:54","modified_gmt":"2023-09-28T09:40:54","slug":"normativa-aplicable","status":"publish","type":"page","link":"https:\/\/fundesplai.org\/es\/normativa-aplicable\/","title":{"rendered":"Normativa aplicable"},"content":{"rendered":"<p>[et_pb_section fb_built=\u00bb1&#8243; fullwidth=\u00bbon\u00bb admin_label=\u00bbSection\u00bb _builder_version=\u00bb4.16&#8243; _module_preset=\u00bbdefault\u00bb locked=\u00bboff\u00bb collapsed=\u00bboff\u00bb global_colors_info=\u00bb{}\u00bb][et_pb_fullwidth_slider module_id=\u00bbfix-padding\u00bb module_class=\u00bbslider-capcalera slider-text-cta\u00bb _builder_version=\u00bb4.17.4&#8243; _module_preset=\u00bbdefault\u00bb background_enable_image=\u00bboff\u00bb global_colors_info=\u00bb{}\u00bb][et_pb_slide button_link=\u00bbhttps:\/\/escoles.fundesplai.org\/contacta\/?servei=extraescolars\u00bb _builder_version=\u00bb4.17.4&#8243; _module_preset=\u00bbdefault\u00bb background_image=\u00bbhttps:\/\/fundesplai.org\/wp-content\/uploads\/2022\/07\/Normativa-1.jpg\u00bb background_enable_image=\u00bbon\u00bb global_colors_info=\u00bb{}\u00bb sticky_transition=\u00bbon\u00bb][\/et_pb_slide][\/et_pb_fullwidth_slider][\/et_pb_section][et_pb_section fb_built=\u00bb1&#8243; _builder_version=\u00bb4.17.4&#8243; _module_preset=\u00bbdefault\u00bb global_colors_info=\u00bb{}\u00bb][et_pb_row _builder_version=\u00bb4.17.4&#8243; _module_preset=\u00bbdefault\u00bb global_colors_info=\u00bb{}\u00bb][et_pb_column type=\u00bb4_4&#8243; _builder_version=\u00bb4.17.4&#8243; _module_preset=\u00bbdefault\u00bb global_colors_info=\u00bb{}\u00bb][et_pb_post_title author=\u00bboff\u00bb date=\u00bboff\u00bb _builder_version=\u00bb4.17.4&#8243; _module_preset=\u00bbdefault\u00bb custom_margin=\u00bb30px||||false|false\u00bb global_colors_info=\u00bb{}\u00bb][\/et_pb_post_title][et_pb_text _builder_version=\u00bb4.17.4&#8243; _module_preset=\u00bbdefault\u00bb custom_margin=\u00bb30px||||false|false\u00bb global_colors_info=\u00bb{}\u00bb]<\/p>\n<ul>\n<li><a href=\"https:\/\/cido.diba.cat\/convenis_collectius\/10985\/sector-del-lleure-educatiu-i-sociocultural\">Convenio Colectivo del Sector del Ocio<\/a><\/li>\n<li><a href=\"https:\/\/portaljuridic.gencat.cat\/ca\/document-del-pjur\/?documentId=490798\">Libro III C\u00f3digo Civil de Catalu\u00f1a<\/a><\/li>\n<li><a href=\"http:\/\/portaldogc.gencat.cat\/utilsEADOP\/PDF\/7157\/1513060.pdf\">DECRETO 267\/2016, de 5 de julio, de las actividades de educaci\u00f3n en el tiempo libre en las que participan menores de 18 a\u00f1os.<\/a><\/li>\n<li><a href=\"https:\/\/portaljuridic.gencat.cat\/ca\/document-del-pjur\/?documentId=305001\">DECRETO 56\/2003, de 4 de febrero, que regula las actividades f\u00edsico-deportivas en el medio natural<\/a><\/li>\n<li><a href=\"https:\/\/dogc.gencat.cat\/ca\/document-del-dogc\/?documentId=131184\">DECRETO 160\/1996, de 14 de mayo, por el que se regula el servicio escolar de comedor en los centros docentes p\u00fablicos de titularidad del Departamento de ense\u00f1anza.<\/a><\/li>\n<li><a href=\"https:\/\/portaljuridic.gencat.cat\/ca\/document-del-pjur\/?documentId=696792\">Orden TMV\/192\/2015, de 18 de junio, por la que se establecen los programas de los cursos de formaci\u00f3n de monitor\/a y de director\/a de actividades de educaci\u00f3n en el tiempo libre infantil y juvenil.<\/a><\/li>\n<li><a href=\"https:\/\/www.boe.es\/diario_boe\/txt.php?id=BOE-A-2015-8470\">Ley 26\/2015, de 28 de julio, de modificaci\u00f3n del sistema de protecci\u00f3n a la infancia<\/a><\/li>\n<li><a href=\"http:\/\/portaldogc.gencat.cat\/utilsEADOP\/PDF\/6780\/1395384.pdf\">Ley 19\/2014, de 29 de diciembre, de transparencia, acceso a la informaci\u00f3n p\u00fablica y buen gobierno<\/a><\/li>\n<li><a href=\"https:\/\/portaljuridic.gencat.cat\/ca\/document-del-pjur\/?documentId=680087\">Ley 21\/2014, de 29 de diciembre, del protectorado de las fundaciones y de verificaci\u00f3n de la actividad de las asociaciones declaradas de utilidad p\u00fablica<\/a><\/li>\n<li><a href=\"https:\/\/portaljuridic.gencat.cat\/ca\/document-del-pjur\/?documentId=826623\">Orden JUS\/152\/2018, de 12 de septiembre, por la que se establece el nivel de sujeci\u00f3n de las fundaciones y de las asociaciones declaradas de utilidad p\u00fablica a los instrumentos de transparencia establecidos por la ley 21\/2014.<\/a><\/li>\n<li><a href=\"https:\/\/noticias.juridicas.com\/base_datos\/Laboral\/632849-lo-3-2018-de-5-dic-proteccion-de-datos-personales-y-garantia-de-los-derechos.html\">Ley Org\u00e1nica 3\/2018, de 5 de diciembre, de Protecci\u00f3n de Datos Personales y garant\u00eda de los derechos digitales<\/a><\/li>\n<li><a href=\"https:\/\/www.boe.es\/boe_catalan\/dias\/2010\/04\/29\/pdfs\/BOE-A-2010-6737-C.pdf\">Ley 10\/2010, de 28 de abril, de prevenci\u00f3n del blanqueo de capitales y de financiaci\u00f3n del terrorismo<\/a><\/li>\n<li><a href=\"https:\/\/www.boe.es\/buscar\/act.php?id=BOE-A-2002-25039\">Ley 49\/2002, de 23 de diciembre, de r\u00e9gimen fiscal de las entidades sin fines lucrativos y de los incentivos fiscales al mecenazgo<\/a><\/li>\n<li><a href=\"https:\/\/www.boe.es\/boe_catalan\/dias\/2013\/12\/10\/pdfs\/BOE-A-2013-12887-C.pdf\">Ley 19\/2013, de 9 de diciembre, de transparencia, acceso a la informaci\u00f3n p\u00fablica y buen gobierno<\/a><\/li>\n<li><a href=\"https:\/\/dogc.gencat.cat\/ca\/document-del-dogc\/?documentId=893113\">DECRETO 8\/2021, de 9 de febrero, sobre la transparencia y el derecho de acceso a la informaci\u00f3n p\u00fablica<\/a><\/li>\n<li><a href=\"https:\/\/www.parlament.cat\/document\/nom\/TL115.pdf\">Ley 14\/2010, de 27 de mayo, de los derechos y las oportunidades en la infancia y la adolescencia<\/a><\/li>\n<li><a href=\"https:\/\/educacio.gencat.cat\/web\/.content\/home\/departament\/normativa\/normativa-educacio\/lec_12_2009.pdf\">Ley 12\/2009, de 10 de julio, de educaci\u00f3n (LEC)<\/a><\/li>\n<li><a href=\"https:\/\/dibaaps.diba.cat\/vnis\/temp\/CIDO_dogc_2008_12_20081231_08352036.pdf\">DECRETO 259\/2008 de 23 de diciembre, por el que se aprueba la contabilidad de las fundaciones y asociaciones sujetas a la legislaci\u00f3n de la Generalidad de Catalu\u00f1a<\/a><\/li>\n<li><a href=\"https:\/\/portaljuridic.gencat.cat\/ca\/document-del-pjur\/?documentId=424553\">Orden JUS\/281\/2006 de 6 de junio, por la que se determinan los formularios y las condiciones para la presentaci\u00f3n de las cuentas anuales de las fundaciones en soporte digital o por v\u00eda telem\u00e1tica.<\/a><\/li>\n<li><a href=\"https:\/\/cido.diba.cat\/legislacio\/12570587\/resolucio-jus35242021-de-25-de-novembre-per-la-qual-saproven-els-criteris-que-han-de-regir-el-pla-dactuacio-inspectora-de-fundacions-i-associacions-declarades-dutilitat-publica-per-a-lany-2022-departament-de-justicia\">Resoluci\u00f3n JUS\/3524\/2021, de 25 de noviembre, por la que se aprueban los criterios que han de regir el plan de actuaci\u00f3n inspectora de fundaciones y asociaciones declaradas de utilidad p\u00fablica para el a\u00f1o 2022.<\/a><\/li>\n<\/ul>\n<p>[\/et_pb_text][et_pb_button button_url=\u00bbhttps:\/\/fundesplai.org\/es\/conoce\/transparencia\/\u00bb button_text=\u00bbVisita el portal de Transparencia\u00bb button_alignment=\u00bbcenter\u00bb _builder_version=\u00bb4.17.4&#8243; _module_preset=\u00bbdefault\u00bb custom_margin=\u00bb50px||50px||false|false\u00bb global_colors_info=\u00bb{}\u00bb][\/et_pb_button][\/et_pb_column][\/et_pb_row][\/et_pb_section]<\/p>\n","protected":false},"excerpt":{"rendered":"<p>La Normativa Deliberadora de Fundesplai est\u00e1 definida por el Convenio Colectivo del sector del Ocio, los decretos, las \u00f3rdenes y las leyes.<\/p>\n","protected":false},"author":26,"featured_media":0,"parent":0,"menu_order":0,"comment_status":"closed","ping_status":"closed","template":"","meta":{"_et_pb_use_builder":"on","_et_pb_old_content":"","_et_gb_content_width":"","footnotes":""},"class_list":["post-46968","page","type-page","status-publish","hentry"],"yoast_head":"<!-- This site is optimized with the Yoast SEO plugin v27.4 - https:\/\/yoast.com\/product\/yoast-seo-wordpress\/ -->\n<title>Normativa aplicable - Fundesplai<\/title>\n<meta name=\"description\" content=\"La Normativa Deliberadora de Fundesplai est\u00e1 definida por el Convenio Colectivo del sector del Ocio, los decretos, las \u00f3rdenes y las leyes.\" \/>\n<meta name=\"robots\" content=\"index, follow, max-snippet:-1, max-image-preview:large, max-video-preview:-1\" \/>\n<link rel=\"canonical\" href=\"https:\/\/fundesplai.org\/es\/normativa-aplicable\/\" \/>\n<meta property=\"og:locale\" content=\"es_ES\" \/>\n<meta property=\"og:type\" content=\"article\" \/>\n<meta property=\"og:title\" content=\"Normativa aplicable - Fundesplai\" \/>\n<meta property=\"og:description\" content=\"La Normativa Deliberadora de Fundesplai est\u00e1 definida por el Convenio Colectivo del sector del Ocio, los decretos, las \u00f3rdenes y las leyes.\" \/>\n<meta property=\"og:url\" content=\"https:\/\/fundesplai.org\/es\/normativa-aplicable\/\" \/>\n<meta property=\"og:site_name\" content=\"Fundesplai\" \/>\n<meta property=\"article:modified_time\" content=\"2023-09-28T09:40:54+00:00\" \/>\n<meta name=\"twitter:card\" content=\"summary_large_image\" \/>\n<meta name=\"twitter:label1\" content=\"Tiempo de lectura\" \/>\n\t<meta name=\"twitter:data1\" content=\"3 minutos\" \/>\n<script type=\"application\/ld+json\" class=\"yoast-schema-graph\">{\"@context\":\"https:\\\/\\\/schema.org\",\"@graph\":[{\"@type\":\"WebPage\",\"@id\":\"https:\\\/\\\/fundesplai.org\\\/es\\\/normativa-aplicable\\\/\",\"url\":\"https:\\\/\\\/fundesplai.org\\\/es\\\/normativa-aplicable\\\/\",\"name\":\"Normativa aplicable - Fundesplai\",\"isPartOf\":{\"@id\":\"https:\\\/\\\/fundesplai.org\\\/es\\\/#website\"},\"datePublished\":\"2022-07-11T10:48:25+00:00\",\"dateModified\":\"2023-09-28T09:40:54+00:00\",\"description\":\"La Normativa Deliberadora de Fundesplai est\u00e1 definida por el Convenio Colectivo del sector del Ocio, los decretos, las \u00f3rdenes y las leyes.\",\"breadcrumb\":{\"@id\":\"https:\\\/\\\/fundesplai.org\\\/es\\\/normativa-aplicable\\\/#breadcrumb\"},\"inLanguage\":\"es\",\"potentialAction\":[{\"@type\":\"ReadAction\",\"target\":[\"https:\\\/\\\/fundesplai.org\\\/es\\\/normativa-aplicable\\\/\"]}]},{\"@type\":\"BreadcrumbList\",\"@id\":\"https:\\\/\\\/fundesplai.org\\\/es\\\/normativa-aplicable\\\/#breadcrumb\",\"itemListElement\":[{\"@type\":\"ListItem\",\"position\":1,\"name\":\"Inici\",\"item\":\"https:\\\/\\\/fundesplai.org\\\/es\\\/inicio\\\/\"},{\"@type\":\"ListItem\",\"position\":2,\"name\":\"Normativa aplicable\"}]},{\"@type\":\"WebSite\",\"@id\":\"https:\\\/\\\/fundesplai.org\\\/es\\\/#website\",\"url\":\"https:\\\/\\\/fundesplai.org\\\/es\\\/\",\"name\":\"Fundesplai\",\"description\":\"Eduquem per la conviv\u00e8ncia i la sostenibilitat\",\"potentialAction\":[{\"@type\":\"SearchAction\",\"target\":{\"@type\":\"EntryPoint\",\"urlTemplate\":\"https:\\\/\\\/fundesplai.org\\\/es\\\/?s={search_term_string}\"},\"query-input\":{\"@type\":\"PropertyValueSpecification\",\"valueRequired\":true,\"valueName\":\"search_term_string\"}}],\"inLanguage\":\"es\"}]}<\/script>\n<!-- \/ Yoast SEO plugin. -->","yoast_head_json":{"title":"Normativa aplicable - Fundesplai","description":"La Normativa Deliberadora de Fundesplai est\u00e1 definida por el Convenio Colectivo del sector del Ocio, los decretos, las \u00f3rdenes y las leyes.","robots":{"index":"index","follow":"follow","max-snippet":"max-snippet:-1","max-image-preview":"max-image-preview:large","max-video-preview":"max-video-preview:-1"},"canonical":"https:\/\/fundesplai.org\/es\/normativa-aplicable\/","og_locale":"es_ES","og_type":"article","og_title":"Normativa aplicable - Fundesplai","og_description":"La Normativa Deliberadora de Fundesplai est\u00e1 definida por el Convenio Colectivo del sector del Ocio, los decretos, las \u00f3rdenes y las leyes.","og_url":"https:\/\/fundesplai.org\/es\/normativa-aplicable\/","og_site_name":"Fundesplai","article_modified_time":"2023-09-28T09:40:54+00:00","twitter_card":"summary_large_image","twitter_misc":{"Tiempo de lectura":"3 minutos"},"schema":{"@context":"https:\/\/schema.org","@graph":[{"@type":"WebPage","@id":"https:\/\/fundesplai.org\/es\/normativa-aplicable\/","url":"https:\/\/fundesplai.org\/es\/normativa-aplicable\/","name":"Normativa aplicable - Fundesplai","isPartOf":{"@id":"https:\/\/fundesplai.org\/es\/#website"},"datePublished":"2022-07-11T10:48:25+00:00","dateModified":"2023-09-28T09:40:54+00:00","description":"La Normativa Deliberadora de Fundesplai est\u00e1 definida por el Convenio Colectivo del sector del Ocio, los decretos, las \u00f3rdenes y las leyes.","breadcrumb":{"@id":"https:\/\/fundesplai.org\/es\/normativa-aplicable\/#breadcrumb"},"inLanguage":"es","potentialAction":[{"@type":"ReadAction","target":["https:\/\/fundesplai.org\/es\/normativa-aplicable\/"]}]},{"@type":"BreadcrumbList","@id":"https:\/\/fundesplai.org\/es\/normativa-aplicable\/#breadcrumb","itemListElement":[{"@type":"ListItem","position":1,"name":"Inici","item":"https:\/\/fundesplai.org\/es\/inicio\/"},{"@type":"ListItem","position":2,"name":"Normativa aplicable"}]},{"@type":"WebSite","@id":"https:\/\/fundesplai.org\/es\/#website","url":"https:\/\/fundesplai.org\/es\/","name":"Fundesplai","description":"Eduquem per la conviv\u00e8ncia i la sostenibilitat","potentialAction":[{"@type":"SearchAction","target":{"@type":"EntryPoint","urlTemplate":"https:\/\/fundesplai.org\/es\/?s={search_term_string}"},"query-input":{"@type":"PropertyValueSpecification","valueRequired":true,"valueName":"search_term_string"}}],"inLanguage":"es"}]}},"_links":{"self":[{"href":"https:\/\/fundesplai.org\/es\/wp-json\/wp\/v2\/pages\/46968","targetHints":{"allow":["GET"]}}],"collection":[{"href":"https:\/\/fundesplai.org\/es\/wp-json\/wp\/v2\/pages"}],"about":[{"href":"https:\/\/fundesplai.org\/es\/wp-json\/wp\/v2\/types\/page"}],"author":[{"embeddable":true,"href":"https:\/\/fundesplai.org\/es\/wp-json\/wp\/v2\/users\/26"}],"replies":[{"embeddable":true,"href":"https:\/\/fundesplai.org\/es\/wp-json\/wp\/v2\/comments?post=46968"}],"version-history":[{"count":8,"href":"https:\/\/fundesplai.org\/es\/wp-json\/wp\/v2\/pages\/46968\/revisions"}],"predecessor-version":[{"id":55400,"href":"https:\/\/fundesplai.org\/es\/wp-json\/wp\/v2\/pages\/46968\/revisions\/55400"}],"wp:attachment":[{"href":"https:\/\/fundesplai.org\/es\/wp-json\/wp\/v2\/media?parent=46968"}],"curies":[{"name":"wp","href":"https:\/\/api.w.org\/{rel}","templated":true}]}}