{"id":46965,"date":"2022-10-18T16:16:49","date_gmt":"2022-10-18T14:16:49","guid":{"rendered":"https:\/\/fundesplai.org\/marco-estrategico\/"},"modified":"2024-07-10T08:52:21","modified_gmt":"2024-07-10T06:52:21","slug":"marco-estrategico","status":"publish","type":"page","link":"https:\/\/fundesplai.org\/es\/conoce\/transparencia\/marco-estrategico\/","title":{"rendered":"Marco estrat\u00e9gico"},"content":{"rendered":"<p>[et_pb_section fb_built=\u00bb1&#8243; _builder_version=\u00bb4.17.4&#8243; _module_preset=\u00bbdefault\u00bb global_colors_info=\u00bb{}\u00bb][et_pb_row _builder_version=\u00bb4.17.4&#8243; _module_preset=\u00bbdefault\u00bb global_colors_info=\u00bb{}\u00bb][et_pb_column type=\u00bb4_4&#8243; _builder_version=\u00bb4.17.4&#8243; _module_preset=\u00bbdefault\u00bb global_colors_info=\u00bb{}\u00bb][et_pb_post_title _builder_version=\u00bb4.21.0&#8243; locked=\u00bboff\u00bb global_colors_info=\u00bb{}\u00bb]<br \/>\n[\/et_pb_post_title][et_pb_text admin_label=\u00bbText\u00bb _builder_version=\u00bb4.21.0&#8243; _module_preset=\u00bbdefault\u00bb custom_margin=\u00bb||50px||false|false\u00bb hover_enabled=\u00bb0&#8243; locked=\u00bboff\u00bb global_colors_info=\u00bb{}\u00bb sticky_enabled=\u00bb0&#8243;]<\/p>\n<p style=\"text-align: center\"><strong>El marco estrat\u00e9gico vigente<\/strong> de Fundesplai se cre\u00f3 entre 2017 y 2019 con el proceso participativo \u00ab<strong>Somiem el Futur<\/strong>\u00ab, en el que colaboraron hasta 228 personas. Con este proceso exploramos nuevos horizontes para caminar hacia un <strong>modelo organizativo m\u00e1s horizontal <\/strong>y definimos <strong>5 l\u00edneas estrat\u00e9gicas<\/strong> que enmarcan nuestros proyectos y acciones.<\/p>\n<p>[\/et_pb_text][et_pb_text admin_label=\u00bbgenially\u00bb _builder_version=\u00bb4.21.0&#8243; _module_preset=\u00bbdefault\u00bb custom_margin=\u00bb40px||||false|false\u00bb locked=\u00bboff\u00bb global_colors_info=\u00bb{}\u00bb]<\/p>\n<p><iframe class=\"wp-embedded-content\" sandbox=\"allow-scripts allow-popups allow-popups-to-escape-sandbox allow-same-origin\" security=\"restricted\" title=\"Castell\u00e0- Marc estrat\u00e8gic - proc\u00e9s\" frameborder='0' width='1200' height='675' src='https:\/\/view.genially.com\/64f6c7617ce594001931ced3#?secret=MfxnkE2hk0' data-secret='MfxnkE2hk0' scrolling='yes'><\/iframe><\/p>\n<p>&nbsp;<\/p>\n<p>[\/et_pb_text][\/et_pb_column][\/et_pb_row][et_pb_row _builder_version=\u00bb4.17.4&#8243; _module_preset=\u00bbdefault\u00bb custom_margin=\u00bb40px||||false|false\u00bb global_colors_info=\u00bb{}\u00bb][et_pb_column type=\u00bb4_4&#8243; _builder_version=\u00bb4.17.4&#8243; _module_preset=\u00bbdefault\u00bb global_colors_info=\u00bb{}\u00bb][et_pb_text admin_label=\u00bbL\u00cdNIES ESTRAT\u00c8GIQUES\u00bb _builder_version=\u00bb4.21.0&#8243; _module_preset=\u00bbdefault\u00bb global_colors_info=\u00bb{}\u00bb]<\/p>\n<h2 style=\"text-align: center\">L\u00edneas estrat\u00e9gicas<\/h2>\n<p>[\/et_pb_text][et_pb_text admin_label=\u00bbText\u00bb _builder_version=\u00bb4.21.0&#8243; _module_preset=\u00bbdefault\u00bb custom_margin=\u00bb||50px||false|false\u00bb locked=\u00bboff\u00bb global_colors_info=\u00bb{}\u00bb]<\/p>\n<p style=\"text-align: center\">A partir del proceso participativo \u00abSomiem el Futur\u00bb hemos definido <strong>5 grandes l\u00edneas estrat\u00e9gicas<\/strong> que enmarcan nuestros proyectos y acciones.<\/p>\n<p>[\/et_pb_text][\/et_pb_column][\/et_pb_row][et_pb_row _builder_version=\u00bb4.17.4&#8243; _module_preset=\u00bbdefault\u00bb custom_margin=\u00bb40px||||false|false\u00bb global_colors_info=\u00bb{}\u00bb][et_pb_column type=\u00bb4_4&#8243; _builder_version=\u00bb4.17.4&#8243; _module_preset=\u00bbdefault\u00bb global_colors_info=\u00bb{}\u00bb][et_pb_text admin_label=\u00bbt\u00edtol l\u00ednia 1&#8243; _builder_version=\u00bb4.21.0&#8243; _module_preset=\u00bbdefault\u00bb global_colors_info=\u00bb{}\u00bb]<\/p>\n<h3 style=\"text-align: left\">1. Preparar la organizaci\u00f3n para nuevos tiempos y nuevos retos<\/h3>\n<p>[\/et_pb_text][\/et_pb_column][\/et_pb_row][et_pb_row column_structure=\u00bb1_4,3_4&#8243; use_custom_gutter=\u00bbon\u00bb gutter_width=\u00bb2&#8243; make_equal=\u00bbon\u00bb _builder_version=\u00bb4.19.0&#8243; _module_preset=\u00bbdefault\u00bb global_colors_info=\u00bb{}\u00bb][et_pb_column type=\u00bb1_4&#8243; _builder_version=\u00bb4.19.0&#8243; _module_preset=\u00bbdefault\u00bb background_enable_image=\u00bboff\u00bb background_size=\u00bbcontain\u00bb global_colors_info=\u00bb{}\u00bb][et_pb_image src=\u00bbhttps:\/\/fundesplai.org\/wp-content\/uploads\/2022\/10\/marc-estrategic-Fundesplai-1.png\u00bb alt=\u00bbmarco estrat\u00e9gico Fundesplai 1&#8243; title_text=\u00bbmarco estrat\u00e9gico Fundesplai 1&#8243; align=\u00bbcenter\u00bb _builder_version=\u00bb4.19.0&#8243; _module_preset=\u00bbdefault\u00bb global_colors_info=\u00bb{}\u00bb][\/et_pb_image][\/et_pb_column][et_pb_column type=\u00bb3_4&#8243; _builder_version=\u00bb4.17.4&#8243; _module_preset=\u00bbdefault\u00bb global_colors_info=\u00bb{}\u00bb][et_pb_text admin_label=\u00bbText l\u00ednia 1&#8243; _builder_version=\u00bb4.21.0&#8243; _module_preset=\u00bbdefault\u00bb custom_margin=\u00bb30px||||false|false\u00bb hover_enabled=\u00bb0&#8243; global_colors_info=\u00bb{}\u00bb sticky_enabled=\u00bb0&#8243;]<\/p>\n<p>Debemos preparar la organizaci\u00f3n para los <strong>nuevos tiempos y nuevos retos<\/strong>, especialmente en un momento donde <strong>Fundesplai se expande<\/strong> arraig\u00e1ndose en el territorio y haci\u00e9ndose presente en el <strong>\u00e1mbito internacional<\/strong>. Adoptamos la <strong>redarqu\u00eda <\/strong>como modelo organizativo y movilizamos <strong>liderazgos estrat\u00e9gicos<\/strong> identificando personas con capacidad de liderazgo en diversos \u00e1mbitos de la organizaci\u00f3n.<\/p>\n<p>[\/et_pb_text][\/et_pb_column][\/et_pb_row][et_pb_row _builder_version=\u00bb4.17.4&#8243; _module_preset=\u00bbdefault\u00bb custom_margin=\u00bb40px||||false|false\u00bb global_colors_info=\u00bb{}\u00bb][et_pb_column type=\u00bb4_4&#8243; _builder_version=\u00bb4.17.4&#8243; _module_preset=\u00bbdefault\u00bb global_colors_info=\u00bb{}\u00bb][et_pb_text admin_label=\u00bbt\u00edtol l\u00ednia 2&#8243; _builder_version=\u00bb4.17.4&#8243; _module_preset=\u00bbdefault\u00bb global_colors_info=\u00bb{}\u00bb]<\/p>\n<h3>2. Desarrollar el derecho al Esplai \u00aba lo largo de toda la vida\u00bb<\/h3>\n<p>[\/et_pb_text][\/et_pb_column][\/et_pb_row][et_pb_row column_structure=\u00bb1_4,3_4&#8243; use_custom_gutter=\u00bbon\u00bb gutter_width=\u00bb2&#8243; make_equal=\u00bbon\u00bb _builder_version=\u00bb4.19.0&#8243; _module_preset=\u00bbdefault\u00bb global_colors_info=\u00bb{}\u00bb][et_pb_column type=\u00bb1_4&#8243; _builder_version=\u00bb4.19.0&#8243; _module_preset=\u00bbdefault\u00bb background_enable_image=\u00bboff\u00bb background_size=\u00bbcontain\u00bb global_colors_info=\u00bb{}\u00bb][et_pb_image src=\u00bbhttps:\/\/fundesplai.org\/wp-content\/uploads\/2022\/10\/marc-estrategic-Fundesplai-2.png\u00bb alt=\u00bbmarco estrat\u00e9gico Fundesplai 2&#8243; title_text=\u00bbmarco estrat\u00e9gico Fundesplai 2&#8243; align=\u00bbcenter\u00bb _builder_version=\u00bb4.19.0&#8243; _module_preset=\u00bbdefault\u00bb global_colors_info=\u00bb{}\u00bb][\/et_pb_image][\/et_pb_column][et_pb_column type=\u00bb3_4&#8243; _builder_version=\u00bb4.17.4&#8243; _module_preset=\u00bbdefault\u00bb global_colors_info=\u00bb{}\u00bb][et_pb_text admin_label=\u00bbText l\u00ednia 2&#8243; _builder_version=\u00bb4.19.0&#8243; _module_preset=\u00bbdefault\u00bb custom_margin=\u00bb30px||||false|false\u00bb global_colors_info=\u00bb{}\u00bb]<\/p>\n<p><strong>El ocio educativo es una experiencia educativa<\/strong>, participativa, transformadora, de aprendizaje y de crecimiento personal y colectivo de <strong>mucha relevancia para la sociedad del siglo XXI<\/strong>, especialmente significativa para la cohesi\u00f3n social y la construcci\u00f3n de una ciudadan\u00eda activa. <strong>El \u00abEsplai\u00bb a lo largo de la vida<\/strong> representa la voluntad de incorporar el derecho al ocio, y su intencionalidad transformadora, en \u00e1mbitos educativos dirigidos a la peque\u00f1a infancia, familias, j\u00f3venes, personas mayores,&#8230;<\/p>\n<p>[\/et_pb_text][\/et_pb_column][\/et_pb_row][et_pb_row _builder_version=\u00bb4.17.4&#8243; _module_preset=\u00bbdefault\u00bb custom_margin=\u00bb40px||||false|false\u00bb global_colors_info=\u00bb{}\u00bb][et_pb_column type=\u00bb4_4&#8243; _builder_version=\u00bb4.17.4&#8243; _module_preset=\u00bbdefault\u00bb global_colors_info=\u00bb{}\u00bb][et_pb_text admin_label=\u00bbt\u00edtol l\u00ednia 3&#8243; _builder_version=\u00bb4.17.4&#8243; _module_preset=\u00bbdefault\u00bb global_colors_info=\u00bb{}\u00bb]<\/p>\n<h3>3. Impulsar \u00abLa pedagog\u00eda de la ciudadan\u00eda comprometida\u00bb<\/h3>\n<p>[\/et_pb_text][\/et_pb_column][\/et_pb_row][et_pb_row column_structure=\u00bb1_4,3_4&#8243; use_custom_gutter=\u00bbon\u00bb gutter_width=\u00bb2&#8243; make_equal=\u00bbon\u00bb _builder_version=\u00bb4.19.0&#8243; _module_preset=\u00bbdefault\u00bb global_colors_info=\u00bb{}\u00bb][et_pb_column type=\u00bb1_4&#8243; _builder_version=\u00bb4.19.0&#8243; _module_preset=\u00bbdefault\u00bb background_enable_image=\u00bboff\u00bb background_size=\u00bbcontain\u00bb global_colors_info=\u00bb{}\u00bb][et_pb_image src=\u00bbhttps:\/\/fundesplai.org\/wp-content\/uploads\/2022\/10\/marc-estrategic-Fundesplai-3.png\u00bb alt=\u00bbmarco estrat\u00e9gico Fundesplai 3&#8243; title_text=\u00bbmarco estrat\u00e9gico Fundesplai 3&#8243; align=\u00bbcenter\u00bb _builder_version=\u00bb4.19.0&#8243; _module_preset=\u00bbdefault\u00bb global_colors_info=\u00bb{}\u00bb][\/et_pb_image][\/et_pb_column][et_pb_column type=\u00bb3_4&#8243; _builder_version=\u00bb4.17.4&#8243; _module_preset=\u00bbdefault\u00bb global_colors_info=\u00bb{}\u00bb][et_pb_text admin_label=\u00bbText l\u00ednia 3&#8243; _builder_version=\u00bb4.19.0&#8243; _module_preset=\u00bbdefault\u00bb custom_margin=\u00bb30px||||false|false\u00bb global_colors_info=\u00bb{}\u00bb]<\/p>\n<p>El ocio educativo se ha convertido, desde siempre, en una <strong>escuela de ciudadan\u00eda<\/strong>, de corresponsabilizaci\u00f3n de los asuntos colectivos, protagonismo, implicaci\u00f3n y compromiso y un instrumento necesario para la <strong>transformaci\u00f3n social<\/strong>. Queremos repensar y reconstruir <strong>experiencias m\u00e1s significativas y vitales dirigidas<\/strong> al <strong>colectivo de personas j\u00f3venes<\/strong>, con nuevas estrategias pedag\u00f3gicas que las movilicen y las comprometan. <strong>Reafirmamos el liderazgo de los y las j\u00f3venes<\/strong><strong> y su capacidad de acci\u00f3n<\/strong>.<\/p>\n<p>[\/et_pb_text][\/et_pb_column][\/et_pb_row][et_pb_row _builder_version=\u00bb4.17.4&#8243; _module_preset=\u00bbdefault\u00bb custom_margin=\u00bb40px||||false|false\u00bb global_colors_info=\u00bb{}\u00bb][et_pb_column type=\u00bb4_4&#8243; _builder_version=\u00bb4.17.4&#8243; _module_preset=\u00bbdefault\u00bb global_colors_info=\u00bb{}\u00bb][et_pb_text admin_label=\u00bbt\u00edtol l\u00ednia 4&#8243; _builder_version=\u00bb4.17.4&#8243; _module_preset=\u00bbdefault\u00bb global_colors_info=\u00bb{}\u00bb]<\/p>\n<h3>4. Acompa\u00f1ar y facilitar una sociedad organizada que lidere transformaciones<\/h3>\n<p>[\/et_pb_text][\/et_pb_column][\/et_pb_row][et_pb_row column_structure=\u00bb1_4,3_4&#8243; use_custom_gutter=\u00bbon\u00bb gutter_width=\u00bb2&#8243; make_equal=\u00bbon\u00bb _builder_version=\u00bb4.19.0&#8243; _module_preset=\u00bbdefault\u00bb global_colors_info=\u00bb{}\u00bb][et_pb_column type=\u00bb1_4&#8243; _builder_version=\u00bb4.19.0&#8243; _module_preset=\u00bbdefault\u00bb background_enable_image=\u00bboff\u00bb background_size=\u00bbcontain\u00bb global_colors_info=\u00bb{}\u00bb][et_pb_image src=\u00bbhttps:\/\/fundesplai.org\/wp-content\/uploads\/2022\/10\/marc-estrategic-Fundesplai-4.png\u00bb alt=\u00bbmarco estrat\u00e9gico Fundesplai 4&#8243; title_text=\u00bbmarco estrat\u00e9gico Fundesplai 4&#8243; align=\u00bbcenter\u00bb _builder_version=\u00bb4.19.0&#8243; _module_preset=\u00bbdefault\u00bb global_colors_info=\u00bb{}\u00bb][\/et_pb_image][\/et_pb_column][et_pb_column type=\u00bb3_4&#8243; _builder_version=\u00bb4.17.4&#8243; _module_preset=\u00bbdefault\u00bb global_colors_info=\u00bb{}\u00bb][et_pb_text admin_label=\u00bbText l\u00ednia 4&#8243; _builder_version=\u00bb4.19.0&#8243; _module_preset=\u00bbdefault\u00bb custom_margin=\u00bb30px||||false|false\u00bb global_colors_info=\u00bb{}\u00bb]<\/p>\n<p>Desde los inicios de Fundesplai hemos contribuido al <strong>fortalecimiento del Tercer Sector<\/strong>, con voluntad transformadora, a escala local y a nivel internacional, especialmente ayudando a las organizaciones a mejorar su gesti\u00f3n, ganando eficacia, alcance e impacto. Nos comprometemos a hacer un <strong>acompa\u00f1amiento a las organizaciones del Tercer Sector<\/strong> para fortalecerlas en su sostenibilidad, gesti\u00f3n, liderazgo, alianzas, y capacidad de hacer incidencia pol\u00edtica real, movilizando a la sociedad.<\/p>\n<p>[\/et_pb_text][\/et_pb_column][\/et_pb_row][et_pb_row _builder_version=\u00bb4.17.4&#8243; _module_preset=\u00bbdefault\u00bb custom_margin=\u00bb40px||||false|false\u00bb global_colors_info=\u00bb{}\u00bb][et_pb_column type=\u00bb4_4&#8243; _builder_version=\u00bb4.17.4&#8243; _module_preset=\u00bbdefault\u00bb global_colors_info=\u00bb{}\u00bb][et_pb_text admin_label=\u00bbt\u00edtol l\u00ednia 5&#8243; _builder_version=\u00bb4.17.4&#8243; _module_preset=\u00bbdefault\u00bb global_colors_info=\u00bb{}\u00bb]<\/p>\n<h3>5. Trabajar para fortalecer las competencias de los ciudadanos\/as del futuro<\/h3>\n<p>[\/et_pb_text][\/et_pb_column][\/et_pb_row][et_pb_row column_structure=\u00bb1_4,3_4&#8243; use_custom_gutter=\u00bbon\u00bb gutter_width=\u00bb2&#8243; make_equal=\u00bbon\u00bb _builder_version=\u00bb4.19.0&#8243; _module_preset=\u00bbdefault\u00bb global_colors_info=\u00bb{}\u00bb][et_pb_column type=\u00bb1_4&#8243; _builder_version=\u00bb4.19.0&#8243; _module_preset=\u00bbdefault\u00bb background_enable_image=\u00bboff\u00bb background_size=\u00bbcontain\u00bb global_colors_info=\u00bb{}\u00bb][et_pb_image src=\u00bbhttps:\/\/fundesplai.org\/wp-content\/uploads\/2022\/10\/marc-estrategic-Fundesplai-5.png\u00bb alt=\u00bbmarco estrat\u00e9gico Fundesplai 4&#8243; title_text=\u00bbmarco estrat\u00e9gico Fundesplai 5&#8243; align=\u00bbcenter\u00bb _builder_version=\u00bb4.19.0&#8243; _module_preset=\u00bbdefault\u00bb global_colors_info=\u00bb{}\u00bb][\/et_pb_image][\/et_pb_column][et_pb_column type=\u00bb3_4&#8243; _builder_version=\u00bb4.17.4&#8243; _module_preset=\u00bbdefault\u00bb global_colors_info=\u00bb{}\u00bb][et_pb_text admin_label=\u00bbText l\u00ednia 5&#8243; _builder_version=\u00bb4.21.0&#8243; _module_preset=\u00bbdefault\u00bb custom_margin=\u00bb30px||||false|false\u00bb hover_enabled=\u00bb0&#8243; global_colors_info=\u00bb{}\u00bb sticky_enabled=\u00bb0&#8243;]<\/p>\n<p>Trabajamos por una <strong>educaci\u00f3n capaz de empoderar a las personas<\/strong>, favoreciendo competencias que permitan aplicar sus conocimientos, actitudes y valores para hacer un mundo m\u00e1s justo, equitativo y sostenible. Para conseguir este objetivo, necesitamos <strong>renovar y actualizar competencias y habilidades profesionales <\/strong>que nos permitan avanzar constantemente en la calidad de los proyectos. Apostamos por la<strong> formaci\u00f3n competencial<\/strong>, espec\u00edfica, innovadora y de alto nivel, y profesionalizadora.<\/p>\n<p>[\/et_pb_text][\/et_pb_column][\/et_pb_row][et_pb_row _builder_version=\u00bb4.17.4&#8243; _module_preset=\u00bbdefault\u00bb custom_margin=\u00bb40px||40px||false|false\u00bb global_colors_info=\u00bb{}\u00bb][et_pb_column type=\u00bb4_4&#8243; _builder_version=\u00bb4.17.4&#8243; _module_preset=\u00bbdefault\u00bb global_colors_info=\u00bb{}\u00bb][et_pb_button button_url=\u00bbhttps:\/\/fundesplai.org\/es\/conoce\/transparencia\/\u00bb button_text=\u00bbVisita el portal de transparencia \u00bb button_alignment=\u00bbcenter\u00bb _builder_version=\u00bb4.21.0&#8243; _module_preset=\u00bbdefault\u00bb global_colors_info=\u00bb{}\u00bb][\/et_pb_button][\/et_pb_column][\/et_pb_row][\/et_pb_section]<\/p>\n","protected":false},"excerpt":{"rendered":"<p>El marco estrat\u00e9gico vigente de Fundesplai explora nuevos horizontes para caminar hacia un modelo organizativo m\u00e1s horizontal.<\/p>\n","protected":false},"author":3,"featured_media":0,"parent":46765,"menu_order":0,"comment_status":"closed","ping_status":"closed","template":"","meta":{"_et_pb_use_builder":"on","_et_pb_old_content":"","_et_gb_content_width":"","footnotes":""},"class_list":["post-46965","page","type-page","status-publish","hentry"],"yoast_head":"<!-- This site is optimized with the Yoast SEO plugin v27.4 - https:\/\/yoast.com\/product\/yoast-seo-wordpress\/ -->\n<title>Marco estrat\u00e9gico - Fundesplai<\/title>\n<meta name=\"description\" content=\"El marco estrat\u00e9gico vigente de Fundesplai explora nuevos horizontes para caminar hacia un modelo organizativo m\u00e1s horizontal.\" \/>\n<meta name=\"robots\" content=\"index, follow, max-snippet:-1, max-image-preview:large, max-video-preview:-1\" \/>\n<link rel=\"canonical\" href=\"https:\/\/fundesplai.org\/es\/conoce\/transparencia\/marco-estrategico\/\" \/>\n<meta property=\"og:locale\" content=\"es_ES\" \/>\n<meta property=\"og:type\" content=\"article\" \/>\n<meta property=\"og:title\" content=\"Marco estrat\u00e9gico - Fundesplai\" \/>\n<meta property=\"og:description\" content=\"El marco estrat\u00e9gico vigente de Fundesplai explora nuevos horizontes para caminar hacia un modelo organizativo m\u00e1s horizontal.\" \/>\n<meta property=\"og:url\" content=\"https:\/\/fundesplai.org\/es\/conoce\/transparencia\/marco-estrategico\/\" \/>\n<meta property=\"og:site_name\" content=\"Fundesplai\" \/>\n<meta property=\"article:modified_time\" content=\"2024-07-10T06:52:21+00:00\" \/>\n<meta name=\"twitter:card\" content=\"summary_large_image\" \/>\n<meta name=\"twitter:label1\" content=\"Tiempo de lectura\" \/>\n\t<meta name=\"twitter:data1\" content=\"4 minutos\" \/>\n<script type=\"application\/ld+json\" class=\"yoast-schema-graph\">{\"@context\":\"https:\\\/\\\/schema.org\",\"@graph\":[{\"@type\":\"WebPage\",\"@id\":\"https:\\\/\\\/fundesplai.org\\\/es\\\/conoce\\\/transparencia\\\/marco-estrategico\\\/\",\"url\":\"https:\\\/\\\/fundesplai.org\\\/es\\\/conoce\\\/transparencia\\\/marco-estrategico\\\/\",\"name\":\"Marco estrat\u00e9gico - Fundesplai\",\"isPartOf\":{\"@id\":\"https:\\\/\\\/fundesplai.org\\\/es\\\/#website\"},\"datePublished\":\"2022-10-18T14:16:49+00:00\",\"dateModified\":\"2024-07-10T06:52:21+00:00\",\"description\":\"El marco estrat\u00e9gico vigente de Fundesplai explora nuevos horizontes para caminar hacia un modelo organizativo m\u00e1s horizontal.\",\"breadcrumb\":{\"@id\":\"https:\\\/\\\/fundesplai.org\\\/es\\\/conoce\\\/transparencia\\\/marco-estrategico\\\/#breadcrumb\"},\"inLanguage\":\"es\",\"potentialAction\":[{\"@type\":\"ReadAction\",\"target\":[\"https:\\\/\\\/fundesplai.org\\\/es\\\/conoce\\\/transparencia\\\/marco-estrategico\\\/\"]}]},{\"@type\":\"BreadcrumbList\",\"@id\":\"https:\\\/\\\/fundesplai.org\\\/es\\\/conoce\\\/transparencia\\\/marco-estrategico\\\/#breadcrumb\",\"itemListElement\":[{\"@type\":\"ListItem\",\"position\":1,\"name\":\"Inici\",\"item\":\"https:\\\/\\\/fundesplai.org\\\/es\\\/inicio\\\/\"},{\"@type\":\"ListItem\",\"position\":2,\"name\":\"Marco estrat\u00e9gico\"}]},{\"@type\":\"WebSite\",\"@id\":\"https:\\\/\\\/fundesplai.org\\\/es\\\/#website\",\"url\":\"https:\\\/\\\/fundesplai.org\\\/es\\\/\",\"name\":\"Fundesplai\",\"description\":\"Eduquem per la conviv\u00e8ncia i la sostenibilitat\",\"potentialAction\":[{\"@type\":\"SearchAction\",\"target\":{\"@type\":\"EntryPoint\",\"urlTemplate\":\"https:\\\/\\\/fundesplai.org\\\/es\\\/?s={search_term_string}\"},\"query-input\":{\"@type\":\"PropertyValueSpecification\",\"valueRequired\":true,\"valueName\":\"search_term_string\"}}],\"inLanguage\":\"es\"}]}<\/script>\n<!-- \/ Yoast SEO plugin. -->","yoast_head_json":{"title":"Marco estrat\u00e9gico - Fundesplai","description":"El marco estrat\u00e9gico vigente de Fundesplai explora nuevos horizontes para caminar hacia un modelo organizativo m\u00e1s horizontal.","robots":{"index":"index","follow":"follow","max-snippet":"max-snippet:-1","max-image-preview":"max-image-preview:large","max-video-preview":"max-video-preview:-1"},"canonical":"https:\/\/fundesplai.org\/es\/conoce\/transparencia\/marco-estrategico\/","og_locale":"es_ES","og_type":"article","og_title":"Marco estrat\u00e9gico - Fundesplai","og_description":"El marco estrat\u00e9gico vigente de Fundesplai explora nuevos horizontes para caminar hacia un modelo organizativo m\u00e1s horizontal.","og_url":"https:\/\/fundesplai.org\/es\/conoce\/transparencia\/marco-estrategico\/","og_site_name":"Fundesplai","article_modified_time":"2024-07-10T06:52:21+00:00","twitter_card":"summary_large_image","twitter_misc":{"Tiempo de lectura":"4 minutos"},"schema":{"@context":"https:\/\/schema.org","@graph":[{"@type":"WebPage","@id":"https:\/\/fundesplai.org\/es\/conoce\/transparencia\/marco-estrategico\/","url":"https:\/\/fundesplai.org\/es\/conoce\/transparencia\/marco-estrategico\/","name":"Marco estrat\u00e9gico - Fundesplai","isPartOf":{"@id":"https:\/\/fundesplai.org\/es\/#website"},"datePublished":"2022-10-18T14:16:49+00:00","dateModified":"2024-07-10T06:52:21+00:00","description":"El marco estrat\u00e9gico vigente de Fundesplai explora nuevos horizontes para caminar hacia un modelo organizativo m\u00e1s horizontal.","breadcrumb":{"@id":"https:\/\/fundesplai.org\/es\/conoce\/transparencia\/marco-estrategico\/#breadcrumb"},"inLanguage":"es","potentialAction":[{"@type":"ReadAction","target":["https:\/\/fundesplai.org\/es\/conoce\/transparencia\/marco-estrategico\/"]}]},{"@type":"BreadcrumbList","@id":"https:\/\/fundesplai.org\/es\/conoce\/transparencia\/marco-estrategico\/#breadcrumb","itemListElement":[{"@type":"ListItem","position":1,"name":"Inici","item":"https:\/\/fundesplai.org\/es\/inicio\/"},{"@type":"ListItem","position":2,"name":"Marco estrat\u00e9gico"}]},{"@type":"WebSite","@id":"https:\/\/fundesplai.org\/es\/#website","url":"https:\/\/fundesplai.org\/es\/","name":"Fundesplai","description":"Eduquem per la conviv\u00e8ncia i la sostenibilitat","potentialAction":[{"@type":"SearchAction","target":{"@type":"EntryPoint","urlTemplate":"https:\/\/fundesplai.org\/es\/?s={search_term_string}"},"query-input":{"@type":"PropertyValueSpecification","valueRequired":true,"valueName":"search_term_string"}}],"inLanguage":"es"}]}},"_links":{"self":[{"href":"https:\/\/fundesplai.org\/es\/wp-json\/wp\/v2\/pages\/46965","targetHints":{"allow":["GET"]}}],"collection":[{"href":"https:\/\/fundesplai.org\/es\/wp-json\/wp\/v2\/pages"}],"about":[{"href":"https:\/\/fundesplai.org\/es\/wp-json\/wp\/v2\/types\/page"}],"author":[{"embeddable":true,"href":"https:\/\/fundesplai.org\/es\/wp-json\/wp\/v2\/users\/3"}],"replies":[{"embeddable":true,"href":"https:\/\/fundesplai.org\/es\/wp-json\/wp\/v2\/comments?post=46965"}],"version-history":[{"count":18,"href":"https:\/\/fundesplai.org\/es\/wp-json\/wp\/v2\/pages\/46965\/revisions"}],"predecessor-version":[{"id":66773,"href":"https:\/\/fundesplai.org\/es\/wp-json\/wp\/v2\/pages\/46965\/revisions\/66773"}],"up":[{"embeddable":true,"href":"https:\/\/fundesplai.org\/es\/wp-json\/wp\/v2\/pages\/46765"}],"wp:attachment":[{"href":"https:\/\/fundesplai.org\/es\/wp-json\/wp\/v2\/media?parent=46965"}],"curies":[{"name":"wp","href":"https:\/\/api.w.org\/{rel}","templated":true}]}}