{"id":46889,"date":"2023-03-07T13:29:37","date_gmt":"2023-03-07T12:29:37","guid":{"rendered":"https:\/\/fundesplai.org\/esplais\/"},"modified":"2023-09-28T11:52:29","modified_gmt":"2023-09-28T09:52:29","slug":"esplais","status":"publish","type":"page","link":"https:\/\/fundesplai.org\/es\/esplais\/","title":{"rendered":"Esplais"},"content":{"rendered":"<p>[et_pb_section fb_built=\u00bb1&#8243; _builder_version=\u00bb4.19.0&#8243; _module_preset=\u00bbdefault\u00bb global_colors_info=\u00bb{}\u00bb][et_pb_row _builder_version=\u00bb4.19.0&#8243; _module_preset=\u00bbdefault\u00bb global_colors_info=\u00bb{}\u00bb][et_pb_column type=\u00bb4_4&#8243; _builder_version=\u00bb4.19.0&#8243; _module_preset=\u00bbdefault\u00bb global_colors_info=\u00bb{}\u00bb][et_pb_post_title meta=\u00bboff\u00bb featured_image=\u00bboff\u00bb _builder_version=\u00bb4.19.0&#8243; _module_preset=\u00bbdefault\u00bb global_colors_info=\u00bb{}\u00bb][\/et_pb_post_title][et_pb_text _builder_version=\u00bb4.19.0&#8243; _module_preset=\u00bbdefault\u00bb global_colors_info=\u00bb{}\u00bb]<\/p>\n<p style=\"text-align: center\"><a href=\"https:\/\/fundesplai.org\/es\/conoce\/nuestra-historia\/\">Desde nuestros or\u00edgenes los esplais <\/a> han sido nuestros pilares, la base en la que se sustenta nuestra misi\u00f3n y raz\u00f3n de ser. En los esplais hacemos <strong>educaci\u00f3n en el ocio<\/strong> cada d\u00eda en contacto directo con las comunidades de los barrios y pueblos donde estamos presentes. Contamos con varios <strong>esplais propios<\/strong> y tambi\u00e9n con una <strong>estrecha colaboraci\u00f3n<\/strong> con la <a href=\"https:\/\/esplai.fundesplai.org\">Federaci\u00f3 Catalana del Esplai<\/a>, que re\u00fane <strong>m\u00e1s de 130 esplais y proyectos de ocio de toda Catalu\u00f1a<\/strong>.<\/p>\n<p>[\/et_pb_text][\/et_pb_column][\/et_pb_row][et_pb_row _builder_version=\u00bb4.19.0&#8243; _module_preset=\u00bbdefault\u00bb custom_margin=\u00bb50px||||false|false\u00bb global_colors_info=\u00bb{}\u00bb][et_pb_column type=\u00bb4_4&#8243; _builder_version=\u00bb4.19.0&#8243; _module_preset=\u00bbdefault\u00bb global_colors_info=\u00bb{}\u00bb][et_pb_text admin_label=\u00bbEsplais propis\u00bb _builder_version=\u00bb4.19.0&#8243; _module_preset=\u00bbdefault\u00bb global_colors_info=\u00bb{}\u00bb]<\/p>\n<h2 style=\"text-align: center\">Esplais propios<\/h2>\n<p style=\"text-align: center\"><strong>Los esplais propios son proyectos de Fundesplai<\/strong> que se han iniciado en diferentes momentos de<a href=\"https:\/\/fundesplai.org\/es\/conoce\/nuestra-historia\/\"> nuestra historia<\/a>. Son esplais que organizan actividades de <strong>ocio educativo para ni\u00f1os, ni\u00f1as, j\u00f3venes y familias<\/strong>, y colabora con toda la comunidad vecinal. El esplai es un espacio de vida comunitaria y participativa en el que se prioriza<strong> favorecer la autonom\u00eda y el bienestar de las personas<\/strong> a trav\u00e9s del juego, el deporte, las excursiones, la expresi\u00f3n art\u00edstica, las tecnolog\u00edas, &#8230; pero sobre todo a partir de la <strong>convivencia<\/strong>. Nuestros esplais est\u00e1n federados en la <a href=\"https:\/\/esplai.fundesplai.org\/\">Federaci\u00f3 Catalana del Esplai<\/a> y colaboran y <strong>trabajan en red<\/strong> con las administraciones locales.<\/p>\n<p>[\/et_pb_text][\/et_pb_column][\/et_pb_row][et_pb_row column_structure=\u00bb1_5,1_5,1_5,1_5,1_5&#8243; _builder_version=\u00bb4.19.0&#8243; _module_preset=\u00bbdefault\u00bb custom_margin=\u00bb30px||||false|false\u00bb global_colors_info=\u00bb{}\u00bb custom_margin__hover=\u00bb30px||||false|false\u00bb custom_margin__hover_enabled=\u00bbon|desktop\u00bb][et_pb_column type=\u00bb1_5&#8243; _builder_version=\u00bb4.19.0&#8243; _module_preset=\u00bbdefault\u00bb global_colors_info=\u00bb{}\u00bb][et_pb_image src=\u00bbhttps:\/\/fundesplai.org\/wp-content\/uploads\/2023\/03\/Esplai-Bellvitge-logo-Fundesplai.jpg\u00bb alt=\u00bbEsplai Bellvitge logo Fundesplai\u00bb title_text=\u00bbEsplai Bellvitge logo Fundesplai\u00bb align=\u00bbcenter\u00bb admin_label=\u00bbBellvitge\u00bb _builder_version=\u00bb4.19.0&#8243; _module_preset=\u00bbdefault\u00bb global_colors_info=\u00bb{}\u00bb][\/et_pb_image][et_pb_text _builder_version=\u00bb4.19.0&#8243; _module_preset=\u00bbdefault\u00bb global_colors_info=\u00bb{}\u00bb]<\/p>\n<p style=\"text-align: center\"><strong>Esplai Bellvitge<\/strong><br \/>Hospitalet de Llobregat<\/p>\n<p>[\/et_pb_text][et_pb_button button_url=\u00bbhttps:\/\/bellvitge.fundesplai.org\/\u00bb button_text=\u00bbWeb del esplai\u00bb button_alignment=\u00bbcenter\u00bb _builder_version=\u00bb4.19.0&#8243; _module_preset=\u00bbdefault\u00bb custom_margin=\u00bb30px|10px||10px|false|false\u00bb global_colors_info=\u00bb{}\u00bb custom_margin__hover_enabled=\u00bbon|desktop\u00bb custom_margin__hover=\u00bb30px||||false|false\u00bb][\/et_pb_button][\/et_pb_column][et_pb_column type=\u00bb1_5&#8243; _builder_version=\u00bb4.19.0&#8243; _module_preset=\u00bbdefault\u00bb global_colors_info=\u00bb{}\u00bb][et_pb_image src=\u00bbhttps:\/\/fundesplai.org\/wp-content\/uploads\/2023\/03\/Esplai-Can-Serra-logo-Fundesplai.jpg\u00bb alt=\u00bbEsplai Can Serra logo Fundesplai\u00bb title_text=\u00bbEsplai Can Serra logo Fundesplai\u00bb align=\u00bbcenter\u00bb admin_label=\u00bbCan Serra\u00bb _builder_version=\u00bb4.19.0&#8243; _module_preset=\u00bbdefault\u00bb global_colors_info=\u00bb{}\u00bb][\/et_pb_image][et_pb_text _builder_version=\u00bb4.19.0&#8243; _module_preset=\u00bbdefault\u00bb global_colors_info=\u00bb{}\u00bb]<\/p>\n<p style=\"text-align: center\"><strong>Esplai Can Serra<\/strong><br \/>Hospitalet de Llobregat<\/p>\n<p>[\/et_pb_text][et_pb_button button_url=\u00bbhttps:\/\/canserra.fundesplai.org\/\u00bb button_text=\u00bbWeb del esplai\u00bb button_alignment=\u00bbcenter\u00bb _builder_version=\u00bb4.19.0&#8243; _module_preset=\u00bbdefault\u00bb custom_margin=\u00bb30px|10px||10px|false|false\u00bb global_colors_info=\u00bb{}\u00bb custom_margin__hover=\u00bb30px||||false|false\u00bb custom_margin__hover_enabled=\u00bbon|desktop\u00bb][\/et_pb_button][\/et_pb_column][et_pb_column type=\u00bb1_5&#8243; _builder_version=\u00bb4.19.0&#8243; _module_preset=\u00bbdefault\u00bb global_colors_info=\u00bb{}\u00bb][et_pb_image src=\u00bbhttps:\/\/fundesplai.org\/wp-content\/uploads\/2023\/03\/Esplai-Tricicle-logo-Fundesplai.jpg\u00bb alt=\u00bbEsplai Can Serra logo Fundesplai\u00bb title_text=\u00bbEsplai Tricicle logo Fundesplai\u00bb align=\u00bbcenter\u00bb admin_label=\u00bbEl Tricicle\u00bb _builder_version=\u00bb4.19.0&#8243; _module_preset=\u00bbdefault\u00bb global_colors_info=\u00bb{}\u00bb][\/et_pb_image][et_pb_text _builder_version=\u00bb4.19.0&#8243; _module_preset=\u00bbdefault\u00bb global_colors_info=\u00bb{}\u00bb]<\/p>\n<p style=\"text-align: center\"><strong>Esplai El Tricicle<\/strong><br \/>Sant Joan Desp\u00ed<\/p>\n<p>[\/et_pb_text][et_pb_button button_url=\u00bbhttps:\/\/tricicle.fundesplai.org\/\u00bb button_text=\u00bbWeb del esplai\u00bb button_alignment=\u00bbcenter\u00bb _builder_version=\u00bb4.19.0&#8243; _module_preset=\u00bbdefault\u00bb custom_margin=\u00bb30px|10px||10px|false|false\u00bb global_colors_info=\u00bb{}\u00bb custom_margin__hover=\u00bb30px||||false|false\u00bb custom_margin__hover_enabled=\u00bbon|desktop\u00bb][\/et_pb_button][\/et_pb_column][et_pb_column type=\u00bb1_5&#8243; _builder_version=\u00bb4.19.0&#8243; _module_preset=\u00bbdefault\u00bb global_colors_info=\u00bb{}\u00bb][et_pb_image src=\u00bbhttps:\/\/fundesplai.org\/wp-content\/uploads\/2023\/03\/Esplai-Fontsanta-Fatjo-logo-Fundesplai.jpg\u00bb alt=\u00bbEsplai Fontsanta Fatj\u00f3 logo Fundesplai\u00bb title_text=\u00bbEsplai Fontsanta Fatj\u00f3 logo Fundesplai\u00bb align=\u00bbcenter\u00bb admin_label=\u00bbFontsanta\u00bb _builder_version=\u00bb4.19.0&#8243; _module_preset=\u00bbdefault\u00bb global_colors_info=\u00bb{}\u00bb][\/et_pb_image][et_pb_text _builder_version=\u00bb4.19.0&#8243; _module_preset=\u00bbdefault\u00bb global_colors_info=\u00bb{}\u00bb]<\/p>\n<p style=\"text-align: center\"><strong>Fontsanta Fatj\u00f3<\/strong><br \/>Cornell\u00e0 de Llobregat<\/p>\n<p>[\/et_pb_text][et_pb_button button_url=\u00bbhttps:\/\/fontsanta.fundesplai.org\/\u00bb button_text=\u00bbWeb del esplai\u00bb button_alignment=\u00bbcenter\u00bb _builder_version=\u00bb4.19.0&#8243; _module_preset=\u00bbdefault\u00bb custom_margin=\u00bb30px|10px||10px|false|false\u00bb global_colors_info=\u00bb{}\u00bb custom_margin__hover=\u00bb30px||||false|false\u00bb custom_margin__hover_enabled=\u00bbon|desktop\u00bb][\/et_pb_button][\/et_pb_column][et_pb_column type=\u00bb1_5&#8243; _builder_version=\u00bb4.19.0&#8243; _module_preset=\u00bbdefault\u00bb global_colors_info=\u00bb{}\u00bb][et_pb_image src=\u00bbhttps:\/\/fundesplai.org\/wp-content\/uploads\/2023\/03\/Esplai-GISC_Aniversari_logo-Fundesplai.jpg\u00bb alt=\u00bbesplais GISC logo 40 a\u00f1os Fundesplai\u00bb title_text=\u00bbesplais GISC logo 40 a\u00f1os Fundesplai\u00bb align=\u00bbcenter\u00bb admin_label=\u00bbGISC\u00bb _builder_version=\u00bb4.19.0&#8243; _module_preset=\u00bbdefault\u00bb global_colors_info=\u00bb{}\u00bb][\/et_pb_image][et_pb_text _builder_version=\u00bb4.19.0&#8243; _module_preset=\u00bbdefault\u00bb global_colors_info=\u00bb{}\u00bb]<\/p>\n<p style=\"text-align: center\"><strong>Esplai GISC<\/strong><br \/>El Prat de Llobregat<\/p>\n<p>[\/et_pb_text][et_pb_button button_url=\u00bbhttps:\/\/gisc.fundesplai.org\/\u00bb button_text=\u00bbWeb del esplai\u00bb button_alignment=\u00bbcenter\u00bb _builder_version=\u00bb4.19.0&#8243; _module_preset=\u00bbdefault\u00bb custom_margin=\u00bb30px||||false|false\u00bb global_colors_info=\u00bb{}\u00bb][\/et_pb_button][\/et_pb_column][\/et_pb_row][et_pb_row _builder_version=\u00bb4.19.0&#8243; _module_preset=\u00bbdefault\u00bb custom_margin=\u00bb50px||||false|false\u00bb global_colors_info=\u00bb{}\u00bb][et_pb_column type=\u00bb4_4&#8243; _builder_version=\u00bb4.19.0&#8243; _module_preset=\u00bbdefault\u00bb global_colors_info=\u00bb{}\u00bb][et_pb_text admin_label=\u00bbFederaci\u00f3 Catalana de l&#8217;Esplai\u00bb _builder_version=\u00bb4.19.0&#8243; _module_preset=\u00bbdefault\u00bb global_colors_info=\u00bb{}\u00bb]<\/p>\n<h2 style=\"text-align: center\">Federaci\u00f3 Catalana del Esplai<\/h2>\n<p style=\"text-align: center\">La<a href=\"https:\/\/esplai.fundesplai.org\/\"> Federaci\u00f3 Catalana del Esplai<\/a> es una <strong>entidad sin \u00e1nimo de lucro<\/strong> fundada 1996 por Fundesplai, heredera del Movibaix. La Federaci\u00f3 Catalana del Esplai impulsa el reconocimiento social y educativo de los centros de esplais y articula diferentes din\u00e1micas territoriales a trav\u00e9s del trabajo en red. A trav\u00e9s de la Federaci\u00f3 Catalana del Esplai ofrecemos<strong>apoyo a los esplais federados<\/strong>: apoyo a la gesti\u00f3n, formaci\u00f3n, proyectos pedag\u00f3gicos, recursos, casas de colonias y terrenos de acampada&#8230; cuidemos los esplais y los acompa\u00f1amos en el d\u00eda a d\u00eda!<\/p>\n<p>[\/et_pb_text][\/et_pb_column][\/et_pb_row][et_pb_row _builder_version=\u00bb4.19.0&#8243; _module_preset=\u00bbdefault\u00bb custom_margin=\u00bb50px||||false|false\u00bb global_colors_info=\u00bb{}\u00bb][et_pb_column type=\u00bb4_4&#8243; _builder_version=\u00bb4.19.0&#8243; _module_preset=\u00bbdefault\u00bb global_colors_info=\u00bb{}\u00bb][et_pb_image src=\u00bbhttps:\/\/fundesplai.org\/wp-content\/uploads\/2022\/04\/logo-Federacio-Catalana-Esplai-2020.png\u00bb alt=\u00bblogo Federaci\u00f3 Catalana Esplai 2020&#8243; title_text=\u00bblogo Federaci\u00f3 Catalana Esplai 2020&#8243; align=\u00bbcenter\u00bb admin_label=\u00bblogo\u00bb _builder_version=\u00bb4.19.0&#8243; _module_preset=\u00bbdefault\u00bb custom_margin=\u00bb||||false|false\u00bb global_colors_info=\u00bb{}\u00bb][\/et_pb_image][et_pb_image src=\u00bbhttps:\/\/fundesplai.org\/wp-content\/uploads\/2023\/03\/Federacio-Catalana-Esplai-2023.jpg\u00bb alt=\u00bbFederaci\u00f3n Catalana Esplai 2023&#8243; title_text=\u00bbFederaci\u00f3n Catalana Esplai 2023&#8243; align=\u00bbcenter\u00bb _builder_version=\u00bb4.19.0&#8243; _module_preset=\u00bbdefault\u00bb custom_margin=\u00bb40px||||false|false\u00bb global_colors_info=\u00bb{}\u00bb][\/et_pb_image][\/et_pb_column][\/et_pb_row][et_pb_row _builder_version=\u00bb4.19.0&#8243; _module_preset=\u00bbdefault\u00bb custom_margin=\u00bb50px||||false|false\u00bb global_colors_info=\u00bb{}\u00bb][et_pb_column type=\u00bb4_4&#8243; _builder_version=\u00bb4.19.0&#8243; _module_preset=\u00bbdefault\u00bb global_colors_info=\u00bb{}\u00bb][et_pb_button button_url=\u00bbhttps:\/\/esplai.fundesplai.org\/\u00bb button_text=\u00bbVisita la web de la Federaci\u00f3n Catalana del Esplai\u00bb button_alignment=\u00bbcenter\u00bb _builder_version=\u00bb4.19.0&#8243; _module_preset=\u00bbdefault\u00bb global_colors_info=\u00bb{}\u00bb][\/et_pb_button][\/et_pb_column][\/et_pb_row][\/et_pb_section]<\/p>\n","protected":false},"excerpt":{"rendered":"<p>Desde nuestros or\u00edgenes los esplais han sido nuestros pilares, la base en la que se sustenta nuestra misi\u00f3n y raz\u00f3n de ser. <\/p>\n","protected":false},"author":3,"featured_media":0,"parent":0,"menu_order":0,"comment_status":"closed","ping_status":"closed","template":"","meta":{"_et_pb_use_builder":"on","_et_pb_old_content":"","_et_gb_content_width":"","footnotes":""},"class_list":["post-46889","page","type-page","status-publish","hentry"],"yoast_head":"<!-- This site is optimized with the Yoast SEO plugin v27.4 - https:\/\/yoast.com\/product\/yoast-seo-wordpress\/ -->\n<title>Esplais - Fundesplai<\/title>\n<meta name=\"description\" content=\"Desde nuestros or\u00edgenes los esplais han sido nuestros pilares, la base en la que se sustenta nuestra misi\u00f3n y raz\u00f3n de ser.\" \/>\n<meta name=\"robots\" content=\"index, follow, max-snippet:-1, max-image-preview:large, max-video-preview:-1\" \/>\n<link rel=\"canonical\" href=\"https:\/\/fundesplai.org\/es\/esplais\/\" \/>\n<meta property=\"og:locale\" content=\"es_ES\" \/>\n<meta property=\"og:type\" content=\"article\" \/>\n<meta property=\"og:title\" content=\"Esplais - Fundesplai\" \/>\n<meta property=\"og:description\" content=\"Desde nuestros or\u00edgenes los esplais han sido nuestros pilares, la base en la que se sustenta nuestra misi\u00f3n y raz\u00f3n de ser.\" \/>\n<meta property=\"og:url\" content=\"https:\/\/fundesplai.org\/es\/esplais\/\" \/>\n<meta property=\"og:site_name\" content=\"Fundesplai\" \/>\n<meta property=\"article:modified_time\" content=\"2023-09-28T09:52:29+00:00\" \/>\n<meta name=\"twitter:card\" content=\"summary_large_image\" \/>\n<meta name=\"twitter:label1\" content=\"Tiempo de lectura\" \/>\n\t<meta name=\"twitter:data1\" content=\"4 minutos\" \/>\n<script type=\"application\/ld+json\" class=\"yoast-schema-graph\">{\"@context\":\"https:\\\/\\\/schema.org\",\"@graph\":[{\"@type\":\"WebPage\",\"@id\":\"https:\\\/\\\/fundesplai.org\\\/es\\\/esplais\\\/\",\"url\":\"https:\\\/\\\/fundesplai.org\\\/es\\\/esplais\\\/\",\"name\":\"Esplais - Fundesplai\",\"isPartOf\":{\"@id\":\"https:\\\/\\\/fundesplai.org\\\/es\\\/#website\"},\"datePublished\":\"2023-03-07T12:29:37+00:00\",\"dateModified\":\"2023-09-28T09:52:29+00:00\",\"description\":\"Desde nuestros or\u00edgenes los esplais han sido nuestros pilares, la base en la que se sustenta nuestra misi\u00f3n y raz\u00f3n de ser.\",\"breadcrumb\":{\"@id\":\"https:\\\/\\\/fundesplai.org\\\/es\\\/esplais\\\/#breadcrumb\"},\"inLanguage\":\"es\",\"potentialAction\":[{\"@type\":\"ReadAction\",\"target\":[\"https:\\\/\\\/fundesplai.org\\\/es\\\/esplais\\\/\"]}]},{\"@type\":\"BreadcrumbList\",\"@id\":\"https:\\\/\\\/fundesplai.org\\\/es\\\/esplais\\\/#breadcrumb\",\"itemListElement\":[{\"@type\":\"ListItem\",\"position\":1,\"name\":\"Inici\",\"item\":\"https:\\\/\\\/fundesplai.org\\\/es\\\/inicio\\\/\"},{\"@type\":\"ListItem\",\"position\":2,\"name\":\"Esplais\"}]},{\"@type\":\"WebSite\",\"@id\":\"https:\\\/\\\/fundesplai.org\\\/es\\\/#website\",\"url\":\"https:\\\/\\\/fundesplai.org\\\/es\\\/\",\"name\":\"Fundesplai\",\"description\":\"Eduquem per la conviv\u00e8ncia i la sostenibilitat\",\"potentialAction\":[{\"@type\":\"SearchAction\",\"target\":{\"@type\":\"EntryPoint\",\"urlTemplate\":\"https:\\\/\\\/fundesplai.org\\\/es\\\/?s={search_term_string}\"},\"query-input\":{\"@type\":\"PropertyValueSpecification\",\"valueRequired\":true,\"valueName\":\"search_term_string\"}}],\"inLanguage\":\"es\"}]}<\/script>\n<!-- \/ Yoast SEO plugin. -->","yoast_head_json":{"title":"Esplais - Fundesplai","description":"Desde nuestros or\u00edgenes los esplais han sido nuestros pilares, la base en la que se sustenta nuestra misi\u00f3n y raz\u00f3n de ser.","robots":{"index":"index","follow":"follow","max-snippet":"max-snippet:-1","max-image-preview":"max-image-preview:large","max-video-preview":"max-video-preview:-1"},"canonical":"https:\/\/fundesplai.org\/es\/esplais\/","og_locale":"es_ES","og_type":"article","og_title":"Esplais - Fundesplai","og_description":"Desde nuestros or\u00edgenes los esplais han sido nuestros pilares, la base en la que se sustenta nuestra misi\u00f3n y raz\u00f3n de ser.","og_url":"https:\/\/fundesplai.org\/es\/esplais\/","og_site_name":"Fundesplai","article_modified_time":"2023-09-28T09:52:29+00:00","twitter_card":"summary_large_image","twitter_misc":{"Tiempo de lectura":"4 minutos"},"schema":{"@context":"https:\/\/schema.org","@graph":[{"@type":"WebPage","@id":"https:\/\/fundesplai.org\/es\/esplais\/","url":"https:\/\/fundesplai.org\/es\/esplais\/","name":"Esplais - Fundesplai","isPartOf":{"@id":"https:\/\/fundesplai.org\/es\/#website"},"datePublished":"2023-03-07T12:29:37+00:00","dateModified":"2023-09-28T09:52:29+00:00","description":"Desde nuestros or\u00edgenes los esplais han sido nuestros pilares, la base en la que se sustenta nuestra misi\u00f3n y raz\u00f3n de ser.","breadcrumb":{"@id":"https:\/\/fundesplai.org\/es\/esplais\/#breadcrumb"},"inLanguage":"es","potentialAction":[{"@type":"ReadAction","target":["https:\/\/fundesplai.org\/es\/esplais\/"]}]},{"@type":"BreadcrumbList","@id":"https:\/\/fundesplai.org\/es\/esplais\/#breadcrumb","itemListElement":[{"@type":"ListItem","position":1,"name":"Inici","item":"https:\/\/fundesplai.org\/es\/inicio\/"},{"@type":"ListItem","position":2,"name":"Esplais"}]},{"@type":"WebSite","@id":"https:\/\/fundesplai.org\/es\/#website","url":"https:\/\/fundesplai.org\/es\/","name":"Fundesplai","description":"Eduquem per la conviv\u00e8ncia i la sostenibilitat","potentialAction":[{"@type":"SearchAction","target":{"@type":"EntryPoint","urlTemplate":"https:\/\/fundesplai.org\/es\/?s={search_term_string}"},"query-input":{"@type":"PropertyValueSpecification","valueRequired":true,"valueName":"search_term_string"}}],"inLanguage":"es"}]}},"_links":{"self":[{"href":"https:\/\/fundesplai.org\/es\/wp-json\/wp\/v2\/pages\/46889","targetHints":{"allow":["GET"]}}],"collection":[{"href":"https:\/\/fundesplai.org\/es\/wp-json\/wp\/v2\/pages"}],"about":[{"href":"https:\/\/fundesplai.org\/es\/wp-json\/wp\/v2\/types\/page"}],"author":[{"embeddable":true,"href":"https:\/\/fundesplai.org\/es\/wp-json\/wp\/v2\/users\/3"}],"replies":[{"embeddable":true,"href":"https:\/\/fundesplai.org\/es\/wp-json\/wp\/v2\/comments?post=46889"}],"version-history":[{"count":18,"href":"https:\/\/fundesplai.org\/es\/wp-json\/wp\/v2\/pages\/46889\/revisions"}],"predecessor-version":[{"id":55424,"href":"https:\/\/fundesplai.org\/es\/wp-json\/wp\/v2\/pages\/46889\/revisions\/55424"}],"wp:attachment":[{"href":"https:\/\/fundesplai.org\/es\/wp-json\/wp\/v2\/media?parent=46889"}],"curies":[{"name":"wp","href":"https:\/\/api.w.org\/{rel}","templated":true}]}}