{"id":46886,"date":"2022-08-02T14:26:55","date_gmt":"2022-08-02T12:26:55","guid":{"rendered":"https:\/\/fundesplai.org\/derechos-de-los-ninos-as\/"},"modified":"2024-09-13T13:05:01","modified_gmt":"2024-09-13T11:05:01","slug":"derechos-de-los-ninos-as","status":"publish","type":"page","link":"https:\/\/fundesplai.org\/es\/derechos-de-los-ninos-as\/","title":{"rendered":"Derechos de la Infancia"},"content":{"rendered":"<p>[et_pb_section fb_built=\u00bb1&#8243; fullwidth=\u00bbon\u00bb admin_label=\u00bbSection\u00bb _builder_version=\u00bb4.16&#8243; _module_preset=\u00bbdefault\u00bb locked=\u00bboff\u00bb collapsed=\u00bboff\u00bb global_colors_info=\u00bb{}\u00bb][et_pb_fullwidth_slider module_id=\u00bbfix-padding\u00bb module_class=\u00bbslider-capcalera slider-text-cta\u00bb _builder_version=\u00bb4.17.4&#8243; _module_preset=\u00bbdefault\u00bb background_enable_image=\u00bboff\u00bb global_colors_info=\u00bb{}\u00bb][et_pb_slide button_link=\u00bbhttps:\/\/escoles.fundesplai.org\/es\/contacta\/\u00bb _builder_version=\u00bb4.17.4&#8243; _module_preset=\u00bbdefault\u00bb background_image=\u00bbhttps:\/\/fundesplai.org\/wp-content\/uploads\/2022\/08\/Drets-dels-Infants-Fundesplai.jpg\u00bb background_enable_image=\u00bbon\u00bb global_colors_info=\u00bb{}\u00bb sticky_transition=\u00bbon\u00bb][\/et_pb_slide][\/et_pb_fullwidth_slider][\/et_pb_section][et_pb_section fb_built=\u00bb1&#8243; _builder_version=\u00bb4.17.4&#8243; _module_preset=\u00bbdefault\u00bb locked=\u00bboff\u00bb global_colors_info=\u00bb{}\u00bb][et_pb_row _builder_version=\u00bb4.17.4&#8243; _module_preset=\u00bbdefault\u00bb global_colors_info=\u00bb{}\u00bb][et_pb_column type=\u00bb4_4&#8243; _builder_version=\u00bb4.17.4&#8243; _module_preset=\u00bbdefault\u00bb global_colors_info=\u00bb{}\u00bb][et_pb_post_title _builder_version=\u00bb4.17.4&#8243; _module_preset=\u00bbdefault\u00bb custom_margin=\u00bb30px||||false|false\u00bb global_colors_info=\u00bb{}\u00bb][\/et_pb_post_title][et_pb_text admin_label=\u00bbparagraf intro\u00bb _builder_version=\u00bb4.19.0&#8243; _module_preset=\u00bbdefault\u00bb custom_margin=\u00bb||||false|false\u00bb global_colors_info=\u00bb{}\u00bb]<\/p>\n<p style=\"text-align: center\">La reivindicaci\u00f3n y el trabajo constante para asegurar los <strong>Derechos de la Infancia<\/strong> es uno de los pilares de nuestra labor. Queremos garantizar los derechos de todos los ni\u00f1os y ni\u00f1as y todas nuestras acciones y proyectos van encaminadas a este objetivo. Tambi\u00e9n creamos recursos pedag\u00f3gicos y realizamos campa\u00f1as, acciones y actividades espec\u00edficas como la celebraci\u00f3n del <strong>20N<\/strong> , el D\u00eda de los Derechos de la Infancia, y trabajamos de manera transversal para asegurar la igualdad de oportunidades.<\/p>\n<p>[\/et_pb_text][\/et_pb_column][\/et_pb_row][\/et_pb_section][et_pb_section fb_built=\u00bb1&#8243; disabled_on=\u00bbon|off|off\u00bb admin_label=\u00bbExplicaci\u00f3 apartats\u00bb module_id=\u00bbapectes_tecnics\u00bb _builder_version=\u00bb4.16&#8243; _module_preset=\u00bbdefault\u00bb custom_margin=\u00bb50px||||false|false\u00bb locked=\u00bboff\u00bb collapsed=\u00bboff\u00bb global_colors_info=\u00bb{}\u00bb][et_pb_row column_structure=\u00bb1_2,1_2&#8243; make_equal=\u00bbon\u00bb disabled_on=\u00bboff|off|off\u00bb admin_label=\u00bbRow\u00bb _builder_version=\u00bb4.17.4&#8243; _module_preset=\u00bbdefault\u00bb background_color=\u00bb#E9E9E9&#8243; width=\u00bb100%\u00bb max_width=\u00bb100%\u00bb global_colors_info=\u00bb{}\u00bb][et_pb_column type=\u00bb1_2&#8243; _builder_version=\u00bb4.17.4&#8243; _module_preset=\u00bbdefault\u00bb global_colors_info=\u00bb{}\u00bb][et_pb_text admin_label=\u00bb#Dret al Lleure\u00bb _builder_version=\u00bb4.19.0&#8243; _module_preset=\u00bbdefault\u00bb width=\u00bb80%\u00bb module_alignment=\u00bbcenter\u00bb custom_padding=\u00bb30px||30px||false|false\u00bb global_colors_info=\u00bb{}\u00bb]<\/p>\n<h4>#DretalLleure<\/h4>\n<p>La campa\u00f1a #DretalLleure es una campa\u00f1a para movilizar a los ni\u00f1os y j\u00f3venes, cada <strong>20 de noviembre<\/strong> , hacia la reivindicaci\u00f3n de la Convenci\u00f3n sobre los Derechos del ni\u00f1o, (ONU, 20N, 1989), con el foco en el <strong>derecho al juego<\/strong> ( art\u00edculo 31 : <em>El ni\u00f1o tiene derecho al descanso, al ocio, al juego ya la participaci\u00f3n en actividades culturales y art\u00edsticas<\/em> ).<\/p>\n<blockquote>\n<p><a href=\"https:\/\/escoles.fundesplai.org\/wp-content\/uploads\/2021\/11\/20N-2021-manifest-Fundesplai_DretalLleure.jpg\"><a href=\"https:\/\/escoles.fundesplai.org\/wp-content\/uploads\/2021\/11\/20N-2021-manifest-Fundesplai_DretalLleure.jpg\">Manifiesto Derecho al Ocio Fundesplai 2021<\/a><\/a><\/p>\n<\/blockquote>\n<p>[\/et_pb_text][\/et_pb_column][et_pb_column type=\u00bb1_2&#8243; _builder_version=\u00bb4.17.4&#8243; _module_preset=\u00bbdefault\u00bb background_color=\u00bb#E9E9E9&#8243; background_image=\u00bbhttps:\/\/fundesplai.org\/wp-content\/uploads\/2022\/08\/Dia-Drets-Infants-escola-moianes2-1.jpg\u00bb global_colors_info=\u00bb{}\u00bb][\/et_pb_column][\/et_pb_row][et_pb_row column_structure=\u00bb1_2,1_2&#8243; make_equal=\u00bbon\u00bb disabled_on=\u00bboff|off|off\u00bb _builder_version=\u00bb4.17.4&#8243; _module_preset=\u00bbdefault\u00bb background_color=\u00bb#E9E9E9&#8243; width=\u00bb100%\u00bb max_width=\u00bb100%\u00bb global_colors_info=\u00bb{}\u00bb][et_pb_column type=\u00bb1_2&#8243; _builder_version=\u00bb4.17.4&#8243; _module_preset=\u00bbdefault\u00bb background_color=\u00bb#E9E9E9&#8243; background_image=\u00bbhttps:\/\/fundesplai.org\/wp-content\/uploads\/2022\/08\/Som-infants-som-present_Fundesplai.jpg\u00bb global_colors_info=\u00bb{}\u00bb][\/et_pb_column][et_pb_column type=\u00bb1_2&#8243; _builder_version=\u00bb4.17.4&#8243; _module_preset=\u00bbdefault\u00bb global_colors_info=\u00bb{}\u00bb][et_pb_text admin_label=\u00bbla veu dels infants\u00bb _builder_version=\u00bb4.19.0&#8243; _module_preset=\u00bbdefault\u00bb width=\u00bb80%\u00bb module_alignment=\u00bbcenter\u00bb custom_padding=\u00bb30px||30px||false|false\u00bb global_colors_info=\u00bb{}\u00bb]<\/p>\n<h4>La voz de los ni\u00f1os\/as<\/h4>\n<p>Los ni\u00f1os\/as tienen opini\u00f3n propia y muchas cosas que decir sobre todo lo que les rodea y les afecta. Facilitemos espacios para que puedan observar, explorar y hablar. Ayud\u00e9mosles a tomar conciencia de su <strong>capacidad transformadora<\/strong> y de su papel activista, en tanto que ciudadanas y ciudadanos del presente. En el marco del foro <a href=\"https:\/\/diari.fundesplai.org\/arxiu\/076\/diari.pdf\">SOMOS NI\u00d1OS\/AS, ESTAMOS PRESENTE<\/a>, los ni\u00f1os recogieron opiniones y propuestas para hacer <strong>o\u00edr su voz.<\/strong><\/p>\n<blockquote>\n<p><a href=\"https:\/\/fundesplai.org\/wp-content\/uploads\/2022\/08\/Manifest-Infants_Fundesplai_2016.pdf\">Lee aqu\u00ed el manifiesto de los ni\u00f1os\/as (PDF)<\/a><\/p>\n<\/blockquote>\n<p>[\/et_pb_text][\/et_pb_column][\/et_pb_row][et_pb_row column_structure=\u00bb1_2,1_2&#8243; make_equal=\u00bbon\u00bb disabled_on=\u00bboff|off|off\u00bb _builder_version=\u00bb4.19.0&#8243; _module_preset=\u00bbdefault\u00bb background_color=\u00bb#E9E9E9&#8243; width=\u00bb100%\u00bb max_width=\u00bb100%\u00bb global_colors_info=\u00bb{}\u00bb][et_pb_column type=\u00bb1_2&#8243; _builder_version=\u00bb4.16&#8243; _module_preset=\u00bbdefault\u00bb background_enable_color=\u00bboff\u00bb background_enable_image=\u00bboff\u00bb global_colors_info=\u00bb{}\u00bb][et_pb_text admin_label=\u00bbrecursos pedag\u00f2gics\u00bb _builder_version=\u00bb4.21.0&#8243; _module_preset=\u00bbdefault\u00bb width=\u00bb80%\u00bb module_alignment=\u00bbcenter\u00bb custom_padding=\u00bb30px||30px||false|false\u00bb global_colors_info=\u00bb{}\u00bb]<\/p>\n<h4>Recursos pedag\u00f2gics<\/h4>\n<p>Al nostre banc de recursos pedag\u00f2gics hi ha un munt d&#8217;activitats, recursos i materials relacionats amb els Drets dels Infants i en especial amb el <strong>#DretalLleure<\/strong>. Tots aquests recursos relacionats amb la Convenci\u00f3 dels Drets dels Infants han estat especialment seleccionats i dissenyats per a contextos educatius.<\/p>\n<blockquote>\n<p><a href=\"https:\/\/fundesplai.org\/banc-recursos\/?_temtica=drets-de-linfant\">Accedeix als recursos pedag\u00f2gics \u00ab20N &#8211; Drets dels Infants\u00bb<\/a><\/p>\n<\/blockquote>\n<p>[\/et_pb_text][\/et_pb_column][et_pb_column type=\u00bb1_2&#8243; _builder_version=\u00bb4.19.0&#8243; _module_preset=\u00bbdefault\u00bb background_image=\u00bbhttps:\/\/fundesplai.org\/wp-content\/uploads\/2022\/08\/drets-infants_recursos_Fundesplai.jpg\u00bb global_colors_info=\u00bb{}\u00bb][\/et_pb_column][\/et_pb_row][\/et_pb_section][et_pb_section fb_built=\u00bb1&#8243; admin_label=\u00bbSection P\u00d3STER\u00bb _builder_version=\u00bb4.17.4&#8243; _module_preset=\u00bbdefault\u00bb custom_margin=\u00bb40px||40px||false|false\u00bb global_colors_info=\u00bb{}\u00bb][et_pb_row _builder_version=\u00bb4.17.4&#8243; _module_preset=\u00bbdefault\u00bb global_colors_info=\u00bb{}\u00bb][et_pb_column type=\u00bb4_4&#8243; _builder_version=\u00bb4.17.4&#8243; _module_preset=\u00bbdefault\u00bb global_colors_info=\u00bb{}\u00bb][et_pb_image src=\u00bbhttps:\/\/fundesplai.org\/wp-content\/uploads\/2024\/09\/Els-infants-tenim-drets_-CAST.png\u00bb title_text=\u00bblos-derechos-de los-ni\u00f1os-en-10-puntos-fundesplai\u00bb align=\u00bbcenter\u00bb _builder_version=\u00bb4.17.4&#8243; _module_preset=\u00bbdefault\u00bb global_colors_info=\u00bb{}\u00bb][\/et_pb_image][\/et_pb_column][\/et_pb_row][et_pb_row _builder_version=\u00bb4.17.4&#8243; _module_preset=\u00bbdefault\u00bb global_colors_info=\u00bb{}\u00bb][et_pb_column type=\u00bb4_4&#8243; _builder_version=\u00bb4.17.4&#8243; _module_preset=\u00bbdefault\u00bb global_colors_info=\u00bb{}\u00bb][et_pb_text _builder_version=\u00bb4.17.4&#8243; _module_preset=\u00bbdefault\u00bb global_colors_info=\u00bb{}\u00bb]<\/p>\n<p style=\"text-align: center\">Explicaci\u00f3n gr\u00e1fica de los <strong>10 derechos gen\u00e9ricos<\/strong> recogidos en la <a href=\"https:\/\/ca.wikipedia.org\/wiki\/Drets_de_la_inf%C3%A0ncia\">Convenci\u00f3n sobre los Derechos del Ni\u00f1o\/a<\/a>, que agrupan un total de <strong>54 art\u00edculos.<\/strong><\/p>\n<p>[\/et_pb_text][\/et_pb_column][\/et_pb_row][\/et_pb_section][et_pb_section fb_built=\u00bb1&#8243; _builder_version=\u00bb4.19.0&#8243; _module_preset=\u00bbdefault\u00bb custom_margin=\u00bb||||false|false\u00bb global_colors_info=\u00bb{}\u00bb][et_pb_row _builder_version=\u00bb4.17.4&#8243; _module_preset=\u00bbdefault\u00bb global_colors_info=\u00bb{}\u00bb][et_pb_column type=\u00bb4_4&#8243; _builder_version=\u00bb4.17.4&#8243; _module_preset=\u00bbdefault\u00bb global_colors_info=\u00bb{}\u00bb][et_pb_text admin_label=\u00bbV\u00eddeos #DretalLleure\u00bb _builder_version=\u00bb4.19.0&#8243; _module_preset=\u00bbdefault\u00bb global_colors_info=\u00bb{}\u00bb]<\/p>\n<h2 style=\"text-align: center\">V\u00eddeos #DretalLleure<\/h2>\n<p>[\/et_pb_text][\/et_pb_column][\/et_pb_row][et_pb_row column_structure=\u00bb1_3,1_3,1_3&#8243; _builder_version=\u00bb4.17.4&#8243; _module_preset=\u00bbdefault\u00bb global_colors_info=\u00bb{}\u00bb][et_pb_column type=\u00bb1_3&#8243; _builder_version=\u00bb4.17.4&#8243; _module_preset=\u00bbdefault\u00bb global_colors_info=\u00bb{}\u00bb][et_pb_video src=\u00bbhttps:\/\/www.youtube.com\/watch?v=mp51cZCv5hI\u00bb _builder_version=\u00bb4.17.4&#8243; _module_preset=\u00bbdefault\u00bb custom_margin=\u00bb|10px||10px|false|false\u00bb global_colors_info=\u00bb{}\u00bb][\/et_pb_video][\/et_pb_column][et_pb_column type=\u00bb1_3&#8243; _builder_version=\u00bb4.17.4&#8243; _module_preset=\u00bbdefault\u00bb global_colors_info=\u00bb{}\u00bb][et_pb_video src=\u00bbhttps:\/\/www.youtube.com\/watch?v=aZG1PguSCbw\u00bb _builder_version=\u00bb4.17.4&#8243; _module_preset=\u00bbdefault\u00bb custom_margin=\u00bb|10px||10px|false|false\u00bb global_colors_info=\u00bb{}\u00bb][\/et_pb_video][\/et_pb_column][et_pb_column type=\u00bb1_3&#8243; _builder_version=\u00bb4.17.4&#8243; _module_preset=\u00bbdefault\u00bb global_colors_info=\u00bb{}\u00bb][et_pb_video src=\u00bbhttps:\/\/www.youtube.com\/watch?v=mj439QrVhq8&#8243; _builder_version=\u00bb4.17.4&#8243; _module_preset=\u00bbdefault\u00bb custom_margin=\u00bb|10px||10px|false|false\u00bb global_colors_info=\u00bb{}\u00bb][\/et_pb_video][\/et_pb_column][\/et_pb_row][et_pb_row _builder_version=\u00bb4.19.0&#8243; _module_preset=\u00bbdefault\u00bb custom_margin=\u00bb30px||||false|false\u00bb global_colors_info=\u00bb{}\u00bb][et_pb_column type=\u00bb4_4&#8243; _builder_version=\u00bb4.17.4&#8243; _module_preset=\u00bbdefault\u00bb global_colors_info=\u00bb{}\u00bb][et_pb_text admin_label=\u00bbArticles relacionats\u00bb _builder_version=\u00bb4.19.0&#8243; _module_preset=\u00bbdefault\u00bb global_colors_info=\u00bb{}\u00bb]<\/p>\n<h2 style=\"text-align: center\">Art\u00edculos relacionados<\/h2>\n<p>[\/et_pb_text][\/et_pb_column][\/et_pb_row][et_pb_row _builder_version=\u00bb4.17.4&#8243; _module_preset=\u00bbdefault\u00bb global_colors_info=\u00bb{}\u00bb][et_pb_column type=\u00bb4_4&#8243; _builder_version=\u00bb4.17.4&#8243; _module_preset=\u00bbdefault\u00bb global_colors_info=\u00bb{}\u00bb][et_pb_text _builder_version=\u00bb4.19.0&#8243; _module_preset=\u00bbdefault\u00bb global_colors_info=\u00bb{}\u00bb]<\/p>\n<ul>\n<li><a href=\"https:\/\/escoles.fundesplai.org\/blog\/lleure\/lalimentacio-en-el-dia-universal-dels-drets-dels-infants\/\"><a href=\"https:\/\/escoles.fundesplai.org\/blog\/lleure\/lalimentacio-en-el-dia-universal-dels-drets-dels-infants\/\">La alimentaci\u00f3n en el D\u00eda Universal de los Derechos del Ni\u00f1o<\/a><\/a><\/li>\n<li><a href=\"https:\/\/escoles.fundesplai.org\/blog\/menjador-escolar\/fem-nusos-pel-dia-dels-drets-dels-infants\/\"><a href=\"https:\/\/escoles.fundesplai.org\/blog\/menjador-escolar\/fem-nusos-pel-dia-dels-drets-dels-infants\/\">Hacemos nudos para el D\u00eda de los Derechos de la Infancia<\/a><\/a><\/li>\n<li><a href=\"https:\/\/escoles.fundesplai.org\/blog\/menjador-escolar\/reivindiquem-el-dret-a-la-diversitat-afectiva-al-temps-migdia\/\">Reivindicamos el derecho a la diversidad afectiva en el Tiempo Educativo del Mediod\u00eda<\/a><\/li>\n<li><a href=\"https:\/\/fundesplai.org\/es\/\"><a href=\"https:\/\/fundesplai.org\/es\/\">6 actividades por el D\u00eda de los Derechos del Ni\u00f1o<\/a><\/a><\/li>\n<li><a href=\"https:\/\/escoles.fundesplai.org\/blog\/menjador-escolar\/cors-de-colors-pels-drets-dels-infants-la-igualtat-i-la-violencia-zero\/\"><a href=\"https:\/\/escoles.fundesplai.org\/blog\/menjador-escolar\/cors-de-colors-pels-drets-dels-infants-la-igualtat-i-la-violencia-zero\/\">Corazones de colores por los Derechos del Ni\u00f1o<\/a><\/a><\/li>\n<li><a href=\"https:\/\/escoles.fundesplai.org\/blog\/lleure\/celebrem-el-dia-dels-drets-dels-infants\/\"><a href=\"https:\/\/escoles.fundesplai.org\/blog\/lleure\/celebrem-el-dia-dels-drets-dels-infants\/\">Celebramos el D\u00eda de los Derechos del Ni\u00f1o<\/a><\/a><\/li>\n<li><a href=\"https:\/\/fundesplai.org\/ca\/recursos\/noticies\/1749-drets-dels-infants\">Miles de ni\u00f1os reivindican el Derecho a la Diversidad<\/a><\/li>\n<\/ul>\n<p>[\/et_pb_text][\/et_pb_column][\/et_pb_row][et_pb_row _builder_version=\u00bb4.19.0&#8243; _module_preset=\u00bbdefault\u00bb custom_margin=\u00bb40px||||false|false\u00bb locked=\u00bboff\u00bb global_colors_info=\u00bb{}\u00bb][et_pb_column type=\u00bb4_4&#8243; _builder_version=\u00bb4.19.0&#8243; _module_preset=\u00bbdefault\u00bb global_colors_info=\u00bb{}\u00bb][et_pb_button button_text=\u00bbNuestros compromisos con la infancia\u00bb button_alignment=\u00bbcenter\u00bb _builder_version=\u00bb4.19.0&#8243; _module_preset=\u00bbdefault\u00bb global_colors_info=\u00bb{}\u00bb][\/et_pb_button][\/et_pb_column][\/et_pb_row][\/et_pb_section]<\/p>\n","protected":false},"excerpt":{"rendered":"<p> Queremos garantizar los derechos de los ni\u00f1os, ni\u00f1as y todas nuestras acciones y proyectos van encaminadas a este objetivo.<\/p>\n","protected":false},"author":3,"featured_media":38415,"parent":0,"menu_order":0,"comment_status":"closed","ping_status":"closed","template":"","meta":{"_et_pb_use_builder":"on","_et_pb_old_content":"","_et_gb_content_width":"","footnotes":""},"class_list":["post-46886","page","type-page","status-publish","has-post-thumbnail","hentry"],"yoast_head":"<!-- This site is optimized with the Yoast SEO plugin v27.4 - https:\/\/yoast.com\/product\/yoast-seo-wordpress\/ -->\n<title>Derechos de la Infancia - Fundesplai<\/title>\n<meta name=\"description\" content=\"Queremos garantizar los derechos de los ni\u00f1os, ni\u00f1as y todas nuestras acciones y proyectos van encaminadas a este objetivo.\" \/>\n<meta name=\"robots\" content=\"index, follow, max-snippet:-1, max-image-preview:large, max-video-preview:-1\" \/>\n<link rel=\"canonical\" href=\"https:\/\/fundesplai.org\/es\/derechos-de-los-ninos-as\/\" \/>\n<meta property=\"og:locale\" content=\"es_ES\" \/>\n<meta property=\"og:type\" content=\"article\" \/>\n<meta property=\"og:title\" content=\"Derechos de la Infancia - Fundesplai\" \/>\n<meta property=\"og:description\" content=\"Queremos garantizar los derechos de los ni\u00f1os, ni\u00f1as y todas nuestras acciones y proyectos van encaminadas a este objetivo.\" \/>\n<meta property=\"og:url\" content=\"https:\/\/fundesplai.org\/es\/derechos-de-los-ninos-as\/\" \/>\n<meta property=\"og:site_name\" content=\"Fundesplai\" \/>\n<meta property=\"article:modified_time\" content=\"2024-09-13T11:05:01+00:00\" \/>\n<meta property=\"og:image\" content=\"https:\/\/fundesplai.org\/wp-content\/uploads\/2022\/08\/Drets-dels-Infants-Fundesplai.jpg\" \/>\n\t<meta property=\"og:image:width\" content=\"1888\" \/>\n\t<meta property=\"og:image:height\" content=\"900\" \/>\n\t<meta property=\"og:image:type\" content=\"image\/jpeg\" \/>\n<meta name=\"twitter:card\" content=\"summary_large_image\" \/>\n<meta name=\"twitter:label1\" content=\"Tiempo de lectura\" \/>\n\t<meta name=\"twitter:data1\" content=\"3 minutos\" \/>\n<script type=\"application\/ld+json\" class=\"yoast-schema-graph\">{\"@context\":\"https:\\\/\\\/schema.org\",\"@graph\":[{\"@type\":\"WebPage\",\"@id\":\"https:\\\/\\\/fundesplai.org\\\/es\\\/derechos-de-los-ninos-as\\\/\",\"url\":\"https:\\\/\\\/fundesplai.org\\\/es\\\/derechos-de-los-ninos-as\\\/\",\"name\":\"Derechos de la Infancia - Fundesplai\",\"isPartOf\":{\"@id\":\"https:\\\/\\\/fundesplai.org\\\/es\\\/#website\"},\"primaryImageOfPage\":{\"@id\":\"https:\\\/\\\/fundesplai.org\\\/es\\\/derechos-de-los-ninos-as\\\/#primaryimage\"},\"image\":{\"@id\":\"https:\\\/\\\/fundesplai.org\\\/es\\\/derechos-de-los-ninos-as\\\/#primaryimage\"},\"thumbnailUrl\":\"https:\\\/\\\/fundesplai.org\\\/wp-content\\\/uploads\\\/2022\\\/08\\\/Drets-dels-Infants-Fundesplai.jpg\",\"datePublished\":\"2022-08-02T12:26:55+00:00\",\"dateModified\":\"2024-09-13T11:05:01+00:00\",\"description\":\"Queremos garantizar los derechos de los ni\u00f1os, ni\u00f1as y todas nuestras acciones y proyectos van encaminadas a este objetivo.\",\"breadcrumb\":{\"@id\":\"https:\\\/\\\/fundesplai.org\\\/es\\\/derechos-de-los-ninos-as\\\/#breadcrumb\"},\"inLanguage\":\"es\",\"potentialAction\":[{\"@type\":\"ReadAction\",\"target\":[\"https:\\\/\\\/fundesplai.org\\\/es\\\/derechos-de-los-ninos-as\\\/\"]}]},{\"@type\":\"ImageObject\",\"inLanguage\":\"es\",\"@id\":\"https:\\\/\\\/fundesplai.org\\\/es\\\/derechos-de-los-ninos-as\\\/#primaryimage\",\"url\":\"https:\\\/\\\/fundesplai.org\\\/wp-content\\\/uploads\\\/2022\\\/08\\\/Drets-dels-Infants-Fundesplai.jpg\",\"contentUrl\":\"https:\\\/\\\/fundesplai.org\\\/wp-content\\\/uploads\\\/2022\\\/08\\\/Drets-dels-Infants-Fundesplai.jpg\",\"width\":1888,\"height\":900,\"caption\":\"Drets dels Infants Fundesplai\"},{\"@type\":\"BreadcrumbList\",\"@id\":\"https:\\\/\\\/fundesplai.org\\\/es\\\/derechos-de-los-ninos-as\\\/#breadcrumb\",\"itemListElement\":[{\"@type\":\"ListItem\",\"position\":1,\"name\":\"Inici\",\"item\":\"https:\\\/\\\/fundesplai.org\\\/es\\\/inicio\\\/\"},{\"@type\":\"ListItem\",\"position\":2,\"name\":\"Derechos de la Infancia\"}]},{\"@type\":\"WebSite\",\"@id\":\"https:\\\/\\\/fundesplai.org\\\/es\\\/#website\",\"url\":\"https:\\\/\\\/fundesplai.org\\\/es\\\/\",\"name\":\"Fundesplai\",\"description\":\"Eduquem per la conviv\u00e8ncia i la sostenibilitat\",\"potentialAction\":[{\"@type\":\"SearchAction\",\"target\":{\"@type\":\"EntryPoint\",\"urlTemplate\":\"https:\\\/\\\/fundesplai.org\\\/es\\\/?s={search_term_string}\"},\"query-input\":{\"@type\":\"PropertyValueSpecification\",\"valueRequired\":true,\"valueName\":\"search_term_string\"}}],\"inLanguage\":\"es\"}]}<\/script>\n<!-- \/ Yoast SEO plugin. -->","yoast_head_json":{"title":"Derechos de la Infancia - Fundesplai","description":"Queremos garantizar los derechos de los ni\u00f1os, ni\u00f1as y todas nuestras acciones y proyectos van encaminadas a este objetivo.","robots":{"index":"index","follow":"follow","max-snippet":"max-snippet:-1","max-image-preview":"max-image-preview:large","max-video-preview":"max-video-preview:-1"},"canonical":"https:\/\/fundesplai.org\/es\/derechos-de-los-ninos-as\/","og_locale":"es_ES","og_type":"article","og_title":"Derechos de la Infancia - Fundesplai","og_description":"Queremos garantizar los derechos de los ni\u00f1os, ni\u00f1as y todas nuestras acciones y proyectos van encaminadas a este objetivo.","og_url":"https:\/\/fundesplai.org\/es\/derechos-de-los-ninos-as\/","og_site_name":"Fundesplai","article_modified_time":"2024-09-13T11:05:01+00:00","og_image":[{"width":1888,"height":900,"url":"https:\/\/fundesplai.org\/wp-content\/uploads\/2022\/08\/Drets-dels-Infants-Fundesplai.jpg","type":"image\/jpeg"}],"twitter_card":"summary_large_image","twitter_misc":{"Tiempo de lectura":"3 minutos"},"schema":{"@context":"https:\/\/schema.org","@graph":[{"@type":"WebPage","@id":"https:\/\/fundesplai.org\/es\/derechos-de-los-ninos-as\/","url":"https:\/\/fundesplai.org\/es\/derechos-de-los-ninos-as\/","name":"Derechos de la Infancia - Fundesplai","isPartOf":{"@id":"https:\/\/fundesplai.org\/es\/#website"},"primaryImageOfPage":{"@id":"https:\/\/fundesplai.org\/es\/derechos-de-los-ninos-as\/#primaryimage"},"image":{"@id":"https:\/\/fundesplai.org\/es\/derechos-de-los-ninos-as\/#primaryimage"},"thumbnailUrl":"https:\/\/fundesplai.org\/wp-content\/uploads\/2022\/08\/Drets-dels-Infants-Fundesplai.jpg","datePublished":"2022-08-02T12:26:55+00:00","dateModified":"2024-09-13T11:05:01+00:00","description":"Queremos garantizar los derechos de los ni\u00f1os, ni\u00f1as y todas nuestras acciones y proyectos van encaminadas a este objetivo.","breadcrumb":{"@id":"https:\/\/fundesplai.org\/es\/derechos-de-los-ninos-as\/#breadcrumb"},"inLanguage":"es","potentialAction":[{"@type":"ReadAction","target":["https:\/\/fundesplai.org\/es\/derechos-de-los-ninos-as\/"]}]},{"@type":"ImageObject","inLanguage":"es","@id":"https:\/\/fundesplai.org\/es\/derechos-de-los-ninos-as\/#primaryimage","url":"https:\/\/fundesplai.org\/wp-content\/uploads\/2022\/08\/Drets-dels-Infants-Fundesplai.jpg","contentUrl":"https:\/\/fundesplai.org\/wp-content\/uploads\/2022\/08\/Drets-dels-Infants-Fundesplai.jpg","width":1888,"height":900,"caption":"Drets dels Infants Fundesplai"},{"@type":"BreadcrumbList","@id":"https:\/\/fundesplai.org\/es\/derechos-de-los-ninos-as\/#breadcrumb","itemListElement":[{"@type":"ListItem","position":1,"name":"Inici","item":"https:\/\/fundesplai.org\/es\/inicio\/"},{"@type":"ListItem","position":2,"name":"Derechos de la Infancia"}]},{"@type":"WebSite","@id":"https:\/\/fundesplai.org\/es\/#website","url":"https:\/\/fundesplai.org\/es\/","name":"Fundesplai","description":"Eduquem per la conviv\u00e8ncia i la sostenibilitat","potentialAction":[{"@type":"SearchAction","target":{"@type":"EntryPoint","urlTemplate":"https:\/\/fundesplai.org\/es\/?s={search_term_string}"},"query-input":{"@type":"PropertyValueSpecification","valueRequired":true,"valueName":"search_term_string"}}],"inLanguage":"es"}]}},"_links":{"self":[{"href":"https:\/\/fundesplai.org\/es\/wp-json\/wp\/v2\/pages\/46886","targetHints":{"allow":["GET"]}}],"collection":[{"href":"https:\/\/fundesplai.org\/es\/wp-json\/wp\/v2\/pages"}],"about":[{"href":"https:\/\/fundesplai.org\/es\/wp-json\/wp\/v2\/types\/page"}],"author":[{"embeddable":true,"href":"https:\/\/fundesplai.org\/es\/wp-json\/wp\/v2\/users\/3"}],"replies":[{"embeddable":true,"href":"https:\/\/fundesplai.org\/es\/wp-json\/wp\/v2\/comments?post=46886"}],"version-history":[{"count":18,"href":"https:\/\/fundesplai.org\/es\/wp-json\/wp\/v2\/pages\/46886\/revisions"}],"predecessor-version":[{"id":67665,"href":"https:\/\/fundesplai.org\/es\/wp-json\/wp\/v2\/pages\/46886\/revisions\/67665"}],"wp:featuredmedia":[{"embeddable":true,"href":"https:\/\/fundesplai.org\/es\/wp-json\/wp\/v2\/media\/38415"}],"wp:attachment":[{"href":"https:\/\/fundesplai.org\/es\/wp-json\/wp\/v2\/media?parent=46886"}],"curies":[{"name":"wp","href":"https:\/\/api.w.org\/{rel}","templated":true}]}}