{"id":46883,"date":"2023-03-10T17:17:41","date_gmt":"2023-03-10T16:17:41","guid":{"rendered":"https:\/\/fundesplai.org\/contacta-2\/hemos-recibido-tu-consulta\/"},"modified":"2023-09-28T11:53:55","modified_gmt":"2023-09-28T09:53:55","slug":"hemos-recibido-tu-consulta","status":"publish","type":"page","link":"https:\/\/fundesplai.org\/es\/contacta-2\/hemos-recibido-tu-consulta\/","title":{"rendered":"Hemos recibido tu consulta"},"content":{"rendered":"<p>[et_pb_section fb_built=\u00bb1&#8243; fullwidth=\u00bbon\u00bb admin_label=\u00bbSection\u00bb _builder_version=\u00bb4.16&#8243; locked=\u00bboff\u00bb global_colors_info=\u00bb{}\u00bb][et_pb_fullwidth_slider module_id=\u00bbfix-padding\u00bb module_class=\u00bbslider-capcalera slider-text-cta\u00bb _builder_version=\u00bb4.19.0&#8243; global_colors_info=\u00bb{}\u00bb][et_pb_slide heading=\u00bb\u00a1Hemos recibido tu consulta!\u00bb button_text=\u00bbVuelve al inicio\u00bb button_link=\u00bb@ET-DC@eyJkeW5hbWljIjp0cnVlLCJjb250ZW50IjoiaG9tZV91cmwiLCJzZXR0aW5ncyI6W119@\u00bb _builder_version=\u00bb4.19.0&#8243; _dynamic_attributes=\u00bbbutton_link\u00bb background_image=\u00bbhttps:\/\/fundesplai.org\/wp-content\/uploads\/2023\/02\/contacta-Fundesplai.jpg\u00bb background_enable_image=\u00bbon\u00bb global_colors_info=\u00bb{}\u00bb sticky_transition=\u00bbon\u00bb]<\/p>\n<p>Tu consulta se ha registrado correctamente, en breve nos pondremos en contacto contigo.<\/p>\n<p>[\/et_pb_slide][\/et_pb_fullwidth_slider][\/et_pb_section][et_pb_section fb_built=\u00bb1&#8243; _builder_version=\u00bb4.16&#8243; locked=\u00bboff\u00bb collapsed=\u00bboff\u00bb global_colors_info=\u00bb{}\u00bb][et_pb_row module_class=\u00bb et_pb_row_fullwidth graella-blog\u00bb _builder_version=\u00bb4.16&#8243; width=\u00bb100%\u00bb width_tablet=\u00bb100%\u00bb width_phone=\u00bb\u00bb width_last_edited=\u00bbon|desktop\u00bb max_width=\u00bb100%\u00bb max_width_tablet=\u00bb100%\u00bb max_width_phone=\u00bb\u00bb max_width_last_edited=\u00bbon|desktop\u00bb custom_margin=\u00bb40px|auto||auto||\u00bb make_fullwidth=\u00bbon\u00bb global_colors_info=\u00bb{}\u00bb][et_pb_column type=\u00bb4_4&#8243; _builder_version=\u00bb4.16&#8243; custom_padding=\u00bb|||\u00bb global_colors_info=\u00bb{}\u00bb custom_padding__hover=\u00bb|||\u00bb][et_pb_text admin_label=\u00bbT\u00edtol secci\u00f3\u00bb _builder_version=\u00bb4.19.0&#8243; global_colors_info=\u00bb{}\u00bb]<\/p>\n<h2>Sigue nuestra actualidad<\/h2>\n<p>[\/et_pb_text][et_pb_blog fullwidth=\u00bboff\u00bb posts_number=\u00bb3&#8243; include_categories=\u00bball\u00bb show_author=\u00bboff\u00bb show_excerpt=\u00bboff\u00bb show_pagination=\u00bboff\u00bb module_class=\u00bbgraella-blog\u00bb _builder_version=\u00bb4.19.0&#8243; global_colors_info=\u00bb{}\u00bb][\/et_pb_blog][et_pb_text admin_label=\u00bbConsulta totes les entrades\u00bb _builder_version=\u00bb4.19.0&#8243; custom_margin=\u00bb15px||||false|false\u00bb locked=\u00bboff\u00bb global_colors_info=\u00bb{}\u00bb]<\/p>\n<p style=\"text-align: center;\">Lee m\u00e1s en la <a href=\"https:\/\/fundesplai.org\/es\/informate\/\">secci\u00f3n Inf\u00f3rmate<\/a>!<\/p>\n<p>[\/et_pb_text][\/et_pb_column][\/et_pb_row][\/et_pb_section]<\/p>\n","protected":false},"excerpt":{"rendered":"<p>Tu consulta se ha registrado correctamente, en breve nos pondremos en contacto contigo.Sigue nuestra actualidadLee m\u00e1s en la secci\u00f3n Inf\u00f3rmate!<\/p>\n","protected":false},"author":2,"featured_media":0,"parent":46656,"menu_order":0,"comment_status":"closed","ping_status":"closed","template":"","meta":{"_et_pb_use_builder":"on","_et_pb_old_content":"","_et_gb_content_width":"","footnotes":""},"class_list":["post-46883","page","type-page","status-publish","hentry"],"yoast_head":"<!-- This site is optimized with the Yoast SEO plugin v27.5 - https:\/\/yoast.com\/product\/yoast-seo-wordpress\/ -->\n<title>Hemos recibido tu consulta - Fundesplai<\/title>\n<meta name=\"robots\" content=\"index, follow, max-snippet:-1, max-image-preview:large, max-video-preview:-1\" \/>\n<link rel=\"canonical\" href=\"https:\/\/fundesplai.org\/es\/contacta-2\/hemos-recibido-tu-consulta\/\" \/>\n<meta property=\"og:locale\" content=\"es_ES\" \/>\n<meta property=\"og:type\" content=\"article\" \/>\n<meta property=\"og:title\" content=\"Hemos recibido tu consulta - Fundesplai\" \/>\n<meta property=\"og:description\" content=\"Tu consulta se ha registrado correctamente, en breve nos pondremos en contacto contigo.Sigue nuestra actualidadLee m\u00e1s en la secci\u00f3n Inf\u00f3rmate!\" \/>\n<meta property=\"og:url\" content=\"https:\/\/fundesplai.org\/es\/contacta-2\/hemos-recibido-tu-consulta\/\" \/>\n<meta property=\"og:site_name\" content=\"Fundesplai\" \/>\n<meta property=\"article:modified_time\" content=\"2023-09-28T09:53:55+00:00\" \/>\n<meta name=\"twitter:card\" content=\"summary_large_image\" \/>\n<meta name=\"twitter:label1\" content=\"Tiempo de lectura\" \/>\n\t<meta name=\"twitter:data1\" content=\"1 minuto\" \/>\n<script type=\"application\/ld+json\" class=\"yoast-schema-graph\">{\"@context\":\"https:\\\/\\\/schema.org\",\"@graph\":[{\"@type\":\"WebPage\",\"@id\":\"https:\\\/\\\/fundesplai.org\\\/es\\\/contacta-2\\\/hemos-recibido-tu-consulta\\\/\",\"url\":\"https:\\\/\\\/fundesplai.org\\\/es\\\/contacta-2\\\/hemos-recibido-tu-consulta\\\/\",\"name\":\"Hemos recibido tu consulta - Fundesplai\",\"isPartOf\":{\"@id\":\"https:\\\/\\\/fundesplai.org\\\/es\\\/#website\"},\"datePublished\":\"2023-03-10T16:17:41+00:00\",\"dateModified\":\"2023-09-28T09:53:55+00:00\",\"breadcrumb\":{\"@id\":\"https:\\\/\\\/fundesplai.org\\\/es\\\/contacta-2\\\/hemos-recibido-tu-consulta\\\/#breadcrumb\"},\"inLanguage\":\"es\",\"potentialAction\":[{\"@type\":\"ReadAction\",\"target\":[\"https:\\\/\\\/fundesplai.org\\\/es\\\/contacta-2\\\/hemos-recibido-tu-consulta\\\/\"]}]},{\"@type\":\"BreadcrumbList\",\"@id\":\"https:\\\/\\\/fundesplai.org\\\/es\\\/contacta-2\\\/hemos-recibido-tu-consulta\\\/#breadcrumb\",\"itemListElement\":[{\"@type\":\"ListItem\",\"position\":1,\"name\":\"Inici\",\"item\":\"https:\\\/\\\/fundesplai.org\\\/es\\\/inicio\\\/\"},{\"@type\":\"ListItem\",\"position\":2,\"name\":\"Contacta\",\"item\":\"https:\\\/\\\/fundesplai.org\\\/es\\\/contacta-2\\\/\"},{\"@type\":\"ListItem\",\"position\":3,\"name\":\"Hemos recibido tu consulta\"}]},{\"@type\":\"WebSite\",\"@id\":\"https:\\\/\\\/fundesplai.org\\\/es\\\/#website\",\"url\":\"https:\\\/\\\/fundesplai.org\\\/es\\\/\",\"name\":\"Fundesplai\",\"description\":\"Eduquem per la conviv\u00e8ncia i la sostenibilitat\",\"potentialAction\":[{\"@type\":\"SearchAction\",\"target\":{\"@type\":\"EntryPoint\",\"urlTemplate\":\"https:\\\/\\\/fundesplai.org\\\/es\\\/?s={search_term_string}\"},\"query-input\":{\"@type\":\"PropertyValueSpecification\",\"valueRequired\":true,\"valueName\":\"search_term_string\"}}],\"inLanguage\":\"es\"}]}<\/script>\n<!-- \/ Yoast SEO plugin. -->","yoast_head_json":{"title":"Hemos recibido tu consulta - Fundesplai","robots":{"index":"index","follow":"follow","max-snippet":"max-snippet:-1","max-image-preview":"max-image-preview:large","max-video-preview":"max-video-preview:-1"},"canonical":"https:\/\/fundesplai.org\/es\/contacta-2\/hemos-recibido-tu-consulta\/","og_locale":"es_ES","og_type":"article","og_title":"Hemos recibido tu consulta - Fundesplai","og_description":"Tu consulta se ha registrado correctamente, en breve nos pondremos en contacto contigo.Sigue nuestra actualidadLee m\u00e1s en la secci\u00f3n Inf\u00f3rmate!","og_url":"https:\/\/fundesplai.org\/es\/contacta-2\/hemos-recibido-tu-consulta\/","og_site_name":"Fundesplai","article_modified_time":"2023-09-28T09:53:55+00:00","twitter_card":"summary_large_image","twitter_misc":{"Tiempo de lectura":"1 minuto"},"schema":{"@context":"https:\/\/schema.org","@graph":[{"@type":"WebPage","@id":"https:\/\/fundesplai.org\/es\/contacta-2\/hemos-recibido-tu-consulta\/","url":"https:\/\/fundesplai.org\/es\/contacta-2\/hemos-recibido-tu-consulta\/","name":"Hemos recibido tu consulta - Fundesplai","isPartOf":{"@id":"https:\/\/fundesplai.org\/es\/#website"},"datePublished":"2023-03-10T16:17:41+00:00","dateModified":"2023-09-28T09:53:55+00:00","breadcrumb":{"@id":"https:\/\/fundesplai.org\/es\/contacta-2\/hemos-recibido-tu-consulta\/#breadcrumb"},"inLanguage":"es","potentialAction":[{"@type":"ReadAction","target":["https:\/\/fundesplai.org\/es\/contacta-2\/hemos-recibido-tu-consulta\/"]}]},{"@type":"BreadcrumbList","@id":"https:\/\/fundesplai.org\/es\/contacta-2\/hemos-recibido-tu-consulta\/#breadcrumb","itemListElement":[{"@type":"ListItem","position":1,"name":"Inici","item":"https:\/\/fundesplai.org\/es\/inicio\/"},{"@type":"ListItem","position":2,"name":"Contacta","item":"https:\/\/fundesplai.org\/es\/contacta-2\/"},{"@type":"ListItem","position":3,"name":"Hemos recibido tu consulta"}]},{"@type":"WebSite","@id":"https:\/\/fundesplai.org\/es\/#website","url":"https:\/\/fundesplai.org\/es\/","name":"Fundesplai","description":"Eduquem per la conviv\u00e8ncia i la sostenibilitat","potentialAction":[{"@type":"SearchAction","target":{"@type":"EntryPoint","urlTemplate":"https:\/\/fundesplai.org\/es\/?s={search_term_string}"},"query-input":{"@type":"PropertyValueSpecification","valueRequired":true,"valueName":"search_term_string"}}],"inLanguage":"es"}]}},"_links":{"self":[{"href":"https:\/\/fundesplai.org\/es\/wp-json\/wp\/v2\/pages\/46883","targetHints":{"allow":["GET"]}}],"collection":[{"href":"https:\/\/fundesplai.org\/es\/wp-json\/wp\/v2\/pages"}],"about":[{"href":"https:\/\/fundesplai.org\/es\/wp-json\/wp\/v2\/types\/page"}],"author":[{"embeddable":true,"href":"https:\/\/fundesplai.org\/es\/wp-json\/wp\/v2\/users\/2"}],"replies":[{"embeddable":true,"href":"https:\/\/fundesplai.org\/es\/wp-json\/wp\/v2\/comments?post=46883"}],"version-history":[{"count":11,"href":"https:\/\/fundesplai.org\/es\/wp-json\/wp\/v2\/pages\/46883\/revisions"}],"predecessor-version":[{"id":55430,"href":"https:\/\/fundesplai.org\/es\/wp-json\/wp\/v2\/pages\/46883\/revisions\/55430"}],"up":[{"embeddable":true,"href":"https:\/\/fundesplai.org\/es\/wp-json\/wp\/v2\/pages\/46656"}],"wp:attachment":[{"href":"https:\/\/fundesplai.org\/es\/wp-json\/wp\/v2\/media?parent=46883"}],"curies":[{"name":"wp","href":"https:\/\/api.w.org\/{rel}","templated":true}]}}