{"id":46860,"date":"2022-07-11T12:21:07","date_gmt":"2022-07-11T10:21:07","guid":{"rendered":"https:\/\/fundesplai.org\/conoce\/transparencia\/infancia\/proteccion-de-la-infancia\/"},"modified":"2024-07-24T12:42:00","modified_gmt":"2024-07-24T10:42:00","slug":"proteccion-de-la-infancia","status":"publish","type":"page","link":"https:\/\/fundesplai.org\/es\/conoce\/transparencia\/infancia\/proteccion-de-la-infancia\/","title":{"rendered":"Protecci\u00f3n de la infancia"},"content":{"rendered":"<p>[et_pb_section fb_built=\u00bb1&#8243; fullwidth=\u00bbon\u00bb admin_label=\u00bbSection\u00bb _builder_version=\u00bb4.16&#8243; _module_preset=\u00bbdefault\u00bb locked=\u00bboff\u00bb collapsed=\u00bboff\u00bb global_colors_info=\u00bb{}\u00bb][et_pb_fullwidth_slider module_id=\u00bbfix-padding\u00bb module_class=\u00bbslider-capcalera slider-text-cta\u00bb _builder_version=\u00bb4.21.0&#8243; _module_preset=\u00bbdefault\u00bb background_enable_image=\u00bboff\u00bb global_colors_info=\u00bb{}\u00bb][et_pb_slide button_link=\u00bbhttps:\/\/escoles.fundesplai.org\/contacta\/?servei=extraescolars\u00bb _builder_version=\u00bb4.21.0&#8243; _module_preset=\u00bbdefault\u00bb background_image=\u00bbhttps:\/\/fundesplai.org\/wp-content\/uploads\/2023\/01\/Proteccio-infancia-Fundesplai.jpg\u00bb background_enable_image=\u00bbon\u00bb global_colors_info=\u00bb{}\u00bb sticky_transition=\u00bbon\u00bb][\/et_pb_slide][\/et_pb_fullwidth_slider][\/et_pb_section][et_pb_section fb_built=\u00bb1&#8243; _builder_version=\u00bb4.17.4&#8243; _module_preset=\u00bbdefault\u00bb global_colors_info=\u00bb{}\u00bb][et_pb_row _builder_version=\u00bb4.17.4&#8243; _module_preset=\u00bbdefault\u00bb global_colors_info=\u00bb{}\u00bb][et_pb_column type=\u00bb4_4&#8243; _builder_version=\u00bb4.17.4&#8243; _module_preset=\u00bbdefault\u00bb global_colors_info=\u00bb{}\u00bb][et_pb_post_title _builder_version=\u00bb4.19.0&#8243; _module_preset=\u00bbdefault\u00bb custom_margin=\u00bb30px||||false|false\u00bb global_colors_info=\u00bb{}\u00bb][\/et_pb_post_title][et_pb_text admin_label=\u00bbparagraf intro\u00bb _builder_version=\u00bb4.21.0&#8243; _module_preset=\u00bbdefault\u00bb custom_margin=\u00bb||||false|false\u00bb global_colors_info=\u00bb{}\u00bb]<\/p>\n<p style=\"text-align: center\"><strong>Como agentes educadores<\/strong> actuamos para proteger a los ni\u00f1os, ni\u00f1as y garantizar sus Derechos en todos los aspectos de la vida. En este sentido, hemos desarrollado una <strong>pol\u00edtica del buen trato<\/strong> hacia la infancia y la adolescencia que sigue la Lopivi (<a href=\"https:\/\/www.boe.es\/diario_boe\/txt.php?id=BOE-A-2021-9347\" target=\"_blank\" rel=\"noopener\"><span class=\"list-group-item-wrapper-content\">Ley Org\u00e1nica 8\/2021, de 4 de junio, de protecci\u00f3n integral a la infancia y la adolescencia ante la violencia<\/span><\/a> ). En este mismo marco, hemos desarrollado un <strong>c\u00f3digo de conducta<\/strong> y <strong>protocolos de prevenci\u00f3n, detecci\u00f3n y actuaci\u00f3n<\/strong> ante situaciones de vulneraci\u00f3n de derechos fundamentales de los ni\u00f1os y adolescentes.<\/p>\n<p>[\/et_pb_text][\/et_pb_column][\/et_pb_row][et_pb_row _builder_version=\u00bb4.21.0&#8243; _module_preset=\u00bbdefault\u00bb custom_margin=\u00bb40px||||false|false\u00bb global_colors_info=\u00bb{}\u00bb][et_pb_column type=\u00bb4_4&#8243; _builder_version=\u00bb4.17.4&#8243; _module_preset=\u00bbdefault\u00bb global_colors_info=\u00bb{}\u00bb][et_pb_text disabled_on=\u00bbon|on|on\u00bb admin_label=\u00bbCODI DE CONDUCTA\u00bb _builder_version=\u00bb4.21.0&#8243; _module_preset=\u00bbdefault\u00bb custom_margin=\u00bb||||false|false\u00bb disabled=\u00bbon\u00bb global_colors_info=\u00bb{}\u00bb]<\/p>\n<h2 style=\"text-align: center\">C\u00d3DIGO DE CONDUCTA<strong><br \/><\/strong><\/h2>\n<p style=\"text-align: center\">Este c\u00f3digo refleja nuestra pol\u00edtica de actuaci\u00f3n y buen trato hacia la infancia y la adolescencia y <strong><span class=\"OYPEnA text-decoration-none text-strikethrough-none\">marca las directrices de <\/span> <span class=\"OYPEnA text-decoration-none text-strikethrough-none\">comportamiento adecuado y de buen trato de<\/span><\/strong><span class=\"OYPEnA text-decoration-none text-strikethrough-none\"> los y las profesionales, tanto voluntarias como contratadas, que interact\u00faan con ni\u00f1os y adolescentes en las actividades de Fundesplai y entidades asociadas.<\/span><\/p>\n<p>[\/et_pb_text][et_pb_image src=\u00bbhttps:\/\/fundesplai.org\/wp-content\/uploads\/2024\/07\/CODI-DE-CONDUCTA_CAST.png\u00bb alt=\u00bbC\u00d3DIGO DE CONDUCTA Fundesplai\u00bb title_text=\u00bbC\u00d3DIGO DE CONDUCTA Fundesplai\u00bb align=\u00bbcenter\u00bb admin_label=\u00bbImage\u00bb _builder_version=\u00bb4.21.0&#8243; _module_preset=\u00bbdefault\u00bb custom_margin=\u00bb40px||||false|false\u00bb global_colors_info=\u00bb{}\u00bb][\/et_pb_image][et_pb_text admin_label=\u00bbenlla\u00e7os desc\u00e0rrega\u00bb _builder_version=\u00bb4.21.0&#8243; _module_preset=\u00bbdefault\u00bb custom_margin=\u00bb||||false|false\u00bb global_colors_info=\u00bb{}\u00bb]<\/p>\n<p style=\"text-align: center\"><a href=\"https:\/\/fundesplai.org\/wp-content\/uploads\/2023\/09\/codi-conducta-Fundesplai-2023-blanc.pdf\">&gt; Descargue el p\u00f3ster en PDF<\/a><\/p>\n<p style=\"text-align: center\"><a href=\"https:\/\/fundesplai.org\/wp-content\/uploads\/2024\/07\/CODI-DE-CONDUCTA_CAST.png\">&gt; Descargue el p\u00f3ster en JPG<\/a><\/p>\n<p>[\/et_pb_text][et_pb_button button_url=\u00bb#\u00bb button_text=\u00bbDescargue el PDF cumplido con la pol\u00edtica de buen trato\u00bb disabled_on=\u00bbon|on|on\u00bb _builder_version=\u00bb4.21.0&#8243; _module_preset=\u00bbdefault\u00bb disabled=\u00bbon\u00bb global_colors_info=\u00bb{}\u00bb][\/et_pb_button][\/et_pb_column][\/et_pb_row][et_pb_row column_structure=\u00bb1_2,1_2&#8243; _builder_version=\u00bb4.17.4&#8243; _module_preset=\u00bbdefault\u00bb custom_margin=\u00bb30px||30px||false|false\u00bb global_colors_info=\u00bb{}\u00bb][et_pb_column type=\u00bb1_2&#8243; _builder_version=\u00bb4.17.4&#8243; _module_preset=\u00bbdefault\u00bb global_colors_info=\u00bb{}\u00bb][et_pb_text admin_label=\u00bbt\u00edtol abusos\u00bb _builder_version=\u00bb4.21.0&#8243; _module_preset=\u00bbdefault\u00bb custom_margin=\u00bb30px|50px||50px|false|false\u00bb global_colors_info=\u00bb{}\u00bb]<\/p>\n<h3 style=\"text-align: center\">PROTOCOLO DE PREVENCI\u00d3N, DETECCI\u00d3N Y ACTUACI\u00d3N EN CASO DE ABUSOS SEXUALES<\/h3>\n<p>[\/et_pb_text][\/et_pb_column][et_pb_column type=\u00bb1_2&#8243; _builder_version=\u00bb4.17.4&#8243; _module_preset=\u00bbdefault\u00bb global_colors_info=\u00bb{}\u00bb][et_pb_text admin_label=\u00bbt\u00edtol assetjament\u00bb _builder_version=\u00bb4.17.4&#8243; _module_preset=\u00bbdefault\u00bb custom_margin=\u00bb30px|50px||50px|false|false\u00bb global_colors_info=\u00bb{}\u00bb]<\/p>\n<h3 style=\"text-align: center\">PROTOCOLO DE PREVENCI\u00d3N, DETECCI\u00d3N Y ACTUACI\u00d3N ANTE EL ACOSO ENTRE NI\u00d1OS<\/h3>\n<p>[\/et_pb_text][\/et_pb_column][\/et_pb_row][et_pb_row column_structure=\u00bb1_2,1_2&#8243; _builder_version=\u00bb4.17.4&#8243; _module_preset=\u00bbdefault\u00bb custom_margin=\u00bb||80px||false|false\u00bb global_colors_info=\u00bb{}\u00bb][et_pb_column type=\u00bb1_2&#8243; _builder_version=\u00bb4.17.4&#8243; _module_preset=\u00bbdefault\u00bb global_colors_info=\u00bb{}\u00bb][et_pb_image src=\u00bbhttps:\/\/fundesplai.org\/wp-content\/uploads\/2022\/07\/Protocol-Prevencio-Abusos-Sexuals-Fundesplai-1.jpg\u00bb alt=\u00bbProtocolo Prevenci\u00f3n Abusos Sexuales Fundesplai\u00bb title_text=\u00bbProtocolo Prevenci\u00f3n Abusos Sexuales Fundesplai\u00bb url=\u00bbhttps:\/\/fundesplai.org\/wp-content\/uploads\/2023\/03\/20201104_Protocol_Abusos_Fundesplai.pdf\u00bb align=\u00bbcenter\u00bb admin_label=\u00bbProt.Abusos\u00bb _builder_version=\u00bb4.19.0&#8243; _module_preset=\u00bbdefault\u00bb width=\u00bb100%\u00bb max_width=\u00bb100%\u00bb custom_margin=\u00bb30px||||false|false\u00bb global_colors_info=\u00bb{}\u00bb][\/et_pb_image][et_pb_button button_url=\u00bbhttps:\/\/fundesplai.org\/wp-content\/uploads\/2023\/03\/20220417_Protocol_Abusos_Fundesplai.pdf\u00bb button_text=\u00bbDescargue el Protocolo de Abusos\u00bb button_alignment=\u00bbcenter\u00bb _builder_version=\u00bb4.21.0&#8243; _module_preset=\u00bbdefault\u00bb custom_margin=\u00bb30px||||false|false\u00bb global_colors_info=\u00bb{}\u00bb][\/et_pb_button][\/et_pb_column][et_pb_column type=\u00bb1_2&#8243; _builder_version=\u00bb4.17.4&#8243; _module_preset=\u00bbdefault\u00bb global_colors_info=\u00bb{}\u00bb][et_pb_image src=\u00bbhttps:\/\/fundesplai.org\/wp-content\/uploads\/2022\/07\/Protocol-Prevencio-Assetjament-Fundesplai-2.jpg\u00bb alt=\u00bbProtocolo Prevenci\u00f3n Acoso Fundesplai\u00bb title_text=\u00bbProtocolo Prevenci\u00f3n Acoso Fundesplai\u00bb url=\u00bbhttps:\/\/fundesplai.org\/wp-content\/uploads\/2023\/03\/PROTOCOL_ASSETJAMENT_DEF.pdf\u00bb align=\u00bbcenter\u00bb admin_label=\u00bbProt.Assetjament\u00bb _builder_version=\u00bb4.19.0&#8243; _module_preset=\u00bbdefault\u00bb width=\u00bb100%\u00bb max_width=\u00bb100%\u00bb custom_margin=\u00bb30px||||false|false\u00bb global_colors_info=\u00bb{}\u00bb][\/et_pb_image][et_pb_button button_url=\u00bbhttps:\/\/fundesplai.org\/wp-content\/uploads\/2023\/03\/PROTOCOL_ASSETJAMENT_DEF.pdf\u00bb button_text=\u00bbDescargue el Protocolo de Acoso\u00bb button_alignment=\u00bbcenter\u00bb _builder_version=\u00bb4.19.0&#8243; _module_preset=\u00bbdefault\u00bb custom_margin=\u00bb30px||||false|false\u00bb global_colors_info=\u00bb{}\u00bb][\/et_pb_button][\/et_pb_column][\/et_pb_row][et_pb_row _builder_version=\u00bb4.17.4&#8243; _module_preset=\u00bbdefault\u00bb global_colors_info=\u00bb{}\u00bb][et_pb_column type=\u00bb4_4&#8243; _builder_version=\u00bb4.17.4&#8243; _module_preset=\u00bbdefault\u00bb global_colors_info=\u00bb{}\u00bb][et_pb_text _builder_version=\u00bb4.19.0&#8243; _module_preset=\u00bbdefault\u00bb custom_margin=\u00bb30px||50px||false|false\u00bb global_colors_info=\u00bb{}\u00bb]<\/p>\n<h2 style=\"text-align: center\">Art\u00edculos relacionados<\/h2>\n<ul>\n<li><a href=\"https:\/\/escoles.fundesplai.org\/blog\/lleure\/com-actuar-davant-els-abusos-sexuals-a-menors\/\">C\u00f3mo actuar ante los abusos sexuales a menores<\/a><\/li>\n<li><a href=\"https:\/\/escoles.fundesplai.org\/blog\/lleure\/abusos-sexuals-infantils-protocol-de-prevencio-i-actuacio\/\">Abusos infantiles: protocolo de prevenci\u00f3n y actuaci\u00f3n<\/a><\/li>\n<\/ul>\n<p>[\/et_pb_text][\/et_pb_column][\/et_pb_row][et_pb_row _builder_version=\u00bb4.19.0&#8243; _module_preset=\u00bbdefault\u00bb custom_margin=\u00bb40px||||false|false\u00bb locked=\u00bboff\u00bb global_colors_info=\u00bb{}\u00bb][et_pb_column type=\u00bb4_4&#8243; _builder_version=\u00bb4.19.0&#8243; _module_preset=\u00bbdefault\u00bb global_colors_info=\u00bb{}\u00bb][et_pb_button button_text=\u00bbNuestros compromisos con la infancia\u00bb button_alignment=\u00bbcenter\u00bb _builder_version=\u00bb4.19.0&#8243; _module_preset=\u00bbdefault\u00bb global_colors_info=\u00bb{}\u00bb][\/et_pb_button][\/et_pb_column][\/et_pb_row][\/et_pb_section]<\/p>\n","protected":false},"excerpt":{"rendered":"<p>Como agentes educadores, actuamos garantizando la protecci\u00f3n de la infancia y sus Derechos en todos los aspectos de la vida.<\/p>\n","protected":false},"author":26,"featured_media":46861,"parent":46854,"menu_order":0,"comment_status":"closed","ping_status":"closed","template":"","meta":{"_et_pb_use_builder":"on","_et_pb_old_content":"","_et_gb_content_width":"","footnotes":""},"class_list":["post-46860","page","type-page","status-publish","has-post-thumbnail","hentry"],"yoast_head":"<!-- This site is optimized with the Yoast SEO plugin v27.4 - https:\/\/yoast.com\/product\/yoast-seo-wordpress\/ -->\n<title>Protecci\u00f3n de la infancia - Fundesplai<\/title>\n<meta name=\"description\" content=\"Como agentes educadores, actuamos garantizando la protecci\u00f3n de la infancia y sus Derechos en todos los aspectos de la vida.\" \/>\n<meta name=\"robots\" content=\"index, follow, max-snippet:-1, max-image-preview:large, max-video-preview:-1\" \/>\n<link rel=\"canonical\" href=\"https:\/\/fundesplai.org\/es\/conoce\/transparencia\/infancia\/proteccion-de-la-infancia\/\" \/>\n<meta property=\"og:locale\" content=\"es_ES\" \/>\n<meta property=\"og:type\" content=\"article\" \/>\n<meta property=\"og:title\" content=\"Protecci\u00f3n de la infancia - Fundesplai\" \/>\n<meta property=\"og:description\" content=\"Como agentes educadores, actuamos garantizando la protecci\u00f3n de la infancia y sus Derechos en todos los aspectos de la vida.\" \/>\n<meta property=\"og:url\" content=\"https:\/\/fundesplai.org\/es\/conoce\/transparencia\/infancia\/proteccion-de-la-infancia\/\" \/>\n<meta property=\"og:site_name\" content=\"Fundesplai\" \/>\n<meta property=\"article:modified_time\" content=\"2024-07-24T10:42:00+00:00\" \/>\n<meta property=\"og:image\" content=\"https:\/\/fundesplai.org\/wp-content\/uploads\/2023\/01\/Proteccio-infancia-Fundesplai.jpg\" \/>\n\t<meta property=\"og:image:width\" content=\"1888\" \/>\n\t<meta property=\"og:image:height\" content=\"900\" \/>\n\t<meta property=\"og:image:type\" content=\"image\/jpeg\" \/>\n<meta name=\"twitter:card\" content=\"summary_large_image\" \/>\n<meta name=\"twitter:label1\" content=\"Tiempo de lectura\" \/>\n\t<meta name=\"twitter:data1\" content=\"3 minutos\" \/>\n<script type=\"application\/ld+json\" class=\"yoast-schema-graph\">{\"@context\":\"https:\\\/\\\/schema.org\",\"@graph\":[{\"@type\":\"WebPage\",\"@id\":\"https:\\\/\\\/fundesplai.org\\\/es\\\/conoce\\\/transparencia\\\/infancia\\\/proteccion-de-la-infancia\\\/\",\"url\":\"https:\\\/\\\/fundesplai.org\\\/es\\\/conoce\\\/transparencia\\\/infancia\\\/proteccion-de-la-infancia\\\/\",\"name\":\"Protecci\u00f3n de la infancia - Fundesplai\",\"isPartOf\":{\"@id\":\"https:\\\/\\\/fundesplai.org\\\/es\\\/#website\"},\"primaryImageOfPage\":{\"@id\":\"https:\\\/\\\/fundesplai.org\\\/es\\\/conoce\\\/transparencia\\\/infancia\\\/proteccion-de-la-infancia\\\/#primaryimage\"},\"image\":{\"@id\":\"https:\\\/\\\/fundesplai.org\\\/es\\\/conoce\\\/transparencia\\\/infancia\\\/proteccion-de-la-infancia\\\/#primaryimage\"},\"thumbnailUrl\":\"https:\\\/\\\/fundesplai.org\\\/wp-content\\\/uploads\\\/2023\\\/01\\\/Proteccio-infancia-Fundesplai.jpg\",\"datePublished\":\"2022-07-11T10:21:07+00:00\",\"dateModified\":\"2024-07-24T10:42:00+00:00\",\"description\":\"Como agentes educadores, actuamos garantizando la protecci\u00f3n de la infancia y sus Derechos en todos los aspectos de la vida.\",\"breadcrumb\":{\"@id\":\"https:\\\/\\\/fundesplai.org\\\/es\\\/conoce\\\/transparencia\\\/infancia\\\/proteccion-de-la-infancia\\\/#breadcrumb\"},\"inLanguage\":\"es\",\"potentialAction\":[{\"@type\":\"ReadAction\",\"target\":[\"https:\\\/\\\/fundesplai.org\\\/es\\\/conoce\\\/transparencia\\\/infancia\\\/proteccion-de-la-infancia\\\/\"]}]},{\"@type\":\"ImageObject\",\"inLanguage\":\"es\",\"@id\":\"https:\\\/\\\/fundesplai.org\\\/es\\\/conoce\\\/transparencia\\\/infancia\\\/proteccion-de-la-infancia\\\/#primaryimage\",\"url\":\"https:\\\/\\\/fundesplai.org\\\/wp-content\\\/uploads\\\/2023\\\/01\\\/Proteccio-infancia-Fundesplai.jpg\",\"contentUrl\":\"https:\\\/\\\/fundesplai.org\\\/wp-content\\\/uploads\\\/2023\\\/01\\\/Proteccio-infancia-Fundesplai.jpg\",\"width\":1888,\"height\":900},{\"@type\":\"BreadcrumbList\",\"@id\":\"https:\\\/\\\/fundesplai.org\\\/es\\\/conoce\\\/transparencia\\\/infancia\\\/proteccion-de-la-infancia\\\/#breadcrumb\",\"itemListElement\":[{\"@type\":\"ListItem\",\"position\":1,\"name\":\"Inici\",\"item\":\"https:\\\/\\\/fundesplai.org\\\/es\\\/inicio\\\/\"},{\"@type\":\"ListItem\",\"position\":2,\"name\":\"Conoce\",\"item\":\"https:\\\/\\\/fundesplai.org\\\/es\\\/conoce\\\/\"},{\"@type\":\"ListItem\",\"position\":3,\"name\":\"Transparencia\",\"item\":\"https:\\\/\\\/fundesplai.org\\\/es\\\/conoce\\\/transparencia\\\/\"},{\"@type\":\"ListItem\",\"position\":4,\"name\":\"Infancia\",\"item\":\"https:\\\/\\\/fundesplai.org\\\/es\\\/conoce\\\/transparencia\\\/infancia\\\/\"},{\"@type\":\"ListItem\",\"position\":5,\"name\":\"Protecci\u00f3n de la infancia\"}]},{\"@type\":\"WebSite\",\"@id\":\"https:\\\/\\\/fundesplai.org\\\/es\\\/#website\",\"url\":\"https:\\\/\\\/fundesplai.org\\\/es\\\/\",\"name\":\"Fundesplai\",\"description\":\"Eduquem per la conviv\u00e8ncia i la sostenibilitat\",\"potentialAction\":[{\"@type\":\"SearchAction\",\"target\":{\"@type\":\"EntryPoint\",\"urlTemplate\":\"https:\\\/\\\/fundesplai.org\\\/es\\\/?s={search_term_string}\"},\"query-input\":{\"@type\":\"PropertyValueSpecification\",\"valueRequired\":true,\"valueName\":\"search_term_string\"}}],\"inLanguage\":\"es\"}]}<\/script>\n<!-- \/ Yoast SEO plugin. -->","yoast_head_json":{"title":"Protecci\u00f3n de la infancia - Fundesplai","description":"Como agentes educadores, actuamos garantizando la protecci\u00f3n de la infancia y sus Derechos en todos los aspectos de la vida.","robots":{"index":"index","follow":"follow","max-snippet":"max-snippet:-1","max-image-preview":"max-image-preview:large","max-video-preview":"max-video-preview:-1"},"canonical":"https:\/\/fundesplai.org\/es\/conoce\/transparencia\/infancia\/proteccion-de-la-infancia\/","og_locale":"es_ES","og_type":"article","og_title":"Protecci\u00f3n de la infancia - Fundesplai","og_description":"Como agentes educadores, actuamos garantizando la protecci\u00f3n de la infancia y sus Derechos en todos los aspectos de la vida.","og_url":"https:\/\/fundesplai.org\/es\/conoce\/transparencia\/infancia\/proteccion-de-la-infancia\/","og_site_name":"Fundesplai","article_modified_time":"2024-07-24T10:42:00+00:00","og_image":[{"width":1888,"height":900,"url":"https:\/\/fundesplai.org\/wp-content\/uploads\/2023\/01\/Proteccio-infancia-Fundesplai.jpg","type":"image\/jpeg"}],"twitter_card":"summary_large_image","twitter_misc":{"Tiempo de lectura":"3 minutos"},"schema":{"@context":"https:\/\/schema.org","@graph":[{"@type":"WebPage","@id":"https:\/\/fundesplai.org\/es\/conoce\/transparencia\/infancia\/proteccion-de-la-infancia\/","url":"https:\/\/fundesplai.org\/es\/conoce\/transparencia\/infancia\/proteccion-de-la-infancia\/","name":"Protecci\u00f3n de la infancia - Fundesplai","isPartOf":{"@id":"https:\/\/fundesplai.org\/es\/#website"},"primaryImageOfPage":{"@id":"https:\/\/fundesplai.org\/es\/conoce\/transparencia\/infancia\/proteccion-de-la-infancia\/#primaryimage"},"image":{"@id":"https:\/\/fundesplai.org\/es\/conoce\/transparencia\/infancia\/proteccion-de-la-infancia\/#primaryimage"},"thumbnailUrl":"https:\/\/fundesplai.org\/wp-content\/uploads\/2023\/01\/Proteccio-infancia-Fundesplai.jpg","datePublished":"2022-07-11T10:21:07+00:00","dateModified":"2024-07-24T10:42:00+00:00","description":"Como agentes educadores, actuamos garantizando la protecci\u00f3n de la infancia y sus Derechos en todos los aspectos de la vida.","breadcrumb":{"@id":"https:\/\/fundesplai.org\/es\/conoce\/transparencia\/infancia\/proteccion-de-la-infancia\/#breadcrumb"},"inLanguage":"es","potentialAction":[{"@type":"ReadAction","target":["https:\/\/fundesplai.org\/es\/conoce\/transparencia\/infancia\/proteccion-de-la-infancia\/"]}]},{"@type":"ImageObject","inLanguage":"es","@id":"https:\/\/fundesplai.org\/es\/conoce\/transparencia\/infancia\/proteccion-de-la-infancia\/#primaryimage","url":"https:\/\/fundesplai.org\/wp-content\/uploads\/2023\/01\/Proteccio-infancia-Fundesplai.jpg","contentUrl":"https:\/\/fundesplai.org\/wp-content\/uploads\/2023\/01\/Proteccio-infancia-Fundesplai.jpg","width":1888,"height":900},{"@type":"BreadcrumbList","@id":"https:\/\/fundesplai.org\/es\/conoce\/transparencia\/infancia\/proteccion-de-la-infancia\/#breadcrumb","itemListElement":[{"@type":"ListItem","position":1,"name":"Inici","item":"https:\/\/fundesplai.org\/es\/inicio\/"},{"@type":"ListItem","position":2,"name":"Conoce","item":"https:\/\/fundesplai.org\/es\/conoce\/"},{"@type":"ListItem","position":3,"name":"Transparencia","item":"https:\/\/fundesplai.org\/es\/conoce\/transparencia\/"},{"@type":"ListItem","position":4,"name":"Infancia","item":"https:\/\/fundesplai.org\/es\/conoce\/transparencia\/infancia\/"},{"@type":"ListItem","position":5,"name":"Protecci\u00f3n de la infancia"}]},{"@type":"WebSite","@id":"https:\/\/fundesplai.org\/es\/#website","url":"https:\/\/fundesplai.org\/es\/","name":"Fundesplai","description":"Eduquem per la conviv\u00e8ncia i la sostenibilitat","potentialAction":[{"@type":"SearchAction","target":{"@type":"EntryPoint","urlTemplate":"https:\/\/fundesplai.org\/es\/?s={search_term_string}"},"query-input":{"@type":"PropertyValueSpecification","valueRequired":true,"valueName":"search_term_string"}}],"inLanguage":"es"}]}},"_links":{"self":[{"href":"https:\/\/fundesplai.org\/es\/wp-json\/wp\/v2\/pages\/46860","targetHints":{"allow":["GET"]}}],"collection":[{"href":"https:\/\/fundesplai.org\/es\/wp-json\/wp\/v2\/pages"}],"about":[{"href":"https:\/\/fundesplai.org\/es\/wp-json\/wp\/v2\/types\/page"}],"author":[{"embeddable":true,"href":"https:\/\/fundesplai.org\/es\/wp-json\/wp\/v2\/users\/26"}],"replies":[{"embeddable":true,"href":"https:\/\/fundesplai.org\/es\/wp-json\/wp\/v2\/comments?post=46860"}],"version-history":[{"count":19,"href":"https:\/\/fundesplai.org\/es\/wp-json\/wp\/v2\/pages\/46860\/revisions"}],"predecessor-version":[{"id":67043,"href":"https:\/\/fundesplai.org\/es\/wp-json\/wp\/v2\/pages\/46860\/revisions\/67043"}],"up":[{"embeddable":true,"href":"https:\/\/fundesplai.org\/es\/wp-json\/wp\/v2\/pages\/46854"}],"wp:featuredmedia":[{"embeddable":true,"href":"https:\/\/fundesplai.org\/es\/wp-json\/wp\/v2\/media\/46861"}],"wp:attachment":[{"href":"https:\/\/fundesplai.org\/es\/wp-json\/wp\/v2\/media?parent=46860"}],"curies":[{"name":"wp","href":"https:\/\/api.w.org\/{rel}","templated":true}]}}