{"id":46857,"date":"2023-01-31T17:01:48","date_gmt":"2023-01-31T16:01:48","guid":{"rendered":"https:\/\/fundesplai.org\/conoce\/transparencia\/infancia\/principios-pedagogicos\/"},"modified":"2025-04-02T08:12:07","modified_gmt":"2025-04-02T06:12:07","slug":"principios-pedagogicos","status":"publish","type":"page","link":"https:\/\/fundesplai.org\/es\/conoce\/transparencia\/infancia\/principios-pedagogicos\/","title":{"rendered":"Principios pedag\u00f3gicos"},"content":{"rendered":"<p>[et_pb_section fb_built=\u00bb1&#8243; fullwidth=\u00bbon\u00bb admin_label=\u00bbSection\u00bb _builder_version=\u00bb4.16&#8243; _module_preset=\u00bbdefault\u00bb locked=\u00bboff\u00bb collapsed=\u00bboff\u00bb global_colors_info=\u00bb{}\u00bb][et_pb_fullwidth_slider module_id=\u00bbfix-padding\u00bb module_class=\u00bbslider-capcalera slider-text-cta\u00bb _builder_version=\u00bb4.19.0&#8243; _module_preset=\u00bbdefault\u00bb background_enable_image=\u00bboff\u00bb global_colors_info=\u00bb{}\u00bb][et_pb_slide button_link=\u00bbhttps:\/\/escoles.fundesplai.org\/es\/contacta\/\u00bb _builder_version=\u00bb4.19.0&#8243; _module_preset=\u00bbdefault\u00bb background_image=\u00bbhttps:\/\/fundesplai.org\/wp-content\/uploads\/2023\/01\/Principis-pedagogics-Fundesplai.jpg\u00bb background_enable_image=\u00bbon\u00bb global_colors_info=\u00bb{}\u00bb sticky_transition=\u00bbon\u00bb][\/et_pb_slide][\/et_pb_fullwidth_slider][\/et_pb_section][et_pb_section fb_built=\u00bb1&#8243; _builder_version=\u00bb4.17.4&#8243; _module_preset=\u00bbdefault\u00bb locked=\u00bboff\u00bb global_colors_info=\u00bb{}\u00bb][et_pb_row _builder_version=\u00bb4.19.0&#8243; _module_preset=\u00bbdefault\u00bb global_colors_info=\u00bb{}\u00bb][et_pb_column type=\u00bb4_4&#8243; _builder_version=\u00bb4.17.4&#8243; _module_preset=\u00bbdefault\u00bb global_colors_info=\u00bb{}\u00bb][et_pb_post_title _builder_version=\u00bb4.19.0&#8243; _module_preset=\u00bbdefault\u00bb custom_margin=\u00bb30px||||false|false\u00bb global_colors_info=\u00bb{}\u00bb][\/et_pb_post_title][et_pb_text admin_label=\u00bbparagraf intro &#8211; 4 pilars\u00bb _builder_version=\u00bb4.19.0&#8243; _module_preset=\u00bbdefault\u00bb custom_margin=\u00bb||||false|false\u00bb global_colors_info=\u00bb{}\u00bb]<\/p>\n<div class=\"elementToProof\" style=\"text-align: center\">Nuestro modelo de <strong>educaci\u00f3n en el tiempo libre<\/strong> se basa en la educaci\u00f3n para <strong>la convivencia y la sostenibilidad<\/strong>. Estos dos ejes vertebradores, <a href=\"https:\/\/fundesplai.org\/es\/conoce\/mision-y-valores\/\" data-loopstyle=\"link\">nuestros valores y la misi\u00f3n<\/a> definen todas nuestras acciones y proyectos. En paralelo, nuestros <strong>principios pedag\u00f3gicos<\/strong> se organizan en torno a los <strong>4 pilares educativos<\/strong> definidos por Jacques Delors en <a href=\"https:\/\/www.escolanova21.cat\/wp\/wp-content\/uploads\/2019\/11\/UNESCO-Educacio_-hi-ha-un-tresor-amagat-a-dins.pdf\" data-loopstyle=\"link\">el informe que escribi\u00f3 para la UNESCO en 1996<\/a>: aprender a conocer, aprender a convivir, aprender a hacer y aprender a ser.<\/div>\n<p>[\/et_pb_text][\/et_pb_column][\/et_pb_row][et_pb_row _builder_version=\u00bb4.19.0&#8243; _module_preset=\u00bbdefault\u00bb custom_margin=\u00bb20px||||false|false\u00bb global_colors_info=\u00bb{}\u00bb][et_pb_column type=\u00bb4_4&#8243; _builder_version=\u00bb4.19.0&#8243; _module_preset=\u00bbdefault\u00bb global_colors_info=\u00bb{}\u00bb][et_pb_image src=\u00bbhttps:\/\/fundesplai.org\/wp-content\/uploads\/2023\/10\/Codi-etic-castella-3.jpg\u00bb alt=\u00bbCodi \u00e8tic castell\u00e0\u00bb title_text=\u00bbCodi \u00e8tic castell\u00e0\u00bb show_bottom_space=\u00bboff\u00bb align=\u00bbcenter\u00bb admin_label=\u00bbImage &#8211; Els 4 pilars\u00bb _builder_version=\u00bb4.21.0&#8243; _module_preset=\u00bbdefault\u00bb hover_enabled=\u00bb0&#8243; global_colors_info=\u00bb{}\u00bb sticky_enabled=\u00bb0&#8243;][\/et_pb_image][\/et_pb_column][\/et_pb_row][et_pb_row _builder_version=\u00bb4.19.0&#8243; _module_preset=\u00bbdefault\u00bb custom_margin=\u00bb20px||||false|false\u00bb global_colors_info=\u00bb{}\u00bb][et_pb_column type=\u00bb4_4&#8243; _builder_version=\u00bb4.17.4&#8243; _module_preset=\u00bbdefault\u00bb global_colors_info=\u00bb{}\u00bb][et_pb_text admin_label=\u00bbparagraf &#8211; Les 3 A\u00bb _builder_version=\u00bb4.21.0&#8243; _module_preset=\u00bbdefault\u00bb custom_margin=\u00bb||||false|false\u00bb hover_enabled=\u00bb0&#8243; global_colors_info=\u00bb{}\u00bb sticky_enabled=\u00bb0&#8243;]<\/p>\n<div class=\"elementToProof\" style=\"text-align: center\">Y a partir de estos 4 pilares de la educaci\u00f3n, <strong>educamos a lo largo y ancho de la vida<\/strong>, concretando nuestras acciones y programas en las diferentes etapas vitales.<\/div>\n<div class=\"elementToProof\" style=\"text-align: center\">Nuestra pr\u00e1ctica educativa est\u00e1 caracterizada por \u00abLas 3A\u00bb: acogida, acompa\u00f1amiento, y autonom\u00eda personal.<\/div>\n<p>[\/et_pb_text][\/et_pb_column][\/et_pb_row][et_pb_row _builder_version=\u00bb4.19.0&#8243; _module_preset=\u00bbdefault\u00bb custom_margin=\u00bb20px||||false|false\u00bb global_colors_info=\u00bb{}\u00bb][et_pb_column type=\u00bb4_4&#8243; _builder_version=\u00bb4.19.0&#8243; _module_preset=\u00bbdefault\u00bb global_colors_info=\u00bb{}\u00bb][et_pb_image src=\u00bbhttps:\/\/fundesplai.org\/wp-content\/uploads\/2023\/10\/LEs-3-A-Codi-etic-CAST-1.jpg\u00bb alt=\u00bbLEs 3 A educaci\u00f3n Fundesplai\u00bb title_text=\u00bbLEs 3 A Codi \u00e8tic CAST\u00bb align=\u00bbcenter\u00bb admin_label=\u00bbImage &#8211; Les 3A\u00bb _builder_version=\u00bb4.21.0&#8243; _module_preset=\u00bbdefault\u00bb hover_enabled=\u00bb0&#8243; global_colors_info=\u00bb{}\u00bb sticky_enabled=\u00bb0&#8243;][\/et_pb_image][\/et_pb_column][\/et_pb_row][et_pb_row _builder_version=\u00bb4.19.0&#8243; _module_preset=\u00bbdefault\u00bb custom_margin=\u00bb20px||||false|false\u00bb global_colors_info=\u00bb{}\u00bb][et_pb_column type=\u00bb4_4&#8243; _builder_version=\u00bb4.17.4&#8243; _module_preset=\u00bbdefault\u00bb global_colors_info=\u00bb{}\u00bb][et_pb_text admin_label=\u00bbparagraf &#8211; compet\u00e8ncies i habilitats\u00bb _builder_version=\u00bb4.19.0&#8243; _module_preset=\u00bbdefault\u00bb custom_margin=\u00bb||||false|false\u00bb global_colors_info=\u00bb{}\u00bb]<\/p>\n<div style=\"text-align: center\">Hacemos un acompa\u00f1amiento personalizado situando <strong>a los ni\u00f1os, ni\u00f1as y j\u00f3venes en el centro de la acci\u00f3n educativa<\/strong>.<\/div>\n<div class=\"elementToProof\" style=\"text-align: center\">Partimos de la <strong>participaci\u00f3n activa<\/strong>, la diversi\u00f3n y la ilusi\u00f3n y aplicamos diversas metodolog\u00edas como el juego, el aprendizaje y servicio, la coeducaci\u00f3n o la educaci\u00f3n ambiental y emocional con el fin de favorecer el desarrollo de las <strong>competencias transversales<\/strong> y diversas <strong>habilidades personales y colectivas<\/strong>.<\/div>\n<p>[\/et_pb_text][\/et_pb_column][\/et_pb_row][et_pb_row _builder_version=\u00bb4.19.0&#8243; _module_preset=\u00bbdefault\u00bb custom_margin=\u00bb20px||||false|false\u00bb global_colors_info=\u00bb{}\u00bb][et_pb_column type=\u00bb4_4&#8243; _builder_version=\u00bb4.19.0&#8243; _module_preset=\u00bbdefault\u00bb global_colors_info=\u00bb{}\u00bb][et_pb_image src=\u00bbhttps:\/\/fundesplai.org\/wp-content\/uploads\/2023\/10\/Competencies-i-habilitats-personals-i-collectives_CAST.jpg\u00bb alt=\u00bbCompet\u00e8ncies i habilitas castell\u00e0\u00bb title_text=\u00bbCompet\u00e8ncies i habilitas castell\u00e0\u00bb align=\u00bbcenter\u00bb admin_label=\u00bbImage &#8211; Compet\u00e8ncies i habilitats\u00bb _builder_version=\u00bb4.21.0&#8243; _module_preset=\u00bbdefault\u00bb hover_enabled=\u00bb0&#8243; global_colors_info=\u00bb{}\u00bb sticky_enabled=\u00bb0&#8243;][\/et_pb_image][\/et_pb_column][\/et_pb_row][\/et_pb_section][et_pb_section fb_built=\u00bb1&#8243; disabled_on=\u00bboff|off|off\u00bb module_id=\u00bbapectes_tecnics\u00bb _builder_version=\u00bb4.16&#8243; _module_preset=\u00bbdefault\u00bb custom_margin=\u00bb50px||||false|false\u00bb locked=\u00bboff\u00bb collapsed=\u00bboff\u00bb global_colors_info=\u00bb{}\u00bb][et_pb_row _builder_version=\u00bb4.19.0&#8243; _module_preset=\u00bbdefault\u00bb custom_margin=\u00bb40px||||false|false\u00bb global_colors_info=\u00bb{}\u00bb][et_pb_column type=\u00bb4_4&#8243; _builder_version=\u00bb4.19.0&#8243; _module_preset=\u00bbdefault\u00bb global_colors_info=\u00bb{}\u00bb][et_pb_text _builder_version=\u00bb4.19.0&#8243; _module_preset=\u00bbdefault\u00bb global_colors_info=\u00bb{}\u00bb]<\/p>\n<h2 style=\"text-align: center\">Otros aspectos de nuestro modelo educativo<\/h2>\n<p>[\/et_pb_text][\/et_pb_column][\/et_pb_row][et_pb_row column_structure=\u00bb1_2,1_2&#8243; make_equal=\u00bbon\u00bb _builder_version=\u00bb4.16&#8243; _module_preset=\u00bbdefault\u00bb background_color=\u00bb#E9E9E9&#8243; width=\u00bb100%\u00bb max_width=\u00bb100%\u00bb global_colors_info=\u00bb{}\u00bb][et_pb_column type=\u00bb1_2&#8243; _builder_version=\u00bb4.16&#8243; _module_preset=\u00bbdefault\u00bb global_colors_info=\u00bb{}\u00bb][et_pb_text admin_label=\u00bbCompet\u00e8ncies\u00bb _builder_version=\u00bb4.19.0&#8243; _module_preset=\u00bbdefault\u00bb width=\u00bb80%\u00bb module_alignment=\u00bbcenter\u00bb custom_padding=\u00bb30px||30px||false|false\u00bb global_colors_info=\u00bb{}\u00bb]<\/p>\n<h4>Las 7 competencias en el tiempo libre educativo<\/h4>\n<p style=\"text-align: left\"><strong>En las actividades de ocio educativo<\/strong> los ni\u00f1os y j\u00f3venes desarrollan <a href=\"https:\/\/escoles.fundesplai.org\/wp-content\/uploads\/2021\/03\/Competencies-per-a-la-vida-en-el-Lleure-educatiu.pdf\" target=\"_blank\" rel=\"noopener noreferrer\">7 competencias transversales<\/a> (siguiendo el modelo definido por la UNESCO, 2018):<br \/> (1) Aprendizaje a lo largo de la vida, (2) Autogesti\u00f3n, (3) Uso interactivo de herramientas y recursos, (4) Interacci\u00f3n con los dem\u00e1s, (5) Interacci\u00f3n con el mundo, (6) Trans-disciplinaridad, ( 7) Multi-alfabetizaci\u00f3n.<\/p>\n<p>[\/et_pb_text][\/et_pb_column][et_pb_column type=\u00bb1_2&#8243; _builder_version=\u00bb4.16&#8243; _module_preset=\u00bbdefault\u00bb background_color=\u00bb#E9E9E9&#8243; background_image=\u00bbhttps:\/\/fundesplai.org\/wp-content\/uploads\/2021\/07\/Competencies-lleure-educatiu-Fundesplai3.jpg\u00bb global_colors_info=\u00bb{}\u00bb][\/et_pb_column][\/et_pb_row][et_pb_row column_structure=\u00bb1_2,1_2&#8243; make_equal=\u00bbon\u00bb _builder_version=\u00bb4.16&#8243; _module_preset=\u00bbdefault\u00bb background_color=\u00bb#E9E9E9&#8243; width=\u00bb100%\u00bb max_width=\u00bb100%\u00bb global_colors_info=\u00bb{}\u00bb][et_pb_column type=\u00bb1_2&#8243; _builder_version=\u00bb4.16&#8243; _module_preset=\u00bbdefault\u00bb background_color=\u00bb#E9E9E9&#8243; background_image=\u00bbhttps:\/\/fundesplai.org\/wp-content\/uploads\/2022\/06\/ODS_Objectius-Desenvolupament-Sostenible.jpg\u00bb global_colors_info=\u00bb{}\u00bb][\/et_pb_column][et_pb_column type=\u00bb1_2&#8243; _builder_version=\u00bb4.16&#8243; _module_preset=\u00bbdefault\u00bb global_colors_info=\u00bb{}\u00bb][et_pb_text admin_label=\u00bbODS\u00bb _builder_version=\u00bb4.19.0&#8243; _module_preset=\u00bbdefault\u00bb width=\u00bb80%\u00bb module_alignment=\u00bbcenter\u00bb custom_padding=\u00bb30px||30px||false|false\u00bb global_colors_info=\u00bb{}\u00bb]<\/p>\n<h4>Educamos para los ODS<\/h4>\n<p>Desde Fundesplai <a href=\"https:\/\/fundesplai.org\/es\/conoce\/transparencia\/fundesplai-con-los-ods\/\">contribuimos a conseguir los ODS<\/a> (Objetivos del Desarrollo Sostenible) con todas nuestras acciones y proyectos. Desde nuestra labor educativa en esplais, escuelas y casas de colonias, hasta la formaci\u00f3n, el acompa\u00f1amiento a las entidades y la apuesta por la sostenibilidad y la convivencia. <\/p>\n<blockquote>\n<p><a href=\"https:\/\/fundesplai.org\/es\/conoce\/transparencia\/fundesplai-con-los-ods\/\">Fundesplai con los ODS<\/a><\/p>\n<\/blockquote>\n<p>[\/et_pb_text][\/et_pb_column][\/et_pb_row][et_pb_row column_structure=\u00bb1_2,1_2&#8243; make_equal=\u00bbon\u00bb _builder_version=\u00bb4.21.0&#8243; _module_preset=\u00bbdefault\u00bb background_color=\u00bb#E9E9E9&#8243; width=\u00bb100%\u00bb max_width=\u00bb100%\u00bb global_colors_info=\u00bb{}\u00bb][et_pb_column type=\u00bb1_2&#8243; _builder_version=\u00bb4.16&#8243; _module_preset=\u00bbdefault\u00bb background_enable_color=\u00bboff\u00bb background_enable_image=\u00bboff\u00bb global_colors_info=\u00bb{}\u00bb][et_pb_text admin_label=\u00bbPropostes educatives\u00bb _builder_version=\u00bb4.19.0&#8243; _module_preset=\u00bbdefault\u00bb width=\u00bb80%\u00bb module_alignment=\u00bbcenter\u00bb custom_padding=\u00bb30px||30px||false|false\u00bb global_colors_info=\u00bb{}\u00bb]<\/p>\n<h4>Propuestas educativas tem\u00e1ticas<\/h4>\n<p>Desarrollamos <a href=\"https:\/\/fundesplai.org\/es\/recursos\/propuestas-educativas\/\">propuestas educativas<\/a> bianuales en escuelas y esplais que profundizan en ejes tem\u00e1ticos concretos.<br \/> Las m\u00e1s recientes son:<\/p>\n<blockquote>\n<p><a href=\"https:\/\/projectes.fundesplai.org\/mcm\/\">Menjar Canvia el M\u00f3n<\/a> (2021-23) para la alimentaci\u00f3n saludable y sostenible<\/p>\n<p><a href=\"https:\/\/projectes.fundesplai.org\/nusos\/\" target=\"_blank\" rel=\"noopener noreferrer\">nuSOS<\/a> (2019-21) por la ciudadan\u00eda global<\/p>\n<p><a href=\"https:\/\/projectes.fundesplai.org\/encoratjat\/\" target=\"_blank\" rel=\"noopener noreferrer\">Encoratja&#8217;t<\/a> (2017-19) por la igualdad de g\u00e9nero y la violencia cero<\/p>\n<\/blockquote>\n<p>[\/et_pb_text][\/et_pb_column][et_pb_column type=\u00bb1_2&#8243; _builder_version=\u00bb4.21.0&#8243; _module_preset=\u00bbdefault\u00bb background_image=\u00bbhttps:\/\/fundesplai.org\/wp-content\/uploads\/2021\/07\/Propostes-educatives-Fundesplai-800&#215;471-1.jpg\u00bb global_colors_info=\u00bb{}\u00bb][\/et_pb_column][\/et_pb_row][et_pb_row column_structure=\u00bb1_2,1_2&#8243; make_equal=\u00bbon\u00bb _builder_version=\u00bb4.21.0&#8243; _module_preset=\u00bbdefault\u00bb background_color=\u00bb#E9E9E9&#8243; width=\u00bb100%\u00bb max_width=\u00bb100%\u00bb global_colors_info=\u00bb{}\u00bb][et_pb_column type=\u00bb1_2&#8243; _builder_version=\u00bb4.21.0&#8243; _module_preset=\u00bbdefault\u00bb background_color=\u00bb#E9E9E9&#8243; background_image=\u00bbhttps:\/\/fundesplai.org\/wp-content\/uploads\/2025\/04\/Manifest-pantalles.jpg\u00bb global_colors_info=\u00bb{}\u00bb][\/et_pb_column][et_pb_column type=\u00bb1_2&#8243; _builder_version=\u00bb4.16&#8243; _module_preset=\u00bbdefault\u00bb global_colors_info=\u00bb{}\u00bb][et_pb_text admin_label=\u00bbManifest\u00bb _builder_version=\u00bb4.21.0&#8243; _module_preset=\u00bbdefault\u00bb width=\u00bb80%\u00bb module_alignment=\u00bbcenter\u00bb custom_padding=\u00bb30px||30px||false|false\u00bb global_colors_info=\u00bb{}\u00bb]<\/p>\n<h4>Manifiesto del uso de las tecnolog\u00edas digitales en el ocio educativo<\/h4>\n<p>Desde Fundesplai queremos ir hacia un <strong>uso consciente y responsable de las tecnolog\u00edas digitales en el ocio educativo<\/strong> , por este motivo, hemos creado un manifiesto en el que se recogen aquellos principios que creemos b\u00e1sicos para su uso consciente, basado en el equilibrio, la corresponsabilidad y la humanizaci\u00f3n.<\/p>\n<blockquote>\n<p><a href=\"https:\/\/fundesplai.org\/wp-content\/uploads\/2025\/04\/Manifest-us-pantalles_Fundesplai.pdf\">Manifiesto del uso de las tecnolog\u00edas digitales en el ocio educativo<\/a><\/p>\n<\/blockquote>\n<p>[\/et_pb_text][\/et_pb_column][\/et_pb_row][et_pb_row _builder_version=\u00bb4.19.0&#8243; _module_preset=\u00bbdefault\u00bb custom_margin=\u00bb40px||||false|false\u00bb global_colors_info=\u00bb{}\u00bb][et_pb_column type=\u00bb4_4&#8243; _builder_version=\u00bb4.19.0&#8243; _module_preset=\u00bbdefault\u00bb global_colors_info=\u00bb{}\u00bb][et_pb_button button_text=\u00bbNuestros compromisos con la infancia\u00bb button_alignment=\u00bbcenter\u00bb _builder_version=\u00bb4.19.0&#8243; _module_preset=\u00bbdefault\u00bb global_colors_info=\u00bb{}\u00bb][\/et_pb_button][\/et_pb_column][\/et_pb_row][\/et_pb_section]<\/p>\n","protected":false},"excerpt":{"rendered":"<p>Nuestros principios pedag\u00f3gicos se organizan en 4 pilares educativos definidos por Jacques Delors en el informe por UNESCO de 1996.<\/p>\n","protected":false},"author":3,"featured_media":0,"parent":46854,"menu_order":0,"comment_status":"closed","ping_status":"closed","template":"","meta":{"_et_pb_use_builder":"on","_et_pb_old_content":"","_et_gb_content_width":"","footnotes":""},"class_list":["post-46857","page","type-page","status-publish","hentry"],"yoast_head":"<!-- This site is optimized with the Yoast SEO plugin v27.3 - https:\/\/yoast.com\/product\/yoast-seo-wordpress\/ -->\n<title>Principios pedag\u00f3gicos - Fundesplai<\/title>\n<meta name=\"description\" content=\"Nuestros principios pedag\u00f3gicos se organizan en 4 pilares educativos definidos por Jacques Delors en el informe por UNESCO de 1996.\" \/>\n<meta name=\"robots\" content=\"index, follow, max-snippet:-1, max-image-preview:large, max-video-preview:-1\" \/>\n<link rel=\"canonical\" href=\"https:\/\/fundesplai.org\/es\/conoce\/transparencia\/infancia\/principios-pedagogicos\/\" \/>\n<meta property=\"og:locale\" content=\"es_ES\" \/>\n<meta property=\"og:type\" content=\"article\" \/>\n<meta property=\"og:title\" content=\"Principios pedag\u00f3gicos - Fundesplai\" \/>\n<meta property=\"og:description\" content=\"Nuestros principios pedag\u00f3gicos se organizan en 4 pilares educativos definidos por Jacques Delors en el informe por UNESCO de 1996.\" \/>\n<meta property=\"og:url\" content=\"https:\/\/fundesplai.org\/es\/conoce\/transparencia\/infancia\/principios-pedagogicos\/\" \/>\n<meta property=\"og:site_name\" content=\"Fundesplai\" \/>\n<meta property=\"article:modified_time\" content=\"2025-04-02T06:12:07+00:00\" \/>\n<meta name=\"twitter:card\" content=\"summary_large_image\" \/>\n<meta name=\"twitter:label1\" content=\"Tiempo de lectura\" \/>\n\t<meta name=\"twitter:data1\" content=\"3 minutos\" \/>\n<script type=\"application\/ld+json\" class=\"yoast-schema-graph\">{\"@context\":\"https:\\\/\\\/schema.org\",\"@graph\":[{\"@type\":\"WebPage\",\"@id\":\"https:\\\/\\\/fundesplai.org\\\/es\\\/conoce\\\/transparencia\\\/infancia\\\/principios-pedagogicos\\\/\",\"url\":\"https:\\\/\\\/fundesplai.org\\\/es\\\/conoce\\\/transparencia\\\/infancia\\\/principios-pedagogicos\\\/\",\"name\":\"Principios pedag\u00f3gicos - Fundesplai\",\"isPartOf\":{\"@id\":\"https:\\\/\\\/fundesplai.org\\\/es\\\/#website\"},\"datePublished\":\"2023-01-31T16:01:48+00:00\",\"dateModified\":\"2025-04-02T06:12:07+00:00\",\"description\":\"Nuestros principios pedag\u00f3gicos se organizan en 4 pilares educativos definidos por Jacques Delors en el informe por UNESCO de 1996.\",\"breadcrumb\":{\"@id\":\"https:\\\/\\\/fundesplai.org\\\/es\\\/conoce\\\/transparencia\\\/infancia\\\/principios-pedagogicos\\\/#breadcrumb\"},\"inLanguage\":\"es\",\"potentialAction\":[{\"@type\":\"ReadAction\",\"target\":[\"https:\\\/\\\/fundesplai.org\\\/es\\\/conoce\\\/transparencia\\\/infancia\\\/principios-pedagogicos\\\/\"]}]},{\"@type\":\"BreadcrumbList\",\"@id\":\"https:\\\/\\\/fundesplai.org\\\/es\\\/conoce\\\/transparencia\\\/infancia\\\/principios-pedagogicos\\\/#breadcrumb\",\"itemListElement\":[{\"@type\":\"ListItem\",\"position\":1,\"name\":\"Inici\",\"item\":\"https:\\\/\\\/fundesplai.org\\\/es\\\/inicio\\\/\"},{\"@type\":\"ListItem\",\"position\":2,\"name\":\"Conoce\",\"item\":\"https:\\\/\\\/fundesplai.org\\\/es\\\/conoce\\\/\"},{\"@type\":\"ListItem\",\"position\":3,\"name\":\"Transparencia\",\"item\":\"https:\\\/\\\/fundesplai.org\\\/es\\\/conoce\\\/transparencia\\\/\"},{\"@type\":\"ListItem\",\"position\":4,\"name\":\"Infancia\",\"item\":\"https:\\\/\\\/fundesplai.org\\\/es\\\/conoce\\\/transparencia\\\/infancia\\\/\"},{\"@type\":\"ListItem\",\"position\":5,\"name\":\"Principios pedag\u00f3gicos\"}]},{\"@type\":\"WebSite\",\"@id\":\"https:\\\/\\\/fundesplai.org\\\/es\\\/#website\",\"url\":\"https:\\\/\\\/fundesplai.org\\\/es\\\/\",\"name\":\"Fundesplai\",\"description\":\"Eduquem per la conviv\u00e8ncia i la sostenibilitat\",\"potentialAction\":[{\"@type\":\"SearchAction\",\"target\":{\"@type\":\"EntryPoint\",\"urlTemplate\":\"https:\\\/\\\/fundesplai.org\\\/es\\\/?s={search_term_string}\"},\"query-input\":{\"@type\":\"PropertyValueSpecification\",\"valueRequired\":true,\"valueName\":\"search_term_string\"}}],\"inLanguage\":\"es\"}]}<\/script>\n<!-- \/ Yoast SEO plugin. -->","yoast_head_json":{"title":"Principios pedag\u00f3gicos - Fundesplai","description":"Nuestros principios pedag\u00f3gicos se organizan en 4 pilares educativos definidos por Jacques Delors en el informe por UNESCO de 1996.","robots":{"index":"index","follow":"follow","max-snippet":"max-snippet:-1","max-image-preview":"max-image-preview:large","max-video-preview":"max-video-preview:-1"},"canonical":"https:\/\/fundesplai.org\/es\/conoce\/transparencia\/infancia\/principios-pedagogicos\/","og_locale":"es_ES","og_type":"article","og_title":"Principios pedag\u00f3gicos - Fundesplai","og_description":"Nuestros principios pedag\u00f3gicos se organizan en 4 pilares educativos definidos por Jacques Delors en el informe por UNESCO de 1996.","og_url":"https:\/\/fundesplai.org\/es\/conoce\/transparencia\/infancia\/principios-pedagogicos\/","og_site_name":"Fundesplai","article_modified_time":"2025-04-02T06:12:07+00:00","twitter_card":"summary_large_image","twitter_misc":{"Tiempo de lectura":"3 minutos"},"schema":{"@context":"https:\/\/schema.org","@graph":[{"@type":"WebPage","@id":"https:\/\/fundesplai.org\/es\/conoce\/transparencia\/infancia\/principios-pedagogicos\/","url":"https:\/\/fundesplai.org\/es\/conoce\/transparencia\/infancia\/principios-pedagogicos\/","name":"Principios pedag\u00f3gicos - Fundesplai","isPartOf":{"@id":"https:\/\/fundesplai.org\/es\/#website"},"datePublished":"2023-01-31T16:01:48+00:00","dateModified":"2025-04-02T06:12:07+00:00","description":"Nuestros principios pedag\u00f3gicos se organizan en 4 pilares educativos definidos por Jacques Delors en el informe por UNESCO de 1996.","breadcrumb":{"@id":"https:\/\/fundesplai.org\/es\/conoce\/transparencia\/infancia\/principios-pedagogicos\/#breadcrumb"},"inLanguage":"es","potentialAction":[{"@type":"ReadAction","target":["https:\/\/fundesplai.org\/es\/conoce\/transparencia\/infancia\/principios-pedagogicos\/"]}]},{"@type":"BreadcrumbList","@id":"https:\/\/fundesplai.org\/es\/conoce\/transparencia\/infancia\/principios-pedagogicos\/#breadcrumb","itemListElement":[{"@type":"ListItem","position":1,"name":"Inici","item":"https:\/\/fundesplai.org\/es\/inicio\/"},{"@type":"ListItem","position":2,"name":"Conoce","item":"https:\/\/fundesplai.org\/es\/conoce\/"},{"@type":"ListItem","position":3,"name":"Transparencia","item":"https:\/\/fundesplai.org\/es\/conoce\/transparencia\/"},{"@type":"ListItem","position":4,"name":"Infancia","item":"https:\/\/fundesplai.org\/es\/conoce\/transparencia\/infancia\/"},{"@type":"ListItem","position":5,"name":"Principios pedag\u00f3gicos"}]},{"@type":"WebSite","@id":"https:\/\/fundesplai.org\/es\/#website","url":"https:\/\/fundesplai.org\/es\/","name":"Fundesplai","description":"Eduquem per la conviv\u00e8ncia i la sostenibilitat","potentialAction":[{"@type":"SearchAction","target":{"@type":"EntryPoint","urlTemplate":"https:\/\/fundesplai.org\/es\/?s={search_term_string}"},"query-input":{"@type":"PropertyValueSpecification","valueRequired":true,"valueName":"search_term_string"}}],"inLanguage":"es"}]}},"_links":{"self":[{"href":"https:\/\/fundesplai.org\/es\/wp-json\/wp\/v2\/pages\/46857","targetHints":{"allow":["GET"]}}],"collection":[{"href":"https:\/\/fundesplai.org\/es\/wp-json\/wp\/v2\/pages"}],"about":[{"href":"https:\/\/fundesplai.org\/es\/wp-json\/wp\/v2\/types\/page"}],"author":[{"embeddable":true,"href":"https:\/\/fundesplai.org\/es\/wp-json\/wp\/v2\/users\/3"}],"replies":[{"embeddable":true,"href":"https:\/\/fundesplai.org\/es\/wp-json\/wp\/v2\/comments?post=46857"}],"version-history":[{"count":24,"href":"https:\/\/fundesplai.org\/es\/wp-json\/wp\/v2\/pages\/46857\/revisions"}],"predecessor-version":[{"id":73171,"href":"https:\/\/fundesplai.org\/es\/wp-json\/wp\/v2\/pages\/46857\/revisions\/73171"}],"up":[{"embeddable":true,"href":"https:\/\/fundesplai.org\/es\/wp-json\/wp\/v2\/pages\/46854"}],"wp:attachment":[{"href":"https:\/\/fundesplai.org\/es\/wp-json\/wp\/v2\/media?parent=46857"}],"curies":[{"name":"wp","href":"https:\/\/api.w.org\/{rel}","templated":true}]}}