{"id":46854,"date":"2023-01-31T17:10:12","date_gmt":"2023-01-31T16:10:12","guid":{"rendered":"https:\/\/fundesplai.org\/conoce\/transparencia\/infancia\/"},"modified":"2024-09-16T09:46:19","modified_gmt":"2024-09-16T07:46:19","slug":"infancia","status":"publish","type":"page","link":"https:\/\/fundesplai.org\/es\/conoce\/transparencia\/infancia\/","title":{"rendered":"Infancia"},"content":{"rendered":"<p>[et_pb_section fb_built=\u00bb1&#8243; _builder_version=\u00bb4.16&#8243; locked=\u00bboff\u00bb collapsed=\u00bboff\u00bb global_colors_info=\u00bb{}\u00bb][et_pb_row _builder_version=\u00bb4.16&#8243; background_size=\u00bbinitial\u00bb background_position=\u00bbtop_left\u00bb background_repeat=\u00bbrepeat\u00bb global_colors_info=\u00bb{}\u00bb][et_pb_column type=\u00bb4_4&#8243; _builder_version=\u00bb4.16&#8243; custom_padding=\u00bb|||\u00bb global_colors_info=\u00bb{}\u00bb custom_padding__hover=\u00bb|||\u00bb][et_pb_post_title meta=\u00bboff\u00bb featured_image=\u00bboff\u00bb admin_label=\u00bbT\u00edtol p\u00e0gina\u00bb _builder_version=\u00bb4.17.4&#8243; global_colors_info=\u00bb{}\u00bb][\/et_pb_post_title][\/et_pb_column][\/et_pb_row][et_pb_row _builder_version=\u00bb4.19.0&#8243; _module_preset=\u00bbdefault\u00bb global_colors_info=\u00bb{}\u00bb][et_pb_column type=\u00bb4_4&#8243; _builder_version=\u00bb4.19.0&#8243; _module_preset=\u00bbdefault\u00bb global_colors_info=\u00bb{}\u00bb][et_pb_text _builder_version=\u00bb4.19.0&#8243; _module_preset=\u00bbdefault\u00bb global_colors_info=\u00bb{}\u00bb]<\/p>\n<p style=\"text-align: center\">Nuestro <strong>compromiso con la infancia<\/strong> ha sido nuestro motor desde hace <a href=\"https:\/\/fundesplai.org\/es\/conoce\/nuestra-historia\/\">m\u00e1s de 50 a\u00f1os<\/a> y lo tenemos presente en todos los proyectos y acciones. Eduquemos a los ni\u00f1os, ni\u00f1as y j\u00f3venes bajo las bases de la educaci\u00f3n en el ocio, nuestros<strong> principios pedag\u00f3gicos<\/strong> y nuestros <a href=\"https:\/\/fundesplai.org\/es\/conoce\/mision-y-valores\/\">valores<\/a>. Eduquemos para <strong>la convivencia y la sostenibilidad<\/strong> con la voluntad de transformar la sociedad para hacer un mundo mejor. Tenemos especial cuidado en la <strong>protecci\u00f3n de la infancia <\/strong>con diversos protocolos de prevenci\u00f3n y ponemos el foco en la <strong>equidad e igualdad de oportunidades<\/strong>.<\/p>\n<p>[\/et_pb_text][\/et_pb_column][\/et_pb_row][et_pb_row module_class=\u00bb et_pb_row_fullwidth\u00bb _builder_version=\u00bb4.19.0&#8243; width=\u00bb100%\u00bb width_tablet=\u00bb100%\u00bb width_phone=\u00bb\u00bb width_last_edited=\u00bbon|desktop\u00bb max_width=\u00bb100%\u00bb max_width_tablet=\u00bb100%\u00bb max_width_phone=\u00bb\u00bb max_width_last_edited=\u00bbon|desktop\u00bb custom_margin=\u00bb30px||||false|false\u00bb make_fullwidth=\u00bbon\u00bb global_colors_info=\u00bb{}\u00bb][et_pb_column type=\u00bb4_4&#8243; _builder_version=\u00bb4.16&#8243; custom_padding=\u00bb|||\u00bb global_colors_info=\u00bb{}\u00bb custom_padding__hover=\u00bb|||\u00bb][et_pb_code _builder_version=\u00bb4.19.0&#8243; z_index_tablet=\u00bb500&#8243; global_colors_info=\u00bb{}\u00bb]<div class='graella-distribuidora'>\n\t\t\t\t<a class='graella-distribuidora-item' href='https:\/\/fundesplai.org\/es\/conoce\/transparencia\/infancia\/proteccion-de-la-infancia\/'>\n\t\t\t\t\t<img class='graella-distribuidora-thumbnail' src='https:\/\/fundesplai.org\/wp-content\/uploads\/2023\/01\/Proteccio-infancia-Fundesplai-150x150.jpg' \/>\n\t\t\t\t\t<h3 class='graella-distribuidora-title'>\n\t\t\t\t\t\tProtecci\u00f3n de la infancia\n\t\t\t\t\t<\/h3>\n\t\t\t\t\t<span class='graella-distribuidora-boto'><i class='fas fa-plus'><\/i><\/span>\n\t\t\t\t<\/a>\n\t\t\t\n\t\t\t\t<a class='graella-distribuidora-item' href='https:\/\/fundesplai.org\/es\/conoce\/transparencia\/infancia\/principios-pedagogicos\/'>\n\t\t\t\t\t<img class='graella-distribuidora-thumbnail' src='https:\/\/cdn.fundesplai.org\/plantilla\/img\/no-thumb.png' \/>\n\t\t\t\t\t<h3 class='graella-distribuidora-title'>\n\t\t\t\t\t\tPrincipios pedag\u00f3gicos\n\t\t\t\t\t<\/h3>\n\t\t\t\t\t<span class='graella-distribuidora-boto'><i class='fas fa-plus'><\/i><\/span>\n\t\t\t\t<\/a>\n\t\t\t\n\t\t\t\t<a class='graella-distribuidora-item' href='https:\/\/fundesplai.org\/es\/derechos-de-los-ninos-as\/'>\n\t\t\t\t\t<img class='graella-distribuidora-thumbnail' src='https:\/\/fundesplai.org\/wp-content\/uploads\/2022\/08\/Drets-dels-Infants-Fundesplai-150x150.jpg' \/>\n\t\t\t\t\t<h3 class='graella-distribuidora-title'>\n\t\t\t\t\t\tDerechos de la Infancia\n\t\t\t\t\t<\/h3>\n\t\t\t\t\t<span class='graella-distribuidora-boto'><i class='fas fa-plus'><\/i><\/span>\n\t\t\t\t<\/a>\n\t\t\t\n\t\t\t\t<a class='graella-distribuidora-item' href='https:\/\/fundesplai.org\/es\/conoce\/transparencia\/igualdad-de-oportunidades\/'>\n\t\t\t\t\t<img class='graella-distribuidora-thumbnail' src='https:\/\/cdn.fundesplai.org\/plantilla\/img\/no-thumb.png' \/>\n\t\t\t\t\t<h3 class='graella-distribuidora-title'>\n\t\t\t\t\t\tIgualdad de oportunidades\n\t\t\t\t\t<\/h3>\n\t\t\t\t\t<span class='graella-distribuidora-boto'><i class='fas fa-plus'><\/i><\/span>\n\t\t\t\t<\/a>\n\t\t\t<\/div>[\/et_pb_code][\/et_pb_column][\/et_pb_row][et_pb_row _builder_version=\u00bb4.19.0&#8243; _module_preset=\u00bbdefault\u00bb custom_margin=\u00bb40px||||false|false\u00bb global_colors_info=\u00bb{}\u00bb][et_pb_column type=\u00bb4_4&#8243; _builder_version=\u00bb4.19.0&#8243; _module_preset=\u00bbdefault\u00bb global_colors_info=\u00bb{}\u00bb][et_pb_button button_url=\u00bbhttps:\/\/fundesplai.org\/es\/proyectos-y-servicios\/\u00bb button_text=\u00bb\u00bfEst\u00e1s buscando uno de nuestros servicios o proyectos con ni\u00f1os y ni\u00f1as?\u00bb button_alignment=\u00bbcenter\u00bb _builder_version=\u00bb4.19.0&#8243; _module_preset=\u00bbdefault\u00bb global_colors_info=\u00bb{}\u00bb][\/et_pb_button][\/et_pb_column][\/et_pb_row][\/et_pb_section]<\/p>\n","protected":false},"excerpt":{"rendered":"<p>Nuestro compromiso con la infancia ha sido nuestro motor desde hace m\u00e1s de 50 a\u00f1os y lo tenemos presente en todos los proyectos y acciones. <\/p>\n","protected":false},"author":3,"featured_media":0,"parent":46765,"menu_order":0,"comment_status":"closed","ping_status":"closed","template":"","meta":{"_et_pb_use_builder":"on","_et_pb_old_content":"","_et_gb_content_width":"","footnotes":""},"class_list":["post-46854","page","type-page","status-publish","hentry"],"yoast_head":"<!-- This site is optimized with the Yoast SEO plugin v27.4 - https:\/\/yoast.com\/product\/yoast-seo-wordpress\/ -->\n<title>Infancia - Fundesplai<\/title>\n<meta name=\"description\" content=\"Nuestro compromiso con la infancia ha sido nuestro motor desde hace m\u00e1s de 50 a\u00f1os y lo tenemos presente en todos los proyectos y acciones.\" \/>\n<meta name=\"robots\" content=\"index, follow, max-snippet:-1, max-image-preview:large, max-video-preview:-1\" \/>\n<link rel=\"canonical\" href=\"https:\/\/fundesplai.org\/es\/conoce\/transparencia\/infancia\/\" \/>\n<meta property=\"og:locale\" content=\"es_ES\" \/>\n<meta property=\"og:type\" content=\"article\" \/>\n<meta property=\"og:title\" content=\"Infancia - Fundesplai\" \/>\n<meta property=\"og:description\" content=\"Nuestro compromiso con la infancia ha sido nuestro motor desde hace m\u00e1s de 50 a\u00f1os y lo tenemos presente en todos los proyectos y acciones.\" \/>\n<meta property=\"og:url\" content=\"https:\/\/fundesplai.org\/es\/conoce\/transparencia\/infancia\/\" \/>\n<meta property=\"og:site_name\" content=\"Fundesplai\" \/>\n<meta property=\"article:modified_time\" content=\"2024-09-16T07:46:19+00:00\" \/>\n<meta name=\"twitter:card\" content=\"summary_large_image\" \/>\n<meta name=\"twitter:label1\" content=\"Tiempo de lectura\" \/>\n\t<meta name=\"twitter:data1\" content=\"2 minutos\" \/>\n<script type=\"application\/ld+json\" class=\"yoast-schema-graph\">{\"@context\":\"https:\\\/\\\/schema.org\",\"@graph\":[{\"@type\":\"WebPage\",\"@id\":\"https:\\\/\\\/fundesplai.org\\\/es\\\/conoce\\\/transparencia\\\/infancia\\\/\",\"url\":\"https:\\\/\\\/fundesplai.org\\\/es\\\/conoce\\\/transparencia\\\/infancia\\\/\",\"name\":\"Infancia - Fundesplai\",\"isPartOf\":{\"@id\":\"https:\\\/\\\/fundesplai.org\\\/es\\\/#website\"},\"datePublished\":\"2023-01-31T16:10:12+00:00\",\"dateModified\":\"2024-09-16T07:46:19+00:00\",\"description\":\"Nuestro compromiso con la infancia ha sido nuestro motor desde hace m\u00e1s de 50 a\u00f1os y lo tenemos presente en todos los proyectos y acciones.\",\"breadcrumb\":{\"@id\":\"https:\\\/\\\/fundesplai.org\\\/es\\\/conoce\\\/transparencia\\\/infancia\\\/#breadcrumb\"},\"inLanguage\":\"es\",\"potentialAction\":[{\"@type\":\"ReadAction\",\"target\":[\"https:\\\/\\\/fundesplai.org\\\/es\\\/conoce\\\/transparencia\\\/infancia\\\/\"]}]},{\"@type\":\"BreadcrumbList\",\"@id\":\"https:\\\/\\\/fundesplai.org\\\/es\\\/conoce\\\/transparencia\\\/infancia\\\/#breadcrumb\",\"itemListElement\":[{\"@type\":\"ListItem\",\"position\":1,\"name\":\"Inici\",\"item\":\"https:\\\/\\\/fundesplai.org\\\/es\\\/inicio\\\/\"},{\"@type\":\"ListItem\",\"position\":2,\"name\":\"Conoce\",\"item\":\"https:\\\/\\\/fundesplai.org\\\/es\\\/conoce\\\/\"},{\"@type\":\"ListItem\",\"position\":3,\"name\":\"Transparencia\",\"item\":\"https:\\\/\\\/fundesplai.org\\\/es\\\/conoce\\\/transparencia\\\/\"},{\"@type\":\"ListItem\",\"position\":4,\"name\":\"Infancia\"}]},{\"@type\":\"WebSite\",\"@id\":\"https:\\\/\\\/fundesplai.org\\\/es\\\/#website\",\"url\":\"https:\\\/\\\/fundesplai.org\\\/es\\\/\",\"name\":\"Fundesplai\",\"description\":\"Eduquem per la conviv\u00e8ncia i la sostenibilitat\",\"potentialAction\":[{\"@type\":\"SearchAction\",\"target\":{\"@type\":\"EntryPoint\",\"urlTemplate\":\"https:\\\/\\\/fundesplai.org\\\/es\\\/?s={search_term_string}\"},\"query-input\":{\"@type\":\"PropertyValueSpecification\",\"valueRequired\":true,\"valueName\":\"search_term_string\"}}],\"inLanguage\":\"es\"}]}<\/script>\n<!-- \/ Yoast SEO plugin. -->","yoast_head_json":{"title":"Infancia - Fundesplai","description":"Nuestro compromiso con la infancia ha sido nuestro motor desde hace m\u00e1s de 50 a\u00f1os y lo tenemos presente en todos los proyectos y acciones.","robots":{"index":"index","follow":"follow","max-snippet":"max-snippet:-1","max-image-preview":"max-image-preview:large","max-video-preview":"max-video-preview:-1"},"canonical":"https:\/\/fundesplai.org\/es\/conoce\/transparencia\/infancia\/","og_locale":"es_ES","og_type":"article","og_title":"Infancia - Fundesplai","og_description":"Nuestro compromiso con la infancia ha sido nuestro motor desde hace m\u00e1s de 50 a\u00f1os y lo tenemos presente en todos los proyectos y acciones.","og_url":"https:\/\/fundesplai.org\/es\/conoce\/transparencia\/infancia\/","og_site_name":"Fundesplai","article_modified_time":"2024-09-16T07:46:19+00:00","twitter_card":"summary_large_image","twitter_misc":{"Tiempo de lectura":"2 minutos"},"schema":{"@context":"https:\/\/schema.org","@graph":[{"@type":"WebPage","@id":"https:\/\/fundesplai.org\/es\/conoce\/transparencia\/infancia\/","url":"https:\/\/fundesplai.org\/es\/conoce\/transparencia\/infancia\/","name":"Infancia - Fundesplai","isPartOf":{"@id":"https:\/\/fundesplai.org\/es\/#website"},"datePublished":"2023-01-31T16:10:12+00:00","dateModified":"2024-09-16T07:46:19+00:00","description":"Nuestro compromiso con la infancia ha sido nuestro motor desde hace m\u00e1s de 50 a\u00f1os y lo tenemos presente en todos los proyectos y acciones.","breadcrumb":{"@id":"https:\/\/fundesplai.org\/es\/conoce\/transparencia\/infancia\/#breadcrumb"},"inLanguage":"es","potentialAction":[{"@type":"ReadAction","target":["https:\/\/fundesplai.org\/es\/conoce\/transparencia\/infancia\/"]}]},{"@type":"BreadcrumbList","@id":"https:\/\/fundesplai.org\/es\/conoce\/transparencia\/infancia\/#breadcrumb","itemListElement":[{"@type":"ListItem","position":1,"name":"Inici","item":"https:\/\/fundesplai.org\/es\/inicio\/"},{"@type":"ListItem","position":2,"name":"Conoce","item":"https:\/\/fundesplai.org\/es\/conoce\/"},{"@type":"ListItem","position":3,"name":"Transparencia","item":"https:\/\/fundesplai.org\/es\/conoce\/transparencia\/"},{"@type":"ListItem","position":4,"name":"Infancia"}]},{"@type":"WebSite","@id":"https:\/\/fundesplai.org\/es\/#website","url":"https:\/\/fundesplai.org\/es\/","name":"Fundesplai","description":"Eduquem per la conviv\u00e8ncia i la sostenibilitat","potentialAction":[{"@type":"SearchAction","target":{"@type":"EntryPoint","urlTemplate":"https:\/\/fundesplai.org\/es\/?s={search_term_string}"},"query-input":{"@type":"PropertyValueSpecification","valueRequired":true,"valueName":"search_term_string"}}],"inLanguage":"es"}]}},"_links":{"self":[{"href":"https:\/\/fundesplai.org\/es\/wp-json\/wp\/v2\/pages\/46854","targetHints":{"allow":["GET"]}}],"collection":[{"href":"https:\/\/fundesplai.org\/es\/wp-json\/wp\/v2\/pages"}],"about":[{"href":"https:\/\/fundesplai.org\/es\/wp-json\/wp\/v2\/types\/page"}],"author":[{"embeddable":true,"href":"https:\/\/fundesplai.org\/es\/wp-json\/wp\/v2\/users\/3"}],"replies":[{"embeddable":true,"href":"https:\/\/fundesplai.org\/es\/wp-json\/wp\/v2\/comments?post=46854"}],"version-history":[{"count":20,"href":"https:\/\/fundesplai.org\/es\/wp-json\/wp\/v2\/pages\/46854\/revisions"}],"predecessor-version":[{"id":67755,"href":"https:\/\/fundesplai.org\/es\/wp-json\/wp\/v2\/pages\/46854\/revisions\/67755"}],"up":[{"embeddable":true,"href":"https:\/\/fundesplai.org\/es\/wp-json\/wp\/v2\/pages\/46765"}],"wp:attachment":[{"href":"https:\/\/fundesplai.org\/es\/wp-json\/wp\/v2\/media?parent=46854"}],"curies":[{"name":"wp","href":"https:\/\/api.w.org\/{rel}","templated":true}]}}