{"id":46850,"date":"2023-01-31T22:23:04","date_gmt":"2023-01-31T21:23:04","guid":{"rendered":"https:\/\/fundesplai.org\/conoce\/transparencia\/igualdad-de-oportunidades\/"},"modified":"2025-09-02T12:43:41","modified_gmt":"2025-09-02T10:43:41","slug":"igualdad-de-oportunidades","status":"publish","type":"page","link":"https:\/\/fundesplai.org\/es\/conoce\/transparencia\/igualdad-de-oportunidades\/","title":{"rendered":"Igualdad de oportunidades"},"content":{"rendered":"<p>[et_pb_section fb_built=\u00bb1&#8243; fullwidth=\u00bbon\u00bb admin_label=\u00bbSection\u00bb _builder_version=\u00bb4.16&#8243; _module_preset=\u00bbdefault\u00bb locked=\u00bboff\u00bb collapsed=\u00bboff\u00bb global_colors_info=\u00bb{}\u00bb][et_pb_fullwidth_slider module_id=\u00bbfix-padding\u00bb module_class=\u00bbslider-capcalera slider-text-cta\u00bb _builder_version=\u00bb4.19.0&#8243; _module_preset=\u00bbdefault\u00bb background_enable_image=\u00bboff\u00bb global_colors_info=\u00bb{}\u00bb][et_pb_slide button_link=\u00bbhttps:\/\/escoles.fundesplai.org\/es\/contacta\/\u00bb _builder_version=\u00bb4.19.0&#8243; _module_preset=\u00bbdefault\u00bb background_image=\u00bbhttps:\/\/fundesplai.org\/wp-content\/uploads\/2023\/02\/Igualtat-Oportunitats-Fundesplai.jpg\u00bb background_enable_image=\u00bbon\u00bb global_colors_info=\u00bb{}\u00bb sticky_transition=\u00bbon\u00bb][\/et_pb_slide][\/et_pb_fullwidth_slider][\/et_pb_section][et_pb_section fb_built=\u00bb1&#8243; _builder_version=\u00bb4.17.4&#8243; _module_preset=\u00bbdefault\u00bb locked=\u00bboff\u00bb global_colors_info=\u00bb{}\u00bb][et_pb_row _builder_version=\u00bb4.19.0&#8243; _module_preset=\u00bbdefault\u00bb global_colors_info=\u00bb{}\u00bb][et_pb_column type=\u00bb4_4&#8243; _builder_version=\u00bb4.17.4&#8243; _module_preset=\u00bbdefault\u00bb global_colors_info=\u00bb{}\u00bb][et_pb_post_title _builder_version=\u00bb4.19.0&#8243; _module_preset=\u00bbdefault\u00bb custom_margin=\u00bb30px||||false|false\u00bb global_colors_info=\u00bb{}\u00bb][\/et_pb_post_title][et_pb_text admin_label=\u00bbparagraf intro\u00bb _builder_version=\u00bb4.19.0&#8243; _module_preset=\u00bbdefault\u00bb custom_margin=\u00bb||||false|false\u00bb global_colors_info=\u00bb{}\u00bb]<\/p>\n<div class=\"elementToProof\" style=\"text-align: center\">Garantizar la <strong>igualdad de oportunidades<\/strong> en todas las actividades e instalaciones es uno de los pilares de nuestra <a href=\"https:\/\/fundesplai.org\/es\/conoce\/mision-y-valores\/\">misi\u00f3n<\/a>. <strong>Todos los ni\u00f1os, ni\u00f1as, j\u00f3venes y adultos tenemos derecho a disfrutar de actividades de ocio educativo y de espacios accesibles<\/strong>. Y para asegurar esta igualdad de oportunidades hacemos actividades inclusivas, tenemos casas de colonias y albergues accesibles, y educamos para una sociedad m\u00e1s igualitaria, justa y solidaria, y tenemos especial <strong>cuidado en la atenci\u00f3n a la diversidad y a las situaciones de vulnerabilidad<\/strong>.<\/div>\n<p>[\/et_pb_text][\/et_pb_column][\/et_pb_row][\/et_pb_section][et_pb_section fb_built=\u00bb1&#8243; disabled_on=\u00bboff|off|off\u00bb module_id=\u00bbapectes_tecnics\u00bb _builder_version=\u00bb4.16&#8243; _module_preset=\u00bbdefault\u00bb custom_margin=\u00bb50px||||false|false\u00bb locked=\u00bboff\u00bb collapsed=\u00bboff\u00bb global_colors_info=\u00bb{}\u00bb][et_pb_row column_structure=\u00bb1_2,1_2&#8243; make_equal=\u00bbon\u00bb _builder_version=\u00bb4.19.0&#8243; _module_preset=\u00bbdefault\u00bb background_color=\u00bb#E9E9E9&#8243; width=\u00bb100%\u00bb max_width=\u00bb100%\u00bb global_colors_info=\u00bb{}\u00bb][et_pb_column type=\u00bb1_2&#8243; _builder_version=\u00bb4.16&#8243; _module_preset=\u00bbdefault\u00bb global_colors_info=\u00bb{}\u00bb][et_pb_text admin_label=\u00bbLleure educatiu inclusiu\u00bb _builder_version=\u00bb4.19.0&#8243; _module_preset=\u00bbdefault\u00bb width=\u00bb80%\u00bb module_alignment=\u00bbcenter\u00bb custom_padding=\u00bb30px||30px||false|false\u00bb global_colors_info=\u00bb{}\u00bb]<\/p>\n<h4>Ocio educativo inclusivo<\/h4>\n<p style=\"text-align: left\">Los ni\u00f1os y ni\u00f1as con diversidad funcional pueden disfrutar de nuestras actividades inclusivas como casles de verano o colonias. Nos adaptamos a las necesidades de cada ni\u00f1o y ni\u00f1a para que todo el mundo pueda participar con normalidad. Adem\u00e1s, tenemos un servicio de apoyo a los alumnos con necesidades educativas especiales para escuelas con educadoras especializadas. Desde nuestros <a href=\"https:\/\/fundesplai.org\/es\/conoce\/nuestra-historia\/\">or\u00edgenes<\/a> hemos priorizado las actividades de ocio educativo inclusivas que <strong>mejoran la autonom\u00eda de los ni\u00f1os y ni\u00f1as, la gesti\u00f3n de las emociones, las relaciones con los dem\u00e1s y la integraci\u00f3n en el grupo<\/strong>.<\/p>\n<blockquote>\n<p><a href=\"https:\/\/escoles.fundesplai.org\/es\/colonias-escolares-y-naturaleza\/colonias-escolares\/\">Colonias escolares<\/a> y <a href=\"https:\/\/escoles.fundesplai.org\/es\/actividades-escuela\/casales\/\">casales de verano<\/a><\/p>\n<p><a href=\"https:\/\/escoles.fundesplai.org\/es\/actividades-escuela\/apoyo-a-los-alumnos-con-necesidades-educativas-especiales\/\">Apoyo a los alumnos con necesidades educativas especiales<\/a><\/p>\n<\/blockquote>\n<p>[\/et_pb_text][\/et_pb_column][et_pb_column type=\u00bb1_2&#8243; _builder_version=\u00bb4.19.0&#8243; _module_preset=\u00bbdefault\u00bb background_color=\u00bb#E9E9E9&#8243; background_image=\u00bbhttps:\/\/fundesplai.org\/wp-content\/uploads\/2023\/01\/Casals-i-colonies-inclusius-Fundesplai.jpg\u00bb global_colors_info=\u00bb{}\u00bb][\/et_pb_column][\/et_pb_row][et_pb_row column_structure=\u00bb1_2,1_2&#8243; make_equal=\u00bbon\u00bb _builder_version=\u00bb4.19.0&#8243; _module_preset=\u00bbdefault\u00bb background_color=\u00bb#E9E9E9&#8243; width=\u00bb100%\u00bb max_width=\u00bb100%\u00bb global_colors_info=\u00bb{}\u00bb][et_pb_column type=\u00bb1_2&#8243; _builder_version=\u00bb4.19.0&#8243; _module_preset=\u00bbdefault\u00bb background_color=\u00bb#E9E9E9&#8243; background_image=\u00bbhttps:\/\/fundesplai.org\/wp-content\/uploads\/2023\/01\/Beques-igualtat-oportunitats-Fundesplai.jpg\u00bb global_colors_info=\u00bb{}\u00bb][\/et_pb_column][et_pb_column type=\u00bb1_2&#8243; _builder_version=\u00bb4.16&#8243; _module_preset=\u00bbdefault\u00bb global_colors_info=\u00bb{}\u00bb][et_pb_text admin_label=\u00bbbeques per a les fam\u00edlies\u00bb _builder_version=\u00bb4.19.0&#8243; _module_preset=\u00bbdefault\u00bb width=\u00bb80%\u00bb module_alignment=\u00bbcenter\u00bb custom_padding=\u00bb30px||30px||false|false\u00bb global_colors_info=\u00bb{}\u00bb]<\/p>\n<h4>Becas para las familias<\/h4>\n<div class=\"col-text\">\n<div class=\"col-text-inner\">\n<p>Ofrecemos becas y ayudas econ\u00f3micas a <strong>familias afectadas por el desempleo<\/strong> o con <strong>situaciones socioecon\u00f3micas vulnerables<\/strong> para que sus hijos e hijas puedan participar y disfrutar de las actividades de ocio educativo. Esto lo conseguimos gracias a los<a href=\"https:\/\/fundesplai.org\/es\/colabora\/haz-un-donativo\/\"> donativos<\/a> de particulares y empresas que nos ayudan a garantizar las ayudas econ\u00f3micas para asegurarnos de que nadie queda excluido de las actividades por falta de recursos.<\/p>\n<blockquote>\n<p><a href=\"https:\/\/estiu.fundesplai.org\/pagines\/campanya-de-beques\">\u00bfNecesitas una beca?<\/a><\/p>\n<p><a href=\"https:\/\/fundesplai.org\/es\/colabora\/haz-un-donativo\/\">\u00a1Haz un donativo para que podamos dar m\u00e1s becas!<\/a><\/p>\n<\/blockquote>\n<\/div>\n<\/div>\n<p>[\/et_pb_text][\/et_pb_column][\/et_pb_row][et_pb_row column_structure=\u00bb1_2,1_2&#8243; make_equal=\u00bbon\u00bb _builder_version=\u00bb4.19.0&#8243; _module_preset=\u00bbdefault\u00bb background_color=\u00bb#E9E9E9&#8243; width=\u00bb100%\u00bb max_width=\u00bb100%\u00bb global_colors_info=\u00bb{}\u00bb][et_pb_column type=\u00bb1_2&#8243; _builder_version=\u00bb4.16&#8243; _module_preset=\u00bbdefault\u00bb background_enable_color=\u00bboff\u00bb background_enable_image=\u00bboff\u00bb global_colors_info=\u00bb{}\u00bb][et_pb_text admin_label=\u00bbInstal\u00b7lacions accessibles\u00bb _builder_version=\u00bb4.19.0&#8243; _module_preset=\u00bbdefault\u00bb width=\u00bb80%\u00bb module_alignment=\u00bbcenter\u00bb custom_padding=\u00bb30px||30px||false|false\u00bb global_colors_info=\u00bb{}\u00bb]<\/p>\n<h4>Instalaciones accesibles<\/h4>\n<p>Nuestras instalaciones como las casas de colonias y el albergue de Centro Esplai, as\u00ed como <strong>nuestras oficinas, son libres de barreras arquitect\u00f3nicas<\/strong> y accesibles para personas con movilidad reducida. Queremos que todo el mundo pueda disfrutar de los espacios que hemos creado con tanto cuidado, de la naturaleza y de las actividades de ocio.<\/p>\n<blockquote>\n<p><a href=\"https:\/\/cases.fundesplai.org\/es\/conoce-2\/la-accesibilidad\/\">13 casas de colonias accesibles<\/a><\/p>\n<p><a href=\"https:\/\/albergueesplaibarcelona.com\/el-albergue\/accesible\/\">Centro Esplai, un albergue accesible<\/a><\/p>\n<\/blockquote>\n<p>[\/et_pb_text][\/et_pb_column][et_pb_column type=\u00bb1_2&#8243; _builder_version=\u00bb4.19.0&#8243; _module_preset=\u00bbdefault\u00bb background_image=\u00bbhttps:\/\/fundesplai.org\/wp-content\/uploads\/2023\/01\/Installacions-accessibles-Fundesplai.jpg\u00bb global_colors_info=\u00bb{}\u00bb][\/et_pb_column][\/et_pb_row][et_pb_row column_structure=\u00bb1_2,1_2&#8243; make_equal=\u00bbon\u00bb _builder_version=\u00bb4.19.0&#8243; _module_preset=\u00bbdefault\u00bb background_color=\u00bb#E9E9E9&#8243; width=\u00bb100%\u00bb max_width=\u00bb100%\u00bb global_colors_info=\u00bb{}\u00bb][et_pb_column type=\u00bb1_2&#8243; _builder_version=\u00bb4.19.0&#8243; _module_preset=\u00bbdefault\u00bb background_color=\u00bb#E9E9E9&#8243; background_image=\u00bbhttps:\/\/fundesplai.org\/wp-content\/uploads\/2023\/01\/Projecte-Tresca-Jove-Fundesplai_gran.jpg\u00bb global_colors_info=\u00bb{}\u00bb][\/et_pb_column][et_pb_column type=\u00bb1_2&#8243; _builder_version=\u00bb4.16&#8243; _module_preset=\u00bbdefault\u00bb global_colors_info=\u00bb{}\u00bb][et_pb_text admin_label=\u00bbAcci\u00f3 social i joves\u00bb _builder_version=\u00bb4.19.0&#8243; _module_preset=\u00bbdefault\u00bb width=\u00bb80%\u00bb module_alignment=\u00bbcenter\u00bb custom_padding=\u00bb30px||30px||false|false\u00bb global_colors_info=\u00bb{}\u00bb]<\/p>\n<h4>Programas sociales y para j\u00f3venes<\/h4>\n<div class=\"col-text\">\n<div class=\"col-text-inner\">\n<p>Desarrollamos <strong>proyectos socioeducativos de capacitaci\u00f3n<\/strong> e inserci\u00f3n sociolaboral para colectivos vulnerables. Velamos por el acompa\u00f1amiento, la formaci\u00f3n y la inclusi\u00f3n sociolaboral de las personas j\u00f3venes con diversos proyectos.<\/p>\n<blockquote>\n<p><a href=\"https:\/\/fundesplai.org\/programes-socials-i-joves\/es\/\">Proyectos de acci\u00f3n social y j\u00f3venes<\/a><\/p>\n<\/blockquote>\n<\/div>\n<\/div>\n<p>[\/et_pb_text][\/et_pb_column][\/et_pb_row][et_pb_row column_structure=\u00bb1_2,1_2&#8243; make_equal=\u00bbon\u00bb _builder_version=\u00bb4.19.0&#8243; _module_preset=\u00bbdefault\u00bb background_color=\u00bb#E9E9E9&#8243; width=\u00bb100%\u00bb max_width=\u00bb100%\u00bb global_colors_info=\u00bb{}\u00bb][et_pb_column type=\u00bb1_2&#8243; _builder_version=\u00bb4.16&#8243; _module_preset=\u00bbdefault\u00bb background_enable_color=\u00bboff\u00bb background_enable_image=\u00bboff\u00bb global_colors_info=\u00bb{}\u00bb][et_pb_text admin_label=\u00bbFormaci\u00f3 per a la igualtat d&#8217;oportunitats\u00bb _builder_version=\u00bb4.19.0&#8243; _module_preset=\u00bbdefault\u00bb width=\u00bb80%\u00bb module_alignment=\u00bbcenter\u00bb custom_padding=\u00bb30px||30px||false|false\u00bb global_colors_info=\u00bb{}\u00bb]<\/p>\n<h4>Formaci\u00f3n para la igualdad de oportunidades<\/h4>\n<p>Somos especialistas en cursos de <strong>formaci\u00f3n sobre educaci\u00f3n inclusiva<\/strong> y atenci\u00f3n a la diversidad, acci\u00f3n social, <strong>cursos gratuitos para personas en paro<\/strong> y orientaci\u00f3n laboral con el fin de conseguir una sociedad con m\u00e1s equidad e igualdad de oportunidades.<\/p>\n<blockquote>\n<p><a href=\"https:\/\/formacio.fundesplai.org\/es\/cursos\/cursos-gratuitos-para-personas-en-paro\/\">Cursos gratuitos para personas en paro<\/a><\/p>\n<p><a href=\"https:\/\/formacio.fundesplai.org\/es\/cursos\/educacion\/atencion-a-la-diversidad\/\">Cursos sobre atenci\u00f3n a la diversidad y educaci\u00f3n inclusiva<\/a><\/p>\n<\/blockquote>\n<p>[\/et_pb_text][\/et_pb_column][et_pb_column type=\u00bb1_2&#8243; _builder_version=\u00bb4.19.0&#8243; _module_preset=\u00bbdefault\u00bb background_image=\u00bbhttps:\/\/fundesplai.org\/wp-content\/uploads\/2023\/01\/formacio-cursos-igualtat-Fundesplai.jpg\u00bb global_colors_info=\u00bb{}\u00bb][\/et_pb_column][\/et_pb_row][et_pb_row column_structure=\u00bb1_2,1_2&#8243; make_equal=\u00bbon\u00bb _builder_version=\u00bb4.19.0&#8243; _module_preset=\u00bbdefault\u00bb background_color=\u00bb#E9E9E9&#8243; width=\u00bb100%\u00bb max_width=\u00bb100%\u00bb global_colors_info=\u00bb{}\u00bb][et_pb_column type=\u00bb1_2&#8243; _builder_version=\u00bb4.19.0&#8243; _module_preset=\u00bbdefault\u00bb background_color=\u00bb#E9E9E9&#8243; background_image=\u00bbhttps:\/\/fundesplai.org\/wp-content\/uploads\/2023\/01\/Igualtat-de-genere-fundesplai.jpg\u00bb global_colors_info=\u00bb{}\u00bb][\/et_pb_column][et_pb_column type=\u00bb1_2&#8243; _builder_version=\u00bb4.16&#8243; _module_preset=\u00bbdefault\u00bb global_colors_info=\u00bb{}\u00bb][et_pb_text admin_label=\u00bbIgualtat de g\u00e8nere\u00bb _builder_version=\u00bb4.27.4&#8243; _module_preset=\u00bbdefault\u00bb width=\u00bb80%\u00bb module_alignment=\u00bbcenter\u00bb custom_padding=\u00bb30px||30px||false|false\u00bb global_colors_info=\u00bb{}\u00bb]<\/p>\n<h4>Igualdad de g\u00e9nero<\/h4>\n<p><strong>Educar para la igualdad de g\u00e9nero<\/strong> y la igualdad de oportunidades real es uno de nuestros pilares. Realizamos acciones y programas espec\u00edficos para promover la igualdad de g\u00e9nero de manera transversal en la sociedad.<\/p>\n<div class=\"col-text\">\n<div class=\"col-text-inner\">\n<blockquote>\n<p><a href=\"https:\/\/fundesplai.org\/wp-content\/uploads\/2023\/03\/II_PLA_DIGUALTAT_rev_23102019_PDF.pdf\">Plan de igualdad<\/a><\/p>\n<p><a href=\"https:\/\/fundesplai.org\/wp-content\/uploads\/2024\/12\/Protocol-assetjament-sexual-i-contra-la-discriminacio-LGTBI-2025-Fundesplai.pdf\">Protocolo de acoso sexual y discriminaci\u00f3n LGTBIQA+<\/a><\/p>\n<p><a href=\"https:\/\/fundesplai.org\/encoratjat\/\">Propuesta educativa Encoratja&#8217;t para la igualdad de g\u00e9nero y la no violencia<\/a><\/p>\n<p><a href=\"https:\/\/suport.fundesplai.org\/es\/servicios\/igualtat-genere\/\">Servicio de igualdad de g\u00e9nero para entidades<\/a><\/p>\n<\/blockquote>\n<\/div>\n<\/div>\n<p>[\/et_pb_text][\/et_pb_column][\/et_pb_row][et_pb_row _builder_version=\u00bb4.19.0&#8243; _module_preset=\u00bbdefault\u00bb custom_margin=\u00bb40px||||false|false\u00bb global_colors_info=\u00bb{}\u00bb][et_pb_column type=\u00bb4_4&#8243; _builder_version=\u00bb4.19.0&#8243; _module_preset=\u00bbdefault\u00bb global_colors_info=\u00bb{}\u00bb][et_pb_button button_url=\u00bbhttps:\/\/fundesplai.org\/es\/conoce\/transparencia\/infancia\/\u00bb button_text=\u00bbNuestros compromisos con la infancia\u00bb button_alignment=\u00bbcenter\u00bb _builder_version=\u00bb4.19.0&#8243; _module_preset=\u00bbdefault\u00bb global_colors_info=\u00bb{}\u00bb][\/et_pb_button][\/et_pb_column][\/et_pb_row][\/et_pb_section]<\/p>\n","protected":false},"excerpt":{"rendered":"<p>Garantizar la igualdad de oportunidades en todas las actividades e instalaciones es uno de los pilares de nuestra misi\u00f3n. <\/p>\n","protected":false},"author":3,"featured_media":0,"parent":46765,"menu_order":0,"comment_status":"closed","ping_status":"closed","template":"","meta":{"_et_pb_use_builder":"on","_et_pb_old_content":"","_et_gb_content_width":"","footnotes":""},"class_list":["post-46850","page","type-page","status-publish","hentry"],"yoast_head":"<!-- This site is optimized with the Yoast SEO plugin v27.4 - https:\/\/yoast.com\/product\/yoast-seo-wordpress\/ -->\n<title>Igualdad de oportunidades - Fundesplai<\/title>\n<meta name=\"description\" content=\"Garantizar la igualdad de oportunidades en todas las actividades e instalaciones es uno de los pilares de nuestra misi\u00f3n.\" \/>\n<meta name=\"robots\" content=\"index, follow, max-snippet:-1, max-image-preview:large, max-video-preview:-1\" \/>\n<link rel=\"canonical\" href=\"https:\/\/fundesplai.org\/es\/conoce\/transparencia\/igualdad-de-oportunidades\/\" \/>\n<meta property=\"og:locale\" content=\"es_ES\" \/>\n<meta property=\"og:type\" content=\"article\" \/>\n<meta property=\"og:title\" content=\"Igualdad de oportunidades - Fundesplai\" \/>\n<meta property=\"og:description\" content=\"Garantizar la igualdad de oportunidades en todas las actividades e instalaciones es uno de los pilares de nuestra misi\u00f3n.\" \/>\n<meta property=\"og:url\" content=\"https:\/\/fundesplai.org\/es\/conoce\/transparencia\/igualdad-de-oportunidades\/\" \/>\n<meta property=\"og:site_name\" content=\"Fundesplai\" \/>\n<meta property=\"article:modified_time\" content=\"2025-09-02T10:43:41+00:00\" \/>\n<meta name=\"twitter:card\" content=\"summary_large_image\" \/>\n<meta name=\"twitter:label1\" content=\"Tiempo de lectura\" \/>\n\t<meta name=\"twitter:data1\" content=\"7 minutos\" \/>\n<script type=\"application\/ld+json\" class=\"yoast-schema-graph\">{\"@context\":\"https:\\\/\\\/schema.org\",\"@graph\":[{\"@type\":\"WebPage\",\"@id\":\"https:\\\/\\\/fundesplai.org\\\/es\\\/conoce\\\/transparencia\\\/igualdad-de-oportunidades\\\/\",\"url\":\"https:\\\/\\\/fundesplai.org\\\/es\\\/conoce\\\/transparencia\\\/igualdad-de-oportunidades\\\/\",\"name\":\"Igualdad de oportunidades - Fundesplai\",\"isPartOf\":{\"@id\":\"https:\\\/\\\/fundesplai.org\\\/es\\\/#website\"},\"datePublished\":\"2023-01-31T21:23:04+00:00\",\"dateModified\":\"2025-09-02T10:43:41+00:00\",\"description\":\"Garantizar la igualdad de oportunidades en todas las actividades e instalaciones es uno de los pilares de nuestra misi\u00f3n.\",\"breadcrumb\":{\"@id\":\"https:\\\/\\\/fundesplai.org\\\/es\\\/conoce\\\/transparencia\\\/igualdad-de-oportunidades\\\/#breadcrumb\"},\"inLanguage\":\"es\",\"potentialAction\":[{\"@type\":\"ReadAction\",\"target\":[\"https:\\\/\\\/fundesplai.org\\\/es\\\/conoce\\\/transparencia\\\/igualdad-de-oportunidades\\\/\"]}]},{\"@type\":\"BreadcrumbList\",\"@id\":\"https:\\\/\\\/fundesplai.org\\\/es\\\/conoce\\\/transparencia\\\/igualdad-de-oportunidades\\\/#breadcrumb\",\"itemListElement\":[{\"@type\":\"ListItem\",\"position\":1,\"name\":\"Inici\",\"item\":\"https:\\\/\\\/fundesplai.org\\\/es\\\/inicio\\\/\"},{\"@type\":\"ListItem\",\"position\":2,\"name\":\"Conoce\",\"item\":\"https:\\\/\\\/fundesplai.org\\\/es\\\/conoce\\\/\"},{\"@type\":\"ListItem\",\"position\":3,\"name\":\"Transparencia\",\"item\":\"https:\\\/\\\/fundesplai.org\\\/es\\\/conoce\\\/transparencia\\\/\"},{\"@type\":\"ListItem\",\"position\":4,\"name\":\"Igualdad de oportunidades\"}]},{\"@type\":\"WebSite\",\"@id\":\"https:\\\/\\\/fundesplai.org\\\/es\\\/#website\",\"url\":\"https:\\\/\\\/fundesplai.org\\\/es\\\/\",\"name\":\"Fundesplai\",\"description\":\"Eduquem per la conviv\u00e8ncia i la sostenibilitat\",\"potentialAction\":[{\"@type\":\"SearchAction\",\"target\":{\"@type\":\"EntryPoint\",\"urlTemplate\":\"https:\\\/\\\/fundesplai.org\\\/es\\\/?s={search_term_string}\"},\"query-input\":{\"@type\":\"PropertyValueSpecification\",\"valueRequired\":true,\"valueName\":\"search_term_string\"}}],\"inLanguage\":\"es\"}]}<\/script>\n<!-- \/ Yoast SEO plugin. -->","yoast_head_json":{"title":"Igualdad de oportunidades - Fundesplai","description":"Garantizar la igualdad de oportunidades en todas las actividades e instalaciones es uno de los pilares de nuestra misi\u00f3n.","robots":{"index":"index","follow":"follow","max-snippet":"max-snippet:-1","max-image-preview":"max-image-preview:large","max-video-preview":"max-video-preview:-1"},"canonical":"https:\/\/fundesplai.org\/es\/conoce\/transparencia\/igualdad-de-oportunidades\/","og_locale":"es_ES","og_type":"article","og_title":"Igualdad de oportunidades - Fundesplai","og_description":"Garantizar la igualdad de oportunidades en todas las actividades e instalaciones es uno de los pilares de nuestra misi\u00f3n.","og_url":"https:\/\/fundesplai.org\/es\/conoce\/transparencia\/igualdad-de-oportunidades\/","og_site_name":"Fundesplai","article_modified_time":"2025-09-02T10:43:41+00:00","twitter_card":"summary_large_image","twitter_misc":{"Tiempo de lectura":"7 minutos"},"schema":{"@context":"https:\/\/schema.org","@graph":[{"@type":"WebPage","@id":"https:\/\/fundesplai.org\/es\/conoce\/transparencia\/igualdad-de-oportunidades\/","url":"https:\/\/fundesplai.org\/es\/conoce\/transparencia\/igualdad-de-oportunidades\/","name":"Igualdad de oportunidades - Fundesplai","isPartOf":{"@id":"https:\/\/fundesplai.org\/es\/#website"},"datePublished":"2023-01-31T21:23:04+00:00","dateModified":"2025-09-02T10:43:41+00:00","description":"Garantizar la igualdad de oportunidades en todas las actividades e instalaciones es uno de los pilares de nuestra misi\u00f3n.","breadcrumb":{"@id":"https:\/\/fundesplai.org\/es\/conoce\/transparencia\/igualdad-de-oportunidades\/#breadcrumb"},"inLanguage":"es","potentialAction":[{"@type":"ReadAction","target":["https:\/\/fundesplai.org\/es\/conoce\/transparencia\/igualdad-de-oportunidades\/"]}]},{"@type":"BreadcrumbList","@id":"https:\/\/fundesplai.org\/es\/conoce\/transparencia\/igualdad-de-oportunidades\/#breadcrumb","itemListElement":[{"@type":"ListItem","position":1,"name":"Inici","item":"https:\/\/fundesplai.org\/es\/inicio\/"},{"@type":"ListItem","position":2,"name":"Conoce","item":"https:\/\/fundesplai.org\/es\/conoce\/"},{"@type":"ListItem","position":3,"name":"Transparencia","item":"https:\/\/fundesplai.org\/es\/conoce\/transparencia\/"},{"@type":"ListItem","position":4,"name":"Igualdad de oportunidades"}]},{"@type":"WebSite","@id":"https:\/\/fundesplai.org\/es\/#website","url":"https:\/\/fundesplai.org\/es\/","name":"Fundesplai","description":"Eduquem per la conviv\u00e8ncia i la sostenibilitat","potentialAction":[{"@type":"SearchAction","target":{"@type":"EntryPoint","urlTemplate":"https:\/\/fundesplai.org\/es\/?s={search_term_string}"},"query-input":{"@type":"PropertyValueSpecification","valueRequired":true,"valueName":"search_term_string"}}],"inLanguage":"es"}]}},"_links":{"self":[{"href":"https:\/\/fundesplai.org\/es\/wp-json\/wp\/v2\/pages\/46850","targetHints":{"allow":["GET"]}}],"collection":[{"href":"https:\/\/fundesplai.org\/es\/wp-json\/wp\/v2\/pages"}],"about":[{"href":"https:\/\/fundesplai.org\/es\/wp-json\/wp\/v2\/types\/page"}],"author":[{"embeddable":true,"href":"https:\/\/fundesplai.org\/es\/wp-json\/wp\/v2\/users\/3"}],"replies":[{"embeddable":true,"href":"https:\/\/fundesplai.org\/es\/wp-json\/wp\/v2\/comments?post=46850"}],"version-history":[{"count":36,"href":"https:\/\/fundesplai.org\/es\/wp-json\/wp\/v2\/pages\/46850\/revisions"}],"predecessor-version":[{"id":77190,"href":"https:\/\/fundesplai.org\/es\/wp-json\/wp\/v2\/pages\/46850\/revisions\/77190"}],"up":[{"embeddable":true,"href":"https:\/\/fundesplai.org\/es\/wp-json\/wp\/v2\/pages\/46765"}],"wp:attachment":[{"href":"https:\/\/fundesplai.org\/es\/wp-json\/wp\/v2\/media?parent=46850"}],"curies":[{"name":"wp","href":"https:\/\/api.w.org\/{rel}","templated":true}]}}