{"id":46847,"date":"2022-07-12T12:55:40","date_gmt":"2022-07-12T10:55:40","guid":{"rendered":"https:\/\/fundesplai.org\/conoce\/transparencia\/fundesplai-con-los-ods\/"},"modified":"2024-07-24T12:00:56","modified_gmt":"2024-07-24T10:00:56","slug":"fundesplai-con-los-ods","status":"publish","type":"page","link":"https:\/\/fundesplai.org\/es\/conoce\/transparencia\/fundesplai-con-los-ods\/","title":{"rendered":"Fundesplai con los ODS"},"content":{"rendered":"<p>[et_pb_section fb_built=\u00bb1&#8243; fullwidth=\u00bbon\u00bb admin_label=\u00bbSection\u00bb _builder_version=\u00bb4.16&#8243; _module_preset=\u00bbdefault\u00bb locked=\u00bboff\u00bb collapsed=\u00bboff\u00bb global_colors_info=\u00bb{}\u00bb][et_pb_fullwidth_slider module_id=\u00bbfix-padding\u00bb module_class=\u00bbslider-capcalera slider-text-cta\u00bb _builder_version=\u00bb4.17.4&#8243; _module_preset=\u00bbdefault\u00bb background_enable_image=\u00bboff\u00bb global_colors_info=\u00bb{}\u00bb][et_pb_slide button_link=\u00bbhttps:\/\/escoles.fundesplai.org\/es\/contacta\/\u00bb _builder_version=\u00bb4.17.4&#8243; _module_preset=\u00bbdefault\u00bb background_image=\u00bbhttps:\/\/fundesplai.org\/wp-content\/uploads\/2022\/07\/ODSFundesplai.jpg\u00bb background_enable_image=\u00bbon\u00bb global_colors_info=\u00bb{}\u00bb sticky_transition=\u00bbon\u00bb][\/et_pb_slide][\/et_pb_fullwidth_slider][\/et_pb_section][et_pb_section fb_built=\u00bb1&#8243; _builder_version=\u00bb4.17.4&#8243; _module_preset=\u00bbdefault\u00bb global_colors_info=\u00bb{}\u00bb][et_pb_row _builder_version=\u00bb4.17.4&#8243; _module_preset=\u00bbdefault\u00bb global_colors_info=\u00bb{}\u00bb][et_pb_column type=\u00bb4_4&#8243; _builder_version=\u00bb4.17.4&#8243; _module_preset=\u00bbdefault\u00bb global_colors_info=\u00bb{}\u00bb][et_pb_post_title _builder_version=\u00bb4.17.4&#8243; _module_preset=\u00bbdefault\u00bb custom_margin=\u00bb30px||||false|false\u00bb global_colors_info=\u00bb{}\u00bb][\/et_pb_post_title][et_pb_text admin_label=\u00bbintro\u00bb _builder_version=\u00bb4.19.0&#8243; _module_preset=\u00bbdefault\u00bb custom_margin=\u00bb30px||||false|false\u00bb global_colors_info=\u00bb{}\u00bb]<\/p>\n<p style=\"text-align: center\">Fundesplai se ha adherido al <strong>Acuerdo Nacional para la Agenda 2030<\/strong>, el pistoletazo de salida de la <a href=\"http:\/\/cads.gencat.cat\/ca\/Agenda_2030\/alianca\/\">Alianza de Catalu\u00f1a 2030<\/a>, con el fin de alcanzar los <a href=\"https:\/\/mediambient.gencat.cat\/ca\/05_ambits_dactuacio\/educacio_i_sostenibilitat\/desenvolupament_sostenible\/agenda-2030-ods\/que-son-els-ods\/\">17 Objetivos de Desarrollo Sostenible<\/a> fijados para las Naciones Unidas. Tenemos los ODS incorporados en nuestra l\u00ednea de trabajo en <strong>todos nuestros programas y proyectos<\/strong>; los valores y acciones de la entidad favorecen la igualdad de oportunidades, la equidad y la educaci\u00f3n por la sostenibilidad. Todo para conseguir un <strong>mundo m\u00e1s justo e igualitario<\/strong>.<\/p>\n<p>[\/et_pb_text][et_pb_testimonial author=\u00bbJosep Gass\u00f3\u00bb job_title=\u00bbPresidente de Fundesplai\u00bb portrait_url=\u00bbhttps:\/\/fundesplai.org\/wp-content\/uploads\/2022\/07\/DSC_9138-scaled.jpg\u00bb _builder_version=\u00bb4.17.4&#8243; _module_preset=\u00bbdefault\u00bb custom_margin=\u00bb30px||||false|false\u00bb global_colors_info=\u00bb{}\u00bb]<\/p>\n<p>Las organizaciones del Tercer Sector debemos jugar un papel protagonista en la consecuci\u00f3n de los ODS: somos agentes transformadores a trav\u00e9s de nuestros programas, catalizadores de la participaci\u00f3n y sensibilizaci\u00f3n sociales, motor de nuevos proyectos innovadores y complemento imprescindible de las pol\u00edticas p\u00fablicas.<\/p>\n<p>[\/et_pb_testimonial][et_pb_image src=\u00bbhttps:\/\/fundesplai.org\/wp-content\/uploads\/2022\/07\/ODS_Objectius_Desenvolupament_Sostenible_Respon.cat_SDG_Icons_CAT_Poster_A4-scaled.jpg\u00bb title_text=\u00bbSustainable Development Goals_E_Final sizes\u00bb _builder_version=\u00bb4.17.4&#8243; _module_preset=\u00bbdefault\u00bb global_colors_info=\u00bb{}\u00bb][\/et_pb_image][\/et_pb_column][\/et_pb_row][\/et_pb_section][et_pb_section fb_built=\u00bb1&#8243; module_class=\u00bbgraella-moduls-grisa graella-ambits-projectes-i-serveis\u00bb _builder_version=\u00bb4.17.4&#8243; _module_preset=\u00bbdefault\u00bb global_colors_info=\u00bb{}\u00bb][et_pb_row column_structure=\u00bb1_3,1_3,1_3&#8243; _builder_version=\u00bb4.17.4&#8243; _module_preset=\u00bbdefault\u00bb global_colors_info=\u00bb{}\u00bb][et_pb_column type=\u00bb1_3&#8243; _builder_version=\u00bb4.17.4&#8243; _module_preset=\u00bbdefault\u00bb global_colors_info=\u00bb{}\u00bb][et_pb_blurb image=\u00bbhttps:\/\/fundesplai.org\/wp-content\/uploads\/2022\/07\/DSC_9114-scaled.jpg\u00bb admin_label=\u00bbSostenibilitat\u00bb _builder_version=\u00bb4.21.0&#8243; _module_preset=\u00bbdefault\u00bb hover_enabled=\u00bb0&#8243; global_colors_info=\u00bb{}\u00bb sticky_enabled=\u00bb0&#8243;]<\/p>\n<p style=\"text-align: center\"><strong>Concepci\u00f3n arquitect\u00f3nica ecoeficiente<\/strong>, placas solares fotovoltaicas, reaprovechamientos de agua&#8230; Todas nuestras instalaciones buscan conseguir la m\u00e1xima eficiencia ambiental y energ\u00e9tica.<\/p>\n<blockquote>\n<p style=\"text-align: left\"><a href=\"https:\/\/albergueesplaibarcelona.com\/el-albergue\/eco-albergue\/\">Centro Esplai, edificio ecoeficiente<\/a><\/p>\n<p style=\"text-align: left\"><a href=\"https:\/\/cases.fundesplai.org\/es\/conoce-2\/la-sostenibilidad\/\">Casas de colonias sostenibles<\/a><\/p>\n<p style=\"text-align: left\"><a href=\"https:\/\/fundesplai.org\/es\/conoce\/transparencia\/nuestro-compromiso-con-la-sostenibilidad\/\">Nuestro compromiso con la sostenibilidad<\/a><\/p>\n<\/blockquote>\n<p>[\/et_pb_blurb][\/et_pb_column][et_pb_column type=\u00bb1_3&#8243; _builder_version=\u00bb4.17.4&#8243; _module_preset=\u00bbdefault\u00bb global_colors_info=\u00bb{}\u00bb][et_pb_blurb image=\u00bbhttps:\/\/fundesplai.org\/wp-content\/uploads\/2022\/07\/4-scaled.jpg\u00bb admin_label=\u00bbSAlut i benestar i innovaci\u00f3\u00bb _builder_version=\u00bb4.21.0&#8243; _module_preset=\u00bbdefault\u00bb hover_enabled=\u00bb0&#8243; global_colors_info=\u00bb{}\u00bb sticky_enabled=\u00bb0&#8243;]<\/p>\n<p style=\"text-align: center\">Desde Fundesplai impulsamos numerosos programas de <strong>promoci\u00f3n de la salud y bienestar<\/strong>. La innovaci\u00f3n est\u00e1 presente en nuestras metodolog\u00edas y procesos. Algunos ejemplos de nuestros proyectos relacionados:<\/p>\n<blockquote>\n<p style=\"text-align: left\"><a href=\"https:\/\/escoles.fundesplai.org\/es\/actividades-escuela\/programas-de-salud-y-prevencion\/\">Promoci\u00f3n de la salud en el \u00e1mbito escolar<\/a><\/p>\n<p style=\"text-align: left\"><a href=\"https:\/\/escoles.fundesplai.org\/es\/actividades-escuela\/apoyo-a-los-alumnos-con-necesidades-educativas-especiales\/\">Apoyo a los alumnos con nee<\/a><\/p>\n<p style=\"text-align: left\"><a href=\"https:\/\/fundesplai.org\/es\/recursos\/propuestas-educativas\/\">Propuestas educativas<\/a><\/p>\n<p style=\"text-align: left\"><a href=\"https:\/\/menjaactuaimpacta.org\/\">Exposici\u00f3n MENJA, ACTUA, IMPACTA<\/a><\/p>\n<\/blockquote>\n<p>[\/et_pb_blurb][\/et_pb_column][et_pb_column type=\u00bb1_3&#8243; _builder_version=\u00bb4.17.4&#8243; _module_preset=\u00bbdefault\u00bb global_colors_info=\u00bb{}\u00bb][et_pb_blurb image=\u00bbhttps:\/\/fundesplai.org\/wp-content\/uploads\/2022\/07\/6-scaled.jpg\u00bb admin_label=\u00bbIgualtat oportunitats\u00bb _builder_version=\u00bb4.21.0&#8243; _module_preset=\u00bbdefault\u00bb hover_enabled=\u00bb0&#8243; global_colors_info=\u00bb{}\u00bb sticky_enabled=\u00bb0&#8243;]<\/p>\n<p style=\"text-align: center\"><strong>La lucha contra la pobreza y la creaci\u00f3n de condiciones de acceso a un trabajo digno<\/strong> son objetivos irrenunciables para garantizar los derechos de los ni\u00f1os, ni\u00f1as y de los j\u00f3venes. Algunos de nuestros proyectos relacionados:<\/p>\n<blockquote>\n<p style=\"text-align: left\"><a href=\"https:\/\/fundesplai.org\/es\/conoce\/transparencia\/igualdad-de-oportunidades\/\">Igualdad de oportunidades<\/a><\/p>\n<p style=\"text-align: left\"><a href=\"https:\/\/fundesplai.org\/programes-socials-i-joves\/es\/\">Proyectos de acci\u00f3n social y j\u00f3venes<\/a><\/p>\n<p style=\"text-align: left\"><a href=\"https:\/\/formacio.fundesplai.org\/cursos\/cursos-per-a-persones-a-latur\/\">Cursos gratuitos para personas en paro<\/a><\/p>\n<\/blockquote>\n<p>[\/et_pb_blurb][\/et_pb_column][\/et_pb_row][et_pb_row column_structure=\u00bb1_3,1_3,1_3&#8243; _builder_version=\u00bb4.17.4&#8243; _module_preset=\u00bbdefault\u00bb global_colors_info=\u00bb{}\u00bb][et_pb_column type=\u00bb1_3&#8243; _builder_version=\u00bb4.17.4&#8243; _module_preset=\u00bbdefault\u00bb global_colors_info=\u00bb{}\u00bb][et_pb_blurb image=\u00bbhttps:\/\/fundesplai.org\/wp-content\/uploads\/2022\/07\/7-scaled.jpg\u00bb admin_label=\u00bbEducaci\u00f3\u00bb _builder_version=\u00bb4.21.0&#8243; _module_preset=\u00bbdefault\u00bb hover_enabled=\u00bb0&#8243; global_colors_info=\u00bb{}\u00bb sticky_enabled=\u00bb0&#8243;]<\/p>\n<p style=\"text-align: center\"><strong>La educaci\u00f3n de calidad<\/strong> ha sido siempre el eje de nuestra misi\u00f3n. Nuestro objetivo es llegar a muchos m\u00e1s ni\u00f1os, ni\u00f1as, j\u00f3venes y familias y garantizar, el derecho de todos, no s\u00f3lo al acceso a las colonias, esplais o comedor escolar, sino a una <strong>educaci\u00f3n a lo largo de la vida.<\/strong><\/p>\n<blockquote>\n<p style=\"text-align: left\"><a href=\"https:\/\/fundesplai.org\/es\/conoce\/mision-y-valores\/\">Misi\u00f3n y valores<\/a><\/p>\n<p style=\"text-align: left\"><a href=\"https:\/\/fundesplai.org\/es\/conoce\/transparencia\/infancia\/\">Compromisos con la infancia<\/a><\/p>\n<p style=\"text-align: left\"><a href=\"https:\/\/fundesplai.org\/programes-socials-i-joves\/es\/\">Proyectos de acci\u00f3n social y j\u00f3venes<\/a><\/p>\n<p style=\"text-align: left\"><a href=\"https:\/\/fundesplai.org\/es\/conoce\/transparencia\/igualdad-de-oportunidades\/\">Igualdad de oportunidades<\/a><\/p>\n<\/blockquote>\n<p>[\/et_pb_blurb][\/et_pb_column][et_pb_column type=\u00bb1_3&#8243; _builder_version=\u00bb4.17.4&#8243; _module_preset=\u00bbdefault\u00bb global_colors_info=\u00bb{}\u00bb][et_pb_blurb image=\u00bbhttps:\/\/fundesplai.org\/wp-content\/uploads\/2022\/07\/2-scaled.jpg\u00bb admin_label=\u00bbEducaci\u00f3 ambiental\u00bb _builder_version=\u00bb4.21.0&#8243; _module_preset=\u00bbdefault\u00bb hover_enabled=\u00bb0&#8243; global_colors_info=\u00bb{}\u00bb sticky_enabled=\u00bb0&#8243;]<\/p>\n<p style=\"text-align: center\">Revertir el declive de la biodiversidad y el deterioro de los ecosistemas terrestres y marinos son uno de los principales retos de la presente d\u00e9cada. Nuestra labor de <strong>educaci\u00f3n ambiental<\/strong> y las actividades a favor del medio ambiente, cada a\u00f1o llega a miles de ni\u00f1os, ni\u00f1as, j\u00f3venes y familias.<\/p>\n<blockquote>\n<p style=\"text-align: left\"><a href=\"https:\/\/escoles.fundesplai.org\/es\/colonias-escolares-y-naturaleza\/educacion-ambiental\/\">Educaci\u00f3n ambiental en el \u00e1mbito escolar<\/a><\/p>\n<p style=\"text-align: left\"><a href=\"https:\/\/fundesplai.org\/es\/recursos\/propuestas-educativas\/\">Propuestas educativas<\/a><\/p>\n<p style=\"text-align: left\"><a href=\"https:\/\/cases.fundesplai.org\/es\/\">Casas de colonias<\/a><\/p>\n<p style=\"text-align: left\"><a href=\"https:\/\/fundesplai.org\/es\/conoce\/transparencia\/nuestro-compromiso-con-la-sostenibilidad\/\">Compromiso con la sostenibilidad<\/a><\/p>\n<\/blockquote>\n<p>[\/et_pb_blurb][\/et_pb_column][et_pb_column type=\u00bb1_3&#8243; _builder_version=\u00bb4.17.4&#8243; _module_preset=\u00bbdefault\u00bb global_colors_info=\u00bb{}\u00bb][et_pb_blurb image=\u00bbhttps:\/\/fundesplai.org\/wp-content\/uploads\/2022\/07\/1-scaled.jpg\u00bb admin_label=\u00bbSosteniblitat i consum responsable\u00bb _builder_version=\u00bb4.21.0&#8243; _module_preset=\u00bbdefault\u00bb hover_enabled=\u00bb0&#8243; global_colors_info=\u00bb{}\u00bb sticky_enabled=\u00bb0&#8243;]<\/p>\n<p style=\"text-align: center\">A trav\u00e9s de la tarea educativa contribuimos al desarrollo sostenible y estilos de vida en armon\u00eda con la naturaleza. Las oficinas, casas y albergues, aulas de formaci\u00f3n, etc. son <strong>espacios sostenibles, seguros, inclusivos<\/strong> y 100% accesibles.<\/p>\n<blockquote>\n<p style=\"text-align: left\"><a href=\"https:\/\/fundesplai.org\/es\/conoce\/transparencia\/nuestro-compromiso-con-la-sostenibilidad\/\">Nuestro compromiso con la sostenibilidad<\/a><\/p>\n<p style=\"text-align: left\"><a href=\"https:\/\/fundesplai.org\/es\/recursos\/propuestas-educativas\/\">Propuestas educativas<\/a><\/p>\n<p style=\"text-align: left\"><a href=\"https:\/\/menjaactuaimpacta.org\/\">Exposici\u00f3n MENJA, ACTUA, IMPACTA<\/a><\/p>\n<\/blockquote>\n<p>[\/et_pb_blurb][\/et_pb_column][\/et_pb_row][et_pb_row column_structure=\u00bb1_3,1_3,1_3&#8243; _builder_version=\u00bb4.17.4&#8243; _module_preset=\u00bbdefault\u00bb global_colors_info=\u00bb{}\u00bb][et_pb_column type=\u00bb1_3&#8243; _builder_version=\u00bb4.17.4&#8243; _module_preset=\u00bbdefault\u00bb global_colors_info=\u00bb{}\u00bb][et_pb_blurb image=\u00bbhttps:\/\/fundesplai.org\/wp-content\/uploads\/2022\/07\/5-scaled.jpg\u00bb admin_label=\u00bbIgualtat g\u00e8nere + aliances\u00bb _builder_version=\u00bb4.21.0&#8243; _module_preset=\u00bbdefault\u00bb hover_enabled=\u00bb0&#8243; global_colors_info=\u00bb{}\u00bb sticky_enabled=\u00bb0&#8243;]<\/p>\n<p style=\"text-align: center\">Los retos actuales son grandes: emergencia clim\u00e1tica, desempleo juvenil, pobreza, desigualdad de g\u00e9nero&#8230; Es imprescindible que nos pongamos todos y todas. Tenemos la vocaci\u00f3n de construir <strong>nuevos escenarios de oportunidades conjuntamente con otras entidades<\/strong>.<\/p>\n<blockquote>\n<p style=\"text-align: left\"><a href=\"https:\/\/fundesplai.org\/es\/conoce\/transparencia\/alianzas-estrategicas\/\">Alianzas estrat\u00e9gicas<\/a><\/p>\n<p style=\"text-align: left\"><a href=\"https:\/\/fundesplai.org\/wp-content\/uploads\/2023\/03\/II_PLA_DIGUALTAT_rev_23102019_PDF.pdf\">Plan de igualdad<\/a><\/p>\n<p style=\"text-align: left\"><a href=\"https:\/\/fundesplai.org\/es\/conoce\/transparencia\/igualdad-de-oportunidades\/\">Igualdad de oportunidades<\/a><\/p>\n<p style=\"text-align: left\"><a href=\"https:\/\/suport.fundesplai.org\/es\/\">Apoyo Tercer Sector<\/a><\/p>\n<\/blockquote>\n<p>[\/et_pb_blurb][\/et_pb_column][et_pb_column type=\u00bb1_3&#8243; _builder_version=\u00bb4.17.4&#8243; _module_preset=\u00bbdefault\u00bb global_colors_info=\u00bb{}\u00bb][et_pb_blurb image=\u00bbhttps:\/\/fundesplai.org\/wp-content\/uploads\/2022\/07\/DSC_9075-scaled.jpg\u00bb admin_label=\u00bbEducaci\u00f3 per a la PAu i la ciutadania i inserici\u00f3 social\u00bb _builder_version=\u00bb4.21.0&#8243; _module_preset=\u00bbdefault\u00bb hover_enabled=\u00bb0&#8243; global_colors_info=\u00bb{}\u00bb sticky_enabled=\u00bb0&#8243;]<\/p>\n<p style=\"text-align: center\">Nuestros <strong>programas para la inclusi\u00f3n social, la educaci\u00f3n para la paz y para la ciudadan\u00eda<\/strong> contribuyen de una manera decisiva a la reducci\u00f3n de las desigualdades y a una sociedad m\u00e1s justa.<\/p>\n<blockquote>\n<p style=\"text-align: left\"><a href=\"https:\/\/fundesplai.org\/es\/conoce\/transparencia\/igualdad-de-oportunidades\/\">Igualdad de oportunidades<\/a><\/p>\n<p style=\"text-align: left\"><a href=\"https:\/\/fundesplai.org\/es\/recursos\/propuestas-educativas\/\">Propuestas educativas<\/a><\/p>\n<p style=\"text-align: left\"><a href=\"https:\/\/fundesplai.org\/programes-socials-i-joves\/es\/\">Proyectos de acci\u00f3n social y j\u00f3venes<\/a><\/p>\n<p style=\"text-align: left\"><a href=\"https:\/\/fundesplai.org\/es\/conoce\/transparencia\/alianzas-estrategicas\/\">Alianzas estrat\u00e9gicas<\/a><\/p>\n<p style=\"text-align: left\"><a href=\"https:\/\/fundesplai.org\/es\/conoce\/transparencia\/\">Transparencia<\/a><\/p>\n<\/blockquote>\n<p>[\/et_pb_blurb][\/et_pb_column][et_pb_column type=\u00bb1_3&#8243; _builder_version=\u00bb4.17.4&#8243; _module_preset=\u00bbdefault\u00bb global_colors_info=\u00bb{}\u00bb][\/et_pb_column][\/et_pb_row][\/et_pb_section][et_pb_section fb_built=\u00bb1&#8243; _builder_version=\u00bb4.19.0&#8243; _module_preset=\u00bbdefault\u00bb global_colors_info=\u00bb{}\u00bb][et_pb_row _builder_version=\u00bb4.19.0&#8243; _module_preset=\u00bbdefault\u00bb background_color=\u00bbRGBA(255,255,255,0)\u00bb custom_margin=\u00bb50px||||false|false\u00bb global_colors_info=\u00bb{}\u00bb][et_pb_column type=\u00bb4_4&#8243; _builder_version=\u00bb4.19.0&#8243; _module_preset=\u00bbdefault\u00bb global_colors_info=\u00bb{}\u00bb][et_pb_button button_url=\u00bbhttps:\/\/fundesplai.org\/es\/conoce\/transparencia\/\u00bb button_text=\u00bbVisita el portal de transparencia para zambullirte en la entidad\u00bb button_alignment=\u00bbcenter\u00bb _builder_version=\u00bb4.19.0&#8243; _module_preset=\u00bbdefault\u00bb global_colors_info=\u00bb{}\u00bb][\/et_pb_button][\/et_pb_column][\/et_pb_row][\/et_pb_section]<\/p>\n","protected":false},"excerpt":{"rendered":"<p>Fundesplai se ha adherido al Acuerdo Nacional para la Agenda 2030, con el fin de alcanzar los 17 ODS fijados para las Naciones Unidas.<\/p>\n","protected":false},"author":26,"featured_media":0,"parent":46765,"menu_order":0,"comment_status":"closed","ping_status":"closed","template":"","meta":{"_et_pb_use_builder":"on","_et_pb_old_content":"","_et_gb_content_width":"","footnotes":""},"class_list":["post-46847","page","type-page","status-publish","hentry"],"yoast_head":"<!-- This site is optimized with the Yoast SEO plugin v27.4 - https:\/\/yoast.com\/product\/yoast-seo-wordpress\/ -->\n<title>Fundesplai con los ODS - Fundesplai<\/title>\n<meta name=\"description\" content=\"Fundesplai se ha adherido al Acuerdo Nacional para la Agenda 2030, con el fin de alcanzar los 17 ODS fijados para las Naciones Unidas.\" \/>\n<meta name=\"robots\" content=\"index, follow, max-snippet:-1, max-image-preview:large, max-video-preview:-1\" \/>\n<link rel=\"canonical\" href=\"https:\/\/fundesplai.org\/es\/conoce\/transparencia\/fundesplai-con-los-ods\/\" \/>\n<meta property=\"og:locale\" content=\"es_ES\" \/>\n<meta property=\"og:type\" content=\"article\" \/>\n<meta property=\"og:title\" content=\"Fundesplai con los ODS - Fundesplai\" \/>\n<meta property=\"og:description\" content=\"Fundesplai se ha adherido al Acuerdo Nacional para la Agenda 2030, con el fin de alcanzar los 17 ODS fijados para las Naciones Unidas.\" \/>\n<meta property=\"og:url\" content=\"https:\/\/fundesplai.org\/es\/conoce\/transparencia\/fundesplai-con-los-ods\/\" \/>\n<meta property=\"og:site_name\" content=\"Fundesplai\" \/>\n<meta property=\"article:modified_time\" content=\"2024-07-24T10:00:56+00:00\" \/>\n<meta name=\"twitter:card\" content=\"summary_large_image\" \/>\n<meta name=\"twitter:label1\" content=\"Tiempo de lectura\" \/>\n\t<meta name=\"twitter:data1\" content=\"5 minutos\" \/>\n<script type=\"application\/ld+json\" class=\"yoast-schema-graph\">{\"@context\":\"https:\\\/\\\/schema.org\",\"@graph\":[{\"@type\":\"WebPage\",\"@id\":\"https:\\\/\\\/fundesplai.org\\\/es\\\/conoce\\\/transparencia\\\/fundesplai-con-los-ods\\\/\",\"url\":\"https:\\\/\\\/fundesplai.org\\\/es\\\/conoce\\\/transparencia\\\/fundesplai-con-los-ods\\\/\",\"name\":\"Fundesplai con los ODS - Fundesplai\",\"isPartOf\":{\"@id\":\"https:\\\/\\\/fundesplai.org\\\/es\\\/#website\"},\"datePublished\":\"2022-07-12T10:55:40+00:00\",\"dateModified\":\"2024-07-24T10:00:56+00:00\",\"description\":\"Fundesplai se ha adherido al Acuerdo Nacional para la Agenda 2030, con el fin de alcanzar los 17 ODS fijados para las Naciones Unidas.\",\"breadcrumb\":{\"@id\":\"https:\\\/\\\/fundesplai.org\\\/es\\\/conoce\\\/transparencia\\\/fundesplai-con-los-ods\\\/#breadcrumb\"},\"inLanguage\":\"es\",\"potentialAction\":[{\"@type\":\"ReadAction\",\"target\":[\"https:\\\/\\\/fundesplai.org\\\/es\\\/conoce\\\/transparencia\\\/fundesplai-con-los-ods\\\/\"]}]},{\"@type\":\"BreadcrumbList\",\"@id\":\"https:\\\/\\\/fundesplai.org\\\/es\\\/conoce\\\/transparencia\\\/fundesplai-con-los-ods\\\/#breadcrumb\",\"itemListElement\":[{\"@type\":\"ListItem\",\"position\":1,\"name\":\"Inici\",\"item\":\"https:\\\/\\\/fundesplai.org\\\/es\\\/inicio\\\/\"},{\"@type\":\"ListItem\",\"position\":2,\"name\":\"Conoce\",\"item\":\"https:\\\/\\\/fundesplai.org\\\/es\\\/conoce\\\/\"},{\"@type\":\"ListItem\",\"position\":3,\"name\":\"Transparencia\",\"item\":\"https:\\\/\\\/fundesplai.org\\\/es\\\/conoce\\\/transparencia\\\/\"},{\"@type\":\"ListItem\",\"position\":4,\"name\":\"Fundesplai con los ODS\"}]},{\"@type\":\"WebSite\",\"@id\":\"https:\\\/\\\/fundesplai.org\\\/es\\\/#website\",\"url\":\"https:\\\/\\\/fundesplai.org\\\/es\\\/\",\"name\":\"Fundesplai\",\"description\":\"Eduquem per la conviv\u00e8ncia i la sostenibilitat\",\"potentialAction\":[{\"@type\":\"SearchAction\",\"target\":{\"@type\":\"EntryPoint\",\"urlTemplate\":\"https:\\\/\\\/fundesplai.org\\\/es\\\/?s={search_term_string}\"},\"query-input\":{\"@type\":\"PropertyValueSpecification\",\"valueRequired\":true,\"valueName\":\"search_term_string\"}}],\"inLanguage\":\"es\"}]}<\/script>\n<!-- \/ Yoast SEO plugin. -->","yoast_head_json":{"title":"Fundesplai con los ODS - Fundesplai","description":"Fundesplai se ha adherido al Acuerdo Nacional para la Agenda 2030, con el fin de alcanzar los 17 ODS fijados para las Naciones Unidas.","robots":{"index":"index","follow":"follow","max-snippet":"max-snippet:-1","max-image-preview":"max-image-preview:large","max-video-preview":"max-video-preview:-1"},"canonical":"https:\/\/fundesplai.org\/es\/conoce\/transparencia\/fundesplai-con-los-ods\/","og_locale":"es_ES","og_type":"article","og_title":"Fundesplai con los ODS - Fundesplai","og_description":"Fundesplai se ha adherido al Acuerdo Nacional para la Agenda 2030, con el fin de alcanzar los 17 ODS fijados para las Naciones Unidas.","og_url":"https:\/\/fundesplai.org\/es\/conoce\/transparencia\/fundesplai-con-los-ods\/","og_site_name":"Fundesplai","article_modified_time":"2024-07-24T10:00:56+00:00","twitter_card":"summary_large_image","twitter_misc":{"Tiempo de lectura":"5 minutos"},"schema":{"@context":"https:\/\/schema.org","@graph":[{"@type":"WebPage","@id":"https:\/\/fundesplai.org\/es\/conoce\/transparencia\/fundesplai-con-los-ods\/","url":"https:\/\/fundesplai.org\/es\/conoce\/transparencia\/fundesplai-con-los-ods\/","name":"Fundesplai con los ODS - Fundesplai","isPartOf":{"@id":"https:\/\/fundesplai.org\/es\/#website"},"datePublished":"2022-07-12T10:55:40+00:00","dateModified":"2024-07-24T10:00:56+00:00","description":"Fundesplai se ha adherido al Acuerdo Nacional para la Agenda 2030, con el fin de alcanzar los 17 ODS fijados para las Naciones Unidas.","breadcrumb":{"@id":"https:\/\/fundesplai.org\/es\/conoce\/transparencia\/fundesplai-con-los-ods\/#breadcrumb"},"inLanguage":"es","potentialAction":[{"@type":"ReadAction","target":["https:\/\/fundesplai.org\/es\/conoce\/transparencia\/fundesplai-con-los-ods\/"]}]},{"@type":"BreadcrumbList","@id":"https:\/\/fundesplai.org\/es\/conoce\/transparencia\/fundesplai-con-los-ods\/#breadcrumb","itemListElement":[{"@type":"ListItem","position":1,"name":"Inici","item":"https:\/\/fundesplai.org\/es\/inicio\/"},{"@type":"ListItem","position":2,"name":"Conoce","item":"https:\/\/fundesplai.org\/es\/conoce\/"},{"@type":"ListItem","position":3,"name":"Transparencia","item":"https:\/\/fundesplai.org\/es\/conoce\/transparencia\/"},{"@type":"ListItem","position":4,"name":"Fundesplai con los ODS"}]},{"@type":"WebSite","@id":"https:\/\/fundesplai.org\/es\/#website","url":"https:\/\/fundesplai.org\/es\/","name":"Fundesplai","description":"Eduquem per la conviv\u00e8ncia i la sostenibilitat","potentialAction":[{"@type":"SearchAction","target":{"@type":"EntryPoint","urlTemplate":"https:\/\/fundesplai.org\/es\/?s={search_term_string}"},"query-input":{"@type":"PropertyValueSpecification","valueRequired":true,"valueName":"search_term_string"}}],"inLanguage":"es"}]}},"_links":{"self":[{"href":"https:\/\/fundesplai.org\/es\/wp-json\/wp\/v2\/pages\/46847","targetHints":{"allow":["GET"]}}],"collection":[{"href":"https:\/\/fundesplai.org\/es\/wp-json\/wp\/v2\/pages"}],"about":[{"href":"https:\/\/fundesplai.org\/es\/wp-json\/wp\/v2\/types\/page"}],"author":[{"embeddable":true,"href":"https:\/\/fundesplai.org\/es\/wp-json\/wp\/v2\/users\/26"}],"replies":[{"embeddable":true,"href":"https:\/\/fundesplai.org\/es\/wp-json\/wp\/v2\/comments?post=46847"}],"version-history":[{"count":20,"href":"https:\/\/fundesplai.org\/es\/wp-json\/wp\/v2\/pages\/46847\/revisions"}],"predecessor-version":[{"id":67036,"href":"https:\/\/fundesplai.org\/es\/wp-json\/wp\/v2\/pages\/46847\/revisions\/67036"}],"up":[{"embeddable":true,"href":"https:\/\/fundesplai.org\/es\/wp-json\/wp\/v2\/pages\/46765"}],"wp:attachment":[{"href":"https:\/\/fundesplai.org\/es\/wp-json\/wp\/v2\/media?parent=46847"}],"curies":[{"name":"wp","href":"https:\/\/api.w.org\/{rel}","templated":true}]}}