{"id":46844,"date":"2022-07-06T16:16:16","date_gmt":"2022-07-06T14:16:16","guid":{"rendered":"https:\/\/fundesplai.org\/conoce\/transparencia\/las-cuentas-claras\/"},"modified":"2025-08-01T12:48:13","modified_gmt":"2025-08-01T10:48:13","slug":"las-cuentas-claras","status":"publish","type":"page","link":"https:\/\/fundesplai.org\/es\/conoce\/transparencia\/las-cuentas-claras\/","title":{"rendered":"Las cuentas claras"},"content":{"rendered":"<p>[et_pb_section fb_built=\u00bb1&#8243; _builder_version=\u00bb4.17.4&#8243; _module_preset=\u00bbdefault\u00bb global_colors_info=\u00bb{}\u00bb][et_pb_row _builder_version=\u00bb4.17.4&#8243; _module_preset=\u00bbdefault\u00bb custom_margin=\u00bb||50px||false|false\u00bb global_colors_info=\u00bb{}\u00bb][et_pb_column type=\u00bb4_4&#8243; _builder_version=\u00bb4.17.4&#8243; _module_preset=\u00bbdefault\u00bb global_colors_info=\u00bb{}\u00bb][et_pb_post_title _builder_version=\u00bb4.17.4&#8243; _module_preset=\u00bbdefault\u00bb global_colors_info=\u00bb{}\u00bb][\/et_pb_post_title][et_pb_text _builder_version=\u00bb4.21.0&#8243; _module_preset=\u00bbdefault\u00bb global_colors_info=\u00bb{}\u00bb]<\/p>\n<p style=\"text-align: center\">La <strong>transparencia econ\u00f3mica<\/strong> es uno de los <a href=\"https:\/\/fundesplai.org\/es\/conoce\/mision-y-valores\/\">valores<\/a> de nuestra entidad. <span dir=\"ltr\" role=\"presentation\">La informaci\u00f3n econ\u00f3mica presentada se refiere a la suma de datos de las entidades de Fundesplai o Fundaci\u00f3n Catalana del Esplai (los centros de esplai, Fundaci\u00f3n Esplai y 7iTria). Los datos que se presentan del \u00faltimo ejercicio se pueden encontrar en proceso de auditor\u00eda y los datos anteriores al \u00faltimo ejercicio se encuentran completamente auditadas por <a href=\"https:\/\/bovemontero.com\/\">Bov\u00e9 Montero y Asociados<\/a>. Para m\u00e1s detalles sobre las auditor\u00edas, certificaciones o contratos con la administraci\u00f3n p\u00fablica, consulta el <a href=\"https:\/\/fundesplai.org\/es\/conoce\/transparencia\/\">portal de transparencia<\/a>.<br \/>\n<\/span><\/p>\n<p>[\/et_pb_text][\/et_pb_column][\/et_pb_row][\/et_pb_section][et_pb_section fb_built=\u00bb1&#8243; _builder_version=\u00bb4.19.0&#8243; _module_preset=\u00bbdefault\u00bb global_colors_info=\u00bb{}\u00bb][et_pb_row _builder_version=\u00bb4.19.0&#8243; _module_preset=\u00bbdefault\u00bb global_colors_info=\u00bb{}\u00bb][et_pb_column type=\u00bb4_4&#8243; _builder_version=\u00bb4.19.0&#8243; _module_preset=\u00bbdefault\u00bb global_colors_info=\u00bb{}\u00bb][et_pb_text admin_label=\u00bbBalan\u00e7 econ\u00f2mic\u00bb _builder_version=\u00bb4.21.0&#8243; _module_preset=\u00bbdefault\u00bb custom_margin=\u00bb||30px||false|false\u00bb global_colors_info=\u00bb{}\u00bb]<\/p>\n<h3 style=\"text-align: center\"><strong>Balance econ\u00f3mico<\/strong><\/h3>\n<p style=\"text-align: center\">Recursos humanos, econ\u00f3micos y patrimoniales<\/p>\n<p>[\/et_pb_text][et_pb_text admin_label=\u00bbGENIALLY BALAN\u00c7 3 anys\u00bb _builder_version=\u00bb4.21.0&#8243; _module_preset=\u00bbdefault\u00bb global_colors_info=\u00bb{}\u00bb]https:\/\/view.genial.ly\/63f35ae233ff4100113659da<\/p>\n<p>&nbsp;<br \/>\n[\/et_pb_text][\/et_pb_column][\/et_pb_row][et_pb_row _builder_version=\u00bb4.19.0&#8243; _module_preset=\u00bbdefault\u00bb global_colors_info=\u00bb{}\u00bb][et_pb_column type=\u00bb4_4&#8243; _builder_version=\u00bb4.19.0&#8243; _module_preset=\u00bbdefault\u00bb global_colors_info=\u00bb{}\u00bb][et_pb_text admin_label=\u00bbBalan\u00e7 agregat\u00bb _builder_version=\u00bb4.19.0&#8243; _module_preset=\u00bbdefault\u00bb custom_margin=\u00bb||30px||false|false\u00bb global_colors_info=\u00bb{}\u00bb]<\/p>\n<h3 style=\"text-align: center\"><strong>Balance agregado<\/strong><\/h3>\n<p style=\"text-align: center\"><span class=\"markedContent\"><span dir=\"ltr\" role=\"presentation\">B<\/span><\/span><span dir=\"ltr\" role=\"presentation\">alance agregado de las entidades asociadas a la Fundaci\u00f3 Catalana del<\/span> <span class=\"markedContent\"><span dir=\"ltr\" role=\"presentation\">E<\/span><\/span><span dir=\"ltr\" role=\"presentation\">spla<\/span>i. Comparativa de 2 a\u00f1os consecutivos.<\/p>\n<p>[\/et_pb_text][et_pb_text admin_label=\u00bbGENIALLY agregat 2 anys\u00bb _builder_version=\u00bb4.19.0&#8243; _module_preset=\u00bbdefault\u00bb global_colors_info=\u00bb{}\u00bb]https:\/\/view.genial.ly\/63f3704bcc051d001125bfc7<\/p>\n<p>&nbsp;<br \/>\n[\/et_pb_text][\/et_pb_column][\/et_pb_row][et_pb_row _builder_version=\u00bb4.19.0&#8243; _module_preset=\u00bbdefault\u00bb global_colors_info=\u00bb{}\u00bb][et_pb_column type=\u00bb4_4&#8243; _builder_version=\u00bb4.19.0&#8243; _module_preset=\u00bbdefault\u00bb global_colors_info=\u00bb{}\u00bb][et_pb_text admin_label=\u00bbEstructura patrimonial i financera\u00bb _builder_version=\u00bb4.19.0&#8243; _module_preset=\u00bbdefault\u00bb custom_margin=\u00bb||30px||false|false\u00bb global_colors_info=\u00bb{}\u00bb]<\/p>\n<h3 style=\"text-align: center\"><strong>Estructura patrimonial y financiera<\/strong><\/h3>\n<p style=\"text-align: center\"><span class=\"markedContent\"><span dir=\"ltr\" role=\"presentation\">B<\/span><\/span><span dir=\"ltr\" role=\"presentation\">alance agregado de las entidades asociadas a la Fundaci\u00f3 Catalana del<\/span> <span class=\"markedContent\"><span dir=\"ltr\" role=\"presentation\">E<\/span><\/span><span dir=\"ltr\" role=\"presentation\">spla<\/span>i. Comparativa de 2 a\u00f1os consecutivos.<\/p>\n<p>[\/et_pb_text][et_pb_text admin_label=\u00bbGENIALLY agregat 2 anys\u00bb _builder_version=\u00bb4.19.0&#8243; _module_preset=\u00bbdefault\u00bb global_colors_info=\u00bb{}\u00bb]https:\/\/view.genial.ly\/63f3bb7f2c050d00189e7703<\/p>\n<p>&nbsp;<br \/>\n[\/et_pb_text][\/et_pb_column][\/et_pb_row][et_pb_row _builder_version=\u00bb4.19.0&#8243; _module_preset=\u00bbdefault\u00bb global_colors_info=\u00bb{}\u00bb][et_pb_column type=\u00bb4_4&#8243; _builder_version=\u00bb4.19.0&#8243; _module_preset=\u00bbdefault\u00bb global_colors_info=\u00bb{}\u00bb][et_pb_text admin_label=\u00bbExplotaci\u00f3, inversions i cr\u00e8dit\u00bb _builder_version=\u00bb4.19.0&#8243; _module_preset=\u00bbdefault\u00bb custom_margin=\u00bb||30px||false|false\u00bb global_colors_info=\u00bb{}\u00bb]<\/p>\n<h3 style=\"text-align: center\"><strong>Explotaci\u00f3n, inversiones y cr\u00e9dito<\/strong><\/h3>\n<p style=\"text-align: center\"><span dir=\"ltr\" role=\"presentation\">Agregados de las entidades asociadas a la Fundaci\u00f3 Catalana del Esplai.<\/span><\/p>\n<p>[\/et_pb_text][et_pb_text admin_label=\u00bbGENIALLY agregat 2 anys\u00bb _builder_version=\u00bb4.19.0&#8243; _module_preset=\u00bbdefault\u00bb global_colors_info=\u00bb{}\u00bb]https:\/\/view.genial.ly\/63f3d25d41418a001071f182<\/p>\n<p>&nbsp;<br \/>\n[\/et_pb_text][\/et_pb_column][\/et_pb_row][et_pb_row column_structure=\u00bb3_4,1_4&#8243; _builder_version=\u00bb4.19.0&#8243; _module_preset=\u00bbdefault\u00bb global_colors_info=\u00bb{}\u00bb][et_pb_column type=\u00bb3_4&#8243; _builder_version=\u00bb4.19.0&#8243; _module_preset=\u00bbdefault\u00bb global_colors_info=\u00bb{}\u00bb][et_pb_text admin_label=\u00bbINFORMES AUDITORIES\u00bb _builder_version=\u00bb4.27.4&#8243; _module_preset=\u00bbdefault\u00bb custom_margin=\u00bb||30px||false|false\u00bb global_colors_info=\u00bb{}\u00bb]<\/p>\n<h3 style=\"text-align: left\"><strong>AUDITOR\u00cdAS ECON\u00d3MICAS<br \/><\/strong><\/h3>\n<p style=\"text-align: left\"><span dir=\"ltr\" role=\"presentation\">Las cuentas presentadas est\u00e1n auditadas por <a href=\"https:\/\/fundesplai.org\/es\/conoce\/transparencia\/\">Bov\u00e9 Montero y Asociados:<\/a><br \/><\/span><\/p>\n<ul>\n<li><a href=\"https:\/\/fundesplai.org\/wp-content\/uploads\/2024\/12\/FCE-Informe-dauditoria-i-comptes-anuals-2024.pdf\">Informe auditor\u00eda 2024<\/a><\/li>\n<li><a href=\"https:\/\/fundesplai.org\/wp-content\/uploads\/2024\/07\/FCE-Informe-d_auditoria-i-comptes-anuals-signats-2023.pdf\">Informe auditor\u00eda 2023<\/a><\/li>\n<li><a href=\"https:\/\/fundesplai.org\/wp-content\/uploads\/2023\/06\/SERVEIS-FCE-Informe-de-auditoria-y-cuentas-anuales-firmadas.pdf\">Informe auditor\u00eda 2022<\/a><\/li>\n<li><a href=\"https:\/\/fundesplai.org\/wp-content\/uploads\/2023\/02\/Memoria_FCE_2021.pdf\">Informe auditor\u00eda 2021<\/a><\/li>\n<li><a href=\"https:\/\/fundesplai.org\/wp-content\/uploads\/2023\/02\/Memoria_FCE_2020.pdf\">Informe auditor\u00eda 2020<\/a><\/li>\n<li><a href=\"https:\/\/fundesplai.org\/wp-content\/uploads\/2023\/02\/AUDITORIA__FCE_2019.pdf\">Informe auditor\u00eda 2019<\/a><\/li>\n<li><a href=\"https:\/\/fundesplai.org\/wp-content\/uploads\/2023\/02\/MEMORIA_AUDITORIA_FCE_2018.pdf\">Informe auditor\u00eda 2018<\/a><\/li>\n<\/ul>\n<p>[\/et_pb_text][\/et_pb_column][et_pb_column type=\u00bb1_4&#8243; _builder_version=\u00bb4.19.0&#8243; _module_preset=\u00bbdefault\u00bb global_colors_info=\u00bb{}\u00bb][et_pb_image src=\u00bbhttps:\/\/fundesplai.org\/wp-content\/uploads\/2023\/02\/Bove-montero-y-asociados-logo.jpg\u00bb title_text=\u00bbBove montero y asociados logo\u00bb align=\u00bbcenter\u00bb _builder_version=\u00bb4.19.0&#8243; _module_preset=\u00bbdefault\u00bb custom_margin=\u00bb40px||||false|false\u00bb global_colors_info=\u00bb{}\u00bb][\/et_pb_image][\/et_pb_column][\/et_pb_row][et_pb_row _builder_version=\u00bb4.19.0&#8243; _module_preset=\u00bbdefault\u00bb custom_margin=\u00bb40px||||false|false\u00bb global_colors_info=\u00bb{}\u00bb][et_pb_column type=\u00bb4_4&#8243; _builder_version=\u00bb4.19.0&#8243; _module_preset=\u00bbdefault\u00bb global_colors_info=\u00bb{}\u00bb][et_pb_button button_url=\u00bbhttps:\/\/fundesplai.org\/es\/conoce\/transparencia\/\u00bb button_text=\u00bbVisita el portal de transparencia para m\u00e1s detalles\u00bb button_alignment=\u00bbcenter\u00bb _builder_version=\u00bb4.19.0&#8243; _module_preset=\u00bbdefault\u00bb global_colors_info=\u00bb{}\u00bb][\/et_pb_button][\/et_pb_column][\/et_pb_row][\/et_pb_section]<\/p>\n","protected":false},"excerpt":{"rendered":"<p>Las cuentas y la informaci\u00f3n econ\u00f3mica presentada se refiere a la suma de datos de las entidades de Fundesplai.<\/p>\n","protected":false},"author":2,"featured_media":0,"parent":46765,"menu_order":0,"comment_status":"closed","ping_status":"closed","template":"","meta":{"_et_pb_use_builder":"on","_et_pb_old_content":"","_et_gb_content_width":"","footnotes":""},"class_list":["post-46844","page","type-page","status-publish","hentry"],"yoast_head":"<!-- This site is optimized with the Yoast SEO plugin v27.4 - https:\/\/yoast.com\/product\/yoast-seo-wordpress\/ -->\n<title>Las cuentas claras - Fundesplai<\/title>\n<meta name=\"description\" content=\"Las cuentas y la informaci\u00f3n econ\u00f3mica presentada se refiere a la suma de datos de las entidades de Fundesplai.\" \/>\n<meta name=\"robots\" content=\"index, follow, max-snippet:-1, max-image-preview:large, max-video-preview:-1\" \/>\n<link rel=\"canonical\" href=\"https:\/\/fundesplai.org\/es\/conoce\/transparencia\/las-cuentas-claras\/\" \/>\n<meta property=\"og:locale\" content=\"es_ES\" \/>\n<meta property=\"og:type\" content=\"article\" \/>\n<meta property=\"og:title\" content=\"Las cuentas claras - Fundesplai\" \/>\n<meta property=\"og:description\" content=\"Las cuentas y la informaci\u00f3n econ\u00f3mica presentada se refiere a la suma de datos de las entidades de Fundesplai.\" \/>\n<meta property=\"og:url\" content=\"https:\/\/fundesplai.org\/es\/conoce\/transparencia\/las-cuentas-claras\/\" \/>\n<meta property=\"og:site_name\" content=\"Fundesplai\" \/>\n<meta property=\"article:modified_time\" content=\"2025-08-01T10:48:13+00:00\" \/>\n<meta name=\"twitter:card\" content=\"summary_large_image\" \/>\n<meta name=\"twitter:label1\" content=\"Tiempo de lectura\" \/>\n\t<meta name=\"twitter:data1\" content=\"2 minutos\" \/>\n<script type=\"application\/ld+json\" class=\"yoast-schema-graph\">{\"@context\":\"https:\\\/\\\/schema.org\",\"@graph\":[{\"@type\":\"WebPage\",\"@id\":\"https:\\\/\\\/fundesplai.org\\\/es\\\/conoce\\\/transparencia\\\/las-cuentas-claras\\\/\",\"url\":\"https:\\\/\\\/fundesplai.org\\\/es\\\/conoce\\\/transparencia\\\/las-cuentas-claras\\\/\",\"name\":\"Las cuentas claras - Fundesplai\",\"isPartOf\":{\"@id\":\"https:\\\/\\\/fundesplai.org\\\/es\\\/#website\"},\"datePublished\":\"2022-07-06T14:16:16+00:00\",\"dateModified\":\"2025-08-01T10:48:13+00:00\",\"description\":\"Las cuentas y la informaci\u00f3n econ\u00f3mica presentada se refiere a la suma de datos de las entidades de Fundesplai.\",\"breadcrumb\":{\"@id\":\"https:\\\/\\\/fundesplai.org\\\/es\\\/conoce\\\/transparencia\\\/las-cuentas-claras\\\/#breadcrumb\"},\"inLanguage\":\"es\",\"potentialAction\":[{\"@type\":\"ReadAction\",\"target\":[\"https:\\\/\\\/fundesplai.org\\\/es\\\/conoce\\\/transparencia\\\/las-cuentas-claras\\\/\"]}]},{\"@type\":\"BreadcrumbList\",\"@id\":\"https:\\\/\\\/fundesplai.org\\\/es\\\/conoce\\\/transparencia\\\/las-cuentas-claras\\\/#breadcrumb\",\"itemListElement\":[{\"@type\":\"ListItem\",\"position\":1,\"name\":\"Inici\",\"item\":\"https:\\\/\\\/fundesplai.org\\\/es\\\/inicio\\\/\"},{\"@type\":\"ListItem\",\"position\":2,\"name\":\"Conoce\",\"item\":\"https:\\\/\\\/fundesplai.org\\\/es\\\/conoce\\\/\"},{\"@type\":\"ListItem\",\"position\":3,\"name\":\"Transparencia\",\"item\":\"https:\\\/\\\/fundesplai.org\\\/es\\\/conoce\\\/transparencia\\\/\"},{\"@type\":\"ListItem\",\"position\":4,\"name\":\"Las cuentas claras\"}]},{\"@type\":\"WebSite\",\"@id\":\"https:\\\/\\\/fundesplai.org\\\/es\\\/#website\",\"url\":\"https:\\\/\\\/fundesplai.org\\\/es\\\/\",\"name\":\"Fundesplai\",\"description\":\"Eduquem per la conviv\u00e8ncia i la sostenibilitat\",\"potentialAction\":[{\"@type\":\"SearchAction\",\"target\":{\"@type\":\"EntryPoint\",\"urlTemplate\":\"https:\\\/\\\/fundesplai.org\\\/es\\\/?s={search_term_string}\"},\"query-input\":{\"@type\":\"PropertyValueSpecification\",\"valueRequired\":true,\"valueName\":\"search_term_string\"}}],\"inLanguage\":\"es\"}]}<\/script>\n<!-- \/ Yoast SEO plugin. -->","yoast_head_json":{"title":"Las cuentas claras - Fundesplai","description":"Las cuentas y la informaci\u00f3n econ\u00f3mica presentada se refiere a la suma de datos de las entidades de Fundesplai.","robots":{"index":"index","follow":"follow","max-snippet":"max-snippet:-1","max-image-preview":"max-image-preview:large","max-video-preview":"max-video-preview:-1"},"canonical":"https:\/\/fundesplai.org\/es\/conoce\/transparencia\/las-cuentas-claras\/","og_locale":"es_ES","og_type":"article","og_title":"Las cuentas claras - Fundesplai","og_description":"Las cuentas y la informaci\u00f3n econ\u00f3mica presentada se refiere a la suma de datos de las entidades de Fundesplai.","og_url":"https:\/\/fundesplai.org\/es\/conoce\/transparencia\/las-cuentas-claras\/","og_site_name":"Fundesplai","article_modified_time":"2025-08-01T10:48:13+00:00","twitter_card":"summary_large_image","twitter_misc":{"Tiempo de lectura":"2 minutos"},"schema":{"@context":"https:\/\/schema.org","@graph":[{"@type":"WebPage","@id":"https:\/\/fundesplai.org\/es\/conoce\/transparencia\/las-cuentas-claras\/","url":"https:\/\/fundesplai.org\/es\/conoce\/transparencia\/las-cuentas-claras\/","name":"Las cuentas claras - Fundesplai","isPartOf":{"@id":"https:\/\/fundesplai.org\/es\/#website"},"datePublished":"2022-07-06T14:16:16+00:00","dateModified":"2025-08-01T10:48:13+00:00","description":"Las cuentas y la informaci\u00f3n econ\u00f3mica presentada se refiere a la suma de datos de las entidades de Fundesplai.","breadcrumb":{"@id":"https:\/\/fundesplai.org\/es\/conoce\/transparencia\/las-cuentas-claras\/#breadcrumb"},"inLanguage":"es","potentialAction":[{"@type":"ReadAction","target":["https:\/\/fundesplai.org\/es\/conoce\/transparencia\/las-cuentas-claras\/"]}]},{"@type":"BreadcrumbList","@id":"https:\/\/fundesplai.org\/es\/conoce\/transparencia\/las-cuentas-claras\/#breadcrumb","itemListElement":[{"@type":"ListItem","position":1,"name":"Inici","item":"https:\/\/fundesplai.org\/es\/inicio\/"},{"@type":"ListItem","position":2,"name":"Conoce","item":"https:\/\/fundesplai.org\/es\/conoce\/"},{"@type":"ListItem","position":3,"name":"Transparencia","item":"https:\/\/fundesplai.org\/es\/conoce\/transparencia\/"},{"@type":"ListItem","position":4,"name":"Las cuentas claras"}]},{"@type":"WebSite","@id":"https:\/\/fundesplai.org\/es\/#website","url":"https:\/\/fundesplai.org\/es\/","name":"Fundesplai","description":"Eduquem per la conviv\u00e8ncia i la sostenibilitat","potentialAction":[{"@type":"SearchAction","target":{"@type":"EntryPoint","urlTemplate":"https:\/\/fundesplai.org\/es\/?s={search_term_string}"},"query-input":{"@type":"PropertyValueSpecification","valueRequired":true,"valueName":"search_term_string"}}],"inLanguage":"es"}]}},"_links":{"self":[{"href":"https:\/\/fundesplai.org\/es\/wp-json\/wp\/v2\/pages\/46844","targetHints":{"allow":["GET"]}}],"collection":[{"href":"https:\/\/fundesplai.org\/es\/wp-json\/wp\/v2\/pages"}],"about":[{"href":"https:\/\/fundesplai.org\/es\/wp-json\/wp\/v2\/types\/page"}],"author":[{"embeddable":true,"href":"https:\/\/fundesplai.org\/es\/wp-json\/wp\/v2\/users\/2"}],"replies":[{"embeddable":true,"href":"https:\/\/fundesplai.org\/es\/wp-json\/wp\/v2\/comments?post=46844"}],"version-history":[{"count":23,"href":"https:\/\/fundesplai.org\/es\/wp-json\/wp\/v2\/pages\/46844\/revisions"}],"predecessor-version":[{"id":76891,"href":"https:\/\/fundesplai.org\/es\/wp-json\/wp\/v2\/pages\/46844\/revisions\/76891"}],"up":[{"embeddable":true,"href":"https:\/\/fundesplai.org\/es\/wp-json\/wp\/v2\/pages\/46765"}],"wp:attachment":[{"href":"https:\/\/fundesplai.org\/es\/wp-json\/wp\/v2\/media?parent=46844"}],"curies":[{"name":"wp","href":"https:\/\/api.w.org\/{rel}","templated":true}]}}