{"id":46825,"date":"2023-02-26T17:58:33","date_gmt":"2023-02-26T16:58:33","guid":{"rendered":"https:\/\/fundesplai.org\/conoce\/transparencia\/alianzas-estrategicas\/entidades-socias\/"},"modified":"2023-09-28T12:25:02","modified_gmt":"2023-09-28T10:25:02","slug":"entidades-socias","status":"publish","type":"page","link":"https:\/\/fundesplai.org\/es\/conoce\/transparencia\/alianzas-estrategicas\/entidades-socias\/","title":{"rendered":"Entidades socias"},"content":{"rendered":"<p>[et_pb_section fb_built=\u00bb1&#8243; disabled_on=\u00bboff|off|off\u00bb _builder_version=\u00bb4.17.4&#8243; _module_preset=\u00bbdefault\u00bb locked=\u00bboff\u00bb global_colors_info=\u00bb{}\u00bb][et_pb_row _builder_version=\u00bb4.17.4&#8243; _module_preset=\u00bbdefault\u00bb custom_margin=\u00bb30px||||false|false\u00bb global_colors_info=\u00bb{}\u00bb][et_pb_column type=\u00bb4_4&#8243; _builder_version=\u00bb4.17.4&#8243; _module_preset=\u00bbdefault\u00bb global_colors_info=\u00bb{}\u00bb][et_pb_post_title author=\u00bboff\u00bb date=\u00bboff\u00bb _builder_version=\u00bb4.17.4&#8243; _module_preset=\u00bbdefault\u00bb global_colors_info=\u00bb{}\u00bb][\/et_pb_post_title][et_pb_text admin_label=\u00bbexplicaci\u00f3 entitats s\u00f2cies\u00bb _builder_version=\u00bb4.19.0&#8243; _module_preset=\u00bbdefault\u00bb custom_margin=\u00bb||||false|false\u00bb global_colors_info=\u00bb{}\u00bb]<\/p>\n<p style=\"text-align: center\">Las entidades socias son <strong>otras entidades sin \u00e1nimo de lucro<\/strong> con las que compartimos <strong>objetivos y valores<\/strong>, y tienen participaci\u00f3n en nuestros \u00f3rganos de Gobierno. Con las entidades socias trabajamos conjuntamente diversos \u00e1mbitos y desarrollamos proyectos estrat\u00e9gicos.<\/p>\n<p>[\/et_pb_text][\/et_pb_column][\/et_pb_row][et_pb_row column_structure=\u00bb1_4,3_4&#8243; _builder_version=\u00bb4.17.4&#8243; _module_preset=\u00bbdefault\u00bb custom_margin=\u00bb||||false|false\u00bb global_colors_info=\u00bb{}\u00bb][et_pb_column type=\u00bb1_4&#8243; _builder_version=\u00bb4.17.4&#8243; _module_preset=\u00bbdefault\u00bb global_colors_info=\u00bb{}\u00bb][et_pb_image src=\u00bbhttps:\/\/fundesplai.org\/wp-content\/uploads\/2023\/02\/fundacion-esplai.jpg\u00bb alt=\u00bbfundacion esplai\u00bb title_text=\u00bbfundacion esplai\u00bb admin_label=\u00bbFundaci\u00f3n Esplai\u00bb _builder_version=\u00bb4.19.0&#8243; _module_preset=\u00bbdefault\u00bb custom_margin=\u00bb50px|20px|||false|false\u00bb global_colors_info=\u00bb{}\u00bb][\/et_pb_image][\/et_pb_column][et_pb_column type=\u00bb3_4&#8243; _builder_version=\u00bb4.17.4&#8243; _module_preset=\u00bbdefault\u00bb global_colors_info=\u00bb{}\u00bb][et_pb_text _builder_version=\u00bb4.19.0&#8243; _module_preset=\u00bbdefault\u00bb custom_margin=\u00bb30px||||false|false\u00bb global_colors_info=\u00bb{}\u00bb]<\/p>\n<div class=\"elementToProof\">\n<h3>Fundaci\u00f3n Esplai<\/h3>\n<p class=\"intro ContentPasted0\">La<a href=\"https:\/\/fundacionesplai.org\/\"> Fundaci\u00f3n Esplai<\/a> es una <strong>entidad sin \u00e1nimo de lucro de \u00e1mbito estatal<\/strong>, con proyecci\u00f3n internacional, cuya misi\u00f3n es educar a los ni\u00f1os, ni\u00f1as y j\u00f3venes, fortalecer las entidades de ocio y el Tercer Sector, mejorar el medio ambiente y promover la ciudadan\u00eda y la inclusi\u00f3n social, con voluntad transformadora. Fundaci\u00f3n Esplai fue creada por Fundesplai y otras organizaciones del resto del Estado Espa\u00f1ol con la vocaci\u00f3n de <strong>crear sinergias y contribuir a dar respuesta a<\/strong><strong> los retos sociales y educativos<\/strong>. Con Fundaci\u00f3n Esplai nos coordinamos y participamos mutuamente de nuestros \u00f3rganos de Gobierno.<\/p>\n<\/div>\n<p>[\/et_pb_text][\/et_pb_column][\/et_pb_row][et_pb_row _builder_version=\u00bb4.17.4&#8243; _module_preset=\u00bbdefault\u00bb global_colors_info=\u00bb{}\u00bb][et_pb_column type=\u00bb4_4&#8243; _builder_version=\u00bb4.17.4&#8243; _module_preset=\u00bbdefault\u00bb global_colors_info=\u00bb{}\u00bb][et_pb_divider _builder_version=\u00bb4.17.4&#8243; _module_preset=\u00bbdefault\u00bb custom_margin=\u00bb30px||||false|false\u00bb global_colors_info=\u00bb{}\u00bb][\/et_pb_divider][\/et_pb_column][\/et_pb_row][et_pb_row column_structure=\u00bb1_4,3_4&#8243; _builder_version=\u00bb4.17.4&#8243; _module_preset=\u00bbdefault\u00bb global_colors_info=\u00bb{}\u00bb][et_pb_column type=\u00bb1_4&#8243; _builder_version=\u00bb4.17.4&#8243; _module_preset=\u00bbdefault\u00bb global_colors_info=\u00bb{}\u00bb][et_pb_image src=\u00bbhttps:\/\/fundesplai.org\/wp-content\/uploads\/2023\/02\/federacio-calatana-esplai-logo.jpg\u00bb alt=\u00bbfederacio calatana esplai logo\u00bb title_text=\u00bbfederacio calatana esplai logo\u00bb admin_label=\u00bbFederaci\u00f3\u00bb _builder_version=\u00bb4.19.0&#8243; _module_preset=\u00bbdefault\u00bb custom_margin=\u00bb50px|20px|||false|false\u00bb global_colors_info=\u00bb{}\u00bb][\/et_pb_image][\/et_pb_column][et_pb_column type=\u00bb3_4&#8243; _builder_version=\u00bb4.17.4&#8243; _module_preset=\u00bbdefault\u00bb global_colors_info=\u00bb{}\u00bb][et_pb_text _builder_version=\u00bb4.19.0&#8243; _module_preset=\u00bbdefault\u00bb custom_margin=\u00bb50px||||false|false\u00bb global_colors_info=\u00bb{}\u00bb]<\/p>\n<h3>Federaci\u00f3 Catalana del Esplai<\/h3>\n<div>La<a href=\"https:\/\/esplai.fundesplai.org\/\"> Federaci\u00f3 Catalana del Esplai<\/a> es una <strong>entidad sin \u00e1nimo de lucro<\/strong> fundada 1996 por Fundesplai, heredera del Movibaix. La Federaci\u00f3 Catalana del Esplai impulsa el reconocimiento social y educativo de los centros esplais y articula diferentes din\u00e1micas territoriales a trav\u00e9s del trabajo en red.<\/div>\n<p>[\/et_pb_text][\/et_pb_column][\/et_pb_row][et_pb_row _builder_version=\u00bb4.17.4&#8243; _module_preset=\u00bbdefault\u00bb global_colors_info=\u00bb{}\u00bb][et_pb_column type=\u00bb4_4&#8243; _builder_version=\u00bb4.17.4&#8243; _module_preset=\u00bbdefault\u00bb global_colors_info=\u00bb{}\u00bb][et_pb_divider _builder_version=\u00bb4.17.4&#8243; _module_preset=\u00bbdefault\u00bb custom_margin=\u00bb30px||||false|false\u00bb global_colors_info=\u00bb{}\u00bb][\/et_pb_divider][\/et_pb_column][\/et_pb_row][et_pb_row column_structure=\u00bb1_4,3_4&#8243; _builder_version=\u00bb4.17.4&#8243; _module_preset=\u00bbdefault\u00bb global_colors_info=\u00bb{}\u00bb][et_pb_column type=\u00bb1_4&#8243; _builder_version=\u00bb4.17.4&#8243; _module_preset=\u00bbdefault\u00bb global_colors_info=\u00bb{}\u00bb][et_pb_image src=\u00bbhttps:\/\/fundesplai.org\/wp-content\/uploads\/2023\/02\/logo-cram.jpg\u00bb title_text=\u00bblogo cram\u00bb align=\u00bbcenter\u00bb admin_label=\u00bbCRAM\u00bb _builder_version=\u00bb4.19.0&#8243; _module_preset=\u00bbdefault\u00bb custom_margin=\u00bb40px|20px|||false|false\u00bb global_colors_info=\u00bb{}\u00bb][\/et_pb_image][\/et_pb_column][et_pb_column type=\u00bb3_4&#8243; _builder_version=\u00bb4.17.4&#8243; _module_preset=\u00bbdefault\u00bb global_colors_info=\u00bb{}\u00bb][et_pb_text _builder_version=\u00bb4.19.0&#8243; _module_preset=\u00bbdefault\u00bb custom_margin=\u00bb30px||||false|false\u00bb global_colors_info=\u00bb{}\u00bb]<\/p>\n<h3>Fundaci\u00f3n CRAM<\/h3>\n<div>El <a href=\"https:\/\/cram.org\/ca\/\">CRAM<\/a> es una <strong>entidad sin \u00e1nimo de lucro<\/strong> dedicada a la protecci\u00f3n del medio marino y de las especies que lo habitan. Sus l\u00edneas de actuaci\u00f3n son la cl\u00ednica y el rescate de la fauna marina, la investigaci\u00f3n y la conservaci\u00f3n de especies y ecosistemas marinos y la sensibilizaci\u00f3n a favor de la conservaci\u00f3n de nuestros mares y oc\u00e9anos. En 2020 se establece un convenio de colaboraci\u00f3n CRAM &#8211; Fundesplai y participamos mutuamente de los \u00f3rganos de Gobierno.<\/div>\n<p>[\/et_pb_text][\/et_pb_column][\/et_pb_row][et_pb_row _builder_version=\u00bb4.17.4&#8243; _module_preset=\u00bbdefault\u00bb global_colors_info=\u00bb{}\u00bb][et_pb_column type=\u00bb4_4&#8243; _builder_version=\u00bb4.17.4&#8243; _module_preset=\u00bbdefault\u00bb global_colors_info=\u00bb{}\u00bb][et_pb_divider _builder_version=\u00bb4.17.4&#8243; _module_preset=\u00bbdefault\u00bb custom_margin=\u00bb30px||||false|false\u00bb global_colors_info=\u00bb{}\u00bb][\/et_pb_divider][\/et_pb_column][\/et_pb_row][et_pb_row column_structure=\u00bb1_4,3_4&#8243; _builder_version=\u00bb4.17.4&#8243; _module_preset=\u00bbdefault\u00bb global_colors_info=\u00bb{}\u00bb][et_pb_column type=\u00bb1_4&#8243; _builder_version=\u00bb4.17.4&#8243; _module_preset=\u00bbdefault\u00bb global_colors_info=\u00bb{}\u00bb][et_pb_image src=\u00bbhttps:\/\/fundesplai.org\/wp-content\/uploads\/2023\/02\/Logo-Procerrado.jpg\u00bb title_text=\u00bbLogo Procerrado\u00bb admin_label=\u00bbProcerrado\u00bb _builder_version=\u00bb4.19.0&#8243; _module_preset=\u00bbdefault\u00bb width=\u00bb90%\u00bb max_width=\u00bb90%\u00bb custom_margin=\u00bb40px|20px|||false|false\u00bb global_colors_info=\u00bb{}\u00bb][\/et_pb_image][\/et_pb_column][et_pb_column type=\u00bb3_4&#8243; _builder_version=\u00bb4.17.4&#8243; _module_preset=\u00bbdefault\u00bb global_colors_info=\u00bb{}\u00bb][et_pb_text _builder_version=\u00bb4.19.0&#8243; _module_preset=\u00bbdefault\u00bb custom_margin=\u00bb30px||||false|false\u00bb global_colors_info=\u00bb{}\u00bb]<\/p>\n<h3>Funda\u00e7\u00e3o Pr\u00f3-Cerrado<\/h3>\n<div><a href=\"https:\/\/fpc.org.br\/\">Funda\u00e7\u00e3o Pr\u00f3-Cerrado (FPC)<\/a> es una <strong>entidad sin \u00e1nimo de lucro<\/strong>, creada en 1994, en Brasil. Opera en colaboraci\u00f3n con las administraciones p\u00fablicas, el sector privado y el Tercer Sector, llevando a cabo acciones a favor del desarrollo socioecon\u00f3mico con sostenibilidad. La Fundaci\u00f3n Pr\u00f3-Cerrado forma parte del consejo de administraci\u00f3n de <a href=\"https:\/\/www.ligaiberoamericana.org\/\">La Liga Iberoamericana de Organizaciones de la Sociedad Civil<\/a> de la que tambi\u00e9n formamos parte. Desde 2021 colaboramos activamente en varios proyectos.<\/div>\n<p>[\/et_pb_text][\/et_pb_column][\/et_pb_row][et_pb_row _builder_version=\u00bb4.17.4&#8243; _module_preset=\u00bbdefault\u00bb custom_margin=\u00bb40px||||false|false\u00bb locked=\u00bboff\u00bb global_colors_info=\u00bb{}\u00bb][et_pb_column type=\u00bb4_4&#8243; _builder_version=\u00bb4.17.4&#8243; _module_preset=\u00bbdefault\u00bb global_colors_info=\u00bb{}\u00bb][et_pb_text admin_label=\u00bbaltres aliances\u00bb _builder_version=\u00bb4.19.0&#8243; _module_preset=\u00bbdefault\u00bb global_colors_info=\u00bb{}\u00bb]<\/p>\n<h2 style=\"text-align: center\">Otras alianzas<\/h2>\n<p>[\/et_pb_text][\/et_pb_column][\/et_pb_row][et_pb_row column_structure=\u00bb1_3,1_3,1_3&#8243; _builder_version=\u00bb4.17.4&#8243; _module_preset=\u00bbdefault\u00bb custom_margin=\u00bb40px||||false|false\u00bb locked=\u00bboff\u00bb global_colors_info=\u00bb{}\u00bb][et_pb_column type=\u00bb1_3&#8243; _builder_version=\u00bb4.17.4&#8243; _module_preset=\u00bbdefault\u00bb global_colors_info=\u00bb{}\u00bb][et_pb_button button_url=\u00bb@ET-DC@eyJkeW5hbWljIjp0cnVlLCJjb250ZW50IjoicG9zdF9saW5rX3VybF9wYWdlIiwic2V0dGluZ3MiOnsicG9zdF9pZCI6IjM2NTg4In19@\u00bb button_text=\u00bbColaboraci\u00f3n con la Administraci\u00f3n\u00bb button_alignment=\u00bbcenter\u00bb admin_label=\u00bbAdministraci\u00f3\u00bb _builder_version=\u00bb4.19.0&#8243; _dynamic_attributes=\u00bbbutton_url\u00bb _module_preset=\u00bbdefault\u00bb global_colors_info=\u00bb{}\u00bb][\/et_pb_button][\/et_pb_column][et_pb_column type=\u00bb1_3&#8243; _builder_version=\u00bb4.17.4&#8243; _module_preset=\u00bbdefault\u00bb global_colors_info=\u00bb{}\u00bb][et_pb_button button_url=\u00bb@ET-DC@eyJkeW5hbWljIjp0cnVlLCJjb250ZW50IjoicG9zdF9saW5rX3VybF9wYWdlIiwic2V0dGluZ3MiOnsicG9zdF9pZCI6IjM2NjA4In19@\u00bb button_text=\u00bbEntidades y Empresas colaboradoras\u00bb button_alignment=\u00bbcenter\u00bb admin_label=\u00bbEmpreses\u00bb _builder_version=\u00bb4.19.0&#8243; _dynamic_attributes=\u00bbbutton_url\u00bb _module_preset=\u00bbdefault\u00bb global_colors_info=\u00bb{}\u00bb][\/et_pb_button][\/et_pb_column][et_pb_column type=\u00bb1_3&#8243; _builder_version=\u00bb4.17.4&#8243; _module_preset=\u00bbdefault\u00bb global_colors_info=\u00bb{}\u00bb][et_pb_button button_url=\u00bb@ET-DC@eyJkeW5hbWljIjp0cnVlLCJjb250ZW50IjoicG9zdF9saW5rX3VybF9wYWdlIiwic2V0dGluZ3MiOnsicG9zdF9pZCI6IjM2NDU5In19@\u00bb button_text=\u00bbEn red con el Tercer Sector\u00bb button_alignment=\u00bbcenter\u00bb admin_label=\u00bbxarxa\u00bb _builder_version=\u00bb4.19.0&#8243; _dynamic_attributes=\u00bbbutton_url\u00bb _module_preset=\u00bbdefault\u00bb global_colors_info=\u00bb{}\u00bb][\/et_pb_button][\/et_pb_column][\/et_pb_row][\/et_pb_section]<\/p>\n","protected":false},"excerpt":{"rendered":"<p>Las entidades socias son entidades sin \u00e1nimo de lucro con las que compartimos objetivos, y tienen participaci\u00f3n en nuestros \u00f3rganos de Gobierno.<\/p>\n","protected":false},"author":3,"featured_media":0,"parent":46769,"menu_order":0,"comment_status":"closed","ping_status":"closed","template":"","meta":{"_et_pb_use_builder":"on","_et_pb_old_content":"","_et_gb_content_width":"","footnotes":""},"class_list":["post-46825","page","type-page","status-publish","hentry"],"yoast_head":"<!-- This site is optimized with the Yoast SEO plugin v27.4 - https:\/\/yoast.com\/product\/yoast-seo-wordpress\/ -->\n<title>Entidades socias - Fundesplai<\/title>\n<meta name=\"description\" content=\"Las entidades socias son entidades sin \u00e1nimo de lucro con las que compartimos objetivos, y tienen participaci\u00f3n en nuestros \u00f3rganos de Gobierno.\" \/>\n<meta name=\"robots\" content=\"index, follow, max-snippet:-1, max-image-preview:large, max-video-preview:-1\" \/>\n<link rel=\"canonical\" href=\"https:\/\/fundesplai.org\/es\/conoce\/transparencia\/alianzas-estrategicas\/entidades-socias\/\" \/>\n<meta property=\"og:locale\" content=\"es_ES\" \/>\n<meta property=\"og:type\" content=\"article\" \/>\n<meta property=\"og:title\" content=\"Entidades socias - Fundesplai\" \/>\n<meta property=\"og:description\" content=\"Las entidades socias son entidades sin \u00e1nimo de lucro con las que compartimos objetivos, y tienen participaci\u00f3n en nuestros \u00f3rganos de Gobierno.\" \/>\n<meta property=\"og:url\" content=\"https:\/\/fundesplai.org\/es\/conoce\/transparencia\/alianzas-estrategicas\/entidades-socias\/\" \/>\n<meta property=\"og:site_name\" content=\"Fundesplai\" \/>\n<meta property=\"article:modified_time\" content=\"2023-09-28T10:25:02+00:00\" \/>\n<meta name=\"twitter:card\" content=\"summary_large_image\" \/>\n<meta name=\"twitter:label1\" content=\"Tiempo de lectura\" \/>\n\t<meta name=\"twitter:data1\" content=\"7 minutos\" \/>\n<script type=\"application\/ld+json\" class=\"yoast-schema-graph\">{\"@context\":\"https:\\\/\\\/schema.org\",\"@graph\":[{\"@type\":\"WebPage\",\"@id\":\"https:\\\/\\\/fundesplai.org\\\/es\\\/conoce\\\/transparencia\\\/alianzas-estrategicas\\\/entidades-socias\\\/\",\"url\":\"https:\\\/\\\/fundesplai.org\\\/es\\\/conoce\\\/transparencia\\\/alianzas-estrategicas\\\/entidades-socias\\\/\",\"name\":\"Entidades socias - Fundesplai\",\"isPartOf\":{\"@id\":\"https:\\\/\\\/fundesplai.org\\\/es\\\/#website\"},\"datePublished\":\"2023-02-26T16:58:33+00:00\",\"dateModified\":\"2023-09-28T10:25:02+00:00\",\"description\":\"Las entidades socias son entidades sin \u00e1nimo de lucro con las que compartimos objetivos, y tienen participaci\u00f3n en nuestros \u00f3rganos de Gobierno.\",\"breadcrumb\":{\"@id\":\"https:\\\/\\\/fundesplai.org\\\/es\\\/conoce\\\/transparencia\\\/alianzas-estrategicas\\\/entidades-socias\\\/#breadcrumb\"},\"inLanguage\":\"es\",\"potentialAction\":[{\"@type\":\"ReadAction\",\"target\":[\"https:\\\/\\\/fundesplai.org\\\/es\\\/conoce\\\/transparencia\\\/alianzas-estrategicas\\\/entidades-socias\\\/\"]}]},{\"@type\":\"BreadcrumbList\",\"@id\":\"https:\\\/\\\/fundesplai.org\\\/es\\\/conoce\\\/transparencia\\\/alianzas-estrategicas\\\/entidades-socias\\\/#breadcrumb\",\"itemListElement\":[{\"@type\":\"ListItem\",\"position\":1,\"name\":\"Inici\",\"item\":\"https:\\\/\\\/fundesplai.org\\\/es\\\/inicio\\\/\"},{\"@type\":\"ListItem\",\"position\":2,\"name\":\"Conoce\",\"item\":\"https:\\\/\\\/fundesplai.org\\\/es\\\/conoce\\\/\"},{\"@type\":\"ListItem\",\"position\":3,\"name\":\"Transparencia\",\"item\":\"https:\\\/\\\/fundesplai.org\\\/es\\\/conoce\\\/transparencia\\\/\"},{\"@type\":\"ListItem\",\"position\":4,\"name\":\"Alianzas estrat\u00e9gicas\",\"item\":\"https:\\\/\\\/fundesplai.org\\\/es\\\/conoce\\\/transparencia\\\/alianzas-estrategicas\\\/\"},{\"@type\":\"ListItem\",\"position\":5,\"name\":\"Entidades socias\"}]},{\"@type\":\"WebSite\",\"@id\":\"https:\\\/\\\/fundesplai.org\\\/es\\\/#website\",\"url\":\"https:\\\/\\\/fundesplai.org\\\/es\\\/\",\"name\":\"Fundesplai\",\"description\":\"Eduquem per la conviv\u00e8ncia i la sostenibilitat\",\"potentialAction\":[{\"@type\":\"SearchAction\",\"target\":{\"@type\":\"EntryPoint\",\"urlTemplate\":\"https:\\\/\\\/fundesplai.org\\\/es\\\/?s={search_term_string}\"},\"query-input\":{\"@type\":\"PropertyValueSpecification\",\"valueRequired\":true,\"valueName\":\"search_term_string\"}}],\"inLanguage\":\"es\"}]}<\/script>\n<!-- \/ Yoast SEO plugin. -->","yoast_head_json":{"title":"Entidades socias - Fundesplai","description":"Las entidades socias son entidades sin \u00e1nimo de lucro con las que compartimos objetivos, y tienen participaci\u00f3n en nuestros \u00f3rganos de Gobierno.","robots":{"index":"index","follow":"follow","max-snippet":"max-snippet:-1","max-image-preview":"max-image-preview:large","max-video-preview":"max-video-preview:-1"},"canonical":"https:\/\/fundesplai.org\/es\/conoce\/transparencia\/alianzas-estrategicas\/entidades-socias\/","og_locale":"es_ES","og_type":"article","og_title":"Entidades socias - Fundesplai","og_description":"Las entidades socias son entidades sin \u00e1nimo de lucro con las que compartimos objetivos, y tienen participaci\u00f3n en nuestros \u00f3rganos de Gobierno.","og_url":"https:\/\/fundesplai.org\/es\/conoce\/transparencia\/alianzas-estrategicas\/entidades-socias\/","og_site_name":"Fundesplai","article_modified_time":"2023-09-28T10:25:02+00:00","twitter_card":"summary_large_image","twitter_misc":{"Tiempo de lectura":"7 minutos"},"schema":{"@context":"https:\/\/schema.org","@graph":[{"@type":"WebPage","@id":"https:\/\/fundesplai.org\/es\/conoce\/transparencia\/alianzas-estrategicas\/entidades-socias\/","url":"https:\/\/fundesplai.org\/es\/conoce\/transparencia\/alianzas-estrategicas\/entidades-socias\/","name":"Entidades socias - Fundesplai","isPartOf":{"@id":"https:\/\/fundesplai.org\/es\/#website"},"datePublished":"2023-02-26T16:58:33+00:00","dateModified":"2023-09-28T10:25:02+00:00","description":"Las entidades socias son entidades sin \u00e1nimo de lucro con las que compartimos objetivos, y tienen participaci\u00f3n en nuestros \u00f3rganos de Gobierno.","breadcrumb":{"@id":"https:\/\/fundesplai.org\/es\/conoce\/transparencia\/alianzas-estrategicas\/entidades-socias\/#breadcrumb"},"inLanguage":"es","potentialAction":[{"@type":"ReadAction","target":["https:\/\/fundesplai.org\/es\/conoce\/transparencia\/alianzas-estrategicas\/entidades-socias\/"]}]},{"@type":"BreadcrumbList","@id":"https:\/\/fundesplai.org\/es\/conoce\/transparencia\/alianzas-estrategicas\/entidades-socias\/#breadcrumb","itemListElement":[{"@type":"ListItem","position":1,"name":"Inici","item":"https:\/\/fundesplai.org\/es\/inicio\/"},{"@type":"ListItem","position":2,"name":"Conoce","item":"https:\/\/fundesplai.org\/es\/conoce\/"},{"@type":"ListItem","position":3,"name":"Transparencia","item":"https:\/\/fundesplai.org\/es\/conoce\/transparencia\/"},{"@type":"ListItem","position":4,"name":"Alianzas estrat\u00e9gicas","item":"https:\/\/fundesplai.org\/es\/conoce\/transparencia\/alianzas-estrategicas\/"},{"@type":"ListItem","position":5,"name":"Entidades socias"}]},{"@type":"WebSite","@id":"https:\/\/fundesplai.org\/es\/#website","url":"https:\/\/fundesplai.org\/es\/","name":"Fundesplai","description":"Eduquem per la conviv\u00e8ncia i la sostenibilitat","potentialAction":[{"@type":"SearchAction","target":{"@type":"EntryPoint","urlTemplate":"https:\/\/fundesplai.org\/es\/?s={search_term_string}"},"query-input":{"@type":"PropertyValueSpecification","valueRequired":true,"valueName":"search_term_string"}}],"inLanguage":"es"}]}},"_links":{"self":[{"href":"https:\/\/fundesplai.org\/es\/wp-json\/wp\/v2\/pages\/46825","targetHints":{"allow":["GET"]}}],"collection":[{"href":"https:\/\/fundesplai.org\/es\/wp-json\/wp\/v2\/pages"}],"about":[{"href":"https:\/\/fundesplai.org\/es\/wp-json\/wp\/v2\/types\/page"}],"author":[{"embeddable":true,"href":"https:\/\/fundesplai.org\/es\/wp-json\/wp\/v2\/users\/3"}],"replies":[{"embeddable":true,"href":"https:\/\/fundesplai.org\/es\/wp-json\/wp\/v2\/comments?post=46825"}],"version-history":[{"count":14,"href":"https:\/\/fundesplai.org\/es\/wp-json\/wp\/v2\/pages\/46825\/revisions"}],"predecessor-version":[{"id":55503,"href":"https:\/\/fundesplai.org\/es\/wp-json\/wp\/v2\/pages\/46825\/revisions\/55503"}],"up":[{"embeddable":true,"href":"https:\/\/fundesplai.org\/es\/wp-json\/wp\/v2\/pages\/46769"}],"wp:attachment":[{"href":"https:\/\/fundesplai.org\/es\/wp-json\/wp\/v2\/media?parent=46825"}],"curies":[{"name":"wp","href":"https:\/\/api.w.org\/{rel}","templated":true}]}}