{"id":827,"date":"2018-01-30T11:07:39","date_gmt":"2018-01-30T10:07:39","guid":{"rendered":"http:\/\/projectes.fundesplai.org\/encoratjat\/?page_id=827"},"modified":"2018-01-30T11:07:39","modified_gmt":"2018-01-30T10:07:39","slug":"video-espots-encoratjat","status":"publish","type":"page","link":"https:\/\/fundesplai.org\/encoratjat\/video-espots-encoratjat\/","title":{"rendered":"V\u00eddeo espots EnCORatja&#8217;t"},"content":{"rendered":"<p>[et_pb_section bb_built=&#8221;1&#8243; fullwidth=&#8221;off&#8221; specialty=&#8221;on&#8221; next_background_color=&#8221;#000000&#8243;][et_pb_column type=&#8221;1_2&#8243; specialty_columns=&#8221;2&#8243;][et_pb_row_inner admin_label=&#8221;Row&#8221;][et_pb_column_inner type=&#8221;4_4&#8243; saved_specialty_column_type=&#8221;1_2&#8243;][et_pb_text _builder_version=&#8221;3.0.98&#8243; background_layout=&#8221;light&#8221;]<\/p>\n<h1>V\u00eddeo espots EnCORatja&#8217;t!<\/h1>\n<p><strong>El projecte dels V\u00eddeo Espots <\/strong>\u00e9s una proposta de Fundesplai que s\u2019adre\u00e7a als esplais de la Federaci\u00f3 Catalana de l\u2019Esplai i que t\u00e9 com objectiu el<strong> foment del catal\u00e0 a partir de l\u2019\u00fas del llenguatge \u00e0udio visual i les tecnologies digitals.<\/strong> Aquest projecte compta amb el <strong>suport del <a href=\"http:\/\/llengua.gencat.cat\/ca\/inici\/\">Departament de Cultura de la Generalitat de Catalunya<\/a><\/strong> , a trav\u00e9s de la <a href=\"http:\/\/llengua.gencat.cat\/ca\/direccio_general_politica_linguistica\/\"><strong>Direcci\u00f3 General de Pol\u00edtica Ling\u00fc\u00edstica <\/strong><\/a>i de <a href=\"http:\/\/ajuntament.barcelona.cat\/ca\/\"><strong>l&#8217;Ajuntament de Barcelon<\/strong>a<\/a>. El projecte \u00e9s un est\u00edmul per als grups de joves per avesar-se a escriure, interpretar i enregistrar les seves propostes en catal\u00e0. El projecte, basat en la metodologia aprenentatge servei combina tres elements:<\/p>\n<p>&nbsp;<\/p>\n<ol>\n<li>L\u2019aprenentatge d\u2019habilitats per a la creaci\u00f3 de petites produccions \u00e0udio visuals.<\/li>\n<li>La reflexi\u00f3 al voltant de la tem\u00e0tica de les desigualtats de g\u00e8nere.<\/li>\n<li>La divulgaci\u00f3 de les produccions mitjan\u00e7at una campanya de sensibilitzaci\u00f3.Acci\u00f3 de servei.<\/li>\n<\/ol>\n<p>[\/et_pb_text][et_pb_video _builder_version=&#8221;3.17.6&#8243; src=&#8221;https:\/\/youtu.be\/C_bsMz1r6Gs&#8221; \/][et_pb_video _builder_version=&#8221;3.17.6&#8243; src=&#8221;https:\/\/youtu.be\/1VIs89vpI9M&#8221; \/][\/et_pb_column_inner][\/et_pb_row_inner][\/et_pb_column][et_pb_column type=&#8221;1_2&#8243;][et_pb_gallery _builder_version=&#8221;3.17.6&#8243; gallery_ids=&#8221;1247,1248,1249,1250,1251,1252,1253,1254,1255,1256,1257,1258&#8243; zoom_icon_color=&#8221;#833084&#8243; hover_overlay_color=&#8221;rgba(255,255,255,0.9)&#8221; pagination_font_size_tablet=&#8221;51&#8243; pagination_line_height_tablet=&#8221;2&#8243; show_pagination=&#8221;off&#8221; \/][et_pb_video _builder_version=&#8221;3.17.6&#8243; src=&#8221;https:\/\/vimeo.com\/314477027&#8243; \/][\/et_pb_column][\/et_pb_section][et_pb_section bb_built=&#8221;1&#8243; fullwidth=&#8221;off&#8221; specialty=&#8221;on&#8221; prev_background_color=&#8221;#000000&#8243;][et_pb_column type=&#8221;1_2&#8243; specialty_columns=&#8221;2&#8243;][et_pb_row_inner admin_label=&#8221;Row&#8221;][et_pb_column_inner type=&#8221;4_4&#8243; saved_specialty_column_type=&#8221;1_2&#8243;][et_pb_text _builder_version=&#8221;3.17.6&#8243;]<\/p>\n<h1>Espots 2017<\/h1>\n<p>[\/et_pb_text][et_pb_video _builder_version=&#8221;3.0.105&#8243; src=&#8221;https:\/\/www.youtube.com\/watch?v=VOe3DZ6XoeM&amp;feature=youtu.be&#8221; \/][et_pb_video _builder_version=&#8221;3.0.105&#8243; src=&#8221;https:\/\/www.youtube.com\/watch?v=J32QTZAJeYc&amp;feature=youtu.be&#8221; \/][et_pb_video _builder_version=&#8221;3.0.105&#8243; src=&#8221;https:\/\/www.youtube.com\/watch?v=WX1UcSpFGpU&amp;feature=youtu.be&#8221; \/][\/et_pb_column_inner][\/et_pb_row_inner][\/et_pb_column][et_pb_column type=&#8221;1_2&#8243;][et_pb_gallery _builder_version=&#8221;3.0.98&#8243; show_title_and_caption=&#8221;off&#8221; show_pagination=&#8221;on&#8221; gallery_ids=&#8221;844,836,837,838,851,850&#8243; fullwidth=&#8221;off&#8221; orientation=&#8221;landscape&#8221; zoom_icon_color=&#8221;#833084&#8243; hover_overlay_color=&#8221;rgba(255,255,255,0.9)&#8221; background_layout=&#8221;light&#8221; pagination_font_size_tablet=&#8221;51&#8243; pagination_line_height_tablet=&#8221;2&#8243; \/][et_pb_video _builder_version=&#8221;3.0.105&#8243; src=&#8221;https:\/\/www.youtube.com\/watch?v=GNiAEeadq3w&amp;feature=youtu.be&#8221; \/][et_pb_video _builder_version=&#8221;3.0.105&#8243; src=&#8221;https:\/\/www.youtube.com\/watch?v=1XCYSgol60c&amp;feature=youtu.be&#8221; \/][\/et_pb_column][\/et_pb_section]<\/p>\n","protected":false},"excerpt":{"rendered":"<p>V\u00eddeo espots EnCORatja&#8217;t! El projecte dels V\u00eddeo Espots \u00e9s una proposta de Fundesplai que s\u2019adre\u00e7a als esplais de la Federaci\u00f3 Catalana de l\u2019Esplai i que t\u00e9 com objectiu el foment del catal\u00e0 a partir de l\u2019\u00fas del llenguatge \u00e0udio visual i les tecnologies digitals. Aquest projecte compta amb el suport del Departament de Cultura de [&hellip;]<\/p>\n","protected":false},"author":4,"featured_media":0,"parent":0,"menu_order":0,"comment_status":"closed","ping_status":"closed","template":"","meta":{"_et_pb_use_builder":"on","_et_pb_old_content":"","_et_gb_content_width":"","footnotes":""},"class_list":["post-827","page","type-page","status-publish","hentry"],"yoast_head":"<!-- This site is optimized with the Yoast SEO plugin v27.3 - https:\/\/yoast.com\/product\/yoast-seo-wordpress\/ -->\n<title>V\u00eddeo espots EnCORatja&#039;t - Encoratja&#039;t<\/title>\n<meta name=\"robots\" content=\"index, follow, max-snippet:-1, max-image-preview:large, max-video-preview:-1\" \/>\n<link rel=\"canonical\" href=\"https:\/\/fundesplai.org\/encoratjat\/video-espots-encoratjat\/\" \/>\n<meta property=\"og:locale\" content=\"ca_ES\" \/>\n<meta property=\"og:type\" content=\"article\" \/>\n<meta property=\"og:title\" content=\"V\u00eddeo espots EnCORatja&#039;t - Encoratja&#039;t\" \/>\n<meta property=\"og:description\" content=\"V\u00eddeo espots EnCORatja&#039;t! El projecte dels V\u00eddeo Espots \u00e9s una proposta de Fundesplai que s\u2019adre\u00e7a als esplais de la Federaci\u00f3 Catalana de l\u2019Esplai i que t\u00e9 com objectiu el foment del catal\u00e0 a partir de l\u2019\u00fas del llenguatge \u00e0udio visual i les tecnologies digitals. Aquest projecte compta amb el suport del Departament de Cultura de [&hellip;]\" \/>\n<meta property=\"og:url\" content=\"https:\/\/fundesplai.org\/encoratjat\/video-espots-encoratjat\/\" \/>\n<meta property=\"og:site_name\" content=\"Encoratja&#039;t\" \/>\n<meta name=\"twitter:card\" content=\"summary_large_image\" \/>\n<meta name=\"twitter:label1\" content=\"Temps estimat de lectura\" \/>\n\t<meta name=\"twitter:data1\" content=\"2 minuts\" \/>\n<script type=\"application\/ld+json\" class=\"yoast-schema-graph\">{\"@context\":\"https:\\\/\\\/schema.org\",\"@graph\":[{\"@type\":\"WebPage\",\"@id\":\"https:\\\/\\\/fundesplai.org\\\/encoratjat\\\/video-espots-encoratjat\\\/\",\"url\":\"https:\\\/\\\/fundesplai.org\\\/encoratjat\\\/video-espots-encoratjat\\\/\",\"name\":\"V\u00eddeo espots EnCORatja't - Encoratja&#039;t\",\"isPartOf\":{\"@id\":\"https:\\\/\\\/fundesplai.org\\\/encoratjat\\\/#website\"},\"datePublished\":\"2018-01-30T10:07:39+00:00\",\"breadcrumb\":{\"@id\":\"https:\\\/\\\/fundesplai.org\\\/encoratjat\\\/video-espots-encoratjat\\\/#breadcrumb\"},\"inLanguage\":\"ca\",\"potentialAction\":[{\"@type\":\"ReadAction\",\"target\":[\"https:\\\/\\\/fundesplai.org\\\/encoratjat\\\/video-espots-encoratjat\\\/\"]}]},{\"@type\":\"BreadcrumbList\",\"@id\":\"https:\\\/\\\/fundesplai.org\\\/encoratjat\\\/video-espots-encoratjat\\\/#breadcrumb\",\"itemListElement\":[{\"@type\":\"ListItem\",\"position\":1,\"name\":\"Inici\",\"item\":\"\\\/\"},{\"@type\":\"ListItem\",\"position\":2,\"name\":\"Encoratja&#039;t\",\"item\":\"https:\\\/\\\/fundesplai.org\\\/encoratjat\"},{\"@type\":\"ListItem\",\"position\":3,\"name\":\"V\u00eddeo espots EnCORatja&#8217;t\"}]},{\"@type\":\"WebSite\",\"@id\":\"https:\\\/\\\/fundesplai.org\\\/encoratjat\\\/#website\",\"url\":\"https:\\\/\\\/fundesplai.org\\\/encoratjat\\\/\",\"name\":\"Encoratja&#039;t\",\"description\":\"Proposta educativa de Fundesplai\",\"potentialAction\":[{\"@type\":\"SearchAction\",\"target\":{\"@type\":\"EntryPoint\",\"urlTemplate\":\"https:\\\/\\\/fundesplai.org\\\/encoratjat\\\/?s={search_term_string}\"},\"query-input\":{\"@type\":\"PropertyValueSpecification\",\"valueRequired\":true,\"valueName\":\"search_term_string\"}}],\"inLanguage\":\"ca\"}]}<\/script>\n<!-- \/ Yoast SEO plugin. -->","yoast_head_json":{"title":"V\u00eddeo espots EnCORatja't - Encoratja&#039;t","robots":{"index":"index","follow":"follow","max-snippet":"max-snippet:-1","max-image-preview":"max-image-preview:large","max-video-preview":"max-video-preview:-1"},"canonical":"https:\/\/fundesplai.org\/encoratjat\/video-espots-encoratjat\/","og_locale":"ca_ES","og_type":"article","og_title":"V\u00eddeo espots EnCORatja't - Encoratja&#039;t","og_description":"V\u00eddeo espots EnCORatja't! El projecte dels V\u00eddeo Espots \u00e9s una proposta de Fundesplai que s\u2019adre\u00e7a als esplais de la Federaci\u00f3 Catalana de l\u2019Esplai i que t\u00e9 com objectiu el foment del catal\u00e0 a partir de l\u2019\u00fas del llenguatge \u00e0udio visual i les tecnologies digitals. Aquest projecte compta amb el suport del Departament de Cultura de [&hellip;]","og_url":"https:\/\/fundesplai.org\/encoratjat\/video-espots-encoratjat\/","og_site_name":"Encoratja&#039;t","twitter_card":"summary_large_image","twitter_misc":{"Temps estimat de lectura":"2 minuts"},"schema":{"@context":"https:\/\/schema.org","@graph":[{"@type":"WebPage","@id":"https:\/\/fundesplai.org\/encoratjat\/video-espots-encoratjat\/","url":"https:\/\/fundesplai.org\/encoratjat\/video-espots-encoratjat\/","name":"V\u00eddeo espots EnCORatja't - Encoratja&#039;t","isPartOf":{"@id":"https:\/\/fundesplai.org\/encoratjat\/#website"},"datePublished":"2018-01-30T10:07:39+00:00","breadcrumb":{"@id":"https:\/\/fundesplai.org\/encoratjat\/video-espots-encoratjat\/#breadcrumb"},"inLanguage":"ca","potentialAction":[{"@type":"ReadAction","target":["https:\/\/fundesplai.org\/encoratjat\/video-espots-encoratjat\/"]}]},{"@type":"BreadcrumbList","@id":"https:\/\/fundesplai.org\/encoratjat\/video-espots-encoratjat\/#breadcrumb","itemListElement":[{"@type":"ListItem","position":1,"name":"Inici","item":"\/"},{"@type":"ListItem","position":2,"name":"Encoratja&#039;t","item":"https:\/\/fundesplai.org\/encoratjat"},{"@type":"ListItem","position":3,"name":"V\u00eddeo espots EnCORatja&#8217;t"}]},{"@type":"WebSite","@id":"https:\/\/fundesplai.org\/encoratjat\/#website","url":"https:\/\/fundesplai.org\/encoratjat\/","name":"Encoratja&#039;t","description":"Proposta educativa de Fundesplai","potentialAction":[{"@type":"SearchAction","target":{"@type":"EntryPoint","urlTemplate":"https:\/\/fundesplai.org\/encoratjat\/?s={search_term_string}"},"query-input":{"@type":"PropertyValueSpecification","valueRequired":true,"valueName":"search_term_string"}}],"inLanguage":"ca"}]}},"_links":{"self":[{"href":"https:\/\/fundesplai.org\/encoratjat\/wp-json\/wp\/v2\/pages\/827","targetHints":{"allow":["GET"]}}],"collection":[{"href":"https:\/\/fundesplai.org\/encoratjat\/wp-json\/wp\/v2\/pages"}],"about":[{"href":"https:\/\/fundesplai.org\/encoratjat\/wp-json\/wp\/v2\/types\/page"}],"author":[{"embeddable":true,"href":"https:\/\/fundesplai.org\/encoratjat\/wp-json\/wp\/v2\/users\/4"}],"replies":[{"embeddable":true,"href":"https:\/\/fundesplai.org\/encoratjat\/wp-json\/wp\/v2\/comments?post=827"}],"version-history":[{"count":0,"href":"https:\/\/fundesplai.org\/encoratjat\/wp-json\/wp\/v2\/pages\/827\/revisions"}],"wp:attachment":[{"href":"https:\/\/fundesplai.org\/encoratjat\/wp-json\/wp\/v2\/media?parent=827"}],"curies":[{"name":"wp","href":"https:\/\/api.w.org\/{rel}","templated":true}]}}