{"id":519,"date":"2017-09-05T14:02:49","date_gmt":"2017-09-05T12:02:49","guid":{"rendered":"http:\/\/projectes.fundesplai.org\/encoratjat\/?page_id=519"},"modified":"2017-09-05T14:02:49","modified_gmt":"2017-09-05T12:02:49","slug":"lectures","status":"publish","type":"page","link":"https:\/\/fundesplai.org\/encoratjat\/lectures\/","title":{"rendered":"Lectures"},"content":{"rendered":"<p>[et_pb_section bb_built=&#8221;1&#8243;][et_pb_row][et_pb_column type=&#8221;4_4&#8243;][et_pb_post_title _builder_version=&#8221;3.0.73&#8243; title=&#8221;on&#8221; meta=&#8221;off&#8221; author=&#8221;on&#8221; date=&#8221;on&#8221; categories=&#8221;on&#8221; comments=&#8221;on&#8221; featured_image=&#8221;off&#8221; featured_placement=&#8221;below&#8221; parallax_method=&#8221;off&#8221; text_orientation=&#8221;left&#8221; text_color=&#8221;dark&#8221; text_background=&#8221;off&#8221; border_style=&#8221;solid&#8221; animation_style=&#8221;bounce&#8221; \/][et_pb_text _builder_version=&#8221;3.0.73&#8243; background_layout=&#8221;light&#8221; text_orientation=&#8221;left&#8221; border_style=&#8221;solid&#8221; module_alignment=&#8221;left&#8221;]<\/p>\n<h3>Guies did\u00e0ctiques<\/h3>\n<ul>\n<li>Guia per a treballar la diversitat afectiva, sexual i de g\u00e8nere- <a href=\"http:\/\/sindicat.net\/dona\/calaix\/guiasteila.pdf\" target=\"_blank\" rel=\"noopener\">IAC<\/a><\/li>\n<li>Ni ogros ni princesas. Gu\u00eda para la educaci\u00f3n afectivo-sexual en la ESO- <a href=\"https:\/\/www.asturias.es\/Astursalud\/Ficheros\/AS_Salud%20Publica\/AS_Promocion%20de%20la%20Salud\/Educaci%C3%B3n%20afectivo-sexual\/ogros_princesas.pdf\" target=\"_blank\" rel=\"noopener\">Govern d&#8217;Ast\u00faries \u00a0<\/a><\/li>\n<li>Pam a pam, coeduquem. Quadern pedag\u00f2gic per al professorat del cicle formatiu de grau superior d&#8217;educaci\u00f3 infantil- <a href=\"https:\/\/www.google.es\/url?sa=t&amp;rct=j&amp;q=&amp;esrc=s&amp;source=web&amp;cd=1&amp;cad=rja&amp;uact=8&amp;ved=0ahUKEwj-jO6nm47WAhWRbVAKHaC8APcQFggnMAA&amp;url=http%3A%2F%2Fdones.gencat.cat%2Fweb%2F.content%2F03_ambits%2Fdocs%2Fvm_pam_a_pam_coeduquem.pdf&amp;usg=AFQjCNHc76OdF6OYdDMeQjkxGUOEzU-TDw\" target=\"_blank\" rel=\"noopener\">Institut Catal\u00e0 de la Dona. Generalitat de Catalunya<\/a><\/li>\n<li>Guia de prevenci\u00f3 de la viol\u00e8ncia de g\u00e8nere per a entitats de lleure-\u00a0<a href=\"https:\/\/archive.org\/details\/GuiaDePrevenciDeLaViolnciaDeGnerePerAEntitatsDeLleure.No\" target=\"_blank\" rel=\"noopener\">Rosa Tejero Regadera<\/a><\/li>\n<li>Bibliografia b\u00e0sica de cultura LGBTI- <a href=\"http:\/\/biblioteques.gencat.cat\/web\/.content\/tematic\/noticies\/2017\/documents\/LGTBI_2017_ok.pdf\" target=\"_blank\" rel=\"noopener\">Biblioteques p\u00fabliques de Catalunya<\/a><\/li>\n<li>Guia did\u00e0ctica &#8220;L&#8217;escola del dem\u00e0&#8221;- <a href=\"http:\/\/www.coeducaccio.com\/lescola-del-dema-una-experiencia-de-coeducacio-a-bressol-2\/\" target=\"_blank\" rel=\"noopener\">Ajuntament de Barcelona<\/a><\/li>\n<li>Acoso escolar. Estudio sobre bullyng seg\u00fan los afectados y l\u00ednes de actuaci\u00f3n. <a href=\"https:\/\/www.anar.org\/wp-content\/uploads\/2016\/04\/Estudio-Bullying-Seg%C3%BAn-los-Afectados-Abril-2016.pdf\" target=\"_blank\" rel=\"noopener\">Fundaci\u00f3n Anar<\/a><\/li>\n<li>II Estudios sobre acoso escolar y cyberbullying seg\u00fan los afecados. <a href=\"https:\/\/www.anar.org\/wp-content\/uploads\/2017\/04\/INFORME-II-ESTUDIO-CIBERBULLYING.pdf\" target=\"_blank\" rel=\"noopener\">Fundaci\u00f3n Anar<\/a><\/li>\n<li>NOIES I NOIS: TANTS A TANTS Selecci\u00f3 de llibres per impulsar la lectura, la coeducaci\u00f3 i el debat a Parvulari i a l\u2019Educaci\u00f3 Prim\u00e0ria. <a href=\"https:\/\/www.google.es\/url?sa=t&amp;rct=j&amp;q=&amp;esrc=s&amp;source=web&amp;cd=1&amp;cad=rja&amp;uact=8&amp;ved=0ahUKEwiChoDCpJDWAhWGblAKHewEAOgQFggqMAA&amp;url=http%3A%2F%2Fwww.rosasensat.org%2Fantiga%2Fbiblioteca%2FBibliografies%2520infantil%2FTants%2520a%2520tants%2520infantil%2520i%2520primaria.pdf&amp;usg=AFQjCNE-AvWvHwRVFKtAWym6bzUiDBQO7w\" target=\"_blank\" rel=\"noopener\">Rosa Sensat<\/a><\/li>\n<li>La transmissi\u00f3 de valors a trav\u00e9s de les joguines.<a href=\"http:\/\/dones.gencat.cat\/ca\/ambits\/sensibilitzacio\/campanyes\/valors_joguines\/\" target=\"_blank\" rel=\"noopener\"> Institut Catal\u00e0 de les Dones<\/a><\/li>\n<li>Guia per l&#8217;\u00fas no sexita del llenguatge <a href=\"http:\/\/www.uab.cat\/web\/genere\/guia-per-l-us-no-sexista-del-llenguatge-1283150432290.html\">UAB<\/a><\/li>\n<\/ul>\n<p>[\/et_pb_text][\/et_pb_column][\/et_pb_row][et_pb_row][et_pb_column type=&#8221;4_4&#8243;][et_pb_text _builder_version=&#8221;3.0.73&#8243; background_layout=&#8221;light&#8221; text_orientation=&#8221;left&#8221; border_style=&#8221;solid&#8221; module_alignment=&#8221;left&#8221;]<\/p>\n<h3>Llibres<\/h3>\n<p>[\/et_pb_text][\/et_pb_column][\/et_pb_row][et_pb_row][et_pb_column type=&#8221;1_3&#8243;][et_pb_image _builder_version=&#8221;3.0.71&#8243; src=&#8221;https:\/\/projectes.fundesplai.org\/encoratjat\/wp-content\/uploads\/sites\/53\/2017\/09\/9788499219189-e1504691902389.jpg&#8221; show_in_lightbox=&#8221;off&#8221; url_new_window=&#8221;off&#8221; use_overlay=&#8221;off&#8221; sticky=&#8221;off&#8221; align=&#8221;left&#8221; always_center_on_mobile=&#8221;on&#8221; border_style=&#8221;solid&#8221; force_fullwidth=&#8221;off&#8221; animation_style=&#8221;slide&#8221; animation_duration=&#8221;500ms&#8221; animation_intensity_slide=&#8221;10%&#8221; animation_direction=&#8221;left&#8221; \/][et_pb_text _builder_version=&#8221;3.0.71&#8243; background_layout=&#8221;light&#8221; text_orientation=&#8221;left&#8221; border_style=&#8221;solid&#8221; module_alignment=&#8221;left&#8221;]<\/p>\n<p><strong>Coeducaci\u00f3, aposta per la llibertat<\/strong><\/p>\n<p>Marina Subirats<\/p>\n<p>Octaedro Editorial<\/p>\n<p>[\/et_pb_text][et_pb_image _builder_version=&#8221;3.0.73&#8243; src=&#8221;https:\/\/projectes.fundesplai.org\/encoratjat\/wp-content\/uploads\/sites\/53\/2017\/09\/9788471978806.jpg&#8221; show_in_lightbox=&#8221;off&#8221; url_new_window=&#8221;off&#8221; use_overlay=&#8221;off&#8221; sticky=&#8221;off&#8221; align=&#8221;left&#8221; always_center_on_mobile=&#8221;on&#8221; border_style=&#8221;solid&#8221; force_fullwidth=&#8221;off&#8221; \/][et_pb_text _builder_version=&#8221;3.0.73&#8243; background_layout=&#8221;light&#8221; text_orientation=&#8221;left&#8221; border_style=&#8221;solid&#8221; module_alignment=&#8221;left&#8221;]<\/p>\n<p><strong>Educaci\u00f3n emocional. Programa 3-6 a\u00f1os<\/strong><\/p>\n<p>\u00c8lia L\u00f3pez Cass\u00e0 (coordinadora)<\/p>\n<p>Wolters Kluwer<\/p>\n<p>[\/et_pb_text][et_pb_image _builder_version=&#8221;3.0.73&#8243; src=&#8221;https:\/\/projectes.fundesplai.org\/encoratjat\/wp-content\/uploads\/sites\/53\/2017\/09\/desde-dentro-aula-de-elena.jpg&#8221; show_in_lightbox=&#8221;off&#8221; url_new_window=&#8221;off&#8221; use_overlay=&#8221;off&#8221; sticky=&#8221;off&#8221; align=&#8221;left&#8221; always_center_on_mobile=&#8221;on&#8221; border_style=&#8221;solid&#8221; force_fullwidth=&#8221;off&#8221; \/][et_pb_text _builder_version=&#8221;3.0.73&#8243; background_layout=&#8221;light&#8221; text_orientation=&#8221;left&#8221; border_style=&#8221;solid&#8221; module_alignment=&#8221;left&#8221;]<\/p>\n<p><strong>Desde Dentro. Cuadernos de Educaci\u00f3n Emocional y Valores. (6 volums)<\/strong><\/p>\n<p>Noem\u00ed Fern\u00e1ndez Selva<\/p>\n<p>Salvatella Editorial<\/p>\n<p>[\/et_pb_text][\/et_pb_column][et_pb_column type=&#8221;1_3&#8243;][et_pb_image _builder_version=&#8221;3.0.71&#8243; src=&#8221;https:\/\/projectes.fundesplai.org\/encoratjat\/wp-content\/uploads\/sites\/53\/2017\/09\/41mkYt0o3IL._SX324_BO1204203200_.jpg&#8221; show_in_lightbox=&#8221;off&#8221; url_new_window=&#8221;off&#8221; use_overlay=&#8221;off&#8221; sticky=&#8221;off&#8221; align=&#8221;left&#8221; always_center_on_mobile=&#8221;on&#8221; border_style=&#8221;solid&#8221; force_fullwidth=&#8221;off&#8221; animation_style=&#8221;slide&#8221; animation_duration=&#8221;500ms&#8221; animation_intensity_slide=&#8221;10%&#8221; animation_direction=&#8221;left&#8221; \/][et_pb_text _builder_version=&#8221;3.0.73&#8243; background_layout=&#8221;light&#8221; text_orientation=&#8221;left&#8221; border_style=&#8221;solid&#8221; module_alignment=&#8221;left&#8221;]<\/p>\n<p><strong>Ni princeses ni pirates. Per educar nenes i nens en la llibertat.<\/strong><\/p>\n<p>N\u00faria Solsona Pair\u00f3<\/p>\n<p>Eumo Editorial<\/p>\n<p>[\/et_pb_text][et_pb_image _builder_version=&#8221;3.0.73&#8243; src=&#8221;https:\/\/projectes.fundesplai.org\/encoratjat\/wp-content\/uploads\/sites\/53\/2017\/09\/9788471978813.jpg&#8221; show_in_lightbox=&#8221;off&#8221; url_new_window=&#8221;off&#8221; use_overlay=&#8221;off&#8221; sticky=&#8221;off&#8221; align=&#8221;left&#8221; always_center_on_mobile=&#8221;on&#8221; border_style=&#8221;solid&#8221; force_fullwidth=&#8221;off&#8221; \/][et_pb_text _builder_version=&#8221;3.0.73&#8243; background_layout=&#8221;light&#8221; text_orientation=&#8221;left&#8221; border_style=&#8221;solid&#8221; module_alignment=&#8221;left&#8221;]<\/p>\n<p><strong>Educaci\u00f3n emocional. Programa para Educaci\u00f3n Primaria (6-12 a\u00f1os)<\/strong><\/p>\n<p>Agn\u00e8s Renom Plana(coordinadora)<\/p>\n<p>Wolters Kluwer<\/p>\n<p>[\/et_pb_text][et_pb_image _builder_version=&#8221;3.0.73&#8243; src=&#8221;https:\/\/projectes.fundesplai.org\/encoratjat\/wp-content\/uploads\/sites\/53\/2017\/09\/00106532943112___P1_600x600.jpg&#8221; show_in_lightbox=&#8221;off&#8221; url_new_window=&#8221;off&#8221; use_overlay=&#8221;off&#8221; sticky=&#8221;off&#8221; align=&#8221;left&#8221; always_center_on_mobile=&#8221;on&#8221; border_style=&#8221;solid&#8221; force_fullwidth=&#8221;off&#8221; \/][et_pb_text _builder_version=&#8221;3.0.73&#8243; background_layout=&#8221;light&#8221; text_orientation=&#8221;left&#8221; border_style=&#8221;solid&#8221; module_alignment=&#8221;left&#8221;]<\/p>\n<p><strong>Aprender a cuidar y a cuidarnos\u00a0<a href=\"http:\/\/ateneu.xtec.cat\/wikiform\/wikiexport\/_media\/cursos\/escola_inclusiva\/dco2\/modul_4\/aprender_cuidar.pdf\" target=\"_blank\" rel=\"noopener\"><img loading=\"lazy\" decoding=\"async\" class=\"alignnone wp-image-600\" src=\"https:\/\/projectes.fundesplai.org\/encoratjat\/wp-content\/uploads\/sites\/53\/2017\/09\/worldwide-web-icon-7-150x150.png\" alt=\"\" width=\"70\" height=\"80\" \/><\/a><\/strong><\/p>\n<p>N\u00faria Solsona, Amparo Tom\u00e9, Rafaela Sub\u00edas, Judit Pruna i Xus de Miguel<\/p>\n<p>Editorial Octaedro<\/p>\n<p>[\/et_pb_text][\/et_pb_column][et_pb_column type=&#8221;1_3&#8243;][et_pb_image _builder_version=&#8221;3.0.73&#8243; src=&#8221;https:\/\/projectes.fundesplai.org\/encoratjat\/wp-content\/uploads\/sites\/53\/2017\/09\/4827-thickbox_default.png&#8221; show_in_lightbox=&#8221;off&#8221; url_new_window=&#8221;off&#8221; use_overlay=&#8221;off&#8221; sticky=&#8221;off&#8221; align=&#8221;left&#8221; always_center_on_mobile=&#8221;on&#8221; border_style=&#8221;solid&#8221; force_fullwidth=&#8221;off&#8221; \/][et_pb_text _builder_version=&#8221;3.0.73&#8243; background_layout=&#8221;light&#8221; text_orientation=&#8221;left&#8221; border_style=&#8221;solid&#8221; module_alignment=&#8221;left&#8221;]<\/p>\n<p><strong>Emoquadern. Educaci\u00f3 emocional a casa<\/strong><\/p>\n<p>Cristina Guti\u00e9rrez Lest\u00f3n<\/p>\n<p>Salvatella Editorial<\/p>\n<p>[\/et_pb_text][et_pb_image _builder_version=&#8221;3.0.73&#8243; src=&#8221;https:\/\/projectes.fundesplai.org\/encoratjat\/wp-content\/uploads\/sites\/53\/2017\/09\/9788471979995.jpg&#8221; show_in_lightbox=&#8221;off&#8221; url_new_window=&#8221;off&#8221; use_overlay=&#8221;off&#8221; sticky=&#8221;off&#8221; align=&#8221;left&#8221; always_center_on_mobile=&#8221;on&#8221; border_style=&#8221;solid&#8221; force_fullwidth=&#8221;off&#8221; \/][et_pb_text _builder_version=&#8221;3.0.73&#8243; background_layout=&#8221;light&#8221; text_orientation=&#8221;left&#8221; border_style=&#8221;solid&#8221; module_alignment=&#8221;left&#8221;]<\/p>\n<p><strong>Educaci\u00f3n emocional. Programa de actividades para Educaci\u00f3n Secundaria Postobligatoria (6-12 a\u00f1os)<\/strong><\/p>\n<p>GROP. Rafael Bisquerra (coordinador)<\/p>\n<p>Wolters Kluwer<\/p>\n<p>[\/et_pb_text][\/et_pb_column][\/et_pb_row][et_pb_row][et_pb_column type=&#8221;4_4&#8243;][et_pb_text _builder_version=&#8221;3.0.75&#8243; background_layout=&#8221;light&#8221; border_style=&#8221;solid&#8221; module_alignment=&#8221;left&#8221;]<\/p>\n<h3>Articles<\/h3>\n<ul>\n<li>Cuadernos de Pedagog\u00eda. N\u00ba468- Igualdad de g\u00e9nero<\/li>\n<li>Cuadernos de Pedagog\u00eda. N\u00ba 480- Ideas y estrategias para mejorar la convivencia en los centros<\/li>\n<li>El miratge de la igualtat de g\u00e8nere- Gemma Altell- <a href=\"http:\/\/www.ara.cat\/opinio\/Gemma-Altell-miratge-igualtat-genere_0_1708629127.html\" target=\"_blank\" rel=\"noopener\">Diari Ara<\/a><\/li>\n<li>Joves, g\u00e8nere i viol\u00e8ncies masclistes a les xarxes socials- Gemma Altell- <a href=\"http:\/\/www.eldiario.es\/catalunyaplural\/donesenxarxacat\/violencia_masclista-xarxes_socials-desigualtat_6_455364504.html\" target=\"_blank\" rel=\"noopener\">Eldiario.es<\/a><\/li>\n<li>&#8220;No somos conscientes de reproducir el sexismo en el aula- N\u00faria Solsona- <a href=\"http:\/\/blog.tiching.com\/nuria-solsona-no-somos-conscientes-de-reproducir-el-sexismo-en-el-aula\/\" target=\"_blank\" rel=\"noopener\">Blog Tiching<\/a><\/li>\n<li>La igualtat de g\u00e8nere no nom\u00e9s \u00e9s cosa de dones- Maria \u00c0ngels Viladot- <a href=\"http:\/\/canal.fundesplai.org\/repositori\/file\/00-2017\/09-Setembre\/20170914\/1ar-igualtat.pdf?utm_source=Canal%20Recull%20de%20Premsa&amp;utm_medium=butlleti&amp;utm_campaign=Canal%20Recull%20de%20Premsa%202248%2014%2009%202017\" target=\"_blank\" rel=\"noopener\">Diari Ara<\/a><\/li>\n<li>El ritme del masclisme- Xavier Cervantes- <a href=\"http:\/\/www.ara.cat\/dossier\/ritme-del-masclisme_0_1535246579.html\" target=\"_blank\" rel=\"noopener\">Diari Ara<\/a><\/li>\n<\/ul>\n<p>[\/et_pb_text][\/et_pb_column][et_pb_column type=&#8221;4_4&#8243;][\/et_pb_column][\/et_pb_row][\/et_pb_section]<\/p>\n","protected":false},"excerpt":{"rendered":"<p><div class=\"et_pb_row et_pb_row_0 et_pb_row_empty\">\n\t\t\t\t\n\t\t\t\t\n\t\t\t\t\n\t\t\t\t\n\t\t\t\t\n\t\t\t<\/div> Guies did\u00e0ctiques Guia per a treballar la diversitat afectiva, sexual i de g\u00e8nere- IAC Ni ogros ni princesas. Gu\u00eda para la educaci\u00f3n afectivo-sexual en la ESO- Govern d&#8217;Ast\u00faries \u00a0 Pam a pam, coeduquem. Quadern pedag\u00f2gic per al professorat del cicle formatiu de grau superior d&#8217;educaci\u00f3 infantil- Institut Catal\u00e0 de la Dona. Generalitat de Catalunya [&hellip;]<\/p>\n","protected":false},"author":4,"featured_media":0,"parent":0,"menu_order":0,"comment_status":"closed","ping_status":"closed","template":"","meta":{"_et_pb_use_builder":"on","_et_pb_old_content":"<ul><li><b>La\u00a0<em>Guia per a treballar la diversitat afectiva, sexual i de g\u00e8nere\u00a0<\/em><\/b><a href=\"http:\/\/sindicat.net\/dona\/calaix\/guiasteila.pdf\" target=\"_blank\" rel=\"noopener\">http:\/\/sindicat.net\/dona\/calaix\/guiasteila.pdf<\/a><\/li><\/ul>","_et_gb_content_width":"","footnotes":""},"class_list":["post-519","page","type-page","status-publish","hentry"],"yoast_head":"<!-- This site is optimized with the Yoast SEO plugin v27.3 - https:\/\/yoast.com\/product\/yoast-seo-wordpress\/ -->\n<title>Lectures - Encoratja&#039;t<\/title>\n<meta name=\"robots\" content=\"index, follow, max-snippet:-1, max-image-preview:large, max-video-preview:-1\" \/>\n<link rel=\"canonical\" href=\"https:\/\/fundesplai.org\/encoratjat\/lectures\/\" \/>\n<meta property=\"og:locale\" content=\"ca_ES\" \/>\n<meta property=\"og:type\" content=\"article\" \/>\n<meta property=\"og:title\" content=\"Lectures - Encoratja&#039;t\" \/>\n<meta property=\"og:description\" content=\"Guies did\u00e0ctiques Guia per a treballar la diversitat afectiva, sexual i de g\u00e8nere- IAC Ni ogros ni princesas. Gu\u00eda para la educaci\u00f3n afectivo-sexual en la ESO- Govern d&#039;Ast\u00faries \u00a0 Pam a pam, coeduquem. Quadern pedag\u00f2gic per al professorat del cicle formatiu de grau superior d&#039;educaci\u00f3 infantil- Institut Catal\u00e0 de la Dona. Generalitat de Catalunya [&hellip;]\" \/>\n<meta property=\"og:url\" content=\"https:\/\/fundesplai.org\/encoratjat\/lectures\/\" \/>\n<meta property=\"og:site_name\" content=\"Encoratja&#039;t\" \/>\n<meta property=\"og:image\" content=\"https:\/\/fundesplai.org\/encoratjat\/wp-content\/uploads\/sites\/17\/2017\/09\/worldwide-web-icon-7-e1504698436601.png\" \/>\n\t<meta property=\"og:image:width\" content=\"200\" \/>\n\t<meta property=\"og:image:height\" content=\"200\" \/>\n\t<meta property=\"og:image:type\" content=\"image\/png\" \/>\n<meta name=\"twitter:card\" content=\"summary_large_image\" \/>\n<meta name=\"twitter:label1\" content=\"Temps estimat de lectura\" \/>\n\t<meta name=\"twitter:data1\" content=\"6 minuts\" \/>\n<script type=\"application\/ld+json\" class=\"yoast-schema-graph\">{\"@context\":\"https:\\\/\\\/schema.org\",\"@graph\":[{\"@type\":\"WebPage\",\"@id\":\"https:\\\/\\\/fundesplai.org\\\/encoratjat\\\/lectures\\\/\",\"url\":\"https:\\\/\\\/fundesplai.org\\\/encoratjat\\\/lectures\\\/\",\"name\":\"Lectures - Encoratja&#039;t\",\"isPartOf\":{\"@id\":\"https:\\\/\\\/fundesplai.org\\\/encoratjat\\\/#website\"},\"primaryImageOfPage\":{\"@id\":\"https:\\\/\\\/fundesplai.org\\\/encoratjat\\\/lectures\\\/#primaryimage\"},\"image\":{\"@id\":\"https:\\\/\\\/fundesplai.org\\\/encoratjat\\\/lectures\\\/#primaryimage\"},\"thumbnailUrl\":\"https:\\\/\\\/projectes.fundesplai.org\\\/encoratjat\\\/wp-content\\\/uploads\\\/sites\\\/53\\\/2017\\\/09\\\/worldwide-web-icon-7-150x150.png\",\"datePublished\":\"2017-09-05T12:02:49+00:00\",\"breadcrumb\":{\"@id\":\"https:\\\/\\\/fundesplai.org\\\/encoratjat\\\/lectures\\\/#breadcrumb\"},\"inLanguage\":\"ca\",\"potentialAction\":[{\"@type\":\"ReadAction\",\"target\":[\"https:\\\/\\\/fundesplai.org\\\/encoratjat\\\/lectures\\\/\"]}]},{\"@type\":\"ImageObject\",\"inLanguage\":\"ca\",\"@id\":\"https:\\\/\\\/fundesplai.org\\\/encoratjat\\\/lectures\\\/#primaryimage\",\"url\":\"https:\\\/\\\/projectes.fundesplai.org\\\/encoratjat\\\/wp-content\\\/uploads\\\/sites\\\/53\\\/2017\\\/09\\\/worldwide-web-icon-7-150x150.png\",\"contentUrl\":\"https:\\\/\\\/projectes.fundesplai.org\\\/encoratjat\\\/wp-content\\\/uploads\\\/sites\\\/53\\\/2017\\\/09\\\/worldwide-web-icon-7-150x150.png\"},{\"@type\":\"BreadcrumbList\",\"@id\":\"https:\\\/\\\/fundesplai.org\\\/encoratjat\\\/lectures\\\/#breadcrumb\",\"itemListElement\":[{\"@type\":\"ListItem\",\"position\":1,\"name\":\"Inici\",\"item\":\"\\\/\"},{\"@type\":\"ListItem\",\"position\":2,\"name\":\"Encoratja&#039;t\",\"item\":\"https:\\\/\\\/fundesplai.org\\\/encoratjat\"},{\"@type\":\"ListItem\",\"position\":3,\"name\":\"Lectures\"}]},{\"@type\":\"WebSite\",\"@id\":\"https:\\\/\\\/fundesplai.org\\\/encoratjat\\\/#website\",\"url\":\"https:\\\/\\\/fundesplai.org\\\/encoratjat\\\/\",\"name\":\"Encoratja&#039;t\",\"description\":\"Proposta educativa de Fundesplai\",\"potentialAction\":[{\"@type\":\"SearchAction\",\"target\":{\"@type\":\"EntryPoint\",\"urlTemplate\":\"https:\\\/\\\/fundesplai.org\\\/encoratjat\\\/?s={search_term_string}\"},\"query-input\":{\"@type\":\"PropertyValueSpecification\",\"valueRequired\":true,\"valueName\":\"search_term_string\"}}],\"inLanguage\":\"ca\"}]}<\/script>\n<!-- \/ Yoast SEO plugin. -->","yoast_head_json":{"title":"Lectures - Encoratja&#039;t","robots":{"index":"index","follow":"follow","max-snippet":"max-snippet:-1","max-image-preview":"max-image-preview:large","max-video-preview":"max-video-preview:-1"},"canonical":"https:\/\/fundesplai.org\/encoratjat\/lectures\/","og_locale":"ca_ES","og_type":"article","og_title":"Lectures - Encoratja&#039;t","og_description":"Guies did\u00e0ctiques Guia per a treballar la diversitat afectiva, sexual i de g\u00e8nere- IAC Ni ogros ni princesas. Gu\u00eda para la educaci\u00f3n afectivo-sexual en la ESO- Govern d'Ast\u00faries \u00a0 Pam a pam, coeduquem. Quadern pedag\u00f2gic per al professorat del cicle formatiu de grau superior d'educaci\u00f3 infantil- Institut Catal\u00e0 de la Dona. Generalitat de Catalunya [&hellip;]","og_url":"https:\/\/fundesplai.org\/encoratjat\/lectures\/","og_site_name":"Encoratja&#039;t","og_image":[{"width":200,"height":200,"url":"https:\/\/fundesplai.org\/encoratjat\/wp-content\/uploads\/sites\/17\/2017\/09\/worldwide-web-icon-7-e1504698436601.png","type":"image\/png"}],"twitter_card":"summary_large_image","twitter_misc":{"Temps estimat de lectura":"6 minuts"},"schema":{"@context":"https:\/\/schema.org","@graph":[{"@type":"WebPage","@id":"https:\/\/fundesplai.org\/encoratjat\/lectures\/","url":"https:\/\/fundesplai.org\/encoratjat\/lectures\/","name":"Lectures - Encoratja&#039;t","isPartOf":{"@id":"https:\/\/fundesplai.org\/encoratjat\/#website"},"primaryImageOfPage":{"@id":"https:\/\/fundesplai.org\/encoratjat\/lectures\/#primaryimage"},"image":{"@id":"https:\/\/fundesplai.org\/encoratjat\/lectures\/#primaryimage"},"thumbnailUrl":"https:\/\/projectes.fundesplai.org\/encoratjat\/wp-content\/uploads\/sites\/53\/2017\/09\/worldwide-web-icon-7-150x150.png","datePublished":"2017-09-05T12:02:49+00:00","breadcrumb":{"@id":"https:\/\/fundesplai.org\/encoratjat\/lectures\/#breadcrumb"},"inLanguage":"ca","potentialAction":[{"@type":"ReadAction","target":["https:\/\/fundesplai.org\/encoratjat\/lectures\/"]}]},{"@type":"ImageObject","inLanguage":"ca","@id":"https:\/\/fundesplai.org\/encoratjat\/lectures\/#primaryimage","url":"https:\/\/projectes.fundesplai.org\/encoratjat\/wp-content\/uploads\/sites\/53\/2017\/09\/worldwide-web-icon-7-150x150.png","contentUrl":"https:\/\/projectes.fundesplai.org\/encoratjat\/wp-content\/uploads\/sites\/53\/2017\/09\/worldwide-web-icon-7-150x150.png"},{"@type":"BreadcrumbList","@id":"https:\/\/fundesplai.org\/encoratjat\/lectures\/#breadcrumb","itemListElement":[{"@type":"ListItem","position":1,"name":"Inici","item":"\/"},{"@type":"ListItem","position":2,"name":"Encoratja&#039;t","item":"https:\/\/fundesplai.org\/encoratjat"},{"@type":"ListItem","position":3,"name":"Lectures"}]},{"@type":"WebSite","@id":"https:\/\/fundesplai.org\/encoratjat\/#website","url":"https:\/\/fundesplai.org\/encoratjat\/","name":"Encoratja&#039;t","description":"Proposta educativa de Fundesplai","potentialAction":[{"@type":"SearchAction","target":{"@type":"EntryPoint","urlTemplate":"https:\/\/fundesplai.org\/encoratjat\/?s={search_term_string}"},"query-input":{"@type":"PropertyValueSpecification","valueRequired":true,"valueName":"search_term_string"}}],"inLanguage":"ca"}]}},"_links":{"self":[{"href":"https:\/\/fundesplai.org\/encoratjat\/wp-json\/wp\/v2\/pages\/519","targetHints":{"allow":["GET"]}}],"collection":[{"href":"https:\/\/fundesplai.org\/encoratjat\/wp-json\/wp\/v2\/pages"}],"about":[{"href":"https:\/\/fundesplai.org\/encoratjat\/wp-json\/wp\/v2\/types\/page"}],"author":[{"embeddable":true,"href":"https:\/\/fundesplai.org\/encoratjat\/wp-json\/wp\/v2\/users\/4"}],"replies":[{"embeddable":true,"href":"https:\/\/fundesplai.org\/encoratjat\/wp-json\/wp\/v2\/comments?post=519"}],"version-history":[{"count":0,"href":"https:\/\/fundesplai.org\/encoratjat\/wp-json\/wp\/v2\/pages\/519\/revisions"}],"wp:attachment":[{"href":"https:\/\/fundesplai.org\/encoratjat\/wp-json\/wp\/v2\/media?parent=519"}],"curies":[{"name":"wp","href":"https:\/\/api.w.org\/{rel}","templated":true}]}}