{"id":180,"date":"2017-07-05T08:38:21","date_gmt":"2017-07-05T06:38:21","guid":{"rendered":"http:\/\/projectes.fundesplai.org\/encoratjat\/?page_id=180"},"modified":"2017-07-05T08:38:21","modified_gmt":"2017-07-05T06:38:21","slug":"qui-som","status":"publish","type":"page","link":"https:\/\/fundesplai.org\/encoratjat\/qui-som\/","title":{"rendered":"Qui som?"},"content":{"rendered":"<p>[et_pb_section bb_built=&#8221;1&#8243; fullwidth=&#8221;off&#8221; specialty=&#8221;on&#8221;][et_pb_column type=&#8221;1_2&#8243; specialty_columns=&#8221;2&#8243;][et_pb_row_inner admin_label=&#8221;Row&#8221;][et_pb_column_inner type=&#8221;4_4&#8243; saved_specialty_column_type=&#8221;1_2&#8243;][et_pb_text _builder_version=&#8221;3.0.63&#8243; background_layout=&#8221;light&#8221; text_orientation=&#8221;left&#8221; border_style=&#8221;solid&#8221;]<\/p>\n<h1>Fundesplai i les Propostes Educatives<\/h1>\n<p>&nbsp;<\/p>\n<p><a href=\"http:\/\/www.fundesplai.org\">Fundesplai<\/a> <strong>\u00e9s una entitat sense afany de lucre que t\u00e9 per missi\u00f3 educar els infants i joves, enfortir les entitats de <\/strong><strong>lleure i el Tercer Sector, millorar el medi ambient i promoure la ciutadania i la inclusi\u00f3 social, amb voluntat transformadora.<\/strong><\/p>\n<p>Des de fa 27 anys, desenvolupem propostes educatives entorn dels valors humans, adre\u00e7ats al m\u00f3n socioeducatiu. Orienten el treball pedag\u00f2gic dels diferents projectes que impulsem:\u00a0 als esplais, als centres oberts, als espais educatius del migdia de les escoles, extraescolars, iniciatives socials, etc.<\/p>\n<p>Aquests programes s\u00f3n propostes d\u2019intervenci\u00f3 educativa de car\u00e0cter l\u00fadic, dram\u00e0tic, pl\u00e0stic, ecol\u00f2gic, musical\u2026 vertebrades per un eix d\u2019animaci\u00f3 i propostes de treball que es concreten en:<\/p>\n<ul>\n<li>Un conjunt de continguts, triats especialment per ser viscuts i treballats en el marc del lleure.<\/li>\n<li>Un conjunt d\u2019activitats que concreten els continguts i estimulen la participaci\u00f3 activa dels infants, dels adolescents, de les fam\u00edlies i dels equips educatius.<\/li>\n<\/ul>\n<p><strong>\u201cEnCORatja&#8217;t\u201d,<\/strong> com totes les nostres propostes educatives, \u00e9s un\u00a0<strong>projecte col\u00b7laboratiu<\/strong>, que s\u2019elabora a partir de l\u2019experi\u00e8ncia i dels coneixements de moltes persones. D&#8217;una banda, Hi ha col\u00b7laborat <strong>una bona colla de monitors i monitores dels esplais de la <\/strong><a href=\"https:\/\/projectes.fundesplai.org\/fedesplai\/\">Federaci\u00f3 Catalana de l\u2019Esplai<\/a> <strong>i equip t\u00e8cnic de diferents departaments de Fundesplai.\u00a0<\/strong><\/p>\n<p>D&#8217;altra banda, sempre procurem comptar amb entitats i persones expertes que ens assessoren, ens inspiren i s\u2019impliquen en el proc\u00e9s. En aquesta ocasi\u00f3 volem agrair a la Rosa Valls (Universitat de Barcelona i patrona FCE), al Salvador Carrasco ( professor em\u00e8rit Universitat de Barcelona i patr\u00f3 de la FCE), a la Gemma Altell (Directora t\u00e8cnica Fundaci\u00f3 Surt), a la Maritza Buitrago (Plataforma unit\u00e0ria contra les viol\u00e8ncies de g\u00e8nere) i al Vicent Borr\u00e0s (Vicepresident de l\u2019Associaci\u00f3 de fam\u00edlies LGTBI), les seves aportacions i entusiasme.<\/p>\n<p>Una <strong>menci\u00f3 especial<\/strong> mereix l&#8217;escriptora <strong>Gemma Lienas. <\/strong>No \u00e9s el primer cop que treballem amb la Gemma per\u00f2 en aquesta ocasi\u00f3 hem anat m\u00e9s lluny i <strong>ens ha escrit la \u201cCarlota s\u2019encoratja\u201d<\/strong>, uns relats in\u00e8dits per reflexionar sobre els valors de la igualtat, el respecte i l\u2019amistat.<strong> Moltes gr\u00e0cies per aquest meravell\u00f3s regal!.<\/strong><\/p>\n<p>&nbsp;<\/p>\n<p>[\/et_pb_text][\/et_pb_column_inner][\/et_pb_row_inner][\/et_pb_column][et_pb_column type=&#8221;1_2&#8243;][et_pb_image _builder_version=&#8221;3.0.63&#8243; src=&#8221;https:\/\/projectes.fundesplai.org\/encoratjat\/wp-content\/uploads\/sites\/53\/2017\/07\/IMG_0993.jpg&#8221; show_in_lightbox=&#8221;off&#8221; url_new_window=&#8221;off&#8221; use_overlay=&#8221;off&#8221; sticky=&#8221;off&#8221; align=&#8221;left&#8221; always_center_on_mobile=&#8221;on&#8221; border_style=&#8221;solid&#8221; force_fullwidth=&#8221;off&#8221; \/][et_pb_text _builder_version=&#8221;3.0.63&#8243; background_layout=&#8221;light&#8221; text_orientation=&#8221;left&#8221; border_style=&#8221;solid&#8221;]<\/p>\n<h4>Per veure totes les propostes educatives <a href=\"http:\/\/esplai.fundesplai.org\/propostes-educatives\/\"><strong>cliqueu aqu\u00ed<\/strong> <\/a><\/h4>\n<p>[\/et_pb_text][\/et_pb_column][\/et_pb_section][et_pb_section bb_built=&#8221;1&#8243; fullwidth=&#8221;off&#8221; specialty=&#8221;on&#8221;][et_pb_column type=&#8221;1_2&#8243; specialty_columns=&#8221;2&#8243;][et_pb_row_inner admin_label=&#8221;Row&#8221;][et_pb_column_inner type=&#8221;4_4&#8243; saved_specialty_column_type=&#8221;1_2&#8243;][\/et_pb_column_inner][\/et_pb_row_inner][\/et_pb_column][et_pb_column type=&#8221;1_2&#8243;][\/et_pb_column][\/et_pb_section]<\/p>\n","protected":false},"excerpt":{"rendered":"<p>Fundesplai i les Propostes Educatives &nbsp; Fundesplai \u00e9s una entitat sense afany de lucre que t\u00e9 per missi\u00f3 educar els infants i joves, enfortir les entitats de lleure i el Tercer Sector, millorar el medi ambient i promoure la ciutadania i la inclusi\u00f3 social, amb voluntat transformadora. Des de fa 27 anys, desenvolupem propostes educatives [&hellip;]<\/p>\n","protected":false},"author":4,"featured_media":0,"parent":0,"menu_order":0,"comment_status":"closed","ping_status":"closed","template":"","meta":{"_et_pb_use_builder":"on","_et_pb_old_content":"","_et_gb_content_width":"","footnotes":""},"class_list":["post-180","page","type-page","status-publish","hentry"],"yoast_head":"<!-- This site is optimized with the Yoast SEO plugin v27.3 - https:\/\/yoast.com\/product\/yoast-seo-wordpress\/ -->\n<title>Qui som? - Encoratja&#039;t<\/title>\n<meta name=\"robots\" content=\"index, follow, max-snippet:-1, max-image-preview:large, max-video-preview:-1\" \/>\n<link rel=\"canonical\" href=\"https:\/\/fundesplai.org\/encoratjat\/qui-som\/\" \/>\n<meta property=\"og:locale\" content=\"ca_ES\" \/>\n<meta property=\"og:type\" content=\"article\" \/>\n<meta property=\"og:title\" content=\"Qui som? - Encoratja&#039;t\" \/>\n<meta property=\"og:description\" content=\"Fundesplai i les Propostes Educatives &nbsp; Fundesplai \u00e9s una entitat sense afany de lucre que t\u00e9 per missi\u00f3 educar els infants i joves, enfortir les entitats de lleure i el Tercer Sector, millorar el medi ambient i promoure la ciutadania i la inclusi\u00f3 social, amb voluntat transformadora. Des de fa 27 anys, desenvolupem propostes educatives [&hellip;]\" \/>\n<meta property=\"og:url\" content=\"https:\/\/fundesplai.org\/encoratjat\/qui-som\/\" \/>\n<meta property=\"og:site_name\" content=\"Encoratja&#039;t\" \/>\n<meta name=\"twitter:card\" content=\"summary_large_image\" \/>\n<meta name=\"twitter:label1\" content=\"Temps estimat de lectura\" \/>\n\t<meta name=\"twitter:data1\" content=\"3 minuts\" \/>\n<script type=\"application\/ld+json\" class=\"yoast-schema-graph\">{\"@context\":\"https:\\\/\\\/schema.org\",\"@graph\":[{\"@type\":\"WebPage\",\"@id\":\"https:\\\/\\\/fundesplai.org\\\/encoratjat\\\/qui-som\\\/\",\"url\":\"https:\\\/\\\/fundesplai.org\\\/encoratjat\\\/qui-som\\\/\",\"name\":\"Qui som? - Encoratja&#039;t\",\"isPartOf\":{\"@id\":\"https:\\\/\\\/fundesplai.org\\\/encoratjat\\\/#website\"},\"datePublished\":\"2017-07-05T06:38:21+00:00\",\"breadcrumb\":{\"@id\":\"https:\\\/\\\/fundesplai.org\\\/encoratjat\\\/qui-som\\\/#breadcrumb\"},\"inLanguage\":\"ca\",\"potentialAction\":[{\"@type\":\"ReadAction\",\"target\":[\"https:\\\/\\\/fundesplai.org\\\/encoratjat\\\/qui-som\\\/\"]}]},{\"@type\":\"BreadcrumbList\",\"@id\":\"https:\\\/\\\/fundesplai.org\\\/encoratjat\\\/qui-som\\\/#breadcrumb\",\"itemListElement\":[{\"@type\":\"ListItem\",\"position\":1,\"name\":\"Inici\",\"item\":\"\\\/\"},{\"@type\":\"ListItem\",\"position\":2,\"name\":\"Encoratja&#039;t\",\"item\":\"https:\\\/\\\/fundesplai.org\\\/encoratjat\"},{\"@type\":\"ListItem\",\"position\":3,\"name\":\"Qui som?\"}]},{\"@type\":\"WebSite\",\"@id\":\"https:\\\/\\\/fundesplai.org\\\/encoratjat\\\/#website\",\"url\":\"https:\\\/\\\/fundesplai.org\\\/encoratjat\\\/\",\"name\":\"Encoratja&#039;t\",\"description\":\"Proposta educativa de Fundesplai\",\"potentialAction\":[{\"@type\":\"SearchAction\",\"target\":{\"@type\":\"EntryPoint\",\"urlTemplate\":\"https:\\\/\\\/fundesplai.org\\\/encoratjat\\\/?s={search_term_string}\"},\"query-input\":{\"@type\":\"PropertyValueSpecification\",\"valueRequired\":true,\"valueName\":\"search_term_string\"}}],\"inLanguage\":\"ca\"}]}<\/script>\n<!-- \/ Yoast SEO plugin. -->","yoast_head_json":{"title":"Qui som? - Encoratja&#039;t","robots":{"index":"index","follow":"follow","max-snippet":"max-snippet:-1","max-image-preview":"max-image-preview:large","max-video-preview":"max-video-preview:-1"},"canonical":"https:\/\/fundesplai.org\/encoratjat\/qui-som\/","og_locale":"ca_ES","og_type":"article","og_title":"Qui som? - Encoratja&#039;t","og_description":"Fundesplai i les Propostes Educatives &nbsp; Fundesplai \u00e9s una entitat sense afany de lucre que t\u00e9 per missi\u00f3 educar els infants i joves, enfortir les entitats de lleure i el Tercer Sector, millorar el medi ambient i promoure la ciutadania i la inclusi\u00f3 social, amb voluntat transformadora. Des de fa 27 anys, desenvolupem propostes educatives [&hellip;]","og_url":"https:\/\/fundesplai.org\/encoratjat\/qui-som\/","og_site_name":"Encoratja&#039;t","twitter_card":"summary_large_image","twitter_misc":{"Temps estimat de lectura":"3 minuts"},"schema":{"@context":"https:\/\/schema.org","@graph":[{"@type":"WebPage","@id":"https:\/\/fundesplai.org\/encoratjat\/qui-som\/","url":"https:\/\/fundesplai.org\/encoratjat\/qui-som\/","name":"Qui som? - Encoratja&#039;t","isPartOf":{"@id":"https:\/\/fundesplai.org\/encoratjat\/#website"},"datePublished":"2017-07-05T06:38:21+00:00","breadcrumb":{"@id":"https:\/\/fundesplai.org\/encoratjat\/qui-som\/#breadcrumb"},"inLanguage":"ca","potentialAction":[{"@type":"ReadAction","target":["https:\/\/fundesplai.org\/encoratjat\/qui-som\/"]}]},{"@type":"BreadcrumbList","@id":"https:\/\/fundesplai.org\/encoratjat\/qui-som\/#breadcrumb","itemListElement":[{"@type":"ListItem","position":1,"name":"Inici","item":"\/"},{"@type":"ListItem","position":2,"name":"Encoratja&#039;t","item":"https:\/\/fundesplai.org\/encoratjat"},{"@type":"ListItem","position":3,"name":"Qui som?"}]},{"@type":"WebSite","@id":"https:\/\/fundesplai.org\/encoratjat\/#website","url":"https:\/\/fundesplai.org\/encoratjat\/","name":"Encoratja&#039;t","description":"Proposta educativa de Fundesplai","potentialAction":[{"@type":"SearchAction","target":{"@type":"EntryPoint","urlTemplate":"https:\/\/fundesplai.org\/encoratjat\/?s={search_term_string}"},"query-input":{"@type":"PropertyValueSpecification","valueRequired":true,"valueName":"search_term_string"}}],"inLanguage":"ca"}]}},"_links":{"self":[{"href":"https:\/\/fundesplai.org\/encoratjat\/wp-json\/wp\/v2\/pages\/180","targetHints":{"allow":["GET"]}}],"collection":[{"href":"https:\/\/fundesplai.org\/encoratjat\/wp-json\/wp\/v2\/pages"}],"about":[{"href":"https:\/\/fundesplai.org\/encoratjat\/wp-json\/wp\/v2\/types\/page"}],"author":[{"embeddable":true,"href":"https:\/\/fundesplai.org\/encoratjat\/wp-json\/wp\/v2\/users\/4"}],"replies":[{"embeddable":true,"href":"https:\/\/fundesplai.org\/encoratjat\/wp-json\/wp\/v2\/comments?post=180"}],"version-history":[{"count":0,"href":"https:\/\/fundesplai.org\/encoratjat\/wp-json\/wp\/v2\/pages\/180\/revisions"}],"wp:attachment":[{"href":"https:\/\/fundesplai.org\/encoratjat\/wp-json\/wp\/v2\/media?parent=180"}],"curies":[{"name":"wp","href":"https:\/\/api.w.org\/{rel}","templated":true}]}}