{"id":1499,"date":"2022-08-04T12:19:10","date_gmt":"2022-08-04T10:19:10","guid":{"rendered":"https:\/\/fundesplai.org\/encoratjat\/?page_id=1499"},"modified":"2023-07-10T11:13:29","modified_gmt":"2023-07-10T09:13:29","slug":"genere-i-diversitat-afectiva-i-sexual","status":"publish","type":"page","link":"https:\/\/fundesplai.org\/encoratjat\/activitats\/genere-i-diversitat-afectiva-i-sexual\/","title":{"rendered":"G\u00e8nere i diversitat afectiva i sexual"},"content":{"rendered":"<p>[et_pb_section fb_built=&#8221;1&#8243; _builder_version=&#8221;4.17.4&#8243; _module_preset=&#8221;default&#8221; locked=&#8221;off&#8221; global_colors_info=&#8221;{}&#8221;][et_pb_row _builder_version=&#8221;4.17.4&#8243; _module_preset=&#8221;default&#8221; global_colors_info=&#8221;{}&#8221;][et_pb_column type=&#8221;4_4&#8243; _builder_version=&#8221;4.17.4&#8243; _module_preset=&#8221;default&#8221; global_colors_info=&#8221;{}&#8221;][et_pb_post_title meta=&#8221;off&#8221; featured_image=&#8221;off&#8221; _builder_version=&#8221;4.17.4&#8243; _module_preset=&#8221;default&#8221; global_colors_info=&#8221;{}&#8221;][\/et_pb_post_title][\/et_pb_column][\/et_pb_row][et_pb_row module_class=&#8221;graella-icona-circular-giratoria&#8221; _builder_version=&#8221;4.17.4&#8243; _module_preset=&#8221;default&#8221; global_colors_info=&#8221;{}&#8221;][et_pb_column type=&#8221;4_4&#8243; _builder_version=&#8221;4.17.4&#8243; _module_preset=&#8221;default&#8221; global_colors_info=&#8221;{}&#8221;][et_pb_blurb title=&#8221;Els estereotips segueixen vigents&#8221; use_icon=&#8221;on&#8221; font_icon=&#8221;&#xf129;||fa||900&#8243; icon_color=&#8221;#000000&#8243; icon_placement=&#8221;left&#8221; content_max_width=&#8221;1100px&#8221; _builder_version=&#8221;4.17.4&#8243; _module_preset=&#8221;default&#8221; global_colors_info=&#8221;{}&#8221;]<\/p>\n<p>\u201cLa historiadora Jo B. Paoletti explica que en Estados Unidos no se usaron los tonos pastel para los beb\u00e9s hasta la Primera Guerra Mundial: antes se optaba simplemente por el blanco. Adem\u00e1s, por aquel entonces el rosa era el color de los ni\u00f1os, al ser \u201cm\u00e1s decidido y fuerte\u201d, mientras que las ni\u00f1as deb\u00edan vestir el azul, \u201cm\u00e1s delicado y amable\u201d. Hay que tener en cuenta que el rosa se asociaba al rojo, el color de la sangre y del vigor. (\u2026) Es decir, no hay ra\u00edces ancestrales que justifiquen estas preferencias. Y tampoco hay razones gen\u00e9ticas. Los ni\u00f1os de menos de dos a\u00f1os prefieren los colores intensos como el rojo y el azul, seg\u00fan Anne Fausto-Sterling, y no los colores suaves y pastel.\u201d (Rubio, 2014).<\/p>\n<p>S\u00ed, ho sabem, aquest \u00e9s un de molts estereotips que en la ment de molts educadors i educadores i en la societat en general sembla superat. Per\u00f2\u2026qu\u00e8 segueix passant als cat\u00e0legs de joguines quan s\u2019acosta Nadal, per exemple? Quins interessos hi ha a perpetuar certs estereotips? Les noves tecnologies n\u2019han facilitat la perpetuaci\u00f3?<\/p>\n<p>D\u2019altra banda,\u00a0<strong>la viol\u00e8ncia i la persist\u00e8ncia d\u2019estereotips de g\u00e8nere afecta priorit\u00e0riament i, sens, dubte a les dones. Ara b\u00e9, tamb\u00e9 afecta una part d\u2019homes que no es veuen reconeguts en aquests estereotips i que han patit i pateixen viol\u00e8ncia degut a no encaixar en un estereotip concret<\/strong>.<\/p>\n<p>[\/et_pb_blurb][et_pb_blurb title=&#8221;Qu\u00e8 podem fer?&#8221; use_icon=&#8221;on&#8221; font_icon=&#8221;&#x3f;||fa||900&#8243; icon_color=&#8221;#000000&#8243; icon_placement=&#8221;left&#8221; content_max_width=&#8221;1100px&#8221; _builder_version=&#8221;4.17.4&#8243; _module_preset=&#8221;default&#8221; global_colors_info=&#8221;{}&#8221;]<\/p>\n<ul>\n<li>Tenir present que cada persona \u00e9s \u00fanica i singular. Evitar pressuposar l\u2019heterosexualitat com a punt de partida.<\/li>\n<li>Q\u00fcestionar els estereotips de g\u00e8nere i situar-los en el seu context hist\u00f2ric. \u2013 Analitzar quins estereotips es transmeten a trav\u00e9s de diferents agents (mitjans de comunicaci\u00f3, educaci\u00f3 fam\u00edlia\u2026) i reflexionar sobre com ens sentim quan no hi encaixem.<\/li>\n<li>Posar l\u00edmits a les actuacions dels nois que expressen conductes pertanyents als grups de masculinitats tradicionals i no acceptar cap tipus de viol\u00e8ncia. Mostrar i refor\u00e7ar models basats en les masculinitats alternatives.<\/li>\n<li>Proposar accions de conscienciaci\u00f3 que facin reflexionar els diferents agents abans esmentats per tal de no perpetuar els estereotips.<\/li>\n<li>Abordar el tema de la diversitat afectiva i sexual de manera natural i quotidiana. Generar ambients de confian\u00e7a on tothom se senti c\u00f2mode per expressar-se en llibertat, sense pors al rebuig.<\/li>\n<li>Ser contundent davant qualsevol comentari discriminatori, masclista o hom\u00f2fob.<\/li>\n<li>Dur a terme activitats de sensibilitzaci\u00f3 i prendre mesures per tal d\u2019erradicar qualsevol tipus de LGTBIf\u00f2bia.<\/li>\n<li>(\u2026)<\/li>\n<li>\u00a0<\/li>\n<\/ul>\n<p>[\/et_pb_blurb][et_pb_blurb title=&#8221;Activitats&#8221; use_icon=&#8221;on&#8221; font_icon=&#8221;&#xf0e7;||fa||900&#8243; icon_color=&#8221;#000000&#8243; icon_placement=&#8221;left&#8221; content_max_width=&#8221;1100px&#8221; _builder_version=&#8221;4.21.0&#8243; _module_preset=&#8221;default&#8221; hover_enabled=&#8221;0&#8243; global_colors_info=&#8221;{}&#8221; sticky_enabled=&#8221;0&#8243;]<\/p>\n<ul>\n<li><a href=\"https:\/\/esplai.fundesplai.org\/recurs\/buscant-la-mitja-taronja\/\"><strong>Buscant la mitja taronja. <\/strong><\/a>Has pensat mai en buscar la teva mitja taronja? Creus que la mitja taronja existeix? Farem un joc i ho descobrirem!!<\/li>\n<li><a href=\"https:\/\/esplai.fundesplai.org\/recurs\/el-bingo-del-romanticisme\/\"><strong>El bingo del romanticisme.\u00a0<\/strong>A trav\u00e9s d\u2019una activitat tipus \u201cbingo\u201d desmuntarem els mites de l\u2019amor rom\u00e0ntic i desemmascararem la viol\u00e8ncia de g\u00e8nere que pot comportar aquesta idea d\u2019amor<\/a><\/li>\n<li><strong><a href=\"https:\/\/esplai.fundesplai.org\/recurs\/no-pressuposis-res\/\">No pressuposis res!<\/a><\/strong>\u00a0.La diversitat de g\u00e8nere i sexual ha ampliat la seva mirada m\u00e9s enll\u00e0 del sistema sexual binari habitual. Les combinacions i conceptes s\u00f3n molt m\u00e9s diversos.Us proposem una activitat on con\u00e8ixer aquestes novetats i on poder desmuntar molts estereotips lligats a aquesta tem\u00e0tica.<\/li>\n<li><strong><a href=\"http:\/\/esplai.fundesplai.org\/recurs\/estas-topitzat\/\">Est\u00e0s Topitzat?<\/a>\u00a0<\/strong>\u00a0 L\u2019objectiu d\u2019aquesta din\u00e0mica \u00e9s endegar un debat amb el grup per reflexionar sobre els estereotips de g\u00e8nere i recollir les diferents opinions dels i les joves sobre la construcci\u00f3 de les relacions entre homes i dones..<\/li>\n<li><strong><a href=\"http:\/\/esplai.fundesplai.org\/recurs\/els-nostres-titelles\/\">Els nostres titelles\u00a0<\/a><\/strong>. A trav\u00e9s de l\u2019explicaci\u00f3 d\u2019un conte i d\u2019una activitat amb titelles, els infants petits podran valorar a qu\u00e8 els agrada jugar realment, estiguin vistos com a jocs de nens o de nenes. Tamb\u00e9 farem una reflexi\u00f3 al voltant dels oficis i els estereotips de g\u00e8nere.<\/li>\n<li><a href=\"http:\/\/esplai.fundesplai.org\/recurs\/la-meva-feina\/\"><strong>La meva feina<\/strong><\/a>\u00a0A trav\u00e9s d\u2019un conte i d\u2019una activitat de racons, els infants podran valorar els jocs i els oficis que m\u00e9s els agraden i els interessen realment, independentment de qu\u00e8 estiguin vistos com jocs o oficis masculins o femenins.<\/li>\n<li><strong><a href=\"http:\/\/esplai.fundesplai.org\/recurs\/la-caixa-de-la-meva-vida\/\">La caixa de la meva vida.\u00a0<\/a><\/strong>Diversitat famuliar. Una caixa pot omplir-se de vida, la teva vida, la de la teva fam\u00edlia. I que millor que compartir qui ets i qui \u00e9s la teva fam\u00edlia amb els teus companys de grup.<\/li>\n<li><a href=\"http:\/\/esplai.fundesplai.org\/recurs\/el-joc-de-les-tasques-de-la-llar\/\"><strong>El joc de les tasques de la llar<\/strong><\/a>\u00a0. A trav\u00e9s d\u2019un joc de taula, els infants reflexionaran sobre les tasques<br \/>dom\u00e8stiques, com se\u2019n poden responsabilitzar, quines s\u00f3n les seves preferides,\u2026 i valorant la influ\u00e8ncia dels estereotips de g\u00e8nere.<\/li>\n<li><a href=\"http:\/\/esplai.fundesplai.org\/recurs\/magrada-el-rosa-i-magrada-el-blau\/\"><strong>M\u2019agrada el rosa i m\u2019agrada el blau<\/strong><\/a>\u00a0 Aquesta activitat \u00e9s una din\u00e0mica de joc a trav\u00e9s de la qual aprofundirem en com es construeixen els estereotips de g\u00e8nere. Reflexionarem sobre els prejudicis i els estereotips que intervenen en la nostra manera de veure els altres i analitzarem cr\u00edticament els missatges sexistes que podem observar en la publicitat.<\/li>\n<\/ul>\n<p>[\/et_pb_blurb][\/et_pb_column][\/et_pb_row][\/et_pb_section][et_pb_section fb_built=&#8221;1&#8243; _builder_version=&#8221;4.19.0&#8243; _module_preset=&#8221;default&#8221; locked=&#8221;off&#8221; global_colors_info=&#8221;{}&#8221;][et_pb_row _builder_version=&#8221;4.16&#8243; module_alignment=&#8221;center&#8221; custom_margin=&#8221;50px||50px||true|false&#8221; custom_margin_tablet=&#8221;&#8221; custom_margin_phone=&#8221;10px||10px||false|false&#8221; custom_margin_last_edited=&#8221;on|phone&#8221; locked=&#8221;off&#8221; global_colors_info=&#8221;{}&#8221;][et_pb_column type=&#8221;4_4&#8243; _builder_version=&#8221;4.16&#8243; global_colors_info=&#8221;{}&#8221;][et_pb_text _builder_version=&#8221;4.19.0&#8243; custom_margin=&#8221;20px||||false|false&#8221; global_colors_info=&#8221;{}&#8221;]<\/p>\n<h2 style=\"text-align: center\">Elements clau<\/h2>\n<p>[\/et_pb_text][\/et_pb_column][\/et_pb_row][et_pb_row column_structure=&#8221;1_3,1_3,1_3&#8243; use_custom_gutter=&#8221;on&#8221; make_equal=&#8221;on&#8221; _builder_version=&#8221;4.19.0&#8243; background_enable_image=&#8221;off&#8221; width=&#8221;100%&#8221; max_width=&#8221;2559px&#8221; custom_margin=&#8221;50px||50px||true|false&#8221; custom_margin_tablet=&#8221;&#8221; custom_margin_phone=&#8221;||||true&#8221; custom_margin_last_edited=&#8221;on|phone&#8221; locked=&#8221;off&#8221; global_colors_info=&#8221;{}&#8221;][et_pb_column type=&#8221;1_3&#8243; _builder_version=&#8221;4.19.0&#8243; background_image=&#8221;https:\/\/fundesplai.org\/encoratjat\/wp-content\/uploads\/sites\/17\/2019\/01\/IMG_0360.jpg&#8221; global_colors_info=&#8221;{}&#8221;][et_pb_cta title=&#8221;Activitats&#8221; button_url=&#8221;https:\/\/fundesplai.org\/encoratjat\/activitats\/&#8221; button_text=&#8221; +&#8221; _builder_version=&#8221;4.19.0&#8243; header_level=&#8221;h1&#8243; header_font=&#8221;|600|||||||&#8221; header_text_align=&#8221;center&#8221; body_font=&#8221;|600|||||||&#8221; background_enable_color=&#8221;off&#8221; custom_button=&#8221;on&#8221; button_text_size=&#8221;17px&#8221; button_border_width=&#8221;0px&#8221; button_border_radius=&#8221;33px&#8221; button_use_icon=&#8221;off&#8221; button_alignment=&#8221;center&#8221; animation_style=&#8221;zoom&#8221; animation_direction=&#8221;bottom&#8221; animation_starting_opacity=&#8221;56%&#8221; link_option_url=&#8221;https:\/\/fundesplai.org\/encoratjat\/activitats\/&#8221; header_text_shadow_style=&#8221;preset3&#8243; header_text_shadow_color=&#8221;#000000&#8243; text_shadow_style=&#8221;preset3&#8243; text_shadow_blur_strength=&#8221;0.02em&#8221; text_shadow_color=&#8221;#000000&#8243; global_colors_info=&#8221;{}&#8221;]<\/p>\n<p>Activitats d&#8217;amistat i conviv\u00e8ncia, de viol\u00e8ncia zero, de g\u00e8nere, diversitat afectiva i sexual.<\/p>\n<p>[\/et_pb_cta][\/et_pb_column][et_pb_column type=&#8221;1_3&#8243; _builder_version=&#8221;4.19.0&#8243; background_image=&#8221;https:\/\/fundesplai.org\/encoratjat\/wp-content\/uploads\/sites\/17\/2018\/09\/Repte-3.jpg&#8221; global_colors_info=&#8221;{}&#8221;][et_pb_cta title=&#8221;Eix d&#8217;animaci\u00f3&#8221; button_url=&#8221;https:\/\/fundesplai.org\/encoratjat\/la-carlota-sencoratja\/&#8221; button_text=&#8221; +&#8221; _builder_version=&#8221;4.17.4&#8243; header_level=&#8221;h1&#8243; header_font=&#8221;|600|||||||&#8221; header_text_align=&#8221;center&#8221; body_font=&#8221;|600|||||||&#8221; background_enable_color=&#8221;off&#8221; background_enable_image=&#8221;off&#8221; custom_button=&#8221;on&#8221; button_text_size=&#8221;17px&#8221; button_border_width=&#8221;0px&#8221; button_border_radius=&#8221;33px&#8221; button_use_icon=&#8221;off&#8221; button_alignment=&#8221;center&#8221; animation_style=&#8221;zoom&#8221; animation_direction=&#8221;bottom&#8221; animation_starting_opacity=&#8221;56%&#8221; link_option_url=&#8221;https:\/\/fundesplai.org\/encoratjat\/la-carlota-sencoratja\/&#8221; header_text_shadow_style=&#8221;preset3&#8243; header_text_shadow_color=&#8221;#000000&#8243; text_shadow_style=&#8221;preset3&#8243; text_shadow_blur_strength=&#8221;0.02em&#8221; text_shadow_color=&#8221;#000000&#8243; global_colors_info=&#8221;{}&#8221;]<\/p>\n<p>&#8220;La Carlota s&#8217;enCORatja&#8221; s\u00f3n 5 relats in\u00e8dits de l&#8217;escriptora Gemma Lineas, vols saber-ne m\u00e9s?<\/p>\n<p>[\/et_pb_cta][\/et_pb_column][et_pb_column type=&#8221;1_3&#8243; _builder_version=&#8221;4.19.0&#8243; background_image=&#8221;https:\/\/fundesplai.org\/encoratjat\/wp-content\/uploads\/sites\/17\/2018\/09\/Eixos-aprofundiment.jpg&#8221; global_colors_info=&#8221;{}&#8221;][et_pb_cta title=&#8221;Reptes col\u00b7lectius&#8221; button_url=&#8221;https:\/\/fundesplai.org\/encoratjat\/reptes-collectius\/&#8221; button_text=&#8221; +&#8221; _builder_version=&#8221;4.17.4&#8243; header_level=&#8221;h1&#8243; header_font=&#8221;|600|||||||&#8221; header_text_align=&#8221;center&#8221; body_font=&#8221;|600|||||||&#8221; background_enable_color=&#8221;off&#8221; custom_button=&#8221;on&#8221; button_text_size=&#8221;17px&#8221; button_border_width=&#8221;0px&#8221; button_border_radius=&#8221;33px&#8221; button_use_icon=&#8221;off&#8221; button_alignment=&#8221;center&#8221; animation_style=&#8221;zoom&#8221; animation_direction=&#8221;bottom&#8221; animation_starting_opacity=&#8221;56%&#8221; link_option_url=&#8221;https:\/\/fundesplai.org\/encoratjat\/reptes-collectius\/&#8221; header_text_shadow_style=&#8221;preset3&#8243; header_text_shadow_color=&#8221;#000000&#8243; text_shadow_style=&#8221;preset3&#8243; text_shadow_blur_strength=&#8221;0.02em&#8221; text_shadow_color=&#8221;#000000&#8243; global_colors_info=&#8221;{}&#8221;]<\/p>\n<p>Amb els reptes col\u00b7lectius ens mobilitzem per fomentar el treball educatiu basat en valors amb infants i joves, amb la voluntat de construir una societat present i de futur m\u00e9s justa i igualit\u00e0ria.<\/p>\n<p>[\/et_pb_cta][\/et_pb_column][\/et_pb_row][et_pb_row padding_mobile=&#8221;off&#8221; column_padding_mobile=&#8221;on&#8221; _builder_version=&#8221;4.16&#8243; background_size=&#8221;initial&#8221; background_position=&#8221;top_left&#8221; background_repeat=&#8221;repeat&#8221; width=&#8221;90%&#8221; custom_padding=&#8221;0px|0px&#8221; locked=&#8221;off&#8221; global_colors_info=&#8221;{}&#8221;][et_pb_column type=&#8221;4_4&#8243; _builder_version=&#8221;4.16&#8243; custom_padding=&#8221;|||&#8221; global_colors_info=&#8221;{}&#8221; custom_padding__hover=&#8221;|||&#8221;][et_pb_text _builder_version=&#8221;4.17.4&#8243; background_size=&#8221;initial&#8221; background_position=&#8221;top_left&#8221; background_repeat=&#8221;repeat&#8221; border_style=&#8221;solid&#8221; global_colors_info=&#8221;{}&#8221;]<\/p>\n<h2 style=\"text-align: center\">Amb la col\u00b7laboraci\u00f3 de:<\/h2>\n<p>&nbsp;<\/p>\n<p>[\/et_pb_text][\/et_pb_column][\/et_pb_row][et_pb_row column_structure=&#8221;1_4,1_4,1_4,1_4&#8243; _builder_version=&#8221;4.19.0&#8243; _module_preset=&#8221;default&#8221; custom_margin=&#8221;||50px||false|false&#8221; locked=&#8221;off&#8221; global_colors_info=&#8221;{}&#8221;][et_pb_column type=&#8221;1_4&#8243; _builder_version=&#8221;4.19.0&#8243; _module_preset=&#8221;default&#8221; global_colors_info=&#8221;{}&#8221;][et_pb_image src=&#8221;https:\/\/fundesplai.org\/encoratjat\/wp-content\/uploads\/sites\/17\/2017\/07\/Generalitat-300&#215;91-1.jpg&#8221; title_text=&#8221;Generalitat-300&#215;91&#8243; _builder_version=&#8221;4.19.0&#8243; _module_preset=&#8221;default&#8221; global_colors_info=&#8221;{}&#8221;][\/et_pb_image][\/et_pb_column][et_pb_column type=&#8221;1_4&#8243; _builder_version=&#8221;4.19.0&#8243; _module_preset=&#8221;default&#8221; global_colors_info=&#8221;{}&#8221;][et_pb_image src=&#8221;https:\/\/fundesplai.org\/encoratjat\/wp-content\/uploads\/sites\/17\/2017\/07\/logo-diputacio-e1671102730856.jpg&#8221; title_text=&#8221;logo-diputaci\u00f3&#8221; _builder_version=&#8221;4.19.0&#8243; _module_preset=&#8221;default&#8221; global_colors_info=&#8221;{}&#8221;][\/et_pb_image][\/et_pb_column][et_pb_column type=&#8221;1_4&#8243; _builder_version=&#8221;4.19.0&#8243; _module_preset=&#8221;default&#8221; global_colors_info=&#8221;{}&#8221;][et_pb_image src=&#8221;https:\/\/fundesplai.org\/encoratjat\/wp-content\/uploads\/sites\/17\/2017\/07\/Ajuntament-de-barcelona-300&#215;86-1.jpg&#8221; title_text=&#8221;Ajuntament-de-barcelona-300&#215;86&#8243; _builder_version=&#8221;4.19.0&#8243; _module_preset=&#8221;default&#8221; global_colors_info=&#8221;{}&#8221;][\/et_pb_image][\/et_pb_column][et_pb_column type=&#8221;1_4&#8243; _builder_version=&#8221;4.19.0&#8243; _module_preset=&#8221;default&#8221; global_colors_info=&#8221;{}&#8221;][et_pb_image src=&#8221;https:\/\/fundesplai.org\/encoratjat\/wp-content\/uploads\/sites\/17\/2017\/07\/OTROS_FINES_I_S_GOB600-300&#215;113-1.jpg&#8221; title_text=&#8221;OTROS_FINES_I_S_GOB600-300&#215;113&#8243; _builder_version=&#8221;4.19.0&#8243; _module_preset=&#8221;default&#8221; global_colors_info=&#8221;{}&#8221;][\/et_pb_image][\/et_pb_column][\/et_pb_row][\/et_pb_section]<\/p>\n","protected":false},"excerpt":{"rendered":"<p>\u201cLa historiadora Jo B. Paoletti explica que en Estados Unidos no se usaron los tonos pastel para los beb\u00e9s hasta la Primera Guerra Mundial: antes se optaba simplemente por el blanco. Adem\u00e1s, por aquel entonces el rosa era el color de los ni\u00f1os, al ser \u201cm\u00e1s decidido y fuerte\u201d, mientras que las ni\u00f1as deb\u00edan vestir [&hellip;]<\/p>\n","protected":false},"author":27,"featured_media":0,"parent":112,"menu_order":0,"comment_status":"closed","ping_status":"closed","template":"","meta":{"_et_pb_use_builder":"on","_et_pb_old_content":"","_et_gb_content_width":"","footnotes":""},"class_list":["post-1499","page","type-page","status-publish","hentry"],"yoast_head":"<!-- This site is optimized with the Yoast SEO plugin v27.4 - https:\/\/yoast.com\/product\/yoast-seo-wordpress\/ -->\n<title>G\u00e8nere i diversitat afectiva i sexual - Encoratja&#039;t<\/title>\n<meta name=\"robots\" content=\"index, follow, max-snippet:-1, max-image-preview:large, max-video-preview:-1\" \/>\n<link rel=\"canonical\" href=\"https:\/\/fundesplai.org\/encoratjat\/activitats\/genere-i-diversitat-afectiva-i-sexual\/\" \/>\n<meta property=\"og:locale\" content=\"ca_ES\" \/>\n<meta property=\"og:type\" content=\"article\" \/>\n<meta property=\"og:title\" content=\"G\u00e8nere i diversitat afectiva i sexual - Encoratja&#039;t\" \/>\n<meta property=\"og:description\" content=\"\u201cLa historiadora Jo B. Paoletti explica que en Estados Unidos no se usaron los tonos pastel para los beb\u00e9s hasta la Primera Guerra Mundial: antes se optaba simplemente por el blanco. Adem\u00e1s, por aquel entonces el rosa era el color de los ni\u00f1os, al ser \u201cm\u00e1s decidido y fuerte\u201d, mientras que las ni\u00f1as deb\u00edan vestir [&hellip;]\" \/>\n<meta property=\"og:url\" content=\"https:\/\/fundesplai.org\/encoratjat\/activitats\/genere-i-diversitat-afectiva-i-sexual\/\" \/>\n<meta property=\"og:site_name\" content=\"Encoratja&#039;t\" \/>\n<meta property=\"article:modified_time\" content=\"2023-07-10T09:13:29+00:00\" \/>\n<meta name=\"twitter:card\" content=\"summary_large_image\" \/>\n<meta name=\"twitter:label1\" content=\"Temps estimat de lectura\" \/>\n\t<meta name=\"twitter:data1\" content=\"6 minuts\" \/>\n<script type=\"application\/ld+json\" class=\"yoast-schema-graph\">{\"@context\":\"https:\\\/\\\/schema.org\",\"@graph\":[{\"@type\":\"WebPage\",\"@id\":\"https:\\\/\\\/fundesplai.org\\\/encoratjat\\\/activitats\\\/genere-i-diversitat-afectiva-i-sexual\\\/\",\"url\":\"https:\\\/\\\/fundesplai.org\\\/encoratjat\\\/activitats\\\/genere-i-diversitat-afectiva-i-sexual\\\/\",\"name\":\"G\u00e8nere i diversitat afectiva i sexual - Encoratja&#039;t\",\"isPartOf\":{\"@id\":\"https:\\\/\\\/fundesplai.org\\\/encoratjat\\\/#website\"},\"datePublished\":\"2022-08-04T10:19:10+00:00\",\"dateModified\":\"2023-07-10T09:13:29+00:00\",\"breadcrumb\":{\"@id\":\"https:\\\/\\\/fundesplai.org\\\/encoratjat\\\/activitats\\\/genere-i-diversitat-afectiva-i-sexual\\\/#breadcrumb\"},\"inLanguage\":\"ca\",\"potentialAction\":[{\"@type\":\"ReadAction\",\"target\":[\"https:\\\/\\\/fundesplai.org\\\/encoratjat\\\/activitats\\\/genere-i-diversitat-afectiva-i-sexual\\\/\"]}]},{\"@type\":\"BreadcrumbList\",\"@id\":\"https:\\\/\\\/fundesplai.org\\\/encoratjat\\\/activitats\\\/genere-i-diversitat-afectiva-i-sexual\\\/#breadcrumb\",\"itemListElement\":[{\"@type\":\"ListItem\",\"position\":1,\"name\":\"Inici\",\"item\":\"\\\/\"},{\"@type\":\"ListItem\",\"position\":2,\"name\":\"Encoratja&#039;t\",\"item\":\"https:\\\/\\\/fundesplai.org\\\/encoratjat\"},{\"@type\":\"ListItem\",\"position\":3,\"name\":\"Activitats\",\"item\":\"https:\\\/\\\/fundesplai.org\\\/encoratjat\\\/activitats\\\/\"},{\"@type\":\"ListItem\",\"position\":4,\"name\":\"G\u00e8nere i diversitat afectiva i sexual\"}]},{\"@type\":\"WebSite\",\"@id\":\"https:\\\/\\\/fundesplai.org\\\/encoratjat\\\/#website\",\"url\":\"https:\\\/\\\/fundesplai.org\\\/encoratjat\\\/\",\"name\":\"Encoratja&#039;t\",\"description\":\"Proposta educativa de Fundesplai\",\"potentialAction\":[{\"@type\":\"SearchAction\",\"target\":{\"@type\":\"EntryPoint\",\"urlTemplate\":\"https:\\\/\\\/fundesplai.org\\\/encoratjat\\\/?s={search_term_string}\"},\"query-input\":{\"@type\":\"PropertyValueSpecification\",\"valueRequired\":true,\"valueName\":\"search_term_string\"}}],\"inLanguage\":\"ca\"}]}<\/script>\n<!-- \/ Yoast SEO plugin. -->","yoast_head_json":{"title":"G\u00e8nere i diversitat afectiva i sexual - Encoratja&#039;t","robots":{"index":"index","follow":"follow","max-snippet":"max-snippet:-1","max-image-preview":"max-image-preview:large","max-video-preview":"max-video-preview:-1"},"canonical":"https:\/\/fundesplai.org\/encoratjat\/activitats\/genere-i-diversitat-afectiva-i-sexual\/","og_locale":"ca_ES","og_type":"article","og_title":"G\u00e8nere i diversitat afectiva i sexual - Encoratja&#039;t","og_description":"\u201cLa historiadora Jo B. Paoletti explica que en Estados Unidos no se usaron los tonos pastel para los beb\u00e9s hasta la Primera Guerra Mundial: antes se optaba simplemente por el blanco. Adem\u00e1s, por aquel entonces el rosa era el color de los ni\u00f1os, al ser \u201cm\u00e1s decidido y fuerte\u201d, mientras que las ni\u00f1as deb\u00edan vestir [&hellip;]","og_url":"https:\/\/fundesplai.org\/encoratjat\/activitats\/genere-i-diversitat-afectiva-i-sexual\/","og_site_name":"Encoratja&#039;t","article_modified_time":"2023-07-10T09:13:29+00:00","twitter_card":"summary_large_image","twitter_misc":{"Temps estimat de lectura":"6 minuts"},"schema":{"@context":"https:\/\/schema.org","@graph":[{"@type":"WebPage","@id":"https:\/\/fundesplai.org\/encoratjat\/activitats\/genere-i-diversitat-afectiva-i-sexual\/","url":"https:\/\/fundesplai.org\/encoratjat\/activitats\/genere-i-diversitat-afectiva-i-sexual\/","name":"G\u00e8nere i diversitat afectiva i sexual - Encoratja&#039;t","isPartOf":{"@id":"https:\/\/fundesplai.org\/encoratjat\/#website"},"datePublished":"2022-08-04T10:19:10+00:00","dateModified":"2023-07-10T09:13:29+00:00","breadcrumb":{"@id":"https:\/\/fundesplai.org\/encoratjat\/activitats\/genere-i-diversitat-afectiva-i-sexual\/#breadcrumb"},"inLanguage":"ca","potentialAction":[{"@type":"ReadAction","target":["https:\/\/fundesplai.org\/encoratjat\/activitats\/genere-i-diversitat-afectiva-i-sexual\/"]}]},{"@type":"BreadcrumbList","@id":"https:\/\/fundesplai.org\/encoratjat\/activitats\/genere-i-diversitat-afectiva-i-sexual\/#breadcrumb","itemListElement":[{"@type":"ListItem","position":1,"name":"Inici","item":"\/"},{"@type":"ListItem","position":2,"name":"Encoratja&#039;t","item":"https:\/\/fundesplai.org\/encoratjat"},{"@type":"ListItem","position":3,"name":"Activitats","item":"https:\/\/fundesplai.org\/encoratjat\/activitats\/"},{"@type":"ListItem","position":4,"name":"G\u00e8nere i diversitat afectiva i sexual"}]},{"@type":"WebSite","@id":"https:\/\/fundesplai.org\/encoratjat\/#website","url":"https:\/\/fundesplai.org\/encoratjat\/","name":"Encoratja&#039;t","description":"Proposta educativa de Fundesplai","potentialAction":[{"@type":"SearchAction","target":{"@type":"EntryPoint","urlTemplate":"https:\/\/fundesplai.org\/encoratjat\/?s={search_term_string}"},"query-input":{"@type":"PropertyValueSpecification","valueRequired":true,"valueName":"search_term_string"}}],"inLanguage":"ca"}]}},"_links":{"self":[{"href":"https:\/\/fundesplai.org\/encoratjat\/wp-json\/wp\/v2\/pages\/1499","targetHints":{"allow":["GET"]}}],"collection":[{"href":"https:\/\/fundesplai.org\/encoratjat\/wp-json\/wp\/v2\/pages"}],"about":[{"href":"https:\/\/fundesplai.org\/encoratjat\/wp-json\/wp\/v2\/types\/page"}],"author":[{"embeddable":true,"href":"https:\/\/fundesplai.org\/encoratjat\/wp-json\/wp\/v2\/users\/27"}],"replies":[{"embeddable":true,"href":"https:\/\/fundesplai.org\/encoratjat\/wp-json\/wp\/v2\/comments?post=1499"}],"version-history":[{"count":9,"href":"https:\/\/fundesplai.org\/encoratjat\/wp-json\/wp\/v2\/pages\/1499\/revisions"}],"predecessor-version":[{"id":1685,"href":"https:\/\/fundesplai.org\/encoratjat\/wp-json\/wp\/v2\/pages\/1499\/revisions\/1685"}],"up":[{"embeddable":true,"href":"https:\/\/fundesplai.org\/encoratjat\/wp-json\/wp\/v2\/pages\/112"}],"wp:attachment":[{"href":"https:\/\/fundesplai.org\/encoratjat\/wp-json\/wp\/v2\/media?parent=1499"}],"curies":[{"name":"wp","href":"https:\/\/api.w.org\/{rel}","templated":true}]}}