{"id":1480,"date":"2022-08-04T12:04:54","date_gmt":"2022-08-04T10:04:54","guid":{"rendered":"https:\/\/fundesplai.org\/encoratjat\/?page_id=1480"},"modified":"2023-07-10T11:12:52","modified_gmt":"2023-07-10T09:12:52","slug":"amistat-i-convivencia","status":"publish","type":"page","link":"https:\/\/fundesplai.org\/encoratjat\/activitats\/amistat-i-convivencia\/","title":{"rendered":"Amistat i conviv\u00e8ncia"},"content":{"rendered":"<p>[et_pb_section fb_built=&#8221;1&#8243; _builder_version=&#8221;4.17.4&#8243; _module_preset=&#8221;default&#8221; global_colors_info=&#8221;{}&#8221;][et_pb_row _builder_version=&#8221;4.17.4&#8243; _module_preset=&#8221;default&#8221; global_colors_info=&#8221;{}&#8221;][et_pb_column type=&#8221;4_4&#8243; _builder_version=&#8221;4.17.4&#8243; _module_preset=&#8221;default&#8221; global_colors_info=&#8221;{}&#8221;][et_pb_post_title meta=&#8221;off&#8221; featured_image=&#8221;off&#8221; _builder_version=&#8221;4.17.4&#8243; _module_preset=&#8221;default&#8221; global_colors_info=&#8221;{}&#8221;][\/et_pb_post_title][\/et_pb_column][\/et_pb_row][et_pb_row module_class=&#8221;graella-icona-circular-giratoria&#8221; _builder_version=&#8221;4.17.4&#8243; _module_preset=&#8221;default&#8221; locked=&#8221;off&#8221; global_colors_info=&#8221;{}&#8221;][et_pb_column type=&#8221;4_4&#8243; _builder_version=&#8221;4.17.4&#8243; _module_preset=&#8221;default&#8221; global_colors_info=&#8221;{}&#8221;][et_pb_blurb title=&#8221;L&#8217;amistat&#8221; use_icon=&#8221;on&#8221; font_icon=&#8221;&#xf129;||fa||900&#8243; icon_color=&#8221;#000000&#8243; icon_placement=&#8221;left&#8221; content_max_width=&#8221;1100px&#8221; _builder_version=&#8221;4.19.0&#8243; _module_preset=&#8221;default&#8221; global_colors_info=&#8221;{}&#8221;]<\/p>\n<p>L\u2019amistat \u00e9s un dels valors m\u00e9s preuats per ser feli\u00e7 i implica una bona dosi de respecte, i de cura envers un mateix i envers l\u2019altra persona. Com triem les amistats i el vincle afectiu que hi establim determina les bases sobre les quals constru\u00efm unes relacions interpersonals positives i una conviv\u00e8ncia lliure d\u2019exclusions.<\/p>\n<p><strong>El respecte i molt particularment el respecte a la diversitat i la difer\u00e8ncia constitueix un dels valors essencials per saber conviure en pau<\/strong>. Remet al reconeixement dels drets i la dignitat de les altres persones.<\/p>\n<p>Tenir cura \u00e9s probablement una de les necessitats i de les actituds que m\u00e9s ens humanitzen. Est\u00e0 relacionada amb l\u2019afecte, l\u2019empatia, la solidaritat, el respecte i no es pot desvincular de les relacions interpersonals. La socialitzaci\u00f3 basada en els estereotips de g\u00e8nere tradicional associen la cura a la feminitat, a m\u00e9s a m\u00e9s de dirigir-la, gaireb\u00e9 sempre, cap a alg\u00fa extern. Per contra, s\u2019allunya de la masculinitat si no \u00e9s per relacionar-la amb tenir cura d\u2019un mateix ent\u00e8s com a benefici propi.<\/p>\n<p>Aprendre a tenir cura d\u2019un mateix o d\u2019una mateixa i aprendre a tenir-ne cura d\u2019una altra persona, en termes de benestar i felicitat, \u00e9s essencial per a noies i nois, per canviar les relacions actuals entre homes i dones. M\u00e9s enll\u00e0 de la q\u00fcesti\u00f3 del g\u00e8nere, cal recordar que som \u00e9ssers interdependents i vulnerables. Com diu\u00a0<a href=\"https:\/\/competenciesiepd.blog.pangea.org\/educar-en-la-vulnerabilitat-la-interdependencia-positiva\/\">Montse Boher\u00a0<\/a>\u201cla consci\u00e8ncia de la pr\u00f2pia vulnerabilitat \u00e9s necess\u00e0ria per gaudir d\u2019una bona salut emocional i \u00e9s el punt de partida per una solidaritat aut\u00e8ntica: ens necessitem els uns als altres\u201d.<\/p>\n<p>[\/et_pb_blurb][et_pb_blurb title=&#8221;Qu\u00e8 podem fer?&#8221; use_icon=&#8221;on&#8221; font_icon=&#8221;&#x3f;||fa||900&#8243; icon_color=&#8221;#000000&#8243; icon_placement=&#8221;left&#8221; content_max_width=&#8221;1100px&#8221; _builder_version=&#8221;4.21.0&#8243; _module_preset=&#8221;default&#8221; hover_enabled=&#8221;0&#8243; global_colors_info=&#8221;{}&#8221; sticky_enabled=&#8221;0&#8243;]<\/p>\n<ul>\n<li>Potenciar l\u2019autoconeixement per refor\u00e7ar l\u2019autoestima i la seguretat, pilars d\u2019un bon desenvolupament emocional.<br \/>Treballar el respecte i l\u2019empatia com a actitud indispensable per aprendre a conviure.<\/li>\n<li>Fer activitats encaminades a estimular la conviv\u00e8ncia positiva, que potenci\u00efn les relacions interpersonals, la cohesi\u00f3 de grup, l\u2019expressi\u00f3 d\u2019afecte i de sentiments.<\/li>\n<li>Plantejar-se algunes din\u00e0miques per separat. Amb els nois activitats m\u00e9s calmades i de contacte f\u00edsic com, per exemple, fer-se massatges m\u00fatuament. I amb les noies activitats que les ajudin a expressar els seus propis desitjos i necessitats. Activitats d\u2019autoafirmaci\u00f3.<\/li>\n<li>(\u2026)<\/li>\n<\/ul>\n<p>[\/et_pb_blurb][et_pb_blurb title=&#8221;Activitats&#8221; use_icon=&#8221;on&#8221; font_icon=&#8221;&#xf0e7;||fa||900&#8243; icon_color=&#8221;#000000&#8243; icon_placement=&#8221;left&#8221; content_max_width=&#8221;1100px&#8221; _builder_version=&#8221;4.21.0&#8243; _module_preset=&#8221;default&#8221; hover_enabled=&#8221;0&#8243; global_colors_info=&#8221;{}&#8221; sticky_enabled=&#8221;0&#8243;]<\/p>\n<ul>\n<li><strong><a href=\"https:\/\/esplai.fundesplai.org\/recurs\/15-curtmetratges-per-a-fomentar-lamistat\/\">14 curtmetratges per a fomentar l\u2019amistat.<\/a><\/strong>\u00a0Recopilaci\u00f3 de\u00a0curtmetratges per a fomentar l\u2019amistat\u00a0d\u2019entre infants de 3 a 12 anys (infantil i prim\u00e0ria) i el que aquest concepte implica: afecte, empatia, comprensi\u00f3, lleialtat\u2026<\/li>\n<li><a href=\"http:\/\/esplai.fundesplai.org\/recurs\/de-tot-cor\/\"><strong>De tot COR<\/strong><\/a>\u00a0Us proposem unes activitats per activar i fomentar estrat\u00e8gies emocionals saludables.<\/li>\n<li><a href=\"http:\/\/esplai.fundesplai.org\/recurs\/detectiu-de-les-emocions\/\"><strong>Detectiu de les emocions<\/strong><\/a>\u00a0Us proposem que els infants i joves, es converteixen en detectius i descobreixen les seves pr\u00f2pies emocions, a trav\u00e9s d\u00b4un conjunt d\u00b4activitats d\u00b4educaci\u00f3 emocional per treballar els conceptes com l\u00b4autoconcepte, l\u2019autoconeixement, l\u00b4autoestima, l\u2019empatia etc.<\/li>\n<li><a href=\"http:\/\/esplai.fundesplai.org\/recurs\/3916\/\"><strong>El barret dels somnis<\/strong>\u00a0<\/a>En aquesta activitat ens plantegem dur a terme una creaci\u00f3 pl\u00e0stica que estimuli l\u00b4autoconeixement i la capacitat de comunicaci\u00f3 i d\u00b4expressi\u00f3 dels sentiments.<\/li>\n<\/ul>\n<p>[\/et_pb_blurb][et_pb_text _builder_version=&#8221;4.19.0&#8243; _module_preset=&#8221;default&#8221; custom_margin=&#8221;40px||||false|false&#8221; global_colors_info=&#8221;{}&#8221;]<\/p>\n<h5 style=\"text-align: center\">Trobareu moltes altres propostes de treball\u00a0 i lectures de refer\u00e8ncia a l\u2019apartat de Recursos<\/h5>\n<p>[\/et_pb_text][\/et_pb_column][\/et_pb_row][\/et_pb_section][et_pb_section fb_built=&#8221;1&#8243; _builder_version=&#8221;4.19.0&#8243; _module_preset=&#8221;default&#8221; locked=&#8221;off&#8221; global_colors_info=&#8221;{}&#8221;][et_pb_row _builder_version=&#8221;4.16&#8243; module_alignment=&#8221;center&#8221; custom_margin=&#8221;50px||50px||true|false&#8221; custom_margin_tablet=&#8221;&#8221; custom_margin_phone=&#8221;10px||10px||false|false&#8221; custom_margin_last_edited=&#8221;on|phone&#8221; locked=&#8221;off&#8221; global_colors_info=&#8221;{}&#8221;][et_pb_column type=&#8221;4_4&#8243; _builder_version=&#8221;4.16&#8243; global_colors_info=&#8221;{}&#8221;][et_pb_text _builder_version=&#8221;4.19.0&#8243; custom_margin=&#8221;20px||||false|false&#8221; global_colors_info=&#8221;{}&#8221;]<\/p>\n<h2 style=\"text-align: center\">Elements clau<\/h2>\n<p>[\/et_pb_text][\/et_pb_column][\/et_pb_row][et_pb_row column_structure=&#8221;1_3,1_3,1_3&#8243; use_custom_gutter=&#8221;on&#8221; make_equal=&#8221;on&#8221; _builder_version=&#8221;4.19.0&#8243; background_enable_image=&#8221;off&#8221; width=&#8221;100%&#8221; max_width=&#8221;2559px&#8221; custom_margin=&#8221;50px||50px||true|false&#8221; custom_margin_tablet=&#8221;&#8221; custom_margin_phone=&#8221;||||true&#8221; custom_margin_last_edited=&#8221;on|phone&#8221; locked=&#8221;off&#8221; global_colors_info=&#8221;{}&#8221;][et_pb_column type=&#8221;1_3&#8243; _builder_version=&#8221;4.19.0&#8243; background_image=&#8221;https:\/\/fundesplai.org\/encoratjat\/wp-content\/uploads\/sites\/17\/2019\/01\/IMG_0360.jpg&#8221; global_colors_info=&#8221;{}&#8221;][et_pb_cta title=&#8221;Activitats&#8221; button_url=&#8221;https:\/\/fundesplai.org\/encoratjat\/activitats\/&#8221; button_text=&#8221; +&#8221; _builder_version=&#8221;4.19.0&#8243; header_level=&#8221;h1&#8243; header_font=&#8221;|600|||||||&#8221; header_text_align=&#8221;center&#8221; body_font=&#8221;|600|||||||&#8221; background_enable_color=&#8221;off&#8221; custom_button=&#8221;on&#8221; button_text_size=&#8221;17px&#8221; button_border_width=&#8221;0px&#8221; button_border_radius=&#8221;33px&#8221; button_use_icon=&#8221;off&#8221; button_alignment=&#8221;center&#8221; animation_style=&#8221;zoom&#8221; animation_direction=&#8221;bottom&#8221; animation_starting_opacity=&#8221;56%&#8221; link_option_url=&#8221;https:\/\/fundesplai.org\/encoratjat\/activitats\/&#8221; header_text_shadow_style=&#8221;preset3&#8243; header_text_shadow_color=&#8221;#000000&#8243; text_shadow_style=&#8221;preset3&#8243; text_shadow_blur_strength=&#8221;0.02em&#8221; text_shadow_color=&#8221;#000000&#8243; global_colors_info=&#8221;{}&#8221;]<\/p>\n<p>Activitats d&#8217;amistat i conviv\u00e8ncia, de viol\u00e8ncia zero, de g\u00e8nere, diversitat afectiva i sexual.<\/p>\n<p>[\/et_pb_cta][\/et_pb_column][et_pb_column type=&#8221;1_3&#8243; _builder_version=&#8221;4.19.0&#8243; background_image=&#8221;https:\/\/fundesplai.org\/encoratjat\/wp-content\/uploads\/sites\/17\/2018\/09\/Repte-3.jpg&#8221; global_colors_info=&#8221;{}&#8221;][et_pb_cta title=&#8221;Eix d&#8217;animaci\u00f3&#8221; button_url=&#8221;https:\/\/fundesplai.org\/encoratjat\/la-carlota-sencoratja\/&#8221; button_text=&#8221; +&#8221; _builder_version=&#8221;4.17.4&#8243; header_level=&#8221;h1&#8243; header_font=&#8221;|600|||||||&#8221; header_text_align=&#8221;center&#8221; body_font=&#8221;|600|||||||&#8221; background_enable_color=&#8221;off&#8221; background_enable_image=&#8221;off&#8221; custom_button=&#8221;on&#8221; button_text_size=&#8221;17px&#8221; button_border_width=&#8221;0px&#8221; button_border_radius=&#8221;33px&#8221; button_use_icon=&#8221;off&#8221; button_alignment=&#8221;center&#8221; animation_style=&#8221;zoom&#8221; animation_direction=&#8221;bottom&#8221; animation_starting_opacity=&#8221;56%&#8221; link_option_url=&#8221;https:\/\/fundesplai.org\/encoratjat\/la-carlota-sencoratja\/&#8221; header_text_shadow_style=&#8221;preset3&#8243; header_text_shadow_color=&#8221;#000000&#8243; text_shadow_style=&#8221;preset3&#8243; text_shadow_blur_strength=&#8221;0.02em&#8221; text_shadow_color=&#8221;#000000&#8243; global_colors_info=&#8221;{}&#8221;]<\/p>\n<p>&#8220;La Carlota s&#8217;enCORatja&#8221; s\u00f3n 5 relats in\u00e8dits de l&#8217;escriptora Gemma Lineas, vols saber-ne m\u00e9s?<\/p>\n<p>[\/et_pb_cta][\/et_pb_column][et_pb_column type=&#8221;1_3&#8243; _builder_version=&#8221;4.19.0&#8243; background_image=&#8221;https:\/\/fundesplai.org\/encoratjat\/wp-content\/uploads\/sites\/17\/2018\/09\/Eixos-aprofundiment.jpg&#8221; global_colors_info=&#8221;{}&#8221;][et_pb_cta title=&#8221;Reptes col\u00b7lectius&#8221; button_url=&#8221;https:\/\/fundesplai.org\/encoratjat\/reptes-collectius\/&#8221; button_text=&#8221; +&#8221; _builder_version=&#8221;4.17.4&#8243; header_level=&#8221;h1&#8243; header_font=&#8221;|600|||||||&#8221; header_text_align=&#8221;center&#8221; body_font=&#8221;|600|||||||&#8221; background_enable_color=&#8221;off&#8221; custom_button=&#8221;on&#8221; button_text_size=&#8221;17px&#8221; button_border_width=&#8221;0px&#8221; button_border_radius=&#8221;33px&#8221; button_use_icon=&#8221;off&#8221; button_alignment=&#8221;center&#8221; animation_style=&#8221;zoom&#8221; animation_direction=&#8221;bottom&#8221; animation_starting_opacity=&#8221;56%&#8221; link_option_url=&#8221;https:\/\/fundesplai.org\/encoratjat\/reptes-collectius\/&#8221; header_text_shadow_style=&#8221;preset3&#8243; header_text_shadow_color=&#8221;#000000&#8243; text_shadow_style=&#8221;preset3&#8243; text_shadow_blur_strength=&#8221;0.02em&#8221; text_shadow_color=&#8221;#000000&#8243; global_colors_info=&#8221;{}&#8221;]<\/p>\n<p>Amb els reptes col\u00b7lectius ens mobilitzem per fomentar el treball educatiu basat en valors amb infants i joves, amb la voluntat de construir una societat present i de futur m\u00e9s justa i igualit\u00e0ria.<\/p>\n<p>[\/et_pb_cta][\/et_pb_column][\/et_pb_row][et_pb_row padding_mobile=&#8221;off&#8221; column_padding_mobile=&#8221;on&#8221; _builder_version=&#8221;4.16&#8243; background_size=&#8221;initial&#8221; background_position=&#8221;top_left&#8221; background_repeat=&#8221;repeat&#8221; width=&#8221;90%&#8221; custom_padding=&#8221;0px|0px&#8221; locked=&#8221;off&#8221; global_colors_info=&#8221;{}&#8221;][et_pb_column type=&#8221;4_4&#8243; _builder_version=&#8221;4.16&#8243; custom_padding=&#8221;|||&#8221; global_colors_info=&#8221;{}&#8221; custom_padding__hover=&#8221;|||&#8221;][et_pb_text _builder_version=&#8221;4.17.4&#8243; background_size=&#8221;initial&#8221; background_position=&#8221;top_left&#8221; background_repeat=&#8221;repeat&#8221; border_style=&#8221;solid&#8221; global_colors_info=&#8221;{}&#8221;]<\/p>\n<h2 style=\"text-align: center\">Amb la col\u00b7laboraci\u00f3 de:<\/h2>\n<p>&nbsp;<\/p>\n<p>[\/et_pb_text][\/et_pb_column][\/et_pb_row][et_pb_row column_structure=&#8221;1_4,1_4,1_4,1_4&#8243; _builder_version=&#8221;4.19.0&#8243; _module_preset=&#8221;default&#8221; custom_margin=&#8221;||50px||false|false&#8221; locked=&#8221;off&#8221; global_colors_info=&#8221;{}&#8221;][et_pb_column type=&#8221;1_4&#8243; _builder_version=&#8221;4.19.0&#8243; _module_preset=&#8221;default&#8221; global_colors_info=&#8221;{}&#8221;][et_pb_image src=&#8221;https:\/\/fundesplai.org\/encoratjat\/wp-content\/uploads\/sites\/17\/2017\/07\/Generalitat-300&#215;91-1.jpg&#8221; title_text=&#8221;Generalitat-300&#215;91&#8243; _builder_version=&#8221;4.19.0&#8243; _module_preset=&#8221;default&#8221; global_colors_info=&#8221;{}&#8221;][\/et_pb_image][\/et_pb_column][et_pb_column type=&#8221;1_4&#8243; _builder_version=&#8221;4.19.0&#8243; _module_preset=&#8221;default&#8221; global_colors_info=&#8221;{}&#8221;][et_pb_image src=&#8221;https:\/\/fundesplai.org\/encoratjat\/wp-content\/uploads\/sites\/17\/2017\/07\/logo-diputacio-e1671102730856.jpg&#8221; title_text=&#8221;logo-diputaci\u00f3&#8221; _builder_version=&#8221;4.19.0&#8243; _module_preset=&#8221;default&#8221; global_colors_info=&#8221;{}&#8221;][\/et_pb_image][\/et_pb_column][et_pb_column type=&#8221;1_4&#8243; _builder_version=&#8221;4.19.0&#8243; _module_preset=&#8221;default&#8221; global_colors_info=&#8221;{}&#8221;][et_pb_image src=&#8221;https:\/\/fundesplai.org\/encoratjat\/wp-content\/uploads\/sites\/17\/2017\/07\/Ajuntament-de-barcelona-300&#215;86-1.jpg&#8221; title_text=&#8221;Ajuntament-de-barcelona-300&#215;86&#8243; _builder_version=&#8221;4.19.0&#8243; _module_preset=&#8221;default&#8221; global_colors_info=&#8221;{}&#8221;][\/et_pb_image][\/et_pb_column][et_pb_column type=&#8221;1_4&#8243; _builder_version=&#8221;4.19.0&#8243; _module_preset=&#8221;default&#8221; global_colors_info=&#8221;{}&#8221;][et_pb_image src=&#8221;https:\/\/fundesplai.org\/encoratjat\/wp-content\/uploads\/sites\/17\/2017\/07\/OTROS_FINES_I_S_GOB600-300&#215;113-1.jpg&#8221; title_text=&#8221;OTROS_FINES_I_S_GOB600-300&#215;113&#8243; _builder_version=&#8221;4.19.0&#8243; _module_preset=&#8221;default&#8221; global_colors_info=&#8221;{}&#8221;][\/et_pb_image][\/et_pb_column][\/et_pb_row][\/et_pb_section]<\/p>\n","protected":false},"excerpt":{"rendered":"<p>L\u2019amistat \u00e9s un dels valors m\u00e9s preuats per ser feli\u00e7 i implica una bona dosi de respecte, i de cura envers un mateix i envers l\u2019altra persona. Com triem les amistats i el vincle afectiu que hi establim determina les bases sobre les quals constru\u00efm unes relacions interpersonals positives i una conviv\u00e8ncia lliure d\u2019exclusions. El [&hellip;]<\/p>\n","protected":false},"author":27,"featured_media":0,"parent":112,"menu_order":0,"comment_status":"closed","ping_status":"closed","template":"","meta":{"_et_pb_use_builder":"on","_et_pb_old_content":"","_et_gb_content_width":"","footnotes":""},"class_list":["post-1480","page","type-page","status-publish","hentry"],"yoast_head":"<!-- This site is optimized with the Yoast SEO plugin v27.4 - https:\/\/yoast.com\/product\/yoast-seo-wordpress\/ -->\n<title>Amistat i conviv\u00e8ncia - Encoratja&#039;t<\/title>\n<meta name=\"robots\" content=\"index, follow, max-snippet:-1, max-image-preview:large, max-video-preview:-1\" \/>\n<link rel=\"canonical\" href=\"https:\/\/fundesplai.org\/encoratjat\/activitats\/amistat-i-convivencia\/\" \/>\n<meta property=\"og:locale\" content=\"ca_ES\" \/>\n<meta property=\"og:type\" content=\"article\" \/>\n<meta property=\"og:title\" content=\"Amistat i conviv\u00e8ncia - Encoratja&#039;t\" \/>\n<meta property=\"og:description\" content=\"L\u2019amistat \u00e9s un dels valors m\u00e9s preuats per ser feli\u00e7 i implica una bona dosi de respecte, i de cura envers un mateix i envers l\u2019altra persona. Com triem les amistats i el vincle afectiu que hi establim determina les bases sobre les quals constru\u00efm unes relacions interpersonals positives i una conviv\u00e8ncia lliure d\u2019exclusions. El [&hellip;]\" \/>\n<meta property=\"og:url\" content=\"https:\/\/fundesplai.org\/encoratjat\/activitats\/amistat-i-convivencia\/\" \/>\n<meta property=\"og:site_name\" content=\"Encoratja&#039;t\" \/>\n<meta property=\"article:modified_time\" content=\"2023-07-10T09:12:52+00:00\" \/>\n<meta name=\"twitter:card\" content=\"summary_large_image\" \/>\n<meta name=\"twitter:label1\" content=\"Temps estimat de lectura\" \/>\n\t<meta name=\"twitter:data1\" content=\"5 minuts\" \/>\n<script type=\"application\/ld+json\" class=\"yoast-schema-graph\">{\"@context\":\"https:\\\/\\\/schema.org\",\"@graph\":[{\"@type\":\"WebPage\",\"@id\":\"https:\\\/\\\/fundesplai.org\\\/encoratjat\\\/activitats\\\/amistat-i-convivencia\\\/\",\"url\":\"https:\\\/\\\/fundesplai.org\\\/encoratjat\\\/activitats\\\/amistat-i-convivencia\\\/\",\"name\":\"Amistat i conviv\u00e8ncia - Encoratja&#039;t\",\"isPartOf\":{\"@id\":\"https:\\\/\\\/fundesplai.org\\\/encoratjat\\\/#website\"},\"datePublished\":\"2022-08-04T10:04:54+00:00\",\"dateModified\":\"2023-07-10T09:12:52+00:00\",\"breadcrumb\":{\"@id\":\"https:\\\/\\\/fundesplai.org\\\/encoratjat\\\/activitats\\\/amistat-i-convivencia\\\/#breadcrumb\"},\"inLanguage\":\"ca\",\"potentialAction\":[{\"@type\":\"ReadAction\",\"target\":[\"https:\\\/\\\/fundesplai.org\\\/encoratjat\\\/activitats\\\/amistat-i-convivencia\\\/\"]}]},{\"@type\":\"BreadcrumbList\",\"@id\":\"https:\\\/\\\/fundesplai.org\\\/encoratjat\\\/activitats\\\/amistat-i-convivencia\\\/#breadcrumb\",\"itemListElement\":[{\"@type\":\"ListItem\",\"position\":1,\"name\":\"Inici\",\"item\":\"\\\/\"},{\"@type\":\"ListItem\",\"position\":2,\"name\":\"Encoratja&#039;t\",\"item\":\"https:\\\/\\\/fundesplai.org\\\/encoratjat\"},{\"@type\":\"ListItem\",\"position\":3,\"name\":\"Activitats\",\"item\":\"https:\\\/\\\/fundesplai.org\\\/encoratjat\\\/activitats\\\/\"},{\"@type\":\"ListItem\",\"position\":4,\"name\":\"Amistat i conviv\u00e8ncia\"}]},{\"@type\":\"WebSite\",\"@id\":\"https:\\\/\\\/fundesplai.org\\\/encoratjat\\\/#website\",\"url\":\"https:\\\/\\\/fundesplai.org\\\/encoratjat\\\/\",\"name\":\"Encoratja&#039;t\",\"description\":\"Proposta educativa de Fundesplai\",\"potentialAction\":[{\"@type\":\"SearchAction\",\"target\":{\"@type\":\"EntryPoint\",\"urlTemplate\":\"https:\\\/\\\/fundesplai.org\\\/encoratjat\\\/?s={search_term_string}\"},\"query-input\":{\"@type\":\"PropertyValueSpecification\",\"valueRequired\":true,\"valueName\":\"search_term_string\"}}],\"inLanguage\":\"ca\"}]}<\/script>\n<!-- \/ Yoast SEO plugin. -->","yoast_head_json":{"title":"Amistat i conviv\u00e8ncia - Encoratja&#039;t","robots":{"index":"index","follow":"follow","max-snippet":"max-snippet:-1","max-image-preview":"max-image-preview:large","max-video-preview":"max-video-preview:-1"},"canonical":"https:\/\/fundesplai.org\/encoratjat\/activitats\/amistat-i-convivencia\/","og_locale":"ca_ES","og_type":"article","og_title":"Amistat i conviv\u00e8ncia - Encoratja&#039;t","og_description":"L\u2019amistat \u00e9s un dels valors m\u00e9s preuats per ser feli\u00e7 i implica una bona dosi de respecte, i de cura envers un mateix i envers l\u2019altra persona. Com triem les amistats i el vincle afectiu que hi establim determina les bases sobre les quals constru\u00efm unes relacions interpersonals positives i una conviv\u00e8ncia lliure d\u2019exclusions. El [&hellip;]","og_url":"https:\/\/fundesplai.org\/encoratjat\/activitats\/amistat-i-convivencia\/","og_site_name":"Encoratja&#039;t","article_modified_time":"2023-07-10T09:12:52+00:00","twitter_card":"summary_large_image","twitter_misc":{"Temps estimat de lectura":"5 minuts"},"schema":{"@context":"https:\/\/schema.org","@graph":[{"@type":"WebPage","@id":"https:\/\/fundesplai.org\/encoratjat\/activitats\/amistat-i-convivencia\/","url":"https:\/\/fundesplai.org\/encoratjat\/activitats\/amistat-i-convivencia\/","name":"Amistat i conviv\u00e8ncia - Encoratja&#039;t","isPartOf":{"@id":"https:\/\/fundesplai.org\/encoratjat\/#website"},"datePublished":"2022-08-04T10:04:54+00:00","dateModified":"2023-07-10T09:12:52+00:00","breadcrumb":{"@id":"https:\/\/fundesplai.org\/encoratjat\/activitats\/amistat-i-convivencia\/#breadcrumb"},"inLanguage":"ca","potentialAction":[{"@type":"ReadAction","target":["https:\/\/fundesplai.org\/encoratjat\/activitats\/amistat-i-convivencia\/"]}]},{"@type":"BreadcrumbList","@id":"https:\/\/fundesplai.org\/encoratjat\/activitats\/amistat-i-convivencia\/#breadcrumb","itemListElement":[{"@type":"ListItem","position":1,"name":"Inici","item":"\/"},{"@type":"ListItem","position":2,"name":"Encoratja&#039;t","item":"https:\/\/fundesplai.org\/encoratjat"},{"@type":"ListItem","position":3,"name":"Activitats","item":"https:\/\/fundesplai.org\/encoratjat\/activitats\/"},{"@type":"ListItem","position":4,"name":"Amistat i conviv\u00e8ncia"}]},{"@type":"WebSite","@id":"https:\/\/fundesplai.org\/encoratjat\/#website","url":"https:\/\/fundesplai.org\/encoratjat\/","name":"Encoratja&#039;t","description":"Proposta educativa de Fundesplai","potentialAction":[{"@type":"SearchAction","target":{"@type":"EntryPoint","urlTemplate":"https:\/\/fundesplai.org\/encoratjat\/?s={search_term_string}"},"query-input":{"@type":"PropertyValueSpecification","valueRequired":true,"valueName":"search_term_string"}}],"inLanguage":"ca"}]}},"_links":{"self":[{"href":"https:\/\/fundesplai.org\/encoratjat\/wp-json\/wp\/v2\/pages\/1480","targetHints":{"allow":["GET"]}}],"collection":[{"href":"https:\/\/fundesplai.org\/encoratjat\/wp-json\/wp\/v2\/pages"}],"about":[{"href":"https:\/\/fundesplai.org\/encoratjat\/wp-json\/wp\/v2\/types\/page"}],"author":[{"embeddable":true,"href":"https:\/\/fundesplai.org\/encoratjat\/wp-json\/wp\/v2\/users\/27"}],"replies":[{"embeddable":true,"href":"https:\/\/fundesplai.org\/encoratjat\/wp-json\/wp\/v2\/comments?post=1480"}],"version-history":[{"count":10,"href":"https:\/\/fundesplai.org\/encoratjat\/wp-json\/wp\/v2\/pages\/1480\/revisions"}],"predecessor-version":[{"id":1683,"href":"https:\/\/fundesplai.org\/encoratjat\/wp-json\/wp\/v2\/pages\/1480\/revisions\/1683"}],"up":[{"embeddable":true,"href":"https:\/\/fundesplai.org\/encoratjat\/wp-json\/wp\/v2\/pages\/112"}],"wp:attachment":[{"href":"https:\/\/fundesplai.org\/encoratjat\/wp-json\/wp\/v2\/media?parent=1480"}],"curies":[{"name":"wp","href":"https:\/\/api.w.org\/{rel}","templated":true}]}}