{"id":120,"date":"2017-06-30T14:44:07","date_gmt":"2017-06-30T12:44:07","guid":{"rendered":"http:\/\/projectes.fundesplai.org\/encoratjat\/?page_id=120"},"modified":"2022-12-15T13:39:38","modified_gmt":"2022-12-15T11:39:38","slug":"reptes-collectius","status":"publish","type":"page","link":"https:\/\/fundesplai.org\/encoratjat\/reptes-collectius\/","title":{"rendered":"Reptes col\u00b7lectius"},"content":{"rendered":"<p>[et_pb_section fb_built=&#8221;1&#8243; _builder_version=&#8221;4.19.0&#8243; _module_preset=&#8221;default&#8221; global_colors_info=&#8221;{}&#8221;][et_pb_row _builder_version=&#8221;4.19.0&#8243; _module_preset=&#8221;default&#8221; global_colors_info=&#8221;{}&#8221;][et_pb_column type=&#8221;4_4&#8243; _builder_version=&#8221;4.19.0&#8243; _module_preset=&#8221;default&#8221; global_colors_info=&#8221;{}&#8221;][et_pb_post_title meta=&#8221;off&#8221; featured_image=&#8221;off&#8221; _builder_version=&#8221;4.16&#8243; border_style=&#8221;solid&#8221; global_colors_info=&#8221;{}&#8221;][\/et_pb_post_title][et_pb_text _builder_version=&#8221;4.19.0&#8243; custom_margin=&#8221;||40px||false|false&#8221; border_style=&#8221;solid&#8221; global_colors_info=&#8221;{}&#8221;]<\/p>\n<p>Les propostes educatives de Fundesplai fomenten el <strong>treball educatiu basat en valors<\/strong> amb infants i joves, amb la voluntat de construir una societat present i de futur m\u00e9s justa i igualit\u00e0ria.<\/p>\n<p>No perdem de vista per\u00f2, que aconseguir <strong>una gran fita com aquesta requereix d\u2019accions amb projecci\u00f3 exterior que posin de manifest situacions actuals d\u2019injust\u00edcia<\/strong>. \u00c9s per aix\u00f2 que ens proposem diferents <strong>reptes col\u00b7lectius vinculats a la proposta educativa que mobilitzen el conjunt de projectes i esplais que agrupa Fundesplai<\/strong> en un temps acotat. Tenen per objectiu <strong>refor\u00e7ar la visibilitat del treball que desenvolupem i fer incid\u00e8ncia p\u00fablica en els territoris, a les xarxes<\/strong>, etc.<\/p>\n<p>Pretenem aix\u00ed <strong>situar en l\u2019agenda social i pol\u00edtica aquestes problem\u00e0tiques per tal de trobar una soluci\u00f3 conjunta entre tots els agents implicats<\/strong>. \u00a0A m\u00e9s de <strong>donar veu als infants i joves potenciant el seu paper com a ciutadania compromesa amb el seu entorn.<\/strong><\/p>\n<p>Proposem <strong>dos moments col\u00b7lectius<\/strong> per a posar en marxa aquests reptes col\u00b7lectius:<\/p>\n<p>[\/et_pb_text][et_pb_testimonial author=&#8221;Rosa Parks&#8221; job_title=&#8221;Activista per als drets civils als EUA&#8221; portrait_url=&#8221;https:\/\/projectes.fundesplai.org\/encoratjat\/wp-content\/uploads\/sites\/53\/2017\/06\/Rosa_Parks_Booking.jpg&#8221; _builder_version=&#8221;4.16&#8243; border_style=&#8221;solid&#8221; global_colors_info=&#8221;{}&#8221;]<\/p>\n<p>\nSempre diuen que no em vaig aixecar del seient perqu\u00e8 estava cansada, per\u00f2 no \u00e9s cert. No tenia m\u00e9s cansament f\u00edsic del normal despr\u00e9s d&#8217;un dia de treball. No era vella, encara que molta gent creu que en aquesta \u00e8poca ho era; tenia 42 anys. No, el que estava era cansada de cedir i cedir<\/p>\n<p>[\/et_pb_testimonial][et_pb_image src=&#8221;https:\/\/projectes.fundesplai.org\/encoratjat\/wp-content\/uploads\/sites\/53\/2017\/06\/Taca-Groga.jpg&#8221; align_tablet=&#8221;center&#8221; align_phone=&#8221;center&#8221; align_last_edited=&#8221;on|desktop&#8221; _builder_version=&#8221;4.19.0&#8243; custom_margin=&#8221;40px||||false|false&#8221; animation_style=&#8221;slide&#8221; animation_direction=&#8221;left&#8221; animation_duration=&#8221;500ms&#8221; animation_intensity_slide=&#8221;10%&#8221; hover_enabled=&#8221;0&#8243; border_style=&#8221;solid&#8221; sticky=&#8221;off&#8221; always_center_on_mobile=&#8221;on&#8221; global_colors_info=&#8221;{}&#8221; width=&#8221;30%&#8221; sticky_enabled=&#8221;0&#8243; module_alignment=&#8221;center&#8221;][\/et_pb_image][et_pb_text _builder_version=&#8221;4.16&#8243; global_colors_info=&#8221;{}&#8221;]<\/p>\n<p>\nEl 20 novembre amb motiu de la <strong>commemoraci\u00f3 de la <a href=\"https:\/\/jocdelsdrets.gencat.cat\/assets\/pdf\/Convencio_drets_infancia.pdf\">Convenci\u00f3 sobre els drets dels infants<\/a><\/strong> (1989) celebrem diferents actes amb infants, fam\u00edlies i comunitat.<\/p>\n<p>Durant el <strong>curs 2018-2019<\/strong>\u00a0proposem la campanya <strong>&#8220;EnCORatja&#8217;t per la diversitat&#8221;<\/strong> .\u00a0Coneix la campanya <a href=\"https:\/\/projectes.fundesplai.org\/dretallleure\/\"><strong>aqu\u00ed!<\/strong><\/a><\/p>\n<p>[\/et_pb_text][et_pb_image src=&#8221;https:\/\/projectes.fundesplai.org\/encoratjat\/wp-content\/uploads\/sites\/53\/2017\/06\/Taca-LILA.jpg&#8221; align_tablet=&#8221;center&#8221; align_phone=&#8221;center&#8221; align_last_edited=&#8221;on|desktop&#8221; _builder_version=&#8221;4.19.0&#8243; custom_margin=&#8221;40px||||false|false&#8221; animation_style=&#8221;slide&#8221; animation_direction=&#8221;left&#8221; animation_duration=&#8221;500ms&#8221; animation_intensity_slide=&#8221;10%&#8221; hover_enabled=&#8221;0&#8243; border_style=&#8221;solid&#8221; sticky=&#8221;off&#8221; always_center_on_mobile=&#8221;on&#8221; global_colors_info=&#8221;{}&#8221; width=&#8221;30%&#8221; module_alignment=&#8221;center&#8221; sticky_enabled=&#8221;0&#8243;][\/et_pb_image][et_pb_text _builder_version=&#8221;4.19.0&#8243; z_index_tablet=&#8221;500&#8243; global_colors_info=&#8221;{}&#8221;]<\/p>\n<p>Durant el <strong>mes de mar\u00e7 <\/strong>aprofitant la <strong>celebraci\u00f3 del Dia de la dona de la treballadora<\/strong>, proposarem diferents activitats perqu\u00e8 els infants i adolescents coneguin les aportacions, lluites, i descobriments que han fet o fan les dones a la nostra societat.<\/p>\n<ul>\n<li><a href=\"https:\/\/projectes.fundesplai.org\/encoratjat\/gimcana-dones-encoratjades\/\">Campanya 2018<\/a>.<\/li>\n<li><a href=\"https:\/\/projectes.fundesplai.org\/encoratjat\/abracadabra-dones-encoratjades-2019\/\">Campanya 2019<\/a>.<\/li>\n<\/ul>\n<p>[\/et_pb_text][et_pb_testimonial author=&#8221;Harvey Milk&#8221; job_title=&#8221;Activista i pol\u00edtic LGTBIQ als EUA&#8221; portrait_url=&#8221;https:\/\/projectes.fundesplai.org\/encoratjat\/wp-content\/uploads\/sites\/53\/2017\/06\/1-Harvey-Milk.jpg&#8221; _builder_version=&#8221;4.19.0&#8243; custom_margin=&#8221;40px||||false|false&#8221; border_style=&#8221;solid&#8221; global_colors_info=&#8221;{}&#8221;]<\/p>\n<p>M&#8217;agradaria veure a qualsevol metge gai sortir de l&#8217;armari, que cada advocat gai, cada arquitecte gai sort\u00eds de l&#8217;armari, s&#8217;aixequ\u00e9s i deix\u00e9s que el m\u00f3n ho sab\u00e9s. Aix\u00f2 faria m\u00e9s per acabar amb els prejudicis, de la nit al dia, que el que ning\u00fa imaginaria. Els insto que facin aix\u00f2, que surtin de l&#8217;armari. Nom\u00e9s d&#8217;aquesta manera comen\u00e7arem a guanyar els nostres drets.<\/p>\n<p>[\/et_pb_testimonial][\/et_pb_column][\/et_pb_row][\/et_pb_section][et_pb_section fb_built=&#8221;1&#8243; _builder_version=&#8221;4.19.0&#8243; _module_preset=&#8221;default&#8221; locked=&#8221;off&#8221; global_colors_info=&#8221;{}&#8221;][et_pb_row _builder_version=&#8221;4.16&#8243; module_alignment=&#8221;center&#8221; custom_margin=&#8221;50px||50px||true|false&#8221; custom_margin_tablet=&#8221;&#8221; custom_margin_phone=&#8221;10px||10px||false|false&#8221; custom_margin_last_edited=&#8221;on|phone&#8221; locked=&#8221;off&#8221; global_colors_info=&#8221;{}&#8221;][et_pb_column type=&#8221;4_4&#8243; _builder_version=&#8221;4.16&#8243; global_colors_info=&#8221;{}&#8221;][et_pb_text _builder_version=&#8221;4.19.0&#8243; custom_margin=&#8221;20px||||false|false&#8221; global_colors_info=&#8221;{}&#8221;]<\/p>\n<h2 style=\"text-align: center\">Elements clau<\/h2>\n<p>[\/et_pb_text][\/et_pb_column][\/et_pb_row][et_pb_row column_structure=&#8221;1_3,1_3,1_3&#8243; use_custom_gutter=&#8221;on&#8221; make_equal=&#8221;on&#8221; _builder_version=&#8221;4.19.0&#8243; background_enable_image=&#8221;off&#8221; width=&#8221;100%&#8221; max_width=&#8221;2559px&#8221; custom_margin=&#8221;50px||50px||true|false&#8221; custom_margin_tablet=&#8221;&#8221; custom_margin_phone=&#8221;||||true&#8221; custom_margin_last_edited=&#8221;on|phone&#8221; locked=&#8221;off&#8221; global_colors_info=&#8221;{}&#8221;][et_pb_column type=&#8221;1_3&#8243; _builder_version=&#8221;4.19.0&#8243; background_image=&#8221;https:\/\/fundesplai.org\/encoratjat\/wp-content\/uploads\/sites\/17\/2019\/01\/IMG_0360.jpg&#8221; global_colors_info=&#8221;{}&#8221;][et_pb_cta title=&#8221;Activitats&#8221; button_url=&#8221;https:\/\/fundesplai.org\/encoratjat\/activitats\/&#8221; button_text=&#8221; +&#8221; _builder_version=&#8221;4.19.0&#8243; header_level=&#8221;h1&#8243; header_font=&#8221;|600|||||||&#8221; header_text_align=&#8221;center&#8221; body_font=&#8221;|600|||||||&#8221; background_enable_color=&#8221;off&#8221; custom_button=&#8221;on&#8221; button_text_size=&#8221;17px&#8221; button_border_width=&#8221;0px&#8221; button_border_radius=&#8221;33px&#8221; button_use_icon=&#8221;off&#8221; button_alignment=&#8221;center&#8221; animation_style=&#8221;zoom&#8221; animation_direction=&#8221;bottom&#8221; animation_starting_opacity=&#8221;56%&#8221; link_option_url=&#8221;https:\/\/fundesplai.org\/encoratjat\/activitats\/&#8221; header_text_shadow_style=&#8221;preset3&#8243; header_text_shadow_color=&#8221;#000000&#8243; text_shadow_style=&#8221;preset3&#8243; text_shadow_blur_strength=&#8221;0.02em&#8221; text_shadow_color=&#8221;#000000&#8243; global_colors_info=&#8221;{}&#8221;]<\/p>\n<p>Activitats d&#8217;amistat i conviv\u00e8ncia, de viol\u00e8ncia zero, de g\u00e8nere, diversitat afectiva i sexual.<\/p>\n<p>[\/et_pb_cta][\/et_pb_column][et_pb_column type=&#8221;1_3&#8243; _builder_version=&#8221;4.19.0&#8243; background_image=&#8221;https:\/\/fundesplai.org\/encoratjat\/wp-content\/uploads\/sites\/17\/2018\/09\/Repte-3.jpg&#8221; global_colors_info=&#8221;{}&#8221;][et_pb_cta title=&#8221;Eix d&#8217;animaci\u00f3&#8221; button_url=&#8221;https:\/\/fundesplai.org\/encoratjat\/la-carlota-sencoratja\/&#8221; button_text=&#8221; +&#8221; _builder_version=&#8221;4.17.4&#8243; header_level=&#8221;h1&#8243; header_font=&#8221;|600|||||||&#8221; header_text_align=&#8221;center&#8221; body_font=&#8221;|600|||||||&#8221; background_enable_color=&#8221;off&#8221; background_enable_image=&#8221;off&#8221; custom_button=&#8221;on&#8221; button_text_size=&#8221;17px&#8221; button_border_width=&#8221;0px&#8221; button_border_radius=&#8221;33px&#8221; button_use_icon=&#8221;off&#8221; button_alignment=&#8221;center&#8221; animation_style=&#8221;zoom&#8221; animation_direction=&#8221;bottom&#8221; animation_starting_opacity=&#8221;56%&#8221; link_option_url=&#8221;https:\/\/fundesplai.org\/encoratjat\/la-carlota-sencoratja\/&#8221; header_text_shadow_style=&#8221;preset3&#8243; header_text_shadow_color=&#8221;#000000&#8243; text_shadow_style=&#8221;preset3&#8243; text_shadow_blur_strength=&#8221;0.02em&#8221; text_shadow_color=&#8221;#000000&#8243; global_colors_info=&#8221;{}&#8221;]<\/p>\n<p>&#8220;La Carlota s&#8217;enCORatja&#8221; s\u00f3n 5 relats in\u00e8dits de l&#8217;escriptora Gemma Lineas, vols saber-ne m\u00e9s?<\/p>\n<p>[\/et_pb_cta][\/et_pb_column][et_pb_column type=&#8221;1_3&#8243; _builder_version=&#8221;4.19.0&#8243; background_image=&#8221;https:\/\/fundesplai.org\/encoratjat\/wp-content\/uploads\/sites\/17\/2018\/09\/Eixos-aprofundiment.jpg&#8221; global_colors_info=&#8221;{}&#8221;][et_pb_cta title=&#8221;Reptes col\u00b7lectius&#8221; button_url=&#8221;https:\/\/fundesplai.org\/encoratjat\/reptes-collectius\/&#8221; button_text=&#8221; +&#8221; _builder_version=&#8221;4.17.4&#8243; header_level=&#8221;h1&#8243; header_font=&#8221;|600|||||||&#8221; header_text_align=&#8221;center&#8221; body_font=&#8221;|600|||||||&#8221; background_enable_color=&#8221;off&#8221; custom_button=&#8221;on&#8221; button_text_size=&#8221;17px&#8221; button_border_width=&#8221;0px&#8221; button_border_radius=&#8221;33px&#8221; button_use_icon=&#8221;off&#8221; button_alignment=&#8221;center&#8221; animation_style=&#8221;zoom&#8221; animation_direction=&#8221;bottom&#8221; animation_starting_opacity=&#8221;56%&#8221; link_option_url=&#8221;https:\/\/fundesplai.org\/encoratjat\/reptes-collectius\/&#8221; header_text_shadow_style=&#8221;preset3&#8243; header_text_shadow_color=&#8221;#000000&#8243; text_shadow_style=&#8221;preset3&#8243; text_shadow_blur_strength=&#8221;0.02em&#8221; text_shadow_color=&#8221;#000000&#8243; global_colors_info=&#8221;{}&#8221;]<\/p>\n<p>Amb els reptes col\u00b7lectius ens mobilitzem per fomentar el treball educatiu basat en valors amb infants i joves, amb la voluntat de construir una societat present i de futur m\u00e9s justa i igualit\u00e0ria.<\/p>\n<p>[\/et_pb_cta][\/et_pb_column][\/et_pb_row][et_pb_row padding_mobile=&#8221;off&#8221; column_padding_mobile=&#8221;on&#8221; _builder_version=&#8221;4.16&#8243; background_size=&#8221;initial&#8221; background_position=&#8221;top_left&#8221; background_repeat=&#8221;repeat&#8221; width=&#8221;90%&#8221; custom_padding=&#8221;0px|0px&#8221; locked=&#8221;off&#8221; global_colors_info=&#8221;{}&#8221;][et_pb_column type=&#8221;4_4&#8243; _builder_version=&#8221;4.16&#8243; custom_padding=&#8221;|||&#8221; global_colors_info=&#8221;{}&#8221; custom_padding__hover=&#8221;|||&#8221;][et_pb_text _builder_version=&#8221;4.17.4&#8243; background_size=&#8221;initial&#8221; background_position=&#8221;top_left&#8221; background_repeat=&#8221;repeat&#8221; border_style=&#8221;solid&#8221; global_colors_info=&#8221;{}&#8221;]<\/p>\n<h2 style=\"text-align: center\">Amb la col\u00b7laboraci\u00f3 de:<\/h2>\n<p>&nbsp;<\/p>\n<p>[\/et_pb_text][\/et_pb_column][\/et_pb_row][et_pb_row column_structure=&#8221;1_4,1_4,1_4,1_4&#8243; _builder_version=&#8221;4.19.0&#8243; _module_preset=&#8221;default&#8221; custom_margin=&#8221;||50px||false|false&#8221; locked=&#8221;off&#8221; global_colors_info=&#8221;{}&#8221;][et_pb_column type=&#8221;1_4&#8243; _builder_version=&#8221;4.19.0&#8243; _module_preset=&#8221;default&#8221; global_colors_info=&#8221;{}&#8221;][et_pb_image src=&#8221;https:\/\/fundesplai.org\/encoratjat\/wp-content\/uploads\/sites\/17\/2017\/07\/Generalitat-300&#215;91-1.jpg&#8221; title_text=&#8221;Generalitat-300&#215;91&#8243; _builder_version=&#8221;4.19.0&#8243; _module_preset=&#8221;default&#8221; global_colors_info=&#8221;{}&#8221;][\/et_pb_image][\/et_pb_column][et_pb_column type=&#8221;1_4&#8243; _builder_version=&#8221;4.19.0&#8243; _module_preset=&#8221;default&#8221; global_colors_info=&#8221;{}&#8221;][et_pb_image src=&#8221;https:\/\/fundesplai.org\/encoratjat\/wp-content\/uploads\/sites\/17\/2017\/07\/logo-diputacio-e1671102730856.jpg&#8221; title_text=&#8221;logo-diputaci\u00f3&#8221; _builder_version=&#8221;4.19.0&#8243; _module_preset=&#8221;default&#8221; global_colors_info=&#8221;{}&#8221;][\/et_pb_image][\/et_pb_column][et_pb_column type=&#8221;1_4&#8243; _builder_version=&#8221;4.19.0&#8243; _module_preset=&#8221;default&#8221; global_colors_info=&#8221;{}&#8221;][et_pb_image src=&#8221;https:\/\/fundesplai.org\/encoratjat\/wp-content\/uploads\/sites\/17\/2017\/07\/Ajuntament-de-barcelona-300&#215;86-1.jpg&#8221; title_text=&#8221;Ajuntament-de-barcelona-300&#215;86&#8243; _builder_version=&#8221;4.19.0&#8243; _module_preset=&#8221;default&#8221; global_colors_info=&#8221;{}&#8221;][\/et_pb_image][\/et_pb_column][et_pb_column type=&#8221;1_4&#8243; _builder_version=&#8221;4.19.0&#8243; _module_preset=&#8221;default&#8221; global_colors_info=&#8221;{}&#8221;][et_pb_image src=&#8221;https:\/\/fundesplai.org\/encoratjat\/wp-content\/uploads\/sites\/17\/2017\/07\/OTROS_FINES_I_S_GOB600-300&#215;113-1.jpg&#8221; title_text=&#8221;OTROS_FINES_I_S_GOB600-300&#215;113&#8243; _builder_version=&#8221;4.19.0&#8243; _module_preset=&#8221;default&#8221; global_colors_info=&#8221;{}&#8221;][\/et_pb_image][\/et_pb_column][\/et_pb_row][\/et_pb_section][et_pb_section fb_built=&#8221;1&#8243; disabled_on=&#8221;on|on|on&#8221; _builder_version=&#8221;4.16&#8243; disabled=&#8221;on&#8221; global_colors_info=&#8221;{}&#8221;][et_pb_row column_structure=&#8221;2_3,1_3&#8243; _builder_version=&#8221;4.16&#8243; background_size=&#8221;initial&#8221; background_position=&#8221;top_left&#8221; background_repeat=&#8221;repeat&#8221; global_colors_info=&#8221;{}&#8221;][et_pb_column type=&#8221;2_3&#8243; _builder_version=&#8221;4.16&#8243; custom_padding=&#8221;|||&#8221; global_colors_info=&#8221;{}&#8221; custom_padding__hover=&#8221;|||&#8221;][\/et_pb_column][et_pb_column type=&#8221;1_3&#8243; _builder_version=&#8221;4.16&#8243; custom_padding=&#8221;|||&#8221; global_colors_info=&#8221;{}&#8221; custom_padding__hover=&#8221;|||&#8221;][\/et_pb_column][\/et_pb_row][et_pb_row column_structure=&#8221;1_3,1_3,1_3&#8243; _builder_version=&#8221;4.16&#8243; background_size=&#8221;initial&#8221; background_position=&#8221;top_left&#8221; background_repeat=&#8221;repeat&#8221; global_colors_info=&#8221;{}&#8221;][et_pb_column type=&#8221;1_3&#8243; _builder_version=&#8221;4.16&#8243; custom_padding=&#8221;|||&#8221; global_colors_info=&#8221;{}&#8221; custom_padding__hover=&#8221;|||&#8221;][\/et_pb_column][et_pb_column type=&#8221;1_3&#8243; _builder_version=&#8221;4.16&#8243; custom_padding=&#8221;|||&#8221; global_colors_info=&#8221;{}&#8221; custom_padding__hover=&#8221;|||&#8221;][\/et_pb_column][et_pb_column type=&#8221;1_3&#8243; _builder_version=&#8221;4.16&#8243; custom_padding=&#8221;|||&#8221; global_colors_info=&#8221;{}&#8221; custom_padding__hover=&#8221;|||&#8221;][et_pb_testimonial author=&#8221;Chimamanda Ngozi Adichie&#8221; job_title=&#8221;Novel\u00b7lista nigeriana&#8221; portrait_url=&#8221;https:\/\/projectes.fundesplai.org\/encoratjat\/wp-content\/uploads\/sites\/53\/2017\/06\/4811.jpg&#8221; _builder_version=&#8221;4.16&#8243; border_style=&#8221;solid&#8221; global_colors_info=&#8221;{}&#8221;]<\/p>\n<p>\nEnsenyem a les noies a reduir-se, a fer-se m\u00e9s petites. Diem a les noies: &#8220;Pots tenir ambici\u00f3, per\u00f2 no massa&#8221;.<\/p>\n<p>Ensenyem als nens a tenir por de la por. A tenir por de la debilitat, de la vulnerabilitat. Els ensenyem a emmascarar el seu veritable jo.<\/p>\n<p>[\/et_pb_testimonial][\/et_pb_column][\/et_pb_row][\/et_pb_section]<\/p>\n","protected":false},"excerpt":{"rendered":"<p>Les propostes educatives de Fundesplai fomenten el treball educatiu basat en valors amb infants i joves, amb la voluntat de construir una societat present i de futur m\u00e9s justa i igualit\u00e0ria. No perdem de vista per\u00f2, que aconseguir una gran fita com aquesta requereix d\u2019accions amb projecci\u00f3 exterior que posin de manifest situacions actuals d\u2019injust\u00edcia. [&hellip;]<\/p>\n","protected":false},"author":4,"featured_media":0,"parent":0,"menu_order":0,"comment_status":"closed","ping_status":"closed","template":"","meta":{"_et_pb_use_builder":"on","_et_pb_old_content":"","_et_gb_content_width":"","footnotes":""},"class_list":["post-120","page","type-page","status-publish","hentry"],"yoast_head":"<!-- This site is optimized with the Yoast SEO plugin v27.4 - https:\/\/yoast.com\/product\/yoast-seo-wordpress\/ -->\n<title>Reptes col\u00b7lectius - Encoratja&#039;t<\/title>\n<meta name=\"robots\" content=\"index, follow, max-snippet:-1, max-image-preview:large, max-video-preview:-1\" \/>\n<link rel=\"canonical\" href=\"https:\/\/fundesplai.org\/encoratjat\/reptes-collectius\/\" \/>\n<meta property=\"og:locale\" content=\"ca_ES\" \/>\n<meta property=\"og:type\" content=\"article\" \/>\n<meta property=\"og:title\" content=\"Reptes col\u00b7lectius - Encoratja&#039;t\" \/>\n<meta property=\"og:description\" content=\"Les propostes educatives de Fundesplai fomenten el treball educatiu basat en valors amb infants i joves, amb la voluntat de construir una societat present i de futur m\u00e9s justa i igualit\u00e0ria. No perdem de vista per\u00f2, que aconseguir una gran fita com aquesta requereix d\u2019accions amb projecci\u00f3 exterior que posin de manifest situacions actuals d\u2019injust\u00edcia. [&hellip;]\" \/>\n<meta property=\"og:url\" content=\"https:\/\/fundesplai.org\/encoratjat\/reptes-collectius\/\" \/>\n<meta property=\"og:site_name\" content=\"Encoratja&#039;t\" \/>\n<meta property=\"article:modified_time\" content=\"2022-12-15T11:39:38+00:00\" \/>\n<meta name=\"twitter:card\" content=\"summary_large_image\" \/>\n<meta name=\"twitter:label1\" content=\"Temps estimat de lectura\" \/>\n\t<meta name=\"twitter:data1\" content=\"9 minuts\" \/>\n<script type=\"application\/ld+json\" class=\"yoast-schema-graph\">{\"@context\":\"https:\\\/\\\/schema.org\",\"@graph\":[{\"@type\":\"WebPage\",\"@id\":\"https:\\\/\\\/fundesplai.org\\\/encoratjat\\\/reptes-collectius\\\/\",\"url\":\"https:\\\/\\\/fundesplai.org\\\/encoratjat\\\/reptes-collectius\\\/\",\"name\":\"Reptes col\u00b7lectius - Encoratja&#039;t\",\"isPartOf\":{\"@id\":\"https:\\\/\\\/fundesplai.org\\\/encoratjat\\\/#website\"},\"datePublished\":\"2017-06-30T12:44:07+00:00\",\"dateModified\":\"2022-12-15T11:39:38+00:00\",\"breadcrumb\":{\"@id\":\"https:\\\/\\\/fundesplai.org\\\/encoratjat\\\/reptes-collectius\\\/#breadcrumb\"},\"inLanguage\":\"ca\",\"potentialAction\":[{\"@type\":\"ReadAction\",\"target\":[\"https:\\\/\\\/fundesplai.org\\\/encoratjat\\\/reptes-collectius\\\/\"]}]},{\"@type\":\"BreadcrumbList\",\"@id\":\"https:\\\/\\\/fundesplai.org\\\/encoratjat\\\/reptes-collectius\\\/#breadcrumb\",\"itemListElement\":[{\"@type\":\"ListItem\",\"position\":1,\"name\":\"Inici\",\"item\":\"\\\/\"},{\"@type\":\"ListItem\",\"position\":2,\"name\":\"Encoratja&#039;t\",\"item\":\"https:\\\/\\\/fundesplai.org\\\/encoratjat\"},{\"@type\":\"ListItem\",\"position\":3,\"name\":\"Reptes col\u00b7lectius\"}]},{\"@type\":\"WebSite\",\"@id\":\"https:\\\/\\\/fundesplai.org\\\/encoratjat\\\/#website\",\"url\":\"https:\\\/\\\/fundesplai.org\\\/encoratjat\\\/\",\"name\":\"Encoratja&#039;t\",\"description\":\"Proposta educativa de Fundesplai\",\"potentialAction\":[{\"@type\":\"SearchAction\",\"target\":{\"@type\":\"EntryPoint\",\"urlTemplate\":\"https:\\\/\\\/fundesplai.org\\\/encoratjat\\\/?s={search_term_string}\"},\"query-input\":{\"@type\":\"PropertyValueSpecification\",\"valueRequired\":true,\"valueName\":\"search_term_string\"}}],\"inLanguage\":\"ca\"}]}<\/script>\n<!-- \/ Yoast SEO plugin. -->","yoast_head_json":{"title":"Reptes col\u00b7lectius - Encoratja&#039;t","robots":{"index":"index","follow":"follow","max-snippet":"max-snippet:-1","max-image-preview":"max-image-preview:large","max-video-preview":"max-video-preview:-1"},"canonical":"https:\/\/fundesplai.org\/encoratjat\/reptes-collectius\/","og_locale":"ca_ES","og_type":"article","og_title":"Reptes col\u00b7lectius - Encoratja&#039;t","og_description":"Les propostes educatives de Fundesplai fomenten el treball educatiu basat en valors amb infants i joves, amb la voluntat de construir una societat present i de futur m\u00e9s justa i igualit\u00e0ria. No perdem de vista per\u00f2, que aconseguir una gran fita com aquesta requereix d\u2019accions amb projecci\u00f3 exterior que posin de manifest situacions actuals d\u2019injust\u00edcia. [&hellip;]","og_url":"https:\/\/fundesplai.org\/encoratjat\/reptes-collectius\/","og_site_name":"Encoratja&#039;t","article_modified_time":"2022-12-15T11:39:38+00:00","twitter_card":"summary_large_image","twitter_misc":{"Temps estimat de lectura":"9 minuts"},"schema":{"@context":"https:\/\/schema.org","@graph":[{"@type":"WebPage","@id":"https:\/\/fundesplai.org\/encoratjat\/reptes-collectius\/","url":"https:\/\/fundesplai.org\/encoratjat\/reptes-collectius\/","name":"Reptes col\u00b7lectius - Encoratja&#039;t","isPartOf":{"@id":"https:\/\/fundesplai.org\/encoratjat\/#website"},"datePublished":"2017-06-30T12:44:07+00:00","dateModified":"2022-12-15T11:39:38+00:00","breadcrumb":{"@id":"https:\/\/fundesplai.org\/encoratjat\/reptes-collectius\/#breadcrumb"},"inLanguage":"ca","potentialAction":[{"@type":"ReadAction","target":["https:\/\/fundesplai.org\/encoratjat\/reptes-collectius\/"]}]},{"@type":"BreadcrumbList","@id":"https:\/\/fundesplai.org\/encoratjat\/reptes-collectius\/#breadcrumb","itemListElement":[{"@type":"ListItem","position":1,"name":"Inici","item":"\/"},{"@type":"ListItem","position":2,"name":"Encoratja&#039;t","item":"https:\/\/fundesplai.org\/encoratjat"},{"@type":"ListItem","position":3,"name":"Reptes col\u00b7lectius"}]},{"@type":"WebSite","@id":"https:\/\/fundesplai.org\/encoratjat\/#website","url":"https:\/\/fundesplai.org\/encoratjat\/","name":"Encoratja&#039;t","description":"Proposta educativa de Fundesplai","potentialAction":[{"@type":"SearchAction","target":{"@type":"EntryPoint","urlTemplate":"https:\/\/fundesplai.org\/encoratjat\/?s={search_term_string}"},"query-input":{"@type":"PropertyValueSpecification","valueRequired":true,"valueName":"search_term_string"}}],"inLanguage":"ca"}]}},"_links":{"self":[{"href":"https:\/\/fundesplai.org\/encoratjat\/wp-json\/wp\/v2\/pages\/120","targetHints":{"allow":["GET"]}}],"collection":[{"href":"https:\/\/fundesplai.org\/encoratjat\/wp-json\/wp\/v2\/pages"}],"about":[{"href":"https:\/\/fundesplai.org\/encoratjat\/wp-json\/wp\/v2\/types\/page"}],"author":[{"embeddable":true,"href":"https:\/\/fundesplai.org\/encoratjat\/wp-json\/wp\/v2\/users\/4"}],"replies":[{"embeddable":true,"href":"https:\/\/fundesplai.org\/encoratjat\/wp-json\/wp\/v2\/comments?post=120"}],"version-history":[{"count":2,"href":"https:\/\/fundesplai.org\/encoratjat\/wp-json\/wp\/v2\/pages\/120\/revisions"}],"predecessor-version":[{"id":1674,"href":"https:\/\/fundesplai.org\/encoratjat\/wp-json\/wp\/v2\/pages\/120\/revisions\/1674"}],"wp:attachment":[{"href":"https:\/\/fundesplai.org\/encoratjat\/wp-json\/wp\/v2\/media?parent=120"}],"curies":[{"name":"wp","href":"https:\/\/api.w.org\/{rel}","templated":true}]}}