{"id":1031,"date":"2018-05-28T11:22:18","date_gmt":"2018-05-28T09:22:18","guid":{"rendered":"http:\/\/projectes.fundesplai.org\/encoratjat\/?page_id=1031"},"modified":"2018-05-28T11:22:18","modified_gmt":"2018-05-28T09:22:18","slug":"politica-de-privacitat","status":"publish","type":"page","link":"https:\/\/fundesplai.org\/encoratjat\/politica-de-privacitat\/","title":{"rendered":"Pol\u00edtica de privacitat"},"content":{"rendered":"<div class=\"entry-content\">\n<div class=\"entry-content\">\n<p>La confidencialitat de les teves dades personals \u00e9s un aspecte fonamental per a la Fundaci\u00f3 Catalana de L&#8217;Esplai i entitats vinculades.<\/p>\n<p>Al fer \u00fas d&#8217;aquesta web i dels serveis que en ella s&#8217;ofereixen, l&#8217;usuari accepta quedar vinculat a les condicions de la present Pol\u00edtica.<\/p>\n<p>En cas de dubte en relaci\u00f3 amb la present Pol\u00edtica de Privacitat, no dubtis a contactar amb nosaltres adre\u00e7ant-te a la Fundaci\u00f3 Catalana de L&#8217;Esplai, Carrer Riu Anoia 42-54, 08820 El Prat de Llobregat (Barcelona), o per correu electr\u00f2nic a l\u2019adre\u00e7a dadespersonals@fundesplai.org.<\/p>\n<p>Aquesta pol\u00edtica est\u00e0 dirigida a explicar com i per a quins prop\u00f2sits utilitzem la informaci\u00f3 proporcionada. A aquests efectes, preguem que llegeixis atentament aquesta Pol\u00edtica de Privacitat.<\/p>\n<h3>Qui es el responsable?<\/h3>\n<p>La Fundaci\u00f3 Catalana de l\u2019Esplai, amb C.I.F.: G-61096368.<\/p>\n<p>L\u2019entitat Fundaci\u00f3 Catalana de l\u2019Esplai \u00e9s la titular d\u2019aquest lloc web.<\/p>\n<h3>Com hem obtingut les teves dades personals?<\/h3>\n<p>Hem obtingut les teves dades de car\u00e0cter personal a trav\u00e9s de les relacions pr\u00e8vies o actuals que has mantingut o mantens amb FUNDESPLAI: com a receptor dels nostres serveis, com a participant de les nostres campanyes, com a donant o b\u00e9 que ens hagis sol\u00b7licitat informaci\u00f3 sobre els serveis, les activitats i campanyes de FUNDESPLAI.<\/p>\n<p>FUNDESPLAI est\u00e0 legitimada per recollir les teves dades com a conseq\u00fc\u00e8ncia de les obligacions contractuals de l\u2019esmentada relaci\u00f3. Aquestes dades s\u00f3n les adequades per a les finalitats que es descriuen en el seg\u00fcent punt.<\/p>\n<p>Tindr\u00e0s dret a retirar el teu consentiment en qualsevol moment mitjan\u00e7ant correu electr\u00f2nic a l\u2019adre\u00e7a dadespersonals@fundesplai.org. La retirada del consentiment no afectar\u00e0 a la licitud del tractament basada en el consentiment previ a la seva retirada, i tindr\u00e0 com a conseq\u00fc\u00e8ncia la impossibilitat de mantenir la relaci\u00f3 o la prestaci\u00f3 del servei, en el seu cas.<\/p>\n<h3>Amb quina finalitat tractem les teves dades i fins quan?<\/h3>\n<p>La informaci\u00f3 que ens has facilitat o puguis facilitar-nos en el futur s\u2019utilitza estrictament per als seg\u00fcents prop\u00f2sits, segons correspongui:<\/p>\n<p>Processar les teves consultes i\/o sol\u00b7licituds;<br \/>\nVerificar la teva identitat;<br \/>\nEnviar-te els nostres Butlletins o altres informacions relacionades amb les activitats i serveis de FUNDESPLAI, i d&#8217;altres relacionades amb els sectors de la formaci\u00f3, lleure i ONG.<\/p>\n<p>Conservarem les dades proporcionades mentre duri la nostra relaci\u00f3, fins el moment que revoquis el consentiment atorgat, durant els anys necessaris per a complir amb les obligacions legals.<\/p>\n<p>Posteriorment les dades recollides seran destru\u00efdes amb garanties de privacitat.<\/p>\n<h3>A qui podem facilitar les teves dades i per quin motiu?<\/h3>\n<p>Les teves dades podran ser cedides als seg\u00fcents destinataris amb els motius que es consignen:<\/p>\n<p>Prove\u00efdors que precisin accedir a les dades per la prestaci\u00f3 de serveis que FUNDESPLAI els hagi contractat: empreses prestadores de serveis de IT i assessorament, prove\u00efdors de serveis de pagament i ag\u00e8ncies de refer\u00e8ncia de cr\u00e8dit, tercers que ens ajuden a proporcionar serveis digitals i de comer\u00e7 electr\u00f2nic,\u00a0 de m\u00e0rqueting \u00a0i campanyes que ens ajudin a promocionar els nostres serveis i tercers que realitzen treballs d\u2019estad\u00edstica. FUNDESPLAI t\u00e9 subscrits amb tots ells els contractes de confidencialitat i de tractament de dades personals exigits per la normativa de protecci\u00f3 de la privacitat.<\/p>\n<p>Administracions P\u00fabliques: pel compliment de les obligacions legals a que FUNDESPLAI est\u00e0 subjecta per la seva activitat.<\/p>\n<p>Terceres persones que, de forma raonable, necessitin tenir acc\u00e9s a les teves dades de car\u00e0cter personal per una o v\u00e0ries de les finalitats descrites.<\/p>\n<h3>Quins son els teus drets?<\/h3>\n<p>Com a interessat directe, tens dret a obtenir confirmaci\u00f3 sobre si els responsables estem tractant dades personals que ens concerneixen, o no. Pots exercir el dret d\u2019acc\u00e9s, rectificaci\u00f3, supressi\u00f3 i portabilitat, limitaci\u00f3 i\/o oposici\u00f3 al tractament.<\/p>\n<p>Per exercitar els esmentats drets, pots dirigir-te mitjan\u00e7ant comunicaci\u00f3 escrita a la Fundaci\u00f3 Catalana de L&#8217;Esplai, Ref. Protecci\u00f3 de dades, Carrer Riu Anoia 42-54, 08820 El Prat de Llobregat (Barcelona), o b\u00e9 per correu electr\u00f2nic a dadespersonals@fundesplai.org.<\/p>\n<p>Per \u00faltim, et recordem el teu dret a interposar una reclamaci\u00f3 front l\u2019Ag\u00e8ncia Espanyola de Protecci\u00f3 de Dades en aquells sup\u00f2sits en que es produeixi una vulneraci\u00f3 de la normativa de protecci\u00f3 de dades aplicable.<\/p>\n<h3>I les cookies?<\/h3>\n<p>La Fundaci\u00f3 Catalana de L&#8217;Esplai poden utilitzar cookies quan un usuari navegui per la seva p\u00e0gina Web. Les cookies s\u00f3n fitxers enviats al navegador per mitj\u00e0 d&#8217;un servidor Web amb la finalitat d&#8217;enregistrar les activitats de l&#8217;usuari durant el temps de navegaci\u00f3. Les cookies utilitzades per la nostra Web s&#8217;associen exclusivament amb un usuari an\u00f2nim i al seu ordinador, i no proporcionen per si mateixes dades personals de l&#8217;usuari.<\/p>\n<p>Mitjan\u00e7ant la utilitzaci\u00f3 de cookies resulta possible que el servidor on es troba ubicada la nostra p\u00e0gina Web reconegui el navegador Web utilitzat per l&#8217;usuari amb la finalitat de millorar la navegaci\u00f3. En qualsevol cas l&#8217;usuari t\u00e9 la possibilitat de configurar el seu navegador per a ser avisat de la recepci\u00f3 de cookies i per impedir la seva instal\u00b7laci\u00f3 al seu equip.<\/p>\n<p>Per utilitzar aquesta p\u00e0gina Web \u00e9s necessari que l&#8217;usuari permeti la instal\u00b7laci\u00f3 de les cookies enviades pel Web.<\/p>\n<p>Les cookies utilitzades en aquesta Web tenen, en qualsevol cas, car\u00e0cter temporal amb l&#8217;\u00fanica finalitat de fer m\u00e9s efectiva la transmissi\u00f3 ulterior. En cap cas seran utilitzades per a recollir informaci\u00f3 de caire personal.<\/p>\n<h3>Enlla\u00e7os a altres p\u00e0gines web:<\/h3>\n<p>No ens fem responsables de les pol\u00edtiques de privacitat d&#8217;altres p\u00e0gines Web encara que l&#8217;enlla\u00e7 hagi estat facilitat per la nostra pr\u00f2pia p\u00e0gina. Recomanem que llegeixis amb atenci\u00f3 la pol\u00edtica de cada p\u00e0gina per la que naveguis i et posis en contacte amb el propietari per a qualsevol dubte al respecte.<\/p>\n<p>Aix\u00ed mateix, si obtens l&#8217;enlla\u00e7 a la nostra p\u00e0gina Web a trav\u00e9s d&#8217;alguna Web aliena, no ens fem responsables de la pol\u00edtica de privacitat o pr\u00e0ctiques d&#8217;aquesta p\u00e0gina externa.<\/p>\n<\/div>\n<\/div>\n","protected":false},"excerpt":{"rendered":"<p>La confidencialitat de les teves dades personals \u00e9s un aspecte fonamental per a la Fundaci\u00f3 Catalana de L&#8217;Esplai i entitats vinculades. Al fer \u00fas d&#8217;aquesta web i dels serveis que en ella s&#8217;ofereixen, l&#8217;usuari accepta quedar vinculat a les condicions de la present Pol\u00edtica. En cas de dubte en relaci\u00f3 amb la present Pol\u00edtica de [&hellip;]<\/p>\n","protected":false},"author":4,"featured_media":0,"parent":0,"menu_order":0,"comment_status":"closed","ping_status":"closed","template":"","meta":{"_et_pb_use_builder":"","_et_pb_old_content":"","_et_gb_content_width":"","footnotes":""},"class_list":["post-1031","page","type-page","status-publish","hentry"],"yoast_head":"<!-- This site is optimized with the Yoast SEO plugin v27.3 - https:\/\/yoast.com\/product\/yoast-seo-wordpress\/ -->\n<title>Pol\u00edtica de privacitat - Encoratja&#039;t<\/title>\n<meta name=\"robots\" content=\"index, follow, max-snippet:-1, max-image-preview:large, max-video-preview:-1\" \/>\n<link rel=\"canonical\" href=\"https:\/\/fundesplai.org\/encoratjat\/politica-de-privacitat\/\" \/>\n<meta property=\"og:locale\" content=\"ca_ES\" \/>\n<meta property=\"og:type\" content=\"article\" \/>\n<meta property=\"og:title\" content=\"Pol\u00edtica de privacitat - Encoratja&#039;t\" \/>\n<meta property=\"og:description\" content=\"La confidencialitat de les teves dades personals \u00e9s un aspecte fonamental per a la Fundaci\u00f3 Catalana de L&#8217;Esplai i entitats vinculades. Al fer \u00fas d&#8217;aquesta web i dels serveis que en ella s&#8217;ofereixen, l&#8217;usuari accepta quedar vinculat a les condicions de la present Pol\u00edtica. En cas de dubte en relaci\u00f3 amb la present Pol\u00edtica de [&hellip;]\" \/>\n<meta property=\"og:url\" content=\"https:\/\/fundesplai.org\/encoratjat\/politica-de-privacitat\/\" \/>\n<meta property=\"og:site_name\" content=\"Encoratja&#039;t\" \/>\n<meta name=\"twitter:card\" content=\"summary_large_image\" \/>\n<meta name=\"twitter:label1\" content=\"Temps estimat de lectura\" \/>\n\t<meta name=\"twitter:data1\" content=\"5 minuts\" \/>\n<script type=\"application\/ld+json\" class=\"yoast-schema-graph\">{\"@context\":\"https:\\\/\\\/schema.org\",\"@graph\":[{\"@type\":\"WebPage\",\"@id\":\"https:\\\/\\\/fundesplai.org\\\/encoratjat\\\/politica-de-privacitat\\\/\",\"url\":\"https:\\\/\\\/fundesplai.org\\\/encoratjat\\\/politica-de-privacitat\\\/\",\"name\":\"Pol\u00edtica de privacitat - Encoratja&#039;t\",\"isPartOf\":{\"@id\":\"https:\\\/\\\/fundesplai.org\\\/encoratjat\\\/#website\"},\"datePublished\":\"2018-05-28T09:22:18+00:00\",\"breadcrumb\":{\"@id\":\"https:\\\/\\\/fundesplai.org\\\/encoratjat\\\/politica-de-privacitat\\\/#breadcrumb\"},\"inLanguage\":\"ca\",\"potentialAction\":[{\"@type\":\"ReadAction\",\"target\":[\"https:\\\/\\\/fundesplai.org\\\/encoratjat\\\/politica-de-privacitat\\\/\"]}]},{\"@type\":\"BreadcrumbList\",\"@id\":\"https:\\\/\\\/fundesplai.org\\\/encoratjat\\\/politica-de-privacitat\\\/#breadcrumb\",\"itemListElement\":[{\"@type\":\"ListItem\",\"position\":1,\"name\":\"Inici\",\"item\":\"\\\/\"},{\"@type\":\"ListItem\",\"position\":2,\"name\":\"Encoratja&#039;t\",\"item\":\"https:\\\/\\\/fundesplai.org\\\/encoratjat\"},{\"@type\":\"ListItem\",\"position\":3,\"name\":\"Pol\u00edtica de privacitat\"}]},{\"@type\":\"WebSite\",\"@id\":\"https:\\\/\\\/fundesplai.org\\\/encoratjat\\\/#website\",\"url\":\"https:\\\/\\\/fundesplai.org\\\/encoratjat\\\/\",\"name\":\"Encoratja&#039;t\",\"description\":\"Proposta educativa de Fundesplai\",\"potentialAction\":[{\"@type\":\"SearchAction\",\"target\":{\"@type\":\"EntryPoint\",\"urlTemplate\":\"https:\\\/\\\/fundesplai.org\\\/encoratjat\\\/?s={search_term_string}\"},\"query-input\":{\"@type\":\"PropertyValueSpecification\",\"valueRequired\":true,\"valueName\":\"search_term_string\"}}],\"inLanguage\":\"ca\"}]}<\/script>\n<!-- \/ Yoast SEO plugin. -->","yoast_head_json":{"title":"Pol\u00edtica de privacitat - Encoratja&#039;t","robots":{"index":"index","follow":"follow","max-snippet":"max-snippet:-1","max-image-preview":"max-image-preview:large","max-video-preview":"max-video-preview:-1"},"canonical":"https:\/\/fundesplai.org\/encoratjat\/politica-de-privacitat\/","og_locale":"ca_ES","og_type":"article","og_title":"Pol\u00edtica de privacitat - Encoratja&#039;t","og_description":"La confidencialitat de les teves dades personals \u00e9s un aspecte fonamental per a la Fundaci\u00f3 Catalana de L&#8217;Esplai i entitats vinculades. Al fer \u00fas d&#8217;aquesta web i dels serveis que en ella s&#8217;ofereixen, l&#8217;usuari accepta quedar vinculat a les condicions de la present Pol\u00edtica. En cas de dubte en relaci\u00f3 amb la present Pol\u00edtica de [&hellip;]","og_url":"https:\/\/fundesplai.org\/encoratjat\/politica-de-privacitat\/","og_site_name":"Encoratja&#039;t","twitter_card":"summary_large_image","twitter_misc":{"Temps estimat de lectura":"5 minuts"},"schema":{"@context":"https:\/\/schema.org","@graph":[{"@type":"WebPage","@id":"https:\/\/fundesplai.org\/encoratjat\/politica-de-privacitat\/","url":"https:\/\/fundesplai.org\/encoratjat\/politica-de-privacitat\/","name":"Pol\u00edtica de privacitat - Encoratja&#039;t","isPartOf":{"@id":"https:\/\/fundesplai.org\/encoratjat\/#website"},"datePublished":"2018-05-28T09:22:18+00:00","breadcrumb":{"@id":"https:\/\/fundesplai.org\/encoratjat\/politica-de-privacitat\/#breadcrumb"},"inLanguage":"ca","potentialAction":[{"@type":"ReadAction","target":["https:\/\/fundesplai.org\/encoratjat\/politica-de-privacitat\/"]}]},{"@type":"BreadcrumbList","@id":"https:\/\/fundesplai.org\/encoratjat\/politica-de-privacitat\/#breadcrumb","itemListElement":[{"@type":"ListItem","position":1,"name":"Inici","item":"\/"},{"@type":"ListItem","position":2,"name":"Encoratja&#039;t","item":"https:\/\/fundesplai.org\/encoratjat"},{"@type":"ListItem","position":3,"name":"Pol\u00edtica de privacitat"}]},{"@type":"WebSite","@id":"https:\/\/fundesplai.org\/encoratjat\/#website","url":"https:\/\/fundesplai.org\/encoratjat\/","name":"Encoratja&#039;t","description":"Proposta educativa de Fundesplai","potentialAction":[{"@type":"SearchAction","target":{"@type":"EntryPoint","urlTemplate":"https:\/\/fundesplai.org\/encoratjat\/?s={search_term_string}"},"query-input":{"@type":"PropertyValueSpecification","valueRequired":true,"valueName":"search_term_string"}}],"inLanguage":"ca"}]}},"_links":{"self":[{"href":"https:\/\/fundesplai.org\/encoratjat\/wp-json\/wp\/v2\/pages\/1031","targetHints":{"allow":["GET"]}}],"collection":[{"href":"https:\/\/fundesplai.org\/encoratjat\/wp-json\/wp\/v2\/pages"}],"about":[{"href":"https:\/\/fundesplai.org\/encoratjat\/wp-json\/wp\/v2\/types\/page"}],"author":[{"embeddable":true,"href":"https:\/\/fundesplai.org\/encoratjat\/wp-json\/wp\/v2\/users\/4"}],"replies":[{"embeddable":true,"href":"https:\/\/fundesplai.org\/encoratjat\/wp-json\/wp\/v2\/comments?post=1031"}],"version-history":[{"count":0,"href":"https:\/\/fundesplai.org\/encoratjat\/wp-json\/wp\/v2\/pages\/1031\/revisions"}],"wp:attachment":[{"href":"https:\/\/fundesplai.org\/encoratjat\/wp-json\/wp\/v2\/media?parent=1031"}],"curies":[{"name":"wp","href":"https:\/\/api.w.org\/{rel}","templated":true}]}}