{"id":52477,"date":"2023-01-31T17:01:48","date_gmt":"2023-01-31T16:01:48","guid":{"rendered":"https:\/\/fundesplai.org\/meet\/transparency\/childhood\/pedagogical-principles\/"},"modified":"2023-10-31T09:12:45","modified_gmt":"2023-10-31T08:12:45","slug":"pedagogical-principles","status":"publish","type":"page","link":"https:\/\/fundesplai.org\/en\/meet\/transparency\/childhood\/pedagogical-principles\/","title":{"rendered":"Pedagogical principles"},"content":{"rendered":"<p>[et_pb_section fb_built=&#8221;1&#8243; fullwidth=&#8221;on&#8221; admin_label=&#8221;Section&#8221; _builder_version=&#8221;4.16&#8243; _module_preset=&#8221;default&#8221; locked=&#8221;off&#8221; collapsed=&#8221;off&#8221; global_colors_info=&#8221;{}&#8221;][et_pb_fullwidth_slider module_id=&#8221;fix-padding&#8221; module_class=&#8221;slider-capcalera slider-text-cta&#8221; _builder_version=&#8221;4.19.0&#8243; _module_preset=&#8221;default&#8221; background_enable_image=&#8221;off&#8221; global_colors_info=&#8221;{}&#8221;][et_pb_slide button_link=&#8221;https:\/\/escoles.fundesplai.org\/contacta\/?servei=extraescolars&#8221; _builder_version=&#8221;4.19.0&#8243; _module_preset=&#8221;default&#8221; background_image=&#8221;https:\/\/fundesplai.org\/wp-content\/uploads\/2023\/01\/Principis-pedagogics-Fundesplai.jpg&#8221; background_enable_image=&#8221;on&#8221; global_colors_info=&#8221;{}&#8221; sticky_transition=&#8221;on&#8221;][\/et_pb_slide][\/et_pb_fullwidth_slider][\/et_pb_section][et_pb_section fb_built=&#8221;1&#8243; _builder_version=&#8221;4.17.4&#8243; _module_preset=&#8221;default&#8221; locked=&#8221;off&#8221; global_colors_info=&#8221;{}&#8221;][et_pb_row _builder_version=&#8221;4.19.0&#8243; _module_preset=&#8221;default&#8221; global_colors_info=&#8221;{}&#8221;][et_pb_column type=&#8221;4_4&#8243; _builder_version=&#8221;4.17.4&#8243; _module_preset=&#8221;default&#8221; global_colors_info=&#8221;{}&#8221;][et_pb_post_title _builder_version=&#8221;4.19.0&#8243; _module_preset=&#8221;default&#8221; custom_margin=&#8221;30px||||false|false&#8221; global_colors_info=&#8221;{}&#8221;][\/et_pb_post_title][et_pb_text admin_label=&#8221;paragraf intro &#8211; 4 pilars&#8221; _builder_version=&#8221;4.19.0&#8243; _module_preset=&#8221;default&#8221; custom_margin=&#8221;||||false|false&#8221; global_colors_info=&#8221;{}&#8221;]<\/p>\n<div class=\"elementToProof\" style=\"text-align: center\">Our model of <strong>leisure education<\/strong> is based on education for <strong>coexistence and sustainability<\/strong>. These two backbones, <a href=\"https:\/\/fundesplai.org\/en\/meet\/mission-and-values\/\" data-loopstyle=\"link\">our values and mission<\/a>, define all our actions and projects. In parallel, our <strong>pedagogical principles<\/strong> are organized around the <strong>4 educational pillars<\/strong> defined by Jacques Delors in <a href=\"https:\/\/www.escolanova21.cat\/wp\/wp-content\/uploads\/2019\/11\/UNESCO-Educacio_-hi-ha-un-tresor-amagat-a-dins.pdf\" data-loopstyle=\"link\">the report he wrote for UNESCO in 1996<\/a>: learning to know, learning to live together, learning to do and learning to be.<\/div>\n<p>[\/et_pb_text][\/et_pb_column][\/et_pb_row][et_pb_row _builder_version=&#8221;4.19.0&#8243; _module_preset=&#8221;default&#8221; custom_margin=&#8221;20px||||false|false&#8221; global_colors_info=&#8221;{}&#8221;][et_pb_column type=&#8221;4_4&#8243; _builder_version=&#8221;4.19.0&#8243; _module_preset=&#8221;default&#8221; global_colors_info=&#8221;{}&#8221;][et_pb_image src=&#8221;https:\/\/fundesplai.org\/wp-content\/uploads\/2023\/10\/Codi-etic-angles.png&#8221; alt=&#8221;Codi etic angl\u00e8s&#8221; title_text=&#8221;Codi etic angl\u00e8s&#8221; show_bottom_space=&#8221;off&#8221; align=&#8221;center&#8221; admin_label=&#8221;Image &#8211; Els 4 pilars&#8221; _builder_version=&#8221;4.21.0&#8243; _module_preset=&#8221;default&#8221; hover_enabled=&#8221;0&#8243; global_colors_info=&#8221;{}&#8221; sticky_enabled=&#8221;0&#8243;][\/et_pb_image][\/et_pb_column][\/et_pb_row][et_pb_row _builder_version=&#8221;4.19.0&#8243; _module_preset=&#8221;default&#8221; custom_margin=&#8221;20px||||false|false&#8221; global_colors_info=&#8221;{}&#8221;][et_pb_column type=&#8221;4_4&#8243; _builder_version=&#8221;4.17.4&#8243; _module_preset=&#8221;default&#8221; global_colors_info=&#8221;{}&#8221;][et_pb_text admin_label=&#8221;paragraf &#8211; Les 3 A&#8221; _builder_version=&#8221;4.19.0&#8243; _module_preset=&#8221;default&#8221; custom_margin=&#8221;||||false|false&#8221; global_colors_info=&#8221;{}&#8221;]<\/p>\n<div class=\"elementToProof\" style=\"text-align: center\">And based on these 4 pillars of education, <strong>we educate throughout life<\/strong>, implementing our actions and programs in the different stages of life.<\/div>\n<div class=\"elementToProof\" style=\"text-align: center\">Our educational practice is characterized by &#8220;The 3A&#8217;s&#8221;: welcome, accompaniment and personal autonomy.<\/div>\n<p>[\/et_pb_text][\/et_pb_column][\/et_pb_row][et_pb_row _builder_version=&#8221;4.19.0&#8243; _module_preset=&#8221;default&#8221; custom_margin=&#8221;20px||||false|false&#8221; global_colors_info=&#8221;{}&#8221;][et_pb_column type=&#8221;4_4&#8243; _builder_version=&#8221;4.19.0&#8243; _module_preset=&#8221;default&#8221; global_colors_info=&#8221;{}&#8221;][et_pb_image src=&#8221;https:\/\/fundesplai.org\/wp-content\/uploads\/2023\/10\/LEs-3-A-Codi-etic-angles.jpg&#8221; alt=&#8221;LEs 3 A Codi \u00e8tic angl\u00e8s&#8221; title_text=&#8221;LEs 3 A Codi \u00e8tic angl\u00e8s&#8221; align=&#8221;center&#8221; admin_label=&#8221;Image &#8211; Les 3A&#8221; _builder_version=&#8221;4.21.0&#8243; _module_preset=&#8221;default&#8221; hover_enabled=&#8221;0&#8243; global_colors_info=&#8221;{}&#8221; sticky_enabled=&#8221;0&#8243;][\/et_pb_image][\/et_pb_column][\/et_pb_row][et_pb_row _builder_version=&#8221;4.19.0&#8243; _module_preset=&#8221;default&#8221; custom_margin=&#8221;20px||||false|false&#8221; global_colors_info=&#8221;{}&#8221;][et_pb_column type=&#8221;4_4&#8243; _builder_version=&#8221;4.17.4&#8243; _module_preset=&#8221;default&#8221; global_colors_info=&#8221;{}&#8221;][et_pb_text admin_label=&#8221;paragraf &#8211; compet\u00e8ncies i habilitats&#8221; _builder_version=&#8221;4.19.0&#8243; _module_preset=&#8221;default&#8221; custom_margin=&#8221;||||false|false&#8221; global_colors_info=&#8221;{}&#8221;]<\/p>\n<div style=\"text-align: center\">We provide personalized accompaniment, placing the <strong>children and young people at the center of the educational action<\/strong>.<\/div>\n<div class=\"elementToProof\" style=\"text-align: center\">We start with <strong>active participation<\/strong>, fun and enthusiasm and apply different methodologies such as games, learning and service, coeducation or environmental and emotional education in order to promote the development of <strong>transversal competencies<\/strong> and different <strong>personal and collective skills<\/strong>.<\/div>\n<p>[\/et_pb_text][\/et_pb_column][\/et_pb_row][et_pb_row _builder_version=&#8221;4.19.0&#8243; _module_preset=&#8221;default&#8221; custom_margin=&#8221;20px||||false|false&#8221; global_colors_info=&#8221;{}&#8221;][et_pb_column type=&#8221;4_4&#8243; _builder_version=&#8221;4.19.0&#8243; _module_preset=&#8221;default&#8221; global_colors_info=&#8221;{}&#8221;][et_pb_image src=&#8221;https:\/\/fundesplai.org\/wp-content\/uploads\/2023\/10\/Competencies-i-habilitats-angles.jpg&#8221; alt=&#8221;Competencias y habilidades personales y colectivas(1)&#8221; title_text=&#8221;Compet\u00e8ncies i habilitats angl\u00e8s&#8221; align=&#8221;center&#8221; admin_label=&#8221;Image &#8211; Compet\u00e8ncies i habilitats&#8221; _builder_version=&#8221;4.21.0&#8243; _module_preset=&#8221;default&#8221; hover_enabled=&#8221;0&#8243; global_colors_info=&#8221;{}&#8221; sticky_enabled=&#8221;0&#8243;][\/et_pb_image][\/et_pb_column][\/et_pb_row][\/et_pb_section][et_pb_section fb_built=&#8221;1&#8243; disabled_on=&#8221;off|off|off&#8221; module_id=&#8221;apectes_tecnics&#8221; _builder_version=&#8221;4.16&#8243; _module_preset=&#8221;default&#8221; custom_margin=&#8221;50px||||false|false&#8221; locked=&#8221;off&#8221; collapsed=&#8221;off&#8221; global_colors_info=&#8221;{}&#8221;][et_pb_row _builder_version=&#8221;4.19.0&#8243; _module_preset=&#8221;default&#8221; custom_margin=&#8221;40px||||false|false&#8221; global_colors_info=&#8221;{}&#8221;][et_pb_column type=&#8221;4_4&#8243; _builder_version=&#8221;4.19.0&#8243; _module_preset=&#8221;default&#8221; global_colors_info=&#8221;{}&#8221;][et_pb_text _builder_version=&#8221;4.19.0&#8243; _module_preset=&#8221;default&#8221; global_colors_info=&#8221;{}&#8221;]<\/p>\n<h2 style=\"text-align: center\">Other aspects of our educational model<\/h2>\n<p>[\/et_pb_text][\/et_pb_column][\/et_pb_row][et_pb_row column_structure=&#8221;1_2,1_2&#8243; make_equal=&#8221;on&#8221; _builder_version=&#8221;4.16&#8243; _module_preset=&#8221;default&#8221; background_color=&#8221;#E9E9E9&#8243; width=&#8221;100%&#8221; max_width=&#8221;100%&#8221; global_colors_info=&#8221;{}&#8221;][et_pb_column type=&#8221;1_2&#8243; _builder_version=&#8221;4.16&#8243; _module_preset=&#8221;default&#8221; global_colors_info=&#8221;{}&#8221;][et_pb_text admin_label=&#8221;Compet\u00e8ncies&#8221; _builder_version=&#8221;4.19.0&#8243; _module_preset=&#8221;default&#8221; width=&#8221;80%&#8221; module_alignment=&#8221;center&#8221; custom_padding=&#8221;30px||30px||false|false&#8221; global_colors_info=&#8221;{}&#8221;]<\/p>\n<h4>The 7 competencies in educational leisure time<\/h4>\n<p style=\"text-align: left\"><strong>In educational leisure activities<\/strong>, children and young people develop <a href=\"https:\/\/escoles.fundesplai.org\/wp-content\/uploads\/2021\/03\/Competencies-per-a-la-vida-en-el-Lleure-educatiu.pdf\" target=\"_blank\" rel=\"noopener noreferrer\">7 transversal competencies<\/a> (following the model defined by UNESCO, 2018):<br \/>(1) Lifelong learning, (2) Self-management, (3) Interactive use of tools and resources, (4) Pre-registration with others, (5) Pre-registration with the world, (6) Trans-disciplinarity, (7) Multi-literacy.<\/p>\n<p>[\/et_pb_text][\/et_pb_column][et_pb_column type=&#8221;1_2&#8243; _builder_version=&#8221;4.16&#8243; _module_preset=&#8221;default&#8221; background_color=&#8221;#E9E9E9&#8243; background_image=&#8221;https:\/\/fundesplai.org\/wp-content\/uploads\/2021\/07\/Competencies-lleure-educatiu-Fundesplai3.jpg&#8221; global_colors_info=&#8221;{}&#8221;][\/et_pb_column][\/et_pb_row][et_pb_row column_structure=&#8221;1_2,1_2&#8243; make_equal=&#8221;on&#8221; _builder_version=&#8221;4.16&#8243; _module_preset=&#8221;default&#8221; background_color=&#8221;#E9E9E9&#8243; width=&#8221;100%&#8221; max_width=&#8221;100%&#8221; global_colors_info=&#8221;{}&#8221;][et_pb_column type=&#8221;1_2&#8243; _builder_version=&#8221;4.16&#8243; _module_preset=&#8221;default&#8221; background_color=&#8221;#E9E9E9&#8243; background_image=&#8221;https:\/\/fundesplai.org\/wp-content\/uploads\/2022\/06\/ODS_Objectius-Desenvolupament-Sostenible.jpg&#8221; global_colors_info=&#8221;{}&#8221;][\/et_pb_column][et_pb_column type=&#8221;1_2&#8243; _builder_version=&#8221;4.16&#8243; _module_preset=&#8221;default&#8221; global_colors_info=&#8221;{}&#8221;][et_pb_text admin_label=&#8221;ODS&#8221; _builder_version=&#8221;4.19.0&#8243; _module_preset=&#8221;default&#8221; width=&#8221;80%&#8221; module_alignment=&#8221;center&#8221; custom_padding=&#8221;30px||30px||false|false&#8221; global_colors_info=&#8221;{}&#8221;]<\/p>\n<h4>Eduquemos por los ODS<\/h4>\n<p>Desde Fundesplai<a href=\"https:\/\/fundesplai.org\/es\/conoce\/transparencia\/fundesplai-con-los-ods\/\"> contribuimos a alcanzar los ODS<\/a> (Objetivos del Desarrollo Sostenible) con todas nuestras acciones y proyectos. Desde nuestra labor educativa en esplais, escuelas y casas de colonias, hasta la formaci\u00f3n, el acompa\u00f1amiento a las entidades y la apuesta por la sostenibilidad y la convivencia.<\/p>\n<blockquote>\n<p><a href=\"https:\/\/fundesplai.org\/es\/conoce\/transparencia\/fundesplai-con-los-ods\/\">Fundesplai con los ODS<\/a><\/p>\n<\/blockquote>\n<p>[\/et_pb_text][\/et_pb_column][\/et_pb_row][et_pb_row column_structure=&#8221;1_2,1_2&#8243; make_equal=&#8221;on&#8221; _builder_version=&#8221;4.16&#8243; _module_preset=&#8221;default&#8221; background_color=&#8221;#E9E9E9&#8243; width=&#8221;100%&#8221; max_width=&#8221;100%&#8221; global_colors_info=&#8221;{}&#8221;][et_pb_column type=&#8221;1_2&#8243; _builder_version=&#8221;4.16&#8243; _module_preset=&#8221;default&#8221; background_enable_color=&#8221;off&#8221; background_enable_image=&#8221;off&#8221; global_colors_info=&#8221;{}&#8221;][et_pb_text admin_label=&#8221;Propostes educatives&#8221; _builder_version=&#8221;4.19.0&#8243; _module_preset=&#8221;default&#8221; width=&#8221;80%&#8221; module_alignment=&#8221;center&#8221; custom_padding=&#8221;30px||30px||false|false&#8221; global_colors_info=&#8221;{}&#8221;]<\/p>\n<h4>Propuestas educativas tem\u00e1ticas<\/h4>\n<p>Desarrollamos <a href=\"https:\/\/fundesplai.org\/es\/recursos\/propuestas-educativas\/\">propuestas educativas<\/a> bianuales en escuelas y esplais que profundizan en ejes tem\u00e1ticos concretos.<br \/>Las m\u00e1s recientes son:<\/p>\n<blockquote>\n<p><a href=\"https:\/\/projectes.fundesplai.org\/mcm\/\">Menjar Canvia el M\u00f3n<\/a> (2021-23) para la alimentaci\u00f3n saludable y sostenible<\/p>\n<p><a href=\"https:\/\/projectes.fundesplai.org\/nusos\/\" target=\"_blank\" rel=\"noopener noreferrer\">nuSOS<\/a> (2019-21) por la ciudadan\u00eda global<\/p>\n<p><a href=\"https:\/\/projectes.fundesplai.org\/encoratjat\/\" target=\"_blank\" rel=\"noopener noreferrer\">Enci\u00e9ndase<\/a> (2017-19) por la igualdad de g\u00e9nero y la violencia cero<\/p>\n<\/blockquote>\n<p>[\/et_pb_text][\/et_pb_column][et_pb_column type=&#8221;1_2&#8243; _builder_version=&#8221;4.16&#8243; _module_preset=&#8221;default&#8221; background_image=&#8221;https:\/\/fundesplai.org\/wp-content\/uploads\/2021\/07\/Propostes-educatives-Fundesplai-800&#215;471-1.jpg&#8221; global_colors_info=&#8221;{}&#8221;][\/et_pb_column][\/et_pb_row][et_pb_row _builder_version=&#8221;4.19.0&#8243; _module_preset=&#8221;default&#8221; custom_margin=&#8221;40px||||false|false&#8221; global_colors_info=&#8221;{}&#8221;][et_pb_column type=&#8221;4_4&#8243; _builder_version=&#8221;4.19.0&#8243; _module_preset=&#8221;default&#8221; global_colors_info=&#8221;{}&#8221;][et_pb_button button_text=&#8221;Our commitments to children&#8221; button_alignment=&#8221;center&#8221; _builder_version=&#8221;4.19.0&#8243; _module_preset=&#8221;default&#8221; global_colors_info=&#8221;{}&#8221;][\/et_pb_button][\/et_pb_column][\/et_pb_row][\/et_pb_section]<\/p>\n","protected":false},"excerpt":{"rendered":"<p>Our pedagogical principles are organized into 4 educational pillars defined by Jacques Delors in the 1996 UNESCO report.<\/p>\n","protected":false},"author":3,"featured_media":0,"parent":52474,"menu_order":0,"comment_status":"closed","ping_status":"closed","template":"","meta":{"_et_pb_use_builder":"on","_et_pb_old_content":"","_et_gb_content_width":"","footnotes":""},"class_list":["post-52477","page","type-page","status-publish","hentry"],"yoast_head":"<!-- This site is optimized with the Yoast SEO plugin v27.4 - https:\/\/yoast.com\/product\/yoast-seo-wordpress\/ -->\n<title>Pedagogical principles - Fundesplai<\/title>\n<meta name=\"description\" content=\"Our pedagogical principles are organized into 4 educational pillars defined by Jacques Delors in the 1996 UNESCO report.\" \/>\n<meta name=\"robots\" content=\"index, follow, max-snippet:-1, max-image-preview:large, max-video-preview:-1\" \/>\n<link rel=\"canonical\" href=\"https:\/\/fundesplai.org\/en\/meet\/transparency\/childhood\/pedagogical-principles\/\" \/>\n<meta property=\"og:locale\" content=\"en_US\" \/>\n<meta property=\"og:type\" content=\"article\" \/>\n<meta property=\"og:title\" content=\"Pedagogical principles - Fundesplai\" \/>\n<meta property=\"og:description\" content=\"Our pedagogical principles are organized into 4 educational pillars defined by Jacques Delors in the 1996 UNESCO report.\" \/>\n<meta property=\"og:url\" content=\"https:\/\/fundesplai.org\/en\/meet\/transparency\/childhood\/pedagogical-principles\/\" \/>\n<meta property=\"og:site_name\" content=\"Fundesplai\" \/>\n<meta property=\"article:modified_time\" content=\"2023-10-31T08:12:45+00:00\" \/>\n<meta name=\"twitter:card\" content=\"summary_large_image\" \/>\n<meta name=\"twitter:label1\" content=\"Est. reading time\" \/>\n\t<meta name=\"twitter:data1\" content=\"4 minutes\" \/>\n<script type=\"application\/ld+json\" class=\"yoast-schema-graph\">{\"@context\":\"https:\\\/\\\/schema.org\",\"@graph\":[{\"@type\":\"WebPage\",\"@id\":\"https:\\\/\\\/fundesplai.org\\\/en\\\/meet\\\/transparency\\\/childhood\\\/pedagogical-principles\\\/\",\"url\":\"https:\\\/\\\/fundesplai.org\\\/en\\\/meet\\\/transparency\\\/childhood\\\/pedagogical-principles\\\/\",\"name\":\"Pedagogical principles - Fundesplai\",\"isPartOf\":{\"@id\":\"https:\\\/\\\/fundesplai.org\\\/en\\\/#website\"},\"datePublished\":\"2023-01-31T16:01:48+00:00\",\"dateModified\":\"2023-10-31T08:12:45+00:00\",\"description\":\"Our pedagogical principles are organized into 4 educational pillars defined by Jacques Delors in the 1996 UNESCO report.\",\"breadcrumb\":{\"@id\":\"https:\\\/\\\/fundesplai.org\\\/en\\\/meet\\\/transparency\\\/childhood\\\/pedagogical-principles\\\/#breadcrumb\"},\"inLanguage\":\"en-US\",\"potentialAction\":[{\"@type\":\"ReadAction\",\"target\":[\"https:\\\/\\\/fundesplai.org\\\/en\\\/meet\\\/transparency\\\/childhood\\\/pedagogical-principles\\\/\"]}]},{\"@type\":\"BreadcrumbList\",\"@id\":\"https:\\\/\\\/fundesplai.org\\\/en\\\/meet\\\/transparency\\\/childhood\\\/pedagogical-principles\\\/#breadcrumb\",\"itemListElement\":[{\"@type\":\"ListItem\",\"position\":1,\"name\":\"Inici\",\"item\":\"https:\\\/\\\/fundesplai.org\\\/en\\\/\"},{\"@type\":\"ListItem\",\"position\":2,\"name\":\"About\",\"item\":\"https:\\\/\\\/fundesplai.org\\\/en\\\/meet\\\/\"},{\"@type\":\"ListItem\",\"position\":3,\"name\":\"Transparency\",\"item\":\"https:\\\/\\\/fundesplai.org\\\/en\\\/meet\\\/transparency\\\/\"},{\"@type\":\"ListItem\",\"position\":4,\"name\":\"Childhood\",\"item\":\"https:\\\/\\\/fundesplai.org\\\/en\\\/meet\\\/transparency\\\/childhood\\\/\"},{\"@type\":\"ListItem\",\"position\":5,\"name\":\"Pedagogical principles\"}]},{\"@type\":\"WebSite\",\"@id\":\"https:\\\/\\\/fundesplai.org\\\/en\\\/#website\",\"url\":\"https:\\\/\\\/fundesplai.org\\\/en\\\/\",\"name\":\"Fundesplai\",\"description\":\"Eduquem per la conviv\u00e8ncia i la sostenibilitat\",\"potentialAction\":[{\"@type\":\"SearchAction\",\"target\":{\"@type\":\"EntryPoint\",\"urlTemplate\":\"https:\\\/\\\/fundesplai.org\\\/en\\\/?s={search_term_string}\"},\"query-input\":{\"@type\":\"PropertyValueSpecification\",\"valueRequired\":true,\"valueName\":\"search_term_string\"}}],\"inLanguage\":\"en-US\"}]}<\/script>\n<!-- \/ Yoast SEO plugin. -->","yoast_head_json":{"title":"Pedagogical principles - Fundesplai","description":"Our pedagogical principles are organized into 4 educational pillars defined by Jacques Delors in the 1996 UNESCO report.","robots":{"index":"index","follow":"follow","max-snippet":"max-snippet:-1","max-image-preview":"max-image-preview:large","max-video-preview":"max-video-preview:-1"},"canonical":"https:\/\/fundesplai.org\/en\/meet\/transparency\/childhood\/pedagogical-principles\/","og_locale":"en_US","og_type":"article","og_title":"Pedagogical principles - Fundesplai","og_description":"Our pedagogical principles are organized into 4 educational pillars defined by Jacques Delors in the 1996 UNESCO report.","og_url":"https:\/\/fundesplai.org\/en\/meet\/transparency\/childhood\/pedagogical-principles\/","og_site_name":"Fundesplai","article_modified_time":"2023-10-31T08:12:45+00:00","twitter_card":"summary_large_image","twitter_misc":{"Est. reading time":"4 minutes"},"schema":{"@context":"https:\/\/schema.org","@graph":[{"@type":"WebPage","@id":"https:\/\/fundesplai.org\/en\/meet\/transparency\/childhood\/pedagogical-principles\/","url":"https:\/\/fundesplai.org\/en\/meet\/transparency\/childhood\/pedagogical-principles\/","name":"Pedagogical principles - Fundesplai","isPartOf":{"@id":"https:\/\/fundesplai.org\/en\/#website"},"datePublished":"2023-01-31T16:01:48+00:00","dateModified":"2023-10-31T08:12:45+00:00","description":"Our pedagogical principles are organized into 4 educational pillars defined by Jacques Delors in the 1996 UNESCO report.","breadcrumb":{"@id":"https:\/\/fundesplai.org\/en\/meet\/transparency\/childhood\/pedagogical-principles\/#breadcrumb"},"inLanguage":"en-US","potentialAction":[{"@type":"ReadAction","target":["https:\/\/fundesplai.org\/en\/meet\/transparency\/childhood\/pedagogical-principles\/"]}]},{"@type":"BreadcrumbList","@id":"https:\/\/fundesplai.org\/en\/meet\/transparency\/childhood\/pedagogical-principles\/#breadcrumb","itemListElement":[{"@type":"ListItem","position":1,"name":"Inici","item":"https:\/\/fundesplai.org\/en\/"},{"@type":"ListItem","position":2,"name":"About","item":"https:\/\/fundesplai.org\/en\/meet\/"},{"@type":"ListItem","position":3,"name":"Transparency","item":"https:\/\/fundesplai.org\/en\/meet\/transparency\/"},{"@type":"ListItem","position":4,"name":"Childhood","item":"https:\/\/fundesplai.org\/en\/meet\/transparency\/childhood\/"},{"@type":"ListItem","position":5,"name":"Pedagogical principles"}]},{"@type":"WebSite","@id":"https:\/\/fundesplai.org\/en\/#website","url":"https:\/\/fundesplai.org\/en\/","name":"Fundesplai","description":"Eduquem per la conviv\u00e8ncia i la sostenibilitat","potentialAction":[{"@type":"SearchAction","target":{"@type":"EntryPoint","urlTemplate":"https:\/\/fundesplai.org\/en\/?s={search_term_string}"},"query-input":{"@type":"PropertyValueSpecification","valueRequired":true,"valueName":"search_term_string"}}],"inLanguage":"en-US"}]}},"_links":{"self":[{"href":"https:\/\/fundesplai.org\/en\/wp-json\/wp\/v2\/pages\/52477","targetHints":{"allow":["GET"]}}],"collection":[{"href":"https:\/\/fundesplai.org\/en\/wp-json\/wp\/v2\/pages"}],"about":[{"href":"https:\/\/fundesplai.org\/en\/wp-json\/wp\/v2\/types\/page"}],"author":[{"embeddable":true,"href":"https:\/\/fundesplai.org\/en\/wp-json\/wp\/v2\/users\/3"}],"replies":[{"embeddable":true,"href":"https:\/\/fundesplai.org\/en\/wp-json\/wp\/v2\/comments?post=52477"}],"version-history":[{"count":10,"href":"https:\/\/fundesplai.org\/en\/wp-json\/wp\/v2\/pages\/52477\/revisions"}],"predecessor-version":[{"id":60402,"href":"https:\/\/fundesplai.org\/en\/wp-json\/wp\/v2\/pages\/52477\/revisions\/60402"}],"up":[{"embeddable":true,"href":"https:\/\/fundesplai.org\/en\/wp-json\/wp\/v2\/pages\/52474"}],"wp:attachment":[{"href":"https:\/\/fundesplai.org\/en\/wp-json\/wp\/v2\/media?parent=52477"}],"curies":[{"name":"wp","href":"https:\/\/api.w.org\/{rel}","templated":true}]}}