{"id":52450,"date":"2023-02-26T17:58:33","date_gmt":"2023-02-26T16:58:33","guid":{"rendered":"https:\/\/fundesplai.org\/meet\/transparency\/strategic-alliances\/partner-entities\/"},"modified":"2026-04-30T23:03:18","modified_gmt":"2026-04-30T21:03:18","slug":"partner-entities","status":"publish","type":"page","link":"https:\/\/fundesplai.org\/en\/meet\/transparency\/strategic-alliances\/partner-entities\/","title":{"rendered":"Partner entities"},"content":{"rendered":"<p>[et_pb_section fb_built=&#8221;1&#8243; disabled_on=&#8221;off|off|off&#8221; _builder_version=&#8221;4.17.4&#8243; _module_preset=&#8221;default&#8221; locked=&#8221;off&#8221; global_colors_info=&#8221;{}&#8221;][et_pb_row _builder_version=&#8221;4.17.4&#8243; _module_preset=&#8221;default&#8221; custom_margin=&#8221;30px||||false|false&#8221; global_colors_info=&#8221;{}&#8221;][et_pb_column type=&#8221;4_4&#8243; _builder_version=&#8221;4.17.4&#8243; _module_preset=&#8221;default&#8221; global_colors_info=&#8221;{}&#8221;][et_pb_post_title _builder_version=&#8221;4.17.4&#8243; _module_preset=&#8221;default&#8221; global_colors_info=&#8221;{}&#8221;][\/et_pb_post_title][et_pb_text admin_label=&#8221;explicaci\u00f3 entitats s\u00f2cies&#8221; _builder_version=&#8221;4.19.0&#8243; _module_preset=&#8221;default&#8221; custom_margin=&#8221;||||false|false&#8221; global_colors_info=&#8221;{}&#8221;]<\/p>\n<p style=\"text-align: center\">Partner organizations are <strong>other non-profit organizations<\/strong> with which we share <strong>objectives and values<\/strong> , and have participation in our governing bodies. With partner organizations we work together in various areas and develop strategic projects. <\/p>\n<p>[\/et_pb_text][\/et_pb_column][\/et_pb_row][et_pb_row column_structure=&#8221;1_4,3_4&#8243; _builder_version=&#8221;4.17.4&#8243; _module_preset=&#8221;default&#8221; custom_margin=&#8221;||||false|false&#8221; global_colors_info=&#8221;{}&#8221;][et_pb_column type=&#8221;1_4&#8243; _builder_version=&#8221;4.17.4&#8243; _module_preset=&#8221;default&#8221; global_colors_info=&#8221;{}&#8221;][et_pb_image src=&#8221;https:\/\/fundesplai.org\/wp-content\/uploads\/2023\/02\/fundacion-esplai.jpg&#8221; alt=&#8221;Fundaci\u00f3n Esplai&#8221; title_text=&#8221;Fundaci\u00f3n Esplai&#8221; admin_label=&#8221;Fundaci\u00f3n Esplai&#8221; _builder_version=&#8221;4.19.0&#8243; _module_preset=&#8221;default&#8221; custom_margin=&#8221;50px|20px|||false|false&#8221; global_colors_info=&#8221;{}&#8221;][\/et_pb_image][\/et_pb_column][et_pb_column type=&#8221;3_4&#8243; _builder_version=&#8221;4.17.4&#8243; _module_preset=&#8221;default&#8221; global_colors_info=&#8221;{}&#8221;][et_pb_text _builder_version=&#8221;4.19.0&#8243; _module_preset=&#8221;default&#8221; custom_margin=&#8221;30px||||false|false&#8221; global_colors_info=&#8221;{}&#8221;]<\/p>\n<div class=\"elementToProof\">\n<h3>Fundaci\u00f3n Esplai<\/h3>\n<p class=\"intro ContentPasted0\">The <a href=\"https:\/\/fundacionesplai.org\/\">Esplai Foundation<\/a> is a <strong>non-profit entity at the state level<\/strong> , with international projection, whose mission is to educate children and young people, strengthen leisure organizations and the Third Sector, improve the environment and promote citizenship and social inclusion, with a transformative will. Fundaci\u00f3n Esplai was created by Fundesplai and other organizations from the rest of the Spanish State with the vocation of <strong>creating synergies and contributing to responding<\/strong> <strong>to social and educational challenges<\/strong> . With Fundaci\u00f3n Esplai we coordinate and mutually participate in our Government bodies.  <\/p>\n<\/div>\n<p>[\/et_pb_text][\/et_pb_column][\/et_pb_row][et_pb_row _builder_version=&#8221;4.17.4&#8243; _module_preset=&#8221;default&#8221; global_colors_info=&#8221;{}&#8221;][et_pb_column type=&#8221;4_4&#8243; _builder_version=&#8221;4.17.4&#8243; _module_preset=&#8221;default&#8221; global_colors_info=&#8221;{}&#8221;][et_pb_divider _builder_version=&#8221;4.17.4&#8243; _module_preset=&#8221;default&#8221; custom_margin=&#8221;30px||||false|false&#8221; global_colors_info=&#8221;{}&#8221;][\/et_pb_divider][\/et_pb_column][\/et_pb_row][et_pb_row column_structure=&#8221;1_4,3_4&#8243; _builder_version=&#8221;4.17.4&#8243; _module_preset=&#8221;default&#8221; global_colors_info=&#8221;{}&#8221;][et_pb_column type=&#8221;1_4&#8243; _builder_version=&#8221;4.17.4&#8243; _module_preset=&#8221;default&#8221; global_colors_info=&#8221;{}&#8221;][et_pb_image src=&#8221;https:\/\/fundesplai.org\/wp-content\/uploads\/2023\/02\/federacio-calatana-esplai-logo.jpg&#8221; alt=&#8221;federation calatana esplai logo&#8221; title_text=&#8221;federation calatana esplai logo&#8221; admin_label=&#8221;Federaci\u00f3&#8221; _builder_version=&#8221;4.19.0&#8243; _module_preset=&#8221;default&#8221; custom_margin=&#8221;50px|20px|||false|false&#8221; global_colors_info=&#8221;{}&#8221;][\/et_pb_image][\/et_pb_column][et_pb_column type=&#8221;3_4&#8243; _builder_version=&#8221;4.17.4&#8243; _module_preset=&#8221;default&#8221; global_colors_info=&#8221;{}&#8221;][et_pb_text _builder_version=&#8221;4.19.0&#8243; _module_preset=&#8221;default&#8221; custom_margin=&#8221;50px||||false|false&#8221; global_colors_info=&#8221;{}&#8221;]<\/p>\n<h3>Catalan Federation of Recreation<\/h3>\n<div>The <a href=\"https:\/\/esplai.fundesplai.org\/\">Catalan Federation of Leisure Centres<\/a> is a <strong>non-profit organization<\/strong> founded in 1996 by Fundesplai, heir to Movibaix. The Catalan Federation of Leisure Centres promotes the social and educational recognition of leisure centres and articulates their different territorial dynamics through networking. <\/div>\n<p>[\/et_pb_text][\/et_pb_column][\/et_pb_row][et_pb_row _builder_version=&#8221;4.17.4&#8243; _module_preset=&#8221;default&#8221; global_colors_info=&#8221;{}&#8221;][et_pb_column type=&#8221;4_4&#8243; _builder_version=&#8221;4.17.4&#8243; _module_preset=&#8221;default&#8221; global_colors_info=&#8221;{}&#8221;][et_pb_divider _builder_version=&#8221;4.17.4&#8243; _module_preset=&#8221;default&#8221; custom_margin=&#8221;30px||||false|false&#8221; global_colors_info=&#8221;{}&#8221;][\/et_pb_divider][\/et_pb_column][\/et_pb_row][et_pb_row column_structure=&#8221;1_4,3_4&#8243; _builder_version=&#8221;4.17.4&#8243; _module_preset=&#8221;default&#8221; global_colors_info=&#8221;{}&#8221;][et_pb_column type=&#8221;1_4&#8243; _builder_version=&#8221;4.17.4&#8243; _module_preset=&#8221;default&#8221; global_colors_info=&#8221;{}&#8221;][et_pb_image src=&#8221;https:\/\/fundesplai.org\/wp-content\/uploads\/2023\/02\/logo-cram.jpg&#8221; title_text=&#8221;cram logo&#8221; align=&#8221;center&#8221; admin_label=&#8221;CRAM&#8221; _builder_version=&#8221;4.19.0&#8243; _module_preset=&#8221;default&#8221; custom_margin=&#8221;40px|20px|||false|false&#8221; global_colors_info=&#8221;{}&#8221;][\/et_pb_image][\/et_pb_column][et_pb_column type=&#8221;3_4&#8243; _builder_version=&#8221;4.17.4&#8243; _module_preset=&#8221;default&#8221; global_colors_info=&#8221;{}&#8221;][et_pb_text _builder_version=&#8221;4.19.0&#8243; _module_preset=&#8221;default&#8221; custom_margin=&#8221;30px||||false|false&#8221; global_colors_info=&#8221;{}&#8221;]<\/p>\n<h3>CRAM Foundation<\/h3>\n<div><a href=\"https:\/\/cram.org\/ca\/\">CRAM<\/a> is a <strong>non-profit organization<\/strong> dedicated to the protection of the marine environment and the species that inhabit it. Its lines of action are the clinic and rescue of marine fauna, research and conservation of marine species and ecosystems and raising awareness in favor of the conservation of our seas and oceans. In 2020, a CRAM &#8211; Fundesplai collaboration agreement was established and we mutually participate in the Government bodies.  <\/div>\n<p>[\/et_pb_text][\/et_pb_column][\/et_pb_row][et_pb_row _builder_version=&#8221;4.17.4&#8243; _module_preset=&#8221;default&#8221; global_colors_info=&#8221;{}&#8221;][et_pb_column type=&#8221;4_4&#8243; _builder_version=&#8221;4.17.4&#8243; _module_preset=&#8221;default&#8221; global_colors_info=&#8221;{}&#8221;][et_pb_divider _builder_version=&#8221;4.17.4&#8243; _module_preset=&#8221;default&#8221; custom_margin=&#8221;30px||||false|false&#8221; global_colors_info=&#8221;{}&#8221;][\/et_pb_divider][\/et_pb_column][\/et_pb_row][et_pb_row column_structure=&#8221;1_4,3_4&#8243; disabled_on=&#8221;on|on|on&#8221; _builder_version=&#8221;4.17.4&#8243; _module_preset=&#8221;default&#8221; disabled=&#8221;on&#8221; global_colors_info=&#8221;{}&#8221;][et_pb_column type=&#8221;1_4&#8243; _builder_version=&#8221;4.17.4&#8243; _module_preset=&#8221;default&#8221; global_colors_info=&#8221;{}&#8221;][et_pb_image src=&#8221;https:\/\/fundesplai.org\/wp-content\/uploads\/2023\/02\/Logo-Procerrado.jpg&#8221; title_text=&#8221;Procerrado Logo&#8221; admin_label=&#8221;Procerrado&#8221; _builder_version=&#8221;4.19.0&#8243; _module_preset=&#8221;default&#8221; width=&#8221;90%&#8221; max_width=&#8221;90%&#8221; custom_margin=&#8221;40px|20px|||false|false&#8221; global_colors_info=&#8221;{}&#8221;][\/et_pb_image][\/et_pb_column][et_pb_column type=&#8221;3_4&#8243; _builder_version=&#8221;4.17.4&#8243; _module_preset=&#8221;default&#8221; global_colors_info=&#8221;{}&#8221;][et_pb_text _builder_version=&#8221;4.19.0&#8243; _module_preset=&#8221;default&#8221; custom_margin=&#8221;30px||||false|false&#8221; global_colors_info=&#8221;{}&#8221;]<\/p>\n<h3>Pro-Cerrado Foundation<\/h3>\n<div><a href=\"https:\/\/fpc.org.br\/\">Funda\u00e7\u00e3o Pr\u00f3-Cerrado (FPC)<\/a> is a <strong>non-profit organization<\/strong> , created in 1994, in Brazil. It operates in collaboration with public administrations, the private sector and the Third Sector, carrying out actions in favor of socioeconomic development with sustainability. The Pr\u00f3-Cerrado Foundation is part of the board of directors of <a href=\"https:\/\/www.ligaiberoamericana.org\/\">the Liga Iberoamericana de Organizaciones de la Sociedad Civil,<\/a> of which we are also a member. Since 2021 we have been actively collaborating in several projects.   <\/div>\n<p>[\/et_pb_text][\/et_pb_column][\/et_pb_row][et_pb_row _builder_version=&#8221;4.17.4&#8243; _module_preset=&#8221;default&#8221; custom_margin=&#8221;40px||||false|false&#8221; locked=&#8221;off&#8221; global_colors_info=&#8221;{}&#8221;][et_pb_column type=&#8221;4_4&#8243; _builder_version=&#8221;4.17.4&#8243; _module_preset=&#8221;default&#8221; global_colors_info=&#8221;{}&#8221;][et_pb_text admin_label=&#8221;altres aliances&#8221; _builder_version=&#8221;4.19.0&#8243; _module_preset=&#8221;default&#8221; global_colors_info=&#8221;{}&#8221;]<\/p>\n<h2 style=\"text-align: center\">Other alliances<\/h2>\n<p>[\/et_pb_text][\/et_pb_column][\/et_pb_row][et_pb_row column_structure=&#8221;1_4,1_4,1_4,1_4&#8243; _builder_version=&#8221;4.17.4&#8243; _module_preset=&#8221;default&#8221; custom_margin=&#8221;40px||||false|false&#8221; locked=&#8221;off&#8221; global_colors_info=&#8221;{}&#8221;][et_pb_column type=&#8221;1_4&#8243; _builder_version=&#8221;4.17.4&#8243; _module_preset=&#8221;default&#8221; global_colors_info=&#8221;{}&#8221;][et_pb_button button_url=&#8221;@ET-DC@eyJkeW5hbWljIjp0cnVlLCJjb250ZW50IjoicG9zdF9saW5rX3VybF9wYWdlIiwic2V0dGluZ3MiOnsicG9zdF9pZCI6IjM2NTg4IiwiZW5hYmxlX2h0bWwiOiJvZmYifX0=@&#8221; button_text=&#8221;Collaboration with the Administration&#8221; button_alignment=&#8221;center&#8221; admin_label=&#8221;Administraci\u00f3&#8221; _builder_version=&#8221;4.19.0&#8243; _dynamic_attributes=&#8221;button_url&#8221; _module_preset=&#8221;default&#8221; global_colors_info=&#8221;{}&#8221;][\/et_pb_button][\/et_pb_column][et_pb_column type=&#8221;1_4&#8243; _builder_version=&#8221;4.17.4&#8243; _module_preset=&#8221;default&#8221; global_colors_info=&#8221;{}&#8221;][et_pb_button button_url=&#8221;@ET-DC@eyJkeW5hbWljIjp0cnVlLCJjb250ZW50IjoicG9zdF9saW5rX3VybF9wYWdlIiwic2V0dGluZ3MiOnsicG9zdF9pZCI6IjM2NjA4IiwiZW5hYmxlX2h0bWwiOiJvZmYifX0=@&#8221; button_text=&#8221;Collaborating Entities and Companies&#8221; button_alignment=&#8221;center&#8221; admin_label=&#8221;Empreses&#8221; _builder_version=&#8221;4.19.0&#8243; _dynamic_attributes=&#8221;button_url&#8221; _module_preset=&#8221;default&#8221; global_colors_info=&#8221;{}&#8221;][\/et_pb_button][\/et_pb_column][et_pb_column type=&#8221;1_4&#8243; _builder_version=&#8221;4.17.4&#8243; _module_preset=&#8221;default&#8221; global_colors_info=&#8221;{}&#8221;][et_pb_button button_url=&#8221;@ET-DC@eyJkeW5hbWljIjp0cnVlLCJjb250ZW50IjoicG9zdF9saW5rX3VybF9wYWdlIiwic2V0dGluZ3MiOnsicG9zdF9pZCI6IjM2NDU5IiwiZW5hYmxlX2h0bWwiOiJvZmYifX0=@&#8221; button_text=&#8221;Networking with the Third Sector&#8221; button_alignment=&#8221;center&#8221; admin_label=&#8221;xarxa&#8221; _builder_version=&#8221;4.19.0&#8243; _dynamic_attributes=&#8221;button_url&#8221; _module_preset=&#8221;default&#8221; global_colors_info=&#8221;{}&#8221;][\/et_pb_button][\/et_pb_column][et_pb_column type=&#8221;1_4&#8243; _builder_version=&#8221;4.17.4&#8243; _module_preset=&#8221;default&#8221; global_colors_info=&#8221;{}&#8221;][et_pb_button button_url=&#8221;@ET-DC@eyJkeW5hbWljIjp0cnVlLCJjb250ZW50IjoicG9zdF9saW5rX3VybF9wYWdlIiwic2V0dGluZ3MiOnsicG9zdF9pZCI6IjQxMDk2IiwiZW5hYmxlX2h0bWwiOiJvZmYifX0=@&#8221; button_text=&#8221;Social business group&#8221; button_alignment=&#8221;center&#8221; admin_label=&#8221;grup empresarial social&#8221; _builder_version=&#8221;4.21.0&#8243; _dynamic_attributes=&#8221;button_url&#8221; _module_preset=&#8221;default&#8221; global_colors_info=&#8221;{}&#8221;][\/et_pb_button][\/et_pb_column][\/et_pb_row][\/et_pb_section]<\/p>\n","protected":false},"excerpt":{"rendered":"<p>Partner entities are non-profit entities with which we share objectives, and have participation in our governing bodies.<\/p>\n","protected":false},"author":3,"featured_media":0,"parent":52441,"menu_order":0,"comment_status":"closed","ping_status":"closed","template":"","meta":{"_et_pb_use_builder":"on","_et_pb_old_content":"","_et_gb_content_width":"","footnotes":""},"class_list":["post-52450","page","type-page","status-publish","hentry"],"yoast_head":"<!-- This site is optimized with the Yoast SEO plugin v27.6 - https:\/\/yoast.com\/product\/yoast-seo-wordpress\/ -->\n<title>Partner entities - Fundesplai<\/title>\n<meta name=\"description\" content=\"Partner entities are non-profit entities with which we share objectives, and have participation in our governing bodies.\" \/>\n<meta name=\"robots\" content=\"index, follow, max-snippet:-1, max-image-preview:large, max-video-preview:-1\" \/>\n<link rel=\"canonical\" href=\"https:\/\/fundesplai.org\/en\/meet\/transparency\/strategic-alliances\/partner-entities\/\" \/>\n<meta property=\"og:locale\" content=\"en_US\" \/>\n<meta property=\"og:type\" content=\"article\" \/>\n<meta property=\"og:title\" content=\"Partner entities - Fundesplai\" \/>\n<meta property=\"og:description\" content=\"Partner entities are non-profit entities with which we share objectives, and have participation in our governing bodies.\" \/>\n<meta property=\"og:url\" content=\"https:\/\/fundesplai.org\/en\/meet\/transparency\/strategic-alliances\/partner-entities\/\" \/>\n<meta property=\"og:site_name\" content=\"Fundesplai\" \/>\n<meta property=\"article:modified_time\" content=\"2026-04-30T21:03:18+00:00\" \/>\n<meta name=\"twitter:card\" content=\"summary_large_image\" \/>\n<meta name=\"twitter:label1\" content=\"Est. reading time\" \/>\n\t<meta name=\"twitter:data1\" content=\"7 minutes\" \/>\n<script type=\"application\/ld+json\" class=\"yoast-schema-graph\">{\"@context\":\"https:\\\/\\\/schema.org\",\"@graph\":[{\"@type\":\"WebPage\",\"@id\":\"https:\\\/\\\/fundesplai.org\\\/en\\\/meet\\\/transparency\\\/strategic-alliances\\\/partner-entities\\\/\",\"url\":\"https:\\\/\\\/fundesplai.org\\\/en\\\/meet\\\/transparency\\\/strategic-alliances\\\/partner-entities\\\/\",\"name\":\"Partner entities - Fundesplai\",\"isPartOf\":{\"@id\":\"https:\\\/\\\/fundesplai.org\\\/en\\\/#website\"},\"datePublished\":\"2023-02-26T16:58:33+00:00\",\"dateModified\":\"2026-04-30T21:03:18+00:00\",\"description\":\"Partner entities are non-profit entities with which we share objectives, and have participation in our governing bodies.\",\"breadcrumb\":{\"@id\":\"https:\\\/\\\/fundesplai.org\\\/en\\\/meet\\\/transparency\\\/strategic-alliances\\\/partner-entities\\\/#breadcrumb\"},\"inLanguage\":\"en-US\",\"potentialAction\":[{\"@type\":\"ReadAction\",\"target\":[\"https:\\\/\\\/fundesplai.org\\\/en\\\/meet\\\/transparency\\\/strategic-alliances\\\/partner-entities\\\/\"]}]},{\"@type\":\"BreadcrumbList\",\"@id\":\"https:\\\/\\\/fundesplai.org\\\/en\\\/meet\\\/transparency\\\/strategic-alliances\\\/partner-entities\\\/#breadcrumb\",\"itemListElement\":[{\"@type\":\"ListItem\",\"position\":1,\"name\":\"Inici\",\"item\":\"https:\\\/\\\/fundesplai.org\\\/en\\\/\"},{\"@type\":\"ListItem\",\"position\":2,\"name\":\"About\",\"item\":\"https:\\\/\\\/fundesplai.org\\\/en\\\/meet\\\/\"},{\"@type\":\"ListItem\",\"position\":3,\"name\":\"Transparency\",\"item\":\"https:\\\/\\\/fundesplai.org\\\/en\\\/meet\\\/transparency\\\/\"},{\"@type\":\"ListItem\",\"position\":4,\"name\":\"Strategic alliances\",\"item\":\"https:\\\/\\\/fundesplai.org\\\/en\\\/meet\\\/transparency\\\/strategic-alliances\\\/\"},{\"@type\":\"ListItem\",\"position\":5,\"name\":\"Partner entities\"}]},{\"@type\":\"WebSite\",\"@id\":\"https:\\\/\\\/fundesplai.org\\\/en\\\/#website\",\"url\":\"https:\\\/\\\/fundesplai.org\\\/en\\\/\",\"name\":\"Fundesplai\",\"description\":\"Eduquem per la conviv\u00e8ncia i la sostenibilitat\",\"potentialAction\":[{\"@type\":\"SearchAction\",\"target\":{\"@type\":\"EntryPoint\",\"urlTemplate\":\"https:\\\/\\\/fundesplai.org\\\/en\\\/?s={search_term_string}\"},\"query-input\":{\"@type\":\"PropertyValueSpecification\",\"valueRequired\":true,\"valueName\":\"search_term_string\"}}],\"inLanguage\":\"en-US\"}]}<\/script>\n<!-- \/ Yoast SEO plugin. -->","yoast_head_json":{"title":"Partner entities - Fundesplai","description":"Partner entities are non-profit entities with which we share objectives, and have participation in our governing bodies.","robots":{"index":"index","follow":"follow","max-snippet":"max-snippet:-1","max-image-preview":"max-image-preview:large","max-video-preview":"max-video-preview:-1"},"canonical":"https:\/\/fundesplai.org\/en\/meet\/transparency\/strategic-alliances\/partner-entities\/","og_locale":"en_US","og_type":"article","og_title":"Partner entities - Fundesplai","og_description":"Partner entities are non-profit entities with which we share objectives, and have participation in our governing bodies.","og_url":"https:\/\/fundesplai.org\/en\/meet\/transparency\/strategic-alliances\/partner-entities\/","og_site_name":"Fundesplai","article_modified_time":"2026-04-30T21:03:18+00:00","twitter_card":"summary_large_image","twitter_misc":{"Est. reading time":"7 minutes"},"schema":{"@context":"https:\/\/schema.org","@graph":[{"@type":"WebPage","@id":"https:\/\/fundesplai.org\/en\/meet\/transparency\/strategic-alliances\/partner-entities\/","url":"https:\/\/fundesplai.org\/en\/meet\/transparency\/strategic-alliances\/partner-entities\/","name":"Partner entities - Fundesplai","isPartOf":{"@id":"https:\/\/fundesplai.org\/en\/#website"},"datePublished":"2023-02-26T16:58:33+00:00","dateModified":"2026-04-30T21:03:18+00:00","description":"Partner entities are non-profit entities with which we share objectives, and have participation in our governing bodies.","breadcrumb":{"@id":"https:\/\/fundesplai.org\/en\/meet\/transparency\/strategic-alliances\/partner-entities\/#breadcrumb"},"inLanguage":"en-US","potentialAction":[{"@type":"ReadAction","target":["https:\/\/fundesplai.org\/en\/meet\/transparency\/strategic-alliances\/partner-entities\/"]}]},{"@type":"BreadcrumbList","@id":"https:\/\/fundesplai.org\/en\/meet\/transparency\/strategic-alliances\/partner-entities\/#breadcrumb","itemListElement":[{"@type":"ListItem","position":1,"name":"Inici","item":"https:\/\/fundesplai.org\/en\/"},{"@type":"ListItem","position":2,"name":"About","item":"https:\/\/fundesplai.org\/en\/meet\/"},{"@type":"ListItem","position":3,"name":"Transparency","item":"https:\/\/fundesplai.org\/en\/meet\/transparency\/"},{"@type":"ListItem","position":4,"name":"Strategic alliances","item":"https:\/\/fundesplai.org\/en\/meet\/transparency\/strategic-alliances\/"},{"@type":"ListItem","position":5,"name":"Partner entities"}]},{"@type":"WebSite","@id":"https:\/\/fundesplai.org\/en\/#website","url":"https:\/\/fundesplai.org\/en\/","name":"Fundesplai","description":"Eduquem per la conviv\u00e8ncia i la sostenibilitat","potentialAction":[{"@type":"SearchAction","target":{"@type":"EntryPoint","urlTemplate":"https:\/\/fundesplai.org\/en\/?s={search_term_string}"},"query-input":{"@type":"PropertyValueSpecification","valueRequired":true,"valueName":"search_term_string"}}],"inLanguage":"en-US"}]}},"_links":{"self":[{"href":"https:\/\/fundesplai.org\/en\/wp-json\/wp\/v2\/pages\/52450","targetHints":{"allow":["GET"]}}],"collection":[{"href":"https:\/\/fundesplai.org\/en\/wp-json\/wp\/v2\/pages"}],"about":[{"href":"https:\/\/fundesplai.org\/en\/wp-json\/wp\/v2\/types\/page"}],"author":[{"embeddable":true,"href":"https:\/\/fundesplai.org\/en\/wp-json\/wp\/v2\/users\/3"}],"replies":[{"embeddable":true,"href":"https:\/\/fundesplai.org\/en\/wp-json\/wp\/v2\/comments?post=52450"}],"version-history":[{"count":19,"href":"https:\/\/fundesplai.org\/en\/wp-json\/wp\/v2\/pages\/52450\/revisions"}],"predecessor-version":[{"id":83439,"href":"https:\/\/fundesplai.org\/en\/wp-json\/wp\/v2\/pages\/52450\/revisions\/83439"}],"up":[{"embeddable":true,"href":"https:\/\/fundesplai.org\/en\/wp-json\/wp\/v2\/pages\/52441"}],"wp:attachment":[{"href":"https:\/\/fundesplai.org\/en\/wp-json\/wp\/v2\/media?parent=52450"}],"curies":[{"name":"wp","href":"https:\/\/api.w.org\/{rel}","templated":true}]}}