{"id":43,"date":"2021-08-18T12:02:19","date_gmt":"2021-08-18T10:02:19","guid":{"rendered":"https:\/\/fundesplai.org\/compartir\/?page_id=43"},"modified":"2021-10-25T09:59:53","modified_gmt":"2021-10-25T07:59:53","slug":"altres-agents-educatius","status":"publish","type":"page","link":"https:\/\/fundesplai.org\/compartir\/altres-agents-educatius\/","title":{"rendered":"Altres agents educatius"},"content":{"rendered":"[et_pb_section fb_built=&#8221;1&#8243; _builder_version=&#8221;3.22&#8243; global_colors_info=&#8221;{}&#8221;][et_pb_row _builder_version=&#8221;3.25&#8243; background_size=&#8221;initial&#8221; background_position=&#8221;top_left&#8221; background_repeat=&#8221;repeat&#8221; global_colors_info=&#8221;{}&#8221;][et_pb_column type=&#8221;4_4&#8243; _builder_version=&#8221;3.25&#8243; custom_padding=&#8221;|||&#8221; global_colors_info=&#8221;{}&#8221; custom_padding__hover=&#8221;|||&#8221;][et_pb_post_title _builder_version=&#8221;4.10.5&#8243; _module_preset=&#8221;default&#8221; meta=&#8221;off&#8221; featured_image=&#8221;off&#8221; hover_enabled=&#8221;0&#8243; sticky_enabled=&#8221;0&#8243;][\/et_pb_post_title][et_pb_text _builder_version=&#8221;3.27.4&#8243; background_size=&#8221;initial&#8221; background_position=&#8221;top_left&#8221; background_repeat=&#8221;repeat&#8221; global_colors_info=&#8221;{}&#8221;]\r\n<p>La coordinaci\u00f3 amb la resta d\u2019agents educatius que, en menor o major grau, intervenen en la vida dels infants, hauria de ser un objectiu permanent per a qualsevol entitat d\u2019esplai.<\/p>\r\n\r\n\r\n\r\n<p><strong>Coordinar-se i cooperar amb l\u2019escola<\/strong><\/p>\r\n\r\n\r\n\r\n<p>L\u2019entitat d\u2019esplai no pot treballar ignorant les propostes educatives de les escoles del barri, ni aquestes poden treballar com si l\u2019entitat d\u2019esplai no exist\u00eds. La clau d\u2019aquesta cooperaci\u00f3 entre l\u2019escola i l\u2019esplai \u00e9s la comunicaci\u00f3 i el consens entre l\u2019equip d\u2019educadors i educadores.<br \/>Des de l\u2019esplai, podem oferir a l\u2019escola recursos i recolzament que tenen a veure amb els grups d\u2019infants, la dinamitzaci\u00f3 de les festes populars, \u00e0mbit en qu\u00e8 som especialistes.<\/p>\r\n\r\n\r\n\r\n<p>Podem aprofitar el setembre per organitzar una reuni\u00f3 amb les escoles del barri, presentar-los la nostra proposta educativa i veure quis nexes hi ha amb el plantejament educatiu de l\u2019escola per tal de poder refor\u00e7ar aquells punts en com\u00fa que en definitiva serviran per augmentar la qualitat de l\u2019educaci\u00f3 dels infants que compartim.<\/p>\r\n\r\n\r\n\r\n<p>Si la relaci\u00f3 est\u00e0 consolidada i hi ha receptivitat per part de l\u2019escola, podem plantejar un projecte d\u2019aprenentatge i servei (acci\u00f3 de servei a la comunitat), al voltant d\u2019algun tema que sigui d\u2019inter\u00e8s pels infants i pel barri, com per exemple participar en un projecte d\u2019oferir algun servei a la resid\u00e8ncia d\u2019avis del barri, participar d\u2019algun projecte de solidaritat&#8230;<\/p>\r\n\r\n\r\n\r\n<p><strong>Coordinar-se i cooperar amb el territori<\/strong><\/p>\r\n\r\n\r\n\r\n<p>L\u2019entitat d\u2019esplai ha d\u2019estar predisposada a coordinar-se i complementar-se amb les iniciatives i recursos del barri i la ciutat, per tal que totes les experi\u00e8ncies es donin suport m\u00fatuament i generem xarxes associatives.<br \/>Cal que coneguem la resta d\u2019entitats del barri (altres esplais, agrupament, associacions de ve\u00efns) i les entitats especialitzades en el tema de la proposta (associacions de pintors, pessebristes, m\u00fasics&#8230;) que ens puguin donar suport en el desenvolupament dels nostres projectes i activitats aix\u00ed com nosaltres a ells.<\/p>\r\n\r\n\r\n\r\n<p>No podem oblidar la relaci\u00f3 amb l\u2019administraci\u00f3 local: serveis socials, cultura, educaci\u00f3, joventut&#8230; ja que tamb\u00e9 han de ser coneixedors de la nostra tasca i nosaltres tamb\u00e9 necessitem el seu recolzament.tron\u00f2mic.<\/p>\r\n\r[\/et_pb_text][\/et_pb_column][\/et_pb_row][\/et_pb_section]","protected":false},"excerpt":{"rendered":"<p>La coordinaci\u00f3 amb la resta d\u2019agents educatius que, en menor o major grau, intervenen en la vida dels infants, hauria de ser un objectiu permanent per a qualsevol entitat d\u2019esplai. Coordinar-se i cooperar amb l\u2019escola L\u2019entitat d\u2019esplai no pot treballar ignorant les propostes educatives de les escoles del barri, ni aquestes poden treballar com si [&hellip;]<\/p>\n","protected":false},"author":4,"featured_media":0,"parent":0,"menu_order":0,"comment_status":"closed","ping_status":"closed","template":"","meta":{"_et_pb_use_builder":"on","_et_pb_old_content":"<!-- wp:paragraph -->\r\n<p>La coordinaci\u00f3 amb la resta d\u2019agents educatius que, en menor o major grau, intervenen en la vida dels infants, hauria de ser un objectiu permanent per a qualsevol entitat d\u2019esplai.<\/p>\r\n<!-- \/wp:paragraph --><!-- wp:paragraph -->\r\n<p><strong>Coordinar-se i cooperar amb l\u2019escola<\/strong><\/p>\r\n<!-- \/wp:paragraph --><!-- wp:paragraph -->\r\n<p>L\u2019entitat d\u2019esplai no pot treballar ignorant les propostes educatives de les escoles del barri, ni aquestes poden treballar com si l\u2019entitat d\u2019esplai no exist\u00eds. La clau d\u2019aquesta cooperaci\u00f3 entre l\u2019escola i l\u2019esplai \u00e9s la comunicaci\u00f3 i el consens entre l\u2019equip d\u2019educadors i educadores.<br \/>Des de l\u2019esplai, podem oferir a l\u2019escola recursos i recolzament que tenen a veure amb els grups d\u2019infants, la dinamitzaci\u00f3 de les festes populars, \u00e0mbit en qu\u00e8 som especialistes.<\/p>\r\n<!-- \/wp:paragraph --><!-- wp:paragraph -->\r\n<p>Podem aprofitar el setembre per organitzar una reuni\u00f3 amb les escoles del barri, presentar-los la nostra proposta educativa i veure quis nexes hi ha amb el plantejament educatiu de l\u2019escola per tal de poder refor\u00e7ar aquells punts en com\u00fa que en definitiva serviran per augmentar la qualitat de l\u2019educaci\u00f3 dels infants que compartim.<\/p>\r\n<!-- \/wp:paragraph --><!-- wp:paragraph -->\r\n<p>Si la relaci\u00f3 est\u00e0 consolidada i hi ha receptivitat per part de l\u2019escola, podem plantejar un projecte d\u2019aprenentatge i servei (acci\u00f3 de servei a la comunitat), al voltant d\u2019algun tema que sigui d\u2019inter\u00e8s pels infants i pel barri, com per exemple participar en un projecte d\u2019oferir algun servei a la resid\u00e8ncia d\u2019avis del barri, participar d\u2019algun projecte de solidaritat...<\/p>\r\n<!-- \/wp:paragraph --><!-- wp:paragraph -->\r\n<p><strong>Coordinar-se i cooperar amb el territori<\/strong><\/p>\r\n<!-- \/wp:paragraph --><!-- wp:paragraph -->\r\n<p>L\u2019entitat d\u2019esplai ha d\u2019estar predisposada a coordinar-se i complementar-se amb les iniciatives i recursos del barri i la ciutat, per tal que totes les experi\u00e8ncies es donin suport m\u00fatuament i generem xarxes associatives.<br \/>Cal que coneguem la resta d\u2019entitats del barri (altres esplais, agrupament, associacions de ve\u00efns) i les entitats especialitzades en el tema de la proposta (associacions de pintors, pessebristes, m\u00fasics...) que ens puguin donar suport en el desenvolupament dels nostres projectes i activitats aix\u00ed com nosaltres a ells.<\/p>\r\n<!-- \/wp:paragraph --><!-- wp:paragraph -->\r\n<p>No podem oblidar la relaci\u00f3 amb l\u2019administraci\u00f3 local: serveis socials, cultura, educaci\u00f3, joventut... ja que tamb\u00e9 han de ser coneixedors de la nostra tasca i nosaltres tamb\u00e9 necessitem el seu recolzament.tron\u00f2mic.<\/p>\r\n<!-- \/wp:paragraph -->","_et_gb_content_width":"1200","footnotes":""},"class_list":["post-43","page","type-page","status-publish","hentry"],"yoast_head":"<!-- This site is optimized with the Yoast SEO plugin v27.3 - https:\/\/yoast.com\/product\/yoast-seo-wordpress\/ -->\n<title>Altres agents educatius - Compartir<\/title>\n<meta name=\"robots\" content=\"index, follow, max-snippet:-1, max-image-preview:large, max-video-preview:-1\" \/>\n<link rel=\"canonical\" href=\"https:\/\/fundesplai.org\/compartir\/altres-agents-educatius\/\" \/>\n<meta property=\"og:locale\" content=\"ca_ES\" \/>\n<meta property=\"og:type\" content=\"article\" \/>\n<meta property=\"og:title\" content=\"Altres agents educatius - Compartir\" \/>\n<meta property=\"og:description\" content=\"La coordinaci\u00f3 amb la resta d\u2019agents educatius que, en menor o major grau, intervenen en la vida dels infants, hauria de ser un objectiu permanent per a qualsevol entitat d\u2019esplai. Coordinar-se i cooperar amb l\u2019escola L\u2019entitat d\u2019esplai no pot treballar ignorant les propostes educatives de les escoles del barri, ni aquestes poden treballar com si [&hellip;]\" \/>\n<meta property=\"og:url\" content=\"https:\/\/fundesplai.org\/compartir\/altres-agents-educatius\/\" \/>\n<meta property=\"og:site_name\" content=\"Compartir\" \/>\n<meta property=\"article:modified_time\" content=\"2021-10-25T07:59:53+00:00\" \/>\n<meta name=\"twitter:card\" content=\"summary_large_image\" \/>\n<meta name=\"twitter:label1\" content=\"Temps estimat de lectura\" \/>\n\t<meta name=\"twitter:data1\" content=\"2 minuts\" \/>\n<script type=\"application\/ld+json\" class=\"yoast-schema-graph\">{\"@context\":\"https:\\\/\\\/schema.org\",\"@graph\":[{\"@type\":\"WebPage\",\"@id\":\"https:\\\/\\\/fundesplai.org\\\/compartir\\\/altres-agents-educatius\\\/\",\"url\":\"https:\\\/\\\/fundesplai.org\\\/compartir\\\/altres-agents-educatius\\\/\",\"name\":\"Altres agents educatius - Compartir\",\"isPartOf\":{\"@id\":\"https:\\\/\\\/fundesplai.org\\\/compartir\\\/#website\"},\"datePublished\":\"2021-08-18T10:02:19+00:00\",\"dateModified\":\"2021-10-25T07:59:53+00:00\",\"breadcrumb\":{\"@id\":\"https:\\\/\\\/fundesplai.org\\\/compartir\\\/altres-agents-educatius\\\/#breadcrumb\"},\"inLanguage\":\"ca\",\"potentialAction\":[{\"@type\":\"ReadAction\",\"target\":[\"https:\\\/\\\/fundesplai.org\\\/compartir\\\/altres-agents-educatius\\\/\"]}]},{\"@type\":\"BreadcrumbList\",\"@id\":\"https:\\\/\\\/fundesplai.org\\\/compartir\\\/altres-agents-educatius\\\/#breadcrumb\",\"itemListElement\":[{\"@type\":\"ListItem\",\"position\":1,\"name\":\"Inici\",\"item\":\"\\\/\"},{\"@type\":\"ListItem\",\"position\":2,\"name\":\"Compartir\",\"item\":\"https:\\\/\\\/fundesplai.org\\\/compartir\"},{\"@type\":\"ListItem\",\"position\":3,\"name\":\"Altres agents educatius\"}]},{\"@type\":\"WebSite\",\"@id\":\"https:\\\/\\\/fundesplai.org\\\/compartir\\\/#website\",\"url\":\"https:\\\/\\\/fundesplai.org\\\/compartir\\\/\",\"name\":\"Compartir\",\"description\":\"Proposta educativa de Fundesplai\",\"potentialAction\":[{\"@type\":\"SearchAction\",\"target\":{\"@type\":\"EntryPoint\",\"urlTemplate\":\"https:\\\/\\\/fundesplai.org\\\/compartir\\\/?s={search_term_string}\"},\"query-input\":{\"@type\":\"PropertyValueSpecification\",\"valueRequired\":true,\"valueName\":\"search_term_string\"}}],\"inLanguage\":\"ca\"}]}<\/script>\n<!-- \/ Yoast SEO plugin. -->","yoast_head_json":{"title":"Altres agents educatius - Compartir","robots":{"index":"index","follow":"follow","max-snippet":"max-snippet:-1","max-image-preview":"max-image-preview:large","max-video-preview":"max-video-preview:-1"},"canonical":"https:\/\/fundesplai.org\/compartir\/altres-agents-educatius\/","og_locale":"ca_ES","og_type":"article","og_title":"Altres agents educatius - Compartir","og_description":"La coordinaci\u00f3 amb la resta d\u2019agents educatius que, en menor o major grau, intervenen en la vida dels infants, hauria de ser un objectiu permanent per a qualsevol entitat d\u2019esplai. Coordinar-se i cooperar amb l\u2019escola L\u2019entitat d\u2019esplai no pot treballar ignorant les propostes educatives de les escoles del barri, ni aquestes poden treballar com si [&hellip;]","og_url":"https:\/\/fundesplai.org\/compartir\/altres-agents-educatius\/","og_site_name":"Compartir","article_modified_time":"2021-10-25T07:59:53+00:00","twitter_card":"summary_large_image","twitter_misc":{"Temps estimat de lectura":"2 minuts"},"schema":{"@context":"https:\/\/schema.org","@graph":[{"@type":"WebPage","@id":"https:\/\/fundesplai.org\/compartir\/altres-agents-educatius\/","url":"https:\/\/fundesplai.org\/compartir\/altres-agents-educatius\/","name":"Altres agents educatius - Compartir","isPartOf":{"@id":"https:\/\/fundesplai.org\/compartir\/#website"},"datePublished":"2021-08-18T10:02:19+00:00","dateModified":"2021-10-25T07:59:53+00:00","breadcrumb":{"@id":"https:\/\/fundesplai.org\/compartir\/altres-agents-educatius\/#breadcrumb"},"inLanguage":"ca","potentialAction":[{"@type":"ReadAction","target":["https:\/\/fundesplai.org\/compartir\/altres-agents-educatius\/"]}]},{"@type":"BreadcrumbList","@id":"https:\/\/fundesplai.org\/compartir\/altres-agents-educatius\/#breadcrumb","itemListElement":[{"@type":"ListItem","position":1,"name":"Inici","item":"\/"},{"@type":"ListItem","position":2,"name":"Compartir","item":"https:\/\/fundesplai.org\/compartir"},{"@type":"ListItem","position":3,"name":"Altres agents educatius"}]},{"@type":"WebSite","@id":"https:\/\/fundesplai.org\/compartir\/#website","url":"https:\/\/fundesplai.org\/compartir\/","name":"Compartir","description":"Proposta educativa de Fundesplai","potentialAction":[{"@type":"SearchAction","target":{"@type":"EntryPoint","urlTemplate":"https:\/\/fundesplai.org\/compartir\/?s={search_term_string}"},"query-input":{"@type":"PropertyValueSpecification","valueRequired":true,"valueName":"search_term_string"}}],"inLanguage":"ca"}]}},"_links":{"self":[{"href":"https:\/\/fundesplai.org\/compartir\/wp-json\/wp\/v2\/pages\/43","targetHints":{"allow":["GET"]}}],"collection":[{"href":"https:\/\/fundesplai.org\/compartir\/wp-json\/wp\/v2\/pages"}],"about":[{"href":"https:\/\/fundesplai.org\/compartir\/wp-json\/wp\/v2\/types\/page"}],"author":[{"embeddable":true,"href":"https:\/\/fundesplai.org\/compartir\/wp-json\/wp\/v2\/users\/4"}],"replies":[{"embeddable":true,"href":"https:\/\/fundesplai.org\/compartir\/wp-json\/wp\/v2\/comments?post=43"}],"version-history":[{"count":3,"href":"https:\/\/fundesplai.org\/compartir\/wp-json\/wp\/v2\/pages\/43\/revisions"}],"predecessor-version":[{"id":146,"href":"https:\/\/fundesplai.org\/compartir\/wp-json\/wp\/v2\/pages\/43\/revisions\/146"}],"wp:attachment":[{"href":"https:\/\/fundesplai.org\/compartir\/wp-json\/wp\/v2\/media?parent=43"}],"curies":[{"name":"wp","href":"https:\/\/api.w.org\/{rel}","templated":true}]}}