{"id":33,"date":"2021-08-18T11:56:32","date_gmt":"2021-08-18T09:56:32","guid":{"rendered":"https:\/\/fundesplai.org\/compartir\/?page_id=33"},"modified":"2021-10-25T09:56:31","modified_gmt":"2021-10-25T07:56:31","slug":"centre-dinteres","status":"publish","type":"page","link":"https:\/\/fundesplai.org\/compartir\/centre-dinteres\/","title":{"rendered":"Centre d&#8217;inter\u00e8s"},"content":{"rendered":"[et_pb_section fb_built=&#8221;1&#8243; _builder_version=&#8221;3.22&#8243; global_colors_info=&#8221;{}&#8221;][et_pb_row _builder_version=&#8221;3.25&#8243; background_size=&#8221;initial&#8221; background_position=&#8221;top_left&#8221; background_repeat=&#8221;repeat&#8221; global_colors_info=&#8221;{}&#8221;][et_pb_column type=&#8221;4_4&#8243; _builder_version=&#8221;3.25&#8243; custom_padding=&#8221;|||&#8221; global_colors_info=&#8221;{}&#8221; custom_padding__hover=&#8221;|||&#8221;][et_pb_post_title _builder_version=&#8221;4.10.5&#8243; _module_preset=&#8221;default&#8221; meta=&#8221;off&#8221; featured_image=&#8221;off&#8221; hover_enabled=&#8221;0&#8243; sticky_enabled=&#8221;0&#8243; admin_label=&#8221;Post Title&#8221;][\/et_pb_post_title][et_pb_text _builder_version=&#8221;3.27.4&#8243; background_size=&#8221;initial&#8221; background_position=&#8221;top_left&#8221; background_repeat=&#8221;repeat&#8221; global_colors_info=&#8221;{}&#8221;]\r\n<p>El Centre d\u2019inter\u00e8s funciona com a fil conductor, com a argument a partir del qual es vertebren els aprenentatges i les activitats. El Centre d\u2019Inter\u00e8s parteix de les motivacions i interessos dels infants, plantejant situacions i reptes que estimulen els valors humans d\u2019una manera l\u00fadica i atractiva.<\/p>\r\n\r\n\r\n\r\n<p>El Centre d\u2019Inter\u00e8s que proposem per als nois i noies de 3 a 11 anys est\u00e0 inspirat en uns personatges fant\u00e0stics.<\/p>\r\n\r\n\r\n\r\n<p>La Dona \u00e9s una noia que ve d\u2019un pa\u00eds lluny\u00e0, t\u00e9 una aparen\u00e7a tranquil\u00b7la. Ens recorda a una fada bona que ens portar\u00e0 agradables moments i mil hist\u00f2ries plenes de m\u00e0gia. Per\u00f2 all\u00f2 m\u00e9s interessant de la Dona \u00e9s que porta un sac que t\u00e9 una butxaca m\u00e0gica on s\u2019amaga un follet, el Rep, el seu millor amic. El Rep t\u00e9 la capacitat de convertir-se en un artista, en un actor, \u00e9s capa\u00e7 d\u2019explicar-nos contes, cantar-nos una can\u00e7\u00f3 o escoltar all\u00f2 que ens preocupa. Han vingut a visitar-nos al nostre esplai i ens acompanyaran durant tot el curs.<\/p>\r\n\r\n\r\n\r\n<p>El Rep ens convida a omplir el sac de desitjos, d\u2019aprenentatges, de somnis, de preocupacions&#8230; Les activitats i les din\u00e0miques de grup faran que l\u2019anem omplint de generositat perqu\u00e8 altres persones i col\u00b7lectius puguin despr\u00e9s rebre all\u00f2 que nosaltres hem creat.<\/p>\r\n\r\n\r\n\r\n<p>La Dona, el Rep i el sac volen ser un paral\u00b7lelisme amb la vida real dels nois i noies. Aquelles experi\u00e8ncies, aquells records, aquells aprenentatges, aquelles viv\u00e8ncies que van recollint durant el curs, les incorporen a la seva vida, a la configuraci\u00f3 de la seva personalitat. Si aquests aprenentatges tenen a veure amb la generositat, amb el saber donar i el saber rebre, de ben segur que aquests infants esdevindran millors persones. El Sac, doncs, ser\u00e0 el bagatge d\u2019un moment de la seva vida.<\/p>\r\n\r\n\r\n\r\n<p>El centre d\u2019inter\u00e8s pret\u00e9n ser una eina de coneixements i de valors, amb un estil din\u00e0mic i alegre propi dels nois i noies d\u2019aquestes edats.<\/p>\r\n\r\n\r\n\r\n<p>L\u2019esquema proposat seria:<\/p>\r\n\r\n\r\n\r\n<p><strong>Motivaci\u00f3<\/strong><br \/><strong>\u25aa<\/strong>\u00a0Arribada de \u201cLa Dona\u201d a cada entitat d\u2019esplai.<br \/><strong>\u25aa<\/strong>\u00a0Presentaci\u00f3 de \u201cLa Dona i el Rep\u201d a cada grup d\u2019edat d\u2019una manera teatral. Podeu fer servir alguna de les can\u00e7ons del CD de la proposta com a can\u00e7\u00f3 que ens regalen els personatges al grup. Ens pot ensenyar un conte, una dansa, una animaci\u00f3&#8230; que pot servir per fer la benvinguda cada cop que ens trobem amb ells i amb el grup.<br \/>\u201cLa Dona i en Rep\u201d ens poden ajudar a interioritzar les normes del grup, la roda de serveis, la dinamitzaci\u00f3 de les activitats les valoracions i les assemblees&#8230;<\/p>\r\n\r\n\r\n\r\n<p><strong>Desenvolupament de les activitats<\/strong><br \/><strong>\u25aa<\/strong>\u00a0Rebre: us proposem que les activitats que desenvolupeu amb els grups d\u2019infants sempre tinguin algun moment en qu\u00e8 l\u2019infant rep alguna cosa: un conte, una abra\u00e7ada, un joc, un moment de relaxaci\u00f3, una can\u00e7\u00f3, una pel\u00b7l\u00edcula, una exposici\u00f3, una obra de teatre&#8230;<br \/><strong>\u25aa<\/strong>\u00a0Crear: us proposem que les activitats que desenvolupeu amb els grups d\u2019infants sempre tinguin un espai m\u00e9s de \u201ctaller\u201d, m\u00e9s de creaci\u00f3 inspirada en all\u00f2 que s\u2019ha rebut.<br \/><strong>\u25aa<\/strong>\u00a0Donar: us proposem que les activitats que desenvolupeu amb els grups d\u2019infants sempre tinguin un espai d\u2019oferiment d\u2019all\u00f2 creat a altres grups de l\u2019entitat, a les fam\u00edlies, al barri, al moviment&#8230;<\/p>\r\n\r\n\r\n\r\n<p><strong>Cloenda<\/strong><br \/>\u201cLa Dona i en Rep\u201d poden ser personatges visibles a les festes de cloenda dels esplais, a la Festa Esplai&#8230;<br \/>\u201cLa Dona i en Rep\u201d ens conviden a anar de col\u00f2nies a l\u2019estiu<br \/>\u201cLa Dona i en Rep\u201d ens conviden a fer una valoraci\u00f3 de la generositat que, com a grup, hem tingut cap als nostres iguals: els altres grups de l\u2019esplai, les fam\u00edlies, el barri, l\u2019escola&#8230;<\/p>\r\n\r[\/et_pb_text][\/et_pb_column][\/et_pb_row][\/et_pb_section]","protected":false},"excerpt":{"rendered":"<p>El Centre d\u2019inter\u00e8s funciona com a fil conductor, com a argument a partir del qual es vertebren els aprenentatges i les activitats. El Centre d\u2019Inter\u00e8s parteix de les motivacions i interessos dels infants, plantejant situacions i reptes que estimulen els valors humans d\u2019una manera l\u00fadica i atractiva. El Centre d\u2019Inter\u00e8s que proposem per als nois [&hellip;]<\/p>\n","protected":false},"author":4,"featured_media":0,"parent":0,"menu_order":0,"comment_status":"closed","ping_status":"closed","template":"","meta":{"_et_pb_use_builder":"on","_et_pb_old_content":"<!-- wp:paragraph -->\r\n<p>El Centre d\u2019inter\u00e8s funciona com a fil conductor, com a argument a partir del qual es vertebren els aprenentatges i les activitats. El Centre d\u2019Inter\u00e8s parteix de les motivacions i interessos dels infants, plantejant situacions i reptes que estimulen els valors humans d\u2019una manera l\u00fadica i atractiva.<\/p>\r\n<!-- \/wp:paragraph --><!-- wp:paragraph -->\r\n<p>El Centre d\u2019Inter\u00e8s que proposem per als nois i noies de 3 a 11 anys est\u00e0 inspirat en uns personatges fant\u00e0stics.<\/p>\r\n<!-- \/wp:paragraph --><!-- wp:paragraph -->\r\n<p>La Dona \u00e9s una noia que ve d\u2019un pa\u00eds lluny\u00e0, t\u00e9 una aparen\u00e7a tranquil\u00b7la. Ens recorda a una fada bona que ens portar\u00e0 agradables moments i mil hist\u00f2ries plenes de m\u00e0gia. Per\u00f2 all\u00f2 m\u00e9s interessant de la Dona \u00e9s que porta un sac que t\u00e9 una butxaca m\u00e0gica on s\u2019amaga un follet, el Rep, el seu millor amic. El Rep t\u00e9 la capacitat de convertir-se en un artista, en un actor, \u00e9s capa\u00e7 d\u2019explicar-nos contes, cantar-nos una can\u00e7\u00f3 o escoltar all\u00f2 que ens preocupa. Han vingut a visitar-nos al nostre esplai i ens acompanyaran durant tot el curs.<\/p>\r\n<!-- \/wp:paragraph --><!-- wp:paragraph -->\r\n<p>El Rep ens convida a omplir el sac de desitjos, d\u2019aprenentatges, de somnis, de preocupacions... Les activitats i les din\u00e0miques de grup faran que l\u2019anem omplint de generositat perqu\u00e8 altres persones i col\u00b7lectius puguin despr\u00e9s rebre all\u00f2 que nosaltres hem creat.<\/p>\r\n<!-- \/wp:paragraph --><!-- wp:paragraph -->\r\n<p>La Dona, el Rep i el sac volen ser un paral\u00b7lelisme amb la vida real dels nois i noies. Aquelles experi\u00e8ncies, aquells records, aquells aprenentatges, aquelles viv\u00e8ncies que van recollint durant el curs, les incorporen a la seva vida, a la configuraci\u00f3 de la seva personalitat. Si aquests aprenentatges tenen a veure amb la generositat, amb el saber donar i el saber rebre, de ben segur que aquests infants esdevindran millors persones. El Sac, doncs, ser\u00e0 el bagatge d\u2019un moment de la seva vida.<\/p>\r\n<!-- \/wp:paragraph --><!-- wp:paragraph -->\r\n<p>El centre d\u2019inter\u00e8s pret\u00e9n ser una eina de coneixements i de valors, amb un estil din\u00e0mic i alegre propi dels nois i noies d\u2019aquestes edats.<\/p>\r\n<!-- \/wp:paragraph --><!-- wp:paragraph -->\r\n<p>L\u2019esquema proposat seria:<\/p>\r\n<!-- \/wp:paragraph --><!-- wp:paragraph -->\r\n<p><strong>Motivaci\u00f3<\/strong><br \/><strong>\u25aa<\/strong>\u00a0Arribada de \u201cLa Dona\u201d a cada entitat d\u2019esplai.<br \/><strong>\u25aa<\/strong>\u00a0Presentaci\u00f3 de \u201cLa Dona i el Rep\u201d a cada grup d\u2019edat d\u2019una manera teatral. Podeu fer servir alguna de les can\u00e7ons del CD de la proposta com a can\u00e7\u00f3 que ens regalen els personatges al grup. Ens pot ensenyar un conte, una dansa, una animaci\u00f3... que pot servir per fer la benvinguda cada cop que ens trobem amb ells i amb el grup.<br \/>\u201cLa Dona i en Rep\u201d ens poden ajudar a interioritzar les normes del grup, la roda de serveis, la dinamitzaci\u00f3 de les activitats les valoracions i les assemblees...<\/p>\r\n<!-- \/wp:paragraph --><!-- wp:paragraph -->\r\n<p><strong>Desenvolupament de les activitats<\/strong><br \/><strong>\u25aa<\/strong>\u00a0Rebre: us proposem que les activitats que desenvolupeu amb els grups d\u2019infants sempre tinguin algun moment en qu\u00e8 l\u2019infant rep alguna cosa: un conte, una abra\u00e7ada, un joc, un moment de relaxaci\u00f3, una can\u00e7\u00f3, una pel\u00b7l\u00edcula, una exposici\u00f3, una obra de teatre...<br \/><strong>\u25aa<\/strong>\u00a0Crear: us proposem que les activitats que desenvolupeu amb els grups d\u2019infants sempre tinguin un espai m\u00e9s de \u201ctaller\u201d, m\u00e9s de creaci\u00f3 inspirada en all\u00f2 que s\u2019ha rebut.<br \/><strong>\u25aa<\/strong>\u00a0Donar: us proposem que les activitats que desenvolupeu amb els grups d\u2019infants sempre tinguin un espai d\u2019oferiment d\u2019all\u00f2 creat a altres grups de l\u2019entitat, a les fam\u00edlies, al barri, al moviment...<\/p>\r\n<!-- \/wp:paragraph --><!-- wp:paragraph -->\r\n<p><strong>Cloenda<\/strong><br \/>\u201cLa Dona i en Rep\u201d poden ser personatges visibles a les festes de cloenda dels esplais, a la Festa Esplai...<br \/>\u201cLa Dona i en Rep\u201d ens conviden a anar de col\u00f2nies a l\u2019estiu<br \/>\u201cLa Dona i en Rep\u201d ens conviden a fer una valoraci\u00f3 de la generositat que, com a grup, hem tingut cap als nostres iguals: els altres grups de l\u2019esplai, les fam\u00edlies, el barri, l\u2019escola...<\/p>\r\n<!-- \/wp:paragraph -->","_et_gb_content_width":"1200","footnotes":""},"class_list":["post-33","page","type-page","status-publish","hentry"],"yoast_head":"<!-- This site is optimized with the Yoast SEO plugin v27.3 - https:\/\/yoast.com\/product\/yoast-seo-wordpress\/ -->\n<title>Centre d&#039;inter\u00e8s - Compartir<\/title>\n<meta name=\"robots\" content=\"index, follow, max-snippet:-1, max-image-preview:large, max-video-preview:-1\" \/>\n<link rel=\"canonical\" href=\"https:\/\/fundesplai.org\/compartir\/centre-dinteres\/\" \/>\n<meta property=\"og:locale\" content=\"ca_ES\" \/>\n<meta property=\"og:type\" content=\"article\" \/>\n<meta property=\"og:title\" content=\"Centre d&#039;inter\u00e8s - Compartir\" \/>\n<meta property=\"og:description\" content=\"El Centre d\u2019inter\u00e8s funciona com a fil conductor, com a argument a partir del qual es vertebren els aprenentatges i les activitats. El Centre d\u2019Inter\u00e8s parteix de les motivacions i interessos dels infants, plantejant situacions i reptes que estimulen els valors humans d\u2019una manera l\u00fadica i atractiva. El Centre d\u2019Inter\u00e8s que proposem per als nois [&hellip;]\" \/>\n<meta property=\"og:url\" content=\"https:\/\/fundesplai.org\/compartir\/centre-dinteres\/\" \/>\n<meta property=\"og:site_name\" content=\"Compartir\" \/>\n<meta property=\"article:modified_time\" content=\"2021-10-25T07:56:31+00:00\" \/>\n<meta name=\"twitter:card\" content=\"summary_large_image\" \/>\n<meta name=\"twitter:label1\" content=\"Temps estimat de lectura\" \/>\n\t<meta name=\"twitter:data1\" content=\"3 minuts\" \/>\n<script type=\"application\/ld+json\" class=\"yoast-schema-graph\">{\"@context\":\"https:\\\/\\\/schema.org\",\"@graph\":[{\"@type\":\"WebPage\",\"@id\":\"https:\\\/\\\/fundesplai.org\\\/compartir\\\/centre-dinteres\\\/\",\"url\":\"https:\\\/\\\/fundesplai.org\\\/compartir\\\/centre-dinteres\\\/\",\"name\":\"Centre d'inter\u00e8s - Compartir\",\"isPartOf\":{\"@id\":\"https:\\\/\\\/fundesplai.org\\\/compartir\\\/#website\"},\"datePublished\":\"2021-08-18T09:56:32+00:00\",\"dateModified\":\"2021-10-25T07:56:31+00:00\",\"breadcrumb\":{\"@id\":\"https:\\\/\\\/fundesplai.org\\\/compartir\\\/centre-dinteres\\\/#breadcrumb\"},\"inLanguage\":\"ca\",\"potentialAction\":[{\"@type\":\"ReadAction\",\"target\":[\"https:\\\/\\\/fundesplai.org\\\/compartir\\\/centre-dinteres\\\/\"]}]},{\"@type\":\"BreadcrumbList\",\"@id\":\"https:\\\/\\\/fundesplai.org\\\/compartir\\\/centre-dinteres\\\/#breadcrumb\",\"itemListElement\":[{\"@type\":\"ListItem\",\"position\":1,\"name\":\"Inici\",\"item\":\"\\\/\"},{\"@type\":\"ListItem\",\"position\":2,\"name\":\"Compartir\",\"item\":\"https:\\\/\\\/fundesplai.org\\\/compartir\"},{\"@type\":\"ListItem\",\"position\":3,\"name\":\"Centre d&#8217;inter\u00e8s\"}]},{\"@type\":\"WebSite\",\"@id\":\"https:\\\/\\\/fundesplai.org\\\/compartir\\\/#website\",\"url\":\"https:\\\/\\\/fundesplai.org\\\/compartir\\\/\",\"name\":\"Compartir\",\"description\":\"Proposta educativa de Fundesplai\",\"potentialAction\":[{\"@type\":\"SearchAction\",\"target\":{\"@type\":\"EntryPoint\",\"urlTemplate\":\"https:\\\/\\\/fundesplai.org\\\/compartir\\\/?s={search_term_string}\"},\"query-input\":{\"@type\":\"PropertyValueSpecification\",\"valueRequired\":true,\"valueName\":\"search_term_string\"}}],\"inLanguage\":\"ca\"}]}<\/script>\n<!-- \/ Yoast SEO plugin. -->","yoast_head_json":{"title":"Centre d'inter\u00e8s - Compartir","robots":{"index":"index","follow":"follow","max-snippet":"max-snippet:-1","max-image-preview":"max-image-preview:large","max-video-preview":"max-video-preview:-1"},"canonical":"https:\/\/fundesplai.org\/compartir\/centre-dinteres\/","og_locale":"ca_ES","og_type":"article","og_title":"Centre d'inter\u00e8s - Compartir","og_description":"El Centre d\u2019inter\u00e8s funciona com a fil conductor, com a argument a partir del qual es vertebren els aprenentatges i les activitats. El Centre d\u2019Inter\u00e8s parteix de les motivacions i interessos dels infants, plantejant situacions i reptes que estimulen els valors humans d\u2019una manera l\u00fadica i atractiva. El Centre d\u2019Inter\u00e8s que proposem per als nois [&hellip;]","og_url":"https:\/\/fundesplai.org\/compartir\/centre-dinteres\/","og_site_name":"Compartir","article_modified_time":"2021-10-25T07:56:31+00:00","twitter_card":"summary_large_image","twitter_misc":{"Temps estimat de lectura":"3 minuts"},"schema":{"@context":"https:\/\/schema.org","@graph":[{"@type":"WebPage","@id":"https:\/\/fundesplai.org\/compartir\/centre-dinteres\/","url":"https:\/\/fundesplai.org\/compartir\/centre-dinteres\/","name":"Centre d'inter\u00e8s - Compartir","isPartOf":{"@id":"https:\/\/fundesplai.org\/compartir\/#website"},"datePublished":"2021-08-18T09:56:32+00:00","dateModified":"2021-10-25T07:56:31+00:00","breadcrumb":{"@id":"https:\/\/fundesplai.org\/compartir\/centre-dinteres\/#breadcrumb"},"inLanguage":"ca","potentialAction":[{"@type":"ReadAction","target":["https:\/\/fundesplai.org\/compartir\/centre-dinteres\/"]}]},{"@type":"BreadcrumbList","@id":"https:\/\/fundesplai.org\/compartir\/centre-dinteres\/#breadcrumb","itemListElement":[{"@type":"ListItem","position":1,"name":"Inici","item":"\/"},{"@type":"ListItem","position":2,"name":"Compartir","item":"https:\/\/fundesplai.org\/compartir"},{"@type":"ListItem","position":3,"name":"Centre d&#8217;inter\u00e8s"}]},{"@type":"WebSite","@id":"https:\/\/fundesplai.org\/compartir\/#website","url":"https:\/\/fundesplai.org\/compartir\/","name":"Compartir","description":"Proposta educativa de Fundesplai","potentialAction":[{"@type":"SearchAction","target":{"@type":"EntryPoint","urlTemplate":"https:\/\/fundesplai.org\/compartir\/?s={search_term_string}"},"query-input":{"@type":"PropertyValueSpecification","valueRequired":true,"valueName":"search_term_string"}}],"inLanguage":"ca"}]}},"_links":{"self":[{"href":"https:\/\/fundesplai.org\/compartir\/wp-json\/wp\/v2\/pages\/33","targetHints":{"allow":["GET"]}}],"collection":[{"href":"https:\/\/fundesplai.org\/compartir\/wp-json\/wp\/v2\/pages"}],"about":[{"href":"https:\/\/fundesplai.org\/compartir\/wp-json\/wp\/v2\/types\/page"}],"author":[{"embeddable":true,"href":"https:\/\/fundesplai.org\/compartir\/wp-json\/wp\/v2\/users\/4"}],"replies":[{"embeddable":true,"href":"https:\/\/fundesplai.org\/compartir\/wp-json\/wp\/v2\/comments?post=33"}],"version-history":[{"count":3,"href":"https:\/\/fundesplai.org\/compartir\/wp-json\/wp\/v2\/pages\/33\/revisions"}],"predecessor-version":[{"id":136,"href":"https:\/\/fundesplai.org\/compartir\/wp-json\/wp\/v2\/pages\/33\/revisions\/136"}],"wp:attachment":[{"href":"https:\/\/fundesplai.org\/compartir\/wp-json\/wp\/v2\/media?parent=33"}],"curies":[{"name":"wp","href":"https:\/\/api.w.org\/{rel}","templated":true}]}}