{"id":167,"date":"2023-10-11T11:20:27","date_gmt":"2023-10-11T09:20:27","guid":{"rendered":"https:\/\/fundesplai.org\/compartir\/?page_id=167"},"modified":"2023-10-11T11:20:31","modified_gmt":"2023-10-11T09:20:31","slug":"activitats","status":"publish","type":"page","link":"https:\/\/fundesplai.org\/compartir\/activitats\/","title":{"rendered":"Activitats"},"content":{"rendered":"<p>[et_pb_section fb_built=&#8221;1&#8243; _builder_version=&#8221;4.21.0&#8243; _module_preset=&#8221;default&#8221; global_colors_info=&#8221;{}&#8221;][et_pb_row _builder_version=&#8221;4.21.0&#8243; _module_preset=&#8221;default&#8221; global_colors_info=&#8221;{}&#8221;][et_pb_column type=&#8221;4_4&#8243; _builder_version=&#8221;4.21.0&#8243; _module_preset=&#8221;default&#8221; global_colors_info=&#8221;{}&#8221;][et_pb_text _builder_version=&#8221;4.21.0&#8243; _module_preset=&#8221;default&#8221; global_colors_info=&#8221;{}&#8221;]<\/p>\n<h2 style=\"text-align: center\">ACTIVITATS<\/h2>\n<p>Les activitats d&#8217;aquesta proposta estan ordenades per franges d&#8217;edats: Petits (3 a 8 anys), Mitjans (8 a 12 anys) i Joves (12 a 17 anys). Les activitats es poden adaptar f\u00e0cilment a les diferents edats dels infants i joves.<\/p>\n<p>[\/et_pb_text][et_pb_accordion _builder_version=&#8221;4.21.0&#8243; _module_preset=&#8221;default&#8221; custom_margin=&#8221;30px||50px||false|false&#8221; global_colors_info=&#8221;{}&#8221;][et_pb_accordion_item title=&#8221;Activitats Petits (3-8 anys)&#8221; _builder_version=&#8221;4.21.0&#8243; _module_preset=&#8221;default&#8221; global_colors_info=&#8221;{}&#8221; open=&#8221;on&#8221;]<\/p>\n<ul>\n<li><a href=\"https:\/\/fundesplai.org\/banc-recursos\/recurs\/dansem\/\">Dansem!<\/a><\/li>\n<li><a href=\"https:\/\/fundesplai.org\/banc-recursos\/recurs\/fem-art-contemporani\/\">Fem art contemporani<\/a><\/li>\n<li><a href=\"https:\/\/fundesplai.org\/banc-recursos\/recurs\/el-teatre-dels-conflictes\/\">Fem teatre pel barri<\/a><\/li>\n<li><a href=\"https:\/\/fundesplai.org\/banc-recursos\/recurs\/la-caixa-de-la-meva-vida\/\">La caixa de la meva vida<\/a><\/li>\n<li><a href=\"https:\/\/fundesplai.org\/banc-recursos\/recurs\/8448\/\">Term\u00f2metre emocional<\/a><\/li>\n<\/ul>\n<p>[\/et_pb_accordion_item][et_pb_accordion_item title=&#8221;Activitats Mitjans (8-12 anys)&#8221; _builder_version=&#8221;4.21.0&#8243; _module_preset=&#8221;default&#8221; global_colors_info=&#8221;{}&#8221; open=&#8221;off&#8221;]<\/p>\n<ul>\n<li><a href=\"https:\/\/fundesplai.org\/banc-recursos\/recurs\/joc-cadires-adaptat\/\">Cadires solid\u00e0ries<\/a><\/li>\n<li><a href=\"https:\/\/fundesplai.org\/banc-recursos\/recurs\/compartim-musica\/\">Compartim m\u00fasica<\/a><\/li>\n<li><a href=\"https:\/\/fundesplai.org\/banc-recursos\/recurs\/el-gran-trueque-dels-mitjans\/\">El gran trueque dels mitjans<\/a><\/li>\n<\/ul>\n<p>[\/et_pb_accordion_item][et_pb_accordion_item title=&#8221;Activitats Joves (12-18 anys)&#8221; _builder_version=&#8221;4.21.0&#8243; _module_preset=&#8221;default&#8221; global_colors_info=&#8221;{}&#8221; open=&#8221;off&#8221;]<\/p>\n<ul>\n<li><a href=\"https:\/\/escoles.fundesplai.org\/blog\/lleure\/10-maneres-de-jugar-amb-el-fang\/\">Jocs amb fang<\/a><\/li>\n<li><a href=\"https:\/\/fundesplai.org\/banc-recursos\/recurs\/8443\/\">Mandales<\/a><\/li>\n<li><a href=\"https:\/\/fundesplai.org\/banc-recursos\/recurs\/el-teatre-dels-conflictes\/\">El teatre dels conflictes<\/a><\/li>\n<li><a href=\"https:\/\/fundesplai.org\/banc-recursos\/recurs\/biodansa\/\">Biodansa<\/a><\/li>\n<li><a href=\"https:\/\/fundesplai.org\/banc-recursos\/recurs\/joc-de-travessar-el-riu\/\">Travessar el riu<\/a><\/li>\n<li><a href=\"https:\/\/fundesplai.org\/banc-recursos\/recurs\/hi-cabem-tots-es\/\">Hi cabem tots\/es<\/a><\/li>\n<li><a href=\"https:\/\/fundesplai.org\/banc-recursos\/recurs\/el-joc-del-puny\/\">Joc del puny<\/a><\/li>\n<li><a href=\"https:\/\/fundesplai.org\/banc-recursos\/recurs\/el-testament-dels-camells\/\">Testament dels camells<\/a><\/li>\n<li><a href=\"https:\/\/fundesplai.org\/banc-recursos\/recurs\/8486\/\">Qu\u00e8 ens transmet aquesta can\u00e7\u00f3?<\/a><\/li>\n<\/ul>\n<p>[\/et_pb_accordion_item][\/et_pb_accordion][\/et_pb_column][\/et_pb_row][\/et_pb_section]<\/p>\n","protected":false},"excerpt":{"rendered":"<p>ACTIVITATS Les activitats d&#8217;aquesta proposta estan ordenades per franges d&#8217;edats: Petits (3 a 8 anys), Mitjans (8 a 12 anys) i Joves (12 a 17 anys). Les activitats es poden adaptar f\u00e0cilment a les diferents edats dels infants i joves. Dansem! Fem art contemporani Fem teatre pel barri La caixa de la meva vida Term\u00f2metre [&hellip;]<\/p>\n","protected":false},"author":26,"featured_media":0,"parent":0,"menu_order":0,"comment_status":"closed","ping_status":"closed","template":"","meta":{"_et_pb_use_builder":"on","_et_pb_old_content":"","_et_gb_content_width":"","footnotes":""},"class_list":["post-167","page","type-page","status-publish","hentry"],"yoast_head":"<!-- This site is optimized with the Yoast SEO plugin v27.5 - https:\/\/yoast.com\/product\/yoast-seo-wordpress\/ -->\n<title>Activitats - Compartir<\/title>\n<meta name=\"robots\" content=\"index, follow, max-snippet:-1, max-image-preview:large, max-video-preview:-1\" \/>\n<link rel=\"canonical\" href=\"https:\/\/fundesplai.org\/compartir\/activitats\/\" \/>\n<meta property=\"og:locale\" content=\"ca_ES\" \/>\n<meta property=\"og:type\" content=\"article\" \/>\n<meta property=\"og:title\" content=\"Activitats - Compartir\" \/>\n<meta property=\"og:description\" content=\"ACTIVITATS Les activitats d&#039;aquesta proposta estan ordenades per franges d&#039;edats: Petits (3 a 8 anys), Mitjans (8 a 12 anys) i Joves (12 a 17 anys). Les activitats es poden adaptar f\u00e0cilment a les diferents edats dels infants i joves. Dansem! Fem art contemporani Fem teatre pel barri La caixa de la meva vida Term\u00f2metre [&hellip;]\" \/>\n<meta property=\"og:url\" content=\"https:\/\/fundesplai.org\/compartir\/activitats\/\" \/>\n<meta property=\"og:site_name\" content=\"Compartir\" \/>\n<meta property=\"article:modified_time\" content=\"2023-10-11T09:20:31+00:00\" \/>\n<meta name=\"twitter:card\" content=\"summary_large_image\" \/>\n<meta name=\"twitter:label1\" content=\"Temps estimat de lectura\" \/>\n\t<meta name=\"twitter:data1\" content=\"1 minut\" \/>\n<script type=\"application\/ld+json\" class=\"yoast-schema-graph\">{\"@context\":\"https:\\\/\\\/schema.org\",\"@graph\":[{\"@type\":\"WebPage\",\"@id\":\"https:\\\/\\\/fundesplai.org\\\/compartir\\\/activitats\\\/\",\"url\":\"https:\\\/\\\/fundesplai.org\\\/compartir\\\/activitats\\\/\",\"name\":\"Activitats - Compartir\",\"isPartOf\":{\"@id\":\"https:\\\/\\\/fundesplai.org\\\/compartir\\\/#website\"},\"datePublished\":\"2023-10-11T09:20:27+00:00\",\"dateModified\":\"2023-10-11T09:20:31+00:00\",\"breadcrumb\":{\"@id\":\"https:\\\/\\\/fundesplai.org\\\/compartir\\\/activitats\\\/#breadcrumb\"},\"inLanguage\":\"ca\",\"potentialAction\":[{\"@type\":\"ReadAction\",\"target\":[\"https:\\\/\\\/fundesplai.org\\\/compartir\\\/activitats\\\/\"]}]},{\"@type\":\"BreadcrumbList\",\"@id\":\"https:\\\/\\\/fundesplai.org\\\/compartir\\\/activitats\\\/#breadcrumb\",\"itemListElement\":[{\"@type\":\"ListItem\",\"position\":1,\"name\":\"Inici\",\"item\":\"\\\/\"},{\"@type\":\"ListItem\",\"position\":2,\"name\":\"Compartir\",\"item\":\"https:\\\/\\\/fundesplai.org\\\/compartir\"},{\"@type\":\"ListItem\",\"position\":3,\"name\":\"Activitats\"}]},{\"@type\":\"WebSite\",\"@id\":\"https:\\\/\\\/fundesplai.org\\\/compartir\\\/#website\",\"url\":\"https:\\\/\\\/fundesplai.org\\\/compartir\\\/\",\"name\":\"Compartir\",\"description\":\"Proposta educativa de Fundesplai\",\"potentialAction\":[{\"@type\":\"SearchAction\",\"target\":{\"@type\":\"EntryPoint\",\"urlTemplate\":\"https:\\\/\\\/fundesplai.org\\\/compartir\\\/?s={search_term_string}\"},\"query-input\":{\"@type\":\"PropertyValueSpecification\",\"valueRequired\":true,\"valueName\":\"search_term_string\"}}],\"inLanguage\":\"ca\"}]}<\/script>\n<!-- \/ Yoast SEO plugin. -->","yoast_head_json":{"title":"Activitats - Compartir","robots":{"index":"index","follow":"follow","max-snippet":"max-snippet:-1","max-image-preview":"max-image-preview:large","max-video-preview":"max-video-preview:-1"},"canonical":"https:\/\/fundesplai.org\/compartir\/activitats\/","og_locale":"ca_ES","og_type":"article","og_title":"Activitats - Compartir","og_description":"ACTIVITATS Les activitats d'aquesta proposta estan ordenades per franges d'edats: Petits (3 a 8 anys), Mitjans (8 a 12 anys) i Joves (12 a 17 anys). Les activitats es poden adaptar f\u00e0cilment a les diferents edats dels infants i joves. Dansem! Fem art contemporani Fem teatre pel barri La caixa de la meva vida Term\u00f2metre [&hellip;]","og_url":"https:\/\/fundesplai.org\/compartir\/activitats\/","og_site_name":"Compartir","article_modified_time":"2023-10-11T09:20:31+00:00","twitter_card":"summary_large_image","twitter_misc":{"Temps estimat de lectura":"1 minut"},"schema":{"@context":"https:\/\/schema.org","@graph":[{"@type":"WebPage","@id":"https:\/\/fundesplai.org\/compartir\/activitats\/","url":"https:\/\/fundesplai.org\/compartir\/activitats\/","name":"Activitats - Compartir","isPartOf":{"@id":"https:\/\/fundesplai.org\/compartir\/#website"},"datePublished":"2023-10-11T09:20:27+00:00","dateModified":"2023-10-11T09:20:31+00:00","breadcrumb":{"@id":"https:\/\/fundesplai.org\/compartir\/activitats\/#breadcrumb"},"inLanguage":"ca","potentialAction":[{"@type":"ReadAction","target":["https:\/\/fundesplai.org\/compartir\/activitats\/"]}]},{"@type":"BreadcrumbList","@id":"https:\/\/fundesplai.org\/compartir\/activitats\/#breadcrumb","itemListElement":[{"@type":"ListItem","position":1,"name":"Inici","item":"\/"},{"@type":"ListItem","position":2,"name":"Compartir","item":"https:\/\/fundesplai.org\/compartir"},{"@type":"ListItem","position":3,"name":"Activitats"}]},{"@type":"WebSite","@id":"https:\/\/fundesplai.org\/compartir\/#website","url":"https:\/\/fundesplai.org\/compartir\/","name":"Compartir","description":"Proposta educativa de Fundesplai","potentialAction":[{"@type":"SearchAction","target":{"@type":"EntryPoint","urlTemplate":"https:\/\/fundesplai.org\/compartir\/?s={search_term_string}"},"query-input":{"@type":"PropertyValueSpecification","valueRequired":true,"valueName":"search_term_string"}}],"inLanguage":"ca"}]}},"_links":{"self":[{"href":"https:\/\/fundesplai.org\/compartir\/wp-json\/wp\/v2\/pages\/167","targetHints":{"allow":["GET"]}}],"collection":[{"href":"https:\/\/fundesplai.org\/compartir\/wp-json\/wp\/v2\/pages"}],"about":[{"href":"https:\/\/fundesplai.org\/compartir\/wp-json\/wp\/v2\/types\/page"}],"author":[{"embeddable":true,"href":"https:\/\/fundesplai.org\/compartir\/wp-json\/wp\/v2\/users\/26"}],"replies":[{"embeddable":true,"href":"https:\/\/fundesplai.org\/compartir\/wp-json\/wp\/v2\/comments?post=167"}],"version-history":[{"count":3,"href":"https:\/\/fundesplai.org\/compartir\/wp-json\/wp\/v2\/pages\/167\/revisions"}],"predecessor-version":[{"id":172,"href":"https:\/\/fundesplai.org\/compartir\/wp-json\/wp\/v2\/pages\/167\/revisions\/172"}],"wp:attachment":[{"href":"https:\/\/fundesplai.org\/compartir\/wp-json\/wp\/v2\/media?parent=167"}],"curies":[{"name":"wp","href":"https:\/\/api.w.org\/{rel}","templated":true}]}}