{"id":5,"date":"2013-07-16T12:19:43","date_gmt":"2013-07-16T10:19:43","guid":{"rendered":"http:\/\/projectes.fundesplai.org\/capmenjaralabrossa\/?page_id=5"},"modified":"2024-01-16T11:44:13","modified_gmt":"2024-01-16T10:44:13","slug":"presentacio","status":"publish","type":"page","link":"https:\/\/fundesplai.org\/capmenjaralabrossa\/","title":{"rendered":"Presentaci\u00f3"},"content":{"rendered":"<p>[et_pb_section fb_built=&#8221;1&#8243; fullwidth=&#8221;on&#8221; _builder_version=&#8221;4.19.0&#8243; _module_preset=&#8221;default&#8221; global_colors_info=&#8221;{}&#8221;][et_pb_fullwidth_image src=&#8221;https:\/\/fundesplai.org\/capmenjaralabrossa\/wp-content\/uploads\/sites\/11\/2023\/02\/portada_capmenjar.jpg&#8221; title_text=&#8221;portada_capmenjar&#8221; _builder_version=&#8221;4.19.0&#8243; _module_preset=&#8221;default&#8221; global_colors_info=&#8221;{}&#8221;][\/et_pb_fullwidth_image][\/et_pb_section][et_pb_section fb_built=&#8221;1&#8243; _builder_version=&#8221;4.19.0&#8243; _module_preset=&#8221;default&#8221; global_colors_info=&#8221;{}&#8221;][et_pb_row _builder_version=&#8221;4.19.0&#8243; _module_preset=&#8221;default&#8221; global_colors_info=&#8221;{}&#8221;][et_pb_column type=&#8221;4_4&#8243; _builder_version=&#8221;4.19.0&#8243; _module_preset=&#8221;default&#8221; global_colors_info=&#8221;{}&#8221;][et_pb_text _builder_version=&#8221;4.19.0&#8243; _module_preset=&#8221;default&#8221; custom_margin=&#8221;40px||||false|false&#8221; global_colors_info=&#8221;{}&#8221;]<\/p>\n<h2 style=\"text-align: center\">Qu\u00e8 \u00e9s?<\/h2>\n<p style=\"text-align: center\">La campanya cap menjar a la brossa!\u00a0\u00e9s una activitat que\u00a0s\u2019emmarca\u00a0en la\u00a0Proposta Educativa B612, per un consum\u00a0conscient i sostenible.\u00a0\u00a0T\u00e9 per\u00a0objectiu implicar els\u00a0 infants i les fam\u00edlies en una experi\u00e8ncia educativa que els permeti aportar les seves idees\u00a0per afrontar el problema del malbaratament alimentari i\u00a0per dur\u00a0a terme accions de sensibilitzaci\u00f3 a les seves\u00a0comunitats.<\/p>\n<p>[\/et_pb_text][et_pb_button button_url=&#8221;https:\/\/projectes.fundesplai.org\/b612\/wp-content\/uploads\/sites\/8\/2014\/09\/Marc-Te%C3%B2ric-Prposta-Educativa-B612.pdf&#8221; url_new_window=&#8221;on&#8221; button_text=&#8221;Descarrega&#8217;t el quadern pedag\u00f2gic de B612&#8243; button_alignment=&#8221;center&#8221; admin_label=&#8221;bot\u00f3 Descarrega&#8217;t el quadern pedag\u00f2gic&#8221; _builder_version=&#8221;4.19.0&#8243; _module_preset=&#8221;default&#8221; custom_margin=&#8221;30px||30px||false|false&#8221; locked=&#8221;off&#8221; global_colors_info=&#8221;{}&#8221;][\/et_pb_button][\/et_pb_column][\/et_pb_row][\/et_pb_section][et_pb_section fb_built=&#8221;1&#8243; _builder_version=&#8221;4.17.4&#8243; _module_preset=&#8221;default&#8221; locked=&#8221;off&#8221; global_colors_info=&#8221;{}&#8221;][et_pb_row _builder_version=&#8221;4.17.4&#8243; _module_preset=&#8221;default&#8221; locked=&#8221;off&#8221; global_colors_info=&#8221;{}&#8221;][et_pb_column type=&#8221;4_4&#8243; _builder_version=&#8221;4.17.4&#8243; _module_preset=&#8221;default&#8221; global_colors_info=&#8221;{}&#8221;][et_pb_text admin_label=&#8221;Objectius&#8221; _builder_version=&#8221;4.19.0&#8243; _module_preset=&#8221;default&#8221; custom_margin=&#8221;40px||30px||false|false&#8221; global_colors_info=&#8221;{}&#8221;]<\/p>\n<h2>Continguts<\/h2>\n<p>Treballarem el tema del malbaratament alimentari al voltant de quatre grans q\u00fcestions:<\/p>\n<p>[\/et_pb_text][\/et_pb_column][\/et_pb_row][et_pb_row column_structure=&#8221;1_2,1_2&#8243; use_custom_gutter=&#8221;on&#8221; gutter_width=&#8221;4&#8243; module_class=&#8221;graella-icona-circular-giratoria&#8221; _builder_version=&#8221;4.17.4&#8243; locked=&#8221;off&#8221; global_colors_info=&#8221;{}&#8221;][et_pb_column type=&#8221;1_2&#8243; _builder_version=&#8221;4.16&#8243; custom_padding=&#8221;|||&#8221; global_colors_info=&#8221;{}&#8221; custom_padding__hover=&#8221;|||&#8221;][et_pb_blurb title=&#8221;Comprar&#8221; use_icon=&#8221;on&#8221; font_icon=&#8221;&#xf07a;||fa||900&#8243; icon_color=&#8221;#333333&#8243; icon_placement=&#8221;left&#8221; _builder_version=&#8221;4.19.0&#8243; custom_margin=&#8221;||0px|&#8221; z_index_tablet=&#8221;500&#8243; global_colors_info=&#8221;{}&#8221;]<\/p>\n<p><strong>Com comprem? una bona planificaci\u00f3 de les compres i dels nostres \u00e0pats pot ajudar a reduir el malbaratament alimentari?<\/strong> els aliments que comprem ens aporten els nutrients necessaris per dur una dieta equilibrada? ens fixem en els residus que genera all\u00f2 que comprem? Hi ha alternatives?<\/p>\n<p>[\/et_pb_blurb][\/et_pb_column][et_pb_column type=&#8221;1_2&#8243; _builder_version=&#8221;4.16&#8243; custom_padding=&#8221;|||&#8221; global_colors_info=&#8221;{}&#8221; custom_padding__hover=&#8221;|||&#8221;][et_pb_blurb title=&#8221;Conservar&#8221; use_icon=&#8221;on&#8221; font_icon=&#8221;&#xe4fb;||fa||900&#8243; icon_color=&#8221;#333333&#8243; icon_placement=&#8221;left&#8221; _builder_version=&#8221;4.19.0&#8243; custom_margin=&#8221;||0px|&#8221; z_index_tablet=&#8221;500&#8243; global_colors_info=&#8221;{}&#8221;]<\/p>\n<p><strong>Com guardem? sabem com conservar de la manera m\u00e9s adequada cada aliment?\u00a0<\/strong>com organitzem les nostres neveres? tot ha de conservar-se al frigor\u00edfic? quina relaci\u00f3 t\u00e9 aix\u00f2 amb el malbaratament alimentari?<\/p>\n<p>[\/et_pb_blurb][\/et_pb_column][\/et_pb_row][et_pb_row column_structure=&#8221;1_2,1_2&#8243; use_custom_gutter=&#8221;on&#8221; gutter_width=&#8221;4&#8243; module_class=&#8221;graella-icona-circular-giratoria&#8221; _builder_version=&#8221;4.17.4&#8243; locked=&#8221;off&#8221; global_colors_info=&#8221;{}&#8221;][et_pb_column type=&#8221;1_2&#8243; _builder_version=&#8221;4.16&#8243; custom_padding=&#8221;|||&#8221; global_colors_info=&#8221;{}&#8221; custom_padding__hover=&#8221;|||&#8221;][et_pb_blurb title=&#8221;Gaudir&#8221; use_icon=&#8221;on&#8221; font_icon=&#8221;&#xf8c5;||fa||900&#8243; icon_color=&#8221;#333333&#8243; icon_placement=&#8221;left&#8221; _builder_version=&#8221;4.19.0&#8243; custom_margin=&#8221;||0px|&#8221; z_index_tablet=&#8221;500&#8243; global_colors_info=&#8221;{}&#8221;]<\/p>\n<p>Menjar, a m\u00e9s a m\u00e9s de ser un acte nutritiu, tamb\u00e9 \u00e9s un acte social, de conviv\u00e8ncia i d\u2019identificaci\u00f3 cultural. Sovint, per\u00f2, es converteix en una mena de cursa on qui guanya \u00e9s qui m\u00e9s de pressa deixa el plat buit. R<strong>ecuperar l\u2019acte de menjar com un espai de plaer, de trobada, de conversa, de tranquil\u00b7litat \u00e9s l\u2019objectiu d\u2019encetar una reflexi\u00f3 entorn d\u2019aquest tema<\/strong>.<\/p>\n<p>[\/et_pb_blurb][\/et_pb_column][et_pb_column type=&#8221;1_2&#8243; _builder_version=&#8221;4.16&#8243; custom_padding=&#8221;|||&#8221; global_colors_info=&#8221;{}&#8221; custom_padding__hover=&#8221;|||&#8221;][et_pb_blurb title=&#8221;Transformar&#8221; use_icon=&#8221;on&#8221; font_icon=&#8221;&#xf0ec;||fa||900&#8243; icon_color=&#8221;#333333&#8243; icon_placement=&#8221;left&#8221; _builder_version=&#8221;4.19.0&#8243; custom_margin=&#8221;||0px|&#8221; z_index_tablet=&#8221;500&#8243; global_colors_info=&#8221;{}&#8221;]<\/p>\n<p><strong>Podem allargar la vida \u00fatil dels aliments? i de les sobres?<\/strong> la m\u00e0gia i la qu\u00edmica de la cuina ens permet transformar<strong>\u00a0<\/strong>tot el que mengem abans de llen\u00e7ar res a\u00a0la brossa. I una q\u00fcesti\u00f3 m\u00e9s\u2026.Com podem\u00a0reduir l\u2019impacte mediambiental dels embolcalls?\u00a0animent-nos a \u00a0transformar el seu \u00fas\u2026.<\/p>\n<p>[\/et_pb_blurb][\/et_pb_column][\/et_pb_row][et_pb_row _builder_version=&#8221;4.21.0&#8243; _module_preset=&#8221;default&#8221;][et_pb_column _builder_version=&#8221;4.21.0&#8243; _module_preset=&#8221;default&#8221; type=&#8221;4_4&#8243;][et_pb_button _builder_version=&#8221;4.21.0&#8243; _module_preset=&#8221;default&#8221; button_text=&#8221;Coneix totes les propostes educatives de Fundesplai&#8221; button_url=&#8221;https:\/\/fundesplai.org\/recursos\/propostes-educatives\/&#8221; button_alignment=&#8221;center&#8221; custom_margin=&#8221;30px||50px||false|false&#8221; hover_enabled=&#8221;0&#8243; sticky_enabled=&#8221;0&#8243;][\/et_pb_button][\/et_pb_column][\/et_pb_row][\/et_pb_section][et_pb_section fb_built=&#8221;1&#8243; disabled_on=&#8221;on|on|on&#8221; _builder_version=&#8221;4.16&#8243; disabled=&#8221;on&#8221; global_colors_info=&#8221;{}&#8221;][et_pb_row _builder_version=&#8221;4.16&#8243; background_size=&#8221;initial&#8221; background_position=&#8221;top_left&#8221; background_repeat=&#8221;repeat&#8221; global_colors_info=&#8221;{}&#8221;][et_pb_column type=&#8221;4_4&#8243; _builder_version=&#8221;4.16&#8243; custom_padding=&#8221;|||&#8221; global_colors_info=&#8221;{}&#8221; custom_padding__hover=&#8221;|||&#8221;][et_pb_text _builder_version=&#8221;4.19.0&#8243; background_size=&#8221;initial&#8221; background_position=&#8221;top_left&#8221; background_repeat=&#8221;repeat&#8221; global_colors_info=&#8221;{}&#8221;]<\/p>\n<h2><span style=\"color: #339966\"><strong>Qu\u00e8 \u00e9s la campanya Cap Menjar a la Brossa?\u00a0<\/strong><\/span><\/h2>\n<p><a href=\"https:\/\/projectes.fundesplai.org\/capmenjaralabrossa\/wp-content\/uploads\/sites\/9\/2013\/09\/bloc-cap-menjar-a-la-brossa-11.jpg\"><img loading=\"lazy\" decoding=\"async\" class=\"alignleft size-medium wp-image-18\" src=\"https:\/\/projectes.fundesplai.org\/capmenjaralabrossa\/wp-content\/uploads\/sites\/9\/2013\/09\/bloc-cap-menjar-a-la-brossa-11-300x235.jpg\" alt=\"bloc cap menjar a la brossa 1\" width=\"300\" height=\"235\" \/><\/a>En la l\u00ednia d\u2019engrescar-nos a <strong>fer coses junts,<\/strong> <span style=\"color: #333333\">proposem<\/span> un projecte que pren forma de campanya de sensibilitzaci\u00f3. T\u00e9 per finalitat posar l\u2019\u00e8mfasi en fer coses conjuntament, no pas, uns al costat dels altres, no pas uns que ajuden als altres sin\u00f3 tots i totes, infants i grans, aportant capacitats per assolir un objectiu com\u00fa.<\/p>\n<p><strong>\u00a0La campanya cap menjar a la brossa!<\/strong> T\u00e9 com a finalitat sensibilitzar petits i grans per\u00a0<strong>reduir l\u2019impacte del malbaratament alimentari.<\/strong> El malbaratament es refereix tant a totes aquelles restes de menjars cuinats que llencem com al que es fa malb\u00e9 o caduca a la nevera o al rebost i no hem pogut consumir.<\/p>\n<p>Per qu\u00e8 ens decantem per fruita i verdura d\u2019una determinada mida, forma i color amb uns est\u00e0ndards est\u00e8tics que ens v\u00e9nen definits pel mercat, quan potser una altra pe\u00e7a m\u00e9s &#8216;lletja&#8217; probablement ser\u00e0 igual de gustosa i nutritiva, o potser m\u00e9s? Dediquem prou temps a fer una planificaci\u00f3 acurada dels nostres \u00e0pats i les nostres compres? Sabem com conservar de manera m\u00e9s adequada cada aliment?&#8221;<\/p>\n<p>A Catalunya es malbaraten m\u00e9s de 260.000 tones d&#8217;aliments a l&#8217;any, mentre que el 22% de la poblaci\u00f3 catalana viu sota el llindar de la pobresa. Amb el menjar que es llen\u00e7a durant un any es podrien alimentar 500.000 persones. En diferents estudis s&#8217;ha comprovat que m\u00e9s de la meitat dels aliments que es llencen es fa a les llars (81 kg a l&#8217;any en una fam\u00edlia de dos adults i dos infants). <a href=\"http:\/\/www20.gencat.cat\/portal\/site\/familiaescola\/menuitem.5b21aabe12191ad9aacf3010b0c0e1a0\/?vgnextoid=23908039572be310VgnVCM1000008d0c1e0aRCRD&amp;vgnextchannel=23\" target=\"_blank\" rel=\"noopener\">Font<\/a>.<\/p>\n<p>Moltes organitzacions estan duent a terme projectes i accions per reduir el malbaratament alimentari, entre elles, la <a href=\"https:\/\/www.bancdelsaliments.org\/\" target=\"_blank\" rel=\"noopener\">Fundaci\u00f3 del Banc d\u2019Aliment<\/a>s o <a href=\"http:\/\/nollencemnimica.wordpress.com\/\" target=\"_blank\" rel=\"noopener\">Espai Ambiental.<\/a> \u00a0El que proposem \u00e9s sumar-nos a totes aquestes iniciatives aportant el nostre granet de sorra proposant actuacions que incideixen directament en l\u2019\u00e0mbit dom\u00e8stic, en els espais de menjador escolar, en els esplais, casals i altres \u00e0mbits de lleure, cercant la cooperaci\u00f3 dels infants i les fam\u00edlies dels nostres centres.<\/p>\n<p><span style=\"color: #339966\"><strong>TRET DE SORTIDA DE LA CAMPANYA: NOVEMBRE 2013!<\/strong><\/span><\/p>\n<p>[\/et_pb_text][\/et_pb_column][\/et_pb_row][\/et_pb_section]<\/p>\n","protected":false},"excerpt":{"rendered":"<p>Qu\u00e8 \u00e9s? La campanya cap menjar a la brossa!\u00a0\u00e9s una activitat que\u00a0s\u2019emmarca\u00a0en la\u00a0Proposta Educativa B612, per un consum\u00a0conscient i sostenible.\u00a0\u00a0T\u00e9 per\u00a0objectiu implicar els\u00a0 infants i les fam\u00edlies en una experi\u00e8ncia educativa que els permeti aportar les seves idees\u00a0per afrontar el problema del malbaratament alimentari i\u00a0per dur\u00a0a terme accions de sensibilitzaci\u00f3 a les seves\u00a0comunitats.Continguts Treballarem el [&hellip;]<\/p>\n","protected":false},"author":4,"featured_media":0,"parent":0,"menu_order":0,"comment_status":"closed","ping_status":"closed","template":"","meta":{"_et_pb_use_builder":"on","_et_pb_old_content":"<h2><span style=\"color: #339966;\"><strong>Qu\u00e8 \u00e9s la campanya Cap Menjar a la Brossa?\u00a0<\/strong><\/span><\/h2><p><a href=\"https:\/\/projectes.fundesplai.org\/capmenjaralabrossa\/wp-content\/uploads\/sites\/9\/2013\/09\/bloc-cap-menjar-a-la-brossa-11.jpg\"><img class=\"alignleft size-medium wp-image-18\" src=\"https:\/\/projectes.fundesplai.org\/capmenjaralabrossa\/wp-content\/uploads\/sites\/9\/2013\/09\/bloc-cap-menjar-a-la-brossa-11-300x235.jpg\" alt=\"bloc cap menjar a la brossa 1\" width=\"300\" height=\"235\" \/><\/a>En la l\u00ednia d\u2019engrescar-nos a <strong>fer coses junts,<\/strong> <span style=\"color: #333333;\">proposem<\/span> un projecte que pren forma de campanya de sensibilitzaci\u00f3. T\u00e9 per finalitat posar l\u2019\u00e8mfasi en fer coses conjuntament, no pas, uns al costat dels altres, no pas uns que ajuden als altres sin\u00f3 tots i totes, infants i grans, aportant capacitats per assolir un objectiu com\u00fa.<\/p><p><strong>\u00a0La campanya cap menjar a la brossa!<\/strong> T\u00e9 com a finalitat sensibilitzar petits i grans per\u00a0<strong>reduir l\u2019impacte del malbaratament alimentari.<\/strong> El malbaratament es refereix tant a totes aquelles restes de menjars cuinats que llencem com al que es fa malb\u00e9 o caduca a la nevera o al rebost i no hem pogut consumir.<\/p><p>Per qu\u00e8 ens decantem per fruita i verdura d\u2019una determinada mida, forma i color amb uns est\u00e0ndards est\u00e8tics que ens v\u00e9nen definits pel mercat, quan potser una altra pe\u00e7a m\u00e9s 'lletja' probablement ser\u00e0 igual de gustosa i nutritiva, o potser m\u00e9s? Dediquem prou temps a fer una planificaci\u00f3 acurada dels nostres \u00e0pats i les nostres compres? Sabem com conservar de manera m\u00e9s adequada cada aliment?\"<\/p><p>A Catalunya es malbaraten m\u00e9s de 260.000 tones d'aliments a l'any, mentre que el 22% de la poblaci\u00f3 catalana viu sota el llindar de la pobresa. Amb el menjar que es llen\u00e7a durant un any es podrien alimentar 500.000 persones. En diferents estudis s'ha comprovat que m\u00e9s de la meitat dels aliments que es llencen es fa a les llars (81 kg a l'any en una fam\u00edlia de dos adults i dos infants). <a href=\"http:\/\/www20.gencat.cat\/portal\/site\/familiaescola\/menuitem.5b21aabe12191ad9aacf3010b0c0e1a0\/?vgnextoid=23908039572be310VgnVCM1000008d0c1e0aRCRD&vgnextchannel=23\" target=\"_blank\" rel=\"noopener\">Font<\/a>.<\/p><p>Moltes organitzacions estan duent a terme projectes i accions per reduir el malbaratament alimentari, entre elles, la <a href=\"https:\/\/www.bancdelsaliments.org\/\" target=\"_blank\" rel=\"noopener\">Fundaci\u00f3 del Banc d\u2019Aliment<\/a>s o <a href=\"http:\/\/nollencemnimica.wordpress.com\/\" target=\"_blank\" rel=\"noopener\">Espai Ambiental.<\/a> \u00a0El que proposem \u00e9s sumar-nos a totes aquestes iniciatives aportant el nostre granet de sorra proposant actuacions que incideixen directament en l\u2019\u00e0mbit dom\u00e8stic, en els espais de menjador escolar, en els esplais, casals i altres \u00e0mbits de lleure, cercant la cooperaci\u00f3 dels infants i les fam\u00edlies dels nostres centres.<\/p><p><span style=\"color: #339966;\"><strong>TRET DE SORTIDA DE LA CAMPANYA: NOVEMBRE 2013!<\/strong><\/span><\/p>","_et_gb_content_width":"","footnotes":""},"class_list":["post-5","page","type-page","status-publish","hentry"],"yoast_head":"<!-- This site is optimized with the Yoast SEO plugin v27.6 - https:\/\/yoast.com\/product\/yoast-seo-wordpress\/ -->\n<title>Presentaci\u00f3 - Cap Menjar a la Brossa<\/title>\n<meta name=\"robots\" content=\"index, follow, max-snippet:-1, max-image-preview:large, max-video-preview:-1\" \/>\n<link rel=\"canonical\" href=\"https:\/\/fundesplai.org\/capmenjaralabrossa\/\" \/>\n<meta property=\"og:locale\" content=\"ca_ES\" \/>\n<meta property=\"og:type\" content=\"article\" \/>\n<meta property=\"og:title\" content=\"Presentaci\u00f3 - Cap Menjar a la Brossa\" \/>\n<meta property=\"og:description\" content=\"Qu\u00e8 \u00e9s? La campanya cap menjar a la brossa!\u00a0\u00e9s una activitat que\u00a0s\u2019emmarca\u00a0en la\u00a0Proposta Educativa B612, per un consum\u00a0conscient i sostenible.\u00a0\u00a0T\u00e9 per\u00a0objectiu implicar els\u00a0 infants i les fam\u00edlies en una experi\u00e8ncia educativa que els permeti aportar les seves idees\u00a0per afrontar el problema del malbaratament alimentari i\u00a0per dur\u00a0a terme accions de sensibilitzaci\u00f3 a les seves\u00a0comunitats.Continguts Treballarem el [&hellip;]\" \/>\n<meta property=\"og:url\" content=\"https:\/\/fundesplai.org\/capmenjaralabrossa\/\" \/>\n<meta property=\"og:site_name\" content=\"Cap Menjar a la Brossa\" \/>\n<meta property=\"article:modified_time\" content=\"2024-01-16T10:44:13+00:00\" \/>\n<meta property=\"og:image\" content=\"https:\/\/projectes.fundesplai.org\/capmenjaralabrossa\/wp-content\/uploads\/sites\/9\/2013\/09\/bloc-cap-menjar-a-la-brossa-11-300x235.jpg\" \/>\n<meta name=\"twitter:card\" content=\"summary_large_image\" \/>\n<meta name=\"twitter:label1\" content=\"Temps estimat de lectura\" \/>\n\t<meta name=\"twitter:data1\" content=\"5 minuts\" \/>\n<script type=\"application\/ld+json\" class=\"yoast-schema-graph\">{\"@context\":\"https:\\\/\\\/schema.org\",\"@graph\":[{\"@type\":\"WebPage\",\"@id\":\"https:\\\/\\\/fundesplai.org\\\/capmenjaralabrossa\\\/\",\"url\":\"https:\\\/\\\/fundesplai.org\\\/capmenjaralabrossa\\\/\",\"name\":\"Presentaci\u00f3 - Cap Menjar a la Brossa\",\"isPartOf\":{\"@id\":\"https:\\\/\\\/fundesplai.org\\\/capmenjaralabrossa\\\/#website\"},\"primaryImageOfPage\":{\"@id\":\"https:\\\/\\\/fundesplai.org\\\/capmenjaralabrossa\\\/#primaryimage\"},\"image\":{\"@id\":\"https:\\\/\\\/fundesplai.org\\\/capmenjaralabrossa\\\/#primaryimage\"},\"thumbnailUrl\":\"https:\\\/\\\/projectes.fundesplai.org\\\/capmenjaralabrossa\\\/wp-content\\\/uploads\\\/sites\\\/9\\\/2013\\\/09\\\/bloc-cap-menjar-a-la-brossa-11-300x235.jpg\",\"datePublished\":\"2013-07-16T10:19:43+00:00\",\"dateModified\":\"2024-01-16T10:44:13+00:00\",\"breadcrumb\":{\"@id\":\"https:\\\/\\\/fundesplai.org\\\/capmenjaralabrossa\\\/#breadcrumb\"},\"inLanguage\":\"ca\",\"potentialAction\":[{\"@type\":\"ReadAction\",\"target\":[\"https:\\\/\\\/fundesplai.org\\\/capmenjaralabrossa\\\/\"]}]},{\"@type\":\"ImageObject\",\"inLanguage\":\"ca\",\"@id\":\"https:\\\/\\\/fundesplai.org\\\/capmenjaralabrossa\\\/#primaryimage\",\"url\":\"https:\\\/\\\/projectes.fundesplai.org\\\/capmenjaralabrossa\\\/wp-content\\\/uploads\\\/sites\\\/9\\\/2013\\\/09\\\/bloc-cap-menjar-a-la-brossa-11-300x235.jpg\",\"contentUrl\":\"https:\\\/\\\/projectes.fundesplai.org\\\/capmenjaralabrossa\\\/wp-content\\\/uploads\\\/sites\\\/9\\\/2013\\\/09\\\/bloc-cap-menjar-a-la-brossa-11-300x235.jpg\"},{\"@type\":\"BreadcrumbList\",\"@id\":\"https:\\\/\\\/fundesplai.org\\\/capmenjaralabrossa\\\/#breadcrumb\",\"itemListElement\":[{\"@type\":\"ListItem\",\"position\":1,\"name\":\"Inici\",\"item\":\"\\\/\"},{\"@type\":\"ListItem\",\"position\":2,\"name\":\"Cap Menjar a la Brossa\",\"item\":\"https:\\\/\\\/fundesplai.org\\\/capmenjaralabrossa\"},{\"@type\":\"ListItem\",\"position\":3,\"name\":\"Presentaci\u00f3\"}]},{\"@type\":\"WebSite\",\"@id\":\"https:\\\/\\\/fundesplai.org\\\/capmenjaralabrossa\\\/#website\",\"url\":\"https:\\\/\\\/fundesplai.org\\\/capmenjaralabrossa\\\/\",\"name\":\"Cap Menjar a la Brossa\",\"description\":\"Proposta educativa de Fundesplai\",\"potentialAction\":[{\"@type\":\"SearchAction\",\"target\":{\"@type\":\"EntryPoint\",\"urlTemplate\":\"https:\\\/\\\/fundesplai.org\\\/capmenjaralabrossa\\\/?s={search_term_string}\"},\"query-input\":{\"@type\":\"PropertyValueSpecification\",\"valueRequired\":true,\"valueName\":\"search_term_string\"}}],\"inLanguage\":\"ca\"}]}<\/script>\n<!-- \/ Yoast SEO plugin. -->","yoast_head_json":{"title":"Presentaci\u00f3 - Cap Menjar a la Brossa","robots":{"index":"index","follow":"follow","max-snippet":"max-snippet:-1","max-image-preview":"max-image-preview:large","max-video-preview":"max-video-preview:-1"},"canonical":"https:\/\/fundesplai.org\/capmenjaralabrossa\/","og_locale":"ca_ES","og_type":"article","og_title":"Presentaci\u00f3 - Cap Menjar a la Brossa","og_description":"Qu\u00e8 \u00e9s? La campanya cap menjar a la brossa!\u00a0\u00e9s una activitat que\u00a0s\u2019emmarca\u00a0en la\u00a0Proposta Educativa B612, per un consum\u00a0conscient i sostenible.\u00a0\u00a0T\u00e9 per\u00a0objectiu implicar els\u00a0 infants i les fam\u00edlies en una experi\u00e8ncia educativa que els permeti aportar les seves idees\u00a0per afrontar el problema del malbaratament alimentari i\u00a0per dur\u00a0a terme accions de sensibilitzaci\u00f3 a les seves\u00a0comunitats.Continguts Treballarem el [&hellip;]","og_url":"https:\/\/fundesplai.org\/capmenjaralabrossa\/","og_site_name":"Cap Menjar a la Brossa","article_modified_time":"2024-01-16T10:44:13+00:00","og_image":[{"url":"https:\/\/projectes.fundesplai.org\/capmenjaralabrossa\/wp-content\/uploads\/sites\/9\/2013\/09\/bloc-cap-menjar-a-la-brossa-11-300x235.jpg","type":"","width":"","height":""}],"twitter_card":"summary_large_image","twitter_misc":{"Temps estimat de lectura":"5 minuts"},"schema":{"@context":"https:\/\/schema.org","@graph":[{"@type":"WebPage","@id":"https:\/\/fundesplai.org\/capmenjaralabrossa\/","url":"https:\/\/fundesplai.org\/capmenjaralabrossa\/","name":"Presentaci\u00f3 - Cap Menjar a la Brossa","isPartOf":{"@id":"https:\/\/fundesplai.org\/capmenjaralabrossa\/#website"},"primaryImageOfPage":{"@id":"https:\/\/fundesplai.org\/capmenjaralabrossa\/#primaryimage"},"image":{"@id":"https:\/\/fundesplai.org\/capmenjaralabrossa\/#primaryimage"},"thumbnailUrl":"https:\/\/projectes.fundesplai.org\/capmenjaralabrossa\/wp-content\/uploads\/sites\/9\/2013\/09\/bloc-cap-menjar-a-la-brossa-11-300x235.jpg","datePublished":"2013-07-16T10:19:43+00:00","dateModified":"2024-01-16T10:44:13+00:00","breadcrumb":{"@id":"https:\/\/fundesplai.org\/capmenjaralabrossa\/#breadcrumb"},"inLanguage":"ca","potentialAction":[{"@type":"ReadAction","target":["https:\/\/fundesplai.org\/capmenjaralabrossa\/"]}]},{"@type":"ImageObject","inLanguage":"ca","@id":"https:\/\/fundesplai.org\/capmenjaralabrossa\/#primaryimage","url":"https:\/\/projectes.fundesplai.org\/capmenjaralabrossa\/wp-content\/uploads\/sites\/9\/2013\/09\/bloc-cap-menjar-a-la-brossa-11-300x235.jpg","contentUrl":"https:\/\/projectes.fundesplai.org\/capmenjaralabrossa\/wp-content\/uploads\/sites\/9\/2013\/09\/bloc-cap-menjar-a-la-brossa-11-300x235.jpg"},{"@type":"BreadcrumbList","@id":"https:\/\/fundesplai.org\/capmenjaralabrossa\/#breadcrumb","itemListElement":[{"@type":"ListItem","position":1,"name":"Inici","item":"\/"},{"@type":"ListItem","position":2,"name":"Cap Menjar a la Brossa","item":"https:\/\/fundesplai.org\/capmenjaralabrossa"},{"@type":"ListItem","position":3,"name":"Presentaci\u00f3"}]},{"@type":"WebSite","@id":"https:\/\/fundesplai.org\/capmenjaralabrossa\/#website","url":"https:\/\/fundesplai.org\/capmenjaralabrossa\/","name":"Cap Menjar a la Brossa","description":"Proposta educativa de Fundesplai","potentialAction":[{"@type":"SearchAction","target":{"@type":"EntryPoint","urlTemplate":"https:\/\/fundesplai.org\/capmenjaralabrossa\/?s={search_term_string}"},"query-input":{"@type":"PropertyValueSpecification","valueRequired":true,"valueName":"search_term_string"}}],"inLanguage":"ca"}]}},"_links":{"self":[{"href":"https:\/\/fundesplai.org\/capmenjaralabrossa\/wp-json\/wp\/v2\/pages\/5","targetHints":{"allow":["GET"]}}],"collection":[{"href":"https:\/\/fundesplai.org\/capmenjaralabrossa\/wp-json\/wp\/v2\/pages"}],"about":[{"href":"https:\/\/fundesplai.org\/capmenjaralabrossa\/wp-json\/wp\/v2\/types\/page"}],"author":[{"embeddable":true,"href":"https:\/\/fundesplai.org\/capmenjaralabrossa\/wp-json\/wp\/v2\/users\/4"}],"replies":[{"embeddable":true,"href":"https:\/\/fundesplai.org\/capmenjaralabrossa\/wp-json\/wp\/v2\/comments?post=5"}],"version-history":[{"count":9,"href":"https:\/\/fundesplai.org\/capmenjaralabrossa\/wp-json\/wp\/v2\/pages\/5\/revisions"}],"predecessor-version":[{"id":846,"href":"https:\/\/fundesplai.org\/capmenjaralabrossa\/wp-json\/wp\/v2\/pages\/5\/revisions\/846"}],"wp:attachment":[{"href":"https:\/\/fundesplai.org\/capmenjaralabrossa\/wp-json\/wp\/v2\/media?parent=5"}],"curies":[{"name":"wp","href":"https:\/\/api.w.org\/{rel}","templated":true}]}}