{"id":972,"date":"2015-09-01T20:21:42","date_gmt":"2015-09-01T18:21:42","guid":{"rendered":"http:\/\/projectes.fundesplai.org\/camins\/?page_id=972"},"modified":"2015-09-01T20:21:42","modified_gmt":"2015-09-01T18:21:42","slug":"reptes-col%c2%b7lectius","status":"publish","type":"page","link":"https:\/\/fundesplai.org\/camins\/reptes-col%c2%b7lectius\/","title":{"rendered":"Reptes col\u00b7lectius"},"content":{"rendered":"<p>[et_pb_section fullwidth=&#8221;on&#8221; specialty=&#8221;off&#8221;][et_pb_fullwidth_slider admin_label=&#8221;Fotos Slide de la Portada&#8221; show_arrows=&#8221;on&#8221; show_pagination=&#8221;on&#8221; auto=&#8221;on&#8221; parallax=&#8221;off&#8221; parallax_method=&#8221;off&#8221; remove_inner_shadow=&#8221;off&#8221; background_position=&#8221;default&#8221; background_size=&#8221;default&#8221; hide_content_on_mobile=&#8221;off&#8221; hide_cta_on_mobile=&#8221;off&#8221; show_image_video_mobile=&#8221;off&#8221; custom_button=&#8221;off&#8221; button_letter_spacing=&#8221;0&#8243; button_use_icon=&#8221;default&#8221; button_icon_placement=&#8221;right&#8221; button_on_hover=&#8221;on&#8221; button_letter_spacing_hover=&#8221;0&#8243; auto_ignore_hover=&#8221;off&#8221;] [et_pb_slide heading=&#8221;REPTES COL\u00b7LECTIUS&#8221; background_color=&#8221;#ffffff&#8221; alignment=&#8221;center&#8221; background_layout=&#8221;dark&#8221; background_image=&#8221;https:\/\/fundesplai.org\/camins\/wp-content\/uploads\/sites\/16\/2015\/07\/Lexcursionisme_a_lesplai.jpg&#8221; background_position=&#8221;default&#8221; background_size=&#8221;default&#8221; allow_player_pause=&#8221;off&#8221; header_font_select=&#8221;default&#8221; body_font_select=&#8221;default&#8221; custom_button=&#8221;off&#8221; button_font_select=&#8221;default&#8221; button_use_icon=&#8221;default&#8221; button_icon_placement=&#8221;right&#8221; button_on_hover=&#8221;on&#8221; header_font=&#8221;|on|||&#8221;] [\/et_pb_slide] [\/et_pb_fullwidth_slider][\/et_pb_section][et_pb_section fullwidth=&#8221;off&#8221; specialty=&#8221;off&#8221;][et_pb_row][et_pb_column type=&#8221;4_4&#8243;][et_pb_text admin_label=&#8221;Text&#8221; background_layout=&#8221;light&#8221; text_orientation=&#8221;left&#8221; use_border_color=&#8221;off&#8221; border_color=&#8221;#ffffff&#8221; border_style=&#8221;solid&#8221;]<\/p>\n<h2>Reptes col\u00b7lectius<\/h2>\n<p>Lorem Ipsum es simplemente el texto de relleno de las imprentas y archivos de texto. Lorem Ipsum ha sido el texto de relleno est\u00e1ndar de las industrias desde el a\u00f1o 1500, cuando un impresor (N. del T. persona que se dedica a la imprenta) desconocido us\u00f3 una galer\u00eda de textos y los mezcl\u00f3 de tal manera que logr\u00f3 hacer un libro de textos especimen. No s\u00f3lo sobrevivi\u00f3 500 a\u00f1os, sino que tambien ingres\u00f3 como texto de relleno en documentos electr\u00f3nicos, quedando esencialmente igual al original. Fue popularizado en los 60s con la creaci\u00f3n de las hojas &#8220;Letraset&#8221;, las cuales contenian pasajes de Lorem Ipsum, y m\u00e1s recientemente con software de autoedici\u00f3n, como por ejemplo Aldus PageMaker, el cual incluye versiones de Lorem Ipsum.<br \/>\n[\/et_pb_text][\/et_pb_column][\/et_pb_row][\/et_pb_section][et_pb_section fullwidth=&#8221;off&#8221; specialty=&#8221;off&#8221;][et_pb_row][et_pb_column type=&#8221;1_2&#8243;][et_pb_image admin_label=&#8221;Image&#8221; src=&#8221;https:\/\/fundesplai.org\/camins\/wp-content\/uploads\/sites\/16\/2015\/07\/Lexcursionisme_a_lesplai.jpg&#8221; show_in_lightbox=&#8221;off&#8221; url_new_window=&#8221;off&#8221; animation=&#8221;left&#8221; sticky=&#8221;off&#8221; align=&#8221;left&#8221; force_fullwidth=&#8221;off&#8221; always_center_on_mobile=&#8221;on&#8221; use_border_color=&#8221;off&#8221; border_color=&#8221;#ffffff&#8221; border_style=&#8221;solid&#8221;] [\/et_pb_image][\/et_pb_column][et_pb_column type=&#8221;1_2&#8243;][et_pb_blurb admin_label=&#8221;Blurb&#8221; title=&#8221;100 fitxes d&#8217;excursions&#8221; url_new_window=&#8221;off&#8221; use_icon=&#8221;off&#8221; icon_color=&#8221;#008751&#8243; use_circle=&#8221;off&#8221; circle_color=&#8221;#008751&#8243; use_circle_border=&#8221;off&#8221; circle_border_color=&#8221;#008751&#8243; icon_placement=&#8221;top&#8221; animation=&#8221;top&#8221; background_layout=&#8221;light&#8221; text_orientation=&#8221;left&#8221; use_icon_font_size=&#8221;off&#8221; use_border_color=&#8221;off&#8221; border_color=&#8221;#ffffff&#8221; border_style=&#8221;solid&#8221;]<br \/>\n<strong>Lorem Ipsum<\/strong> es simplemente el texto de relleno de las imprentas y archivos de texto. Lorem Ipsum ha sido el texto de relleno est\u00e1ndar de las industrias desde el a\u00f1o 1500, cuando un impresor (N. del T. persona que se dedica a la imprenta) desconocido us\u00f3 una galer\u00eda de textos y los mezcl\u00f3 de tal manera que logr\u00f3 hacer un libro de textos especimen.<br \/>\n&nbsp;<br \/>\n&nbsp;<br \/>\n&nbsp;<br \/>\n<a href='#' class='big-button biggreen'>Accedir<\/a><br \/>\n&nbsp;<br \/>\n[\/et_pb_blurb][\/et_pb_column][\/et_pb_row][\/et_pb_section][et_pb_section fullwidth=&#8221;off&#8221; specialty=&#8221;off&#8221;][et_pb_row][et_pb_column type=&#8221;1_2&#8243;][et_pb_image admin_label=&#8221;Image&#8221; src=&#8221;https:\/\/fundesplai.org\/camins\/wp-content\/uploads\/sites\/16\/2015\/09\/20_cims_simultanis.jpg&#8221; show_in_lightbox=&#8221;off&#8221; url_new_window=&#8221;off&#8221; animation=&#8221;left&#8221; sticky=&#8221;off&#8221; align=&#8221;left&#8221; force_fullwidth=&#8221;off&#8221; always_center_on_mobile=&#8221;on&#8221; use_border_color=&#8221;off&#8221; border_color=&#8221;#ffffff&#8221; border_style=&#8221;solid&#8221;] [\/et_pb_image][\/et_pb_column][et_pb_column type=&#8221;1_2&#8243;][et_pb_blurb admin_label=&#8221;Blurb&#8221; title=&#8221;20 anys &#8211; 20 Cims&#8221; url_new_window=&#8221;off&#8221; use_icon=&#8221;off&#8221; icon_color=&#8221;#008751&#8243; use_circle=&#8221;off&#8221; circle_color=&#8221;#008751&#8243; use_circle_border=&#8221;off&#8221; circle_border_color=&#8221;#008751&#8243; icon_placement=&#8221;top&#8221; animation=&#8221;top&#8221; background_layout=&#8221;light&#8221; text_orientation=&#8221;left&#8221; use_icon_font_size=&#8221;off&#8221; use_border_color=&#8221;off&#8221; border_color=&#8221;#ffffff&#8221; border_style=&#8221;solid&#8221;]<br \/>\n<strong>Lorem Ipsum<\/strong> es simplemente el texto de relleno de las imprentas y archivos de texto. Lorem Ipsum ha sido el texto de relleno est\u00e1ndar de las industrias desde el a\u00f1o 1500, cuando un impresor (N. del T. persona que se dedica a la imprenta) desconocido us\u00f3 una galer\u00eda de textos y los mezcl\u00f3 de tal manera que logr\u00f3 hacer un libro de textos especimen.<br \/>\n&nbsp;<br \/>\n&nbsp;<br \/>\n&nbsp;<br \/>\n<a href='#' class='big-button biggreen'>Accedir<\/a><br \/>\n&nbsp;<br \/>\n[\/et_pb_blurb][\/et_pb_column][\/et_pb_row][\/et_pb_section][et_pb_section fullwidth=&#8221;on&#8221; specialty=&#8221;off&#8221; background_color=&#8221;#ffffff&#8221; inner_shadow=&#8221;off&#8221; parallax=&#8221;off&#8221; transparent_background=&#8221;on&#8221; allow_player_pause=&#8221;off&#8221; parallax_method=&#8221;off&#8221; padding_mobile=&#8221;off&#8221; make_fullwidth=&#8221;off&#8221; use_custom_width=&#8221;off&#8221; width_unit=&#8221;on&#8221; make_equal=&#8221;off&#8221; use_custom_gutter=&#8221;off&#8221;][et_pb_fullwidth_slider admin_label=&#8221;Fullwidth Slider&#8221; show_arrows=&#8221;on&#8221; show_pagination=&#8221;on&#8221; auto=&#8221;off&#8221; parallax=&#8221;off&#8221; parallax_method=&#8221;off&#8221; remove_inner_shadow=&#8221;off&#8221; background_position=&#8221;default&#8221; background_size=&#8221;default&#8221; hide_content_on_mobile=&#8221;off&#8221; hide_cta_on_mobile=&#8221;off&#8221; show_image_video_mobile=&#8221;off&#8221; custom_button=&#8221;off&#8221; button_letter_spacing=&#8221;0&#8243; button_use_icon=&#8221;default&#8221; button_icon_placement=&#8221;right&#8221; button_on_hover=&#8221;on&#8221; button_letter_spacing_hover=&#8221;0&#8243; auto_ignore_hover=&#8221;off&#8221;] [et_pb_slide heading=&#8221;Un altre prova&#8221; button_text=&#8221;Accedir&#8221; button_link=&#8221;#&#8221; background_color=&#8221;#ffffff&#8221; alignment=&#8221;center&#8221; background_layout=&#8221;light&#8221; background_position=&#8221;default&#8221; background_size=&#8221;default&#8221; allow_player_pause=&#8221;off&#8221; header_font_select=&#8221;default&#8221; body_font_select=&#8221;default&#8221; custom_button=&#8221;off&#8221; button_font_select=&#8221;default&#8221; button_use_icon=&#8221;default&#8221; button_icon_placement=&#8221;right&#8221; button_on_hover=&#8221;on&#8221; image=&#8221;https:\/\/projectes.fundesplai.org\/camins\/wp-content\/uploads\/sites\/45\/2015\/07\/repte1.jpg&#8221;]<br \/>\nAssolir la gran fita de <strong>ressenyar 100 excursions<\/strong> amb l\u2019ajut del GPS. M\u00e9s ressenyes per facilitar la tria i la planificaci\u00f3 de les excursions.<br \/>\n[\/et_pb_slide] [\/et_pb_fullwidth_slider][\/et_pb_section][et_pb_section fullwidth=&#8221;off&#8221; specialty=&#8221;off&#8221;][et_pb_row][et_pb_column type=&#8221;4_4&#8243;][et_pb_testimonial admin_label=&#8221;Testimonial&#8221; author=&#8221;Xavier Bailac&#8221; job_title=&#8221;Espe\u00f2leg&#8221; company_name=&#8221;Reptes i fites&#8221; url_new_window=&#8221;off&#8221; portrait_url=&#8221;https:\/\/fundesplai.org\/camins\/wp-content\/uploads\/sites\/16\/2015\/07\/team-member-1.jpg&#8221; quote_icon=&#8221;on&#8221; use_background_color=&#8221;on&#8221; background_color=&#8221;#f5f5f5&#8243; background_layout=&#8221;light&#8221; text_orientation=&#8221;left&#8221; use_border_color=&#8221;off&#8221; border_color=&#8221;#ffffff&#8221; border_style=&#8221;solid&#8221;]<br \/>\n<strong>Lorem Ipsum<\/strong> es simplemente el texto de relleno de las imprentas y archivos de texto. Lorem Ipsum ha sido el texto de relleno est\u00e1ndar de las industrias desde el a\u00f1o 1500, cuando un impresor (N. del T. persona que se dedica a la imprenta) desconocido us\u00f3 una galer\u00eda de textos .<br \/>\n[\/et_pb_testimonial][\/et_pb_column][\/et_pb_row][\/et_pb_section]<\/p>\n","protected":false},"excerpt":{"rendered":"<p><div class=\"et_pb_row et_pb_row_0 et_pb_row_empty\">\n\t\t\t\t\n\t\t\t\t\n\t\t\t\t\n\t\t\t\t\n\t\t\t\t\n\t\t\t<\/div> Reptes col\u00b7lectius Lorem Ipsum es simplemente el texto de relleno de las imprentas y archivos de texto. Lorem Ipsum ha sido el texto de relleno est\u00e1ndar de las industrias desde el a\u00f1o 1500, cuando un impresor (N. del T. persona que se dedica a la imprenta) desconocido us\u00f3 una galer\u00eda de textos y los [&hellip;]<\/p>\n","protected":false},"author":4,"featured_media":0,"parent":0,"menu_order":0,"comment_status":"closed","ping_status":"closed","template":"","meta":{"_et_pb_use_builder":"on","_et_pb_old_content":"","_et_gb_content_width":"","footnotes":""},"class_list":["post-972","page","type-page","status-publish","hentry"],"yoast_head":"<!-- This site is optimized with the Yoast SEO plugin v27.4 - https:\/\/yoast.com\/product\/yoast-seo-wordpress\/ -->\n<title>Reptes col\u00b7lectius - Camins<\/title>\n<meta name=\"robots\" content=\"index, follow, max-snippet:-1, max-image-preview:large, max-video-preview:-1\" \/>\n<link rel=\"canonical\" href=\"https:\/\/fundesplai.org\/camins\/reptes-col\u00b7lectius\/\" \/>\n<meta property=\"og:locale\" content=\"ca_ES\" \/>\n<meta property=\"og:type\" content=\"article\" \/>\n<meta property=\"og:title\" content=\"Reptes col\u00b7lectius - Camins\" \/>\n<meta property=\"og:description\" content=\"Reptes col\u00b7lectius Lorem Ipsum es simplemente el texto de relleno de las imprentas y archivos de texto. Lorem Ipsum ha sido el texto de relleno est\u00e1ndar de las industrias desde el a\u00f1o 1500, cuando un impresor (N. del T. persona que se dedica a la imprenta) desconocido us\u00f3 una galer\u00eda de textos y los [&hellip;]\" \/>\n<meta property=\"og:url\" content=\"https:\/\/fundesplai.org\/camins\/reptes-col\u00b7lectius\/\" \/>\n<meta property=\"og:site_name\" content=\"Camins\" \/>\n<meta name=\"twitter:card\" content=\"summary_large_image\" \/>\n<meta name=\"twitter:label1\" content=\"Temps estimat de lectura\" \/>\n\t<meta name=\"twitter:data1\" content=\"6 minuts\" \/>\n<script type=\"application\/ld+json\" class=\"yoast-schema-graph\">{\"@context\":\"https:\\\/\\\/schema.org\",\"@graph\":[{\"@type\":\"WebPage\",\"@id\":\"https:\\\/\\\/fundesplai.org\\\/camins\\\/reptes-col%c2%b7lectius\\\/\",\"url\":\"https:\\\/\\\/fundesplai.org\\\/camins\\\/reptes-col%c2%b7lectius\\\/\",\"name\":\"Reptes col\u00b7lectius - Camins\",\"isPartOf\":{\"@id\":\"https:\\\/\\\/fundesplai.org\\\/camins\\\/#website\"},\"datePublished\":\"2015-09-01T18:21:42+00:00\",\"breadcrumb\":{\"@id\":\"https:\\\/\\\/fundesplai.org\\\/camins\\\/reptes-col%c2%b7lectius\\\/#breadcrumb\"},\"inLanguage\":\"ca\",\"potentialAction\":[{\"@type\":\"ReadAction\",\"target\":[\"https:\\\/\\\/fundesplai.org\\\/camins\\\/reptes-col%c2%b7lectius\\\/\"]}]},{\"@type\":\"BreadcrumbList\",\"@id\":\"https:\\\/\\\/fundesplai.org\\\/camins\\\/reptes-col%c2%b7lectius\\\/#breadcrumb\",\"itemListElement\":[{\"@type\":\"ListItem\",\"position\":1,\"name\":\"Inici\",\"item\":\"\\\/\"},{\"@type\":\"ListItem\",\"position\":2,\"name\":\"Camins\",\"item\":\"https:\\\/\\\/fundesplai.org\\\/camins\"},{\"@type\":\"ListItem\",\"position\":3,\"name\":\"Reptes col\u00b7lectius\"}]},{\"@type\":\"WebSite\",\"@id\":\"https:\\\/\\\/fundesplai.org\\\/camins\\\/#website\",\"url\":\"https:\\\/\\\/fundesplai.org\\\/camins\\\/\",\"name\":\"Camins\",\"description\":\"Proposta educativa de Fundesplai\",\"potentialAction\":[{\"@type\":\"SearchAction\",\"target\":{\"@type\":\"EntryPoint\",\"urlTemplate\":\"https:\\\/\\\/fundesplai.org\\\/camins\\\/?s={search_term_string}\"},\"query-input\":{\"@type\":\"PropertyValueSpecification\",\"valueRequired\":true,\"valueName\":\"search_term_string\"}}],\"inLanguage\":\"ca\"}]}<\/script>\n<!-- \/ Yoast SEO plugin. -->","yoast_head_json":{"title":"Reptes col\u00b7lectius - Camins","robots":{"index":"index","follow":"follow","max-snippet":"max-snippet:-1","max-image-preview":"max-image-preview:large","max-video-preview":"max-video-preview:-1"},"canonical":"https:\/\/fundesplai.org\/camins\/reptes-col\u00b7lectius\/","og_locale":"ca_ES","og_type":"article","og_title":"Reptes col\u00b7lectius - Camins","og_description":"Reptes col\u00b7lectius Lorem Ipsum es simplemente el texto de relleno de las imprentas y archivos de texto. Lorem Ipsum ha sido el texto de relleno est\u00e1ndar de las industrias desde el a\u00f1o 1500, cuando un impresor (N. del T. persona que se dedica a la imprenta) desconocido us\u00f3 una galer\u00eda de textos y los [&hellip;]","og_url":"https:\/\/fundesplai.org\/camins\/reptes-col\u00b7lectius\/","og_site_name":"Camins","twitter_card":"summary_large_image","twitter_misc":{"Temps estimat de lectura":"6 minuts"},"schema":{"@context":"https:\/\/schema.org","@graph":[{"@type":"WebPage","@id":"https:\/\/fundesplai.org\/camins\/reptes-col%c2%b7lectius\/","url":"https:\/\/fundesplai.org\/camins\/reptes-col%c2%b7lectius\/","name":"Reptes col\u00b7lectius - Camins","isPartOf":{"@id":"https:\/\/fundesplai.org\/camins\/#website"},"datePublished":"2015-09-01T18:21:42+00:00","breadcrumb":{"@id":"https:\/\/fundesplai.org\/camins\/reptes-col%c2%b7lectius\/#breadcrumb"},"inLanguage":"ca","potentialAction":[{"@type":"ReadAction","target":["https:\/\/fundesplai.org\/camins\/reptes-col%c2%b7lectius\/"]}]},{"@type":"BreadcrumbList","@id":"https:\/\/fundesplai.org\/camins\/reptes-col%c2%b7lectius\/#breadcrumb","itemListElement":[{"@type":"ListItem","position":1,"name":"Inici","item":"\/"},{"@type":"ListItem","position":2,"name":"Camins","item":"https:\/\/fundesplai.org\/camins"},{"@type":"ListItem","position":3,"name":"Reptes col\u00b7lectius"}]},{"@type":"WebSite","@id":"https:\/\/fundesplai.org\/camins\/#website","url":"https:\/\/fundesplai.org\/camins\/","name":"Camins","description":"Proposta educativa de Fundesplai","potentialAction":[{"@type":"SearchAction","target":{"@type":"EntryPoint","urlTemplate":"https:\/\/fundesplai.org\/camins\/?s={search_term_string}"},"query-input":{"@type":"PropertyValueSpecification","valueRequired":true,"valueName":"search_term_string"}}],"inLanguage":"ca"}]}},"_links":{"self":[{"href":"https:\/\/fundesplai.org\/camins\/wp-json\/wp\/v2\/pages\/972","targetHints":{"allow":["GET"]}}],"collection":[{"href":"https:\/\/fundesplai.org\/camins\/wp-json\/wp\/v2\/pages"}],"about":[{"href":"https:\/\/fundesplai.org\/camins\/wp-json\/wp\/v2\/types\/page"}],"author":[{"embeddable":true,"href":"https:\/\/fundesplai.org\/camins\/wp-json\/wp\/v2\/users\/4"}],"replies":[{"embeddable":true,"href":"https:\/\/fundesplai.org\/camins\/wp-json\/wp\/v2\/comments?post=972"}],"version-history":[{"count":0,"href":"https:\/\/fundesplai.org\/camins\/wp-json\/wp\/v2\/pages\/972\/revisions"}],"wp:attachment":[{"href":"https:\/\/fundesplai.org\/camins\/wp-json\/wp\/v2\/media?parent=972"}],"curies":[{"name":"wp","href":"https:\/\/api.w.org\/{rel}","templated":true}]}}