{"id":5,"date":"2021-08-10T11:03:39","date_gmt":"2021-08-10T09:03:39","guid":{"rendered":"https:\/\/fundesplai.org\/barrinem\/?page_id=5"},"modified":"2025-07-30T12:05:51","modified_gmt":"2025-07-30T10:05:51","slug":"barrinem","status":"publish","type":"page","link":"https:\/\/fundesplai.org\/barrinem\/","title":{"rendered":"Presentaci\u00f3"},"content":{"rendered":"<p>[et_pb_section fb_built=&#8221;1&#8243; fullwidth=&#8221;on&#8221; _builder_version=&#8221;4.19.0&#8243; _module_preset=&#8221;default&#8221; global_colors_info=&#8221;{}&#8221;][et_pb_fullwidth_image src=&#8221;https:\/\/fundesplai.org\/barrinem\/wp-content\/uploads\/sites\/7\/2023\/02\/portada_barrinem.jpg&#8221; title_text=&#8221;portada_barrinem&#8221; _builder_version=&#8221;4.19.0&#8243; _module_preset=&#8221;default&#8221; global_colors_info=&#8221;{}&#8221;][\/et_pb_fullwidth_image][\/et_pb_section][et_pb_section fb_built=&#8221;1&#8243; _builder_version=&#8221;4.19.0&#8243; _module_preset=&#8221;default&#8221; global_colors_info=&#8221;{}&#8221;][et_pb_row _builder_version=&#8221;4.19.0&#8243; _module_preset=&#8221;default&#8221; global_colors_info=&#8221;{}&#8221;][et_pb_column type=&#8221;4_4&#8243; _builder_version=&#8221;4.19.0&#8243; _module_preset=&#8221;default&#8221; global_colors_info=&#8221;{}&#8221;][et_pb_text _builder_version=&#8221;4.19.0&#8243; _module_preset=&#8221;default&#8221; global_colors_info=&#8221;{}&#8221;]<\/p>\n<h2 style=\"text-align: center\">Qu\u00e8 \u00e9s?<\/h2>\n<p style=\"text-align: center\"><strong><em>Barrinem. Una proposta educativa pel civisme i la conviv\u00e8ncia<\/em><\/strong>\u00a0\u00e9s la nova proposta educativa de la Federaci\u00f3 Catalana de l\u2019Esplai per al curs 2008-09. \u00c9s una eina per a la intervenci\u00f3 en el lleure dels infants i joves que t\u00e9 per objectiu principal despertar actituds de responsabilitat i comprom\u00eds a partir de la realitzaci\u00f3 d\u2019activitats variades.<\/p>\n<p>[\/et_pb_text][et_pb_button button_url=&#8221;https:\/\/fundesplai.org\/barrinem\/wp-content\/uploads\/sites\/7\/2023\/09\/proposta_barrinem_2008.pdf&#8221; url_new_window=&#8221;on&#8221; button_text=&#8221;Descarrega&#8217;t el quadern pedag\u00f2gic&#8221; button_alignment=&#8221;center&#8221; admin_label=&#8221;bot\u00f3 Descarrega&#8217;t el quadern pedag\u00f2gic&#8221; _builder_version=&#8221;4.27.4&#8243; _module_preset=&#8221;default&#8221; custom_margin=&#8221;30px||30px||false|false&#8221; locked=&#8221;off&#8221; global_colors_info=&#8221;{}&#8221;][\/et_pb_button][\/et_pb_column][\/et_pb_row][\/et_pb_section][et_pb_section fb_built=&#8221;1&#8243; _builder_version=&#8221;4.17.4&#8243; _module_preset=&#8221;default&#8221; locked=&#8221;off&#8221; global_colors_info=&#8221;{}&#8221;][et_pb_row _builder_version=&#8221;4.17.4&#8243; _module_preset=&#8221;default&#8221; locked=&#8221;off&#8221; global_colors_info=&#8221;{}&#8221;][et_pb_column type=&#8221;4_4&#8243; _builder_version=&#8221;4.17.4&#8243; _module_preset=&#8221;default&#8221; global_colors_info=&#8221;{}&#8221;][et_pb_text admin_label=&#8221;Objectius&#8221; _builder_version=&#8221;4.19.0&#8243; _module_preset=&#8221;default&#8221; custom_margin=&#8221;40px||30px||false|false&#8221; global_colors_info=&#8221;{}&#8221;]<\/p>\n<h2>Objectius de la proposta<\/h2>\n<p>Els objectius educatius generals de la proposta \u00c0gora s\u2019articulen al voltant dels quatre valors humans de la Fundaci\u00f3 Catalana de l\u2019Esplai:<\/p>\n<p>[\/et_pb_text][\/et_pb_column][\/et_pb_row][et_pb_row column_structure=&#8221;1_2,1_2&#8243; use_custom_gutter=&#8221;on&#8221; gutter_width=&#8221;4&#8243; module_class=&#8221;graella-icona-circular-giratoria&#8221; _builder_version=&#8221;4.17.4&#8243; locked=&#8221;off&#8221; global_colors_info=&#8221;{}&#8221;][et_pb_column type=&#8221;1_2&#8243; _builder_version=&#8221;4.16&#8243; custom_padding=&#8221;|||&#8221; global_colors_info=&#8221;{}&#8221; custom_padding__hover=&#8221;|||&#8221;][et_pb_blurb title=&#8221;Utopia&#8221; use_icon=&#8221;on&#8221; font_icon=&#8221;&#xf7f5;||fa||900&#8243; icon_color=&#8221;#333333&#8243; icon_placement=&#8221;left&#8221; _builder_version=&#8221;4.19.0&#8243; custom_margin=&#8221;||0px|&#8221; z_index_tablet=&#8221;500&#8243; global_colors_info=&#8221;{}&#8221;]<\/p>\n<p><strong>Desitjar un m\u00f3n millor i contribuir a millorar-lo<\/strong>, trobant sentit a assumir la pr\u00f2pia responsabilitat i comprom\u00eds amb la societat, en particular amb l\u2019entorn immediat. Recon\u00e8ixer les injust\u00edcies, identificar les causes i ser cr\u00edtics a l\u2019hora de valorar les diferents solucions.<\/p>\n<p>[\/et_pb_blurb][\/et_pb_column][et_pb_column type=&#8221;1_2&#8243; _builder_version=&#8221;4.16&#8243; custom_padding=&#8221;|||&#8221; global_colors_info=&#8221;{}&#8221; custom_padding__hover=&#8221;|||&#8221;][et_pb_blurb title=&#8221;Iniciativa&#8221; use_icon=&#8221;on&#8221; font_icon=&#8221;&#xf255;||fa||900&#8243; icon_color=&#8221;#333333&#8243; icon_placement=&#8221;left&#8221; _builder_version=&#8221;4.19.0&#8243; custom_margin=&#8221;||0px|&#8221; z_index_tablet=&#8221;500&#8243; global_colors_info=&#8221;{}&#8221;]<\/p>\n<p><strong>Ser i sentir-se protagonistes d\u2019accions concretes de millora de l\u2019entorn, de la conviv\u00e8ncia i la cohesi\u00f3 social, fent front als reptes amb imaginaci\u00f3 i creativitat<\/strong>. Identificar el \u201cser ciutad\u00e0\u201d amb el fet de participar activament i implicar-se.<\/p>\n<p>[\/et_pb_blurb][\/et_pb_column][\/et_pb_row][et_pb_row column_structure=&#8221;1_2,1_2&#8243; use_custom_gutter=&#8221;on&#8221; gutter_width=&#8221;4&#8243; module_class=&#8221;graella-icona-circular-giratoria&#8221; _builder_version=&#8221;4.17.4&#8243; locked=&#8221;off&#8221; global_colors_info=&#8221;{}&#8221;][et_pb_column type=&#8221;1_2&#8243; _builder_version=&#8221;4.16&#8243; custom_padding=&#8221;|||&#8221; global_colors_info=&#8221;{}&#8221; custom_padding__hover=&#8221;|||&#8221;][et_pb_blurb title=&#8221;Solidaritat&#8221; use_icon=&#8221;on&#8221; font_icon=&#8221;&#xe533;||fa||900&#8243; icon_color=&#8221;#333333&#8243; icon_placement=&#8221;left&#8221; _builder_version=&#8221;4.19.0&#8243; custom_margin=&#8221;||0px|&#8221; z_index_tablet=&#8221;500&#8243; global_colors_info=&#8221;{}&#8221;]<\/p>\n<p><strong>Desenvolupar la sociabilitat i aprendre a sentir-se comunitat a partir de la pr\u00f2pia identitat, acceptant la diversitat com a riquesa<\/strong>. Assumir el civisme i les bones maneres com a pautes de comportament necess\u00e0ries i positives en una comunitat acollidora i fraternal.<\/p>\n<p>[\/et_pb_blurb][\/et_pb_column][et_pb_column type=&#8221;1_2&#8243; _builder_version=&#8221;4.16&#8243; custom_padding=&#8221;|||&#8221; global_colors_info=&#8221;{}&#8221; custom_padding__hover=&#8221;|||&#8221;][et_pb_blurb title=&#8221;Felicitat&#8221; use_icon=&#8221;on&#8221; font_icon=&#8221;&#xf336;||fa||900&#8243; icon_color=&#8221;#333333&#8243; icon_placement=&#8221;left&#8221; _builder_version=&#8221;4.19.0&#8243; custom_margin=&#8221;||0px|&#8221; z_index_tablet=&#8221;500&#8243; global_colors_info=&#8221;{}&#8221;]<\/p>\n<p><strong>Aprendre a ser feli\u00e7os i a fer feli\u00e7os els altres, fru\u00eft de la conviv\u00e8ncia en grup<\/strong>. Aprendre a estimar i a gaudir de la vida, a partir de la generositat, la senzillesa, la comunicaci\u00f3 i l\u2019expressi\u00f3 dels sentiments.<\/p>\n<p>[\/et_pb_blurb][\/et_pb_column][\/et_pb_row][\/et_pb_section][et_pb_section fb_built=&#8221;1&#8243; _builder_version=&#8221;4.19.0&#8243; _module_preset=&#8221;default&#8221; global_colors_info=&#8221;{}&#8221;][et_pb_row _builder_version=&#8221;4.19.0&#8243; _module_preset=&#8221;default&#8221; global_colors_info=&#8221;{}&#8221;][et_pb_column type=&#8221;4_4&#8243; _builder_version=&#8221;4.19.0&#8243; _module_preset=&#8221;default&#8221; global_colors_info=&#8221;{}&#8221;][et_pb_text _builder_version=&#8221;4.19.0&#8243; _module_preset=&#8221;default&#8221; custom_margin=&#8221;40px||50px||false|false&#8221; global_colors_info=&#8221;{}&#8221;]<\/p>\n<h2 style=\"text-align: center\">Continguts<\/h2>\n<h3 style=\"text-align: center\">Barrinem, proposta educativa pel civisme i la conviv\u00e8ncia<\/h3>\n<p class=\"texte\" style=\"text-align: center\">La proposta d\u2019enguany posa l\u2019accent en un dels aspectes claus de la ciutadania: l\u2019arrelament de les persones al seu entorn proper i la construcci\u00f3 d\u2019una vida col\u00b7lectiva acollidora, on la conviv\u00e8ncia i el bon tracte assegurin el benestar i la integraci\u00f3 de tothom.<\/p>\n<p class=\"texte\" style=\"text-align: center\">L\u2019entorn immediat \u00e9s l\u2019espai en el qual els nois i noies poden establir vincles afectius i de pertinen\u00e7a. \u00c9s, doncs, una xarxa de suport personal, un factor de qualitat de vida&#8230; per\u00f2 al mateix temps \u00e9s un espai de comprom\u00eds i de participaci\u00f3 activa, un petit laboratori de democr\u00e0cia.<\/p>\n<p>[\/et_pb_text][\/et_pb_column][\/et_pb_row][\/et_pb_section]<\/p>\n","protected":false},"excerpt":{"rendered":"<p>Qu\u00e8 \u00e9s? Barrinem. Una proposta educativa pel civisme i la conviv\u00e8ncia\u00a0\u00e9s la nova proposta educativa de la Federaci\u00f3 Catalana de l\u2019Esplai per al curs 2008-09. \u00c9s una eina per a la intervenci\u00f3 en el lleure dels infants i joves que t\u00e9 per objectiu principal despertar actituds de responsabilitat i comprom\u00eds a partir de la realitzaci\u00f3 [&hellip;]<\/p>\n","protected":false},"author":4,"featured_media":0,"parent":0,"menu_order":0,"comment_status":"closed","ping_status":"closed","template":"","meta":{"_et_pb_use_builder":"on","_et_pb_old_content":"<!-- wp:heading {\"level\":1} -->\r\n<h1>Barrinem. Una proposta educativa<br \/>pel civisme i la conviv\u00e8ncia<\/h1>\r\n<!-- \/wp:heading --><!-- wp:paragraph -->\r\n<p><strong><em>Barrinem. Una proposta educativa pel civisme i la conviv\u00e8ncia<\/em><\/strong>\u00a0\u00e9s la nova proposta educativa de la Federaci\u00f3 Catalana de l\u2019Esplai per al curs 2008-09. \u00c9s una eina per a la intervenci\u00f3 en el lleure dels infants i joves que t\u00e9 per objectiu principal despertar actituds de responsabilitat i comprom\u00eds a partir de la realitzaci\u00f3 d\u2019activitats variades. Entre altres proposem activitats de contacte amb la natura, el barri i\/o el poble; de sensibilitzaci\u00f3 vers la mobilitat segura; d\u2019aproximaci\u00f3 i descobriment de l\u2019entorn proper.<\/p>\r\n<!-- \/wp:paragraph --><!-- wp:paragraph -->\r\n<p>La societat actual es caracteritza per ser una societat individualista, competitiva i consumista, entre altres. La p\u00e8rdua de valors com el del respecte cap als altres i cap a un mateix fa que sentim la necessitat d\u2019actuar per a contrarestar la mancan\u00e7a d\u2019actituds c\u00edviques i de conductes agradables que facilitin la conviv\u00e8ncia.<\/p>\r\n<!-- \/wp:paragraph --><!-- wp:paragraph -->\r\n<p><a href=\"http:\/\/www2.fundesplai.org\/barrinem\/pdf\/presentaci%C3%B3.pdf\" target=\"_blank\" rel=\"noreferrer noopener\">+ Veure presentaci\u00f3<\/a>\u00a0(pdf)<\/p>\r\n<!-- \/wp:paragraph --><!-- wp:paragraph -->\r\n<p><strong><a href=\"http:\/\/www2.fundesplai.org\/barrinem\/pdf\/proposta_barrinem_2008.pdf\" target=\"_blank\" rel=\"noreferrer noopener\">+ Veure tot el llibre<\/a><\/strong>\u00a0(pdf)<\/p>\r\n<!-- \/wp:paragraph -->","_et_gb_content_width":"1200","footnotes":""},"class_list":["post-5","page","type-page","status-publish","hentry"],"yoast_head":"<!-- This site is optimized with the Yoast SEO plugin v27.4 - https:\/\/yoast.com\/product\/yoast-seo-wordpress\/ -->\n<title>Presentaci\u00f3 - Barrinem<\/title>\n<meta name=\"robots\" content=\"index, follow, max-snippet:-1, max-image-preview:large, max-video-preview:-1\" \/>\n<link rel=\"canonical\" href=\"https:\/\/fundesplai.org\/barrinem\/\" \/>\n<meta property=\"og:locale\" content=\"ca_ES\" \/>\n<meta property=\"og:type\" content=\"article\" \/>\n<meta property=\"og:title\" content=\"Presentaci\u00f3 - Barrinem\" \/>\n<meta property=\"og:description\" content=\"Qu\u00e8 \u00e9s? Barrinem. Una proposta educativa pel civisme i la conviv\u00e8ncia\u00a0\u00e9s la nova proposta educativa de la Federaci\u00f3 Catalana de l\u2019Esplai per al curs 2008-09. \u00c9s una eina per a la intervenci\u00f3 en el lleure dels infants i joves que t\u00e9 per objectiu principal despertar actituds de responsabilitat i comprom\u00eds a partir de la realitzaci\u00f3 [&hellip;]\" \/>\n<meta property=\"og:url\" content=\"https:\/\/fundesplai.org\/barrinem\/\" \/>\n<meta property=\"og:site_name\" content=\"Barrinem\" \/>\n<meta property=\"article:modified_time\" content=\"2025-07-30T10:05:51+00:00\" \/>\n<meta name=\"twitter:card\" content=\"summary_large_image\" \/>\n<meta name=\"twitter:label1\" content=\"Temps estimat de lectura\" \/>\n\t<meta name=\"twitter:data1\" content=\"3 minuts\" \/>\n<script type=\"application\/ld+json\" class=\"yoast-schema-graph\">{\"@context\":\"https:\\\/\\\/schema.org\",\"@graph\":[{\"@type\":\"WebPage\",\"@id\":\"https:\\\/\\\/fundesplai.org\\\/barrinem\\\/\",\"url\":\"https:\\\/\\\/fundesplai.org\\\/barrinem\\\/\",\"name\":\"Presentaci\u00f3 - Barrinem\",\"isPartOf\":{\"@id\":\"https:\\\/\\\/fundesplai.org\\\/barrinem\\\/#website\"},\"datePublished\":\"2021-08-10T09:03:39+00:00\",\"dateModified\":\"2025-07-30T10:05:51+00:00\",\"breadcrumb\":{\"@id\":\"https:\\\/\\\/fundesplai.org\\\/barrinem\\\/#breadcrumb\"},\"inLanguage\":\"ca\",\"potentialAction\":[{\"@type\":\"ReadAction\",\"target\":[\"https:\\\/\\\/fundesplai.org\\\/barrinem\\\/\"]}]},{\"@type\":\"BreadcrumbList\",\"@id\":\"https:\\\/\\\/fundesplai.org\\\/barrinem\\\/#breadcrumb\",\"itemListElement\":[{\"@type\":\"ListItem\",\"position\":1,\"name\":\"Inici\",\"item\":\"\\\/\"},{\"@type\":\"ListItem\",\"position\":2,\"name\":\"Barrinem\",\"item\":\"https:\\\/\\\/fundesplai.org\\\/barrinem\"},{\"@type\":\"ListItem\",\"position\":3,\"name\":\"Presentaci\u00f3\"}]},{\"@type\":\"WebSite\",\"@id\":\"https:\\\/\\\/fundesplai.org\\\/barrinem\\\/#website\",\"url\":\"https:\\\/\\\/fundesplai.org\\\/barrinem\\\/\",\"name\":\"Barrinem\",\"description\":\"Proposta educativa de Fundesplai\",\"potentialAction\":[{\"@type\":\"SearchAction\",\"target\":{\"@type\":\"EntryPoint\",\"urlTemplate\":\"https:\\\/\\\/fundesplai.org\\\/barrinem\\\/?s={search_term_string}\"},\"query-input\":{\"@type\":\"PropertyValueSpecification\",\"valueRequired\":true,\"valueName\":\"search_term_string\"}}],\"inLanguage\":\"ca\"}]}<\/script>\n<!-- \/ Yoast SEO plugin. -->","yoast_head_json":{"title":"Presentaci\u00f3 - Barrinem","robots":{"index":"index","follow":"follow","max-snippet":"max-snippet:-1","max-image-preview":"max-image-preview:large","max-video-preview":"max-video-preview:-1"},"canonical":"https:\/\/fundesplai.org\/barrinem\/","og_locale":"ca_ES","og_type":"article","og_title":"Presentaci\u00f3 - Barrinem","og_description":"Qu\u00e8 \u00e9s? Barrinem. Una proposta educativa pel civisme i la conviv\u00e8ncia\u00a0\u00e9s la nova proposta educativa de la Federaci\u00f3 Catalana de l\u2019Esplai per al curs 2008-09. \u00c9s una eina per a la intervenci\u00f3 en el lleure dels infants i joves que t\u00e9 per objectiu principal despertar actituds de responsabilitat i comprom\u00eds a partir de la realitzaci\u00f3 [&hellip;]","og_url":"https:\/\/fundesplai.org\/barrinem\/","og_site_name":"Barrinem","article_modified_time":"2025-07-30T10:05:51+00:00","twitter_card":"summary_large_image","twitter_misc":{"Temps estimat de lectura":"3 minuts"},"schema":{"@context":"https:\/\/schema.org","@graph":[{"@type":"WebPage","@id":"https:\/\/fundesplai.org\/barrinem\/","url":"https:\/\/fundesplai.org\/barrinem\/","name":"Presentaci\u00f3 - Barrinem","isPartOf":{"@id":"https:\/\/fundesplai.org\/barrinem\/#website"},"datePublished":"2021-08-10T09:03:39+00:00","dateModified":"2025-07-30T10:05:51+00:00","breadcrumb":{"@id":"https:\/\/fundesplai.org\/barrinem\/#breadcrumb"},"inLanguage":"ca","potentialAction":[{"@type":"ReadAction","target":["https:\/\/fundesplai.org\/barrinem\/"]}]},{"@type":"BreadcrumbList","@id":"https:\/\/fundesplai.org\/barrinem\/#breadcrumb","itemListElement":[{"@type":"ListItem","position":1,"name":"Inici","item":"\/"},{"@type":"ListItem","position":2,"name":"Barrinem","item":"https:\/\/fundesplai.org\/barrinem"},{"@type":"ListItem","position":3,"name":"Presentaci\u00f3"}]},{"@type":"WebSite","@id":"https:\/\/fundesplai.org\/barrinem\/#website","url":"https:\/\/fundesplai.org\/barrinem\/","name":"Barrinem","description":"Proposta educativa de Fundesplai","potentialAction":[{"@type":"SearchAction","target":{"@type":"EntryPoint","urlTemplate":"https:\/\/fundesplai.org\/barrinem\/?s={search_term_string}"},"query-input":{"@type":"PropertyValueSpecification","valueRequired":true,"valueName":"search_term_string"}}],"inLanguage":"ca"}]}},"_links":{"self":[{"href":"https:\/\/fundesplai.org\/barrinem\/wp-json\/wp\/v2\/pages\/5","targetHints":{"allow":["GET"]}}],"collection":[{"href":"https:\/\/fundesplai.org\/barrinem\/wp-json\/wp\/v2\/pages"}],"about":[{"href":"https:\/\/fundesplai.org\/barrinem\/wp-json\/wp\/v2\/types\/page"}],"author":[{"embeddable":true,"href":"https:\/\/fundesplai.org\/barrinem\/wp-json\/wp\/v2\/users\/4"}],"replies":[{"embeddable":true,"href":"https:\/\/fundesplai.org\/barrinem\/wp-json\/wp\/v2\/comments?post=5"}],"version-history":[{"count":10,"href":"https:\/\/fundesplai.org\/barrinem\/wp-json\/wp\/v2\/pages\/5\/revisions"}],"predecessor-version":[{"id":138,"href":"https:\/\/fundesplai.org\/barrinem\/wp-json\/wp\/v2\/pages\/5\/revisions\/138"}],"wp:attachment":[{"href":"https:\/\/fundesplai.org\/barrinem\/wp-json\/wp\/v2\/media?parent=5"}],"curies":[{"name":"wp","href":"https:\/\/api.w.org\/{rel}","templated":true}]}}