{"id":120,"date":"2023-09-20T13:44:33","date_gmt":"2023-09-20T11:44:33","guid":{"rendered":"https:\/\/fundesplai.org\/barrinem\/?page_id=120"},"modified":"2023-09-20T13:46:42","modified_gmt":"2023-09-20T11:46:42","slug":"recursos","status":"publish","type":"page","link":"https:\/\/fundesplai.org\/barrinem\/recursos\/","title":{"rendered":"Recursos"},"content":{"rendered":"<p>[et_pb_section fb_built=&#8221;1&#8243; _builder_version=&#8221;4.21.0&#8243; _module_preset=&#8221;default&#8221; global_colors_info=&#8221;{}&#8221;][et_pb_row _builder_version=&#8221;4.21.0&#8243; _module_preset=&#8221;default&#8221; global_colors_info=&#8221;{}&#8221;][et_pb_column type=&#8221;4_4&#8243; _builder_version=&#8221;4.21.0&#8243; _module_preset=&#8221;default&#8221; global_colors_info=&#8221;{}&#8221;][et_pb_post_title meta=&#8221;off&#8221; featured_image=&#8221;off&#8221; _builder_version=&#8221;4.21.0&#8243; _module_preset=&#8221;default&#8221; global_colors_info=&#8221;{}&#8221;][\/et_pb_post_title][et_pb_accordion _builder_version=&#8221;4.21.0&#8243; _module_preset=&#8221;default&#8221; hover_enabled=&#8221;0&#8243; global_colors_info=&#8221;{}&#8221; custom_margin=&#8221;||50px||false|false&#8221; sticky_enabled=&#8221;0&#8243;][et_pb_accordion_item title=&#8221;Llibres de consulta per als educadors&#8221; open=&#8221;on&#8221; _builder_version=&#8221;4.21.0&#8243; _module_preset=&#8221;default&#8221; global_colors_info=&#8221;{}&#8221;]<\/p>\n<ul>\n<li><strong>Aprendre a conviure<\/strong>. <em>Jos\u00e9 Antonio Marina<\/em>. Columna, 2006.<\/li>\n<li><strong>Ben educats. Una defensa \u00fatil de les convencions, el civisme i l\u2019autoritat<\/strong>. <em>Salvador Card\u00fas<\/em>. Ed. la Campana, 2003.<\/li>\n<li><strong>Civisme per la conviv\u00e8ncia. Un debat obert<\/strong>. <em>Marina Subirats, Manuel Castells, Jordi Borja, Josep M. Terricabras, Narc\u00eds Comadira, Salvador Card\u00fas, Vict\u00f2ria Camps, Marta Selva, Joan Subirats, Miquel \u00c0ngel Essomba, Jordi Porta, Mohammed Chaib i Pere Darder<\/em>. Icaria, 2006.<\/li>\n<li><strong>Confianza y temor en la ciudad: vivir con extranjeros<\/strong>. <em>Zygmunt Bauman<\/em>, Barcelona: Arcadia, 2006.<\/li>\n<li><strong>Educaci\u00f3 per a la ciutadania.<\/strong> <em>Josep Ma Puig, Xus Mart\u00edn, Roser Batlle, Jordi Beltran<\/em>. Editorial Text \u2013 La Galera. 2007.<\/li>\n<li><strong>El civisme explicat a la meva filla.<\/strong> <em>R\u00e9gis Debray<\/em>. Emp\u00faries, 2000.<\/li>\n<li><strong>El civisme planetari.<\/strong> <em>Francesc Torralba i Rosell\u00f3<\/em>. CCG Edicions, Girona, 2005.<\/li>\n<li><strong>El nuevo espacio p\u00fablico.<\/strong> <em>Daniel Innerarity<\/em>. Espasa Calpe, 2006.<\/li>\n<li><strong>Manual de civisme.<\/strong> <em>Vict\u00f2ria Camps i Salvador Giner<\/em>. Ariel, 2001.<\/li>\n<li><strong>Pedagog\u00eda de la convivencia.<\/strong> <em>Xes\u00fas R. Jares<\/em>. Gra\u00f3, 2006.<\/li>\n<li><strong>Pr\u00e0ctiques de civisme des del meu barri.<\/strong> <em>Alfons Barcel\u00f3<\/em>. Editorial Icaria, Barcelona, 2005.<\/li>\n<\/ul>\n<p>[\/et_pb_accordion_item][et_pb_accordion_item title=&#8221;Llibres per a infants i adolescents&#8221; _builder_version=&#8221;4.21.0&#8243; _module_preset=&#8221;default&#8221; global_colors_info=&#8221;{}&#8221; open=&#8221;off&#8221;]<\/p>\n<ul>\n<li><strong>De cara a la paret. Meritxell Margarit<\/strong> (Il\u2022lustracions: <em>David Navarrot Gonz\u00e1lez<\/em>). Mediterr\u00e0nia, 2006.<\/li>\n<li><strong>Les Tres Bessones i el civisme<\/strong>. <em>Roser Capdevila\/ Elis Ballart<\/em>. Planeta Infantil, 2005.<\/li>\n<\/ul>\n<p>[\/et_pb_accordion_item][et_pb_accordion_item title=&#8221;Revistes i guies pr\u00e0ctiques&#8221; _builder_version=&#8221;4.21.0&#8243; _module_preset=&#8221;default&#8221; global_colors_info=&#8221;{}&#8221; open=&#8221;off&#8221;]<\/p>\n<ul>\n<li><strong>Guies pr\u00e0ctiques per al civisme: Neteja, Espais de conviv\u00e8ncia, Animals de companyia, Soroll, Mobilitat<\/strong>. Ajuntament de Barcelona.<\/li>\n<li><strong>Revista Barcelona Metropoli Mediterr\u00e0nia<\/strong>. Monogr\u00e0fic n\u00fam. 6: Civisme: les claus de la democr\u00e0cia. 2005.<\/li>\n<li><strong>Revista Escola Catalana<\/strong>. Monogr\u00e0fic n\u00fam. 352: Urbanitat i bona educaci\u00f3. 1998.<\/li>\n<li><strong>Di\u00e0leg. Revista interactiva per entendre l\u2019actua\u00adlitat<\/strong>. El civisme. Varis autors.<\/li>\n<\/ul>\n<p>[\/et_pb_accordion_item][et_pb_accordion_item title=&#8221;Webs&#8221; _builder_version=&#8221;4.21.0&#8243; _module_preset=&#8221;default&#8221; global_colors_info=&#8221;{}&#8221; open=&#8221;off&#8221;]<\/p>\n<ul>\n<li><strong>Banc de recursos c\u00edvics de l\u2019Ajuntament de Barcelona<\/strong>: <a href=\"http:\/\/www.recursoscivics.net\">www.recursoscivics.net<\/a><\/li>\n<li><strong>Dossier civisme de la Diputaci\u00f3 de Barcelona<\/strong>: <a href=\"http:\/\/www.diba.es\/diversitat\/fitxers\/dossier_civisme\">http:\/\/www.diba.es\/diversitat\/fitxers\/dossier_civisme<\/a><\/li>\n<\/ul>\n<p>[\/et_pb_accordion_item][et_pb_accordion_item title=&#8221;DVDs&#8221; _builder_version=&#8221;4.21.0&#8243; _module_preset=&#8221;default&#8221; global_colors_info=&#8221;{}&#8221; open=&#8221;off&#8221;]<\/p>\n<ul>\n<li><strong>El repte i altres hist\u00f2ries. Dilemes de mobilitat segura.<\/strong> Educaci\u00f3 Prim\u00e0ria, cicle superior. [Enregistrament DVD] Barcelona: Servei Catal\u00e0 de Tr\u00e0nsit. Generalitat de Catalunya, 2005.<\/li>\n<li><strong>La cangur i altres hist\u00f2ries. Dilemes de mobilitat segura.<\/strong> Educaci\u00f3 Secund\u00e0ria Obligat\u00f2ria. [Enregistrament DVD] Barcelona: Servei Catal\u00e0 de Tr\u00e0nsit. Generalitat de Catalunya, 2005.<\/li>\n<li><strong>La cita i altres hist\u00f2ries. Dilemes de mobilitat segura.<\/strong> Educaci\u00f3 Secund\u00e0ria Obligat\u00f2ria. [Enregistrament DVD] Barcelona: Servei Catal\u00e0 de Tr\u00e0nsit. Generalitat de Catalunya, 2004.<\/li>\n<li><strong>Les Tres Bessones a la selva d\u2019asfalt. Els interrogants.<\/strong> [Enregistrament DVD]. Barcelona: Servei Catal\u00e0 de Tr\u00e0nsit, 2002.<\/li>\n<\/ul>\n<p>[\/et_pb_accordion_item][\/et_pb_accordion][\/et_pb_column][\/et_pb_row][\/et_pb_section]<\/p>\n","protected":false},"excerpt":{"rendered":"<p>Aprendre a conviure. Jos\u00e9 Antonio Marina. Columna, 2006. Ben educats. Una defensa \u00fatil de les convencions, el civisme i l\u2019autoritat. Salvador Card\u00fas. Ed. la Campana, 2003. Civisme per la conviv\u00e8ncia. Un debat obert. Marina Subirats, Manuel Castells, Jordi Borja, Josep M. Terricabras, Narc\u00eds Comadira, Salvador Card\u00fas, Vict\u00f2ria Camps, Marta Selva, Joan Subirats, Miquel \u00c0ngel Essomba, [&hellip;]<\/p>\n","protected":false},"author":27,"featured_media":0,"parent":0,"menu_order":0,"comment_status":"closed","ping_status":"closed","template":"","meta":{"_et_pb_use_builder":"on","_et_pb_old_content":"","_et_gb_content_width":"","footnotes":""},"class_list":["post-120","page","type-page","status-publish","hentry"],"yoast_head":"<!-- This site is optimized with the Yoast SEO plugin v27.4 - https:\/\/yoast.com\/product\/yoast-seo-wordpress\/ -->\n<title>Recursos - Barrinem<\/title>\n<meta name=\"robots\" content=\"index, follow, max-snippet:-1, max-image-preview:large, max-video-preview:-1\" \/>\n<link rel=\"canonical\" href=\"https:\/\/fundesplai.org\/barrinem\/recursos\/\" \/>\n<meta property=\"og:locale\" content=\"ca_ES\" \/>\n<meta property=\"og:type\" content=\"article\" \/>\n<meta property=\"og:title\" content=\"Recursos - Barrinem\" \/>\n<meta property=\"og:description\" content=\"Aprendre a conviure. Jos\u00e9 Antonio Marina. Columna, 2006. Ben educats. Una defensa \u00fatil de les convencions, el civisme i l\u2019autoritat. Salvador Card\u00fas. Ed. la Campana, 2003. Civisme per la conviv\u00e8ncia. Un debat obert. Marina Subirats, Manuel Castells, Jordi Borja, Josep M. Terricabras, Narc\u00eds Comadira, Salvador Card\u00fas, Vict\u00f2ria Camps, Marta Selva, Joan Subirats, Miquel \u00c0ngel Essomba, [&hellip;]\" \/>\n<meta property=\"og:url\" content=\"https:\/\/fundesplai.org\/barrinem\/recursos\/\" \/>\n<meta property=\"og:site_name\" content=\"Barrinem\" \/>\n<meta property=\"article:modified_time\" content=\"2023-09-20T11:46:42+00:00\" \/>\n<meta name=\"twitter:card\" content=\"summary_large_image\" \/>\n<meta name=\"twitter:label1\" content=\"Temps estimat de lectura\" \/>\n\t<meta name=\"twitter:data1\" content=\"3 minuts\" \/>\n<script type=\"application\/ld+json\" class=\"yoast-schema-graph\">{\"@context\":\"https:\\\/\\\/schema.org\",\"@graph\":[{\"@type\":\"WebPage\",\"@id\":\"https:\\\/\\\/fundesplai.org\\\/barrinem\\\/recursos\\\/\",\"url\":\"https:\\\/\\\/fundesplai.org\\\/barrinem\\\/recursos\\\/\",\"name\":\"Recursos - Barrinem\",\"isPartOf\":{\"@id\":\"https:\\\/\\\/fundesplai.org\\\/barrinem\\\/#website\"},\"datePublished\":\"2023-09-20T11:44:33+00:00\",\"dateModified\":\"2023-09-20T11:46:42+00:00\",\"breadcrumb\":{\"@id\":\"https:\\\/\\\/fundesplai.org\\\/barrinem\\\/recursos\\\/#breadcrumb\"},\"inLanguage\":\"ca\",\"potentialAction\":[{\"@type\":\"ReadAction\",\"target\":[\"https:\\\/\\\/fundesplai.org\\\/barrinem\\\/recursos\\\/\"]}]},{\"@type\":\"BreadcrumbList\",\"@id\":\"https:\\\/\\\/fundesplai.org\\\/barrinem\\\/recursos\\\/#breadcrumb\",\"itemListElement\":[{\"@type\":\"ListItem\",\"position\":1,\"name\":\"Inici\",\"item\":\"\\\/\"},{\"@type\":\"ListItem\",\"position\":2,\"name\":\"Barrinem\",\"item\":\"https:\\\/\\\/fundesplai.org\\\/barrinem\"},{\"@type\":\"ListItem\",\"position\":3,\"name\":\"Recursos\"}]},{\"@type\":\"WebSite\",\"@id\":\"https:\\\/\\\/fundesplai.org\\\/barrinem\\\/#website\",\"url\":\"https:\\\/\\\/fundesplai.org\\\/barrinem\\\/\",\"name\":\"Barrinem\",\"description\":\"Proposta educativa de Fundesplai\",\"potentialAction\":[{\"@type\":\"SearchAction\",\"target\":{\"@type\":\"EntryPoint\",\"urlTemplate\":\"https:\\\/\\\/fundesplai.org\\\/barrinem\\\/?s={search_term_string}\"},\"query-input\":{\"@type\":\"PropertyValueSpecification\",\"valueRequired\":true,\"valueName\":\"search_term_string\"}}],\"inLanguage\":\"ca\"}]}<\/script>\n<!-- \/ Yoast SEO plugin. -->","yoast_head_json":{"title":"Recursos - Barrinem","robots":{"index":"index","follow":"follow","max-snippet":"max-snippet:-1","max-image-preview":"max-image-preview:large","max-video-preview":"max-video-preview:-1"},"canonical":"https:\/\/fundesplai.org\/barrinem\/recursos\/","og_locale":"ca_ES","og_type":"article","og_title":"Recursos - Barrinem","og_description":"Aprendre a conviure. Jos\u00e9 Antonio Marina. Columna, 2006. Ben educats. Una defensa \u00fatil de les convencions, el civisme i l\u2019autoritat. Salvador Card\u00fas. Ed. la Campana, 2003. Civisme per la conviv\u00e8ncia. Un debat obert. Marina Subirats, Manuel Castells, Jordi Borja, Josep M. Terricabras, Narc\u00eds Comadira, Salvador Card\u00fas, Vict\u00f2ria Camps, Marta Selva, Joan Subirats, Miquel \u00c0ngel Essomba, [&hellip;]","og_url":"https:\/\/fundesplai.org\/barrinem\/recursos\/","og_site_name":"Barrinem","article_modified_time":"2023-09-20T11:46:42+00:00","twitter_card":"summary_large_image","twitter_misc":{"Temps estimat de lectura":"3 minuts"},"schema":{"@context":"https:\/\/schema.org","@graph":[{"@type":"WebPage","@id":"https:\/\/fundesplai.org\/barrinem\/recursos\/","url":"https:\/\/fundesplai.org\/barrinem\/recursos\/","name":"Recursos - Barrinem","isPartOf":{"@id":"https:\/\/fundesplai.org\/barrinem\/#website"},"datePublished":"2023-09-20T11:44:33+00:00","dateModified":"2023-09-20T11:46:42+00:00","breadcrumb":{"@id":"https:\/\/fundesplai.org\/barrinem\/recursos\/#breadcrumb"},"inLanguage":"ca","potentialAction":[{"@type":"ReadAction","target":["https:\/\/fundesplai.org\/barrinem\/recursos\/"]}]},{"@type":"BreadcrumbList","@id":"https:\/\/fundesplai.org\/barrinem\/recursos\/#breadcrumb","itemListElement":[{"@type":"ListItem","position":1,"name":"Inici","item":"\/"},{"@type":"ListItem","position":2,"name":"Barrinem","item":"https:\/\/fundesplai.org\/barrinem"},{"@type":"ListItem","position":3,"name":"Recursos"}]},{"@type":"WebSite","@id":"https:\/\/fundesplai.org\/barrinem\/#website","url":"https:\/\/fundesplai.org\/barrinem\/","name":"Barrinem","description":"Proposta educativa de Fundesplai","potentialAction":[{"@type":"SearchAction","target":{"@type":"EntryPoint","urlTemplate":"https:\/\/fundesplai.org\/barrinem\/?s={search_term_string}"},"query-input":{"@type":"PropertyValueSpecification","valueRequired":true,"valueName":"search_term_string"}}],"inLanguage":"ca"}]}},"_links":{"self":[{"href":"https:\/\/fundesplai.org\/barrinem\/wp-json\/wp\/v2\/pages\/120","targetHints":{"allow":["GET"]}}],"collection":[{"href":"https:\/\/fundesplai.org\/barrinem\/wp-json\/wp\/v2\/pages"}],"about":[{"href":"https:\/\/fundesplai.org\/barrinem\/wp-json\/wp\/v2\/types\/page"}],"author":[{"embeddable":true,"href":"https:\/\/fundesplai.org\/barrinem\/wp-json\/wp\/v2\/users\/27"}],"replies":[{"embeddable":true,"href":"https:\/\/fundesplai.org\/barrinem\/wp-json\/wp\/v2\/comments?post=120"}],"version-history":[{"count":6,"href":"https:\/\/fundesplai.org\/barrinem\/wp-json\/wp\/v2\/pages\/120\/revisions"}],"predecessor-version":[{"id":128,"href":"https:\/\/fundesplai.org\/barrinem\/wp-json\/wp\/v2\/pages\/120\/revisions\/128"}],"wp:attachment":[{"href":"https:\/\/fundesplai.org\/barrinem\/wp-json\/wp\/v2\/media?parent=120"}],"curies":[{"name":"wp","href":"https:\/\/api.w.org\/{rel}","templated":true}]}}