{"id":744,"date":"2022-10-03T13:30:16","date_gmt":"2022-10-03T11:30:16","guid":{"rendered":"https:\/\/fundesplai.org\/b612\/?page_id=744"},"modified":"2023-07-05T14:04:54","modified_gmt":"2023-07-05T12:04:54","slug":"recursos","status":"publish","type":"page","link":"https:\/\/fundesplai.org\/b612\/recursos\/","title":{"rendered":"Recursos"},"content":{"rendered":"<p>[et_pb_section fb_built=&#8221;1&#8243; _builder_version=&#8221;4.17.4&#8243; _module_preset=&#8221;default&#8221; global_colors_info=&#8221;{}&#8221;][et_pb_row _builder_version=&#8221;4.17.4&#8243; _module_preset=&#8221;default&#8221; global_colors_info=&#8221;{}&#8221;][et_pb_column type=&#8221;4_4&#8243; _builder_version=&#8221;4.17.4&#8243; _module_preset=&#8221;default&#8221; global_colors_info=&#8221;{}&#8221;][et_pb_post_title meta=&#8221;off&#8221; featured_image=&#8221;off&#8221; _builder_version=&#8221;4.17.4&#8243; _module_preset=&#8221;default&#8221; global_colors_info=&#8221;{}&#8221;][\/et_pb_post_title][\/et_pb_column][\/et_pb_row][et_pb_row _builder_version=&#8221;4.21.0&#8243; _module_preset=&#8221;default&#8221; hover_enabled=&#8221;0&#8243; global_colors_info=&#8221;{}&#8221; custom_margin=&#8221;||50px||false|false&#8221; sticky_enabled=&#8221;0&#8243;][et_pb_column type=&#8221;4_4&#8243; _builder_version=&#8221;4.17.4&#8243; _module_preset=&#8221;default&#8221; global_colors_info=&#8221;{}&#8221;][et_pb_accordion _builder_version=&#8221;4.17.4&#8243; _module_preset=&#8221;default&#8221; global_colors_info=&#8221;{}&#8221;][et_pb_accordion_item title=&#8221;MATERIALS VINCULATS A L\u2019EIX D\u2019ANIMACI\u00d3&#8221; _builder_version=&#8221;4.17.4&#8243; _module_preset=&#8221;default&#8221; global_colors_info=&#8221;{}&#8221; open=&#8221;on&#8221;]<\/p>\n<ul>\n<li>Cat\u00e0leg d\u2019experi\u00e8ncies Saint \u2013 Exup\u00e9ry: Recurs per desenvolupar l\u2019eix d\u2019animaci\u00f3 dels grups de joves 12 a 17 anys.\n<ul>\n<li><a href=\"https:\/\/fundesplai.org\/b612\/wp-content\/uploads\/sites\/20\/2013\/09\/Cataleg-Planeta-Desig.pdf\">Cat\u00e0leg Planeta Desig<\/a><\/li>\n<li><a href=\"https:\/\/fundesplai.org\/b612\/wp-content\/uploads\/sites\/20\/2013\/09\/Cataleg-Planeta-Connectat.pdf\">Cat\u00e0leg Planeta Connectat<\/a><\/li>\n<li><a href=\"https:\/\/fundesplai.org\/b612\/wp-content\/uploads\/sites\/20\/2013\/09\/Cataleg-Planeta-Imprevist.pdf\">Cat\u00e0leg Planeta Imprevist<\/a><\/li>\n<\/ul>\n<\/li>\n<li>Taulell de joc i il\u00b7lustracions dels planetes pel grup de 8 a 12 anys: Aqu\u00ed teniu les imatges del recurs del taulell de joc B612, Primera Missi\u00f3 i les il\u00b7lustracions de tots els planetes. Aquest material \u00e9s necessari per desenvolupar l\u2019eix d\u2019animaci\u00f3 dels grups de mitjans, 8 a 12 anys.\n<ul>\n<li><a href=\"https:\/\/fundesplai.org\/b612\/wp-content\/uploads\/sites\/20\/2013\/09\/Taulell-de-joc_-curs-2013_2015.pdf\">Taulell de joc_ curs 2013_2015<\/a><\/li>\n<li><a href=\"https:\/\/fundesplai.org\/b612\/wp-content\/uploads\/sites\/20\/2013\/09\/Planeta-Desig_-curs-2013-_2014.pdf\">Planeta Desig_ curs 2013 _2014<\/a><\/li>\n<li><a href=\"https:\/\/fundesplai.org\/b612\/wp-content\/uploads\/sites\/20\/2013\/09\/Planeta-Conectat_-curs-2013_2014.pdf\">Planeta Conectat_ curs 2013_2014<\/a><\/li>\n<li><a href=\"https:\/\/fundesplai.org\/b612\/wp-content\/uploads\/sites\/20\/2013\/09\/Planeta-Imprevist_-curs-2013_2014.pdf\">Planeta Imprevist_ curs 2013_2014<\/a><\/li>\n<li><a href=\"https:\/\/fundesplai.org\/b612\/wp-content\/uploads\/sites\/20\/2013\/09\/Planeta-Invisible_-curs-2014_2015.pdf\">Planeta Invisible_ curs 2014_2015<\/a><\/li>\n<li><a href=\"https:\/\/fundesplai.org\/b612\/wp-content\/uploads\/sites\/20\/2013\/09\/Planeta-Finit_-curs-2014_2015.pdf\">Planeta Finit_ curs 2014_2015<\/a><\/li>\n<li><a href=\"https:\/\/fundesplai.org\/b612\/wp-content\/uploads\/sites\/20\/2013\/09\/Planeta-Magic_-curs-2014_2015.pdf\">Planeta M\u00e0gic_ curs 2014_2015<\/a><\/li>\n<\/ul>\n<\/li>\n<li>V\u00eddeo B612 primera missi\u00f3!: Hem editat un v\u00eddeo, de curta durada, per ajudar-vos a introduir l\u2019ambientaci\u00f3 de la proposta pels grups de mitjans ( 8 a 12 anys).\u00a0 Parteix de la idea que els nois i noies s\u00f3n part\u00a0d\u2019un\u00a0grup\u00a0d\u2019habitants\u00a0que estan viatjant per l\u2019univers i que de sobte aterren a l\u2019asteroide B612. En despertar-se del llarg viatge, reben una comunicaci\u00f3 des de la Terra per recordar-los la import\u00e0ncia de la seva missi\u00f3\u2026\n<ul>\n<li><a href=\"http:\/\/youtu.be\/GFQFY5k1rLM\">V\u00eddeo de presentaci\u00f3 de l\u2019eix d\u2019animaci\u00f3<\/a><\/li>\n<\/ul>\n<\/li>\n<li>Il\u00b7lustracions planetes. Dibuixos fets pels infants petits d\u2019espurnes: Aqu\u00ed teniu alguns dels dibuixos dels planetes, fets pels infants de l\u2019esplai d\u2019Espurnes.\n<ul>\n<li><a href=\"https:\/\/fundesplai.org\/b612\/wp-content\/uploads\/sites\/20\/2013\/09\/Illustracions-planetes-dibuixats-pels-infants-dEspurnes-1.pdf\">Il\u00b7lustracions planetes dibuixats pels infants d\u2019Espurnes 1<\/a><\/li>\n<li><a href=\"https:\/\/fundesplai.org\/b612\/wp-content\/uploads\/sites\/20\/2013\/09\/Illustracions-planetes-dibuixats-pels-infants-dEspurnes-2.pdf\">Il\u00b7lustracions planetes dibuixats pels infants d\u2019Espurnes 2<\/a><\/li>\n<li><a href=\"https:\/\/fundesplai.org\/b612\/wp-content\/uploads\/sites\/20\/2013\/09\/Illustracions-planetes-dibuixats-pels-infants-dEspurnes-3.pdf\">Il\u00b7lustracions planetes dibuixats pels infants d\u2019Espurnes 3<\/a><\/li>\n<\/ul>\n<\/li>\n<li>Il\u00b7lustracions Petit Pr\u00edncep:\n<ul>\n<li>Il\u00b7lustraci\u00f3 del<a href=\"https:\/\/fundesplai.org\/b612\/wp-content\/uploads\/sites\/20\/2013\/09\/Petit-Princep.pdf\">Petit Pr\u00edncep<\/a><\/li>\n<li>Il\u00b7lustraci\u00f3 de la\u00a0<a href=\"https:\/\/fundesplai.org\/b612\/wp-content\/uploads\/sites\/20\/2013\/09\/Rosa-Petit-Princep.pdf\">Rosa Petit Pr\u00edncep<\/a><\/li>\n<\/ul>\n<\/li>\n<\/ul>\n<p>[\/et_pb_accordion_item][et_pb_accordion_item title=&#8221;BIBLIOGRAFIA GENERAL&#8221; _builder_version=&#8221;4.17.4&#8243; _module_preset=&#8221;default&#8221; global_colors_info=&#8221;{}&#8221; open=&#8221;off&#8221;]<\/p>\n<ul>\n<li><strong>L\u2019educaci\u00f3 del consumidor a l\u2019escola<\/strong>. Bonil, J. (1999). Escola Catalana Barcelona 1999, n. 359, abril ; p. 6-8 .<\/li>\n<li><strong>Educaci\u00f3n del Consumo<\/strong>. Bonil, J. (2008). Cuadernos de Pedagog\u00eda, n\u00fam. 383.<\/li>\n<li><strong>Propuestas para llegar al curr\u00edculo.<\/strong> Genina Calafell, Marta Fonolleda, Maia Querol. (2008). Cuadernos de Pedagog\u00eda, n\u00fam. 383.<\/li>\n<li><strong>Incertesa i creativitat. Educar per a la societat del coneixement<\/strong>. Daniel Innerarity. Debats d\u2019Educaci\u00f3. Fundaci\u00f3 Jaume Bofill, UOC. Miag, 2010.<\/li>\n<li><strong>Consumir menos vivir mejor. Ideas pr\u00e1cticas para un consumo m\u00e1s consciente<\/strong>. Toni Lodeiro. Editorial: Txalaparta., 2008.<\/li>\n<li><strong>\u00bfHacia d\u00f3nde va el mundo? 2012 2011: La \u00faltima oportunidad<\/strong>. Susan George, Jean- Pierre Dupuy, Ives Cochet, Serge Latouche. Editorial: Octaedro. 2012.<\/li>\n<li><strong>El Crac Energ\u00e8tic. Xifres i Fal\u00b7l\u00e0cies<\/strong>. Carles Riba, Ramon Sans i Eva Torrents. Editorial: Octaedro. 2012.<\/li>\n<\/ul>\n<p>[\/et_pb_accordion_item][et_pb_accordion_item title=&#8221;WEBS&#8221; _builder_version=&#8221;4.17.4&#8243; _module_preset=&#8221;default&#8221; global_colors_info=&#8221;{}&#8221; open=&#8221;off&#8221;]<\/p>\n<ul>\n<li><a href=\"http:\/\/www.consumehastamorir.org\/\">Bloc Consumehastamorir<\/a>: ConsumeHastaMorir es una reflexi\u00f3n sobre la sociedad de consumo en la que vivimos, utilizando uno de sus propios instrumentos, la publicidad, para mostrar hasta qu\u00e9 punto se puede morir consumiendo.\u00a0Este proyecto nace en Madrid en el a\u00f1o 2002, dentro de la asociaci\u00f3n Ecologistas en Acci\u00f3n, confederaci\u00f3n de \u00e1mbito estatal fruto de la unificaci\u00f3n, en 1998, de m\u00e1s de 300 grupos ecologistas. Desde entonces, mantenemos el sitio web consumehastamorir.com, elaboramos contrapublicidad gr\u00e1fica y audiovisual, escribimos textos, impartimos talleres o participamos en procesos de creaci\u00f3n colectiva junto a otros colectivos sociales.<\/li>\n<li><a href=\"https:\/\/opcions.org\/\">Revista Opcions<\/a>: Centre de Recerca i Informaci\u00f3 en Consum\u00a0(CRIC).<\/li>\n<li><a href=\"https:\/\/gustavoduch.wordpress.com\/\">Palabre-ando<\/a>. Bloc d\u2019en Gustavo Duch: <strong>Palabre-ando.<\/strong>Porque contar es otra forma de contar. Gustavo Duch. <em>Mucha gente peque\u00f1a, en muchos lugares peque\u00f1os, cultivar\u00e1n peque\u00f1os huertos\u2026que alimentar\u00e1n al mundo.<\/em><\/li>\n<\/ul>\n<p>[\/et_pb_accordion_item][et_pb_accordion_item title=&#8221;GUIES I ALTRES DOCUMENTS EN PDF&#8221; _builder_version=&#8221;4.17.4&#8243; _module_preset=&#8221;default&#8221; global_colors_info=&#8221;{}&#8221; open=&#8221;off&#8221;]<\/p>\n<ul>\n<li><a href=\"http:\/\/www.nodo50.org\/consumirmenosvivirmejor\/wp-content\/uploads\/2008\/11\/consumir-menos-vivir-mejor-contenido-integro-en-pdf1.pdf\">Consumir menos vivir mejor<\/a>.\u00a0Ideas pr\u00e1cticas para un consumo m\u00e1s consciente. Toni Lodeiro. Ed: Txalaparta. , 2008.<\/li>\n<li>Informaci\u00f3, orientacions i consells pr\u00e0ctics per organitzar actes festius a partir de criteris de sostenibilitat. <a href=\"http:\/\/www.bcn.cat\/agenda21\/A21_text\/guies\/Les_festes.pdf\"><strong>Les Festes m\u00e9s Sostenibles.<\/strong><\/a>Guies d\u2019Educaci\u00f3 Ambiental 6. Ajuntament de Barcelona.<\/li>\n<\/ul>\n<p>[\/et_pb_accordion_item][et_pb_accordion_item title=&#8221;V\u00cdDEOS&#8221; _builder_version=&#8221;4.17.4&#8243; _module_preset=&#8221;default&#8221; global_colors_info=&#8221;{}&#8221; open=&#8221;off&#8221;]<\/p>\n<ul>\n<li><a href=\"http:\/\/youtu.be\/d7aQInsH6cc\">Curtmetratge 38.<\/a> On i com es fabrica la roba qu\u00e8 comprem? quin impacte t\u00e9 per a les persones que la fabriquen? i per a les que la compren? aquest v\u00eddeo ens convida a reflexionar sobre totes aquestes q\u00fcestions.<\/li>\n<li>Hem editat un v\u00eddeo, de curta durada, per ajudar-vos a introduir l\u2019ambientaci\u00f3 de la proposta pels grups de mitjans ( 8 a 12 anys).\u00a0 Parteix de la idea que els nois i noies s\u00f3n part\u00a0d\u2019un\u00a0grup\u00a0d\u2019habitants\u00a0que estan viatjant per l\u2019univers i que de sobte aterren a l\u2019asteroide B612. En despertar-se del llarg viatge, reben una comunicaci\u00f3 des de la Terra per recordar-los la import\u00e0ncia de la seva missi\u00f3\u2026 <a href=\"http:\/\/youtu.be\/GFQFY5k1rLM\">V\u00eddeo de presentaci\u00f3 de l\u2019eix d\u2019animaci\u00f3<\/a><\/li>\n<\/ul>\n<p>[\/et_pb_accordion_item][\/et_pb_accordion][\/et_pb_column][\/et_pb_row][\/et_pb_section]<\/p>\n","protected":false},"excerpt":{"rendered":"<p>Cat\u00e0leg d\u2019experi\u00e8ncies Saint \u2013 Exup\u00e9ry: Recurs per desenvolupar l\u2019eix d\u2019animaci\u00f3 dels grups de joves 12 a 17 anys. Cat\u00e0leg Planeta Desig Cat\u00e0leg Planeta Connectat Cat\u00e0leg Planeta Imprevist Taulell de joc i il\u00b7lustracions dels planetes pel grup de 8 a 12 anys: Aqu\u00ed teniu les imatges del recurs del taulell de joc B612, Primera Missi\u00f3 i [&hellip;]<\/p>\n","protected":false},"author":27,"featured_media":0,"parent":0,"menu_order":0,"comment_status":"closed","ping_status":"closed","template":"","meta":{"_et_pb_use_builder":"on","_et_pb_old_content":"","_et_gb_content_width":"","footnotes":""},"class_list":["post-744","page","type-page","status-publish","hentry"],"yoast_head":"<!-- This site is optimized with the Yoast SEO plugin v27.4 - https:\/\/yoast.com\/product\/yoast-seo-wordpress\/ -->\n<title>Recursos - b612<\/title>\n<meta name=\"robots\" content=\"index, follow, max-snippet:-1, max-image-preview:large, max-video-preview:-1\" \/>\n<link rel=\"canonical\" href=\"https:\/\/fundesplai.org\/b612\/recursos\/\" \/>\n<meta property=\"og:locale\" content=\"ca_ES\" \/>\n<meta property=\"og:type\" content=\"article\" \/>\n<meta property=\"og:title\" content=\"Recursos - b612\" \/>\n<meta property=\"og:description\" content=\"Cat\u00e0leg d\u2019experi\u00e8ncies Saint \u2013 Exup\u00e9ry: Recurs per desenvolupar l\u2019eix d\u2019animaci\u00f3 dels grups de joves 12 a 17 anys. Cat\u00e0leg Planeta Desig Cat\u00e0leg Planeta Connectat Cat\u00e0leg Planeta Imprevist Taulell de joc i il\u00b7lustracions dels planetes pel grup de 8 a 12 anys: Aqu\u00ed teniu les imatges del recurs del taulell de joc B612, Primera Missi\u00f3 i [&hellip;]\" \/>\n<meta property=\"og:url\" content=\"https:\/\/fundesplai.org\/b612\/recursos\/\" \/>\n<meta property=\"og:site_name\" content=\"b612\" \/>\n<meta property=\"article:modified_time\" content=\"2023-07-05T12:04:54+00:00\" \/>\n<meta name=\"twitter:card\" content=\"summary_large_image\" \/>\n<meta name=\"twitter:label1\" content=\"Temps estimat de lectura\" \/>\n\t<meta name=\"twitter:data1\" content=\"4 minuts\" \/>\n<script type=\"application\/ld+json\" class=\"yoast-schema-graph\">{\"@context\":\"https:\\\/\\\/schema.org\",\"@graph\":[{\"@type\":\"WebPage\",\"@id\":\"https:\\\/\\\/fundesplai.org\\\/b612\\\/recursos\\\/\",\"url\":\"https:\\\/\\\/fundesplai.org\\\/b612\\\/recursos\\\/\",\"name\":\"Recursos - b612\",\"isPartOf\":{\"@id\":\"https:\\\/\\\/fundesplai.org\\\/b612\\\/#website\"},\"datePublished\":\"2022-10-03T11:30:16+00:00\",\"dateModified\":\"2023-07-05T12:04:54+00:00\",\"breadcrumb\":{\"@id\":\"https:\\\/\\\/fundesplai.org\\\/b612\\\/recursos\\\/#breadcrumb\"},\"inLanguage\":\"ca\",\"potentialAction\":[{\"@type\":\"ReadAction\",\"target\":[\"https:\\\/\\\/fundesplai.org\\\/b612\\\/recursos\\\/\"]}]},{\"@type\":\"BreadcrumbList\",\"@id\":\"https:\\\/\\\/fundesplai.org\\\/b612\\\/recursos\\\/#breadcrumb\",\"itemListElement\":[{\"@type\":\"ListItem\",\"position\":1,\"name\":\"Inici\",\"item\":\"\\\/\"},{\"@type\":\"ListItem\",\"position\":2,\"name\":\"b612\",\"item\":\"https:\\\/\\\/fundesplai.org\\\/b612\"},{\"@type\":\"ListItem\",\"position\":3,\"name\":\"Recursos\"}]},{\"@type\":\"WebSite\",\"@id\":\"https:\\\/\\\/fundesplai.org\\\/b612\\\/#website\",\"url\":\"https:\\\/\\\/fundesplai.org\\\/b612\\\/\",\"name\":\"b612\",\"description\":\"Proposta educativa de Fundesplai\",\"potentialAction\":[{\"@type\":\"SearchAction\",\"target\":{\"@type\":\"EntryPoint\",\"urlTemplate\":\"https:\\\/\\\/fundesplai.org\\\/b612\\\/?s={search_term_string}\"},\"query-input\":{\"@type\":\"PropertyValueSpecification\",\"valueRequired\":true,\"valueName\":\"search_term_string\"}}],\"inLanguage\":\"ca\"}]}<\/script>\n<!-- \/ Yoast SEO plugin. -->","yoast_head_json":{"title":"Recursos - b612","robots":{"index":"index","follow":"follow","max-snippet":"max-snippet:-1","max-image-preview":"max-image-preview:large","max-video-preview":"max-video-preview:-1"},"canonical":"https:\/\/fundesplai.org\/b612\/recursos\/","og_locale":"ca_ES","og_type":"article","og_title":"Recursos - b612","og_description":"Cat\u00e0leg d\u2019experi\u00e8ncies Saint \u2013 Exup\u00e9ry: Recurs per desenvolupar l\u2019eix d\u2019animaci\u00f3 dels grups de joves 12 a 17 anys. Cat\u00e0leg Planeta Desig Cat\u00e0leg Planeta Connectat Cat\u00e0leg Planeta Imprevist Taulell de joc i il\u00b7lustracions dels planetes pel grup de 8 a 12 anys: Aqu\u00ed teniu les imatges del recurs del taulell de joc B612, Primera Missi\u00f3 i [&hellip;]","og_url":"https:\/\/fundesplai.org\/b612\/recursos\/","og_site_name":"b612","article_modified_time":"2023-07-05T12:04:54+00:00","twitter_card":"summary_large_image","twitter_misc":{"Temps estimat de lectura":"4 minuts"},"schema":{"@context":"https:\/\/schema.org","@graph":[{"@type":"WebPage","@id":"https:\/\/fundesplai.org\/b612\/recursos\/","url":"https:\/\/fundesplai.org\/b612\/recursos\/","name":"Recursos - b612","isPartOf":{"@id":"https:\/\/fundesplai.org\/b612\/#website"},"datePublished":"2022-10-03T11:30:16+00:00","dateModified":"2023-07-05T12:04:54+00:00","breadcrumb":{"@id":"https:\/\/fundesplai.org\/b612\/recursos\/#breadcrumb"},"inLanguage":"ca","potentialAction":[{"@type":"ReadAction","target":["https:\/\/fundesplai.org\/b612\/recursos\/"]}]},{"@type":"BreadcrumbList","@id":"https:\/\/fundesplai.org\/b612\/recursos\/#breadcrumb","itemListElement":[{"@type":"ListItem","position":1,"name":"Inici","item":"\/"},{"@type":"ListItem","position":2,"name":"b612","item":"https:\/\/fundesplai.org\/b612"},{"@type":"ListItem","position":3,"name":"Recursos"}]},{"@type":"WebSite","@id":"https:\/\/fundesplai.org\/b612\/#website","url":"https:\/\/fundesplai.org\/b612\/","name":"b612","description":"Proposta educativa de Fundesplai","potentialAction":[{"@type":"SearchAction","target":{"@type":"EntryPoint","urlTemplate":"https:\/\/fundesplai.org\/b612\/?s={search_term_string}"},"query-input":{"@type":"PropertyValueSpecification","valueRequired":true,"valueName":"search_term_string"}}],"inLanguage":"ca"}]}},"_links":{"self":[{"href":"https:\/\/fundesplai.org\/b612\/wp-json\/wp\/v2\/pages\/744","targetHints":{"allow":["GET"]}}],"collection":[{"href":"https:\/\/fundesplai.org\/b612\/wp-json\/wp\/v2\/pages"}],"about":[{"href":"https:\/\/fundesplai.org\/b612\/wp-json\/wp\/v2\/types\/page"}],"author":[{"embeddable":true,"href":"https:\/\/fundesplai.org\/b612\/wp-json\/wp\/v2\/users\/27"}],"replies":[{"embeddable":true,"href":"https:\/\/fundesplai.org\/b612\/wp-json\/wp\/v2\/comments?post=744"}],"version-history":[{"count":7,"href":"https:\/\/fundesplai.org\/b612\/wp-json\/wp\/v2\/pages\/744\/revisions"}],"predecessor-version":[{"id":767,"href":"https:\/\/fundesplai.org\/b612\/wp-json\/wp\/v2\/pages\/744\/revisions\/767"}],"wp:attachment":[{"href":"https:\/\/fundesplai.org\/b612\/wp-json\/wp\/v2\/media?parent=744"}],"curies":[{"name":"wp","href":"https:\/\/api.w.org\/{rel}","templated":true}]}}