{"id":728,"date":"2022-10-03T12:30:51","date_gmt":"2022-10-03T10:30:51","guid":{"rendered":"https:\/\/fundesplai.org\/b612\/?page_id=728"},"modified":"2022-10-03T12:30:54","modified_gmt":"2022-10-03T10:30:54","slug":"experiencies","status":"publish","type":"page","link":"https:\/\/fundesplai.org\/b612\/experiencies\/","title":{"rendered":"Experi\u00e8ncies"},"content":{"rendered":"<p>[et_pb_section fb_built=&#8221;1&#8243; _builder_version=&#8221;4.17.4&#8243; _module_preset=&#8221;default&#8221; global_colors_info=&#8221;{}&#8221;][et_pb_row _builder_version=&#8221;4.17.4&#8243; _module_preset=&#8221;default&#8221; global_colors_info=&#8221;{}&#8221;][et_pb_column type=&#8221;4_4&#8243; _builder_version=&#8221;4.17.4&#8243; _module_preset=&#8221;default&#8221; global_colors_info=&#8221;{}&#8221;][et_pb_post_title meta=&#8221;off&#8221; featured_image=&#8221;off&#8221; _builder_version=&#8221;4.17.4&#8243; _module_preset=&#8221;default&#8221; global_colors_info=&#8221;{}&#8221;][\/et_pb_post_title][\/et_pb_column][\/et_pb_row][\/et_pb_section][et_pb_section fb_built=&#8221;1&#8243; module_class=&#8221;graella-moduls-grisa&#8221; _builder_version=&#8221;4.17.4&#8243; _module_preset=&#8221;default&#8221; locked=&#8221;off&#8221; global_colors_info=&#8221;{}&#8221;][et_pb_row column_structure=&#8221;1_3,1_3,1_3&#8243; use_custom_gutter=&#8221;on&#8221; _builder_version=&#8221;4.17.4&#8243; _module_preset=&#8221;default&#8221; width=&#8221;100%&#8221; width_last_edited=&#8221;off|desktop&#8221; max_width=&#8221;2560px&#8221; locked=&#8221;off&#8221; global_colors_info=&#8221;{}&#8221;][et_pb_column type=&#8221;1_3&#8243; _builder_version=&#8221;4.17.4&#8243; _module_preset=&#8221;default&#8221; global_colors_info=&#8221;{}&#8221;][et_pb_blurb title=&#8221;Bloc Esplai Campiquipugui&#8221; url=&#8221;http:\/\/esplaicampiquipugui.blogspot.com\/&#8221; image=&#8221;https:\/\/fundesplai.org\/b612\/wp-content\/uploads\/sites\/20\/2022\/10\/CAMPI.jpg&#8221; alt=&#8221;serveis d&#8217;esplai hist\u00f2ria Fundesplai&#8221; admin_label=&#8221;Bloc Esplai Campiquipugui&#8221; _builder_version=&#8221;4.17.4&#8243; _module_preset=&#8221;default&#8221; link_option_url=&#8221;http:\/\/esplaicampiquipugui.blogspot.com\/&#8221; global_colors_info=&#8221;{}&#8221;]<\/p>\n<p style=\"text-align: center\">Qu\u00e8 han apr\u00e8s els infants i joves al planeta Desig? Cliqueu aqu\u00ed!<\/p>\n<p>[\/et_pb_blurb][\/et_pb_column][et_pb_column type=&#8221;1_3&#8243; _builder_version=&#8221;4.17.4&#8243; _module_preset=&#8221;default&#8221; global_colors_info=&#8221;{}&#8221;][et_pb_blurb title=&#8221;Bloc de l&#8217;Esplai Ping\u00fc\u00ed&#8221; url=&#8221;http:\/\/esplaipingui.blogspot.com\/search?updated-max=2013-11-25T11:09:00-08:00&amp;max-results=4&amp;reverse-paginate=true&amp;start=8&amp;by-date=false&#8221; image=&#8221;https:\/\/fundesplai.org\/b612\/wp-content\/uploads\/sites\/20\/2022\/10\/esplaipingui.jpg&#8221; admin_label=&#8221;Bloc de l&#8217;Esplai Ping\u00fc\u00ed&#8221; _builder_version=&#8221;4.17.4&#8243; _module_preset=&#8221;default&#8221; link_option_url=&#8221;http:\/\/esplaipingui.blogspot.com\/search?updated-max=2013-11-25T11:09:00-08:00&amp;max-results=4&amp;reverse-paginate=true&amp;start=8&amp;by-date=false&#8221; global_colors_info=&#8221;{}&#8221; buscador_fontawesome_last_edited=&#8221;off|desktop&#8221;]<\/p>\n<p style=\"text-align: center\">Voleu saber qu\u00e8 aprenen, com reflexionen els infants i joves sobre el consum?<\/p>\n<p>[\/et_pb_blurb][\/et_pb_column][et_pb_column type=&#8221;1_3&#8243; _builder_version=&#8221;4.17.4&#8243; _module_preset=&#8221;default&#8221; global_colors_info=&#8221;{}&#8221;][et_pb_blurb title=&#8221;Bloc de l&#8217;Esplai Espurnes&#8221; url=&#8221;https:\/\/esplaiespurnes.org\/category\/blocs-dactivitats\/bloc-dissabte\/&#8221; image=&#8221;https:\/\/fundesplai.org\/b612\/wp-content\/uploads\/sites\/20\/2022\/10\/cvk__Xgm_400x400.jpg&#8221; admin_label=&#8221;Bloc de l&#8217;Esplai Espurnes&#8221; _builder_version=&#8221;4.17.4&#8243; _module_preset=&#8221;default&#8221; link_option_url=&#8221;https:\/\/esplaiespurnes.org\/category\/blocs-dactivitats\/bloc-dissabte\/&#8221; global_colors_info=&#8221;{}&#8221; buscador_fontawesome_last_edited=&#8221;off|desktop&#8221;]<\/p>\n<p style=\"text-align: center\">Un bon recull de tot el treball que estan duent a terme al voltant del consum.<\/p>\n<p>[\/et_pb_blurb][\/et_pb_column][\/et_pb_row][\/et_pb_section]<\/p>\n","protected":false},"excerpt":{"rendered":"<p>Qu\u00e8 han apr\u00e8s els infants i joves al planeta Desig? Cliqueu aqu\u00ed!Voleu saber qu\u00e8 aprenen, com reflexionen els infants i joves sobre el consum?Un bon recull de tot el treball que estan duent a terme al voltant del consum.<\/p>\n","protected":false},"author":27,"featured_media":0,"parent":0,"menu_order":0,"comment_status":"closed","ping_status":"closed","template":"","meta":{"_et_pb_use_builder":"on","_et_pb_old_content":"","_et_gb_content_width":"","footnotes":""},"class_list":["post-728","page","type-page","status-publish","hentry"],"yoast_head":"<!-- This site is optimized with the Yoast SEO plugin v27.3 - https:\/\/yoast.com\/product\/yoast-seo-wordpress\/ -->\n<title>Experi\u00e8ncies - b612<\/title>\n<meta name=\"robots\" content=\"index, follow, max-snippet:-1, max-image-preview:large, max-video-preview:-1\" \/>\n<link rel=\"canonical\" href=\"https:\/\/fundesplai.org\/b612\/experiencies\/\" \/>\n<meta property=\"og:locale\" content=\"ca_ES\" \/>\n<meta property=\"og:type\" content=\"article\" \/>\n<meta property=\"og:title\" content=\"Experi\u00e8ncies - b612\" \/>\n<meta property=\"og:description\" content=\"Qu\u00e8 han apr\u00e8s els infants i joves al planeta Desig? Cliqueu aqu\u00ed!Voleu saber qu\u00e8 aprenen, com reflexionen els infants i joves sobre el consum?Un bon recull de tot el treball que estan duent a terme al voltant del consum.\" \/>\n<meta property=\"og:url\" content=\"https:\/\/fundesplai.org\/b612\/experiencies\/\" \/>\n<meta property=\"og:site_name\" content=\"b612\" \/>\n<meta property=\"article:modified_time\" content=\"2022-10-03T10:30:54+00:00\" \/>\n<meta name=\"twitter:card\" content=\"summary_large_image\" \/>\n<meta name=\"twitter:label1\" content=\"Temps estimat de lectura\" \/>\n\t<meta name=\"twitter:data1\" content=\"2 minuts\" \/>\n<script type=\"application\/ld+json\" class=\"yoast-schema-graph\">{\"@context\":\"https:\\\/\\\/schema.org\",\"@graph\":[{\"@type\":\"WebPage\",\"@id\":\"https:\\\/\\\/fundesplai.org\\\/b612\\\/experiencies\\\/\",\"url\":\"https:\\\/\\\/fundesplai.org\\\/b612\\\/experiencies\\\/\",\"name\":\"Experi\u00e8ncies - b612\",\"isPartOf\":{\"@id\":\"https:\\\/\\\/fundesplai.org\\\/b612\\\/#website\"},\"datePublished\":\"2022-10-03T10:30:51+00:00\",\"dateModified\":\"2022-10-03T10:30:54+00:00\",\"breadcrumb\":{\"@id\":\"https:\\\/\\\/fundesplai.org\\\/b612\\\/experiencies\\\/#breadcrumb\"},\"inLanguage\":\"ca\",\"potentialAction\":[{\"@type\":\"ReadAction\",\"target\":[\"https:\\\/\\\/fundesplai.org\\\/b612\\\/experiencies\\\/\"]}]},{\"@type\":\"BreadcrumbList\",\"@id\":\"https:\\\/\\\/fundesplai.org\\\/b612\\\/experiencies\\\/#breadcrumb\",\"itemListElement\":[{\"@type\":\"ListItem\",\"position\":1,\"name\":\"Inici\",\"item\":\"\\\/\"},{\"@type\":\"ListItem\",\"position\":2,\"name\":\"b612\",\"item\":\"https:\\\/\\\/fundesplai.org\\\/b612\"},{\"@type\":\"ListItem\",\"position\":3,\"name\":\"Experi\u00e8ncies\"}]},{\"@type\":\"WebSite\",\"@id\":\"https:\\\/\\\/fundesplai.org\\\/b612\\\/#website\",\"url\":\"https:\\\/\\\/fundesplai.org\\\/b612\\\/\",\"name\":\"b612\",\"description\":\"Proposta educativa de Fundesplai\",\"potentialAction\":[{\"@type\":\"SearchAction\",\"target\":{\"@type\":\"EntryPoint\",\"urlTemplate\":\"https:\\\/\\\/fundesplai.org\\\/b612\\\/?s={search_term_string}\"},\"query-input\":{\"@type\":\"PropertyValueSpecification\",\"valueRequired\":true,\"valueName\":\"search_term_string\"}}],\"inLanguage\":\"ca\"}]}<\/script>\n<!-- \/ Yoast SEO plugin. -->","yoast_head_json":{"title":"Experi\u00e8ncies - b612","robots":{"index":"index","follow":"follow","max-snippet":"max-snippet:-1","max-image-preview":"max-image-preview:large","max-video-preview":"max-video-preview:-1"},"canonical":"https:\/\/fundesplai.org\/b612\/experiencies\/","og_locale":"ca_ES","og_type":"article","og_title":"Experi\u00e8ncies - b612","og_description":"Qu\u00e8 han apr\u00e8s els infants i joves al planeta Desig? Cliqueu aqu\u00ed!Voleu saber qu\u00e8 aprenen, com reflexionen els infants i joves sobre el consum?Un bon recull de tot el treball que estan duent a terme al voltant del consum.","og_url":"https:\/\/fundesplai.org\/b612\/experiencies\/","og_site_name":"b612","article_modified_time":"2022-10-03T10:30:54+00:00","twitter_card":"summary_large_image","twitter_misc":{"Temps estimat de lectura":"2 minuts"},"schema":{"@context":"https:\/\/schema.org","@graph":[{"@type":"WebPage","@id":"https:\/\/fundesplai.org\/b612\/experiencies\/","url":"https:\/\/fundesplai.org\/b612\/experiencies\/","name":"Experi\u00e8ncies - b612","isPartOf":{"@id":"https:\/\/fundesplai.org\/b612\/#website"},"datePublished":"2022-10-03T10:30:51+00:00","dateModified":"2022-10-03T10:30:54+00:00","breadcrumb":{"@id":"https:\/\/fundesplai.org\/b612\/experiencies\/#breadcrumb"},"inLanguage":"ca","potentialAction":[{"@type":"ReadAction","target":["https:\/\/fundesplai.org\/b612\/experiencies\/"]}]},{"@type":"BreadcrumbList","@id":"https:\/\/fundesplai.org\/b612\/experiencies\/#breadcrumb","itemListElement":[{"@type":"ListItem","position":1,"name":"Inici","item":"\/"},{"@type":"ListItem","position":2,"name":"b612","item":"https:\/\/fundesplai.org\/b612"},{"@type":"ListItem","position":3,"name":"Experi\u00e8ncies"}]},{"@type":"WebSite","@id":"https:\/\/fundesplai.org\/b612\/#website","url":"https:\/\/fundesplai.org\/b612\/","name":"b612","description":"Proposta educativa de Fundesplai","potentialAction":[{"@type":"SearchAction","target":{"@type":"EntryPoint","urlTemplate":"https:\/\/fundesplai.org\/b612\/?s={search_term_string}"},"query-input":{"@type":"PropertyValueSpecification","valueRequired":true,"valueName":"search_term_string"}}],"inLanguage":"ca"}]}},"_links":{"self":[{"href":"https:\/\/fundesplai.org\/b612\/wp-json\/wp\/v2\/pages\/728","targetHints":{"allow":["GET"]}}],"collection":[{"href":"https:\/\/fundesplai.org\/b612\/wp-json\/wp\/v2\/pages"}],"about":[{"href":"https:\/\/fundesplai.org\/b612\/wp-json\/wp\/v2\/types\/page"}],"author":[{"embeddable":true,"href":"https:\/\/fundesplai.org\/b612\/wp-json\/wp\/v2\/users\/27"}],"replies":[{"embeddable":true,"href":"https:\/\/fundesplai.org\/b612\/wp-json\/wp\/v2\/comments?post=728"}],"version-history":[{"count":9,"href":"https:\/\/fundesplai.org\/b612\/wp-json\/wp\/v2\/pages\/728\/revisions"}],"predecessor-version":[{"id":741,"href":"https:\/\/fundesplai.org\/b612\/wp-json\/wp\/v2\/pages\/728\/revisions\/741"}],"wp:attachment":[{"href":"https:\/\/fundesplai.org\/b612\/wp-json\/wp\/v2\/media?parent=728"}],"curies":[{"name":"wp","href":"https:\/\/api.w.org\/{rel}","templated":true}]}}