{"id":529,"date":"2023-10-19T14:07:18","date_gmt":"2023-10-19T12:07:18","guid":{"rendered":"https:\/\/fundesplai.org\/agora\/?page_id=529"},"modified":"2023-10-19T14:08:37","modified_gmt":"2023-10-19T12:08:37","slug":"activitats","status":"publish","type":"page","link":"https:\/\/fundesplai.org\/agora\/activitats\/","title":{"rendered":"Activitats"},"content":{"rendered":"<p>[et_pb_section fb_built=&#8221;1&#8243; _builder_version=&#8221;4.21.0&#8243; _module_preset=&#8221;default&#8221; global_colors_info=&#8221;{}&#8221;][et_pb_row _builder_version=&#8221;4.21.0&#8243; _module_preset=&#8221;default&#8221; global_colors_info=&#8221;{}&#8221;][et_pb_column type=&#8221;4_4&#8243; _builder_version=&#8221;4.21.0&#8243; _module_preset=&#8221;default&#8221; global_colors_info=&#8221;{}&#8221;][et_pb_post_title meta=&#8221;off&#8221; featured_image=&#8221;off&#8221; _builder_version=&#8221;4.21.0&#8243; _module_preset=&#8221;default&#8221; global_colors_info=&#8221;{}&#8221;][\/et_pb_post_title][et_pb_accordion _builder_version=&#8221;4.21.0&#8243; _module_preset=&#8221;default&#8221; custom_margin=&#8221;||50px||false|false&#8221; global_colors_info=&#8221;{}&#8221;][et_pb_accordion_item title=&#8221;De 3 a 8 anys&#8221; open=&#8221;on&#8221; _builder_version=&#8221;4.21.0&#8243; _module_preset=&#8221;default&#8221; global_colors_info=&#8221;{}&#8221;]<\/p>\n<ul>\n<li><a href=\"https:\/\/fundesplai.org\/banc-recursos\/recurs\/recepta-felicitat\/\">La recepta de la felicitat<\/a><\/li>\n<li><a href=\"https:\/\/fundesplai.org\/banc-recursos\/recurs\/3-2-1-fem-la-motxilla\/\">3, 2, 1&#8230; Fem la motxilla!<\/a><\/li>\n<li><a href=\"https:\/\/fundesplai.org\/banc-recursos\/recurs\/lassemblea-de-terrastranya\/\">L&#8217;assemblea de Terrastranya<\/a><\/li>\n<li><a href=\"https:\/\/fundesplai.org\/banc-recursos\/recurs\/explorem-el-nostre-barri\/\">Explorem el nostre barri!<\/a><\/li>\n<li><a href=\"https:\/\/fundesplai.org\/banc-recursos\/recurs\/terrastranya-i-els-drets-de-linfant\/\">Terrastranya i els Drets de l&#8217;Infant<\/a><\/li>\n<li><a href=\"https:\/\/fundesplai.org\/banc-recursos\/recurs\/festival-de-terrastranya\/\">Festival de Terrastranya<\/a><\/li>\n<li><a href=\"https:\/\/fundesplai.org\/banc-recursos\/recurs\/excursio-als-boscos-del-corredor\/\">Excursi\u00f3 als Boscos del Corredor<\/a><\/li>\n<\/ul>\n<p>[\/et_pb_accordion_item][et_pb_accordion_item title=&#8221;De 8 a 12 anys&#8221; _builder_version=&#8221;4.21.0&#8243; _module_preset=&#8221;default&#8221; global_colors_info=&#8221;{}&#8221; open=&#8221;off&#8221;]<\/p>\n<ul>\n<li><a href=\"https:\/\/fundesplai.org\/banc-recursos\/recurs\/som-artistes\/\">Som Artistes!<\/a><\/li>\n<li><a href=\"https:\/\/fundesplai.org\/banc-recursos\/recurs\/posat-en-accio\/\">Posa&#8217;t en acci\u00f3!<\/a><\/li>\n<li><a href=\"https:\/\/fundesplai.org\/banc-recursos\/recurs\/un-tastet-saludable\/\">Un tastet saludable<\/a><\/li>\n<li><a href=\"https:\/\/fundesplai.org\/banc-recursos\/recurs\/voltant-pel-barri\/\">Voltant pel barri<\/a><\/li>\n<li><a href=\"https:\/\/fundesplai.org\/banc-recursos\/recurs\/el-consum-i-el-temps\/\">El consum i el temps<\/a><\/li>\n<li><a href=\"https:\/\/fundesplai.org\/banc-recursos\/recurs\/intercanvi-de-sabers\/\">Intercanvi de sabers<\/a><\/li>\n<li><a href=\"https:\/\/fundesplai.org\/banc-recursos\/recurs\/excursio-a-sant-marti-sarroca\/\">Excursi\u00f3 a Sant Mart\u00ed Sarroca<\/a><\/li>\n<\/ul>\n<p>[\/et_pb_accordion_item][et_pb_accordion_item title=&#8221;De 12 a 16 anys&#8221; _builder_version=&#8221;4.21.0&#8243; _module_preset=&#8221;default&#8221; global_colors_info=&#8221;{}&#8221; open=&#8221;off&#8221;]<\/p>\n<ul>\n<li><a href=\"https:\/\/fundesplai.org\/banc-recursos\/recurs\/el-viatge-a-leterna-primavera\/\">El viatge a l&#8217;eterna primavera<\/a><\/li>\n<li><a href=\"https:\/\/fundesplai.org\/banc-recursos\/recurs\/fem-retornar-el-llop-als-boscos-de-la-vall-dora\/\">Fem retornar el llop als Boscos de la Vall d&#8217;Ora<\/a><\/li>\n<li><a href=\"https:\/\/fundesplai.org\/banc-recursos\/recurs\/laufrany-de-les-cingleres-de-la-vall-de-sau\/\">L&#8217;Aufrany de les Cingleres de la Vall de Sau<\/a><\/li>\n<li><a href=\"https:\/\/fundesplai.org\/banc-recursos\/recurs\/tu-tu-tothom\/\">Tu, tu, tothom&#8230;<\/a><\/li>\n<li><a href=\"https:\/\/fundesplai.org\/banc-recursos\/recurs\/dospunteritzat\/\">Dospunteritza&#8217;t!<\/a><\/li>\n<li><a href=\"https:\/\/fundesplai.org\/banc-recursos\/recurs\/solidaritzat-amb-el-teu-barri\/\">Solidaritza&#8217;t amb el teu barri<\/a><\/li>\n<li><a href=\"https:\/\/fundesplai.org\/banc-recursos\/recurs\/oci-nocturn-alternatiu\/\">Oci nocturn alternatiu<\/a><\/li>\n<\/ul>\n<p>[\/et_pb_accordion_item][\/et_pb_accordion][\/et_pb_column][\/et_pb_row][\/et_pb_section]<\/p>\n","protected":false},"excerpt":{"rendered":"<p>La recepta de la felicitat 3, 2, 1&#8230; Fem la motxilla! L&#8217;assemblea de Terrastranya Explorem el nostre barri! Terrastranya i els Drets de l&#8217;Infant Festival de Terrastranya Excursi\u00f3 als Boscos del Corredor Som Artistes! Posa&#8217;t en acci\u00f3! Un tastet saludable Voltant pel barri El consum i el temps Intercanvi de sabers Excursi\u00f3 a Sant Mart\u00ed [&hellip;]<\/p>\n","protected":false},"author":27,"featured_media":0,"parent":0,"menu_order":0,"comment_status":"closed","ping_status":"closed","template":"","meta":{"_et_pb_use_builder":"on","_et_pb_old_content":"","_et_gb_content_width":"","footnotes":""},"class_list":["post-529","page","type-page","status-publish","hentry"],"yoast_head":"<!-- This site is optimized with the Yoast SEO plugin v27.3 - https:\/\/yoast.com\/product\/yoast-seo-wordpress\/ -->\n<title>Activitats - Agora<\/title>\n<meta name=\"robots\" content=\"index, follow, max-snippet:-1, max-image-preview:large, max-video-preview:-1\" \/>\n<link rel=\"canonical\" href=\"https:\/\/fundesplai.org\/agora\/activitats\/\" \/>\n<meta property=\"og:locale\" content=\"ca_ES\" \/>\n<meta property=\"og:type\" content=\"article\" \/>\n<meta property=\"og:title\" content=\"Activitats - Agora\" \/>\n<meta property=\"og:description\" content=\"La recepta de la felicitat 3, 2, 1... Fem la motxilla! L&#039;assemblea de Terrastranya Explorem el nostre barri! Terrastranya i els Drets de l&#039;Infant Festival de Terrastranya Excursi\u00f3 als Boscos del Corredor Som Artistes! Posa&#039;t en acci\u00f3! Un tastet saludable Voltant pel barri El consum i el temps Intercanvi de sabers Excursi\u00f3 a Sant Mart\u00ed [&hellip;]\" \/>\n<meta property=\"og:url\" content=\"https:\/\/fundesplai.org\/agora\/activitats\/\" \/>\n<meta property=\"og:site_name\" content=\"Agora\" \/>\n<meta property=\"article:modified_time\" content=\"2023-10-19T12:08:37+00:00\" \/>\n<meta name=\"twitter:card\" content=\"summary_large_image\" \/>\n<meta name=\"twitter:label1\" content=\"Temps estimat de lectura\" \/>\n\t<meta name=\"twitter:data1\" content=\"1 minut\" \/>\n<script type=\"application\/ld+json\" class=\"yoast-schema-graph\">{\"@context\":\"https:\\\/\\\/schema.org\",\"@graph\":[{\"@type\":\"WebPage\",\"@id\":\"https:\\\/\\\/fundesplai.org\\\/agora\\\/activitats\\\/\",\"url\":\"https:\\\/\\\/fundesplai.org\\\/agora\\\/activitats\\\/\",\"name\":\"Activitats - Agora\",\"isPartOf\":{\"@id\":\"https:\\\/\\\/fundesplai.org\\\/agora\\\/#website\"},\"datePublished\":\"2023-10-19T12:07:18+00:00\",\"dateModified\":\"2023-10-19T12:08:37+00:00\",\"breadcrumb\":{\"@id\":\"https:\\\/\\\/fundesplai.org\\\/agora\\\/activitats\\\/#breadcrumb\"},\"inLanguage\":\"ca\",\"potentialAction\":[{\"@type\":\"ReadAction\",\"target\":[\"https:\\\/\\\/fundesplai.org\\\/agora\\\/activitats\\\/\"]}]},{\"@type\":\"BreadcrumbList\",\"@id\":\"https:\\\/\\\/fundesplai.org\\\/agora\\\/activitats\\\/#breadcrumb\",\"itemListElement\":[{\"@type\":\"ListItem\",\"position\":1,\"name\":\"Inici\",\"item\":\"\\\/\"},{\"@type\":\"ListItem\",\"position\":2,\"name\":\"Agora\",\"item\":\"https:\\\/\\\/fundesplai.org\\\/agora\"},{\"@type\":\"ListItem\",\"position\":3,\"name\":\"Activitats\"}]},{\"@type\":\"WebSite\",\"@id\":\"https:\\\/\\\/fundesplai.org\\\/agora\\\/#website\",\"url\":\"https:\\\/\\\/fundesplai.org\\\/agora\\\/\",\"name\":\"Agora\",\"description\":\"Proposta educativa de Fundesplai\",\"potentialAction\":[{\"@type\":\"SearchAction\",\"target\":{\"@type\":\"EntryPoint\",\"urlTemplate\":\"https:\\\/\\\/fundesplai.org\\\/agora\\\/?s={search_term_string}\"},\"query-input\":{\"@type\":\"PropertyValueSpecification\",\"valueRequired\":true,\"valueName\":\"search_term_string\"}}],\"inLanguage\":\"ca\"}]}<\/script>\n<!-- \/ Yoast SEO plugin. -->","yoast_head_json":{"title":"Activitats - Agora","robots":{"index":"index","follow":"follow","max-snippet":"max-snippet:-1","max-image-preview":"max-image-preview:large","max-video-preview":"max-video-preview:-1"},"canonical":"https:\/\/fundesplai.org\/agora\/activitats\/","og_locale":"ca_ES","og_type":"article","og_title":"Activitats - Agora","og_description":"La recepta de la felicitat 3, 2, 1... Fem la motxilla! L'assemblea de Terrastranya Explorem el nostre barri! Terrastranya i els Drets de l'Infant Festival de Terrastranya Excursi\u00f3 als Boscos del Corredor Som Artistes! Posa't en acci\u00f3! Un tastet saludable Voltant pel barri El consum i el temps Intercanvi de sabers Excursi\u00f3 a Sant Mart\u00ed [&hellip;]","og_url":"https:\/\/fundesplai.org\/agora\/activitats\/","og_site_name":"Agora","article_modified_time":"2023-10-19T12:08:37+00:00","twitter_card":"summary_large_image","twitter_misc":{"Temps estimat de lectura":"1 minut"},"schema":{"@context":"https:\/\/schema.org","@graph":[{"@type":"WebPage","@id":"https:\/\/fundesplai.org\/agora\/activitats\/","url":"https:\/\/fundesplai.org\/agora\/activitats\/","name":"Activitats - Agora","isPartOf":{"@id":"https:\/\/fundesplai.org\/agora\/#website"},"datePublished":"2023-10-19T12:07:18+00:00","dateModified":"2023-10-19T12:08:37+00:00","breadcrumb":{"@id":"https:\/\/fundesplai.org\/agora\/activitats\/#breadcrumb"},"inLanguage":"ca","potentialAction":[{"@type":"ReadAction","target":["https:\/\/fundesplai.org\/agora\/activitats\/"]}]},{"@type":"BreadcrumbList","@id":"https:\/\/fundesplai.org\/agora\/activitats\/#breadcrumb","itemListElement":[{"@type":"ListItem","position":1,"name":"Inici","item":"\/"},{"@type":"ListItem","position":2,"name":"Agora","item":"https:\/\/fundesplai.org\/agora"},{"@type":"ListItem","position":3,"name":"Activitats"}]},{"@type":"WebSite","@id":"https:\/\/fundesplai.org\/agora\/#website","url":"https:\/\/fundesplai.org\/agora\/","name":"Agora","description":"Proposta educativa de Fundesplai","potentialAction":[{"@type":"SearchAction","target":{"@type":"EntryPoint","urlTemplate":"https:\/\/fundesplai.org\/agora\/?s={search_term_string}"},"query-input":{"@type":"PropertyValueSpecification","valueRequired":true,"valueName":"search_term_string"}}],"inLanguage":"ca"}]}},"_links":{"self":[{"href":"https:\/\/fundesplai.org\/agora\/wp-json\/wp\/v2\/pages\/529","targetHints":{"allow":["GET"]}}],"collection":[{"href":"https:\/\/fundesplai.org\/agora\/wp-json\/wp\/v2\/pages"}],"about":[{"href":"https:\/\/fundesplai.org\/agora\/wp-json\/wp\/v2\/types\/page"}],"author":[{"embeddable":true,"href":"https:\/\/fundesplai.org\/agora\/wp-json\/wp\/v2\/users\/27"}],"replies":[{"embeddable":true,"href":"https:\/\/fundesplai.org\/agora\/wp-json\/wp\/v2\/comments?post=529"}],"version-history":[{"count":6,"href":"https:\/\/fundesplai.org\/agora\/wp-json\/wp\/v2\/pages\/529\/revisions"}],"predecessor-version":[{"id":537,"href":"https:\/\/fundesplai.org\/agora\/wp-json\/wp\/v2\/pages\/529\/revisions\/537"}],"wp:attachment":[{"href":"https:\/\/fundesplai.org\/agora\/wp-json\/wp\/v2\/media?parent=529"}],"curies":[{"name":"wp","href":"https:\/\/api.w.org\/{rel}","templated":true}]}}