{"id":460,"date":"2022-09-13T12:06:10","date_gmt":"2022-09-13T10:06:10","guid":{"rendered":"https:\/\/fundesplai.org\/agora\/?page_id=460"},"modified":"2022-09-13T12:06:14","modified_gmt":"2022-09-13T10:06:14","slug":"de-12-a-16-anys","status":"publish","type":"page","link":"https:\/\/fundesplai.org\/agora\/eix-animacio\/de-12-a-16-anys\/","title":{"rendered":"De 12 a 16 anys"},"content":{"rendered":"<p>[et_pb_section fb_built=&#8221;1&#8243; _builder_version=&#8221;4.17.4&#8243; _module_preset=&#8221;default&#8221; global_colors_info=&#8221;{}&#8221;][et_pb_row _builder_version=&#8221;4.17.4&#8243; _module_preset=&#8221;default&#8221; global_colors_info=&#8221;{}&#8221;][et_pb_column type=&#8221;4_4&#8243; _builder_version=&#8221;4.17.4&#8243; _module_preset=&#8221;default&#8221; global_colors_info=&#8221;{}&#8221;][et_pb_post_title meta=&#8221;off&#8221; featured_image=&#8221;off&#8221; _builder_version=&#8221;4.17.4&#8243; _module_preset=&#8221;default&#8221; global_colors_info=&#8221;{}&#8221;][\/et_pb_post_title][et_pb_text _builder_version=&#8221;4.17.4&#8243; _module_preset=&#8221;default&#8221; global_colors_info=&#8221;{}&#8221;]<\/p>\n<h3 id=\"projectes\">PROJECTES I CUST\u00d2DIA DEL TERRITORI<\/h3>\n<p>Mantenim la nostra habitual proposta d\u2019activitats per a joves estructurades en projectes, que pretenen inspirar-los per dur a terme les seves pr\u00f2pies propostes de treball. Aquest any, fem \u00e8mfasi en el projecte ambiental Cust\u00f2dia del Territori, com una de les principals iniciatives en la proposta educativa.<\/p>\n<p>La Cust\u00f2dia del Territori \u00e9s un\u00a0<strong>conjunt d\u2019estrat\u00e8gies i instruments que pretenen implicar a les persones propiet\u00e0ries i usu\u00e0ries del territori en la conservaci\u00f3 i el bon \u00fas dels valors i els recursos naturals, culturals i paisatg\u00edstics.<\/strong><\/p>\n<p>Proposem que aquest projecte serveixi perqu\u00e8 els vostres grups puguin convertir-se en \u201centitats de cust\u00f2dia\u201d, i puguin viure l\u2019experi\u00e8ncia del voluntariat a partir del comprom\u00eds amb la conservaci\u00f3 del nostre patrimoni natural.\u00a0<strong>L\u2019hem triat per diverses raons:<\/strong><\/p>\n<ul>\n<li>La Cust\u00f2dia del Territori \u00e9s un\u00a0<strong>projecte participatiu per definici\u00f3<\/strong>: sense entitats de cust\u00f2dia amb voluntaris ambientals, la cust\u00f2dia no \u00e9s possible.<\/li>\n<li>Permet acostar els grups de joves a diversos espais naturals amb problem\u00e0tiques diferents; cosa que possibilita\u00a0<strong>elaborar estrat\u00e8gies de grup pr\u00f2pies amb ritmes i propostes exclusives,\u00a0<\/strong>amb metodologia Aprenentatge-Servei.<\/li>\n<li>Permet valorar la import\u00e0ncia de la biodiversitat, i\u00a0<strong>vincular la responsabilitat de les nostres accions quotidianes en la seva conservaci\u00f3<\/strong>.<\/li>\n<li>Fomenta la participaci\u00f3,\u00a0<strong>el treball en equip, la reflexi\u00f3 cr\u00edtica<\/strong>, l\u2019an\u00e0lisi i la capacitat per argumentar i exposar les opinions.<\/li>\n<li>\u00c9s una oportunitat\u00a0<strong>per con\u00e8ixer altres grups de joves<\/strong>, altres realitats i altres punts de vista.<\/li>\n<\/ul>\n<p><strong><em>El projecte Cust\u00f2dia del Territori es coordinar\u00e0 des de la Federaci\u00f3. Tots els esplais i grups de joves interessats a participar, poseu-vos-hi en contacte a trav\u00e9s de l\u2019adre\u00e7a federacio@esplai.org.<\/em><\/strong><\/p>\n<p>[\/et_pb_text][\/et_pb_column][\/et_pb_row][\/et_pb_section]<\/p>\n","protected":false},"excerpt":{"rendered":"<p>PROJECTES I CUST\u00d2DIA DEL TERRITORI Mantenim la nostra habitual proposta d\u2019activitats per a joves estructurades en projectes, que pretenen inspirar-los per dur a terme les seves pr\u00f2pies propostes de treball. Aquest any, fem \u00e8mfasi en el projecte ambiental Cust\u00f2dia del Territori, com una de les principals iniciatives en la proposta educativa. La Cust\u00f2dia del Territori [&hellip;]<\/p>\n","protected":false},"author":27,"featured_media":0,"parent":138,"menu_order":0,"comment_status":"closed","ping_status":"closed","template":"","meta":{"_et_pb_use_builder":"on","_et_pb_old_content":"","_et_gb_content_width":"","footnotes":""},"class_list":["post-460","page","type-page","status-publish","hentry"],"yoast_head":"<!-- This site is optimized with the Yoast SEO plugin v27.3 - https:\/\/yoast.com\/product\/yoast-seo-wordpress\/ -->\n<title>De 12 a 16 anys - Agora<\/title>\n<meta name=\"robots\" content=\"index, follow, max-snippet:-1, max-image-preview:large, max-video-preview:-1\" \/>\n<link rel=\"canonical\" href=\"https:\/\/fundesplai.org\/agora\/eix-animacio\/de-12-a-16-anys\/\" \/>\n<meta property=\"og:locale\" content=\"ca_ES\" \/>\n<meta property=\"og:type\" content=\"article\" \/>\n<meta property=\"og:title\" content=\"De 12 a 16 anys - Agora\" \/>\n<meta property=\"og:description\" content=\"PROJECTES I CUST\u00d2DIA DEL TERRITORI Mantenim la nostra habitual proposta d\u2019activitats per a joves estructurades en projectes, que pretenen inspirar-los per dur a terme les seves pr\u00f2pies propostes de treball. Aquest any, fem \u00e8mfasi en el projecte ambiental Cust\u00f2dia del Territori, com una de les principals iniciatives en la proposta educativa. La Cust\u00f2dia del Territori [&hellip;]\" \/>\n<meta property=\"og:url\" content=\"https:\/\/fundesplai.org\/agora\/eix-animacio\/de-12-a-16-anys\/\" \/>\n<meta property=\"og:site_name\" content=\"Agora\" \/>\n<meta property=\"article:modified_time\" content=\"2022-09-13T10:06:14+00:00\" \/>\n<meta name=\"twitter:card\" content=\"summary_large_image\" \/>\n<meta name=\"twitter:label1\" content=\"Temps estimat de lectura\" \/>\n\t<meta name=\"twitter:data1\" content=\"2 minuts\" \/>\n<script type=\"application\/ld+json\" class=\"yoast-schema-graph\">{\"@context\":\"https:\\\/\\\/schema.org\",\"@graph\":[{\"@type\":\"WebPage\",\"@id\":\"https:\\\/\\\/fundesplai.org\\\/agora\\\/eix-animacio\\\/de-12-a-16-anys\\\/\",\"url\":\"https:\\\/\\\/fundesplai.org\\\/agora\\\/eix-animacio\\\/de-12-a-16-anys\\\/\",\"name\":\"De 12 a 16 anys - Agora\",\"isPartOf\":{\"@id\":\"https:\\\/\\\/fundesplai.org\\\/agora\\\/#website\"},\"datePublished\":\"2022-09-13T10:06:10+00:00\",\"dateModified\":\"2022-09-13T10:06:14+00:00\",\"breadcrumb\":{\"@id\":\"https:\\\/\\\/fundesplai.org\\\/agora\\\/eix-animacio\\\/de-12-a-16-anys\\\/#breadcrumb\"},\"inLanguage\":\"ca\",\"potentialAction\":[{\"@type\":\"ReadAction\",\"target\":[\"https:\\\/\\\/fundesplai.org\\\/agora\\\/eix-animacio\\\/de-12-a-16-anys\\\/\"]}]},{\"@type\":\"BreadcrumbList\",\"@id\":\"https:\\\/\\\/fundesplai.org\\\/agora\\\/eix-animacio\\\/de-12-a-16-anys\\\/#breadcrumb\",\"itemListElement\":[{\"@type\":\"ListItem\",\"position\":1,\"name\":\"Inici\",\"item\":\"\\\/\"},{\"@type\":\"ListItem\",\"position\":2,\"name\":\"Agora\",\"item\":\"https:\\\/\\\/fundesplai.org\\\/agora\"},{\"@type\":\"ListItem\",\"position\":3,\"name\":\"Eix d&#8217;animaci\u00f3\",\"item\":\"https:\\\/\\\/fundesplai.org\\\/agora\\\/eix-animacio\\\/\"},{\"@type\":\"ListItem\",\"position\":4,\"name\":\"De 12 a 16 anys\"}]},{\"@type\":\"WebSite\",\"@id\":\"https:\\\/\\\/fundesplai.org\\\/agora\\\/#website\",\"url\":\"https:\\\/\\\/fundesplai.org\\\/agora\\\/\",\"name\":\"Agora\",\"description\":\"Proposta educativa de Fundesplai\",\"potentialAction\":[{\"@type\":\"SearchAction\",\"target\":{\"@type\":\"EntryPoint\",\"urlTemplate\":\"https:\\\/\\\/fundesplai.org\\\/agora\\\/?s={search_term_string}\"},\"query-input\":{\"@type\":\"PropertyValueSpecification\",\"valueRequired\":true,\"valueName\":\"search_term_string\"}}],\"inLanguage\":\"ca\"}]}<\/script>\n<!-- \/ Yoast SEO plugin. -->","yoast_head_json":{"title":"De 12 a 16 anys - Agora","robots":{"index":"index","follow":"follow","max-snippet":"max-snippet:-1","max-image-preview":"max-image-preview:large","max-video-preview":"max-video-preview:-1"},"canonical":"https:\/\/fundesplai.org\/agora\/eix-animacio\/de-12-a-16-anys\/","og_locale":"ca_ES","og_type":"article","og_title":"De 12 a 16 anys - Agora","og_description":"PROJECTES I CUST\u00d2DIA DEL TERRITORI Mantenim la nostra habitual proposta d\u2019activitats per a joves estructurades en projectes, que pretenen inspirar-los per dur a terme les seves pr\u00f2pies propostes de treball. Aquest any, fem \u00e8mfasi en el projecte ambiental Cust\u00f2dia del Territori, com una de les principals iniciatives en la proposta educativa. La Cust\u00f2dia del Territori [&hellip;]","og_url":"https:\/\/fundesplai.org\/agora\/eix-animacio\/de-12-a-16-anys\/","og_site_name":"Agora","article_modified_time":"2022-09-13T10:06:14+00:00","twitter_card":"summary_large_image","twitter_misc":{"Temps estimat de lectura":"2 minuts"},"schema":{"@context":"https:\/\/schema.org","@graph":[{"@type":"WebPage","@id":"https:\/\/fundesplai.org\/agora\/eix-animacio\/de-12-a-16-anys\/","url":"https:\/\/fundesplai.org\/agora\/eix-animacio\/de-12-a-16-anys\/","name":"De 12 a 16 anys - Agora","isPartOf":{"@id":"https:\/\/fundesplai.org\/agora\/#website"},"datePublished":"2022-09-13T10:06:10+00:00","dateModified":"2022-09-13T10:06:14+00:00","breadcrumb":{"@id":"https:\/\/fundesplai.org\/agora\/eix-animacio\/de-12-a-16-anys\/#breadcrumb"},"inLanguage":"ca","potentialAction":[{"@type":"ReadAction","target":["https:\/\/fundesplai.org\/agora\/eix-animacio\/de-12-a-16-anys\/"]}]},{"@type":"BreadcrumbList","@id":"https:\/\/fundesplai.org\/agora\/eix-animacio\/de-12-a-16-anys\/#breadcrumb","itemListElement":[{"@type":"ListItem","position":1,"name":"Inici","item":"\/"},{"@type":"ListItem","position":2,"name":"Agora","item":"https:\/\/fundesplai.org\/agora"},{"@type":"ListItem","position":3,"name":"Eix d&#8217;animaci\u00f3","item":"https:\/\/fundesplai.org\/agora\/eix-animacio\/"},{"@type":"ListItem","position":4,"name":"De 12 a 16 anys"}]},{"@type":"WebSite","@id":"https:\/\/fundesplai.org\/agora\/#website","url":"https:\/\/fundesplai.org\/agora\/","name":"Agora","description":"Proposta educativa de Fundesplai","potentialAction":[{"@type":"SearchAction","target":{"@type":"EntryPoint","urlTemplate":"https:\/\/fundesplai.org\/agora\/?s={search_term_string}"},"query-input":{"@type":"PropertyValueSpecification","valueRequired":true,"valueName":"search_term_string"}}],"inLanguage":"ca"}]}},"_links":{"self":[{"href":"https:\/\/fundesplai.org\/agora\/wp-json\/wp\/v2\/pages\/460","targetHints":{"allow":["GET"]}}],"collection":[{"href":"https:\/\/fundesplai.org\/agora\/wp-json\/wp\/v2\/pages"}],"about":[{"href":"https:\/\/fundesplai.org\/agora\/wp-json\/wp\/v2\/types\/page"}],"author":[{"embeddable":true,"href":"https:\/\/fundesplai.org\/agora\/wp-json\/wp\/v2\/users\/27"}],"replies":[{"embeddable":true,"href":"https:\/\/fundesplai.org\/agora\/wp-json\/wp\/v2\/comments?post=460"}],"version-history":[{"count":5,"href":"https:\/\/fundesplai.org\/agora\/wp-json\/wp\/v2\/pages\/460\/revisions"}],"predecessor-version":[{"id":467,"href":"https:\/\/fundesplai.org\/agora\/wp-json\/wp\/v2\/pages\/460\/revisions\/467"}],"up":[{"embeddable":true,"href":"https:\/\/fundesplai.org\/agora\/wp-json\/wp\/v2\/pages\/138"}],"wp:attachment":[{"href":"https:\/\/fundesplai.org\/agora\/wp-json\/wp\/v2\/media?parent=460"}],"curies":[{"name":"wp","href":"https:\/\/api.w.org\/{rel}","templated":true}]}}