{"id":455,"date":"2022-09-13T12:04:33","date_gmt":"2022-09-13T10:04:33","guid":{"rendered":"https:\/\/fundesplai.org\/agora\/?page_id=455"},"modified":"2022-09-13T12:04:37","modified_gmt":"2022-09-13T10:04:37","slug":"de-8-a-12-anys","status":"publish","type":"page","link":"https:\/\/fundesplai.org\/agora\/eix-animacio\/de-8-a-12-anys\/","title":{"rendered":"De 8 a 12 anys"},"content":{"rendered":"<p>[et_pb_section fb_built=&#8221;1&#8243; _builder_version=&#8221;4.17.4&#8243; _module_preset=&#8221;default&#8221; global_colors_info=&#8221;{}&#8221;][et_pb_row _builder_version=&#8221;4.17.4&#8243; _module_preset=&#8221;default&#8221; global_colors_info=&#8221;{}&#8221;][et_pb_column type=&#8221;4_4&#8243; _builder_version=&#8221;4.17.4&#8243; _module_preset=&#8221;default&#8221; global_colors_info=&#8221;{}&#8221;][et_pb_post_title meta=&#8221;off&#8221; featured_image=&#8221;off&#8221; _builder_version=&#8221;4.17.4&#8243; _module_preset=&#8221;default&#8221; global_colors_info=&#8221;{}&#8221;][\/et_pb_post_title][et_pb_text _builder_version=&#8221;4.17.4&#8243; _module_preset=&#8221;default&#8221; global_colors_info=&#8221;{}&#8221;]<\/p>\n<h3 id=\"centre-interes\">EL CENTRE D\u2019INTER\u00c8S: LA CIVILITZACI\u00d3 DE LA TASSA<\/h3>\n<p>El centre d\u2019inter\u00e8s que presentem per als infants de 8 a 12 anys es tracta d\u2019una proposta l\u00fadica inspirada en la hist\u00f2ria d<strong>\u2018una civilitzaci\u00f3 que apareix dins una tassa<\/strong>, de la qual els nois i noies en s\u00f3n els responsables. Amb la idea de vetllar pel benestar d\u2019aquesta civilitzaci\u00f3 els nois i noies podran prendre consci\u00e8ncia de la seva pr\u00f2pia realitat i del sistema democr\u00e0tic en el qual es construeix la nostra societat.<\/p>\n<p>Hem triat aquesta proposta per diverses raons:<\/p>\n<ul>\n<li>Amb aquest centre d\u2019inter\u00e8s tenim\u00a0<strong>la possibilitat de jugar amb elements fant\u00e0stics i imaginaris,\u00a0<\/strong>per\u00f2<strong>\u00a0relacionant-los amb la realitat i la quotidianitat<\/strong>, factor important en aquesta franja d\u2019edat.<\/li>\n<li>Ofereix la possibilitat de\u00a0<strong>treballar diferents estrat\u00e8gies participatives<\/strong>\u00a0i fer que els mitjans reflexionin sobre les seves capacitats per actuar i expressar el que senten i pensen.<\/li>\n<li>Contribueix a\u00a0<strong>refor\u00e7ar el valor de la participaci\u00f3,\u00a0<\/strong>en tant que el treball cooperatiu i l\u2019aportaci\u00f3 individual s\u00f3n necess\u00e0ries per aconseguir que els habitants de la tassa sobrevisquin.<\/li>\n<li>Obre l\u2019oportunitat de plantejar una\u00a0<strong>reflexi\u00f3 sobre l\u2019\u00fas responsable de les TIC<\/strong>\u00a0i con\u00e8ixer les possibilitats que ofereix la xarxa com a espai participatiu.<\/li>\n<li>\u00c9s un instrument perqu\u00e8 els mitjans\u00a0<strong>s\u2019impliquin directament en la vida participativa del seu entorn\u00a0<\/strong>m\u00e9s proper, com \u00e9s el barri o la ciutat.<\/li>\n<\/ul>\n<p><strong>Elements motivadors<\/strong><\/p>\n<ul>\n<li><strong>L\u2019experiment<\/strong>: ens servir\u00e0 per introduir el centre d\u2019inter\u00e8s, tot donant vida a la Civilitzaci\u00f3 de la Tassa!\u00a0<a href=\"http:\/\/www2.fundesplai.org\/agora\/PDF\/Activitats\/Mitjans\/ANNEXES\/Annex-Experiment.pdf\" target=\"_blank\" rel=\"noreferrer noopener\">ANNEX + PDF Experiment<\/a><\/li>\n<li><strong>El blog<\/strong><strong>:\u00a0<\/strong>\u00e9s\u00a0<strong><a href=\"http:\/\/latassa.fundesplai.org\/\" target=\"_blank\" rel=\"noreferrer noopener\">la guia d\u2019instruccions<\/a><\/strong>\u00a0que ens facilita el personatge que apareix despr\u00e9s de l\u2019experiment que d\u00f3na vida a la civilitzaci\u00f3 de la tassa. Ser\u00e0 l\u2019element que ens ajudar\u00e0 a vincular totes les activitats que desenvolupin els infants.<\/li>\n<li><strong>Plaf\u00f3 de not\u00edcies:\u00a0<\/strong>referents a situacions que es donen dins la tassa, que els monitors\/es podem penjar a la sala dels mitjans, amb la freq\u00fc\u00e8ncia que es trobi necess\u00e0ria. +PDF exemples de not\u00edcies<\/li>\n<li><strong>La maqueta:\u00a0<\/strong>ens ajudar\u00e0 a fer una transfer\u00e8ncia directa del que li passa a la civilitzaci\u00f3 amb la realitat del grup de mitjans.<\/li>\n<\/ul>\n<p>[\/et_pb_text][\/et_pb_column][\/et_pb_row][\/et_pb_section]<\/p>\n","protected":false},"excerpt":{"rendered":"<p>EL CENTRE D\u2019INTER\u00c8S: LA CIVILITZACI\u00d3 DE LA TASSA El centre d\u2019inter\u00e8s que presentem per als infants de 8 a 12 anys es tracta d\u2019una proposta l\u00fadica inspirada en la hist\u00f2ria d\u2018una civilitzaci\u00f3 que apareix dins una tassa, de la qual els nois i noies en s\u00f3n els responsables. Amb la idea de vetllar pel benestar [&hellip;]<\/p>\n","protected":false},"author":27,"featured_media":0,"parent":138,"menu_order":0,"comment_status":"closed","ping_status":"closed","template":"","meta":{"_et_pb_use_builder":"on","_et_pb_old_content":"","_et_gb_content_width":"","footnotes":""},"class_list":["post-455","page","type-page","status-publish","hentry"],"yoast_head":"<!-- This site is optimized with the Yoast SEO plugin v27.3 - https:\/\/yoast.com\/product\/yoast-seo-wordpress\/ -->\n<title>De 8 a 12 anys - Agora<\/title>\n<meta name=\"robots\" content=\"index, follow, max-snippet:-1, max-image-preview:large, max-video-preview:-1\" \/>\n<link rel=\"canonical\" href=\"https:\/\/fundesplai.org\/agora\/eix-animacio\/de-8-a-12-anys\/\" \/>\n<meta property=\"og:locale\" content=\"ca_ES\" \/>\n<meta property=\"og:type\" content=\"article\" \/>\n<meta property=\"og:title\" content=\"De 8 a 12 anys - Agora\" \/>\n<meta property=\"og:description\" content=\"EL CENTRE D\u2019INTER\u00c8S: LA CIVILITZACI\u00d3 DE LA TASSA El centre d\u2019inter\u00e8s que presentem per als infants de 8 a 12 anys es tracta d\u2019una proposta l\u00fadica inspirada en la hist\u00f2ria d\u2018una civilitzaci\u00f3 que apareix dins una tassa, de la qual els nois i noies en s\u00f3n els responsables. Amb la idea de vetllar pel benestar [&hellip;]\" \/>\n<meta property=\"og:url\" content=\"https:\/\/fundesplai.org\/agora\/eix-animacio\/de-8-a-12-anys\/\" \/>\n<meta property=\"og:site_name\" content=\"Agora\" \/>\n<meta property=\"article:modified_time\" content=\"2022-09-13T10:04:37+00:00\" \/>\n<meta name=\"twitter:card\" content=\"summary_large_image\" \/>\n<meta name=\"twitter:label1\" content=\"Temps estimat de lectura\" \/>\n\t<meta name=\"twitter:data1\" content=\"2 minuts\" \/>\n<script type=\"application\/ld+json\" class=\"yoast-schema-graph\">{\"@context\":\"https:\\\/\\\/schema.org\",\"@graph\":[{\"@type\":\"WebPage\",\"@id\":\"https:\\\/\\\/fundesplai.org\\\/agora\\\/eix-animacio\\\/de-8-a-12-anys\\\/\",\"url\":\"https:\\\/\\\/fundesplai.org\\\/agora\\\/eix-animacio\\\/de-8-a-12-anys\\\/\",\"name\":\"De 8 a 12 anys - Agora\",\"isPartOf\":{\"@id\":\"https:\\\/\\\/fundesplai.org\\\/agora\\\/#website\"},\"datePublished\":\"2022-09-13T10:04:33+00:00\",\"dateModified\":\"2022-09-13T10:04:37+00:00\",\"breadcrumb\":{\"@id\":\"https:\\\/\\\/fundesplai.org\\\/agora\\\/eix-animacio\\\/de-8-a-12-anys\\\/#breadcrumb\"},\"inLanguage\":\"ca\",\"potentialAction\":[{\"@type\":\"ReadAction\",\"target\":[\"https:\\\/\\\/fundesplai.org\\\/agora\\\/eix-animacio\\\/de-8-a-12-anys\\\/\"]}]},{\"@type\":\"BreadcrumbList\",\"@id\":\"https:\\\/\\\/fundesplai.org\\\/agora\\\/eix-animacio\\\/de-8-a-12-anys\\\/#breadcrumb\",\"itemListElement\":[{\"@type\":\"ListItem\",\"position\":1,\"name\":\"Inici\",\"item\":\"\\\/\"},{\"@type\":\"ListItem\",\"position\":2,\"name\":\"Agora\",\"item\":\"https:\\\/\\\/fundesplai.org\\\/agora\"},{\"@type\":\"ListItem\",\"position\":3,\"name\":\"Eix d&#8217;animaci\u00f3\",\"item\":\"https:\\\/\\\/fundesplai.org\\\/agora\\\/eix-animacio\\\/\"},{\"@type\":\"ListItem\",\"position\":4,\"name\":\"De 8 a 12 anys\"}]},{\"@type\":\"WebSite\",\"@id\":\"https:\\\/\\\/fundesplai.org\\\/agora\\\/#website\",\"url\":\"https:\\\/\\\/fundesplai.org\\\/agora\\\/\",\"name\":\"Agora\",\"description\":\"Proposta educativa de Fundesplai\",\"potentialAction\":[{\"@type\":\"SearchAction\",\"target\":{\"@type\":\"EntryPoint\",\"urlTemplate\":\"https:\\\/\\\/fundesplai.org\\\/agora\\\/?s={search_term_string}\"},\"query-input\":{\"@type\":\"PropertyValueSpecification\",\"valueRequired\":true,\"valueName\":\"search_term_string\"}}],\"inLanguage\":\"ca\"}]}<\/script>\n<!-- \/ Yoast SEO plugin. -->","yoast_head_json":{"title":"De 8 a 12 anys - Agora","robots":{"index":"index","follow":"follow","max-snippet":"max-snippet:-1","max-image-preview":"max-image-preview:large","max-video-preview":"max-video-preview:-1"},"canonical":"https:\/\/fundesplai.org\/agora\/eix-animacio\/de-8-a-12-anys\/","og_locale":"ca_ES","og_type":"article","og_title":"De 8 a 12 anys - Agora","og_description":"EL CENTRE D\u2019INTER\u00c8S: LA CIVILITZACI\u00d3 DE LA TASSA El centre d\u2019inter\u00e8s que presentem per als infants de 8 a 12 anys es tracta d\u2019una proposta l\u00fadica inspirada en la hist\u00f2ria d\u2018una civilitzaci\u00f3 que apareix dins una tassa, de la qual els nois i noies en s\u00f3n els responsables. Amb la idea de vetllar pel benestar [&hellip;]","og_url":"https:\/\/fundesplai.org\/agora\/eix-animacio\/de-8-a-12-anys\/","og_site_name":"Agora","article_modified_time":"2022-09-13T10:04:37+00:00","twitter_card":"summary_large_image","twitter_misc":{"Temps estimat de lectura":"2 minuts"},"schema":{"@context":"https:\/\/schema.org","@graph":[{"@type":"WebPage","@id":"https:\/\/fundesplai.org\/agora\/eix-animacio\/de-8-a-12-anys\/","url":"https:\/\/fundesplai.org\/agora\/eix-animacio\/de-8-a-12-anys\/","name":"De 8 a 12 anys - Agora","isPartOf":{"@id":"https:\/\/fundesplai.org\/agora\/#website"},"datePublished":"2022-09-13T10:04:33+00:00","dateModified":"2022-09-13T10:04:37+00:00","breadcrumb":{"@id":"https:\/\/fundesplai.org\/agora\/eix-animacio\/de-8-a-12-anys\/#breadcrumb"},"inLanguage":"ca","potentialAction":[{"@type":"ReadAction","target":["https:\/\/fundesplai.org\/agora\/eix-animacio\/de-8-a-12-anys\/"]}]},{"@type":"BreadcrumbList","@id":"https:\/\/fundesplai.org\/agora\/eix-animacio\/de-8-a-12-anys\/#breadcrumb","itemListElement":[{"@type":"ListItem","position":1,"name":"Inici","item":"\/"},{"@type":"ListItem","position":2,"name":"Agora","item":"https:\/\/fundesplai.org\/agora"},{"@type":"ListItem","position":3,"name":"Eix d&#8217;animaci\u00f3","item":"https:\/\/fundesplai.org\/agora\/eix-animacio\/"},{"@type":"ListItem","position":4,"name":"De 8 a 12 anys"}]},{"@type":"WebSite","@id":"https:\/\/fundesplai.org\/agora\/#website","url":"https:\/\/fundesplai.org\/agora\/","name":"Agora","description":"Proposta educativa de Fundesplai","potentialAction":[{"@type":"SearchAction","target":{"@type":"EntryPoint","urlTemplate":"https:\/\/fundesplai.org\/agora\/?s={search_term_string}"},"query-input":{"@type":"PropertyValueSpecification","valueRequired":true,"valueName":"search_term_string"}}],"inLanguage":"ca"}]}},"_links":{"self":[{"href":"https:\/\/fundesplai.org\/agora\/wp-json\/wp\/v2\/pages\/455","targetHints":{"allow":["GET"]}}],"collection":[{"href":"https:\/\/fundesplai.org\/agora\/wp-json\/wp\/v2\/pages"}],"about":[{"href":"https:\/\/fundesplai.org\/agora\/wp-json\/wp\/v2\/types\/page"}],"author":[{"embeddable":true,"href":"https:\/\/fundesplai.org\/agora\/wp-json\/wp\/v2\/users\/27"}],"replies":[{"embeddable":true,"href":"https:\/\/fundesplai.org\/agora\/wp-json\/wp\/v2\/comments?post=455"}],"version-history":[{"count":4,"href":"https:\/\/fundesplai.org\/agora\/wp-json\/wp\/v2\/pages\/455\/revisions"}],"predecessor-version":[{"id":459,"href":"https:\/\/fundesplai.org\/agora\/wp-json\/wp\/v2\/pages\/455\/revisions\/459"}],"up":[{"embeddable":true,"href":"https:\/\/fundesplai.org\/agora\/wp-json\/wp\/v2\/pages\/138"}],"wp:attachment":[{"href":"https:\/\/fundesplai.org\/agora\/wp-json\/wp\/v2\/media?parent=455"}],"curies":[{"name":"wp","href":"https:\/\/api.w.org\/{rel}","templated":true}]}}