{"id":445,"date":"2022-09-13T12:05:51","date_gmt":"2022-09-13T10:05:51","guid":{"rendered":"https:\/\/fundesplai.org\/agora\/?page_id=445"},"modified":"2022-09-13T12:05:55","modified_gmt":"2022-09-13T10:05:55","slug":"de-3-a-8-anys","status":"publish","type":"page","link":"https:\/\/fundesplai.org\/agora\/eix-animacio\/de-3-a-8-anys\/","title":{"rendered":"De 3 a 8 anys"},"content":{"rendered":"<p>[et_pb_section fb_built=&#8221;1&#8243; _builder_version=&#8221;4.17.4&#8243; _module_preset=&#8221;default&#8221; global_colors_info=&#8221;{}&#8221;][et_pb_row _builder_version=&#8221;4.17.4&#8243; _module_preset=&#8221;default&#8221; global_colors_info=&#8221;{}&#8221;][et_pb_column type=&#8221;4_4&#8243; _builder_version=&#8221;4.17.4&#8243; _module_preset=&#8221;default&#8221; global_colors_info=&#8221;{}&#8221;][et_pb_post_title meta=&#8221;off&#8221; featured_image=&#8221;off&#8221; _builder_version=&#8221;4.17.4&#8243; _module_preset=&#8221;default&#8221; global_colors_info=&#8221;{}&#8221;][\/et_pb_post_title][et_pb_text _builder_version=&#8221;4.17.4&#8243; _module_preset=&#8221;default&#8221; global_colors_info=&#8221;{}&#8221;]<\/p>\n<h3>EL CENTRE D\u2019INTER\u00c8S DE TERRASTRANYA<\/h3>\n<p>El centre d\u2019inter\u00e8s que presentem per als infants de 3 a 8 anys \u00e9s Terrastranya. Aquests ens ensenyaran la import\u00e0ncia de participar en grup i amb il\u00b7lusi\u00f3 en totes les activitats. Aquest centre d\u2019inter\u00e8s es basa en el llibre \u201cEls meravellosos animals de Terrastranya\u201d obra de Stefano Benni i Pirro Cuniberti, publicat per l\u2019editorial Aliorna.<\/p>\n<p>Terraestranya \u00e9s una illa habitada per un sol \u00e9sser hum\u00e0, un noi que es diu Osvald, i uns animals molt extravagants que decideixen acudir a la terra per con\u00e8ixer m\u00f3n i aprendre jocs, activitats i can\u00e7ons.<\/p>\n<p><strong>Hem pensat en aquest centre d\u2019inter\u00e8s perqu\u00e8 l\u2019Osvald i els animalons actuen ens ajudaran a reflexionar i practicar el valor de la participaci\u00f3, l\u2019autonomia i la corresponsabilitat col\u00b7lectiva. A m\u00e9s, ens permeten introduir elements m\u00e0gics i pr\u00e0ctiques de participaci\u00f3 que fomenten l\u2019aprenentatge de la participaci\u00f3.<\/strong><\/p>\n<p>[\/et_pb_text][\/et_pb_column][\/et_pb_row][\/et_pb_section]<\/p>\n","protected":false},"excerpt":{"rendered":"<p>EL CENTRE D\u2019INTER\u00c8S DE TERRASTRANYA El centre d\u2019inter\u00e8s que presentem per als infants de 3 a 8 anys \u00e9s Terrastranya. Aquests ens ensenyaran la import\u00e0ncia de participar en grup i amb il\u00b7lusi\u00f3 en totes les activitats. Aquest centre d\u2019inter\u00e8s es basa en el llibre \u201cEls meravellosos animals de Terrastranya\u201d obra de Stefano Benni i Pirro [&hellip;]<\/p>\n","protected":false},"author":27,"featured_media":0,"parent":138,"menu_order":0,"comment_status":"closed","ping_status":"closed","template":"","meta":{"_et_pb_use_builder":"on","_et_pb_old_content":"","_et_gb_content_width":"","footnotes":""},"class_list":["post-445","page","type-page","status-publish","hentry"],"yoast_head":"<!-- This site is optimized with the Yoast SEO plugin v27.3 - https:\/\/yoast.com\/product\/yoast-seo-wordpress\/ -->\n<title>De 3 a 8 anys - Agora<\/title>\n<meta name=\"robots\" content=\"index, follow, max-snippet:-1, max-image-preview:large, max-video-preview:-1\" \/>\n<link rel=\"canonical\" href=\"https:\/\/fundesplai.org\/agora\/eix-animacio\/de-3-a-8-anys\/\" \/>\n<meta property=\"og:locale\" content=\"ca_ES\" \/>\n<meta property=\"og:type\" content=\"article\" \/>\n<meta property=\"og:title\" content=\"De 3 a 8 anys - Agora\" \/>\n<meta property=\"og:description\" content=\"EL CENTRE D\u2019INTER\u00c8S DE TERRASTRANYA El centre d\u2019inter\u00e8s que presentem per als infants de 3 a 8 anys \u00e9s Terrastranya. Aquests ens ensenyaran la import\u00e0ncia de participar en grup i amb il\u00b7lusi\u00f3 en totes les activitats. Aquest centre d\u2019inter\u00e8s es basa en el llibre \u201cEls meravellosos animals de Terrastranya\u201d obra de Stefano Benni i Pirro [&hellip;]\" \/>\n<meta property=\"og:url\" content=\"https:\/\/fundesplai.org\/agora\/eix-animacio\/de-3-a-8-anys\/\" \/>\n<meta property=\"og:site_name\" content=\"Agora\" \/>\n<meta property=\"article:modified_time\" content=\"2022-09-13T10:05:55+00:00\" \/>\n<meta name=\"twitter:card\" content=\"summary_large_image\" \/>\n<meta name=\"twitter:label1\" content=\"Temps estimat de lectura\" \/>\n\t<meta name=\"twitter:data1\" content=\"1 minut\" \/>\n<script type=\"application\/ld+json\" class=\"yoast-schema-graph\">{\"@context\":\"https:\\\/\\\/schema.org\",\"@graph\":[{\"@type\":\"WebPage\",\"@id\":\"https:\\\/\\\/fundesplai.org\\\/agora\\\/eix-animacio\\\/de-3-a-8-anys\\\/\",\"url\":\"https:\\\/\\\/fundesplai.org\\\/agora\\\/eix-animacio\\\/de-3-a-8-anys\\\/\",\"name\":\"De 3 a 8 anys - Agora\",\"isPartOf\":{\"@id\":\"https:\\\/\\\/fundesplai.org\\\/agora\\\/#website\"},\"datePublished\":\"2022-09-13T10:05:51+00:00\",\"dateModified\":\"2022-09-13T10:05:55+00:00\",\"breadcrumb\":{\"@id\":\"https:\\\/\\\/fundesplai.org\\\/agora\\\/eix-animacio\\\/de-3-a-8-anys\\\/#breadcrumb\"},\"inLanguage\":\"ca\",\"potentialAction\":[{\"@type\":\"ReadAction\",\"target\":[\"https:\\\/\\\/fundesplai.org\\\/agora\\\/eix-animacio\\\/de-3-a-8-anys\\\/\"]}]},{\"@type\":\"BreadcrumbList\",\"@id\":\"https:\\\/\\\/fundesplai.org\\\/agora\\\/eix-animacio\\\/de-3-a-8-anys\\\/#breadcrumb\",\"itemListElement\":[{\"@type\":\"ListItem\",\"position\":1,\"name\":\"Inici\",\"item\":\"\\\/\"},{\"@type\":\"ListItem\",\"position\":2,\"name\":\"Agora\",\"item\":\"https:\\\/\\\/fundesplai.org\\\/agora\"},{\"@type\":\"ListItem\",\"position\":3,\"name\":\"Eix d&#8217;animaci\u00f3\",\"item\":\"https:\\\/\\\/fundesplai.org\\\/agora\\\/eix-animacio\\\/\"},{\"@type\":\"ListItem\",\"position\":4,\"name\":\"De 3 a 8 anys\"}]},{\"@type\":\"WebSite\",\"@id\":\"https:\\\/\\\/fundesplai.org\\\/agora\\\/#website\",\"url\":\"https:\\\/\\\/fundesplai.org\\\/agora\\\/\",\"name\":\"Agora\",\"description\":\"Proposta educativa de Fundesplai\",\"potentialAction\":[{\"@type\":\"SearchAction\",\"target\":{\"@type\":\"EntryPoint\",\"urlTemplate\":\"https:\\\/\\\/fundesplai.org\\\/agora\\\/?s={search_term_string}\"},\"query-input\":{\"@type\":\"PropertyValueSpecification\",\"valueRequired\":true,\"valueName\":\"search_term_string\"}}],\"inLanguage\":\"ca\"}]}<\/script>\n<!-- \/ Yoast SEO plugin. -->","yoast_head_json":{"title":"De 3 a 8 anys - Agora","robots":{"index":"index","follow":"follow","max-snippet":"max-snippet:-1","max-image-preview":"max-image-preview:large","max-video-preview":"max-video-preview:-1"},"canonical":"https:\/\/fundesplai.org\/agora\/eix-animacio\/de-3-a-8-anys\/","og_locale":"ca_ES","og_type":"article","og_title":"De 3 a 8 anys - Agora","og_description":"EL CENTRE D\u2019INTER\u00c8S DE TERRASTRANYA El centre d\u2019inter\u00e8s que presentem per als infants de 3 a 8 anys \u00e9s Terrastranya. Aquests ens ensenyaran la import\u00e0ncia de participar en grup i amb il\u00b7lusi\u00f3 en totes les activitats. Aquest centre d\u2019inter\u00e8s es basa en el llibre \u201cEls meravellosos animals de Terrastranya\u201d obra de Stefano Benni i Pirro [&hellip;]","og_url":"https:\/\/fundesplai.org\/agora\/eix-animacio\/de-3-a-8-anys\/","og_site_name":"Agora","article_modified_time":"2022-09-13T10:05:55+00:00","twitter_card":"summary_large_image","twitter_misc":{"Temps estimat de lectura":"1 minut"},"schema":{"@context":"https:\/\/schema.org","@graph":[{"@type":"WebPage","@id":"https:\/\/fundesplai.org\/agora\/eix-animacio\/de-3-a-8-anys\/","url":"https:\/\/fundesplai.org\/agora\/eix-animacio\/de-3-a-8-anys\/","name":"De 3 a 8 anys - Agora","isPartOf":{"@id":"https:\/\/fundesplai.org\/agora\/#website"},"datePublished":"2022-09-13T10:05:51+00:00","dateModified":"2022-09-13T10:05:55+00:00","breadcrumb":{"@id":"https:\/\/fundesplai.org\/agora\/eix-animacio\/de-3-a-8-anys\/#breadcrumb"},"inLanguage":"ca","potentialAction":[{"@type":"ReadAction","target":["https:\/\/fundesplai.org\/agora\/eix-animacio\/de-3-a-8-anys\/"]}]},{"@type":"BreadcrumbList","@id":"https:\/\/fundesplai.org\/agora\/eix-animacio\/de-3-a-8-anys\/#breadcrumb","itemListElement":[{"@type":"ListItem","position":1,"name":"Inici","item":"\/"},{"@type":"ListItem","position":2,"name":"Agora","item":"https:\/\/fundesplai.org\/agora"},{"@type":"ListItem","position":3,"name":"Eix d&#8217;animaci\u00f3","item":"https:\/\/fundesplai.org\/agora\/eix-animacio\/"},{"@type":"ListItem","position":4,"name":"De 3 a 8 anys"}]},{"@type":"WebSite","@id":"https:\/\/fundesplai.org\/agora\/#website","url":"https:\/\/fundesplai.org\/agora\/","name":"Agora","description":"Proposta educativa de Fundesplai","potentialAction":[{"@type":"SearchAction","target":{"@type":"EntryPoint","urlTemplate":"https:\/\/fundesplai.org\/agora\/?s={search_term_string}"},"query-input":{"@type":"PropertyValueSpecification","valueRequired":true,"valueName":"search_term_string"}}],"inLanguage":"ca"}]}},"_links":{"self":[{"href":"https:\/\/fundesplai.org\/agora\/wp-json\/wp\/v2\/pages\/445","targetHints":{"allow":["GET"]}}],"collection":[{"href":"https:\/\/fundesplai.org\/agora\/wp-json\/wp\/v2\/pages"}],"about":[{"href":"https:\/\/fundesplai.org\/agora\/wp-json\/wp\/v2\/types\/page"}],"author":[{"embeddable":true,"href":"https:\/\/fundesplai.org\/agora\/wp-json\/wp\/v2\/users\/27"}],"replies":[{"embeddable":true,"href":"https:\/\/fundesplai.org\/agora\/wp-json\/wp\/v2\/comments?post=445"}],"version-history":[{"count":6,"href":"https:\/\/fundesplai.org\/agora\/wp-json\/wp\/v2\/pages\/445\/revisions"}],"predecessor-version":[{"id":465,"href":"https:\/\/fundesplai.org\/agora\/wp-json\/wp\/v2\/pages\/445\/revisions\/465"}],"up":[{"embeddable":true,"href":"https:\/\/fundesplai.org\/agora\/wp-json\/wp\/v2\/pages\/138"}],"wp:attachment":[{"href":"https:\/\/fundesplai.org\/agora\/wp-json\/wp\/v2\/media?parent=445"}],"curies":[{"name":"wp","href":"https:\/\/api.w.org\/{rel}","templated":true}]}}