{"id":17,"date":"2021-08-10T08:51:56","date_gmt":"2021-08-10T06:51:56","guid":{"rendered":"https:\/\/fundesplai.org\/agora\/?page_id=17"},"modified":"2022-09-07T08:38:21","modified_gmt":"2022-09-07T06:38:21","slug":"materials","status":"publish","type":"page","link":"https:\/\/fundesplai.org\/agora\/materials\/","title":{"rendered":"Recursos"},"content":{"rendered":"[et_pb_section fb_built=&#8221;1&#8243; _builder_version=&#8221;4.16&#8243; global_colors_info=&#8221;{}&#8221;][et_pb_row _builder_version=&#8221;4.16&#8243; background_size=&#8221;initial&#8221; background_position=&#8221;top_left&#8221; background_repeat=&#8221;repeat&#8221; global_colors_info=&#8221;{}&#8221;][et_pb_column type=&#8221;4_4&#8243; _builder_version=&#8221;4.16&#8243; custom_padding=&#8221;|||&#8221; global_colors_info=&#8221;{}&#8221; custom_padding__hover=&#8221;|||&#8221;][et_pb_post_title meta=&#8221;off&#8221; featured_image=&#8221;off&#8221; _builder_version=&#8221;4.16&#8243; _module_preset=&#8221;default&#8221; global_colors_info=&#8221;{}&#8221;][\/et_pb_post_title][et_pb_text _builder_version=&#8221;4.17.4&#8243; background_size=&#8221;initial&#8221; background_position=&#8221;top_left&#8221; background_repeat=&#8221;repeat&#8221; hover_enabled=&#8221;0&#8243; global_colors_info=&#8221;{}&#8221; sticky_enabled=&#8221;0&#8243;]<p><\/p>\n<h3 class=\"wp-block-heading\">Materials de Consulta<\/h3>\n<ul>\n<li>Apple, M.W, Beane J.A.\u00a0<em>Escuelas democr\u00e1ticas.<\/em>\u00a0Ed: Morata. Madrid, 1997.<\/li>\n<li>Dewey, J.\u00a0<em>Democr\u00e0cia i escola.<\/em>\u00a0Ed: Eumo \u2013 Diputaci\u00f3 de Barcelona. Barcelona,1994.<\/li>\n<li>FEDAIA<em>. I tu qu\u00e8 opines? Projecte de participaci\u00f3 d\u2019infants i adolescents<\/em>. Ed. FEDAIA. Barcelona, 2009.<\/li>\n<li>Federaci\u00f3 Catalana de l\u2019Esplai. Entre Tots i Totes.\u00a0<a href=\"http:\/\/www.fundesplai.org\/entretots\/entre%20tots%20i%20totes.htm\" target=\"_blank\" rel=\"noreferrer noopener\">Proposta educativa 2003-2004<\/a>. Federaci\u00f3 Catalana de l\u2019Esplai, 2003.<\/li>\n<li>Fundaci\u00f3 Catalana de l\u2019Esplai.<em>\u00a0<a href=\"http:\/\/repositori.fundesplai.org\/fundacio\/llibre\/Educacio-i-ciutadania-ca.pdf\" target=\"_blank\" rel=\"noreferrer noopener\">Educaci\u00f3 i ciutadania<\/a>\u00a0<\/em><strong>.<\/strong>\u00a0Documents per al Debat 1. Ed. Fundaci\u00f3 Catalana de l\u2019Esplai. El Prat del Llobregat, 2007.<\/li>\n<li>Fundaci\u00f3 Catalana de l\u2019Esplai<em>.\u00a0<a href=\"http:\/\/repositori.fundesplai.org\/canal\/repositori\/file\/centres%20esplai%20ara%20i%20aqui.pdf\" target=\"_blank\" rel=\"noreferrer noopener\">Els centres d\u2019esplai, ara i aqu\u00ed<\/a><\/em>. Ed. Fundaci\u00f3 Catalana de l\u2019Esplai. El Prat del Llobregat,\u00a0 2009.<\/li>\n<li>Fundaci\u00f3 Ferrer i Gu\u00e0rdia.\u00a0<em>Organitzem-nos!: una guia de pol\u00edtiques pr\u00e0ctiques per a joves i grups locals<\/em>. Fundaci\u00f3 Ferrer i Gu\u00e0rdia. Barcelona, 2006<\/li>\n<li>Galcer\u00e1n, M. del Mar (coordinaci\u00f3).\u00a0<em>Aprendre a participar<\/em><strong>.<\/strong>\u00a0Ed. Fundaci\u00f3 Jaume Bofill. Barcelona, 2004.<\/li>\n<li>Hurt, Roger. \u201cLa participaci\u00f3n de los ni\u00f1os: de la participaci\u00f3n simb\u00f3lica a la participaci\u00f3n aut\u00e9ntica\u201d<em>.\u00a0<\/em><em>Ensayos Innocenti n\u00ba4<\/em>. Ed. UNICEF. Flor\u00e8ncia, 1993. (<a href=\"http:\/\/www2.fundesplai.org\/agora\/PDF\/La-participacion-de-los-ninos.pdf\" target=\"_blank\" rel=\"noreferrer noopener\">Consular en pdf<\/a>)<\/li>\n<li>Mart\u00ed, J.\u00a0<em>T\u00e8cniques participatives per al debat grupal<\/em>. Barcelona: Diputaci\u00f3 de Barcelona, 2006.<\/li>\n<li>Martinez Bonaf\u00e9, \u00c0ngels (coord.) i altres.\u00a0<em>Viure la democr\u00e0cia a l\u2019escola.<\/em>\u00a0Ed. Gra\u00f3. Barcelona, 1999.<\/li>\n<li>Novella C\u00e1mara, Ana M.\u00a0<em>La participaci\u00f3 dels infants a la ciutat des del Consell d\u2019Infants<\/em>. Col\u00b7lecci\u00f3 Inf\u00e0ncia i Adolesc\u00e8ncia, n\u00fam.2. Generalitat de Catalunya, 2009. (<a href=\"http:\/\/www2.fundesplai.org\/agora\/PDF\/Participacio-infants-ciutat.pdf\" target=\"_blank\" rel=\"noreferrer noopener\">Consular en pdf<\/a>)<\/li>\n<li>Puig Rovira, J.M. i altres.\u00a0<em>Com fomentar la participaci\u00f3 a l\u2019escola<\/em>. Ed. Gra\u00f3. Barcelona, 1997.<\/li>\n<li>Puig Rovira, Josep Maria; Mart\u00ed, Xus; Novella, Anna; Escard\u00edbul Susagna.\u00a0<em>Com fomentar la participaci\u00f3 a\u00a0 l\u2019Escola<\/em>. Barcelona: Ed. Gra\u00f3, 1997.<\/li>\n<li>Tonucci, Francesco.\u00a0<em>Quan els infants diuen PROU!<\/em>\u00a0Ed. Gra\u00f3. Barcelona, 2004.<\/li>\n<li><em>Transformemos el ocio digital, un proyecto de socializaci\u00f3n en el tiempo libre<\/em><strong>.<\/strong>\u00a0Ed. Centre d\u2019Estudis- Fundaci\u00f3 Catalana de l\u2019Esplai. El Prat del Llobregat, 2010. En col\u00b7laboraci\u00f3 amb la Universitat Oberta de Catalunya.<\/li>\n<li>Trilla, Jaume i Anna Novella. \u201cEducaci\u00f3n y participaci\u00f3n social de la infancia\u201d.\u00a0<em>Revista Iberoamericana de<\/em>\u00a0<em>Educaci\u00f3n<\/em>, n\u00fam. 26. Ed. Organizaci\u00f3n de Estados Iberoamericanos para la Educaci\u00f3n, la Ciencia y la Cultura (OEI). Buenos Aires, Agosto 2001.<\/li>\n<\/ul>\n<p><!-- \/wp:post-content --><\/p>[\/et_pb_text][\/et_pb_column][\/et_pb_row][\/et_pb_section]","protected":false},"excerpt":{"rendered":"<p>Materials de Consulta Apple, M.W, Beane J.A.\u00a0Escuelas democr\u00e1ticas.\u00a0Ed: Morata. Madrid, 1997. Dewey, J.\u00a0Democr\u00e0cia i escola.\u00a0Ed: Eumo \u2013 Diputaci\u00f3 de Barcelona. Barcelona,1994. FEDAIA. I tu qu\u00e8 opines? Projecte de participaci\u00f3 d\u2019infants i adolescents. Ed. FEDAIA. Barcelona, 2009. Federaci\u00f3 Catalana de l\u2019Esplai. Entre Tots i Totes.\u00a0Proposta educativa 2003-2004. Federaci\u00f3 Catalana de l\u2019Esplai, 2003. Fundaci\u00f3 Catalana de l\u2019Esplai.\u00a0Educaci\u00f3 [&hellip;]<\/p>\n","protected":false},"author":4,"featured_media":0,"parent":0,"menu_order":0,"comment_status":"closed","ping_status":"closed","template":"","meta":{"_et_pb_use_builder":"on","_et_pb_old_content":"<!-- wp:heading {\"level\":1} -->\r\n<h1><strong>Materials<\/strong>\u00a0de Consulta<\/h1>\r\n<!-- \/wp:heading --><!-- wp:heading -->\r\n<h2 id=\"participacio\">Participaci\u00f3<\/h2>\r\n<!-- \/wp:heading --><!-- wp:list -->\r\n<ul>\r\n<li>Apple, M.W, Beane J.A.\u00a0<em>Escuelas democr\u00e1ticas.<\/em>\u00a0Ed: Morata. Madrid, 1997.<\/li>\r\n<li>Dewey, J.\u00a0<em>Democr\u00e0cia i escola.<\/em>\u00a0Ed: Eumo \u2013 Diputaci\u00f3 de Barcelona. Barcelona,1994.<\/li>\r\n<li>FEDAIA<em>. I tu qu\u00e8 opines? Projecte de participaci\u00f3 d\u2019infants i adolescents<\/em>. Ed. FEDAIA. Barcelona, 2009.<\/li>\r\n<li>Federaci\u00f3 Catalana de l\u2019Esplai. Entre Tots i Totes.\u00a0<a href=\"http:\/\/www.fundesplai.org\/entretots\/entre%20tots%20i%20totes.htm\" target=\"_blank\" rel=\"noreferrer noopener\">Proposta educativa 2003-2004<\/a>. Federaci\u00f3 Catalana de l\u2019Esplai, 2003.<\/li>\r\n<li>Fundaci\u00f3 Catalana de l\u2019Esplai.<em>\u00a0<a href=\"http:\/\/repositori.fundesplai.org\/fundacio\/llibre\/Educacio-i-ciutadania-ca.pdf\" target=\"_blank\" rel=\"noreferrer noopener\">Educaci\u00f3 i ciutadania<\/a>\u00a0<\/em><strong>.<\/strong>\u00a0Documents per al Debat 1. Ed. Fundaci\u00f3 Catalana de l\u2019Esplai. El Prat del Llobregat, 2007.<\/li>\r\n<li>Fundaci\u00f3 Catalana de l\u2019Esplai<em>.\u00a0<a href=\"http:\/\/repositori.fundesplai.org\/canal\/repositori\/file\/centres%20esplai%20ara%20i%20aqui.pdf\" target=\"_blank\" rel=\"noreferrer noopener\">Els centres d\u2019esplai, ara i aqu\u00ed<\/a><\/em>. Ed. Fundaci\u00f3 Catalana de l\u2019Esplai. El Prat del Llobregat,\u00a0 2009.<\/li>\r\n<li>Fundaci\u00f3 Ferrer i Gu\u00e0rdia.\u00a0<em>Organitzem-nos!: una guia de pol\u00edtiques pr\u00e0ctiques per a joves i grups locals<\/em>. Fundaci\u00f3 Ferrer i Gu\u00e0rdia. Barcelona, 2006<\/li>\r\n<li>Galcer\u00e1n, M. del Mar (coordinaci\u00f3).\u00a0<em>Aprendre a participar<\/em><strong>.<\/strong>\u00a0Ed. Fundaci\u00f3 Jaume Bofill. Barcelona, 2004.<\/li>\r\n<li>Hurt, Roger. \u201cLa participaci\u00f3n de los ni\u00f1os: de la participaci\u00f3n simb\u00f3lica a la participaci\u00f3n aut\u00e9ntica\u201d<em>.\u00a0<\/em><em>Ensayos Innocenti n\u00ba4<\/em>. Ed. UNICEF. Flor\u00e8ncia, 1993. (<a href=\"http:\/\/www2.fundesplai.org\/agora\/PDF\/La-participacion-de-los-ninos.pdf\" target=\"_blank\" rel=\"noreferrer noopener\">Consular en pdf<\/a>)<\/li>\r\n<li>Mart\u00ed, J.\u00a0<em>T\u00e8cniques participatives per al debat grupal<\/em>. Barcelona: Diputaci\u00f3 de Barcelona, 2006.<\/li>\r\n<li>Martinez Bonaf\u00e9, \u00c0ngels (coord.) i altres.\u00a0<em>Viure la democr\u00e0cia a l\u2019escola.<\/em>\u00a0Ed. Gra\u00f3. Barcelona, 1999.<\/li>\r\n<li>Novella C\u00e1mara, Ana M.\u00a0<em>La participaci\u00f3 dels infants a la ciutat des del Consell d\u2019Infants<\/em>. Col\u00b7lecci\u00f3 Inf\u00e0ncia i Adolesc\u00e8ncia, n\u00fam.2. Generalitat de Catalunya, 2009. (<a href=\"http:\/\/www2.fundesplai.org\/agora\/PDF\/Participacio-infants-ciutat.pdf\" target=\"_blank\" rel=\"noreferrer noopener\">Consular en pdf<\/a>)<\/li>\r\n<li>Puig Rovira, J.M. i altres.\u00a0<em>Com fomentar la participaci\u00f3 a l\u2019escola<\/em>. Ed. Gra\u00f3. Barcelona, 1997.<\/li>\r\n<li>Puig Rovira, Josep Maria; Mart\u00ed, Xus; Novella, Anna; Escard\u00edbul Susagna.\u00a0<em>Com fomentar la participaci\u00f3 a\u00a0 l\u2019Escola<\/em>. Barcelona: Ed. Gra\u00f3, 1997.<\/li>\r\n<li>Tonucci, Francesco.\u00a0<em>Quan els infants diuen PROU!<\/em>\u00a0Ed. Gra\u00f3. Barcelona, 2004.<\/li>\r\n<li><em>Transformemos el ocio digital, un proyecto de socializaci\u00f3n en el tiempo libre<\/em><strong>.<\/strong>\u00a0Ed. Centre d\u2019Estudis- Fundaci\u00f3 Catalana de l\u2019Esplai. El Prat del Llobregat, 2010. En col\u00b7laboraci\u00f3 amb la Universitat Oberta de Catalunya.<\/li>\r\n<li>Trilla, Jaume i Anna Novella. \u201cEducaci\u00f3n y participaci\u00f3n social de la infancia\u201d.\u00a0<em>Revista Iberoamericana de<\/em>\u00a0<em>Educaci\u00f3n<\/em>, n\u00fam. 26. Ed. Organizaci\u00f3n de Estados Iberoamericanos para la Educaci\u00f3n, la Ciencia y la Cultura (OEI). Buenos Aires, Agosto 2001.<\/li>\r\n<\/ul>\r\n<!-- \/wp:list -->","_et_gb_content_width":"1200","footnotes":""},"class_list":["post-17","page","type-page","status-publish","hentry"],"yoast_head":"<!-- This site is optimized with the Yoast SEO plugin v27.4 - https:\/\/yoast.com\/product\/yoast-seo-wordpress\/ -->\n<title>Recursos - Agora<\/title>\n<meta name=\"robots\" content=\"index, follow, max-snippet:-1, max-image-preview:large, max-video-preview:-1\" \/>\n<link rel=\"canonical\" href=\"https:\/\/fundesplai.org\/agora\/materials\/\" \/>\n<meta property=\"og:locale\" content=\"ca_ES\" \/>\n<meta property=\"og:type\" content=\"article\" \/>\n<meta property=\"og:title\" content=\"Recursos - Agora\" \/>\n<meta property=\"og:description\" content=\"Materials de Consulta Apple, M.W, Beane J.A.\u00a0Escuelas democr\u00e1ticas.\u00a0Ed: Morata. Madrid, 1997. Dewey, J.\u00a0Democr\u00e0cia i escola.\u00a0Ed: Eumo \u2013 Diputaci\u00f3 de Barcelona. Barcelona,1994. FEDAIA. I tu qu\u00e8 opines? Projecte de participaci\u00f3 d\u2019infants i adolescents. Ed. FEDAIA. Barcelona, 2009. Federaci\u00f3 Catalana de l\u2019Esplai. Entre Tots i Totes.\u00a0Proposta educativa 2003-2004. Federaci\u00f3 Catalana de l\u2019Esplai, 2003. Fundaci\u00f3 Catalana de l\u2019Esplai.\u00a0Educaci\u00f3 [&hellip;]\" \/>\n<meta property=\"og:url\" content=\"https:\/\/fundesplai.org\/agora\/materials\/\" \/>\n<meta property=\"og:site_name\" content=\"Agora\" \/>\n<meta property=\"article:modified_time\" content=\"2022-09-07T06:38:21+00:00\" \/>\n<meta name=\"twitter:card\" content=\"summary_large_image\" \/>\n<meta name=\"twitter:label1\" content=\"Temps estimat de lectura\" \/>\n\t<meta name=\"twitter:data1\" content=\"2 minuts\" \/>\n<script type=\"application\/ld+json\" class=\"yoast-schema-graph\">{\"@context\":\"https:\\\/\\\/schema.org\",\"@graph\":[{\"@type\":\"WebPage\",\"@id\":\"https:\\\/\\\/fundesplai.org\\\/agora\\\/materials\\\/\",\"url\":\"https:\\\/\\\/fundesplai.org\\\/agora\\\/materials\\\/\",\"name\":\"Recursos - Agora\",\"isPartOf\":{\"@id\":\"https:\\\/\\\/fundesplai.org\\\/agora\\\/#website\"},\"datePublished\":\"2021-08-10T06:51:56+00:00\",\"dateModified\":\"2022-09-07T06:38:21+00:00\",\"breadcrumb\":{\"@id\":\"https:\\\/\\\/fundesplai.org\\\/agora\\\/materials\\\/#breadcrumb\"},\"inLanguage\":\"ca\",\"potentialAction\":[{\"@type\":\"ReadAction\",\"target\":[\"https:\\\/\\\/fundesplai.org\\\/agora\\\/materials\\\/\"]}]},{\"@type\":\"BreadcrumbList\",\"@id\":\"https:\\\/\\\/fundesplai.org\\\/agora\\\/materials\\\/#breadcrumb\",\"itemListElement\":[{\"@type\":\"ListItem\",\"position\":1,\"name\":\"Inici\",\"item\":\"\\\/\"},{\"@type\":\"ListItem\",\"position\":2,\"name\":\"Agora\",\"item\":\"https:\\\/\\\/fundesplai.org\\\/agora\"},{\"@type\":\"ListItem\",\"position\":3,\"name\":\"Materials\"}]},{\"@type\":\"WebSite\",\"@id\":\"https:\\\/\\\/fundesplai.org\\\/agora\\\/#website\",\"url\":\"https:\\\/\\\/fundesplai.org\\\/agora\\\/\",\"name\":\"Agora\",\"description\":\"Proposta educativa de Fundesplai\",\"potentialAction\":[{\"@type\":\"SearchAction\",\"target\":{\"@type\":\"EntryPoint\",\"urlTemplate\":\"https:\\\/\\\/fundesplai.org\\\/agora\\\/?s={search_term_string}\"},\"query-input\":{\"@type\":\"PropertyValueSpecification\",\"valueRequired\":true,\"valueName\":\"search_term_string\"}}],\"inLanguage\":\"ca\"}]}<\/script>\n<!-- \/ Yoast SEO plugin. -->","yoast_head_json":{"title":"Recursos - Agora","robots":{"index":"index","follow":"follow","max-snippet":"max-snippet:-1","max-image-preview":"max-image-preview:large","max-video-preview":"max-video-preview:-1"},"canonical":"https:\/\/fundesplai.org\/agora\/materials\/","og_locale":"ca_ES","og_type":"article","og_title":"Recursos - Agora","og_description":"Materials de Consulta Apple, M.W, Beane J.A.\u00a0Escuelas democr\u00e1ticas.\u00a0Ed: Morata. Madrid, 1997. Dewey, J.\u00a0Democr\u00e0cia i escola.\u00a0Ed: Eumo \u2013 Diputaci\u00f3 de Barcelona. Barcelona,1994. FEDAIA. I tu qu\u00e8 opines? Projecte de participaci\u00f3 d\u2019infants i adolescents. Ed. FEDAIA. Barcelona, 2009. Federaci\u00f3 Catalana de l\u2019Esplai. Entre Tots i Totes.\u00a0Proposta educativa 2003-2004. Federaci\u00f3 Catalana de l\u2019Esplai, 2003. Fundaci\u00f3 Catalana de l\u2019Esplai.\u00a0Educaci\u00f3 [&hellip;]","og_url":"https:\/\/fundesplai.org\/agora\/materials\/","og_site_name":"Agora","article_modified_time":"2022-09-07T06:38:21+00:00","twitter_card":"summary_large_image","twitter_misc":{"Temps estimat de lectura":"2 minuts"},"schema":{"@context":"https:\/\/schema.org","@graph":[{"@type":"WebPage","@id":"https:\/\/fundesplai.org\/agora\/materials\/","url":"https:\/\/fundesplai.org\/agora\/materials\/","name":"Recursos - Agora","isPartOf":{"@id":"https:\/\/fundesplai.org\/agora\/#website"},"datePublished":"2021-08-10T06:51:56+00:00","dateModified":"2022-09-07T06:38:21+00:00","breadcrumb":{"@id":"https:\/\/fundesplai.org\/agora\/materials\/#breadcrumb"},"inLanguage":"ca","potentialAction":[{"@type":"ReadAction","target":["https:\/\/fundesplai.org\/agora\/materials\/"]}]},{"@type":"BreadcrumbList","@id":"https:\/\/fundesplai.org\/agora\/materials\/#breadcrumb","itemListElement":[{"@type":"ListItem","position":1,"name":"Inici","item":"\/"},{"@type":"ListItem","position":2,"name":"Agora","item":"https:\/\/fundesplai.org\/agora"},{"@type":"ListItem","position":3,"name":"Materials"}]},{"@type":"WebSite","@id":"https:\/\/fundesplai.org\/agora\/#website","url":"https:\/\/fundesplai.org\/agora\/","name":"Agora","description":"Proposta educativa de Fundesplai","potentialAction":[{"@type":"SearchAction","target":{"@type":"EntryPoint","urlTemplate":"https:\/\/fundesplai.org\/agora\/?s={search_term_string}"},"query-input":{"@type":"PropertyValueSpecification","valueRequired":true,"valueName":"search_term_string"}}],"inLanguage":"ca"}]}},"_links":{"self":[{"href":"https:\/\/fundesplai.org\/agora\/wp-json\/wp\/v2\/pages\/17","targetHints":{"allow":["GET"]}}],"collection":[{"href":"https:\/\/fundesplai.org\/agora\/wp-json\/wp\/v2\/pages"}],"about":[{"href":"https:\/\/fundesplai.org\/agora\/wp-json\/wp\/v2\/types\/page"}],"author":[{"embeddable":true,"href":"https:\/\/fundesplai.org\/agora\/wp-json\/wp\/v2\/users\/4"}],"replies":[{"embeddable":true,"href":"https:\/\/fundesplai.org\/agora\/wp-json\/wp\/v2\/comments?post=17"}],"version-history":[{"count":8,"href":"https:\/\/fundesplai.org\/agora\/wp-json\/wp\/v2\/pages\/17\/revisions"}],"predecessor-version":[{"id":442,"href":"https:\/\/fundesplai.org\/agora\/wp-json\/wp\/v2\/pages\/17\/revisions\/442"}],"wp:attachment":[{"href":"https:\/\/fundesplai.org\/agora\/wp-json\/wp\/v2\/media?parent=17"}],"curies":[{"name":"wp","href":"https:\/\/api.w.org\/{rel}","templated":true}]}}