{"id":138,"date":"2021-08-10T12:03:28","date_gmt":"2021-08-10T10:03:28","guid":{"rendered":"https:\/\/fundesplai.org\/agora\/?page_id=138"},"modified":"2022-09-13T12:02:21","modified_gmt":"2022-09-13T10:02:21","slug":"eix-animacio","status":"publish","type":"page","link":"https:\/\/fundesplai.org\/agora\/eix-animacio\/","title":{"rendered":"Eix d&#8217;animaci\u00f3"},"content":{"rendered":"[et_pb_section fb_built=&#8221;1&#8243; admin_label=&#8221;section&#8221; _builder_version=&#8221;4.16&#8243; global_colors_info=&#8221;{}&#8221;][et_pb_row admin_label=&#8221;row&#8221; _builder_version=&#8221;4.16&#8243; background_size=&#8221;initial&#8221; background_position=&#8221;top_left&#8221; background_repeat=&#8221;repeat&#8221; global_colors_info=&#8221;{}&#8221;][et_pb_column type=&#8221;4_4&#8243; _builder_version=&#8221;4.16&#8243; custom_padding=&#8221;|||&#8221; global_colors_info=&#8221;{}&#8221; custom_padding__hover=&#8221;|||&#8221;][et_pb_post_title meta=&#8221;off&#8221; featured_image=&#8221;off&#8221; _builder_version=&#8221;4.16&#8243; _module_preset=&#8221;default&#8221; global_colors_info=&#8221;{}&#8221;][\/et_pb_post_title][et_pb_text admin_label=&#8221;Text&#8221; _builder_version=&#8221;4.17.4&#8243; background_size=&#8221;initial&#8221; background_position=&#8221;top_left&#8221; background_repeat=&#8221;repeat&#8221; global_colors_info=&#8221;{}&#8221;]<p>El conte de Terrastranya \u00e9s el recurs que farem servir per presentar la hist\u00f2ria i tots els personatges. De la m\u00e0 de l\u2019Osvald i els animalons anirem executant activitats que ens permetran adquirir els aprenentatges per incentivar l\u2019autonomia i la participaci\u00f3 dels m\u00e9s petits.<\/p>\n<p>&nbsp;<\/p>\n<h3 id=\"historia\">La hist\u00f2ria dels animalons de Terrastranya<\/h3>\n<p>No fa gaire temps, set meravellosos animals van abandonar Terrastranya amb la inquietud de con\u00e8ixer m\u00f3n, aprendre i compartir experi\u00e8ncies amb els \u00e9ssers humans.<\/p>\n<p>Aquests animals estranys s\u00f3n divertits, t\u00edmids i una mica despistats. Tan despistats que van perdent coses sense adonar-se\u2019n i des que van marxar de l\u2019illa ni tan sols han enviat una postal! L\u2019Osvald ha comen\u00e7at a preocupar-se i ha decidit anar a buscar-los i acompanyar-los en l\u2019aventura de con\u00e8ixer nous \u00e9ssers humans i aprendre d\u2019ells.<\/p>\n<p>&nbsp;<\/p>\n<h3 id=\"elements\">Elements m\u00e0gics i de participaci\u00f3<!-- \/wp:post-content --><\/h3>\n<ul>\n<li><!-- wp:paragraph --><strong>L\u2019Assemblea de Terrastranya<\/strong>: crearem la nostra pr\u00f2pia assemblea de Terrastranya, on: proposarem activitats que ens agradaria fer, gestionarem petits conflictes que hagin sorgit, repartirem tasques, organitzarem el festival de Terrastranya, entre altres coses. <a href=\"http:\/\/www2.fundesplai.org\/agora\/PDF\/Activitats\/Petits\/Assemblea-Terraestranya.pdf\" target=\"_blank\" rel=\"noreferrer noopener\">Llegir m\u00e9s&#8230;<\/a><!-- \/wp:paragraph --><\/li>\n<li><!-- wp:paragraph --><strong>El Pal de Pluja:\u00a0<\/strong>\u00e9s una eina necess\u00e0ria per fer l\u2019assemblea. Ens servir\u00e0 per demanar el torn de paraula, per escoltar activament els companys i companyes, per posar ordre i calmar-nos.<!-- \/wp:paragraph --><\/li>\n<li><!-- wp:paragraph --><strong>El llenguatge osvald\u00e8s i l\u2019alfabet mut:\u00a0<\/strong>a Terrastranya l\u2019osvald\u00e8s \u00e9s la llengua oficial. Nom\u00e9s l\u2019utilitza l\u2019Osvald per als mon\u00f2legs. En canvi, quan es vol comunicar amb els animals, l\u2019Osvald fa servir l\u2019alfabet mut. Aquest est\u00e0 fet amb un grapat de gestos amb els dits i el nas.\u00a0<a href=\"http:\/\/www2.fundesplai.org\/agora\/PDF\/Activitats\/Petits\/ANNEXES\/alfabet-osvaldes.pdf\" target=\"_blank\" rel=\"noreferrer noopener\">Llegir m\u00e9s&#8230;<\/a><!-- \/wp:paragraph --><\/li>\n<li><!-- wp:paragraph --><strong>Les petjades:<\/strong>\u00a0Com que els animalons s\u00f3n una mica vergonyosos ens costar\u00e0 molt veure\u2019ls. Per aix\u00f2, haurem de buscar les seves petjades com a senyal que han passat per l\u2019esplai i que anem pel bon cam\u00ed.\u00a0<a href=\"http:\/\/www2.fundesplai.org\/agora\/PDF\/Activitats\/Petits\/ANNEXES\/Petjades.pdf\" target=\"_blank\" rel=\"noreferrer noopener\">Llegir m\u00e9s&#8230;<\/a><!-- \/wp:paragraph --><\/li>\n<li><!-- wp:paragraph --><strong>El barrilet dels desitjos<\/strong>: El barrilet dels desitjos \u00e9s un dels elements m\u00e0gics que utilitzarem per participar activament en l\u2019entorn m\u00e9s proper (barri, esplai i ciutat).<\/li>\n<\/ul>\n<p><!-- \/wp:paragraph --><\/p>[\/et_pb_text][\/et_pb_column][\/et_pb_row][\/et_pb_section]","protected":false},"excerpt":{"rendered":"<p>El conte de Terrastranya \u00e9s el recurs que farem servir per presentar la hist\u00f2ria i tots els personatges. De la m\u00e0 de l\u2019Osvald i els animalons anirem executant activitats que ens permetran adquirir els aprenentatges per incentivar l\u2019autonomia i la participaci\u00f3 dels m\u00e9s petits. &nbsp; La hist\u00f2ria dels animalons de Terrastranya No fa gaire temps, [&hellip;]<\/p>\n","protected":false},"author":4,"featured_media":0,"parent":0,"menu_order":0,"comment_status":"closed","ping_status":"closed","template":"","meta":{"_et_pb_use_builder":"on","_et_pb_old_content":"<!-- wp:paragraph -->\r\n<p>El conte de Terrastranya \u00e9s el recurs que farem servir per presentar la hist\u00f2ria i tots els personatges. De la m\u00e0 de l\u2019Osvald i els animalons anirem realitzant activitats que ens permetran adquirir els aprenentatges per incentivar l\u2019autonomia i la participaci\u00f3 dels m\u00e9s petits.<\/p>\r\n<!-- \/wp:paragraph -->\r\n\r\n<!-- wp:heading {\"level\":4} -->\r\n<h4 id=\"historia\">La hist\u00f2ria dels animalons de Terrastranya<\/h4>\r\n<!-- \/wp:heading -->\r\n\r\n<!-- wp:paragraph -->\r\n<p>No fa gaire temps, set meravellosos animals van abandonar Terrastranya amb la inquietud de con\u00e8ixer m\u00f3n, aprendre i compartir experi\u00e8ncies amb els \u00e9ssers humans.<\/p>\r\n<!-- \/wp:paragraph -->\r\n\r\n<!-- wp:paragraph -->\r\n<p>Aquests animals estranys s\u00f3n divertits, t\u00edmids i una mica despistats. Tan despistats que van perdent coses sense adonar-se\u2019n i des de que van marxar de l\u2019illa ni tan sols han enviat una postal! L\u2019Osvald ha comen\u00e7at a preocupar-se i ha decidit anar a buscar-los i acompanyar-los en l\u2019aventura de con\u00e8ixer nous \u00e9ssers humans i aprendre d\u2019ells.<\/p>\r\n<!-- \/wp:paragraph -->\r\n\r\n<!-- wp:paragraph -->\r\n<p><\/p>\r\n<!-- \/wp:paragraph -->\r\n\r\n<!-- wp:heading {\"level\":4} -->\r\n<h4 id=\"elements\">Elements m\u00e0gics i de participaci\u00f3<\/h4>\r\n<!-- \/wp:heading -->\r\n\r\n<!-- wp:paragraph -->\r\n<p><strong>L\u2019Assemblea de Terrastranya<\/strong>: crearem la nostra pr\u00f2pia assemblea de Terrastranya, on: proposarem activitats que ens agradaria fer, gestionarem petits conflictes que hagin sorgit, repartirem tasques, organitzarem el festival de Terrastranya, entre d\u2019altres coses.\u00a0<a href=\"http:\/\/www2.fundesplai.org\/agora\/PDF\/Activitats\/Petits\/Assemblea-Terraestranya.pdf\" target=\"_blank\" rel=\"noreferrer noopener\">Llegir m\u00e9s...<\/a><\/p>\r\n<!-- \/wp:paragraph -->\r\n\r\n<!-- wp:paragraph -->\r\n<p><strong>El Pal de Pluja:\u00a0<\/strong>\u00e9s una eina necess\u00e0ria per fer l\u2019assemblea. Ens servir\u00e0 per demanar el torn de paraula, per escoltar activament els companys i companyes, per posar ordre i calmar-nos.<\/p>\r\n<!-- \/wp:paragraph -->\r\n\r\n<!-- wp:paragraph -->\r\n<p><strong>El llenguatge osvald\u00e8s i l\u2019alfabet mut:\u00a0<\/strong>a Terrastranya l\u2019osvald\u00e8s \u00e9s la llengua oficial. Nom\u00e9s l\u2019utilitza l\u2019Osvald per als mon\u00f2legs. En canvi, quan es vol comunicar amb els animals, l\u2019Osvald fa servir l\u2019alfabet mut. Aquest est\u00e0 fet amb un grapat de gestos amb els dits i el nas.\u00a0<a href=\"http:\/\/www2.fundesplai.org\/agora\/PDF\/Activitats\/Petits\/ANNEXES\/alfabet-osvaldes.pdf\" target=\"_blank\" rel=\"noreferrer noopener\">Llegir m\u00e9s...<\/a><\/p>\r\n<!-- \/wp:paragraph -->\r\n\r\n<!-- wp:paragraph -->\r\n<p><strong>Les petjades:<\/strong>\u00a0Com que els animalons s\u00f3n una mica vergonyosos ens costar\u00e0 molt veure\u2019ls. Per aix\u00f2, haurem de buscar les seves petjades com a senyal que han passat per l\u2019esplai i que anem pel bon cam\u00ed.\u00a0<a href=\"http:\/\/www2.fundesplai.org\/agora\/PDF\/Activitats\/Petits\/ANNEXES\/Petjades.pdf\" target=\"_blank\" rel=\"noreferrer noopener\">Llegir m\u00e9s...<\/a><\/p>\r\n<!-- \/wp:paragraph -->\r\n\r\n<!-- wp:paragraph -->\r\n<p><strong>El barrilet dels desitjos<\/strong>: El barrilet dels desitjos \u00e9s un dels elements m\u00e0gics que utilitzarem per participar activament en l\u2019entorn m\u00e9s proper (barri, esplai i ciutat).<\/p>\r\n<!-- \/wp:paragraph -->","_et_gb_content_width":"","footnotes":""},"class_list":["post-138","page","type-page","status-publish","hentry"],"yoast_head":"<!-- This site is optimized with the Yoast SEO plugin v27.3 - https:\/\/yoast.com\/product\/yoast-seo-wordpress\/ -->\n<title>Eix d&#039;animaci\u00f3 - Agora<\/title>\n<meta name=\"robots\" content=\"index, follow, max-snippet:-1, max-image-preview:large, max-video-preview:-1\" \/>\n<link rel=\"canonical\" href=\"https:\/\/fundesplai.org\/agora\/eix-animacio\/\" \/>\n<meta property=\"og:locale\" content=\"ca_ES\" \/>\n<meta property=\"og:type\" content=\"article\" \/>\n<meta property=\"og:title\" content=\"Eix d&#039;animaci\u00f3 - Agora\" \/>\n<meta property=\"og:description\" content=\"El conte de Terrastranya \u00e9s el recurs que farem servir per presentar la hist\u00f2ria i tots els personatges. De la m\u00e0 de l\u2019Osvald i els animalons anirem executant activitats que ens permetran adquirir els aprenentatges per incentivar l\u2019autonomia i la participaci\u00f3 dels m\u00e9s petits. &nbsp; La hist\u00f2ria dels animalons de Terrastranya No fa gaire temps, [&hellip;]\" \/>\n<meta property=\"og:url\" content=\"https:\/\/fundesplai.org\/agora\/eix-animacio\/\" \/>\n<meta property=\"og:site_name\" content=\"Agora\" \/>\n<meta property=\"article:modified_time\" content=\"2022-09-13T10:02:21+00:00\" \/>\n<meta name=\"twitter:card\" content=\"summary_large_image\" \/>\n<meta name=\"twitter:label1\" content=\"Temps estimat de lectura\" \/>\n\t<meta name=\"twitter:data1\" content=\"2 minuts\" \/>\n<script type=\"application\/ld+json\" class=\"yoast-schema-graph\">{\"@context\":\"https:\\\/\\\/schema.org\",\"@graph\":[{\"@type\":\"WebPage\",\"@id\":\"https:\\\/\\\/fundesplai.org\\\/agora\\\/eix-animacio\\\/\",\"url\":\"https:\\\/\\\/fundesplai.org\\\/agora\\\/eix-animacio\\\/\",\"name\":\"Eix d'animaci\u00f3 - Agora\",\"isPartOf\":{\"@id\":\"https:\\\/\\\/fundesplai.org\\\/agora\\\/#website\"},\"datePublished\":\"2021-08-10T10:03:28+00:00\",\"dateModified\":\"2022-09-13T10:02:21+00:00\",\"breadcrumb\":{\"@id\":\"https:\\\/\\\/fundesplai.org\\\/agora\\\/eix-animacio\\\/#breadcrumb\"},\"inLanguage\":\"ca\",\"potentialAction\":[{\"@type\":\"ReadAction\",\"target\":[\"https:\\\/\\\/fundesplai.org\\\/agora\\\/eix-animacio\\\/\"]}]},{\"@type\":\"BreadcrumbList\",\"@id\":\"https:\\\/\\\/fundesplai.org\\\/agora\\\/eix-animacio\\\/#breadcrumb\",\"itemListElement\":[{\"@type\":\"ListItem\",\"position\":1,\"name\":\"Inici\",\"item\":\"\\\/\"},{\"@type\":\"ListItem\",\"position\":2,\"name\":\"Agora\",\"item\":\"https:\\\/\\\/fundesplai.org\\\/agora\"},{\"@type\":\"ListItem\",\"position\":3,\"name\":\"Eix d&#8217;animaci\u00f3\"}]},{\"@type\":\"WebSite\",\"@id\":\"https:\\\/\\\/fundesplai.org\\\/agora\\\/#website\",\"url\":\"https:\\\/\\\/fundesplai.org\\\/agora\\\/\",\"name\":\"Agora\",\"description\":\"Proposta educativa de Fundesplai\",\"potentialAction\":[{\"@type\":\"SearchAction\",\"target\":{\"@type\":\"EntryPoint\",\"urlTemplate\":\"https:\\\/\\\/fundesplai.org\\\/agora\\\/?s={search_term_string}\"},\"query-input\":{\"@type\":\"PropertyValueSpecification\",\"valueRequired\":true,\"valueName\":\"search_term_string\"}}],\"inLanguage\":\"ca\"}]}<\/script>\n<!-- \/ Yoast SEO plugin. -->","yoast_head_json":{"title":"Eix d'animaci\u00f3 - Agora","robots":{"index":"index","follow":"follow","max-snippet":"max-snippet:-1","max-image-preview":"max-image-preview:large","max-video-preview":"max-video-preview:-1"},"canonical":"https:\/\/fundesplai.org\/agora\/eix-animacio\/","og_locale":"ca_ES","og_type":"article","og_title":"Eix d'animaci\u00f3 - Agora","og_description":"El conte de Terrastranya \u00e9s el recurs que farem servir per presentar la hist\u00f2ria i tots els personatges. De la m\u00e0 de l\u2019Osvald i els animalons anirem executant activitats que ens permetran adquirir els aprenentatges per incentivar l\u2019autonomia i la participaci\u00f3 dels m\u00e9s petits. &nbsp; La hist\u00f2ria dels animalons de Terrastranya No fa gaire temps, [&hellip;]","og_url":"https:\/\/fundesplai.org\/agora\/eix-animacio\/","og_site_name":"Agora","article_modified_time":"2022-09-13T10:02:21+00:00","twitter_card":"summary_large_image","twitter_misc":{"Temps estimat de lectura":"2 minuts"},"schema":{"@context":"https:\/\/schema.org","@graph":[{"@type":"WebPage","@id":"https:\/\/fundesplai.org\/agora\/eix-animacio\/","url":"https:\/\/fundesplai.org\/agora\/eix-animacio\/","name":"Eix d'animaci\u00f3 - Agora","isPartOf":{"@id":"https:\/\/fundesplai.org\/agora\/#website"},"datePublished":"2021-08-10T10:03:28+00:00","dateModified":"2022-09-13T10:02:21+00:00","breadcrumb":{"@id":"https:\/\/fundesplai.org\/agora\/eix-animacio\/#breadcrumb"},"inLanguage":"ca","potentialAction":[{"@type":"ReadAction","target":["https:\/\/fundesplai.org\/agora\/eix-animacio\/"]}]},{"@type":"BreadcrumbList","@id":"https:\/\/fundesplai.org\/agora\/eix-animacio\/#breadcrumb","itemListElement":[{"@type":"ListItem","position":1,"name":"Inici","item":"\/"},{"@type":"ListItem","position":2,"name":"Agora","item":"https:\/\/fundesplai.org\/agora"},{"@type":"ListItem","position":3,"name":"Eix d&#8217;animaci\u00f3"}]},{"@type":"WebSite","@id":"https:\/\/fundesplai.org\/agora\/#website","url":"https:\/\/fundesplai.org\/agora\/","name":"Agora","description":"Proposta educativa de Fundesplai","potentialAction":[{"@type":"SearchAction","target":{"@type":"EntryPoint","urlTemplate":"https:\/\/fundesplai.org\/agora\/?s={search_term_string}"},"query-input":{"@type":"PropertyValueSpecification","valueRequired":true,"valueName":"search_term_string"}}],"inLanguage":"ca"}]}},"_links":{"self":[{"href":"https:\/\/fundesplai.org\/agora\/wp-json\/wp\/v2\/pages\/138","targetHints":{"allow":["GET"]}}],"collection":[{"href":"https:\/\/fundesplai.org\/agora\/wp-json\/wp\/v2\/pages"}],"about":[{"href":"https:\/\/fundesplai.org\/agora\/wp-json\/wp\/v2\/types\/page"}],"author":[{"embeddable":true,"href":"https:\/\/fundesplai.org\/agora\/wp-json\/wp\/v2\/users\/4"}],"replies":[{"embeddable":true,"href":"https:\/\/fundesplai.org\/agora\/wp-json\/wp\/v2\/comments?post=138"}],"version-history":[{"count":9,"href":"https:\/\/fundesplai.org\/agora\/wp-json\/wp\/v2\/pages\/138\/revisions"}],"predecessor-version":[{"id":453,"href":"https:\/\/fundesplai.org\/agora\/wp-json\/wp\/v2\/pages\/138\/revisions\/453"}],"wp:attachment":[{"href":"https:\/\/fundesplai.org\/agora\/wp-json\/wp\/v2\/media?parent=138"}],"curies":[{"name":"wp","href":"https:\/\/api.w.org\/{rel}","templated":true}]}}