{"id":11,"date":"2021-08-10T08:44:07","date_gmt":"2021-08-10T06:44:07","guid":{"rendered":"https:\/\/fundesplai.org\/agora\/?page_id=11"},"modified":"2021-10-18T08:58:26","modified_gmt":"2021-10-18T06:58:26","slug":"dinamiques","status":"publish","type":"page","link":"https:\/\/fundesplai.org\/agora\/dinamiques\/","title":{"rendered":"Din\u00e0miques"},"content":{"rendered":"[et_pb_section fb_built=&#8221;1&#8243; _builder_version=&#8221;3.22&#8243; global_colors_info=&#8221;{}&#8221;][et_pb_row _builder_version=&#8221;3.25&#8243; background_size=&#8221;initial&#8221; background_position=&#8221;top_left&#8221; background_repeat=&#8221;repeat&#8221; global_colors_info=&#8221;{}&#8221;][et_pb_column type=&#8221;4_4&#8243; _builder_version=&#8221;3.25&#8243; custom_padding=&#8221;|||&#8221; global_colors_info=&#8221;{}&#8221; custom_padding__hover=&#8221;|||&#8221;][et_pb_post_title _builder_version=&#8221;4.10.5&#8243; _module_preset=&#8221;default&#8221; meta=&#8221;off&#8221; featured_image=&#8221;off&#8221; hover_enabled=&#8221;0&#8243; sticky_enabled=&#8221;0&#8243;][\/et_pb_post_title][et_pb_text _builder_version=&#8221;3.27.4&#8243; background_size=&#8221;initial&#8221; background_position=&#8221;top_left&#8221; background_repeat=&#8221;repeat&#8221; global_colors_info=&#8221;{}&#8221;]\r\n<h1 class=\"wp-block-heading\">Din\u00e0miques<\/h1>\r\n\r\n\r\n\r\n<p>Aqu\u00ed podeu trobar diverses din\u00e0miques que us ajudaran a fomentar la participaci\u00f3 dels infants i joves en l\u2019organitzaci\u00f3 i desenvolupaments de les activitats:<\/p>\r\n\r\n\r\n\r\n<ul class=\"wp-block-list\">\r\n<li>De presentaci\u00f3 i coneixen\u00e7a:\r\n<ul>\r\n<li><a href=\"http:\/\/www2.fundesplai.org\/agora\/PDF\/dinamiques\/De-presentacio\/Dinamiques_la_teranyina.pdf\" target=\"_blank\" rel=\"noreferrer noopener\">La teranyina<\/a><\/li>\r\n<li><a href=\"http:\/\/www2.fundesplai.org\/agora\/PDF\/dinamiques\/De-presentacio\/Dinamiques_representacio_en_un_paper.pdf\" target=\"_blank\" rel=\"noreferrer noopener\">Representaci\u00f3 en un paper<\/a>\u00a0\/\u00a0<a href=\"http:\/\/www2.fundesplai.org\/agora\/PDF\/dinamiques\/De-presentacio\/Dinamiques_Dibuixar_a_l_altre.pdf\" target=\"_blank\" rel=\"noreferrer noopener\">Dibuixar a l\u2019altre<\/a><\/li>\r\n<li><a href=\"http:\/\/www2.fundesplai.org\/agora\/PDF\/dinamiques\/De-presentacio\/Dinamiques_petites_converses.pdf\" target=\"_blank\" rel=\"noreferrer noopener\">Petites converses<\/a><\/li>\r\n<\/ul>\r\n<\/li>\r\n<li>De confian\u00e7a i cohesi\u00f3 de grup\r\n<ul>\r\n<li><a href=\"http:\/\/www2.fundesplai.org\/agora\/PDF\/dinamiques\/De-confianca-i-cohesio\/Dinamiques_Fly_and_flow.pdf\" target=\"_blank\" rel=\"noreferrer noopener\">Fly and flow<\/a><\/li>\r\n<li><a href=\"http:\/\/www2.fundesplai.org\/agora\/PDF\/dinamiques\/De-confianca-i-cohesio\/Dinamiques_A_cegues.pdf\" target=\"_blank\" rel=\"noreferrer noopener\">A cegues<\/a><\/li>\r\n<li><a href=\"http:\/\/www2.fundesplai.org\/agora\/PDF\/dinamiques\/De-confianca-i-cohesio\/Dinamiques_Puja_i_baixa.pdf\" target=\"_blank\" rel=\"noreferrer noopener\">Pujar i baixar en grup<\/a><\/li>\r\n<li><a href=\"http:\/\/www2.fundesplai.org\/agora\/PDF\/dinamiques\/De-confianca-i-cohesio\/Dinamiques_El_mur.pdf\" target=\"_blank\" rel=\"noreferrer noopener\">El mur<\/a><\/li>\r\n<\/ul>\r\n<\/li>\r\n<li>De cooperaci\u00f3\r\n<ul>\r\n<li><a href=\"http:\/\/www2.fundesplai.org\/agora\/PDF\/dinamiques\/De-cooperacio\/Dinamiques_el_valor_del_treball_en_equip.pdf\" target=\"_blank\" rel=\"noreferrer noopener\">Reflexionem sobre el treball en equip<\/a><\/li>\r\n<li><a href=\"http:\/\/www2.fundesplai.org\/agora\/PDF\/dinamiques\/De-cooperacio\/Dinamiques_Banc_de_peixos.pdf\" target=\"_blank\" rel=\"noreferrer noopener\">Banc de peixos<\/a><\/li>\r\n<\/ul>\r\n<\/li>\r\n<li>De formaci\u00f3 de grups\r\n<ul>\r\n<li><a href=\"http:\/\/www2.fundesplai.org\/agora\/PDF\/dinamiques\/De-formacio-de-grups\/Dinamiques_animals_sorollosos.pdf\" target=\"_blank\" rel=\"noreferrer noopener\">Sons d\u2019animals<\/a><\/li>\r\n<li><a href=\"http:\/\/www2.fundesplai.org\/agora\/PDF\/dinamiques\/De-formacio-de-grups\/Dinamiques_gomets_muts.pdf\" target=\"_blank\" rel=\"noreferrer noopener\">Gomets muts<\/a><\/li>\r\n<li><a href=\"http:\/\/www2.fundesplai.org\/agora\/PDF\/dinamiques\/De-formacio-de-grups\/Dinamiques_sardines.pdf\" target=\"_blank\" rel=\"noreferrer noopener\">Les sardines<\/a><\/li>\r\n<\/ul>\r\n<\/li>\r\n<li>De presa de decisions en grup\r\n<ul>\r\n<li><a href=\"http:\/\/www2.fundesplai.org\/agora\/PDF\/dinamiques\/De-presa-de-decisions\/Dinamiques_Chuchicheo_.pdf\" target=\"_blank\" rel=\"noreferrer noopener\">\u201cCuchicheo\u201d<\/a><\/li>\r\n<li><a href=\"http:\/\/www2.fundesplai.org\/agora\/PDF\/dinamiques\/De-presa-de-decisions\/Dinamiques_Pluja_d_idees.pdf\" target=\"_blank\" rel=\"noreferrer noopener\">Pluja d\u2019idees<\/a><\/li>\r\n<li><a href=\"http:\/\/www2.fundesplai.org\/agora\/PDF\/dinamiques\/De-presa-de-decisions\/Dinamiques_Votar_una_proposta.pdf\" target=\"_blank\" rel=\"noreferrer noopener\">Votar una proposta<\/a><\/li>\r\n<li><a href=\"http:\/\/www2.fundesplai.org\/agora\/PDF\/dinamiques\/De-presa-de-decisions\/Dinamiques_buscar_el_consens.pdf\" target=\"_blank\" rel=\"noreferrer noopener\">Buscar el consens<\/a><\/li>\r\n<\/ul>\r\n<\/li>\r\n<li>De debat\r\n<ul>\r\n<li><a href=\"http:\/\/www2.fundesplai.org\/agora\/PDF\/dinamiques\/De-debat\/Dinamiques_Barometre.pdf\" target=\"_blank\" rel=\"noreferrer noopener\">Bar\u00f2metre<\/a><\/li>\r\n<li><a href=\"http:\/\/www2.fundesplai.org\/agora\/PDF\/dinamiques\/De-debat\/Dinamiques_Debat_amb_obstacles.pdf\" target=\"_blank\" rel=\"noreferrer noopener\">Debat amb obstacles<\/a><\/li>\r\n<li><a href=\"http:\/\/www2.fundesplai.org\/agora\/PDF\/dinamiques\/De-debat\/Dinamiques_Sis_capells_per_pensar.pdf\" target=\"_blank\" rel=\"noreferrer noopener\">Sis capells per pensar<\/a><\/li>\r\n<\/ul>\r\n<\/li>\r\n<li>De dispersi\u00f3\r\n<ul>\r\n<li><a href=\"http:\/\/www2.fundesplai.org\/agora\/PDF\/dinamiques\/De-dispersio\/Dinamiques_qu_fan_els_animals.pdf\" target=\"_blank\" rel=\"noreferrer noopener\">Qu\u00e8 fan els animals?<\/a><\/li>\r\n<li><a href=\"http:\/\/www2.fundesplai.org\/agora\/PDF\/dinamiques\/De-dispersio\/Dinamiques_velocitats_i_parades.pdf\" target=\"_blank\" rel=\"noreferrer noopener\">Velocitats i parades<\/a><\/li>\r\n<\/ul>\r\n<\/li>\r\n<li>De valoraci\u00f3\r\n<ul>\r\n<li><a href=\"http:\/\/www2.fundesplai.org\/agora\/PDF\/dinamiques\/De-valoracio\/Dinamiques_ninot_de_valoraci_.pdf\" target=\"_blank\" rel=\"noreferrer noopener\">El ninot<\/a><\/li>\r\n<li><a href=\"http:\/\/www2.fundesplai.org\/agora\/PDF\/dinamiques\/De-valoracio\/Dinamiques_dir_una_paraula.pdf\" target=\"_blank\" rel=\"noreferrer noopener\">Dir una paraula<\/a><\/li>\r\n<li><a href=\"http:\/\/www2.fundesplai.org\/agora\/PDF\/dinamiques\/De-valoracio\/Dinamiques_reduir_reciclar_i_reutilitzar.pdf\" target=\"_blank\" rel=\"noreferrer noopener\">Reduir, Reciclar, Reutilitzar<\/a>\u00a0\u00a0<\/li>\r\n<\/ul>\r\n<\/li>\r\n<\/ul>\r\n\r[\/et_pb_text][\/et_pb_column][\/et_pb_row][\/et_pb_section]","protected":false},"excerpt":{"rendered":"<p>Din\u00e0miques Aqu\u00ed podeu trobar diverses din\u00e0miques que us ajudaran a fomentar la participaci\u00f3 dels infants i joves en l\u2019organitzaci\u00f3 i desenvolupaments de les activitats: De presentaci\u00f3 i coneixen\u00e7a: La teranyina Representaci\u00f3 en un paper\u00a0\/\u00a0Dibuixar a l\u2019altre Petites converses De confian\u00e7a i cohesi\u00f3 de grup Fly and flow A cegues Pujar i baixar en grup El [&hellip;]<\/p>\n","protected":false},"author":4,"featured_media":0,"parent":0,"menu_order":0,"comment_status":"closed","ping_status":"closed","template":"","meta":{"_et_pb_use_builder":"on","_et_pb_old_content":"<!-- wp:heading {\"level\":1} -->\r\n<h1>Din\u00e0miques<\/h1>\r\n<!-- \/wp:heading --><!-- wp:paragraph -->\r\n<p>Aqu\u00ed podeu trobar diverses din\u00e0miques que us ajudaran a fomentar la participaci\u00f3 dels infants i joves en l\u2019organitzaci\u00f3 i desenvolupaments de les activitats:<\/p>\r\n<!-- \/wp:paragraph --><!-- wp:list -->\r\n<ul>\r\n<li>De presentaci\u00f3 i coneixen\u00e7a:\r\n<ul>\r\n<li><a href=\"http:\/\/www2.fundesplai.org\/agora\/PDF\/dinamiques\/De-presentacio\/Dinamiques_la_teranyina.pdf\" target=\"_blank\" rel=\"noreferrer noopener\">La teranyina<\/a><\/li>\r\n<li><a href=\"http:\/\/www2.fundesplai.org\/agora\/PDF\/dinamiques\/De-presentacio\/Dinamiques_representacio_en_un_paper.pdf\" target=\"_blank\" rel=\"noreferrer noopener\">Representaci\u00f3 en un paper<\/a>\u00a0\/\u00a0<a href=\"http:\/\/www2.fundesplai.org\/agora\/PDF\/dinamiques\/De-presentacio\/Dinamiques_Dibuixar_a_l_altre.pdf\" target=\"_blank\" rel=\"noreferrer noopener\">Dibuixar a l\u2019altre<\/a><\/li>\r\n<li><a href=\"http:\/\/www2.fundesplai.org\/agora\/PDF\/dinamiques\/De-presentacio\/Dinamiques_petites_converses.pdf\" target=\"_blank\" rel=\"noreferrer noopener\">Petites converses<\/a><\/li>\r\n<\/ul>\r\n<\/li>\r\n<li>De confian\u00e7a i cohesi\u00f3 de grup\r\n<ul>\r\n<li><a href=\"http:\/\/www2.fundesplai.org\/agora\/PDF\/dinamiques\/De-confianca-i-cohesio\/Dinamiques_Fly_and_flow.pdf\" target=\"_blank\" rel=\"noreferrer noopener\">Fly and flow<\/a><\/li>\r\n<li><a href=\"http:\/\/www2.fundesplai.org\/agora\/PDF\/dinamiques\/De-confianca-i-cohesio\/Dinamiques_A_cegues.pdf\" target=\"_blank\" rel=\"noreferrer noopener\">A cegues<\/a><\/li>\r\n<li><a href=\"http:\/\/www2.fundesplai.org\/agora\/PDF\/dinamiques\/De-confianca-i-cohesio\/Dinamiques_Puja_i_baixa.pdf\" target=\"_blank\" rel=\"noreferrer noopener\">Pujar i baixar en grup<\/a><\/li>\r\n<li><a href=\"http:\/\/www2.fundesplai.org\/agora\/PDF\/dinamiques\/De-confianca-i-cohesio\/Dinamiques_El_mur.pdf\" target=\"_blank\" rel=\"noreferrer noopener\">El mur<\/a><\/li>\r\n<\/ul>\r\n<\/li>\r\n<li>De cooperaci\u00f3\r\n<ul>\r\n<li><a href=\"http:\/\/www2.fundesplai.org\/agora\/PDF\/dinamiques\/De-cooperacio\/Dinamiques_el_valor_del_treball_en_equip.pdf\" target=\"_blank\" rel=\"noreferrer noopener\">Reflexionem sobre el treball en equip<\/a><\/li>\r\n<li><a href=\"http:\/\/www2.fundesplai.org\/agora\/PDF\/dinamiques\/De-cooperacio\/Dinamiques_Banc_de_peixos.pdf\" target=\"_blank\" rel=\"noreferrer noopener\">Banc de peixos<\/a><\/li>\r\n<\/ul>\r\n<\/li>\r\n<li>De formaci\u00f3 de grups\r\n<ul>\r\n<li><a href=\"http:\/\/www2.fundesplai.org\/agora\/PDF\/dinamiques\/De-formacio-de-grups\/Dinamiques_animals_sorollosos.pdf\" target=\"_blank\" rel=\"noreferrer noopener\">Sons d\u2019animals<\/a><\/li>\r\n<li><a href=\"http:\/\/www2.fundesplai.org\/agora\/PDF\/dinamiques\/De-formacio-de-grups\/Dinamiques_gomets_muts.pdf\" target=\"_blank\" rel=\"noreferrer noopener\">Gomets muts<\/a><\/li>\r\n<li><a href=\"http:\/\/www2.fundesplai.org\/agora\/PDF\/dinamiques\/De-formacio-de-grups\/Dinamiques_sardines.pdf\" target=\"_blank\" rel=\"noreferrer noopener\">Les sardines<\/a><\/li>\r\n<\/ul>\r\n<\/li>\r\n<li>De presa de decisions en grup\r\n<ul>\r\n<li><a href=\"http:\/\/www2.fundesplai.org\/agora\/PDF\/dinamiques\/De-presa-de-decisions\/Dinamiques_Chuchicheo_.pdf\" target=\"_blank\" rel=\"noreferrer noopener\">\u201cCuchicheo\u201d<\/a><\/li>\r\n<li><a href=\"http:\/\/www2.fundesplai.org\/agora\/PDF\/dinamiques\/De-presa-de-decisions\/Dinamiques_Pluja_d_idees.pdf\" target=\"_blank\" rel=\"noreferrer noopener\">Pluja d\u2019idees<\/a><\/li>\r\n<li><a href=\"http:\/\/www2.fundesplai.org\/agora\/PDF\/dinamiques\/De-presa-de-decisions\/Dinamiques_Votar_una_proposta.pdf\" target=\"_blank\" rel=\"noreferrer noopener\">Votar una proposta<\/a><\/li>\r\n<li><a href=\"http:\/\/www2.fundesplai.org\/agora\/PDF\/dinamiques\/De-presa-de-decisions\/Dinamiques_buscar_el_consens.pdf\" target=\"_blank\" rel=\"noreferrer noopener\">Buscar el consens<\/a><\/li>\r\n<\/ul>\r\n<\/li>\r\n<li>De debat\r\n<ul>\r\n<li><a href=\"http:\/\/www2.fundesplai.org\/agora\/PDF\/dinamiques\/De-debat\/Dinamiques_Barometre.pdf\" target=\"_blank\" rel=\"noreferrer noopener\">Bar\u00f2metre<\/a><\/li>\r\n<li><a href=\"http:\/\/www2.fundesplai.org\/agora\/PDF\/dinamiques\/De-debat\/Dinamiques_Debat_amb_obstacles.pdf\" target=\"_blank\" rel=\"noreferrer noopener\">Debat amb obstacles<\/a><\/li>\r\n<li><a href=\"http:\/\/www2.fundesplai.org\/agora\/PDF\/dinamiques\/De-debat\/Dinamiques_Sis_capells_per_pensar.pdf\" target=\"_blank\" rel=\"noreferrer noopener\">Sis capells per pensar<\/a><\/li>\r\n<\/ul>\r\n<\/li>\r\n<li>De dispersi\u00f3\r\n<ul>\r\n<li><a href=\"http:\/\/www2.fundesplai.org\/agora\/PDF\/dinamiques\/De-dispersio\/Dinamiques_qu_fan_els_animals.pdf\" target=\"_blank\" rel=\"noreferrer noopener\">Qu\u00e8 fan els animals?<\/a><\/li>\r\n<li><a href=\"http:\/\/www2.fundesplai.org\/agora\/PDF\/dinamiques\/De-dispersio\/Dinamiques_velocitats_i_parades.pdf\" target=\"_blank\" rel=\"noreferrer noopener\">Velocitats i parades<\/a><\/li>\r\n<\/ul>\r\n<\/li>\r\n<li>De valoraci\u00f3\r\n<ul>\r\n<li><a href=\"http:\/\/www2.fundesplai.org\/agora\/PDF\/dinamiques\/De-valoracio\/Dinamiques_ninot_de_valoraci_.pdf\" target=\"_blank\" rel=\"noreferrer noopener\">El ninot<\/a><\/li>\r\n<li><a href=\"http:\/\/www2.fundesplai.org\/agora\/PDF\/dinamiques\/De-valoracio\/Dinamiques_dir_una_paraula.pdf\" target=\"_blank\" rel=\"noreferrer noopener\">Dir una paraula<\/a><\/li>\r\n<li><a href=\"http:\/\/www2.fundesplai.org\/agora\/PDF\/dinamiques\/De-valoracio\/Dinamiques_reduir_reciclar_i_reutilitzar.pdf\" target=\"_blank\" rel=\"noreferrer noopener\">Reduir, Reciclar, Reutilitzar<\/a>\u00a0\u00a0<\/li>\r\n<\/ul>\r\n<\/li>\r\n<\/ul>\r\n<!-- \/wp:list -->","_et_gb_content_width":"1200","footnotes":""},"class_list":["post-11","page","type-page","status-publish","hentry"],"yoast_head":"<!-- This site is optimized with the Yoast SEO plugin v27.5 - https:\/\/yoast.com\/product\/yoast-seo-wordpress\/ -->\n<title>Din\u00e0miques - Agora<\/title>\n<meta name=\"robots\" content=\"index, follow, max-snippet:-1, max-image-preview:large, max-video-preview:-1\" \/>\n<link rel=\"canonical\" href=\"https:\/\/fundesplai.org\/agora\/dinamiques\/\" \/>\n<meta property=\"og:locale\" content=\"ca_ES\" \/>\n<meta property=\"og:type\" content=\"article\" \/>\n<meta property=\"og:title\" content=\"Din\u00e0miques - Agora\" \/>\n<meta property=\"og:description\" content=\"Din\u00e0miques Aqu\u00ed podeu trobar diverses din\u00e0miques que us ajudaran a fomentar la participaci\u00f3 dels infants i joves en l\u2019organitzaci\u00f3 i desenvolupaments de les activitats: De presentaci\u00f3 i coneixen\u00e7a: La teranyina Representaci\u00f3 en un paper\u00a0\/\u00a0Dibuixar a l\u2019altre Petites converses De confian\u00e7a i cohesi\u00f3 de grup Fly and flow A cegues Pujar i baixar en grup El [&hellip;]\" \/>\n<meta property=\"og:url\" content=\"https:\/\/fundesplai.org\/agora\/dinamiques\/\" \/>\n<meta property=\"og:site_name\" content=\"Agora\" \/>\n<meta property=\"article:modified_time\" content=\"2021-10-18T06:58:26+00:00\" \/>\n<meta name=\"twitter:card\" content=\"summary_large_image\" \/>\n<meta name=\"twitter:label1\" content=\"Temps estimat de lectura\" \/>\n\t<meta name=\"twitter:data1\" content=\"1 minut\" \/>\n<script type=\"application\/ld+json\" class=\"yoast-schema-graph\">{\"@context\":\"https:\\\/\\\/schema.org\",\"@graph\":[{\"@type\":\"WebPage\",\"@id\":\"https:\\\/\\\/fundesplai.org\\\/agora\\\/dinamiques\\\/\",\"url\":\"https:\\\/\\\/fundesplai.org\\\/agora\\\/dinamiques\\\/\",\"name\":\"Din\u00e0miques - Agora\",\"isPartOf\":{\"@id\":\"https:\\\/\\\/fundesplai.org\\\/agora\\\/#website\"},\"datePublished\":\"2021-08-10T06:44:07+00:00\",\"dateModified\":\"2021-10-18T06:58:26+00:00\",\"breadcrumb\":{\"@id\":\"https:\\\/\\\/fundesplai.org\\\/agora\\\/dinamiques\\\/#breadcrumb\"},\"inLanguage\":\"ca\",\"potentialAction\":[{\"@type\":\"ReadAction\",\"target\":[\"https:\\\/\\\/fundesplai.org\\\/agora\\\/dinamiques\\\/\"]}]},{\"@type\":\"BreadcrumbList\",\"@id\":\"https:\\\/\\\/fundesplai.org\\\/agora\\\/dinamiques\\\/#breadcrumb\",\"itemListElement\":[{\"@type\":\"ListItem\",\"position\":1,\"name\":\"Inici\",\"item\":\"\\\/\"},{\"@type\":\"ListItem\",\"position\":2,\"name\":\"Agora\",\"item\":\"https:\\\/\\\/fundesplai.org\\\/agora\"},{\"@type\":\"ListItem\",\"position\":3,\"name\":\"Din\u00e0miques\"}]},{\"@type\":\"WebSite\",\"@id\":\"https:\\\/\\\/fundesplai.org\\\/agora\\\/#website\",\"url\":\"https:\\\/\\\/fundesplai.org\\\/agora\\\/\",\"name\":\"Agora\",\"description\":\"Proposta educativa de Fundesplai\",\"potentialAction\":[{\"@type\":\"SearchAction\",\"target\":{\"@type\":\"EntryPoint\",\"urlTemplate\":\"https:\\\/\\\/fundesplai.org\\\/agora\\\/?s={search_term_string}\"},\"query-input\":{\"@type\":\"PropertyValueSpecification\",\"valueRequired\":true,\"valueName\":\"search_term_string\"}}],\"inLanguage\":\"ca\"}]}<\/script>\n<!-- \/ Yoast SEO plugin. -->","yoast_head_json":{"title":"Din\u00e0miques - Agora","robots":{"index":"index","follow":"follow","max-snippet":"max-snippet:-1","max-image-preview":"max-image-preview:large","max-video-preview":"max-video-preview:-1"},"canonical":"https:\/\/fundesplai.org\/agora\/dinamiques\/","og_locale":"ca_ES","og_type":"article","og_title":"Din\u00e0miques - Agora","og_description":"Din\u00e0miques Aqu\u00ed podeu trobar diverses din\u00e0miques que us ajudaran a fomentar la participaci\u00f3 dels infants i joves en l\u2019organitzaci\u00f3 i desenvolupaments de les activitats: De presentaci\u00f3 i coneixen\u00e7a: La teranyina Representaci\u00f3 en un paper\u00a0\/\u00a0Dibuixar a l\u2019altre Petites converses De confian\u00e7a i cohesi\u00f3 de grup Fly and flow A cegues Pujar i baixar en grup El [&hellip;]","og_url":"https:\/\/fundesplai.org\/agora\/dinamiques\/","og_site_name":"Agora","article_modified_time":"2021-10-18T06:58:26+00:00","twitter_card":"summary_large_image","twitter_misc":{"Temps estimat de lectura":"1 minut"},"schema":{"@context":"https:\/\/schema.org","@graph":[{"@type":"WebPage","@id":"https:\/\/fundesplai.org\/agora\/dinamiques\/","url":"https:\/\/fundesplai.org\/agora\/dinamiques\/","name":"Din\u00e0miques - Agora","isPartOf":{"@id":"https:\/\/fundesplai.org\/agora\/#website"},"datePublished":"2021-08-10T06:44:07+00:00","dateModified":"2021-10-18T06:58:26+00:00","breadcrumb":{"@id":"https:\/\/fundesplai.org\/agora\/dinamiques\/#breadcrumb"},"inLanguage":"ca","potentialAction":[{"@type":"ReadAction","target":["https:\/\/fundesplai.org\/agora\/dinamiques\/"]}]},{"@type":"BreadcrumbList","@id":"https:\/\/fundesplai.org\/agora\/dinamiques\/#breadcrumb","itemListElement":[{"@type":"ListItem","position":1,"name":"Inici","item":"\/"},{"@type":"ListItem","position":2,"name":"Agora","item":"https:\/\/fundesplai.org\/agora"},{"@type":"ListItem","position":3,"name":"Din\u00e0miques"}]},{"@type":"WebSite","@id":"https:\/\/fundesplai.org\/agora\/#website","url":"https:\/\/fundesplai.org\/agora\/","name":"Agora","description":"Proposta educativa de Fundesplai","potentialAction":[{"@type":"SearchAction","target":{"@type":"EntryPoint","urlTemplate":"https:\/\/fundesplai.org\/agora\/?s={search_term_string}"},"query-input":{"@type":"PropertyValueSpecification","valueRequired":true,"valueName":"search_term_string"}}],"inLanguage":"ca"}]}},"_links":{"self":[{"href":"https:\/\/fundesplai.org\/agora\/wp-json\/wp\/v2\/pages\/11","targetHints":{"allow":["GET"]}}],"collection":[{"href":"https:\/\/fundesplai.org\/agora\/wp-json\/wp\/v2\/pages"}],"about":[{"href":"https:\/\/fundesplai.org\/agora\/wp-json\/wp\/v2\/types\/page"}],"author":[{"embeddable":true,"href":"https:\/\/fundesplai.org\/agora\/wp-json\/wp\/v2\/users\/4"}],"replies":[{"embeddable":true,"href":"https:\/\/fundesplai.org\/agora\/wp-json\/wp\/v2\/comments?post=11"}],"version-history":[{"count":3,"href":"https:\/\/fundesplai.org\/agora\/wp-json\/wp\/v2\/pages\/11\/revisions"}],"predecessor-version":[{"id":287,"href":"https:\/\/fundesplai.org\/agora\/wp-json\/wp\/v2\/pages\/11\/revisions\/287"}],"wp:attachment":[{"href":"https:\/\/fundesplai.org\/agora\/wp-json\/wp\/v2\/media?parent=11"}],"curies":[{"name":"wp","href":"https:\/\/api.w.org\/{rel}","templated":true}]}}